{"id":2354,"date":"2026-04-22T06:34:59","date_gmt":"2026-04-22T06:34:59","guid":{"rendered":"https:\/\/www.zmsh-semitech.com\/?post_type=product&#038;p=2354"},"modified":"2026-04-22T07:16:34","modified_gmt":"2026-04-22T07:16:34","slug":"ai300-medium-beam-high-temperature-ion-implantation-system-for-12-inch-wafer-processing","status":"publish","type":"product","link":"https:\/\/www.zmsh-semitech.com\/vi\/product\/ai300-medium-beam-high-temperature-ion-implantation-system-for-12-inch-wafer-processing\/","title":{"rendered":"H\u1ec7 th\u1ed1ng c\u1ea5y ion nhi\u1ec7t \u0111\u1ed9 cao Ai300 (ch\u00f9m tia trung b\u00ecnh) d\u00e0nh cho x\u1eed l\u00fd t\u1ea5m wafer 12 inch"},"content":{"rendered":"<p data-start=\"228\" data-end=\"538\"><img fetchpriority=\"high\" decoding=\"async\" class=\"alignright wp-image-2357 size-medium\" src=\"https:\/\/www.zmsh-semitech.com\/wp-content\/uploads\/2026\/04\/AI300-300x300.png\" alt=\"H\u1ec7 th\u1ed1ng c\u1ea5y ion nhi\u1ec7t \u0111\u1ed9 cao Ai300 (ch\u00f9m tia trung b\u00ecnh) d\u00e0nh cho x\u1eed l\u00fd t\u1ea5m wafer 12 inch\" width=\"300\" height=\"300\" srcset=\"https:\/\/www.zmsh-semitech.com\/wp-content\/uploads\/2026\/04\/AI300-300x300.png 300w, https:\/\/www.zmsh-semitech.com\/wp-content\/uploads\/2026\/04\/AI300-150x150.png 150w, https:\/\/www.zmsh-semitech.com\/wp-content\/uploads\/2026\/04\/AI300-768x768.png 768w, https:\/\/www.zmsh-semitech.com\/wp-content\/uploads\/2026\/04\/AI300-12x12.png 12w, https:\/\/www.zmsh-semitech.com\/wp-content\/uploads\/2026\/04\/AI300-600x600.png 600w, https:\/\/www.zmsh-semitech.com\/wp-content\/uploads\/2026\/04\/AI300-100x100.png 100w, https:\/\/www.zmsh-semitech.com\/wp-content\/uploads\/2026\/04\/AI300.png 1000w\" sizes=\"(max-width: 300px) 100vw, 300px\" \/>H\u1ec7 th\u1ed1ng c\u1ea5y ion nhi\u1ec7t \u0111\u1ed9 cao Ai300 (ch\u00f9m tia trung b\u00ecnh) \u0111\u01b0\u1ee3c thi\u1ebft k\u1ebf d\u00e0nh cho c\u00e1c d\u00e2y chuy\u1ec1n s\u1ea3n xu\u1ea5t b\u00e1n d\u1eabn s\u1eed d\u1ee5ng t\u1ea5m silicon 12 inch. \u0110\u00e2y l\u00e0 thi\u1ebft b\u1ecb c\u1ea5y ion d\u00f2ng \u0111i\u1ec7n trung b\u00ecnh \u0111\u01b0\u1ee3c ph\u00e1t tri\u1ec3n \u0111\u1ec3 ph\u1ee5c v\u1ee5 c\u00e1c quy tr\u00ecnh pha t\u1ea1p ti\u00ean ti\u1ebfn trong c\u00e1c \u1ee9ng d\u1ee5ng b\u00e1n d\u1eabn d\u1ef1a tr\u00ean silicon v\u00e0 b\u00e1n d\u1eabn khe n\u0103ng l\u01b0\u1ee3ng r\u1ed9ng, bao g\u1ed3m c\u1ea3 c\u00e1c d\u00e2y chuy\u1ec1n s\u1ea3n xu\u1ea5t SiC.<\/p>\n<p data-start=\"540\" data-end=\"872\">H\u1ec7 th\u1ed1ng h\u1ed7 tr\u1ee3 d\u1ea3i n\u0103ng l\u01b0\u1ee3ng t\u1eeb 5 keV \u0111\u1ebfn 300 keV, cho ph\u00e9p th\u1ef1c hi\u1ec7n qu\u00e1 tr\u00ecnh c\u1ea5y ion linh ho\u1ea1t, t\u1eeb vi\u1ec7c t\u1ea1o l\u1edbp ti\u1ebfp gi\u00e1p n\u00f4ng \u0111\u1ebfn c\u00e1c \u1ee9ng d\u1ee5ng pha t\u1ea1p s\u00e2u. H\u1ec7 th\u1ed1ng \u0111\u01b0\u1ee3c trang b\u1ecb b\u00e0n \u0111\u1ebf wafer c\u00f3 h\u1ec7 th\u1ed1ng s\u01b0\u1edfi nhi\u1ec7t \u0111\u1ed9 cao v\u1edbi nhi\u1ec7t \u0111\u1ed9 t\u1ed1i \u0111a l\u00ean \u0111\u1ebfn 400\u00b0C, gi\u00fap t\u0103ng c\u01b0\u1eddng qu\u00e1 tr\u00ecnh k\u00edch ho\u1ea1t ch\u1ea5t pha t\u1ea1p v\u00e0 gi\u1ea3m thi\u1ec3u t\u1ed5n th\u01b0\u01a1ng m\u1ea1ng tinh th\u1ec3 trong qu\u00e1 tr\u00ecnh c\u1ea5y ion.<\/p>\n<p data-start=\"874\" data-end=\"1076\">V\u1edbi hi\u1ec7u su\u1ea5t ch\u00f9m tia \u1ed5n \u0111\u1ecbnh, kh\u1ea3 n\u0103ng \u0111i\u1ec1u khi\u1ec3n ch\u00ednh x\u00e1c cao v\u00e0 kh\u1ea3 n\u0103ng t\u01b0\u01a1ng th\u00edch v\u1edbi c\u00e1c quy tr\u00ecnh s\u1ea3n xu\u1ea5t m\u1ea1ch t\u00edch h\u1ee3p quy m\u00f4 l\u1edbn, h\u1ec7 th\u1ed1ng Ai300 ph\u00f9 h\u1ee3p v\u1edbi c\u00e1c m\u00f4i tr\u01b0\u1eddng s\u1ea3n xu\u1ea5t b\u00e1n d\u1eabn ti\u00ean ti\u1ebfn.<\/p>\n<hr data-start=\"1078\" data-end=\"1081\" \/>\n<h2 data-section-id=\"1d7mrtu\" data-start=\"1083\" data-end=\"1094\">T\u00ednh n\u0103ng<\/h2>\n<h3 data-section-id=\"1oge1av\" data-start=\"1096\" data-end=\"1135\">Kh\u1ea3 n\u0103ng c\u1ea5y gh\u00e9p \u1edf nhi\u1ec7t \u0111\u1ed9 cao<\/h3>\n<p data-start=\"1136\" data-end=\"1272\">\u0110\u01b0\u1ee3c trang b\u1ecb b\u00e0n \u0111\u1ebf wafer c\u00f3 h\u1ec7 th\u1ed1ng s\u01b0\u1edfi \u1ea5m, h\u1ed7 tr\u1ee3 nhi\u1ec7t \u0111\u1ed9 l\u00ean \u0111\u1ebfn 400\u00b0C, gi\u00fap n\u00e2ng cao ch\u1ea5t l\u01b0\u1ee3ng qu\u00e1 tr\u00ecnh c\u1ea5y ion v\u00e0 hi\u1ec7u qu\u1ea3 k\u00edch ho\u1ea1t ch\u1ea5t pha t\u1ea1p.<\/p>\n<h3 data-section-id=\"ox5pwk\" data-start=\"1274\" data-end=\"1295\">D\u1ea3i c\u00f4ng su\u1ea5t r\u1ed9ng<\/h3>\n<p data-start=\"1296\" data-end=\"1407\">D\u1ea3i n\u0103ng l\u01b0\u1ee3ng t\u1eeb 5\u2013300 keV h\u1ed7 tr\u1ee3 c\u1ea3 c\u00e1c quy tr\u00ecnh c\u1ea5y gh\u00e9p n\u00f4ng v\u00e0 s\u00e2u cho c\u00e1c c\u1ea5u tr\u00fac thi\u1ebft b\u1ecb ti\u00ean ti\u1ebfn.<\/p>\n<h3 data-section-id=\"1czdwpe\" data-start=\"1409\" data-end=\"1440\">Ki\u1ec3m so\u00e1t ch\u00f9m tia v\u1edbi \u0111\u1ed9 ch\u00ednh x\u00e1c cao<\/h3>\n<p data-start=\"1441\" data-end=\"1574\">\u0110\u1ea3m b\u1ea3o \u0111\u1ed9 ch\u00ednh x\u00e1c cao trong qu\u00e1 tr\u00ecnh c\u1ea5y gh\u00e9p v\u1edbi \u0111\u1ed9 ch\u00ednh x\u00e1c g\u00f3c \u2264 0,1\u00b0, \u0111\u1ed9 song song c\u1ee7a ch\u00f9m tia \u2264 0,1\u00b0, \u0111\u1ed9 \u0111\u1ed3ng \u0111\u1ec1u \u2264 0,5% v\u00e0 \u0111\u1ed9 l\u1eb7p l\u1ea1i \u2264 0,5%.<\/p>\n<h3 data-section-id=\"1q1uyu2\" data-start=\"1576\" data-end=\"1607\">Hi\u1ec7u su\u1ea5t x\u1eed l\u00fd kh\u1ed1i l\u01b0\u1ee3ng l\u1edbn<\/h3>\n<p data-start=\"1608\" data-end=\"1710\">H\u1ed7 tr\u1ee3 c\u00f4ng su\u1ea5t x\u1eed l\u00fd l\u00ean \u0111\u1ebfn \u2265 500 t\u1ea5m wafer m\u1ed7i gi\u1edd, ph\u00f9 h\u1ee3p cho s\u1ea3n xu\u1ea5t b\u00e1n d\u1eabn quy m\u00f4 l\u1edbn.<\/p>\n<h3 data-section-id=\"1h8myql\" data-start=\"1712\" data-end=\"1746\">Kh\u1ea3 n\u0103ng ngu\u1ed3n ion ti\u00ean ti\u1ebfn<\/h3>\n<p data-start=\"1747\" data-end=\"1869\">H\u1ed7 tr\u1ee3 nhi\u1ec1u nguy\u00ean t\u1ed1 \u0111\u01b0\u1ee3c c\u1ea5y gh\u00e9p, bao g\u1ed3m C, B, P, N, He v\u00e0 Ar, \u0111\u00e1p \u1ee9ng c\u00e1c y\u00eau c\u1ea7u \u0111a d\u1ea1ng c\u1ee7a quy tr\u00ecnh s\u1ea3n xu\u1ea5t ch\u1ea5t b\u00e1n d\u1eabn.<\/p>\n<h3 data-section-id=\"1bq068l\" data-start=\"1871\" data-end=\"1900\">Kh\u1ea3 n\u0103ng t\u01b0\u01a1ng th\u00edch quy tr\u00ecnh LSI<\/h3>\n<p data-start=\"1901\" data-end=\"2010\">Ho\u00e0n to\u00e0n t\u01b0\u01a1ng th\u00edch v\u1edbi c\u00e1c quy tr\u00ecnh s\u1ea3n xu\u1ea5t m\u1ea1ch t\u00edch h\u1ee3p quy m\u00f4 l\u1edbn v\u00e0 c\u00f4ng ngh\u1ec7 ch\u1ebf t\u1ea1o thi\u1ebft b\u1ecb ti\u00ean ti\u1ebfn.<\/p>\n<p data-start=\"1901\" data-end=\"2010\"><img decoding=\"async\" class=\"alignnone size-medium wp-image-2368\" src=\"https:\/\/www.zmsh-semitech.com\/wp-content\/uploads\/2026\/04\/Annular-Implantation-1-267x300.webp\" alt=\"\" width=\"267\" height=\"300\" srcset=\"https:\/\/www.zmsh-semitech.com\/wp-content\/uploads\/2026\/04\/Annular-Implantation-1-267x300.webp 267w, https:\/\/www.zmsh-semitech.com\/wp-content\/uploads\/2026\/04\/Annular-Implantation-1-11x12.webp 11w, https:\/\/www.zmsh-semitech.com\/wp-content\/uploads\/2026\/04\/Annular-Implantation-1.webp 462w\" sizes=\"(max-width: 267px) 100vw, 267px\" \/> <img decoding=\"async\" class=\"alignnone size-medium wp-image-2369\" src=\"https:\/\/www.zmsh-semitech.com\/wp-content\/uploads\/2026\/04\/Quadrant-Implantation-1-291x300.webp\" alt=\"\" width=\"291\" height=\"300\" srcset=\"https:\/\/www.zmsh-semitech.com\/wp-content\/uploads\/2026\/04\/Quadrant-Implantation-1-291x300.webp 291w, https:\/\/www.zmsh-semitech.com\/wp-content\/uploads\/2026\/04\/Quadrant-Implantation-1-12x12.webp 12w, https:\/\/www.zmsh-semitech.com\/wp-content\/uploads\/2026\/04\/Quadrant-Implantation-1.webp 499w\" sizes=\"(max-width: 291px) 100vw, 291px\" \/><\/p>\n<hr data-start=\"2012\" data-end=\"2015\" \/>\n<h2 data-section-id=\"rkota4\" data-start=\"2017\" data-end=\"2038\">Th\u00f4ng s\u1ed1 k\u1ef9 thu\u1eadt ch\u00ednh<\/h2>\n<h3 data-section-id=\"rc5knr\" data-start=\"2040\" data-end=\"2062\">Th\u00f4ng s\u1ed1 quy tr\u00ecnh<\/h3>\n<div class=\"TyagGW_tableContainer\">\n<div class=\"group TyagGW_tableWrapper flex flex-col-reverse w-fit\" tabindex=\"-1\">\n<table class=\"w-fit min-w-(--thread-content-width)\" data-start=\"2064\" data-end=\"2246\">\n<thead data-start=\"2064\" data-end=\"2088\">\n<tr data-start=\"2064\" data-end=\"2088\">\n<th class=\"\" data-start=\"2064\" data-end=\"2071\" data-col-size=\"sm\">M\u1eb7t h\u00e0ng<\/th>\n<th class=\"\" data-start=\"2071\" data-end=\"2088\" data-col-size=\"sm\">Th\u00f4ng s\u1ed1 k\u1ef9 thu\u1eadt<\/th>\n<\/tr>\n<\/thead>\n<tbody data-start=\"2113\" data-end=\"2246\">\n<tr data-start=\"2113\" data-end=\"2137\">\n<td data-start=\"2113\" data-end=\"2126\" data-col-size=\"sm\">K\u00edch th\u01b0\u1edbc t\u1ea5m wafer<\/td>\n<td data-col-size=\"sm\" data-start=\"2126\" data-end=\"2137\">12 inch<\/td>\n<\/tr>\n<tr data-start=\"2138\" data-end=\"2166\">\n<td data-start=\"2138\" data-end=\"2153\" data-col-size=\"sm\">Ph\u1ea1m vi n\u0103ng l\u01b0\u1ee3ng<\/td>\n<td data-col-size=\"sm\" data-start=\"2153\" data-end=\"2166\">5\u2013300 keV<\/td>\n<\/tr>\n<tr data-start=\"2167\" data-end=\"2210\">\n<td data-start=\"2167\" data-end=\"2188\" data-col-size=\"sm\">C\u00e1c th\u00e0nh ph\u1ea7n \u0111\u01b0\u1ee3c c\u1ea5y gh\u00e9p<\/td>\n<td data-col-size=\"sm\" data-start=\"2188\" data-end=\"2210\">C, B, P, N, He, Ar<\/td>\n<\/tr>\n<tr data-start=\"2211\" data-end=\"2246\">\n<td data-start=\"2211\" data-end=\"2224\" data-col-size=\"sm\">Ph\u1ea1m vi li\u1ec1u l\u01b0\u1ee3ng<\/td>\n<td data-col-size=\"sm\" data-start=\"2224\" data-end=\"2246\">1E11\u20131E16 ion\/cm\u00b2<\/td>\n<\/tr>\n<\/tbody>\n<\/table>\n<\/div>\n<\/div>\n<h3 data-section-id=\"h0mtjp\" data-start=\"2253\" data-end=\"2273\">Hi\u1ec7u su\u1ea5t ch\u00f9m tia<\/h3>\n<div class=\"TyagGW_tableContainer\">\n<div class=\"group TyagGW_tableWrapper flex flex-col-reverse w-fit\" tabindex=\"-1\">\n<table class=\"w-fit min-w-(--thread-content-width)\" data-start=\"2275\" data-end=\"2429\">\n<thead data-start=\"2275\" data-end=\"2299\">\n<tr data-start=\"2275\" data-end=\"2299\">\n<th class=\"\" data-start=\"2275\" data-end=\"2282\" data-col-size=\"sm\">M\u1eb7t h\u00e0ng<\/th>\n<th class=\"\" data-start=\"2282\" data-end=\"2299\" data-col-size=\"md\">Th\u00f4ng s\u1ed1 k\u1ef9 thu\u1eadt<\/th>\n<\/tr>\n<\/thead>\n<tbody data-start=\"2324\" data-end=\"2429\">\n<tr data-start=\"2324\" data-end=\"2399\">\n<td data-start=\"2324\" data-end=\"2341\" data-col-size=\"sm\">\u0110\u1ed9 \u1ed5n \u0111\u1ecbnh c\u1ee7a d\u1ea7m<\/td>\n<td data-col-size=\"md\" data-start=\"2341\" data-end=\"2399\">\u2264 10% \/ gi\u1edd (\u2264 1 l\u1ea7n gi\u00e1n \u0111o\u1ea1n ch\u00f9m tia ho\u1eb7c hi\u1ec7n t\u01b0\u1ee3ng h\u1ed3 quang m\u1ed7i gi\u1edd)<\/td>\n<\/tr>\n<tr data-start=\"2400\" data-end=\"2429\">\n<td data-start=\"2400\" data-end=\"2419\" data-col-size=\"sm\">\u0110\u1ed9 song song c\u1ee7a ch\u00f9m tia<\/td>\n<td data-col-size=\"md\" data-start=\"2419\" data-end=\"2429\">\u2264 0,1\u00b0<\/td>\n<\/tr>\n<\/tbody>\n<\/table>\n<\/div>\n<\/div>\n<h3 data-section-id=\"ieoahx\" data-start=\"2436\" data-end=\"2461\">\u0110\u1ed9 ch\u00ednh x\u00e1c khi c\u1ea5y gh\u00e9p<\/h3>\n<div class=\"TyagGW_tableContainer\">\n<div class=\"group TyagGW_tableWrapper flex flex-col-reverse w-fit\" tabindex=\"-1\">\n<table class=\"w-fit min-w-(--thread-content-width)\" data-start=\"2463\" data-end=\"2653\">\n<thead data-start=\"2463\" data-end=\"2487\">\n<tr data-start=\"2463\" data-end=\"2487\">\n<th class=\"\" data-start=\"2463\" data-end=\"2470\" data-col-size=\"sm\">M\u1eb7t h\u00e0ng<\/th>\n<th class=\"\" data-start=\"2470\" data-end=\"2487\" data-col-size=\"sm\">Th\u00f4ng s\u1ed1 k\u1ef9 thu\u1eadt<\/th>\n<\/tr>\n<\/thead>\n<tbody data-start=\"2512\" data-end=\"2653\">\n<tr data-start=\"2512\" data-end=\"2544\">\n<td data-start=\"2512\" data-end=\"2534\" data-col-size=\"sm\">Ph\u1ea1m vi g\u00f3c c\u1ea5y gh\u00e9p<\/td>\n<td data-col-size=\"sm\" data-start=\"2534\" data-end=\"2544\">0\u00b0\u201345\u00b0<\/td>\n<\/tr>\n<tr data-start=\"2545\" data-end=\"2572\">\n<td data-start=\"2545\" data-end=\"2562\" data-col-size=\"sm\">\u0110\u1ed9 ch\u00ednh x\u00e1c g\u00f3c<\/td>\n<td data-col-size=\"sm\" data-start=\"2562\" data-end=\"2572\">\u2264 0,1\u00b0<\/td>\n<\/tr>\n<tr data-start=\"2573\" data-end=\"2621\">\n<td data-start=\"2573\" data-end=\"2591\" data-col-size=\"sm\">\u0110\u1ed9 \u0111\u1ed3ng nh\u1ea5t (1\u03c3)<\/td>\n<td data-col-size=\"sm\" data-start=\"2591\" data-end=\"2621\">\u2264 0,51 TP3T (P+, 1E14, 100 keV)<\/td>\n<\/tr>\n<tr data-start=\"2622\" data-end=\"2653\">\n<td data-start=\"2622\" data-end=\"2643\" data-col-size=\"sm\">\u0110\u1ed9 l\u1eb7p l\u1ea1i (1\u03c3)<\/td>\n<td data-col-size=\"sm\" data-start=\"2643\" data-end=\"2653\">\u2264 0,5%<\/td>\n<\/tr>\n<\/tbody>\n<\/table>\n<\/div>\n<\/div>\n<h3 data-section-id=\"1i84h7f\" data-start=\"2660\" data-end=\"2682\">Hi\u1ec7u su\u1ea5t h\u1ec7 th\u1ed1ng<\/h3>\n<div class=\"TyagGW_tableContainer\">\n<div class=\"group TyagGW_tableWrapper flex flex-col-reverse w-fit\" tabindex=\"-1\">\n<table class=\"w-fit min-w-(--thread-content-width)\" data-start=\"2684\" data-end=\"3000\">\n<thead data-start=\"2684\" data-end=\"2708\">\n<tr data-start=\"2684\" data-end=\"2708\">\n<th class=\"\" data-start=\"2684\" data-end=\"2691\" data-col-size=\"sm\">M\u1eb7t h\u00e0ng<\/th>\n<th class=\"\" data-start=\"2691\" data-end=\"2708\" data-col-size=\"md\">Th\u00f4ng s\u1ed1 k\u1ef9 thu\u1eadt<\/th>\n<\/tr>\n<\/thead>\n<tbody data-start=\"2733\" data-end=\"3000\">\n<tr data-start=\"2733\" data-end=\"2771\">\n<td data-start=\"2733\" data-end=\"2746\" data-col-size=\"sm\">C\u00f4ng su\u1ea5t<\/td>\n<td data-col-size=\"md\" data-start=\"2746\" data-end=\"2771\">\u2265 500 t\u1ea5m wafer m\u1ed7i gi\u1edd<\/td>\n<\/tr>\n<tr data-start=\"2772\" data-end=\"2811\">\n<td data-start=\"2772\" data-end=\"2802\" data-col-size=\"sm\">Nhi\u1ec7t \u0111\u1ed9 t\u1ed1i \u0111a c\u1ee7a implant<\/td>\n<td data-col-size=\"md\" data-start=\"2802\" data-end=\"2811\">400\u00b0C<\/td>\n<\/tr>\n<tr data-start=\"2812\" data-end=\"2854\">\n<td data-start=\"2812\" data-end=\"2829\" data-col-size=\"sm\">K\u00edch th\u01b0\u1edbc thi\u1ebft b\u1ecb<\/td>\n<td data-col-size=\"md\" data-start=\"2829\" data-end=\"2854\">6400 \u00d7 3640 \u00d7 3100 mm<\/td>\n<\/tr>\n<tr data-start=\"2855\" data-end=\"2883\">\n<td data-start=\"2855\" data-end=\"2870\" data-col-size=\"sm\">M\u1ee9c ch\u00e2n kh\u00f4ng<\/td>\n<td data-col-size=\"md\" data-start=\"2870\" data-end=\"2883\">5E-7 Torr<\/td>\n<\/tr>\n<tr data-start=\"2884\" data-end=\"2915\">\n<td data-start=\"2884\" data-end=\"2900\" data-col-size=\"sm\">R\u00f2 r\u1ec9 tia X<\/td>\n<td data-col-size=\"md\" data-start=\"2900\" data-end=\"2915\">\u2264 0,3 \u03bcSv\/h<\/td>\n<\/tr>\n<tr data-start=\"2916\" data-end=\"3000\">\n<td data-start=\"2916\" data-end=\"2932\" data-col-size=\"sm\">Ch\u1ebf \u0111\u1ed9 qu\u00e9t<\/td>\n<td data-col-size=\"md\" data-start=\"2932\" data-end=\"3000\">Qu\u00e9t t\u0129nh \u0111i\u1ec7n ngang + qu\u00e9t c\u01a1 h\u1ecdc d\u1ecdc<\/td>\n<\/tr>\n<\/tbody>\n<\/table>\n<\/div>\n<\/div>\n<hr data-start=\"3002\" data-end=\"3005\" \/>\n<h2 data-section-id=\"1nd7jny\" data-start=\"3007\" data-end=\"3028\">L\u0129nh v\u1ef1c \u1ee9ng d\u1ee5ng<\/h2>\n<h3 data-section-id=\"1xxdh4v\" data-start=\"3030\" data-end=\"3062\">Ch\u1ebf t\u1ea1o ch\u1ea5t b\u00e1n d\u1eabn SiC<\/h3>\n<p data-start=\"3063\" data-end=\"3194\">\u0110\u01b0\u1ee3c s\u1eed d\u1ee5ng trong s\u1ea3n xu\u1ea5t c\u00e1c thi\u1ebft b\u1ecb cacbua silic, h\u1ed7 tr\u1ee3 c\u00e1c quy tr\u00ecnh c\u1ea5y ion \u1edf nhi\u1ec7t \u0111\u1ed9 cao c\u1ea7n thi\u1ebft cho c\u00e1c v\u1eadt li\u1ec7u c\u00f3 kho\u1ea3ng c\u00e1ch d\u1ea3i n\u0103ng l\u01b0\u1ee3ng r\u1ed9ng.<\/p>\n<h3 data-section-id=\"kkfbvw\" data-start=\"3196\" data-end=\"3241\">S\u1ea3n xu\u1ea5t ch\u1ea5t b\u00e1n d\u1eabn tr\u00ean n\u1ec1n silicon<\/h3>\n<p data-start=\"3242\" data-end=\"3348\">\u00c1p d\u1ee5ng cho c\u00e1c d\u00e2y chuy\u1ec1n s\u1ea3n xu\u1ea5t t\u1ea5m silicon 12 inch d\u00f9ng trong s\u1ea3n xu\u1ea5t CMOS v\u00e0 m\u1ea1ch t\u00edch h\u1ee3p ti\u00ean ti\u1ebfn.<\/p>\n<h3 data-section-id=\"c3blgn\" data-start=\"3350\" data-end=\"3393\">C\u00e1c quy tr\u00ecnh c\u1ea5y gh\u00e9p \u1edf nhi\u1ec7t \u0111\u1ed9 cao<\/h3>\n<p data-start=\"3394\" data-end=\"3511\">H\u1ed7 tr\u1ee3 c\u00e1c quy tr\u00ecnh c\u1ea5y gh\u00e9p \u0111\u00f2i h\u1ecfi nhi\u1ec7t \u0111\u1ed9 t\u1ea5m wafer cao nh\u1eb1m gi\u1ea3m thi\u1ec3u khuy\u1ebft t\u1eadt v\u00e0 t\u0103ng c\u01b0\u1eddng qu\u00e1 tr\u00ecnh k\u00edch ho\u1ea1t ch\u1ea5t pha t\u1ea1p.<\/p>\n<h3 data-section-id=\"2m28ht\" data-start=\"3513\" data-end=\"3541\">S\u1ea3n xu\u1ea5t thi\u1ebft b\u1ecb \u0111i\u1ec7n<\/h3>\n<p data-start=\"3542\" data-end=\"3646\">Ph\u00f9 h\u1ee3p v\u1edbi c\u00e1c thi\u1ebft b\u1ecb b\u00e1n d\u1eabn c\u00f4ng su\u1ea5t y\u00eau c\u1ea7u qu\u00e1 tr\u00ecnh pha t\u1ea1p ch\u00ednh x\u00e1c v\u00e0 c\u1ea5y ion n\u0103ng l\u01b0\u1ee3ng cao.<\/p>\n<h3 data-section-id=\"10yv1en\" data-start=\"3648\" data-end=\"3690\">S\u1ea3n xu\u1ea5t m\u1ea1ch t\u00edch h\u1ee3p ti\u00ean ti\u1ebfn<\/h3>\n<p data-start=\"3691\" data-end=\"3777\">H\u1ed7 tr\u1ee3 t\u00edch h\u1ee3p quy tr\u00ecnh LSI v\u1edbi c\u00e1c y\u00eau c\u1ea7u v\u1ec1 \u0111\u1ed9 ch\u00ednh x\u00e1c cao v\u00e0 n\u0103ng su\u1ea5t cao.<\/p>\n<hr data-start=\"3779\" data-end=\"3782\" \/>\n<h2 data-section-id=\"1r8frcv\" data-start=\"3784\" data-end=\"3813\">C\u00e2u h\u1ecfi th\u01b0\u1eddng g\u1eb7p<\/h2>\n<h3 data-section-id=\"hl3b9g\" data-start=\"3815\" data-end=\"3867\">1. H\u1ec7 th\u1ed1ng Ai300 h\u1ed7 tr\u1ee3 k\u00edch th\u01b0\u1edbc wafer n\u00e0o?<\/h3>\n<p data-start=\"3868\" data-end=\"3981\">H\u1ec7 th\u1ed1ng n\u00e0y \u0111\u01b0\u1ee3c thi\u1ebft k\u1ebf d\u00e0nh cho c\u00e1c t\u1ea5m silicon 12 inch v\u00e0 ph\u00f9 h\u1ee3p v\u1edbi c\u00e1c d\u00e2y chuy\u1ec1n s\u1ea3n xu\u1ea5t b\u00e1n d\u1eabn ti\u00ean ti\u1ebfn.<\/p>\n<h3 data-section-id=\"gygi37\" data-start=\"3983\" data-end=\"4063\">2. \u01afu \u0111i\u1ec3m ch\u00ednh c\u1ee7a kh\u1ea3 n\u0103ng c\u1ea5y gh\u00e9p \u1edf nhi\u1ec7t \u0111\u1ed9 cao l\u00e0 g\u00ec?<\/h3>\n<p data-start=\"4064\" data-end=\"4211\">H\u1ec7 th\u1ed1ng n\u00e0y h\u1ed7 tr\u1ee3 qu\u00e1 tr\u00ecnh c\u1ea5y gh\u00e9p \u1edf nhi\u1ec7t \u0111\u1ed9 l\u00ean \u0111\u1ebfn 400\u00b0C, gi\u00fap gi\u1ea3m thi\u1ec3u t\u1ed5n th\u01b0\u01a1ng m\u1ea1ng tinh th\u1ec3, c\u1ea3i thi\u1ec7n qu\u00e1 tr\u00ecnh k\u00edch ho\u1ea1t ch\u1ea5t pha t\u1ea1p v\u00e0 n\u00e2ng cao hi\u1ec7u su\u1ea5t t\u1ed5ng th\u1ec3 c\u1ee7a thi\u1ebft b\u1ecb.<\/p>\n<h3 data-section-id=\"13ypcut\" data-start=\"4213\" data-end=\"4293\">3. H\u1ec7 th\u1ed1ng n\u00e0y mang l\u1ea1i m\u1ee9c \u0111\u1ed9 ch\u00ednh x\u00e1c v\u00e0 hi\u1ec7u qu\u1ea3 s\u1ea3n xu\u1ea5t nh\u01b0 th\u1ebf n\u00e0o?<\/h3>\n<p data-start=\"4294\" data-end=\"4481\">H\u1ec7 th\u1ed1ng n\u00e0y \u0111\u1ea3m b\u1ea3o \u0111\u1ed9 ch\u00ednh x\u00e1c g\u00f3c trong ph\u1ea1m vi 0,1 \u0111\u1ed9, \u0111\u1ed9 song song c\u1ee7a ch\u00f9m tia trong ph\u1ea1m vi 0,1 \u0111\u1ed9, c\u00f9ng \u0111\u1ed9 \u0111\u1ed3ng \u0111\u1ec1u v\u00e0 \u0111\u1ed9 l\u1eb7p l\u1ea1i trong ph\u1ea1m vi 0,5%, v\u1edbi c\u00f4ng su\u1ea5t x\u1eed l\u00fd l\u00ean \u0111\u1ebfn 500 t\u1ea5m wafer m\u1ed7i gi\u1edd.<\/p>","protected":false},"excerpt":{"rendered":"<p>H\u1ec7 th\u1ed1ng c\u1ea5y ion nhi\u1ec7t \u0111\u1ed9 cao Ai300 (ch\u00f9m tia trung b\u00ecnh) \u0111\u01b0\u1ee3c thi\u1ebft k\u1ebf d\u00e0nh cho c\u00e1c d\u00e2y chuy\u1ec1n s\u1ea3n xu\u1ea5t b\u00e1n d\u1eabn s\u1eed d\u1ee5ng t\u1ea5m silicon 12 inch. \u0110\u00e2y l\u00e0 thi\u1ebft b\u1ecb c\u1ea5y ion d\u00f2ng \u0111i\u1ec7n trung b\u00ecnh \u0111\u01b0\u1ee3c ph\u00e1t tri\u1ec3n \u0111\u1ec3 ph\u1ee5c v\u1ee5 c\u00e1c quy tr\u00ecnh pha t\u1ea1p ti\u00ean ti\u1ebfn trong c\u00e1c \u1ee9ng d\u1ee5ng b\u00e1n d\u1eabn d\u1ef1a tr\u00ean silicon v\u00e0 b\u00e1n d\u1eabn khe n\u0103ng l\u01b0\u1ee3ng r\u1ed9ng, bao g\u1ed3m c\u1ea3 c\u00e1c d\u00e2y chuy\u1ec1n s\u1ea3n xu\u1ea5t SiC.<\/p>","protected":false},"featured_media":2357,"comment_status":"open","ping_status":"closed","template":"","meta":{"site-sidebar-layout":"default","site-content-layout":"","ast-site-content-layout":"default","site-content-style":"default","site-sidebar-style":"default","ast-global-header-display":"","ast-banner-title-visibility":"","ast-main-header-display":"","ast-hfb-above-header-display":"","ast-hfb-below-header-display":"","ast-hfb-mobile-header-display":"","site-post-title":"","ast-breadcrumbs-content":"","ast-featured-img":"","footer-sml-layout":"","ast-disable-related-posts":"","theme-transparent-header-meta":"default","adv-header-id-meta":"","stick-header-meta":"default","header-above-stick-meta":"","header-main-stick-meta":"","header-below-stick-meta":"","astra-migrate-meta-layouts":"set","ast-page-background-enabled":"default","ast-page-background-meta":{"desktop":{"background-color":"var(--ast-global-color-4)","background-image":"","background-repeat":"repeat","background-position":"center center","background-size":"auto","background-attachment":"scroll","background-type":"","background-media":"","overlay-type":"","overlay-color":"","overlay-opacity":"","overlay-gradient":""},"tablet":{"background-color":"","background-image":"","background-repeat":"repeat","background-position":"center center","background-size":"auto","background-attachment":"scroll","background-type":"","background-media":"","overlay-type":"","overlay-color":"","overlay-opacity":"","overlay-gradient":""},"mobile":{"background-color":"","background-image":"","background-repeat":"repeat","background-position":"center center","background-size":"auto","background-attachment":"scroll","background-type":"","background-media":"","overlay-type":"","overlay-color":"","overlay-opacity":"","overlay-gradient":""}},"ast-content-background-meta":{"desktop":{"background-color":"var(--ast-global-color-5)","background-image":"","background-repeat":"repeat","background-position":"center center","background-size":"auto","background-attachment":"scroll","background-type":"","background-media":"","overlay-type":"","overlay-color":"","overlay-opacity":"","overlay-gradient":""},"tablet":{"background-color":"var(--ast-global-color-5)","background-image":"","background-repeat":"repeat","background-position":"center center","background-size":"auto","background-attachment":"scroll","background-type":"","background-media":"","overlay-type":"","overlay-color":"","overlay-opacity":"","overlay-gradient":""},"mobile":{"background-color":"var(--ast-global-color-5)","background-image":"","background-repeat":"repeat","background-position":"center center","background-size":"auto","background-attachment":"scroll","background-type":"","background-media":"","overlay-type":"","overlay-color":"","overlay-opacity":"","overlay-gradient":""}}},"product_brand":[],"product_cat":[1177],"product_tag":[1160,1194,1178,1181,1186,1197,1196,1185,1195,1198],"class_list":{"0":"post-2354","1":"product","2":"type-product","3":"status-publish","4":"has-post-thumbnail","6":"product_cat-ion-implantation-equipment","7":"product_tag-12-inch-wafer-equipment","8":"product_tag-high-temperature-ion-implantation","9":"product_tag-ion-implantation-system","10":"product_tag-lsi-manufacturing-equipment","11":"product_tag-medium-beam-ion-implanter","12":"product_tag-power-semiconductor-processing","13":"product_tag-semiconductor-doping-machine","14":"product_tag-semiconductor-fabrication-equipment","15":"product_tag-sic-implantation-equipment","16":"product_tag-wide-bandgap-semiconductor-equipment","17":"desktop-align-left","18":"tablet-align-left","19":"mobile-align-left","20":"ast-product-gallery-layout-horizontal-slider","21":"ast-product-gallery-with-no-image","22":"ast-product-tabs-layout-horizontal","24":"first","25":"instock","26":"shipping-taxable","27":"product-type-simple"},"_links":{"self":[{"href":"https:\/\/www.zmsh-semitech.com\/vi\/wp-json\/wp\/v2\/product\/2354","targetHints":{"allow":["GET"]}}],"collection":[{"href":"https:\/\/www.zmsh-semitech.com\/vi\/wp-json\/wp\/v2\/product"}],"about":[{"href":"https:\/\/www.zmsh-semitech.com\/vi\/wp-json\/wp\/v2\/types\/product"}],"replies":[{"embeddable":true,"href":"https:\/\/www.zmsh-semitech.com\/vi\/wp-json\/wp\/v2\/comments?post=2354"}],"version-history":[{"count":5,"href":"https:\/\/www.zmsh-semitech.com\/vi\/wp-json\/wp\/v2\/product\/2354\/revisions"}],"predecessor-version":[{"id":2370,"href":"https:\/\/www.zmsh-semitech.com\/vi\/wp-json\/wp\/v2\/product\/2354\/revisions\/2370"}],"wp:featuredmedia":[{"embeddable":true,"href":"https:\/\/www.zmsh-semitech.com\/vi\/wp-json\/wp\/v2\/media\/2357"}],"wp:attachment":[{"href":"https:\/\/www.zmsh-semitech.com\/vi\/wp-json\/wp\/v2\/media?parent=2354"}],"wp:term":[{"taxonomy":"product_brand","embeddable":true,"href":"https:\/\/www.zmsh-semitech.com\/vi\/wp-json\/wp\/v2\/product_brand?post=2354"},{"taxonomy":"product_cat","embeddable":true,"href":"https:\/\/www.zmsh-semitech.com\/vi\/wp-json\/wp\/v2\/product_cat?post=2354"},{"taxonomy":"product_tag","embeddable":true,"href":"https:\/\/www.zmsh-semitech.com\/vi\/wp-json\/wp\/v2\/product_tag?post=2354"}],"curies":[{"name":"wp","href":"https:\/\/api.w.org\/{rel}","templated":true}]}}