{"id":2346,"date":"2026-04-22T05:56:29","date_gmt":"2026-04-22T05:56:29","guid":{"rendered":"https:\/\/www.zmsh-semitech.com\/?post_type=product&#038;p=2346"},"modified":"2026-04-22T07:25:08","modified_gmt":"2026-04-22T07:25:08","slug":"ai250-medium-beam-room-temperature-ion-implantation-system-for-6-8-inch-silicon-wafer-processing","status":"publish","type":"product","link":"https:\/\/www.zmsh-semitech.com\/vi\/product\/ai250-medium-beam-room-temperature-ion-implantation-system-for-6-8-inch-silicon-wafer-processing\/","title":{"rendered":"H\u1ec7 th\u1ed1ng c\u1ea5y ion \u1edf nhi\u1ec7t \u0111\u1ed9 ph\u00f2ng Ai250 (ch\u00f9m tia trung b\u00ecnh) d\u00e0nh cho gia c\u00f4ng t\u1ea5m silicon 6\u20138 inch"},"content":{"rendered":"<p data-start=\"190\" data-end=\"506\"><img decoding=\"async\" class=\"wp-image-2347 alignright\" src=\"https:\/\/www.zmsh-semitech.com\/wp-content\/uploads\/2026\/04\/Ai250-Medium-Beam-Room-Temperature-Ion-Implantation-System-for-6-8-inch-silicon-wafer-processing-300x300.png\" alt=\"\" width=\"217\" height=\"217\" srcset=\"\" sizes=\"(max-width: 217px) 100vw, 217px\" data-srcset=\"\" \/>H\u1ec7 th\u1ed1ng c\u1ea5y ion Ai250 (ch\u00f9m tia trung b\u00ecnh) \u0111\u01b0\u1ee3c thi\u1ebft k\u1ebf d\u00e0nh cho c\u00e1c d\u00e2y chuy\u1ec1n s\u1ea3n xu\u1ea5t b\u00e1n d\u1eabn s\u1eed d\u1ee5ng t\u1ea5m silicon 6 inch v\u00e0 8 inch. \u0110\u00e2y l\u00e0 thi\u1ebft b\u1ecb c\u1ea5y ion d\u00f2ng \u0111i\u1ec7n trung b\u00ecnh \u0111\u01b0\u1ee3c s\u1eed d\u1ee5ng trong c\u00e1c quy tr\u00ecnh s\u1ea3n xu\u1ea5t m\u1ea1ch t\u00edch h\u1ee3p ti\u00ean ti\u1ebfn, mang l\u1ea1i hi\u1ec7u su\u1ea5t ch\u00f9m tia \u1ed5n \u0111\u1ecbnh, \u0111\u1ed9 ch\u00ednh x\u00e1c c\u1ea5y cao v\u00e0 kh\u1ea3 n\u0103ng ki\u1ec3m so\u00e1t li\u1ec1u l\u01b0\u1ee3ng \u0111\u00e1ng tin c\u1eady.<\/p>\n<p data-start=\"508\" data-end=\"755\">H\u1ec7 th\u1ed1ng n\u00e0y h\u1ed7 tr\u1ee3 d\u1ea3i n\u0103ng l\u01b0\u1ee3ng t\u1eeb 5 keV \u0111\u1ebfn 250 keV, cho ph\u00e9p th\u1ef1c hi\u1ec7n c\u00e1c \u1ee9ng d\u1ee5ng c\u1ea5y ion \u1edf c\u1ea3 \u0111\u1ed9 s\u00e2u n\u00f4ng v\u00e0 s\u00e2u. H\u1ec7 th\u1ed1ng n\u00e0y ph\u00f9 h\u1ee3p v\u1edbi nhi\u1ec1u quy tr\u00ecnh pha t\u1ea1p b\u00e1n d\u1eabn kh\u00e1c nhau v\u00e0 ho\u00e0n to\u00e0n t\u01b0\u01a1ng th\u00edch v\u1edbi c\u00e1c y\u00eau c\u1ea7u s\u1ea3n xu\u1ea5t LSI.<\/p>\n<hr data-start=\"757\" data-end=\"760\" \/>\n<h2 data-section-id=\"1d7mrtu\" data-start=\"762\" data-end=\"773\">T\u00ednh n\u0103ng<\/h2>\n<h3 data-section-id=\"cu05id\" data-start=\"775\" data-end=\"809\">Hi\u1ec7u su\u1ea5t \u1ed5n \u0111\u1ecbnh c\u1ee7a d\u1ea7m trung b\u00ecnh<\/h3>\n<p data-start=\"810\" data-end=\"927\">\u0110\u1ea3m b\u1ea3o \u0111\u1ea7u ra ch\u00f9m ion \u1ed5n \u0111\u1ecbnh trong c\u00e1c chu k\u1ef3 s\u1ea3n xu\u1ea5t k\u00e9o d\u00e0i, gi\u00fap n\u00e2ng cao t\u00ednh nh\u1ea5t qu\u00e1n c\u1ee7a quy tr\u00ecnh v\u00e0 gi\u1ea3m thi\u1ec3u s\u1ef1 bi\u1ebfn \u0111\u1ed9ng.<\/p>\n<h3 data-section-id=\"14z8c7o\" data-start=\"929\" data-end=\"961\">Kh\u1ea3 n\u0103ng ho\u1ea1t \u0111\u1ed9ng trong d\u1ea3i c\u00f4ng su\u1ea5t r\u1ed9ng<\/h3>\n<p data-start=\"962\" data-end=\"1082\">D\u1ea3i n\u0103ng l\u01b0\u1ee3ng t\u1eeb 5\u2013250 keV \u0111\u00e1p \u1ee9ng c\u00e1c y\u00eau c\u1ea7u c\u1ea5y gh\u00e9p linh ho\u1ea1t cho c\u00e1c c\u1ea5u tr\u00fac thi\u1ebft b\u1ecb v\u00e0 c\u00e1c n\u00fat c\u00f4ng ngh\u1ec7 kh\u00e1c nhau.<\/p>\n<h3 data-section-id=\"1hi8i36\" data-start=\"1084\" data-end=\"1118\">Ki\u1ec3m so\u00e1t quy tr\u00ecnh v\u1edbi \u0111\u1ed9 ch\u00ednh x\u00e1c cao<\/h3>\n<p data-start=\"1119\" data-end=\"1264\">\u0110\u1ea3m b\u1ea3o hi\u1ec7u su\u1ea5t c\u1ea5y gh\u00e9p v\u1edbi \u0111\u1ed9 ch\u00ednh x\u00e1c cao, bao g\u1ed3m \u0111\u1ed9 ch\u00ednh x\u00e1c g\u00f3c \u2264 0,2\u00b0, \u0111\u1ed9 song song c\u1ee7a ch\u00f9m tia \u2264 0,2\u00b0, \u0111\u1ed9 \u0111\u1ed3ng \u0111\u1ec1u \u2264 0,5% v\u00e0 \u0111\u1ed9 l\u1eb7p l\u1ea1i \u2264 0,5%.<\/p>\n<h3 data-section-id=\"8aw6q\" data-start=\"1266\" data-end=\"1296\">Kh\u1ea3 n\u0103ng x\u1eed l\u00fd kh\u1ed1i l\u01b0\u1ee3ng l\u1edbn<\/h3>\n<p data-start=\"1297\" data-end=\"1389\">C\u00f3 kh\u1ea3 n\u0103ng x\u1eed l\u00fd \u2265 200 t\u1ea5m wafer m\u1ed7i gi\u1edd, ph\u00f9 h\u1ee3p cho s\u1ea3n xu\u1ea5t b\u00e1n d\u1eabn v\u1edbi kh\u1ed1i l\u01b0\u1ee3ng t\u1eeb trung b\u00ecnh \u0111\u1ebfn l\u1edbn.<\/p>\n<h3 data-section-id=\"oms7zj\" data-start=\"1391\" data-end=\"1419\">Ch\u1ee9c n\u0103ng c\u1ea5y gh\u00e9p m\u1eabu<\/h3>\n<p data-start=\"1420\" data-end=\"1545\">H\u1ed7 tr\u1ee3 vi\u1ec7c c\u1ea5y gh\u00e9p \u0111a v\u00f9ng v\u00e0 theo t\u1ee9 ph\u00e2n tr\u00ean c\u00f9ng m\u1ed9t t\u1ea5m wafer, gi\u00fap n\u00e2ng cao t\u00ednh linh ho\u1ea1t c\u1ee7a quy tr\u00ecnh v\u00e0 gi\u1ea3m chi ph\u00ed ph\u00e1t tri\u1ec3n.<\/p>\n<h3 data-section-id=\"1bq068l\" data-start=\"1547\" data-end=\"1576\">Kh\u1ea3 n\u0103ng t\u01b0\u01a1ng th\u00edch quy tr\u00ecnh LSI<\/h3>\n<p data-start=\"1577\" data-end=\"1641\">Ho\u00e0n to\u00e0n t\u01b0\u01a1ng th\u00edch v\u1edbi c\u00e1c quy tr\u00ecnh s\u1ea3n xu\u1ea5t b\u00e1n d\u1eabn c\u1ee7a LSI.<\/p>\n<p data-start=\"1577\" data-end=\"1641\"><img fetchpriority=\"high\" decoding=\"async\" class=\"wp-image-2371 size-large aligncenter\" src=\"https:\/\/www.zmsh-semitech.com\/wp-content\/uploads\/2026\/04\/rs-1024x388.png\" alt=\"\" width=\"1024\" height=\"388\" srcset=\"https:\/\/www.zmsh-semitech.com\/wp-content\/uploads\/2026\/04\/rs-1024x388.png 1024w, https:\/\/www.zmsh-semitech.com\/wp-content\/uploads\/2026\/04\/rs-300x114.png 300w, https:\/\/www.zmsh-semitech.com\/wp-content\/uploads\/2026\/04\/rs-768x291.png 768w, https:\/\/www.zmsh-semitech.com\/wp-content\/uploads\/2026\/04\/rs-18x7.png 18w, https:\/\/www.zmsh-semitech.com\/wp-content\/uploads\/2026\/04\/rs-600x227.png 600w, https:\/\/www.zmsh-semitech.com\/wp-content\/uploads\/2026\/04\/rs.png 1216w\" sizes=\"(max-width: 1024px) 100vw, 1024px\" \/><\/p>\n<hr data-start=\"1643\" data-end=\"1646\" \/>\n<h2 data-section-id=\"rkota4\" data-start=\"1648\" data-end=\"1669\">Th\u00f4ng s\u1ed1 k\u1ef9 thu\u1eadt ch\u00ednh<\/h2>\n<h3 data-section-id=\"rc5knr\" data-start=\"1671\" data-end=\"1693\">Th\u00f4ng s\u1ed1 quy tr\u00ecnh<\/h3>\n<div class=\"TyagGW_tableContainer\">\n<div class=\"group TyagGW_tableWrapper flex flex-col-reverse w-fit\" tabindex=\"-1\">\n<table class=\"w-fit min-w-(--thread-content-width)\" data-start=\"1695\" data-end=\"1899\">\n<thead data-start=\"1695\" data-end=\"1719\">\n<tr data-start=\"1695\" data-end=\"1719\">\n<th class=\"\" data-start=\"1695\" data-end=\"1702\" data-col-size=\"sm\">M\u1eb7t h\u00e0ng<\/th>\n<th class=\"\" data-start=\"1702\" data-end=\"1719\" data-col-size=\"sm\">Th\u00f4ng s\u1ed1 k\u1ef9 thu\u1eadt<\/th>\n<\/tr>\n<\/thead>\n<tbody data-start=\"1744\" data-end=\"1899\">\n<tr data-start=\"1744\" data-end=\"1784\">\n<td data-start=\"1744\" data-end=\"1757\" data-col-size=\"sm\">K\u00edch th\u01b0\u1edbc t\u1ea5m wafer<\/td>\n<td data-col-size=\"sm\" data-start=\"1757\" data-end=\"1784\">T\u1ea5m silicon c\u00f3 \u0111\u01b0\u1eddng k\u00ednh 6\u20138 inch<\/td>\n<\/tr>\n<tr data-start=\"1785\" data-end=\"1813\">\n<td data-start=\"1785\" data-end=\"1800\" data-col-size=\"sm\">Ph\u1ea1m vi n\u0103ng l\u01b0\u1ee3ng<\/td>\n<td data-col-size=\"sm\" data-start=\"1800\" data-end=\"1813\">5\u2013250 keV<\/td>\n<\/tr>\n<tr data-start=\"1814\" data-end=\"1863\">\n<td data-start=\"1814\" data-end=\"1835\" data-col-size=\"sm\">C\u00e1c th\u00e0nh ph\u1ea7n \u0111\u01b0\u1ee3c c\u1ea5y gh\u00e9p<\/td>\n<td data-col-size=\"sm\" data-start=\"1835\" data-end=\"1863\">B+, P+, As+, Ar+, N+, H+<\/td>\n<\/tr>\n<tr data-start=\"1864\" data-end=\"1899\">\n<td data-start=\"1864\" data-end=\"1877\" data-col-size=\"sm\">Ph\u1ea1m vi li\u1ec1u l\u01b0\u1ee3ng<\/td>\n<td data-col-size=\"sm\" data-start=\"1877\" data-end=\"1899\">5E11\u20131E16 ion\/cm\u00b2<\/td>\n<\/tr>\n<\/tbody>\n<\/table>\n<\/div>\n<\/div>\n<h3 data-section-id=\"h0mtjp\" data-start=\"1901\" data-end=\"1921\">Hi\u1ec7u su\u1ea5t ch\u00f9m tia<\/h3>\n<div class=\"TyagGW_tableContainer\">\n<div class=\"group TyagGW_tableWrapper flex flex-col-reverse w-fit\" tabindex=\"-1\">\n<table class=\"w-fit min-w-(--thread-content-width)\" data-start=\"1923\" data-end=\"2217\">\n<thead data-start=\"1923\" data-end=\"1947\">\n<tr data-start=\"1923\" data-end=\"1947\">\n<th class=\"\" data-start=\"1923\" data-end=\"1930\" data-col-size=\"sm\">M\u1eb7t h\u00e0ng<\/th>\n<th class=\"\" data-start=\"1930\" data-end=\"1947\" data-col-size=\"md\">Th\u00f4ng s\u1ed1 k\u1ef9 thu\u1eadt<\/th>\n<\/tr>\n<\/thead>\n<tbody data-start=\"1972\" data-end=\"2217\">\n<tr data-start=\"1972\" data-end=\"2104\">\n<td data-start=\"1972\" data-end=\"1995\" data-col-size=\"sm\">D\u00f2ng \u0111i\u1ec7n t\u1ed1i \u0111a c\u1ee7a ch\u00f9m tia<\/td>\n<td data-col-size=\"md\" data-start=\"1995\" data-end=\"2104\">Ar+ \u2265 1300 \u03bcA \u1edf n\u0103ng l\u01b0\u1ee3ng \u2265220 keV<br \/>\nB+ \u2265 1000 \u03bcA \u1edf n\u0103ng l\u01b0\u1ee3ng \u2265220 keV<br \/>\nP+ \u2265 1300 \u03bcA \u1edf n\u0103ng l\u01b0\u1ee3ng \u2265220 keV<br \/>\nN+ \u2265 1000 \u03bcA \u1edf n\u0103ng l\u01b0\u1ee3ng \u2265220 keV<\/td>\n<\/tr>\n<tr data-start=\"2105\" data-end=\"2187\">\n<td data-start=\"2105\" data-end=\"2122\" data-col-size=\"sm\">\u0110\u1ed9 \u1ed5n \u0111\u1ecbnh c\u1ee7a d\u1ea7m<\/td>\n<td data-col-size=\"md\" data-start=\"2122\" data-end=\"2187\">\u2264 151 TP3T\/gi\u1edd (s\u1ef1 gi\u00e1n \u0111o\u1ea1n ch\u00f9m tia v\u00e0 hi\u1ec7n t\u01b0\u1ee3ng h\u1ed3 quang \u2264 1 l\u1ea7n m\u1ed7i gi\u1edd)<\/td>\n<\/tr>\n<tr data-start=\"2188\" data-end=\"2217\">\n<td data-start=\"2188\" data-end=\"2207\" data-col-size=\"sm\">\u0110\u1ed9 song song c\u1ee7a ch\u00f9m tia<\/td>\n<td data-col-size=\"md\" data-start=\"2207\" data-end=\"2217\">\u2264 0,2\u00b0<\/td>\n<\/tr>\n<\/tbody>\n<\/table>\n<\/div>\n<\/div>\n<h3 data-section-id=\"ieoahx\" data-start=\"2219\" data-end=\"2244\">\u0110\u1ed9 ch\u00ednh x\u00e1c khi c\u1ea5y gh\u00e9p<\/h3>\n<div class=\"TyagGW_tableContainer\">\n<div class=\"group TyagGW_tableWrapper flex flex-col-reverse w-fit\" tabindex=\"-1\">\n<table class=\"w-fit min-w-(--thread-content-width)\" data-start=\"2246\" data-end=\"2436\">\n<thead data-start=\"2246\" data-end=\"2270\">\n<tr data-start=\"2246\" data-end=\"2270\">\n<th class=\"\" data-start=\"2246\" data-end=\"2253\" data-col-size=\"sm\">M\u1eb7t h\u00e0ng<\/th>\n<th class=\"\" data-start=\"2253\" data-end=\"2270\" data-col-size=\"sm\">Th\u00f4ng s\u1ed1 k\u1ef9 thu\u1eadt<\/th>\n<\/tr>\n<\/thead>\n<tbody data-start=\"2295\" data-end=\"2436\">\n<tr data-start=\"2295\" data-end=\"2327\">\n<td data-start=\"2295\" data-end=\"2317\" data-col-size=\"sm\">Ph\u1ea1m vi g\u00f3c c\u1ea5y gh\u00e9p<\/td>\n<td data-col-size=\"sm\" data-start=\"2317\" data-end=\"2327\">0\u00b0\u201345\u00b0<\/td>\n<\/tr>\n<tr data-start=\"2328\" data-end=\"2355\">\n<td data-start=\"2328\" data-end=\"2345\" data-col-size=\"sm\">\u0110\u1ed9 ch\u00ednh x\u00e1c g\u00f3c<\/td>\n<td data-col-size=\"sm\" data-start=\"2345\" data-end=\"2355\">\u2264 0,2\u00b0<\/td>\n<\/tr>\n<tr data-start=\"2356\" data-end=\"2404\">\n<td data-start=\"2356\" data-end=\"2374\" data-col-size=\"sm\">\u0110\u1ed9 \u0111\u1ed3ng nh\u1ea5t (1\u03c3)<\/td>\n<td data-col-size=\"sm\" data-start=\"2374\" data-end=\"2404\">\u2264 0,51 TP3T (B+, 2E14, 150 keV)<\/td>\n<\/tr>\n<tr data-start=\"2405\" data-end=\"2436\">\n<td data-start=\"2405\" data-end=\"2426\" data-col-size=\"sm\">\u0110\u1ed9 l\u1eb7p l\u1ea1i (1\u03c3)<\/td>\n<td data-col-size=\"sm\" data-start=\"2426\" data-end=\"2436\">\u2264 0,5%<\/td>\n<\/tr>\n<\/tbody>\n<\/table>\n<\/div>\n<\/div>\n<h3 data-section-id=\"1i84h7f\" data-start=\"2438\" data-end=\"2460\">Hi\u1ec7u su\u1ea5t h\u1ec7 th\u1ed1ng<\/h3>\n<div class=\"TyagGW_tableContainer\">\n<div class=\"group TyagGW_tableWrapper flex flex-col-reverse w-fit\" tabindex=\"-1\">\n<table class=\"w-fit min-w-(--thread-content-width)\" data-start=\"2462\" data-end=\"2740\">\n<thead data-start=\"2462\" data-end=\"2486\">\n<tr data-start=\"2462\" data-end=\"2486\">\n<th class=\"\" data-start=\"2462\" data-end=\"2469\" data-col-size=\"sm\">M\u1eb7t h\u00e0ng<\/th>\n<th class=\"\" data-start=\"2469\" data-end=\"2486\" data-col-size=\"md\">Th\u00f4ng s\u1ed1 k\u1ef9 thu\u1eadt<\/th>\n<\/tr>\n<\/thead>\n<tbody data-start=\"2511\" data-end=\"2740\">\n<tr data-start=\"2511\" data-end=\"2549\">\n<td data-start=\"2511\" data-end=\"2524\" data-col-size=\"sm\">C\u00f4ng su\u1ea5t<\/td>\n<td data-col-size=\"md\" data-start=\"2524\" data-end=\"2549\">\u2265 200 t\u1ea5m wafer m\u1ed7i gi\u1edd<\/td>\n<\/tr>\n<tr data-start=\"2550\" data-end=\"2580\">\n<td data-start=\"2550\" data-end=\"2565\" data-col-size=\"sm\">M\u1ee9c ch\u00e2n kh\u00f4ng<\/td>\n<td data-col-size=\"md\" data-start=\"2565\" data-end=\"2580\">&lt; 5E-7 Torr<\/td>\n<\/tr>\n<tr data-start=\"2581\" data-end=\"2612\">\n<td data-start=\"2581\" data-end=\"2597\" data-col-size=\"sm\">R\u00f2 r\u1ec9 tia X<\/td>\n<td data-col-size=\"md\" data-start=\"2597\" data-end=\"2612\">\u2264 0,6 \u03bcSv\/h<\/td>\n<\/tr>\n<tr data-start=\"2613\" data-end=\"2697\">\n<td data-start=\"2613\" data-end=\"2629\" data-col-size=\"sm\">Ch\u1ebf \u0111\u1ed9 qu\u00e9t<\/td>\n<td data-col-size=\"md\" data-start=\"2629\" data-end=\"2697\">Qu\u00e9t t\u0129nh \u0111i\u1ec7n ngang + qu\u00e9t c\u01a1 h\u1ecdc d\u1ecdc<\/td>\n<\/tr>\n<tr data-start=\"2698\" data-end=\"2740\">\n<td data-start=\"2698\" data-end=\"2715\" data-col-size=\"sm\">K\u00edch th\u01b0\u1edbc thi\u1ebft b\u1ecb<\/td>\n<td data-col-size=\"md\" data-start=\"2715\" data-end=\"2740\">5600 \u00d7 3300 \u00d7 2600 mm<\/td>\n<\/tr>\n<\/tbody>\n<\/table>\n<\/div>\n<\/div>\n<hr data-start=\"2742\" data-end=\"2745\" \/>\n<h2 data-section-id=\"1nd7jny\" data-start=\"2747\" data-end=\"2768\">L\u0129nh v\u1ef1c \u1ee9ng d\u1ee5ng<\/h2>\n<h3 data-section-id=\"y2e8l1\" data-start=\"2770\" data-end=\"2808\">S\u1ea3n xu\u1ea5t thi\u1ebft b\u1ecb b\u00e1n d\u1eabn<\/h3>\n<p data-start=\"2809\" data-end=\"2910\">\u0110\u01b0\u1ee3c s\u1eed d\u1ee5ng trong s\u1ea3n xu\u1ea5t thi\u1ebft b\u1ecb logic CMOS, gi\u00fap th\u1ef1c hi\u1ec7n qu\u00e1 tr\u00ecnh c\u1ea5y t\u1ea1p ch\u1ea5t ch\u00ednh x\u00e1c \u0111\u1ec3 t\u1ea1o ra c\u00e1c b\u00f3ng b\u00e1n d\u1eabn.<\/p>\n<h3 data-section-id=\"184zlsy\" data-start=\"2912\" data-end=\"2946\">S\u1ea3n xu\u1ea5t m\u1ea1ch t\u00edch h\u1ee3p<\/h3>\n<p data-start=\"2947\" data-end=\"3042\">\u0110\u01b0\u1ee3c \u1ee9ng d\u1ee5ng trong c\u00e1c quy tr\u00ecnh s\u1ea3n xu\u1ea5t LSI v\u00e0 IC ti\u00ean ti\u1ebfn \u0111\u00f2i h\u1ecfi kh\u1ea3 n\u0103ng ki\u1ec3m so\u00e1t \u0111\u1ed9 pha t\u1ea1p v\u1edbi \u0111\u1ed9 ch\u00ednh x\u00e1c cao.<\/p>\n<h3 data-section-id=\"l748la\" data-start=\"3044\" data-end=\"3083\">S\u1ef1 h\u00ecnh th\u00e0nh c\u00e1c \u0111i\u1ec3m n\u1ed1i n\u00f4ng v\u00e0 s\u00e2u<\/h3>\n<p data-start=\"3084\" data-end=\"3172\">H\u1ed7 tr\u1ee3 c\u00e1c quy tr\u00ecnh c\u1ea5y gh\u00e9p \u0111\u1ec3 \u0111i\u1ec1u ch\u1ec9nh c\u1ef1c ngu\u1ed3n\/c\u1ef1c tho\u00e1t v\u00e0 ki\u1ec3m so\u00e1t \u0111\u1ed9 s\u00e2u ti\u1ebfp gi\u00e1p.<\/p>\n<h3 data-section-id=\"oja97j\" data-start=\"3174\" data-end=\"3196\">K\u1ef9 thu\u1eadt pha t\u1ea1p<\/h3>\n<p data-start=\"3197\" data-end=\"3292\">\u0110\u01b0\u1ee3c s\u1eed d\u1ee5ng \u0111\u1ec3 \u0111i\u1ec1u ch\u1ec9nh c\u00e1c t\u00ednh ch\u1ea5t \u0111i\u1ec7n c\u1ee7a c\u00e1c t\u1ea5m silicon th\u00f4ng qua qu\u00e1 tr\u00ecnh c\u1ea5y ion ch\u00ednh x\u00e1c.<\/p>\n<h3 data-section-id=\"dpf9id\" data-start=\"3294\" data-end=\"3325\">Ph\u00e1t tri\u1ec3n quy tr\u00ecnh v\u00e0 Nghi\u00ean c\u1ee9u &amp; Ph\u00e1t tri\u1ec3n<\/h3>\n<p data-start=\"3326\" data-end=\"3428\">Ph\u00f9 h\u1ee3p cho vi\u1ec7c ph\u00e1t tri\u1ec3n quy tr\u00ecnh b\u00e1n d\u1eabn, s\u1ea3n xu\u1ea5t th\u1eed nghi\u1ec7m v\u00e0 ch\u1ebf t\u1ea1o thi\u1ebft b\u1ecb th\u00ed nghi\u1ec7m.<\/p>\n<hr data-start=\"3430\" data-end=\"3433\" \/>\n<h2 data-section-id=\"1r8frcv\" data-start=\"3435\" data-end=\"3464\">C\u00e2u h\u1ecfi th\u01b0\u1eddng g\u1eb7p<\/h2>\n<h3 data-section-id=\"kw7yja\" data-start=\"3466\" data-end=\"3512\">1. M\u00e1y Ai250 h\u1ed7 tr\u1ee3 c\u00e1c k\u00edch th\u01b0\u1edbc wafer n\u00e0o?<\/h3>\n<p data-start=\"3513\" data-end=\"3631\">H\u1ec7 th\u1ed1ng n\u00e0y h\u1ed7 tr\u1ee3 c\u00e1c t\u1ea5m silicon c\u00f3 k\u00edch th\u01b0\u1edbc 6 inch v\u00e0 8 inch, v\u00e0 ph\u00f9 h\u1ee3p v\u1edbi c\u00e1c d\u00e2y chuy\u1ec1n s\u1ea3n xu\u1ea5t b\u00e1n d\u1eabn th\u00f4ng d\u1ee5ng.<\/p>\n<h3 data-section-id=\"1ufru2j\" data-start=\"3633\" data-end=\"3678\">2. D\u1ea3i n\u0103ng l\u01b0\u1ee3ng c\u1ee7a h\u1ec7 th\u1ed1ng l\u00e0 bao nhi\u00eau?<\/h3>\n<p data-start=\"3679\" data-end=\"3810\">D\u1ea3i n\u0103ng l\u01b0\u1ee3ng n\u1eb1m trong kho\u1ea3ng t\u1eeb 5 keV \u0111\u1ebfn 250 keV, h\u1ed7 tr\u1ee3 c\u1ea3 c\u00e1c quy tr\u00ecnh c\u1ea5y ion \u1edf \u0111\u1ed9 s\u00e2u n\u00f4ng v\u00e0 s\u00e2u trong s\u1ea3n xu\u1ea5t thi\u1ebft b\u1ecb b\u00e1n d\u1eabn.<\/p>\n<h3 data-section-id=\"ce5nbe\" data-start=\"3812\" data-end=\"3873\">3. H\u1ec7 th\u1ed1ng \u0111\u1ea3m b\u1ea3o m\u1ee9c \u0111\u1ed9 ch\u00ednh x\u00e1c c\u1ee7a quy tr\u00ecnh \u1edf m\u1ee9c n\u00e0o?<\/h3>\n<p data-start=\"3874\" data-end=\"4052\">H\u1ec7 th\u1ed1ng n\u00e0y \u0111\u1ea3m b\u1ea3o \u0111\u1ed9 ch\u00ednh x\u00e1c g\u00f3c trong ph\u1ea1m vi 0,2\u00b0, \u0111\u1ed9 song song c\u1ee7a ch\u00f9m tia trong ph\u1ea1m vi 0,2\u00b0, c\u00f9ng \u0111\u1ed9 \u0111\u1ed3ng \u0111\u1ec1u v\u00e0 \u0111\u1ed9 l\u1eb7p l\u1ea1i trong ph\u1ea1m vi 0,5%, t\u1eeb \u0111\u00f3 \u0111\u1ea3m b\u1ea3o hi\u1ec7u su\u1ea5t s\u1ea3n xu\u1ea5t \u1ed5n \u0111\u1ecbnh v\u00e0 n\u0103ng su\u1ea5t cao.<\/p>","protected":false},"excerpt":{"rendered":"<p>H\u1ec7 th\u1ed1ng c\u1ea5y ion Ai250 (ch\u00f9m tia trung b\u00ecnh) \u0111\u01b0\u1ee3c thi\u1ebft k\u1ebf d\u00e0nh cho c\u00e1c d\u00e2y chuy\u1ec1n s\u1ea3n xu\u1ea5t b\u00e1n d\u1eabn s\u1eed d\u1ee5ng t\u1ea5m silicon 6 inch v\u00e0 8 inch. \u0110\u00e2y l\u00e0 thi\u1ebft b\u1ecb c\u1ea5y ion d\u00f2ng \u0111i\u1ec7n trung b\u00ecnh \u0111\u01b0\u1ee3c s\u1eed d\u1ee5ng trong c\u00e1c quy tr\u00ecnh s\u1ea3n xu\u1ea5t m\u1ea1ch t\u00edch h\u1ee3p ti\u00ean ti\u1ebfn, mang l\u1ea1i hi\u1ec7u su\u1ea5t ch\u00f9m tia \u1ed5n \u0111\u1ecbnh, \u0111\u1ed9 ch\u00ednh x\u00e1c c\u1ea5y cao v\u00e0 kh\u1ea3 n\u0103ng ki\u1ec3m so\u00e1t li\u1ec1u l\u01b0\u1ee3ng \u0111\u00e1ng tin c\u1eady.<\/p>","protected":false},"featured_media":2347,"comment_status":"open","ping_status":"closed","template":"","meta":{"site-sidebar-layout":"default","site-content-layout":"","ast-site-content-layout":"default","site-content-style":"default","site-sidebar-style":"default","ast-global-header-display":"","ast-banner-title-visibility":"","ast-main-header-display":"","ast-hfb-above-header-display":"","ast-hfb-below-header-display":"","ast-hfb-mobile-header-display":"","site-post-title":"","ast-breadcrumbs-content":"","ast-featured-img":"","footer-sml-layout":"","ast-disable-related-posts":"","theme-transparent-header-meta":"default","adv-header-id-meta":"","stick-header-meta":"default","header-above-stick-meta":"","header-main-stick-meta":"","header-below-stick-meta":"","astra-migrate-meta-layouts":"set","ast-page-background-enabled":"default","ast-page-background-meta":{"desktop":{"background-color":"var(--ast-global-color-4)","background-image":"","background-repeat":"repeat","background-position":"center center","background-size":"auto","background-attachment":"scroll","background-type":"","background-media":"","overlay-type":"","overlay-color":"","overlay-opacity":"","overlay-gradient":""},"tablet":{"background-color":"","background-image":"","background-repeat":"repeat","background-position":"center center","background-size":"auto","background-attachment":"scroll","background-type":"","background-media":"","overlay-type":"","overlay-color":"","overlay-opacity":"","overlay-gradient":""},"mobile":{"background-color":"","background-image":"","background-repeat":"repeat","background-position":"center center","background-size":"auto","background-attachment":"scroll","background-type":"","background-media":"","overlay-type":"","overlay-color":"","overlay-opacity":"","overlay-gradient":""}},"ast-content-background-meta":{"desktop":{"background-color":"var(--ast-global-color-5)","background-image":"","background-repeat":"repeat","background-position":"center center","background-size":"auto","background-attachment":"scroll","background-type":"","background-media":"","overlay-type":"","overlay-color":"","overlay-opacity":"","overlay-gradient":""},"tablet":{"background-color":"var(--ast-global-color-5)","background-image":"","background-repeat":"repeat","background-position":"center center","background-size":"auto","background-attachment":"scroll","background-type":"","background-media":"","overlay-type":"","overlay-color":"","overlay-opacity":"","overlay-gradient":""},"mobile":{"background-color":"var(--ast-global-color-5)","background-image":"","background-repeat":"repeat","background-position":"center center","background-size":"auto","background-attachment":"scroll","background-type":"","background-media":"","overlay-type":"","overlay-color":"","overlay-opacity":"","overlay-gradient":""}}},"product_brand":[],"product_cat":[1177],"product_tag":[1189,1190,1191,1193,1178,1192,1186,1185,1188,1187],"class_list":{"0":"post-2346","1":"product","2":"type-product","3":"status-publish","4":"has-post-thumbnail","6":"product_cat-ion-implantation-equipment","7":"product_tag-6-inch-wafer-equipment","8":"product_tag-8-inch-wafer-processing","9":"product_tag-cmos-manufacturing-equipment","10":"product_tag-high-current-ion-implantation","11":"product_tag-ion-implantation-system","12":"product_tag-lsi-process-equipment","13":"product_tag-medium-beam-ion-implanter","14":"product_tag-semiconductor-fabrication-equipment","15":"product_tag-semiconductor-implantation-machine","16":"product_tag-silicon-wafer-doping-equipment","17":"desktop-align-left","18":"tablet-align-left","19":"mobile-align-left","20":"ast-product-gallery-layout-horizontal-slider","21":"ast-product-gallery-with-no-image","22":"ast-product-tabs-layout-horizontal","24":"first","25":"instock","26":"shipping-taxable","27":"product-type-simple"},"_links":{"self":[{"href":"https:\/\/www.zmsh-semitech.com\/vi\/wp-json\/wp\/v2\/product\/2346","targetHints":{"allow":["GET"]}}],"collection":[{"href":"https:\/\/www.zmsh-semitech.com\/vi\/wp-json\/wp\/v2\/product"}],"about":[{"href":"https:\/\/www.zmsh-semitech.com\/vi\/wp-json\/wp\/v2\/types\/product"}],"replies":[{"embeddable":true,"href":"https:\/\/www.zmsh-semitech.com\/vi\/wp-json\/wp\/v2\/comments?post=2346"}],"version-history":[{"count":2,"href":"https:\/\/www.zmsh-semitech.com\/vi\/wp-json\/wp\/v2\/product\/2346\/revisions"}],"predecessor-version":[{"id":2374,"href":"https:\/\/www.zmsh-semitech.com\/vi\/wp-json\/wp\/v2\/product\/2346\/revisions\/2374"}],"wp:featuredmedia":[{"embeddable":true,"href":"https:\/\/www.zmsh-semitech.com\/vi\/wp-json\/wp\/v2\/media\/2347"}],"wp:attachment":[{"href":"https:\/\/www.zmsh-semitech.com\/vi\/wp-json\/wp\/v2\/media?parent=2346"}],"wp:term":[{"taxonomy":"product_brand","embeddable":true,"href":"https:\/\/www.zmsh-semitech.com\/vi\/wp-json\/wp\/v2\/product_brand?post=2346"},{"taxonomy":"product_cat","embeddable":true,"href":"https:\/\/www.zmsh-semitech.com\/vi\/wp-json\/wp\/v2\/product_cat?post=2346"},{"taxonomy":"product_tag","embeddable":true,"href":"https:\/\/www.zmsh-semitech.com\/vi\/wp-json\/wp\/v2\/product_tag?post=2346"}],"curies":[{"name":"wp","href":"https:\/\/api.w.org\/{rel}","templated":true}]}}