{"id":2254,"date":"2026-04-15T05:46:39","date_gmt":"2026-04-15T05:46:39","guid":{"rendered":"https:\/\/www.zmsh-semitech.com\/?post_type=product&#038;p=2254"},"modified":"2026-04-15T06:50:20","modified_gmt":"2026-04-15T06:50:20","slug":"8-inch-high-purity-fused-quartz-wafer-200mm-for-precision-sensors-and-optical-applications","status":"publish","type":"product","link":"https:\/\/www.zmsh-semitech.com\/vi\/product\/8-inch-high-purity-fused-quartz-wafer-200mm-for-precision-sensors-and-optical-applications\/","title":{"rendered":"T\u1ea5m th\u1ea1ch anh nung ch\u1ea3y c\u00f3 \u0111\u1ed9 tinh khi\u1ebft cao 8 inch (200 mm) d\u00f9ng cho c\u1ea3m bi\u1ebfn ch\u00ednh x\u00e1c v\u00e0 c\u00e1c \u1ee9ng d\u1ee5ng quang h\u1ecdc"},"content":{"rendered":"<p data-start=\"363\" data-end=\"808\"><img fetchpriority=\"high\" decoding=\"async\" class=\"size-medium wp-image-2491 alignleft\" src=\"https:\/\/www.fuyao-quartz.com\/wp-content\/uploads\/2026\/03\/8inch_quartz_wafer_diameter_200mm_ttv_10_m_ra_1_0_nm_for_high_precision_sensors2-300x300.jpg\" alt=\"\" width=\"300\" height=\"300\" \/>T\u1ea5m wafer th\u1ea1ch anh nung ch\u1ea3y 8 inch l\u00e0 ch\u1ea5t n\u1ec1n th\u1ea1ch anh t\u1ed5ng h\u1ee3p c\u00f3 \u0111\u1ed9 tinh khi\u1ebft cao (SiO\u2082 \u226599,991%) \u0111\u01b0\u1ee3c thi\u1ebft k\u1ebf d\u00e0nh ri\u00eang cho c\u00e1c \u1ee9ng d\u1ee5ng \u0111\u00f2i h\u1ecfi \u0111\u1ed9 ch\u00ednh x\u00e1c cao trong c\u00e1c h\u1ec7 th\u1ed1ng b\u00e1n d\u1eabn, MEMS, quang h\u1ecdc v\u00e0 laser. V\u1edbi h\u1ec7 s\u1ed1 gi\u00e3n n\u1edf nhi\u1ec7t c\u1ef1c th\u1ea5p, kh\u1ea3 n\u0103ng truy\u1ec1n qua tia UV-IR v\u01b0\u1ee3t tr\u1ed9i v\u00e0 kh\u1ea3 n\u0103ng ch\u1ed1ng h\u00f3a ch\u1ea5t tuy\u1ec7t v\u1eddi, s\u1ea3n ph\u1ea9m n\u00e0y l\u00e0 l\u1ef1a ch\u1ecdn l\u00fd t\u01b0\u1edfng cho c\u00e1c m\u00f4i tr\u01b0\u1eddng \u0111\u00f2i h\u1ecfi kh\u1eaft khe nh\u01b0 quang kh\u1eafc, \u0103n m\u00f2n, l\u1eafng \u0111\u1ecdng m\u00e0ng m\u1ecfng v\u00e0 s\u1ea3n xu\u1ea5t c\u1ea3m bi\u1ebfn \u0111\u1ed9 ch\u00ednh x\u00e1c cao.<\/p>\n<p data-start=\"810\" data-end=\"1058\">M\u1ed7i t\u1ea5m wafer \u0111\u1ec1u \u0111\u01b0\u1ee3c s\u1ea3n xu\u1ea5t c\u1ea9n th\u1eadn d\u01b0\u1edbi s\u1ef1 ki\u1ec3m so\u00e1t ch\u1ea5t l\u01b0\u1ee3ng nghi\u00eam ng\u1eb7t trong m\u00f4i tr\u01b0\u1eddng ph\u00f2ng s\u1ea1ch \u0111\u1ec3 \u0111\u1ea3m b\u1ea3o \u0111\u1ed9 ph\u1eb3ng, \u0111\u1ed9 nh\u1eb5n b\u1ec1 m\u1eb7t v\u00e0 \u0111\u1ed9 tinh khi\u1ebft v\u01b0\u1ee3t tr\u1ed9i. \u0110i\u1ec1u n\u00e0y \u0111\u1ea3m b\u1ea3o hi\u1ec7u su\u1ea5t \u0111\u00e1ng tin c\u1eady cho c\u00e1c \u1ee9ng d\u1ee5ng quan tr\u1ecdng trong l\u0129nh v\u1ef1c c\u00f4ng nghi\u1ec7p, nghi\u00ean c\u1ee9u v\u00e0 h\u00e0ng kh\u00f4ng v\u0169 tr\u1ee5.<\/p>\n<h3 data-start=\"1065\" data-end=\"1096\">C\u00e1c t\u00ednh n\u0103ng v\u00e0 \u01b0u \u0111i\u1ec3m ch\u00ednh<\/h3>\n<ul data-start=\"1098\" data-end=\"2065\">\n<li data-section-id=\"kgj1c0\" data-start=\"1098\" data-end=\"1198\">\n<p data-start=\"1100\" data-end=\"1198\"><strong data-start=\"1100\" data-end=\"1131\">\u0110\u1ed9 tinh khi\u1ebft c\u1ef1c cao (\u226599,991%)<\/strong>: Gi\u1ea3m thi\u1ec3u \u00f4 nhi\u1ec5m trong c\u00e1c quy tr\u00ecnh s\u1ea3n xu\u1ea5t b\u00e1n d\u1eabn v\u00e0 quang h\u1ecdc.<\/p>\n<\/li>\n<li data-section-id=\"7e6lqo\" data-start=\"1199\" data-end=\"1328\">\n<p data-start=\"1201\" data-end=\"1328\"><strong data-start=\"1201\" data-end=\"1234\">\u0110\u1ed9 \u1ed5n \u0111\u1ecbnh nhi\u1ec7t v\u01b0\u1ee3t tr\u1ed9i<\/strong>: \u0110i\u1ec3m n\u00f3ng ch\u1ea3y ~1683\u00b0C, c\u00f3 th\u1ec3 ch\u1ecbu \u0111\u01b0\u1ee3c nhi\u1ec7t \u0111\u1ed9 l\u00ean \u0111\u1ebfn 1450\u00b0C trong th\u1eddi gian ng\u1eafn \u0111\u1ed1i v\u1edbi c\u00e1c quy tr\u00ecnh nhi\u1ec7t \u0111\u1ed9 cao.<img decoding=\"async\" class=\"size-medium wp-image-2488 alignright\" src=\"https:\/\/www.fuyao-quartz.com\/wp-content\/uploads\/2026\/03\/8inch_quartz_wafer_diameter_200mm_ttv_10_m_ra_1_0_nm_for_high_precision_sensors4-300x300.jpg\" alt=\"\" width=\"300\" height=\"300\" \/><\/p>\n<\/li>\n<li data-section-id=\"pxp023\" data-start=\"1329\" data-end=\"1433\">\n<p data-start=\"1331\" data-end=\"1433\"><strong data-start=\"1331\" data-end=\"1378\">H\u1ec7 s\u1ed1 gi\u00e3n n\u1edf nhi\u1ec7t c\u1ef1c th\u1ea5p (0,55 \u00d7 10\u207b\u2076\/K)<\/strong>: \u0110\u1ea3m b\u1ea3o \u0111\u1ed9 \u1ed5n \u0111\u1ecbnh k\u00edch th\u01b0\u1edbc khi ch\u1ecbu t\u00e1c \u0111\u1ed9ng c\u1ee7a nhi\u1ec7t.<\/p>\n<\/li>\n<li data-section-id=\"14xwsrz\" data-start=\"1434\" data-end=\"1557\">\n<p data-start=\"1436\" data-end=\"1557\"><strong data-start=\"1436\" data-end=\"1469\">Kh\u1ea3 n\u0103ng truy\u1ec1n d\u1eabn quang h\u1ecdc v\u01b0\u1ee3t tr\u1ed9i<\/strong>: D\u1ea3i tia c\u1ef1c t\u00edm v\u00e0 h\u1ed3ng ngo\u1ea1i (UV-IR) t\u1eeb 185 nm \u0111\u1ebfn 2,5 \u00b5m, l\u00fd t\u01b0\u1edfng cho quang kh\u1eafc, quang h\u1ecdc laser v\u00e0 c\u1ea3m bi\u1ebfn tia c\u1ef1c t\u00edm.<\/p>\n<\/li>\n<li data-section-id=\"yw53fa\" data-start=\"1558\" data-end=\"1678\">\n<p data-start=\"1560\" data-end=\"1678\"><strong data-start=\"1560\" data-end=\"1584\">Ch\u1ea5t l\u01b0\u1ee3ng b\u1ec1 m\u1eb7t cao<\/strong>: Ra \u22641,0 nm v\u00e0 TTV \u226410 \u00b5m \u0111\u1ec3 \u0111\u1ea3m b\u1ea3o qu\u00e1 tr\u00ecnh l\u1eafng \u0111\u1ecdng m\u00e0ng m\u1ecfng \u0111\u1ed3ng \u0111\u1ec1u v\u00e0 t\u00edch h\u1ee3p c\u1ea3m bi\u1ebfn ch\u00ednh x\u00e1c.<\/p>\n<\/li>\n<li data-section-id=\"w93pn9\" data-start=\"1679\" data-end=\"1805\">\n<p data-start=\"1681\" data-end=\"1805\"><strong data-start=\"1681\" data-end=\"1704\">Kh\u1ea3 n\u0103ng ch\u1ecbu h\u00f3a ch\u1ea5t<\/strong>: Ch\u1ecbu \u0111\u01b0\u1ee3c h\u1ea7u h\u1ebft c\u00e1c lo\u1ea1i axit (tr\u1eeb HF) v\u00e0 ki\u1ec1m, th\u00edch h\u1ee3p cho qu\u00e1 tr\u00ecnh \u0103n m\u00f2n \u01b0\u1edbt v\u00e0 c\u00e1c m\u00f4i tr\u01b0\u1eddng kh\u1eafc nghi\u1ec7t.<\/p>\n<\/li>\n<li data-section-id=\"1n1qt20\" data-start=\"1806\" data-end=\"1915\">\n<p data-start=\"1808\" data-end=\"1915\"><strong data-start=\"1808\" data-end=\"1855\">Kh\u1ea3 n\u0103ng ch\u1ed1ng b\u1ee9c x\u1ea1 v\u00e0 \u0111\u1ed9 \u1ed5n \u0111\u1ecbnh \u0111i\u1ec7n m\u00f4i<\/strong>: H\u1ed7 tr\u1ee3 c\u00e1c \u1ee9ng d\u1ee5ng trong l\u0129nh v\u1ef1c h\u00e0ng kh\u00f4ng v\u0169 tr\u1ee5 v\u00e0 v\u1eadt l\u00fd n\u0103ng l\u01b0\u1ee3ng cao.<\/p>\n<\/li>\n<li data-section-id=\"dgvd7c\" data-start=\"1916\" data-end=\"2065\">\n<p data-start=\"1918\" data-end=\"2065\"><strong data-start=\"1918\" data-end=\"1949\">H\u00ecnh d\u1ea1ng v\u00e0 k\u00edch th\u01b0\u1edbc c\u00f3 th\u1ec3 t\u00f9y ch\u1ec9nh<\/strong>: C\u00e1c t\u1ea5m wafer h\u00ecnh tr\u00f2n, h\u00ecnh vu\u00f4ng, h\u00ecnh v\u00f2ng ho\u1eb7c h\u00ecnh qu\u1ea1t, c\u00f3 th\u1ec3 t\u00f9y ch\u1ecdn d\u1ecbch v\u1ee5 \u0111\u00e1nh b\u00f3ng, ph\u1ee7 l\u1edbp AR\/IR\/DLC v\u00e0 gia c\u00f4ng vi c\u01a1 \u0111i\u1ec7n t\u1eed.<\/p>\n<\/li>\n<\/ul>\n<h3 data-start=\"2072\" data-end=\"2090\"><strong data-start=\"2072\" data-end=\"2088\">\u1ee8ng d\u1ee5ng<\/strong><\/h3>\n<div class=\"TyagGW_tableContainer\">\n<div class=\"group TyagGW_tableWrapper flex flex-col-reverse w-fit\" tabindex=\"-1\">\n<table class=\"w-fit min-w-(--thread-content-width)\" data-start=\"2092\" data-end=\"3021\">\n<thead data-start=\"2092\" data-end=\"2128\">\n<tr data-start=\"2092\" data-end=\"2128\">\n<th class=\"\" data-start=\"2092\" data-end=\"2103\" data-col-size=\"sm\">Ng\u00e0nh c\u00f4ng nghi\u1ec7p<\/th>\n<th class=\"\" data-start=\"2103\" data-end=\"2117\" data-col-size=\"md\">\u0110\u01a1n \u0111\u0103ng k\u00fd<\/th>\n<th class=\"\" data-start=\"2117\" data-end=\"2128\" data-col-size=\"md\">L\u1ee3i \u00edch<\/th>\n<\/tr>\n<\/thead>\n<tbody data-start=\"2165\" data-end=\"3021\">\n<tr data-start=\"2165\" data-end=\"2329\">\n<td data-start=\"2165\" data-end=\"2181\" data-col-size=\"sm\">B\u00e1n d\u1eabn<\/td>\n<td data-start=\"2181\" data-end=\"2242\" data-col-size=\"md\">Ch\u1ea5t n\u1ec1n cho khu\u00f4n quang, \u0111\u1ebf kh\u1eafc, \u0111\u1ec7m \u0111\u00e1nh b\u00f3ng CMP<\/td>\n<td data-col-size=\"md\" data-start=\"2242\" data-end=\"2329\">\u0110\u1ed9 \u1ed5n \u0111\u1ecbnh \u1edf nhi\u1ec7t \u0111\u1ed9 cao, t\u1ef7 l\u1ec7 khuy\u1ebft t\u1eadt c\u1ef1c th\u1ea5p, \u0111\u1ea3m b\u1ea3o \u0111\u1ed9 ch\u00ednh x\u00e1c trong qu\u00e1 tr\u00ecnh s\u1ea3n xu\u1ea5t chip<\/td>\n<\/tr>\n<tr data-start=\"2330\" data-end=\"2462\">\n<td data-start=\"2330\" data-end=\"2346\" data-col-size=\"sm\">N\u0103ng l\u01b0\u1ee3ng m\u1eb7t tr\u1eddi<\/td>\n<td data-col-size=\"md\" data-start=\"2346\" data-end=\"2402\">T\u1ea5m wafer d\u00f9ng trong quy tr\u00ecnh PECVD, ch\u1ea5t n\u1ec1n \u0111\u1ec3 l\u1eafng \u0111\u1ecdng m\u00e0ng m\u1ecfng<\/td>\n<td data-col-size=\"md\" data-start=\"2402\" data-end=\"2462\">Kh\u1ea3 n\u0103ng ch\u1ecbu s\u1ed1c nhi\u1ec7t, gi\u00fap n\u00e2ng cao hi\u1ec7u su\u1ea5t c\u1ee7a t\u1ebf b\u00e0o quang \u0111i\u1ec7n<\/td>\n<\/tr>\n<tr data-start=\"2463\" data-end=\"2611\">\n<td data-start=\"2463\" data-end=\"2481\" data-col-size=\"sm\">Quang \u0111i\u1ec7n t\u1eed<\/td>\n<td data-col-size=\"md\" data-start=\"2481\" data-end=\"2533\">Ch\u1ea5t n\u1ec1n LED\/LD, c\u1eeda s\u1ed5 laser, c\u1ea3m bi\u1ebfn quang h\u1ecdc<\/td>\n<td data-col-size=\"md\" data-start=\"2533\" data-end=\"2611\">\u0110\u1ed9 truy\u1ec1n qua tia UV-IR cao, \u0111\u1ed9 t\u1ef1 ph\u00e1t quang th\u1ea5p, gi\u00fap n\u00e2ng cao hi\u1ec7u su\u1ea5t c\u1ee7a thi\u1ebft b\u1ecb<\/td>\n<\/tr>\n<tr data-start=\"2612\" data-end=\"2755\">\n<td data-start=\"2612\" data-end=\"2631\" data-col-size=\"sm\">Quang h\u1ecdc ch\u00ednh x\u00e1c<\/td>\n<td data-col-size=\"md\" data-start=\"2631\" data-end=\"2685\">Ch\u1ea5t n\u1ec1n th\u1ea5u k\u00ednh, l\u0103ng k\u00ednh, b\u1ed9 chia tia, c\u1eeda s\u1ed5 h\u1ed3ng ngo\u1ea1i<\/td>\n<td data-col-size=\"md\" data-start=\"2685\" data-end=\"2755\">\u0110\u1ed9 gi\u00e3n n\u1edf nhi\u1ec7t th\u1ea5p, \u0111\u1ed9 \u0111\u1ed3ng nh\u1ea5t cao, \u0111\u1ea3m b\u1ea3o t\u00ednh \u1ed5n \u0111\u1ecbnh quang h\u1ecdc<\/td>\n<\/tr>\n<tr data-start=\"2756\" data-end=\"2891\">\n<td data-start=\"2756\" data-end=\"2773\" data-col-size=\"sm\">Nghi\u00ean c\u1ee9u &amp; Ph\u00f2ng th\u00ed nghi\u1ec7m<\/td>\n<td data-col-size=\"md\" data-start=\"2773\" data-end=\"2837\">B\u1ee9c x\u1ea1 synchrotron, c\u00e1c th\u00ed nghi\u1ec7m VUV, c\u00e1c thi\u1ebft b\u1ecb d\u00f2 n\u0103ng l\u01b0\u1ee3ng cao<\/td>\n<td data-col-size=\"md\" data-start=\"2837\" data-end=\"2891\">Ch\u1ed1ng b\u1ee9c x\u1ea1, ch\u1ecbu \u0111\u01b0\u1ee3c \u0111i\u1ec1u ki\u1ec7n kh\u1eafc nghi\u1ec7t<\/td>\n<\/tr>\n<tr data-start=\"2892\" data-end=\"3021\">\n<td data-start=\"2892\" data-end=\"2904\" data-col-size=\"sm\">H\u00e0ng kh\u00f4ng v\u0169 tr\u1ee5<\/td>\n<td data-col-size=\"md\" data-start=\"2904\" data-end=\"2969\">C\u1eeda s\u1ed5 quang h\u1ecdc v\u1ec7 tinh, t\u1ea5m quan s\u00e1t ch\u1ecbu nhi\u1ec7t \u0111\u1ed9 cao<\/td>\n<td data-col-size=\"md\" data-start=\"2969\" data-end=\"3021\">Kh\u1ea3 n\u0103ng ch\u1ecbu s\u1ed1c nhi\u1ec7t, \u0111\u1ed9 tin c\u1eady \u0111\u1ea1t ti\u00eau chu\u1ea9n v\u0169 tr\u1ee5<\/td>\n<\/tr>\n<\/tbody>\n<\/table>\n<\/div>\n<\/div>\n<h3 data-start=\"3028\" data-end=\"3058\"><strong data-start=\"3028\" data-end=\"3056\">Th\u00f4ng s\u1ed1 k\u1ef9 thu\u1eadt<\/strong><\/h3>\n<div class=\"TyagGW_tableContainer\">\n<div class=\"group TyagGW_tableWrapper flex flex-col-reverse w-fit\" tabindex=\"-1\">\n<table class=\"w-fit min-w-(--thread-content-width)\" data-start=\"3060\" data-end=\"3704\">\n<thead data-start=\"3060\" data-end=\"3089\">\n<tr data-start=\"3060\" data-end=\"3089\">\n<th class=\"\" data-start=\"3060\" data-end=\"3072\" data-col-size=\"sm\">Tham s\u1ed1<\/th>\n<th class=\"\" data-start=\"3072\" data-end=\"3089\" data-col-size=\"md\">Th\u00f4ng s\u1ed1 k\u1ef9 thu\u1eadt<\/th>\n<\/tr>\n<\/thead>\n<tbody data-start=\"3120\" data-end=\"3704\">\n<tr data-start=\"3120\" data-end=\"3172\">\n<td data-start=\"3120\" data-end=\"3131\" data-col-size=\"sm\">Ch\u1ea5t li\u1ec7u<\/td>\n<td data-col-size=\"md\" data-start=\"3131\" data-end=\"3172\">Th\u1ea1ch anh t\u1ed5ng h\u1ee3p (SiO\u2082 \u226599,991%)<\/td>\n<\/tr>\n<tr data-start=\"3173\" data-end=\"3203\">\n<td data-start=\"3173\" data-end=\"3184\" data-col-size=\"sm\">\u0110\u01b0\u1eddng k\u00ednh<\/td>\n<td data-col-size=\"md\" data-start=\"3184\" data-end=\"3203\">200 mm (8 inch)<\/td>\n<\/tr>\n<tr data-start=\"3204\" data-end=\"3257\">\n<td data-start=\"3204\" data-end=\"3222\" data-col-size=\"sm\">Ph\u1ea1m vi \u0111\u1ed9 d\u00e0y<\/td>\n<td data-col-size=\"md\" data-start=\"3222\" data-end=\"3257\">100 \u00b5m \u2013 3000 \u00b5m (c\u00f3 th\u1ec3 t\u00f9y ch\u1ec9nh)<\/td>\n<\/tr>\n<tr data-start=\"3258\" data-end=\"3302\">\n<td data-start=\"3258\" data-end=\"3292\" data-col-size=\"sm\">\u0110\u1ed9 dao \u0111\u1ed9ng t\u1ed5ng th\u1ec3 v\u1ec1 \u0111\u1ed9 d\u00e0y (TTV)<\/td>\n<td data-col-size=\"md\" data-start=\"3292\" data-end=\"3302\">\u226410 \u00b5m<\/td>\n<\/tr>\n<tr data-start=\"3303\" data-end=\"3339\">\n<td data-start=\"3303\" data-end=\"3328\" data-col-size=\"sm\">\u0110\u1ed9 nh\u00e1m b\u1ec1 m\u1eb7t (Ra)<\/td>\n<td data-col-size=\"md\" data-start=\"3328\" data-end=\"3339\">\u22641,0 nm<\/td>\n<\/tr>\n<tr data-start=\"3340\" data-end=\"3378\">\n<td data-start=\"3340\" data-end=\"3365\" data-col-size=\"sm\">T\u1ed5ng h\u00e0m l\u01b0\u1ee3ng t\u1ea1p ch\u1ea5t<\/td>\n<td data-col-size=\"md\" data-start=\"3365\" data-end=\"3378\">\u22642,0 \u00b5g\/g<\/td>\n<\/tr>\n<tr data-start=\"3379\" data-end=\"3439\">\n<td data-start=\"3379\" data-end=\"3411\" data-col-size=\"sm\">H\u1ec7 s\u1ed1 gi\u00e3n n\u1edf nhi\u1ec7t<\/td>\n<td data-col-size=\"md\" data-start=\"3411\" data-end=\"3439\">0,55 \u00d7 10\u207b\u2076\/K (20\u2013300\u00b0C)<\/td>\n<\/tr>\n<tr data-start=\"3440\" data-end=\"3516\">\n<td data-start=\"3440\" data-end=\"3465\" data-col-size=\"sm\">Kh\u1ea3 n\u0103ng ch\u1ecbu nhi\u1ec7t<\/td>\n<td data-col-size=\"md\" data-start=\"3465\" data-end=\"3516\">\u0110i\u1ec3m n\u00f3ng ch\u1ea3y: 1683\u00b0C, trong th\u1eddi gian ng\u1eafn l\u00ean \u0111\u1ebfn 1450\u00b0C<\/td>\n<\/tr>\n<tr data-start=\"3517\" data-end=\"3557\">\n<td data-start=\"3517\" data-end=\"3536\" data-col-size=\"sm\">\u0110\u1ed9 truy\u1ec1n qua tia UV<\/td>\n<td data-start=\"3536\" data-end=\"3557\" data-col-size=\"md\">&gt;90% (200\u2013260 nm)<\/td>\n<\/tr>\n<tr data-start=\"3558\" data-end=\"3607\">\n<td data-start=\"3558\" data-end=\"3577\" data-col-size=\"sm\">\u0110\u1ed9 ph\u1eb3ng b\u1ec1 m\u1eb7t<\/td>\n<td data-start=\"3577\" data-end=\"3607\" data-col-size=\"md\">\u0110\u1ed9 ch\u00ednh x\u00e1c cao, TTV \u226410 \u00b5m<\/td>\n<\/tr>\n<tr data-start=\"3608\" data-end=\"3669\">\n<td data-start=\"3608\" data-end=\"3624\" data-col-size=\"sm\">T\u00f9y ch\u1ecdn h\u00ecnh d\u1ea1ng<\/td>\n<td data-start=\"3624\" data-end=\"3669\" data-col-size=\"md\">H\u00ecnh tr\u00f2n (ti\u00eau chu\u1ea9n), c\u00f3 s\u1eb5n c\u00e1c h\u00ecnh d\u1ea1ng t\u00f9y ch\u1ec9nh<\/td>\n<\/tr>\n<tr data-start=\"3670\" data-end=\"3704\">\n<td data-start=\"3670\" data-end=\"3687\" data-col-size=\"sm\">Ch\u1ee9ng ch\u1ec9<\/td>\n<td data-start=\"3687\" data-end=\"3704\" data-col-size=\"md\">RoHS, ISO 9001<\/td>\n<\/tr>\n<\/tbody>\n<\/table>\n<\/div>\n<\/div>\n<h3 data-start=\"3711\" data-end=\"3720\"><strong data-start=\"3711\" data-end=\"3718\"><img decoding=\"async\" class=\"size-medium wp-image-2487 alignleft\" src=\"https:\/\/www.fuyao-quartz.com\/wp-content\/uploads\/2026\/03\/8inch_quartz_wafer_diameter_200mm_ttv_10_m_ra_1_0_nm_for_high_precision_sensors3-300x300.jpg\" alt=\"\" width=\"300\" height=\"300\" \/>C\u00e2u h\u1ecfi th\u01b0\u1eddng g\u1eb7p<\/strong><\/h3>\n<ol data-start=\"3722\" data-end=\"4461\">\n<li data-section-id=\"1p6zuwb\" data-start=\"3722\" data-end=\"3925\">\n<p data-start=\"3725\" data-end=\"3925\"><strong data-start=\"3725\" data-end=\"3789\">H\u1ecfi: \u0110\u1ed9 d\u00e0y ti\u00eau chu\u1ea9n c\u1ee7a m\u1ed9t t\u1ea5m th\u1ea1ch anh 8 inch l\u00e0 bao nhi\u00eau?<\/strong><br data-start=\"3789\" data-end=\"3792\" \/><strong data-start=\"3795\" data-end=\"3801\">A:<\/strong> \u0110\u1ed9 d\u00e0y ti\u00eau chu\u1ea9n l\u00e0 0,5\u20131,0 mm, v\u1edbi c\u00e1c t\u00f9y ch\u1ecdn t\u00f9y ch\u1ec9nh l\u00ean \u0111\u1ebfn 10 mm d\u00e0nh cho c\u00e1c \u1ee9ng d\u1ee5ng chuy\u00ean d\u1ee5ng trong l\u0129nh v\u1ef1c b\u00e1n d\u1eabn v\u00e0 quang h\u1ecdc.<\/p>\n<\/li>\n<li data-section-id=\"douphg\" data-start=\"3927\" data-end=\"4215\">\n<p data-start=\"3930\" data-end=\"4215\"><strong data-start=\"3930\" data-end=\"3988\">C\u00e2u h\u1ecfi: T\u1ea1i sao n\u00ean ch\u1ecdn t\u1ea5m th\u1ea1ch anh nung ch\u1ea3y thay v\u00ec t\u1ea5m silicon?<\/strong><br data-start=\"3988\" data-end=\"3991\" \/><strong data-start=\"3994\" data-end=\"4000\">A:<\/strong> T\u1ea5m th\u1ea1ch anh nung ch\u1ea3y c\u00f3 \u0111\u1ed9 trong su\u1ed1t v\u1edbi tia UV v\u01b0\u1ee3t tr\u1ed9i, \u0111\u1ed9 \u1ed5n \u0111\u1ecbnh nhi\u1ec7t cao h\u01a1n (l\u00ean \u0111\u1ebfn 1730\u00b0C), kh\u1ea3 n\u0103ng ch\u1ed1ng h\u00f3a ch\u1ea5t v\u00e0 \u0111\u1ed9 \u1ed5n \u0111\u1ecbnh k\u00edch th\u01b0\u1edbc, khi\u1ebfn ch\u00fang tr\u1edf th\u00e0nh l\u1ef1a ch\u1ecdn l\u00fd t\u01b0\u1edfng cho c\u00e1c quy tr\u00ecnh in th\u1ea1ch b\u1ea3n c\u00f3 \u0111\u1ed9 ch\u00ednh x\u00e1c cao v\u00e0 c\u00e1c quy tr\u00ecnh x\u1eed l\u00fd kh\u1eafc nghi\u1ec7t.<\/p>\n<\/li>\n<li data-section-id=\"1mys3u\" data-start=\"4217\" data-end=\"4461\">\n<p data-start=\"4220\" data-end=\"4461\"><strong data-start=\"4220\" data-end=\"4287\">H\u1ecfi: FUYAO c\u00f3 th\u1ec3 cung c\u1ea5p c\u00e1c lo\u1ea1i wafer c\u00f3 h\u00ecnh d\u1ea1ng v\u00e0 x\u1eed l\u00fd b\u1ec1 m\u1eb7t theo y\u00eau c\u1ea7u kh\u00f4ng?<\/strong><br data-start=\"4287\" data-end=\"4290\" \/><strong data-start=\"4293\" data-end=\"4299\">A:<\/strong> \u0110\u00fang v\u1eady. C\u00e1c l\u1ef1a ch\u1ecdn bao g\u1ed3m c\u00e1c t\u1ea5m wafer h\u00ecnh tr\u00f2n, h\u00ecnh vu\u00f4ng, h\u00ecnh v\u00f2ng, h\u00ecnh qu\u1ea1t, v\u1edbi c\u00e1c ph\u01b0\u01a1ng ph\u00e1p x\u1eed l\u00fd b\u1ec1 m\u1eb7t nh\u01b0 \u0111\u00e1nh b\u00f3ng quang h\u1ecdc, ph\u1ee7 l\u1edbp AR\/IR\/DLC, khoan l\u1ed7 v\u00e0 t\u1ea1o r\u00e3nh.<\/p>\n<\/li>\n<\/ol>","protected":false},"excerpt":{"rendered":"<p>T\u1ea5m wafer th\u1ea1ch anh nung ch\u1ea3y 8 inch l\u00e0 ch\u1ea5t n\u1ec1n th\u1ea1ch anh t\u1ed5ng h\u1ee3p c\u00f3 \u0111\u1ed9 tinh khi\u1ebft cao (SiO\u2082 \u226599,991%) \u0111\u01b0\u1ee3c thi\u1ebft k\u1ebf d\u00e0nh ri\u00eang cho c\u00e1c \u1ee9ng d\u1ee5ng \u0111\u00f2i h\u1ecfi \u0111\u1ed9 ch\u00ednh x\u00e1c cao trong c\u00e1c h\u1ec7 th\u1ed1ng b\u00e1n d\u1eabn, MEMS, quang h\u1ecdc v\u00e0 laser. V\u1edbi h\u1ec7 s\u1ed1 gi\u00e3n n\u1edf nhi\u1ec7t c\u1ef1c th\u1ea5p, kh\u1ea3 n\u0103ng truy\u1ec1n qua tia UV-IR v\u01b0\u1ee3t tr\u1ed9i v\u00e0 kh\u1ea3 n\u0103ng ch\u1ed1ng h\u00f3a ch\u1ea5t tuy\u1ec7t v\u1eddi, s\u1ea3n ph\u1ea9m n\u00e0y l\u00e0 l\u1ef1a ch\u1ecdn l\u00fd t\u01b0\u1edfng cho c\u00e1c m\u00f4i tr\u01b0\u1eddng \u0111\u00f2i h\u1ecfi kh\u1eaft khe nh\u01b0 quang kh\u1eafc, \u0103n m\u00f2n, l\u1eafng \u0111\u1ecdng m\u00e0ng m\u1ecfng v\u00e0 s\u1ea3n xu\u1ea5t c\u1ea3m bi\u1ebfn \u0111\u1ed9 ch\u00ednh x\u00e1c cao.<\/p>","protected":false},"featured_media":2265,"comment_status":"open","ping_status":"closed","template":"","meta":{"site-sidebar-layout":"default","site-content-layout":"","ast-site-content-layout":"default","site-content-style":"default","site-sidebar-style":"default","ast-global-header-display":"","ast-banner-title-visibility":"","ast-main-header-display":"","ast-hfb-above-header-display":"","ast-hfb-below-header-display":"","ast-hfb-mobile-header-display":"","site-post-title":"","ast-breadcrumbs-content":"","ast-featured-img":"","footer-sml-layout":"","ast-disable-related-posts":"","theme-transparent-header-meta":"default","adv-header-id-meta":"","stick-header-meta":"default","header-above-stick-meta":"","header-main-stick-meta":"","header-below-stick-meta":"","astra-migrate-meta-layouts":"set","ast-page-background-enabled":"default","ast-page-background-meta":{"desktop":{"background-color":"var(--ast-global-color-4)","background-image":"","background-repeat":"repeat","background-position":"center center","background-size":"auto","background-attachment":"scroll","background-type":"","background-media":"","overlay-type":"","overlay-color":"","overlay-opacity":"","overlay-gradient":""},"tablet":{"background-color":"","background-image":"","background-repeat":"repeat","background-position":"center center","background-size":"auto","background-attachment":"scroll","background-type":"","background-media":"","overlay-type":"","overlay-color":"","overlay-opacity":"","overlay-gradient":""},"mobile":{"background-color":"","background-image":"","background-repeat":"repeat","background-position":"center center","background-size":"auto","background-attachment":"scroll","background-type":"","background-media":"","overlay-type":"","overlay-color":"","overlay-opacity":"","overlay-gradient":""}},"ast-content-background-meta":{"desktop":{"background-color":"var(--ast-global-color-5)","background-image":"","background-repeat":"repeat","background-position":"center center","background-size":"auto","background-attachment":"scroll","background-type":"","background-media":"","overlay-type":"","overlay-color":"","overlay-opacity":"","overlay-gradient":""},"tablet":{"background-color":"var(--ast-global-color-5)","background-image":"","background-repeat":"repeat","background-position":"center center","background-size":"auto","background-attachment":"scroll","background-type":"","background-media":"","overlay-type":"","overlay-color":"","overlay-opacity":"","overlay-gradient":""},"mobile":{"background-color":"var(--ast-global-color-5)","background-image":"","background-repeat":"repeat","background-position":"center center","background-size":"auto","background-attachment":"scroll","background-type":"","background-media":"","overlay-type":"","overlay-color":"","overlay-opacity":"","overlay-gradient":""}}},"product_brand":[],"product_cat":[729],"product_tag":[1070,1071,1072,1073,1054,1074,1075,1058,1076,1077,1078,1079,1080,1081,1082,1083,1084,1085,1086,1087],"class_list":{"0":"post-2254","1":"product","2":"type-product","3":"status-publish","4":"has-post-thumbnail","6":"product_cat-wafer","7":"product_tag-200mm-quartz-wafer","8":"product_tag-8-inch-quartz-wafer","9":"product_tag-aerospace-quartz-wafer","10":"product_tag-chemical-resistant-quartz","11":"product_tag-custom-quartz-wafer","12":"product_tag-fused-quartz-plate","13":"product_tag-high-purity-fused-quartz","14":"product_tag-high-temperature-quartz-wafer","15":"product_tag-laser-system-wafer","16":"product_tag-low-thermal-expansion-quartz","17":"product_tag-mems-wafer","18":"product_tag-optical-grade-quartz-wafer","19":"product_tag-precision-sensors-wafer","20":"product_tag-ra-1-0nm","21":"product_tag-semiconductor-wafer-substrate","22":"product_tag-sio2-wafer","23":"product_tag-synthetic-quartz-wafer","24":"product_tag-thin-film-deposition-substrate","25":"product_tag-ttv-10m","26":"product_tag-uv-optical-device-wafer","27":"desktop-align-left","28":"tablet-align-left","29":"mobile-align-left","30":"ast-product-gallery-layout-horizontal-slider","31":"ast-product-tabs-layout-horizontal","33":"first","34":"instock","35":"shipping-taxable","36":"product-type-simple"},"_links":{"self":[{"href":"https:\/\/www.zmsh-semitech.com\/vi\/wp-json\/wp\/v2\/product\/2254","targetHints":{"allow":["GET"]}}],"collection":[{"href":"https:\/\/www.zmsh-semitech.com\/vi\/wp-json\/wp\/v2\/product"}],"about":[{"href":"https:\/\/www.zmsh-semitech.com\/vi\/wp-json\/wp\/v2\/types\/product"}],"replies":[{"embeddable":true,"href":"https:\/\/www.zmsh-semitech.com\/vi\/wp-json\/wp\/v2\/comments?post=2254"}],"version-history":[{"count":4,"href":"https:\/\/www.zmsh-semitech.com\/vi\/wp-json\/wp\/v2\/product\/2254\/revisions"}],"predecessor-version":[{"id":2269,"href":"https:\/\/www.zmsh-semitech.com\/vi\/wp-json\/wp\/v2\/product\/2254\/revisions\/2269"}],"wp:featuredmedia":[{"embeddable":true,"href":"https:\/\/www.zmsh-semitech.com\/vi\/wp-json\/wp\/v2\/media\/2265"}],"wp:attachment":[{"href":"https:\/\/www.zmsh-semitech.com\/vi\/wp-json\/wp\/v2\/media?parent=2254"}],"wp:term":[{"taxonomy":"product_brand","embeddable":true,"href":"https:\/\/www.zmsh-semitech.com\/vi\/wp-json\/wp\/v2\/product_brand?post=2254"},{"taxonomy":"product_cat","embeddable":true,"href":"https:\/\/www.zmsh-semitech.com\/vi\/wp-json\/wp\/v2\/product_cat?post=2254"},{"taxonomy":"product_tag","embeddable":true,"href":"https:\/\/www.zmsh-semitech.com\/vi\/wp-json\/wp\/v2\/product_tag?post=2254"}],"curies":[{"name":"wp","href":"https:\/\/api.w.org\/{rel}","templated":true}]}}