{"id":2226,"date":"2026-04-15T03:41:10","date_gmt":"2026-04-15T03:41:10","guid":{"rendered":"https:\/\/www.zmsh-semitech.com\/?post_type=product&#038;p=2226"},"modified":"2026-04-15T04:01:00","modified_gmt":"2026-04-15T04:01:00","slug":"wp-301d-double-side-wafer-grinding-machine-for-6-inch-semiconductor-materials-and-precision-lapping","status":"publish","type":"product","link":"https:\/\/www.zmsh-semitech.com\/vi\/product\/wp-301d-double-side-wafer-grinding-machine-for-6-inch-semiconductor-materials-and-precision-lapping\/","title":{"rendered":"M\u00e1y m\u00e0i hai m\u1eb7t WP-301D d\u00e0nh cho v\u1eadt li\u1ec7u b\u00e1n d\u1eabn 6 inch v\u00e0 m\u00e0i l\u00e1ng ch\u00ednh x\u00e1c"},"content":{"rendered":"<p data-start=\"284\" data-end=\"683\"><img fetchpriority=\"high\" decoding=\"async\" class=\"alignright wp-image-2229\" src=\"https:\/\/www.zmsh-semitech.com\/wp-content\/uploads\/2026\/04\/WP-301D-Double-Side-Wafer-Grinding-Machine-for-6-Inch-Semiconductor-Materials-and-Precision-Lapping-1-300x300.png\" alt=\"M\u00e1y m\u00e0i hai m\u1eb7t WP-301D d\u00e0nh cho v\u1eadt li\u1ec7u b\u00e1n d\u1eabn 6 inch v\u00e0 m\u00e0i l\u00e1ng ch\u00ednh x\u00e1c\" width=\"283\" height=\"283\" srcset=\"https:\/\/www.zmsh-semitech.com\/wp-content\/uploads\/2026\/04\/WP-301D-Double-Side-Wafer-Grinding-Machine-for-6-Inch-Semiconductor-Materials-and-Precision-Lapping-1-300x300.png 300w, https:\/\/www.zmsh-semitech.com\/wp-content\/uploads\/2026\/04\/WP-301D-Double-Side-Wafer-Grinding-Machine-for-6-Inch-Semiconductor-Materials-and-Precision-Lapping-1-150x150.png 150w, https:\/\/www.zmsh-semitech.com\/wp-content\/uploads\/2026\/04\/WP-301D-Double-Side-Wafer-Grinding-Machine-for-6-Inch-Semiconductor-Materials-and-Precision-Lapping-1-768x768.png 768w, https:\/\/www.zmsh-semitech.com\/wp-content\/uploads\/2026\/04\/WP-301D-Double-Side-Wafer-Grinding-Machine-for-6-Inch-Semiconductor-Materials-and-Precision-Lapping-1-12x12.png 12w, https:\/\/www.zmsh-semitech.com\/wp-content\/uploads\/2026\/04\/WP-301D-Double-Side-Wafer-Grinding-Machine-for-6-Inch-Semiconductor-Materials-and-Precision-Lapping-1-600x600.png 600w, https:\/\/www.zmsh-semitech.com\/wp-content\/uploads\/2026\/04\/WP-301D-Double-Side-Wafer-Grinding-Machine-for-6-Inch-Semiconductor-Materials-and-Precision-Lapping-1-100x100.png 100w, https:\/\/www.zmsh-semitech.com\/wp-content\/uploads\/2026\/04\/WP-301D-Double-Side-Wafer-Grinding-Machine-for-6-Inch-Semiconductor-Materials-and-Precision-Lapping-1.png 1000w\" sizes=\"(max-width: 283px) 100vw, 283px\" \/>M\u00e1y m\u00e0i hai m\u1eb7t wafer WP-301D l\u00e0 m\u1ed9t h\u1ec7 th\u1ed1ng c\u00f3 \u0111\u1ed9 ch\u00ednh x\u00e1c cao, \u0111\u01b0\u1ee3c thi\u1ebft k\u1ebf \u0111\u1ec3 m\u00e0i v\u00e0 \u0111\u00e1nh b\u00f3ng \u0111\u1ed3ng th\u1eddi c\u1ea3 hai m\u1eb7t c\u1ee7a c\u00e1c t\u1ea5m wafer b\u00e1n d\u1eabn v\u00e0 c\u00e1c v\u1eadt li\u1ec7u d\u1ec5 v\u1ee1. Nh\u1edd s\u1eed d\u1ee5ng h\u1ec7 th\u1ed1ng truy\u1ec1n \u0111\u1ed9ng b\u00e1nh r\u0103ng h\u00e0nh tinh ti\u00ean ti\u1ebfn, m\u00e1y cho ph\u00e9p lo\u1ea1i b\u1ecf v\u1eadt li\u1ec7u \u0111\u1ed3ng \u0111\u1ec1u tr\u00ean c\u1ea3 hai m\u1eb7t tr\u00ean v\u00e0 d\u01b0\u1edbi c\u1ee7a t\u1ea5m wafer, t\u1eeb \u0111\u00f3 c\u1ea3i thi\u1ec7n \u0111\u00e1ng k\u1ec3 \u0111\u1ed9 ph\u1eb3ng v\u00e0 \u0111\u1ed9 song song.<\/p>\n<p data-start=\"685\" data-end=\"996\">\u0110\u01b0\u1ee3c thi\u1ebft k\u1ebf d\u00e0nh cho c\u00e1c t\u1ea5m wafer c\u00f3 \u0111\u01b0\u1eddng k\u00ednh 6 inch (150 mm) tr\u1edf xu\u1ed1ng, WP-301D \u0111\u01b0\u1ee3c s\u1eed d\u1ee5ng r\u1ed9ng r\u00e3i trong qu\u00e1 tr\u00ecnh x\u1eed l\u00fd c\u00e1c v\u1eadt li\u1ec7u b\u00e1n d\u1eabn h\u1ee3p ch\u1ea5t nh\u01b0 CdZnTe (CZT), HgCdTe (MCT), GaAs, InP v\u00e0 InSb. C\u00e1c v\u1eadt li\u1ec7u n\u00e0y \u0111\u00f3ng vai tr\u00f2 quan tr\u1ecdng trong c\u00e1c \u1ee9ng d\u1ee5ng nh\u01b0 ph\u00e1t hi\u1ec7n h\u1ed3ng ngo\u1ea1i, quang \u0111i\u1ec7n t\u1eed v\u00e0 c\u00e1c thi\u1ebft b\u1ecb t\u1ea7n s\u1ed1 cao.<\/p>\n<p data-start=\"998\" data-end=\"1200\">V\u1edbi c\u1ea5u tr\u00fac c\u01a1 kh\u00ed ch\u1eafc ch\u1eafn, h\u1ec7 th\u1ed1ng \u0111i\u1ec1u khi\u1ec3n ch\u00ednh x\u00e1c v\u00e0 thi\u1ebft k\u1ebf tr\u1ee5c ch\u00ednh \u0111\u01b0\u1ee3c t\u1ed1i \u01b0u h\u00f3a, WP-301D \u0111\u1ea3m b\u1ea3o hi\u1ec7u su\u1ea5t cao, ch\u1ea5t l\u01b0\u1ee3ng b\u1ec1 m\u1eb7t tuy\u1ec7t v\u1eddi v\u00e0 hi\u1ec7u su\u1ea5t gia c\u00f4ng h\u00e0ng lo\u1ea1t \u1ed5n \u0111\u1ecbnh.<\/p>\n<hr data-start=\"1202\" data-end=\"1205\" \/>\n<h2 data-section-id=\"m7ukan\" data-start=\"1207\" data-end=\"1250\">C\u00e1c t\u00ednh n\u0103ng ch\u00ednh v\u00e0 \u01b0u \u0111i\u1ec3m k\u1ef9 thu\u1eadt<\/h2>\n<h3 data-section-id=\"1ggl47b\" data-start=\"1252\" data-end=\"1296\">X\u1eed l\u00fd \u0111\u1ed3ng th\u1eddi hai m\u1eb7t<\/h3>\n<p data-start=\"1297\" data-end=\"1372\">M\u00e1y x\u1eed l\u00fd c\u1ea3 hai m\u1eb7t c\u1ee7a t\u1ea5m wafer c\u00f9ng m\u1ed9t l\u00fac, \u0111\u1ea3m b\u1ea3o:<\/p>\n<ul data-start=\"1373\" data-end=\"1463\">\n<li data-section-id=\"1i7ktds\" data-start=\"1373\" data-end=\"1406\">\u0110\u1ed9 \u0111\u1ed3ng \u0111\u1ec1u v\u1ec1 \u0111\u1ed9 d\u00e0y \u0111\u01b0\u1ee3c c\u1ea3i thi\u1ec7n<\/li>\n<li data-section-id=\"1da8f9g\" data-start=\"1407\" data-end=\"1429\">T\u0103ng c\u01b0\u1eddng kh\u1ea3 n\u0103ng x\u1eed l\u00fd song song<\/li>\n<li data-section-id=\"12e74mo\" data-start=\"1430\" data-end=\"1463\">Gi\u1ea3m t\u1ed5ng th\u1eddi gian x\u1eed l\u00fd<\/li>\n<\/ul>\n<h3 data-section-id=\"2t7dsg\" data-start=\"1465\" data-end=\"1501\">H\u1ec7 th\u1ed1ng truy\u1ec1n \u0111\u1ed9ng b\u00e1nh r\u0103ng h\u00e0nh tinh<\/h3>\n<p data-start=\"1502\" data-end=\"1689\">H\u1ec7 th\u1ed1ng b\u00e1nh r\u0103ng m\u1eb7t tr\u1eddi v\u00e0 b\u00e1nh r\u0103ng v\u00e0nh t\u00edch h\u1ee3p c\u00f3 th\u1ec3 ho\u1ea1t \u0111\u1ed9ng \u0111\u1ed3ng b\u1ed9 ho\u1eb7c \u0111\u1ed9c l\u1eadp, cho ph\u00e9p \u0111i\u1ec1u khi\u1ec3n quy tr\u00ecnh linh ho\u1ea1t v\u00e0 t\u1ed1i \u01b0u h\u00f3a \u0111\u01b0\u1eddng m\u00e0i cho c\u00e1c lo\u1ea1i v\u1eadt li\u1ec7u kh\u00e1c nhau.<\/p>\n<h3 data-section-id=\"dbg2ti\" data-start=\"1691\" data-end=\"1728\">H\u1ec7 th\u1ed1ng tr\u1ee5c ch\u00ednh c\u00f3 \u0111\u1ed9 ch\u00ednh x\u00e1c cao<\/h3>\n<p data-start=\"1729\" data-end=\"1901\">\u0110\u01b0\u1ee3c trang b\u1ecb tr\u1ee5c ch\u00ednh nh\u00fang c\u00f3 \u0111\u1ed9 ch\u00ednh x\u00e1c cao, WP-301D \u0111\u1ea3m b\u1ea3o kh\u1ea3 n\u0103ng quay \u1ed5n \u0111\u1ecbnh v\u00e0 \u0111\u1ed9 rung t\u1ed1i thi\u1ec3u, y\u1ebfu t\u1ed1 thi\u1ebft y\u1ebfu \u0111\u1ec3 \u0111\u1ea1t \u0111\u01b0\u1ee3c ch\u1ea5t l\u01b0\u1ee3ng b\u1ec1 m\u1eb7t \u0111\u1ed3ng \u0111\u1ec1u.<\/p>\n<h3 data-section-id=\"bbwmxj\" data-start=\"1903\" data-end=\"1944\">H\u1ec7 th\u1ed1ng \u0111i\u1ec1u khi\u1ec3n \u00e1p su\u1ea5t th\u1eddi gian th\u1ef1c<\/h3>\n<p data-start=\"1945\" data-end=\"2030\">M\u00e1y \u0111\u01b0\u1ee3c trang b\u1ecb h\u1ec7 th\u1ed1ng \u0111i\u1ec1u khi\u1ec3n \u00e1p su\u1ea5t v\u00f2ng k\u00edn ti\u00ean ti\u1ebfn, cho ph\u00e9p:<\/p>\n<ul data-start=\"2031\" data-end=\"2200\">\n<li data-section-id=\"5pkops\" data-start=\"2031\" data-end=\"2077\">\u0110i\u1ec1u ch\u1ec9nh \u00e1p su\u1ea5t ch\u00ednh x\u00e1c (0,1 \u2013 50 kg)<\/li>\n<li data-section-id=\"18clroc\" data-start=\"2078\" data-end=\"2200\">Gi\u00e1m s\u00e1t th\u1eddi gian th\u1ef1c v\u00e0 \u0111i\u1ec1u ch\u1ec9nh t\u1ef1 \u0111\u1ed9ng<br data-start=\"2125\" data-end=\"2128\" \/>\u0110i\u1ec1u n\u00e0y \u0111\u1ea3m b\u1ea3o qu\u00e1 tr\u00ecnh lo\u1ea1i b\u1ecf v\u1eadt li\u1ec7u di\u1ec5n ra \u0111\u1ed3ng \u0111\u1ec1u v\u00e0 ng\u0103n ng\u1eeba t\u00ecnh tr\u1ea1ng \u0111\u00e1nh b\u00f3ng qu\u00e1 m\u1ee9c.<\/li>\n<\/ul>\n<h3 data-section-id=\"mqy6u6\" data-start=\"2202\" data-end=\"2237\">Thi\u1ebft k\u1ebf t\u1ea5m tr\u00ean n\u1ed5i<\/h3>\n<p data-start=\"2238\" data-end=\"2440\">T\u1ea5m tr\u00ean \u0111\u01b0\u1ee3c thi\u1ebft k\u1ebf theo c\u1ea5u tr\u00fac k\u1ebft n\u1ed1i n\u1ed5i, \u0111\u1ea3m b\u1ea3o t\u1ea5m n\u00e0y lu\u00f4n song song v\u1edbi t\u1ea5m d\u01b0\u1edbi trong qu\u00e1 tr\u00ecnh gia c\u00f4ng. \u0110i\u1ec1u n\u00e0y gi\u00fap c\u1ea3i thi\u1ec7n \u0111\u00e1ng k\u1ec3 \u0111\u1ed9 ph\u1eb3ng c\u1ee7a t\u1ea5m wafer v\u00e0 gi\u1ea3m s\u1ef1 ch\u00eanh l\u1ec7ch v\u1ec1 \u0111\u1ed9 d\u00e0y.<\/p>\n<h2 data-section-id=\"8lu2ky\" data-start=\"2447\" data-end=\"2477\">Th\u00f4ng s\u1ed1 k\u1ef9 thu\u1eadt<\/h2>\n<div class=\"TyagGW_tableContainer\">\n<div class=\"group TyagGW_tableWrapper flex flex-col-reverse w-fit\" tabindex=\"-1\">\n<table class=\"w-fit min-w-(--thread-content-width)\" data-start=\"2479\" data-end=\"2829\">\n<thead data-start=\"2479\" data-end=\"2503\">\n<tr data-start=\"2479\" data-end=\"2503\">\n<th class=\"\" data-start=\"2479\" data-end=\"2486\" data-col-size=\"sm\">M\u1eb7t h\u00e0ng<\/th>\n<th class=\"\" data-start=\"2486\" data-end=\"2503\" data-col-size=\"sm\">Th\u00f4ng s\u1ed1 k\u1ef9 thu\u1eadt<\/th>\n<\/tr>\n<\/thead>\n<tbody data-start=\"2527\" data-end=\"2829\">\n<tr data-start=\"2527\" data-end=\"2570\">\n<td data-start=\"2527\" data-end=\"2544\" data-col-size=\"sm\">K\u00edch th\u01b0\u1edbc ph\u00f4i<\/td>\n<td data-start=\"2544\" data-end=\"2570\" data-col-size=\"sm\">T\u1ed1i \u0111a \u00d8150 mm (6 inch)<\/td>\n<\/tr>\n<tr data-start=\"2571\" data-end=\"2605\">\n<td data-start=\"2571\" data-end=\"2591\" data-col-size=\"sm\">Gi\u1ea3m t\u1ed1c \u0111\u1ed9 t\u1ea5m d\u01b0\u1edbi<\/td>\n<td data-start=\"2591\" data-end=\"2605\" data-col-size=\"sm\">0 \u2013 30 v\u00f2ng\/ph\u00fat<\/td>\n<\/tr>\n<tr data-start=\"2606\" data-end=\"2658\">\n<td data-start=\"2606\" data-end=\"2624\" data-col-size=\"sm\">Ph\u01b0\u01a1ng ph\u00e1p m\u00e0i<\/td>\n<td data-start=\"2624\" data-end=\"2658\" data-col-size=\"sm\">M\u00e0i h\u00e0nh tinh hai m\u1eb7t<\/td>\n<\/tr>\n<tr data-start=\"2659\" data-end=\"2683\">\n<td data-start=\"2659\" data-end=\"2678\" data-col-size=\"sm\">S\u1ed1 l\u01b0\u1ee3ng nh\u00e0 v\u1eadn chuy\u1ec3n<\/td>\n<td data-start=\"2678\" data-end=\"2683\" data-col-size=\"sm\">5<\/td>\n<\/tr>\n<tr data-start=\"2684\" data-end=\"2716\">\n<td data-start=\"2684\" data-end=\"2701\" data-col-size=\"sm\">D\u1ea3i \u00e1p su\u1ea5t<\/td>\n<td data-start=\"2701\" data-end=\"2716\" data-col-size=\"sm\">0,1 \u2013 50 kg<\/td>\n<\/tr>\n<tr data-start=\"2717\" data-end=\"2753\">\n<td data-start=\"2717\" data-end=\"2734\" data-col-size=\"sm\">Ch\u1ea5t li\u1ec7u t\u1ea5m<\/td>\n<td data-start=\"2734\" data-end=\"2753\" data-col-size=\"sm\">Th\u1ee7y tinh \/ G\u1ed1m s\u1ee9<\/td>\n<\/tr>\n<tr data-start=\"2754\" data-end=\"2800\">\n<td data-start=\"2754\" data-end=\"2775\" data-col-size=\"sm\">K\u00edch th\u01b0\u1edbc m\u00e1y<\/td>\n<td data-start=\"2775\" data-end=\"2800\" data-col-size=\"sm\">1572 \u00d7 1053 \u00d7 2533 mm<\/td>\n<\/tr>\n<tr data-start=\"2801\" data-end=\"2829\">\n<td data-start=\"2801\" data-end=\"2810\" data-col-size=\"sm\">Tr\u1ecdng l\u01b0\u1ee3ng<\/td>\n<td data-start=\"2810\" data-end=\"2829\" data-col-size=\"sm\">Kho\u1ea3ng 2.300 kg<\/td>\n<\/tr>\n<\/tbody>\n<\/table>\n<\/div>\n<\/div>\n<hr data-start=\"2831\" data-end=\"2834\" \/>\n<h2 data-section-id=\"13yq5fc\" data-start=\"2836\" data-end=\"2859\">Nguy\u00ean l\u00fd ho\u1ea1t \u0111\u1ed9ng<\/h2>\n<p data-start=\"2903\" data-end=\"3050\">M\u00e1y WP-301D ho\u1ea1t \u0111\u1ed9ng d\u1ef1a tr\u00ean c\u01a1 ch\u1ebf chuy\u1ec3n \u0111\u1ed9ng h\u00e0nh tinh, trong \u0111\u00f3 c\u00e1c t\u1ea5m wafer \u0111\u01b0\u1ee3c \u0111\u1eb7t b\u00ean trong c\u00e1c khay ch\u1ee9a n\u1eb1m gi\u1eefa t\u1ea5m tr\u00ean v\u00e0 t\u1ea5m d\u01b0\u1edbi.<\/p>\n<p data-start=\"3052\" data-end=\"3069\">Trong qu\u00e1 tr\u00ecnh v\u1eadn h\u00e0nh:<\/p>\n<ul data-start=\"3071\" data-end=\"3205\">\n<li data-section-id=\"307xpo\" data-start=\"3071\" data-end=\"3115\">T\u1ea5m d\u01b0\u1edbi quay li\u00ean t\u1ee5c<\/li>\n<li data-section-id=\"155dzsx\" data-start=\"3116\" data-end=\"3156\">B\u00e1nh r\u0103ng m\u1eb7t tr\u1eddi truy\u1ec1n \u0111\u1ed9ng c\u00e1c khung \u0111\u1ee1<\/li>\n<li data-section-id=\"1h7nv9d\" data-start=\"3157\" data-end=\"3205\">B\u00e1nh r\u0103ng v\u00e0nh \u0111i\u1ec1u khi\u1ec3n chuy\u1ec3n \u0111\u1ed9ng quay<\/li>\n<\/ul>\n<p data-start=\"3207\" data-end=\"3357\">S\u1ef1 k\u1ebft h\u1ee3p n\u00e0y t\u1ea1o ra m\u1ed9t chuy\u1ec3n \u0111\u1ed9ng t\u01b0\u01a1ng \u0111\u1ed1i ph\u1ee9c t\u1ea1p gi\u1eefa t\u1ea5m wafer v\u00e0 c\u00e1c t\u1ea5m m\u00e0i, \u0111\u1ea3m b\u1ea3o vi\u1ec7c lo\u1ea1i b\u1ecf v\u1eadt li\u1ec7u \u0111\u1ed3ng \u0111\u1ec1u tr\u00ean c\u1ea3 hai b\u1ec1 m\u1eb7t.<\/p>\n<p data-start=\"3359\" data-end=\"3527\">\u0110\u1ed3ng th\u1eddi, h\u1ec7 th\u1ed1ng \u0111i\u1ec1u khi\u1ec3n \u00e1p su\u1ea5t duy tr\u00ec l\u1ef1c \u1ed5n \u0111\u1ecbnh, trong khi t\u1ea5m tr\u00ean c\u00f3 th\u1ec3 di chuy\u1ec3n linh ho\u1ea1t \u0111\u1ec3 duy tr\u00ec ti\u1ebfp x\u00fac song song. \u0110i\u1ec1u n\u00e0y mang l\u1ea1i:<\/p>\n<ul data-start=\"3529\" data-end=\"3598\">\n<li data-section-id=\"5m7g9e\" data-start=\"3529\" data-end=\"3546\">\u0110\u1ed9 ph\u1eb3ng cao<\/li>\n<li data-section-id=\"1uescvu\" data-start=\"3547\" data-end=\"3568\">\u0110\u1ed9 d\u00e0y \u0111\u1ed3ng \u0111\u1ec1u<\/li>\n<li data-section-id=\"19qiivl\" data-start=\"3569\" data-end=\"3598\">H\u01b0 h\u1ecfng b\u00ean d\u01b0\u1edbi b\u1ec1 m\u1eb7t \u1edf m\u1ee9c t\u1ed1i thi\u1ec3u<\/li>\n<\/ul>\n<hr data-start=\"3600\" data-end=\"3603\" \/>\n<h2 data-section-id=\"4t5b8m\" data-start=\"3605\" data-end=\"3623\"><img decoding=\"async\" class=\"size-medium wp-image-2176 alignright\" src=\"https:\/\/www.zmsh-semitech.com\/wp-content\/uploads\/2026\/04\/silicon_carbide_wafer_4inch_hpsi_350um_widely_used_for_ar_glasses3-300x300.webp\" alt=\"\" width=\"300\" height=\"300\" srcset=\"https:\/\/www.zmsh-semitech.com\/wp-content\/uploads\/2026\/04\/silicon_carbide_wafer_4inch_hpsi_350um_widely_used_for_ar_glasses3-300x300.webp 300w, https:\/\/www.zmsh-semitech.com\/wp-content\/uploads\/2026\/04\/silicon_carbide_wafer_4inch_hpsi_350um_widely_used_for_ar_glasses3-150x150.webp 150w, https:\/\/www.zmsh-semitech.com\/wp-content\/uploads\/2026\/04\/silicon_carbide_wafer_4inch_hpsi_350um_widely_used_for_ar_glasses3-768x768.webp 768w, https:\/\/www.zmsh-semitech.com\/wp-content\/uploads\/2026\/04\/silicon_carbide_wafer_4inch_hpsi_350um_widely_used_for_ar_glasses3-12x12.webp 12w, https:\/\/www.zmsh-semitech.com\/wp-content\/uploads\/2026\/04\/silicon_carbide_wafer_4inch_hpsi_350um_widely_used_for_ar_glasses3-600x600.webp 600w, https:\/\/www.zmsh-semitech.com\/wp-content\/uploads\/2026\/04\/silicon_carbide_wafer_4inch_hpsi_350um_widely_used_for_ar_glasses3-100x100.webp 100w, https:\/\/www.zmsh-semitech.com\/wp-content\/uploads\/2026\/04\/silicon_carbide_wafer_4inch_hpsi_350um_widely_used_for_ar_glasses3.webp 800w\" sizes=\"(max-width: 300px) 100vw, 300px\" \/>\u1ee8ng d\u1ee5ng<\/h2>\n<p data-start=\"3625\" data-end=\"3684\">M\u00e1y m\u00e0i hai m\u1eb7t WP-301D \u0111\u01b0\u1ee3c s\u1eed d\u1ee5ng r\u1ed9ng r\u00e3i trong:<\/p>\n<ul data-start=\"3686\" data-end=\"3896\">\n<li data-section-id=\"lsdmsu\" data-start=\"3686\" data-end=\"3729\">Ch\u1ebf bi\u1ebfn t\u1ea5m b\u00e1n d\u1eabn h\u1ee3p ch\u1ea5t<\/li>\n<li data-section-id=\"1re9cdn\" data-start=\"3730\" data-end=\"3763\">V\u1eadt li\u1ec7u h\u1ed3ng ngo\u1ea1i (CZT, MCT)<\/li>\n<li data-section-id=\"1kwz9qu\" data-start=\"3764\" data-end=\"3801\">V\u1eadt li\u1ec7u III-V (GaAs, InP, InSb)<\/li>\n<li data-section-id=\"qagg2f\" data-start=\"3802\" data-end=\"3849\">Ch\u1ea5t n\u1ec1n quang h\u1ecdc v\u00e0 c\u00e1c b\u1ed9 ph\u1eadn ch\u00ednh x\u00e1c<\/li>\n<li data-section-id=\"ir3gdc\" data-start=\"3850\" data-end=\"3896\">C\u00e1c ph\u00f2ng th\u00ed nghi\u1ec7m nghi\u00ean c\u1ee9u v\u00e0 s\u1ea3n xu\u1ea5t theo l\u00f4<\/li>\n<\/ul>\n<p data-start=\"3898\" data-end=\"4021\">S\u1ea3n ph\u1ea9m n\u00e0y \u0111\u1eb7c bi\u1ec7t ph\u00f9 h\u1ee3p v\u1edbi c\u00e1c v\u1eadt li\u1ec7u d\u1ec5 v\u1ee1 c\u00f3 k\u00edch th\u01b0\u1edbc 6 inch tr\u1edf xu\u1ed1ng, n\u01a1i \u0111\u1ed9 ch\u00ednh x\u00e1c v\u00e0 t\u00ednh to\u00e0n v\u1eb9n b\u1ec1 m\u1eb7t l\u00e0 y\u1ebfu t\u1ed1 quan tr\u1ecdng.<\/p>\n<hr data-start=\"4023\" data-end=\"4026\" \/>\n<h2 data-section-id=\"1116wfg\" data-start=\"4028\" data-end=\"4049\"><img decoding=\"async\" class=\"size-medium wp-image-2122 alignright\" src=\"https:\/\/www.zmsh-semitech.com\/wp-content\/uploads\/2026\/04\/Wafer-Back-Grinding-Machine-300x300.png\" alt=\"\" width=\"300\" height=\"300\" srcset=\"https:\/\/www.zmsh-semitech.com\/wp-content\/uploads\/2026\/04\/Wafer-Back-Grinding-Machine-300x300.png 300w, https:\/\/www.zmsh-semitech.com\/wp-content\/uploads\/2026\/04\/Wafer-Back-Grinding-Machine-150x150.png 150w, https:\/\/www.zmsh-semitech.com\/wp-content\/uploads\/2026\/04\/Wafer-Back-Grinding-Machine-768x768.png 768w, https:\/\/www.zmsh-semitech.com\/wp-content\/uploads\/2026\/04\/Wafer-Back-Grinding-Machine-12x12.png 12w, https:\/\/www.zmsh-semitech.com\/wp-content\/uploads\/2026\/04\/Wafer-Back-Grinding-Machine-600x600.png 600w, https:\/\/www.zmsh-semitech.com\/wp-content\/uploads\/2026\/04\/Wafer-Back-Grinding-Machine-100x100.png 100w, https:\/\/www.zmsh-semitech.com\/wp-content\/uploads\/2026\/04\/Wafer-Back-Grinding-Machine.png 1000w\" sizes=\"(max-width: 300px) 100vw, 300px\" \/>Nh\u1eefng l\u1ee3i th\u1ebf c\u1ed1t l\u00f5i<\/h2>\n<ul data-start=\"4051\" data-end=\"4440\">\n<li data-section-id=\"1ar7oz7\" data-start=\"4051\" data-end=\"4131\">Hi\u1ec7u su\u1ea5t cao<br data-start=\"4072\" data-end=\"4075\" \/>Gia c\u00f4ng hai m\u1eb7t gi\u00fap gi\u1ea3m t\u1ed5ng th\u1eddi gian gia c\u00f4ng<\/li>\n<li data-section-id=\"1wr2j5g\" data-start=\"4133\" data-end=\"4202\">\u0110\u1ed9 ch\u00ednh x\u00e1c cao<br data-start=\"4153\" data-end=\"4156\" \/>\u0110\u1ea3m b\u1ea3o \u0111\u1ed9 ph\u1eb3ng v\u00e0 \u0111\u1ed9 song song tuy\u1ec7t v\u1eddi<\/li>\n<li data-section-id=\"esn72i\" data-start=\"4204\" data-end=\"4283\">\u1ed4n \u0111\u1ecbnh quy tr\u00ecnh<br data-start=\"4227\" data-end=\"4230\" \/>Ki\u1ec3m so\u00e1t \u00e1p su\u1ea5t v\u00f2ng k\u00edn gi\u00fap c\u1ea3i thi\u1ec7n \u0111\u1ed9 \u1ed5n \u0111\u1ecbnh<\/li>\n<li data-section-id=\"1crbhdt\" data-start=\"4285\" data-end=\"4356\">Ho\u1ea1t \u0111\u1ed9ng linh ho\u1ea1t<br data-start=\"4309\" data-end=\"4312\" \/>\u0110i\u1ec1u khi\u1ec3n h\u1ed9p s\u1ed1 \u0111\u1ed9c l\u1eadp ho\u1eb7c \u0111\u1ed3ng b\u1ed9<\/li>\n<li data-section-id=\"1hbjrp7\" data-start=\"4358\" data-end=\"4440\">\u0110\u01b0\u1ee3c t\u1ed1i \u01b0u h\u00f3a cho c\u00e1c v\u1eadt li\u1ec7u d\u1ec5 v\u1ee1<br data-start=\"4395\" data-end=\"4398\" \/>Gi\u00fap gi\u1ea3m thi\u1ec3u c\u0103ng th\u1eb3ng v\u00e0 ng\u0103n ng\u1eeba n\u1ee9t v\u1ee1<\/li>\n<\/ul>\n<hr data-start=\"4442\" data-end=\"4445\" \/>\n<h2 data-section-id=\"w1cnyx\" data-start=\"4447\" data-end=\"4456\">C\u00e2u h\u1ecfi th\u01b0\u1eddng g\u1eb7p<\/h2>\n<p data-start=\"4458\" data-end=\"4662\">C\u00e2u h\u1ecfi 1: \u01afu \u0111i\u1ec3m ch\u00ednh c\u1ee7a vi\u1ec7c m\u00e0i hai m\u1eb7t l\u00e0 g\u00ec?<br data-start=\"4517\" data-end=\"4520\" \/>A: C\u00f4ng ngh\u1ec7 n\u00e0y cho ph\u00e9p gia c\u00f4ng \u0111\u1ed3ng th\u1eddi c\u1ea3 hai m\u1eb7t c\u1ee7a t\u1ea5m wafer, gi\u00fap c\u1ea3i thi\u1ec7n \u0111\u1ed9 ph\u1eb3ng, \u0111\u1ed9 song song v\u00e0 hi\u1ec7u qu\u1ea3 so v\u1edbi ph\u01b0\u01a1ng ph\u00e1p m\u00e0i m\u1ed9t m\u1eb7t.<\/p>\n<p data-start=\"4664\" data-end=\"4820\">C\u00e2u h\u1ecfi 2: C\u00f3 th\u1ec3 gia c\u00f4ng nh\u1eefng lo\u1ea1i v\u1eadt li\u1ec7u n\u00e0o?<br data-start=\"4704\" data-end=\"4707\" \/>A: M\u00e1y n\u00e0y ph\u00f9 h\u1ee3p v\u1edbi c\u00e1c v\u1eadt li\u1ec7u b\u00e1n d\u1eabn m\u1ec1m v\u00e0 gi\u00f2n nh\u01b0 CZT, MCT, GaAs, InP, InSb v\u00e0 c\u00e1c lo\u1ea1i kh\u00e1c.<\/p>\n<p data-start=\"4822\" data-end=\"4924\">C\u00e2u h\u1ecfi 3: WP-301D h\u1ed7 tr\u1ee3 k\u00edch th\u01b0\u1edbc wafer n\u00e0o?<br data-start=\"4871\" data-end=\"4874\" \/>A: Thi\u1ebft b\u1ecb n\u00e0y h\u1ed7 tr\u1ee3 c\u00e1c t\u1ea5m wafer c\u00f3 \u0111\u01b0\u1eddng k\u00ednh t\u1ed1i \u0111a 150 mm (6 inch).<\/p>","protected":false},"excerpt":{"rendered":"<p>M\u00e1y m\u00e0i hai m\u1eb7t wafer WP-301D l\u00e0 m\u1ed9t h\u1ec7 th\u1ed1ng c\u00f3 \u0111\u1ed9 ch\u00ednh x\u00e1c cao, \u0111\u01b0\u1ee3c thi\u1ebft k\u1ebf \u0111\u1ec3 m\u00e0i v\u00e0 \u0111\u00e1nh b\u00f3ng \u0111\u1ed3ng th\u1eddi c\u1ea3 hai m\u1eb7t c\u1ee7a c\u00e1c t\u1ea5m wafer b\u00e1n d\u1eabn v\u00e0 c\u00e1c v\u1eadt li\u1ec7u d\u1ec5 v\u1ee1. Nh\u1edd s\u1eed d\u1ee5ng h\u1ec7 th\u1ed1ng truy\u1ec1n \u0111\u1ed9ng b\u00e1nh r\u0103ng h\u00e0nh tinh ti\u00ean ti\u1ebfn, m\u00e1y cho ph\u00e9p lo\u1ea1i b\u1ecf v\u1eadt li\u1ec7u \u0111\u1ed3ng \u0111\u1ec1u tr\u00ean c\u1ea3 hai m\u1eb7t tr\u00ean v\u00e0 d\u01b0\u1edbi c\u1ee7a t\u1ea5m wafer, t\u1eeb \u0111\u00f3 c\u1ea3i thi\u1ec7n \u0111\u00e1ng k\u1ec3 \u0111\u1ed9 ph\u1eb3ng v\u00e0 \u0111\u1ed9 song song.<\/p>","protected":false},"featured_media":2229,"comment_status":"open","ping_status":"closed","template":"","meta":{"site-sidebar-layout":"default","site-content-layout":"","ast-site-content-layout":"default","site-content-style":"default","site-sidebar-style":"default","ast-global-header-display":"","ast-banner-title-visibility":"","ast-main-header-display":"","ast-hfb-above-header-display":"","ast-hfb-below-header-display":"","ast-hfb-mobile-header-display":"","site-post-title":"","ast-breadcrumbs-content":"","ast-featured-img":"","footer-sml-layout":"","ast-disable-related-posts":"","theme-transparent-header-meta":"default","adv-header-id-meta":"","stick-header-meta":"default","header-above-stick-meta":"","header-main-stick-meta":"","header-below-stick-meta":"","astra-migrate-meta-layouts":"set","ast-page-background-enabled":"default","ast-page-background-meta":{"desktop":{"background-color":"var(--ast-global-color-4)","background-image":"","background-repeat":"repeat","background-position":"center center","background-size":"auto","background-attachment":"scroll","background-type":"","background-media":"","overlay-type":"","overlay-color":"","overlay-opacity":"","overlay-gradient":""},"tablet":{"background-color":"","background-image":"","background-repeat":"repeat","background-position":"center center","background-size":"auto","background-attachment":"scroll","background-type":"","background-media":"","overlay-type":"","overlay-color":"","overlay-opacity":"","overlay-gradient":""},"mobile":{"background-color":"","background-image":"","background-repeat":"repeat","background-position":"center center","background-size":"auto","background-attachment":"scroll","background-type":"","background-media":"","overlay-type":"","overlay-color":"","overlay-opacity":"","overlay-gradient":""}},"ast-content-background-meta":{"desktop":{"background-color":"var(--ast-global-color-5)","background-image":"","background-repeat":"repeat","background-position":"center center","background-size":"auto","background-attachment":"scroll","background-type":"","background-media":"","overlay-type":"","overlay-color":"","overlay-opacity":"","overlay-gradient":""},"tablet":{"background-color":"var(--ast-global-color-5)","background-image":"","background-repeat":"repeat","background-position":"center center","background-size":"auto","background-attachment":"scroll","background-type":"","background-media":"","overlay-type":"","overlay-color":"","overlay-opacity":"","overlay-gradient":""},"mobile":{"background-color":"var(--ast-global-color-5)","background-image":"","background-repeat":"repeat","background-position":"center center","background-size":"auto","background-attachment":"scroll","background-type":"","background-media":"","overlay-type":"","overlay-color":"","overlay-opacity":"","overlay-gradient":""}}},"product_brand":[],"product_cat":[724],"product_tag":[1005,1017,1015,1012,1018,1016,1019,1014,1020,1013],"class_list":{"0":"post-2226","1":"product","2":"type-product","3":"status-publish","4":"has-post-thumbnail","6":"product_cat-grinding-machine","7":"product_tag-6-inch-wafer-grinding","8":"product_tag-czt-grinding-machine","9":"product_tag-double-side-polishing-machine","10":"product_tag-double-side-wafer-grinding-machine","11":"product_tag-gaas-wafer-polishing","12":"product_tag-planetary-lapping-system","13":"product_tag-precision-wafer-lapping","14":"product_tag-semiconductor-grinding-equipment","15":"product_tag-semiconductor-surface-grinding","16":"product_tag-wafer-lapping-machine","17":"desktop-align-left","18":"tablet-align-left","19":"mobile-align-left","20":"ast-product-gallery-layout-horizontal-slider","21":"ast-product-tabs-layout-horizontal","23":"first","24":"instock","25":"shipping-taxable","26":"product-type-simple"},"_links":{"self":[{"href":"https:\/\/www.zmsh-semitech.com\/vi\/wp-json\/wp\/v2\/product\/2226","targetHints":{"allow":["GET"]}}],"collection":[{"href":"https:\/\/www.zmsh-semitech.com\/vi\/wp-json\/wp\/v2\/product"}],"about":[{"href":"https:\/\/www.zmsh-semitech.com\/vi\/wp-json\/wp\/v2\/types\/product"}],"replies":[{"embeddable":true,"href":"https:\/\/www.zmsh-semitech.com\/vi\/wp-json\/wp\/v2\/comments?post=2226"}],"version-history":[{"count":5,"href":"https:\/\/www.zmsh-semitech.com\/vi\/wp-json\/wp\/v2\/product\/2226\/revisions"}],"predecessor-version":[{"id":2233,"href":"https:\/\/www.zmsh-semitech.com\/vi\/wp-json\/wp\/v2\/product\/2226\/revisions\/2233"}],"wp:featuredmedia":[{"embeddable":true,"href":"https:\/\/www.zmsh-semitech.com\/vi\/wp-json\/wp\/v2\/media\/2229"}],"wp:attachment":[{"href":"https:\/\/www.zmsh-semitech.com\/vi\/wp-json\/wp\/v2\/media?parent=2226"}],"wp:term":[{"taxonomy":"product_brand","embeddable":true,"href":"https:\/\/www.zmsh-semitech.com\/vi\/wp-json\/wp\/v2\/product_brand?post=2226"},{"taxonomy":"product_cat","embeddable":true,"href":"https:\/\/www.zmsh-semitech.com\/vi\/wp-json\/wp\/v2\/product_cat?post=2226"},{"taxonomy":"product_tag","embeddable":true,"href":"https:\/\/www.zmsh-semitech.com\/vi\/wp-json\/wp\/v2\/product_tag?post=2226"}],"curies":[{"name":"wp","href":"https:\/\/api.w.org\/{rel}","templated":true}]}}