{"id":2215,"date":"2026-04-15T02:54:20","date_gmt":"2026-04-15T02:54:20","guid":{"rendered":"https:\/\/www.zmsh-semitech.com\/?post_type=product&#038;p=2215"},"modified":"2026-04-15T02:57:45","modified_gmt":"2026-04-15T02:57:45","slug":"wdp-1240-series-dry-polishing-machine","status":"publish","type":"product","link":"https:\/\/www.zmsh-semitech.com\/vi\/product\/wdp-1240-series-dry-polishing-machine\/","title":{"rendered":"M\u00e1y \u0111\u00e1nh b\u00f3ng kh\u00f4 d\u00f2ng WDP-1240 d\u00f9ng \u0111\u1ec3 gi\u1ea3m \u1ee9ng su\u1ea5t v\u00e0 x\u1eed l\u00fd m\u1eb7t sau cho t\u1ea5m wafer 300mm"},"content":{"rendered":"<p data-start=\"281\" data-end=\"650\"><img fetchpriority=\"high\" decoding=\"async\" class=\"alignright wp-image-2217\" src=\"https:\/\/www.zmsh-semitech.com\/wp-content\/uploads\/2026\/04\/WDP-1240-Series-Dry-Polishing-Machine-for-300mm-Wafer-Stress-Relief-and-Backside-Processing-300x300.png\" alt=\"M\u00e1y \u0111\u00e1nh b\u00f3ng kh\u00f4 d\u00f2ng WDP-1240 d\u00f9ng \u0111\u1ec3 gi\u1ea3m \u1ee9ng su\u1ea5t v\u00e0 x\u1eed l\u00fd m\u1eb7t sau cho t\u1ea5m wafer 300mm\" width=\"290\" height=\"290\" srcset=\"https:\/\/www.zmsh-semitech.com\/wp-content\/uploads\/2026\/04\/WDP-1240-Series-Dry-Polishing-Machine-for-300mm-Wafer-Stress-Relief-and-Backside-Processing-300x300.png 300w, https:\/\/www.zmsh-semitech.com\/wp-content\/uploads\/2026\/04\/WDP-1240-Series-Dry-Polishing-Machine-for-300mm-Wafer-Stress-Relief-and-Backside-Processing-150x150.png 150w, https:\/\/www.zmsh-semitech.com\/wp-content\/uploads\/2026\/04\/WDP-1240-Series-Dry-Polishing-Machine-for-300mm-Wafer-Stress-Relief-and-Backside-Processing-768x768.png 768w, https:\/\/www.zmsh-semitech.com\/wp-content\/uploads\/2026\/04\/WDP-1240-Series-Dry-Polishing-Machine-for-300mm-Wafer-Stress-Relief-and-Backside-Processing-12x12.png 12w, https:\/\/www.zmsh-semitech.com\/wp-content\/uploads\/2026\/04\/WDP-1240-Series-Dry-Polishing-Machine-for-300mm-Wafer-Stress-Relief-and-Backside-Processing-600x600.png 600w, https:\/\/www.zmsh-semitech.com\/wp-content\/uploads\/2026\/04\/WDP-1240-Series-Dry-Polishing-Machine-for-300mm-Wafer-Stress-Relief-and-Backside-Processing-100x100.png 100w, https:\/\/www.zmsh-semitech.com\/wp-content\/uploads\/2026\/04\/WDP-1240-Series-Dry-Polishing-Machine-for-300mm-Wafer-Stress-Relief-and-Backside-Processing.png 1000w\" sizes=\"(max-width: 290px) 100vw, 290px\" \/>M\u00e1y \u0111\u00e1nh b\u00f3ng kh\u00f4 d\u00f2ng WDP-1240 l\u00e0 m\u1ed9t h\u1ec7 th\u1ed1ng ch\u00ednh x\u00e1c ti\u00ean ti\u1ebfn \u0111\u01b0\u1ee3c ph\u00e1t tri\u1ec3n \u0111\u1ec3 gi\u1ea3m \u1ee9ng su\u1ea5t m\u1eb7t sau c\u1ee7a t\u1ea5m wafer v\u00e0 lo\u1ea1i b\u1ecf l\u1edbp h\u01b0 h\u1ecfng trong qu\u00e1 tr\u00ecnh s\u1ea3n xu\u1ea5t b\u00e1n d\u1eabn. \u0110\u01b0\u1ee3c thi\u1ebft k\u1ebf chuy\u00ean bi\u1ec7t cho vi\u1ec7c x\u1eed l\u00fd t\u1ea5m wafer 300 mm, thi\u1ebft b\u1ecb n\u00e0y s\u1eed d\u1ee5ng quy tr\u00ecnh \u0111\u00e1nh b\u00f3ng kh\u00f4 \u0111\u1ec3 \u0111\u1ea1t \u0111\u01b0\u1ee3c b\u1ec1 m\u1eb7t ho\u00e0n thi\u1ec7n ch\u1ea5t l\u01b0\u1ee3ng cao \u0111\u1ed3ng th\u1eddi gi\u1ea3m thi\u1ec3u t\u00e1c \u0111\u1ed9ng \u0111\u1ebfn m\u00f4i tr\u01b0\u1eddng.<\/p>\n<p data-start=\"652\" data-end=\"959\">H\u1ec7 th\u1ed1ng n\u00e0y \u0111\u1eb7c bi\u1ec7t ph\u00f9 h\u1ee3p cho c\u00e1c \u1ee9ng d\u1ee5ng \u0111\u00f3ng g\u00f3i cao c\u1ea5p, n\u01a1i vi\u1ec7c m\u00e0i m\u1ecfng wafer v\u00e0 ki\u1ec3m so\u00e1t \u1ee9ng su\u1ea5t \u0111\u00f3ng vai tr\u00f2 quan tr\u1ecdng. B\u1eb1ng c\u00e1ch lo\u1ea1i b\u1ecf hi\u1ec7u qu\u1ea3 c\u00e1c l\u1edbp h\u01b0 h\u1ecfng b\u00ean d\u01b0\u1edbi b\u1ec1 m\u1eb7t ph\u00e1t sinh trong qu\u00e1 tr\u00ecnh m\u00e0i, WDP-1240 gi\u00fap c\u1ea3i thi\u1ec7n t\u00ednh to\u00e0n v\u1eb9n c\u1ee7a wafer, gi\u1ea3m hi\u1ec7n t\u01b0\u1ee3ng cong v\u00eanh v\u00e0 t\u0103ng c\u01b0\u1eddng \u0111\u1ed9 b\u1ec1n c\u01a1 h\u1ecdc.<\/p>\n<p data-start=\"961\" data-end=\"1182\">So v\u1edbi c\u00e1c h\u1ec7 th\u1ed1ng \u0111\u00e1nh b\u00f3ng \u01b0\u1edbt truy\u1ec1n th\u1ed1ng, quy tr\u00ecnh kh\u00f4 gi\u00fap lo\u1ea1i b\u1ecf \u00f4 nhi\u1ec5m do b\u00f9n m\u00e0i g\u00e2y ra v\u00e0 gi\u1ea3m thi\u1ec3u nhu c\u1ea7u x\u1eed l\u00fd ch\u1ea5t th\u1ea3i, t\u1eeb \u0111\u00f3 tr\u1edf th\u00e0nh m\u1ed9t gi\u1ea3i ph\u00e1p th\u00e2n thi\u1ec7n v\u1edbi m\u00f4i tr\u01b0\u1eddng v\u00e0 ti\u1ebft ki\u1ec7m chi ph\u00ed h\u01a1n.<\/p>\n<hr data-start=\"1184\" data-end=\"1187\" \/>\n<h2 data-section-id=\"m7ukan\" data-start=\"1189\" data-end=\"1232\">C\u00e1c t\u00ednh n\u0103ng ch\u00ednh v\u00e0 \u01b0u \u0111i\u1ec3m k\u1ef9 thu\u1eadt<\/h2>\n<h3 data-section-id=\"capa5r\" data-start=\"1234\" data-end=\"1295\">C\u00f4ng ngh\u1ec7 \u0111\u00e1nh b\u00f3ng kh\u00f4 th\u00e2n thi\u1ec7n v\u1edbi m\u00f4i tr\u01b0\u1eddng<\/h3>\n<p data-start=\"1296\" data-end=\"1491\">M\u00e1y WDP-1240 \u00e1p d\u1ee5ng quy tr\u00ecnh \u0111\u00e1nh b\u00f3ng ho\u00e0n to\u00e0n kh\u00f4, lo\u1ea1i b\u1ecf nhu c\u1ea7u s\u1eed d\u1ee5ng h\u1ed7n h\u1ee3p h\u00f3a ch\u1ea5t. \u0110i\u1ec1u n\u00e0y gi\u00fap gi\u1ea3m \u0111\u00e1ng k\u1ec3 t\u00e1c \u0111\u1ed9ng \u0111\u1ebfn m\u00f4i tr\u01b0\u1eddng, \u0111\u01a1n gi\u1ea3n h\u00f3a c\u00f4ng t\u00e1c b\u1ea3o tr\u00ec v\u00e0 gi\u1ea3m chi ph\u00ed v\u1eadn h\u00e0nh.<\/p>\n<h3 data-section-id=\"1awlizo\" data-start=\"1493\" data-end=\"1543\">Gi\u1ea3m c\u0103ng th\u1eb3ng hi\u1ec7u qu\u1ea3 v\u00e0 kh\u1eafc ph\u1ee5c h\u01b0 h\u1ecfng<\/h3>\n<p data-start=\"1544\" data-end=\"1722\">H\u1ec7 th\u1ed1ng n\u00e0y \u0111\u01b0\u1ee3c thi\u1ebft k\u1ebf \u0111\u1ec3 lo\u1ea1i b\u1ecf l\u1edbp h\u01b0 h\u1ecfng \u1edf m\u1eb7t sau sau qu\u00e1 tr\u00ecnh m\u00e0i wafer, gi\u00fap gi\u1ea3i ph\u00f3ng hi\u1ec7u qu\u1ea3 \u1ee9ng su\u1ea5t b\u00ean trong, t\u1eeb \u0111\u00f3 \u0111\u1ea3m b\u1ea3o \u0111\u1ed9 ph\u1eb3ng v\u00e0 \u0111\u1ed9 \u1ed5n \u0111\u1ecbnh c\u1ea5u tr\u00fac c\u1ee7a wafer \u0111\u01b0\u1ee3c c\u1ea3i thi\u1ec7n.<\/p>\n<h3 data-section-id=\"90fwyd\" data-start=\"1724\" data-end=\"1762\">N\u00e2ng cao n\u0103ng su\u1ea5t cho c\u00e1c t\u1ea5m wafer m\u1ecfng<\/h3>\n<p data-start=\"1763\" data-end=\"1827\">B\u1eb1ng c\u00e1ch gi\u1ea3m thi\u1ec3u s\u1ef1 t\u1eadp trung \u1ee9ng su\u1ea5t, m\u00e1y gi\u00fap ng\u0103n ng\u1eeba:<\/p>\n<ul data-start=\"1828\" data-end=\"1876\">\n<li data-section-id=\"pus2hj\" data-start=\"1828\" data-end=\"1846\">V\u1ebft n\u1ee9t tr\u00ean t\u1ea5m wafer<\/li>\n<li data-section-id=\"wcbb49\" data-start=\"1847\" data-end=\"1864\">S\u1ee9t m\u1ebb m\u00e9p<\/li>\n<li data-section-id=\"bpnlvj\" data-start=\"1865\" data-end=\"1876\">S\u1ef1 cong v\u00eanh<\/li>\n<\/ul>\n<p data-start=\"1878\" data-end=\"1965\">\u0110i\u1ec1u n\u00e0y gi\u00fap n\u00e2ng cao t\u1ef7 l\u1ec7 thu h\u1ed3i, \u0111\u1eb7c bi\u1ec7t l\u00e0 \u0111\u1ed1i v\u1edbi c\u00e1c t\u1ea5m wafer c\u1ee1 l\u1edbn v\u00e0 si\u00eau m\u1ecfng.<\/p>\n<h3 data-section-id=\"98a0im\" data-start=\"1967\" data-end=\"2017\">T\u00edch h\u1ee3p li\u1ec1n m\u1ea1ch v\u1edbi c\u00e1c h\u1ec7 th\u1ed1ng l\u00e0m m\u1ecfng<\/h3>\n<p data-start=\"2018\" data-end=\"2217\">M\u00e1y WDP-1240 c\u00f3 th\u1ec3 \u0111\u01b0\u1ee3c t\u00edch h\u1ee3p v\u1edbi c\u00e1c thi\u1ebft b\u1ecb \u1edf giai \u0111o\u1ea1n tr\u01b0\u1edbc nh\u01b0 M\u00e1y m\u00e0i wafer t\u1ef1 \u0111\u1ed9ng WG1251, gi\u00fap t\u1ea1o ra c\u00e1c d\u00e2y chuy\u1ec1n s\u1ea3n xu\u1ea5t ho\u00e0n to\u00e0n t\u1ef1 \u0111\u1ed9ng v\u1edbi qu\u00e1 tr\u00ecnh chuy\u1ec3n wafer an to\u00e0n v\u00e0 \u1ed5n \u0111\u1ecbnh gi\u1eefa c\u00e1c c\u00f4ng \u0111o\u1ea1n.<\/p>\n<h3 data-section-id=\"1pvq7tz\" data-start=\"2219\" data-end=\"2265\">C\u1ea5u tr\u00fac c\u01a1 kh\u00ed \u1ed5n \u0111\u1ecbnh v\u00e0 ch\u1eafc ch\u1eafn<\/h3>\n<p data-start=\"2266\" data-end=\"2435\">Thi\u1ebft b\u1ecb n\u00e0y \u0111\u01b0\u1ee3c trang b\u1ecb c\u1ea5u h\u00ecnh tr\u1ee5c \u0111\u01a1n, m\u00e2m k\u1eb9p \u0111\u01a1n v\u00e0 b\u1ed9 \u0111i\u1ec1u ch\u1ec9nh dao, \u0111\u1ea3m b\u1ea3o hi\u1ec7u su\u1ea5t \u0111\u00e1nh b\u00f3ng \u1ed5n \u0111\u1ecbnh v\u00e0 \u0111\u1ed9 \u1ed5n \u0111\u1ecbnh ho\u1ea1t \u0111\u1ed9ng l\u00e2u d\u00e0i.<\/p>\n<hr data-start=\"2437\" data-end=\"2440\" \/>\n<h2 data-section-id=\"8lu2ky\" data-start=\"2442\" data-end=\"2472\">\u00a0Th\u00f4ng s\u1ed1 k\u1ef9 thu\u1eadt<\/h2>\n<div class=\"TyagGW_tableContainer\">\n<div class=\"group TyagGW_tableWrapper flex flex-col-reverse w-fit\" tabindex=\"-1\">\n<table class=\"w-fit min-w-(--thread-content-width)\" data-start=\"2474\" data-end=\"2738\">\n<thead data-start=\"2474\" data-end=\"2498\">\n<tr data-start=\"2474\" data-end=\"2498\">\n<th class=\"\" data-start=\"2474\" data-end=\"2481\" data-col-size=\"sm\">M\u1eb7t h\u00e0ng<\/th>\n<th class=\"\" data-start=\"2481\" data-end=\"2498\" data-col-size=\"md\">Th\u00f4ng s\u1ed1 k\u1ef9 thu\u1eadt<\/th>\n<\/tr>\n<\/thead>\n<tbody data-start=\"2522\" data-end=\"2738\">\n<tr data-start=\"2522\" data-end=\"2583\">\n<td data-start=\"2522\" data-end=\"2534\" data-col-size=\"sm\">C\u1ea5u tr\u00fac<\/td>\n<td data-start=\"2534\" data-end=\"2583\" data-col-size=\"md\">Tr\u1ee5c ch\u00ednh \u00d71 \/ B\u00e0n k\u1eb9p \u00d71 \/ B\u1ed9 m\u00e0i tr\u1ee5c \u00d71<\/td>\n<\/tr>\n<tr data-start=\"2584\" data-end=\"2618\">\n<td data-start=\"2584\" data-end=\"2600\" data-col-size=\"sm\">C\u00f4ng su\u1ea5t tr\u1ee5c ch\u00ednh<\/td>\n<td data-start=\"2600\" data-end=\"2618\" data-col-size=\"md\">7,5 kW \/ 11 kW<\/td>\n<\/tr>\n<tr data-start=\"2619\" data-end=\"2658\">\n<td data-start=\"2619\" data-end=\"2632\" data-col-size=\"sm\">K\u00edch th\u01b0\u1edbc t\u1ea5m wafer<\/td>\n<td data-start=\"2632\" data-end=\"2658\" data-col-size=\"md\">T\u1ed1i \u0111a 12 inch (300 mm)<\/td>\n<\/tr>\n<tr data-start=\"2659\" data-end=\"2691\">\n<td data-start=\"2659\" data-end=\"2674\" data-col-size=\"sm\">Lo\u1ea1i quy tr\u00ecnh<\/td>\n<td data-start=\"2674\" data-end=\"2691\" data-col-size=\"md\">\u0110\u00e1nh b\u00f3ng kh\u00f4<\/td>\n<\/tr>\n<tr data-start=\"2692\" data-end=\"2738\">\n<td data-start=\"2692\" data-end=\"2713\" data-col-size=\"sm\">K\u00edch th\u01b0\u1edbc m\u00e1y<\/td>\n<td data-start=\"2713\" data-end=\"2738\" data-col-size=\"md\">1.450 \u00d7 3.380 \u00d7 1.900 mm<\/td>\n<\/tr>\n<\/tbody>\n<\/table>\n<\/div>\n<\/div>\n<hr data-start=\"2740\" data-end=\"2743\" \/>\n<h2 data-section-id=\"13yq5fc\" data-start=\"2745\" data-end=\"2768\">Nguy\u00ean l\u00fd ho\u1ea1t \u0111\u1ed9ng<\/h2>\n<p data-start=\"2812\" data-end=\"2954\">M\u00e1y WDP-1240 ho\u1ea1t \u0111\u1ed9ng b\u1eb1ng c\u00e1ch th\u1ef1c hi\u1ec7n qu\u00e1 tr\u00ecnh \u0111\u00e1nh b\u00f3ng c\u01a1 h\u1ecdc c\u00f3 ki\u1ec3m so\u00e1t tr\u00ean m\u1eb7t sau c\u1ee7a t\u1ea5m wafer th\u00f4ng qua tr\u1ee5c quay t\u1ed1c \u0111\u1ed9 cao v\u00e0 h\u1ec7 th\u1ed1ng k\u1eb9p ch\u00ednh x\u00e1c.<\/p>\n<p data-start=\"2956\" data-end=\"3193\">Sau qu\u00e1 tr\u00ecnh m\u00e0i m\u1ecfng t\u1ea5m wafer, th\u01b0\u1eddng c\u00f2n l\u1ea1i m\u1ed9t l\u1edbp b\u1ecb h\u01b0 h\u1ecfng b\u00ean d\u01b0\u1edbi b\u1ec1 m\u1eb7t, g\u00e2y ra \u1ee9ng su\u1ea5t b\u00ean trong. Qu\u00e1 tr\u00ecnh \u0111\u00e1nh b\u00f3ng kh\u00f4 lo\u1ea1i b\u1ecf l\u1edbp n\u00e0y \u0111\u1ed3ng th\u1eddi duy tr\u00ec s\u1ef1 ki\u1ec3m so\u00e1t ch\u1eb7t ch\u1ebd v\u1ec1 \u00e1p su\u1ea5t v\u00e0 t\u1ed1c \u0111\u1ed9 lo\u1ea1i b\u1ecf v\u1eadt li\u1ec7u. \u0110i\u1ec1u n\u00e0y d\u1eabn \u0111\u1ebfn:<\/p>\n<ul data-start=\"3195\" data-end=\"3278\">\n<li data-section-id=\"1r1ex1w\" data-start=\"3195\" data-end=\"3222\">Ch\u1ea5t l\u01b0\u1ee3ng b\u1ec1 m\u1eb7t \u0111\u1ed3ng \u0111\u1ec1u<\/li>\n<li data-section-id=\"bhqqr1\" data-start=\"3223\" data-end=\"3250\">Gi\u1ea3m \u1ee9ng su\u1ea5t d\u01b0<\/li>\n<li data-section-id=\"1iz8bdx\" data-start=\"3251\" data-end=\"3278\">\u0110\u1ed9 ph\u1eb3ng c\u1ee7a t\u1ea5m wafer \u0111\u01b0\u1ee3c c\u1ea3i thi\u1ec7n<\/li>\n<\/ul>\n<p data-start=\"3280\" data-end=\"3392\">T\u1ee7 d\u1ee5ng c\u1ee5 t\u00edch h\u1ee3p \u0111\u1ea3m b\u1ea3o c\u00e1c d\u1ee5ng c\u1ee5 \u0111\u00e1nh b\u00f3ng duy tr\u00ec hi\u1ec7u su\u1ea5t \u1ed5n \u0111\u1ecbnh trong su\u1ed1t qu\u00e1 tr\u00ecnh.<\/p>\n<hr data-start=\"3394\" data-end=\"3397\" \/>\n<h2 data-section-id=\"1mpxdoq\" data-start=\"3399\" data-end=\"3422\"><img decoding=\"async\" class=\"size-medium wp-image-2171 alignright\" src=\"https:\/\/www.zmsh-semitech.com\/wp-content\/uploads\/2026\/04\/4inch_silicon_carbide_wafers-300x300.webp\" alt=\"\" width=\"300\" height=\"300\" srcset=\"https:\/\/www.zmsh-semitech.com\/wp-content\/uploads\/2026\/04\/4inch_silicon_carbide_wafers-300x300.webp 300w, https:\/\/www.zmsh-semitech.com\/wp-content\/uploads\/2026\/04\/4inch_silicon_carbide_wafers-150x150.webp 150w, https:\/\/www.zmsh-semitech.com\/wp-content\/uploads\/2026\/04\/4inch_silicon_carbide_wafers-768x768.webp 768w, https:\/\/www.zmsh-semitech.com\/wp-content\/uploads\/2026\/04\/4inch_silicon_carbide_wafers-12x12.webp 12w, https:\/\/www.zmsh-semitech.com\/wp-content\/uploads\/2026\/04\/4inch_silicon_carbide_wafers-600x600.webp 600w, https:\/\/www.zmsh-semitech.com\/wp-content\/uploads\/2026\/04\/4inch_silicon_carbide_wafers-100x100.webp 100w, https:\/\/www.zmsh-semitech.com\/wp-content\/uploads\/2026\/04\/4inch_silicon_carbide_wafers.webp 800w\" sizes=\"(max-width: 300px) 100vw, 300px\" \/>Ph\u1ea1m vi \u1ee9ng d\u1ee5ng<\/h2>\n<p data-start=\"3424\" data-end=\"3462\">D\u00f2ng s\u1ea3n ph\u1ea9m WDP-1240 \u0111\u01b0\u1ee3c s\u1eed d\u1ee5ng r\u1ed9ng r\u00e3i trong:<\/p>\n<ul data-start=\"3464\" data-end=\"3675\">\n<li data-section-id=\"thioxr\" data-start=\"3464\" data-end=\"3507\">Quy tr\u00ecnh x\u1eed l\u00fd m\u1eb7t sau c\u1ee7a t\u1ea5m b\u00e1n d\u1eabn<\/li>\n<li data-section-id=\"1b52adm\" data-start=\"3508\" data-end=\"3557\">C\u00f4ng ngh\u1ec7 \u0111\u00f3ng g\u00f3i ti\u00ean ti\u1ebfn (WLCSP, \u0111\u00f3ng g\u00f3i ph\u00e2n nh\u00e1nh)<\/li>\n<li data-section-id=\"1lhtczs\" data-start=\"3558\" data-end=\"3590\">\u0110\u00e1nh b\u00f3ng t\u1ea5m wafer silicon (Si)<\/li>\n<li data-section-id=\"zqmbwb\" data-start=\"3591\" data-end=\"3633\">Ch\u1ebf bi\u1ebfn t\u1ea5m wafer cacbua silic (SiC)<\/li>\n<li data-section-id=\"1xtbjfg\" data-start=\"3634\" data-end=\"3675\">C\u00e1c \u1ee9ng d\u1ee5ng gi\u1ea3m \u1ee9ng su\u1ea5t cho t\u1ea5m wafer m\u1ecfng<\/li>\n<\/ul>\n<p data-start=\"3677\" data-end=\"3828\">Thi\u1ebft b\u1ecb n\u00e0y h\u1ed7 tr\u1ee3 c\u00e1c t\u1ea5m wafer c\u00f3 \u0111\u01b0\u1eddng k\u00ednh 12 inch tr\u1edf xu\u1ed1ng, nh\u1edd \u0111\u00f3 ph\u00f9 h\u1ee3p cho c\u1ea3 s\u1ea3n xu\u1ea5t b\u00e1n d\u1eabn th\u00f4ng d\u1ee5ng l\u1eabn c\u00e1c c\u00f4ng ngh\u1ec7 \u0111\u00f3ng g\u00f3i ti\u00ean ti\u1ebfn \u0111ang ph\u00e1t tri\u1ec3n.<\/p>\n<hr data-start=\"3830\" data-end=\"3833\" \/>\n<h2 data-section-id=\"1116wfg\" data-start=\"3835\" data-end=\"3856\"><img decoding=\"async\" class=\"size-medium wp-image-2122 alignright\" src=\"https:\/\/www.zmsh-semitech.com\/wp-content\/uploads\/2026\/04\/Wafer-Back-Grinding-Machine-300x300.png\" alt=\"\" width=\"300\" height=\"300\" srcset=\"https:\/\/www.zmsh-semitech.com\/wp-content\/uploads\/2026\/04\/Wafer-Back-Grinding-Machine-300x300.png 300w, https:\/\/www.zmsh-semitech.com\/wp-content\/uploads\/2026\/04\/Wafer-Back-Grinding-Machine-150x150.png 150w, https:\/\/www.zmsh-semitech.com\/wp-content\/uploads\/2026\/04\/Wafer-Back-Grinding-Machine-768x768.png 768w, https:\/\/www.zmsh-semitech.com\/wp-content\/uploads\/2026\/04\/Wafer-Back-Grinding-Machine-12x12.png 12w, https:\/\/www.zmsh-semitech.com\/wp-content\/uploads\/2026\/04\/Wafer-Back-Grinding-Machine-600x600.png 600w, https:\/\/www.zmsh-semitech.com\/wp-content\/uploads\/2026\/04\/Wafer-Back-Grinding-Machine-100x100.png 100w, https:\/\/www.zmsh-semitech.com\/wp-content\/uploads\/2026\/04\/Wafer-Back-Grinding-Machine.png 1000w\" sizes=\"(max-width: 300px) 100vw, 300px\" \/>Nh\u1eefng l\u1ee3i th\u1ebf c\u1ed1t l\u00f5i<\/h2>\n<ul data-start=\"3858\" data-end=\"4293\">\n<li data-section-id=\"6czk3i\" data-start=\"3858\" data-end=\"3942\">T\u00e1c \u0111\u1ed9ng m\u00f4i tr\u01b0\u1eddng th\u1ea5p<br data-start=\"3888\" data-end=\"3891\" \/>Quy tr\u00ecnh kh\u00f4 gi\u00fap lo\u1ea1i b\u1ecf b\u00f9n v\u00e0 gi\u1ea3m thi\u1ec3u ch\u1ea5t th\u1ea3i<\/li>\n<li data-section-id=\"7ceake\" data-start=\"3944\" data-end=\"4024\">N\u00e2ng cao n\u0103ng su\u1ea5t<br data-start=\"3972\" data-end=\"3975\" \/>Gi\u1ea3m thi\u1ec3u hi\u1ec7n t\u01b0\u1ee3ng n\u1ee9t v\u00e0 cong v\u00eanh \u1edf c\u00e1c t\u1ea5m wafer m\u1ecfng<\/li>\n<li data-section-id=\"aztc7d\" data-start=\"4026\" data-end=\"4104\">\u0110\u1ed9 \u1ed5n \u0111\u1ecbnh cao trong qu\u00e1 tr\u00ecnh<br data-start=\"4054\" data-end=\"4057\" \/>C\u1ea5u tr\u00fac ch\u1eafc ch\u1eafn \u0111\u1ea3m b\u1ea3o k\u1ebft qu\u1ea3 \u1ed5n \u0111\u1ecbnh<\/li>\n<li data-section-id=\"1viz6br\" data-start=\"4106\" data-end=\"4194\">T\u00edch h\u1ee3p d\u00e2y chuy\u1ec1n s\u1ea3n xu\u1ea5t<br data-start=\"4139\" data-end=\"4142\" \/>T\u01b0\u01a1ng th\u00edch v\u1edbi c\u00e1c h\u1ec7 th\u1ed1ng m\u00e0i m\u1ecfng t\u1ea5m wafer t\u1ef1 \u0111\u1ed9ng<\/li>\n<li data-section-id=\"vz1nvb\" data-start=\"4196\" data-end=\"4293\">\u0110\u01b0\u1ee3c t\u1ed1i \u01b0u h\u00f3a cho c\u00f4ng ngh\u1ec7 \u0111\u00f3ng g\u00f3i ti\u00ean ti\u1ebfn<br data-start=\"4234\" data-end=\"4237\" \/>\u0110\u01b0\u1ee3c thi\u1ebft k\u1ebf cho c\u00e1c quy tr\u00ecnh s\u1ea3n xu\u1ea5t b\u00e1n d\u1eabn th\u1ebf h\u1ec7 m\u1edbi<\/li>\n<\/ul>\n<hr data-start=\"4295\" data-end=\"4298\" \/>\n<h2 data-section-id=\"w1cnyx\" data-start=\"4300\" data-end=\"4309\">C\u00e2u h\u1ecfi th\u01b0\u1eddng g\u1eb7p<\/h2>\n<p data-start=\"4311\" data-end=\"4563\">C\u00e2u h\u1ecfi 1: \u01afu \u0111i\u1ec3m ch\u00ednh c\u1ee7a ph\u01b0\u01a1ng ph\u00e1p \u0111\u00e1nh b\u00f3ng kh\u00f4 so v\u1edbi ph\u01b0\u01a1ng ph\u00e1p \u0111\u00e1nh b\u00f3ng \u01b0\u1edbt l\u00e0 g\u00ec?<br data-start=\"4389\" data-end=\"4392\" \/>A: Ph\u01b0\u01a1ng ph\u00e1p \u0111\u00e1nh b\u00f3ng kh\u00f4 gi\u00fap lo\u1ea1i b\u1ecf vi\u1ec7c s\u1eed d\u1ee5ng h\u1ed7n h\u1ee3p m\u00e0i, t\u1eeb \u0111\u00f3 gi\u1ea3m thi\u1ec3u t\u00e1c \u0111\u1ed9ng \u0111\u1ebfn m\u00f4i tr\u01b0\u1eddng, \u0111\u01a1n gi\u1ea3n h\u00f3a c\u00f4ng t\u00e1c b\u1ea3o tr\u00ec v\u00e0 c\u1eaft gi\u1ea3m chi ph\u00ed v\u1eadn h\u00e0nh, \u0111\u1ed3ng th\u1eddi v\u1eabn \u0111\u1ea3m b\u1ea3o ch\u1ea5t l\u01b0\u1ee3ng b\u1ec1 m\u1eb7t cao.<\/p>\n<p data-start=\"4565\" data-end=\"4700\">C\u00e2u h\u1ecfi 2: C\u00e1c k\u00edch th\u01b0\u1edbc wafer n\u00e0o \u0111\u01b0\u1ee3c h\u1ed7 tr\u1ee3?<br data-start=\"4604\" data-end=\"4607\" \/>A: M\u00e1y WDP-1240 h\u1ed7 tr\u1ee3 c\u00e1c t\u1ea5m wafer c\u00f3 \u0111\u01b0\u1eddng k\u00ednh l\u00ean \u0111\u1ebfn 12 inch (300 mm), bao g\u1ed3m c\u00e1c v\u1eadt li\u1ec7u Si v\u00e0 SiC.<\/p>\n<p data-start=\"4702\" data-end=\"4916\">C\u00e2u h\u1ecfi 3: M\u00e1y n\u00e0y c\u00f3 th\u1ec3 \u0111\u01b0\u1ee3c t\u00edch h\u1ee3p v\u00e0o d\u00e2y chuy\u1ec1n s\u1ea3n xu\u1ea5t kh\u00f4ng?<br data-start=\"4764\" data-end=\"4767\" \/>A: \u0110\u00fang v\u1eady. Thi\u1ebft b\u1ecb n\u00e0y c\u00f3 th\u1ec3 k\u1ebft n\u1ed1i li\u1ec1n m\u1ea1ch v\u1edbi c\u00e1c thi\u1ebft b\u1ecb m\u00e0i m\u1ecfng wafer nh\u01b0 WG1251, cho ph\u00e9p chuy\u1ec3n wafer t\u1ef1 \u0111\u1ed9ng v\u00e0 x\u1eed l\u00fd li\u00ean t\u1ee5c.<\/p>","protected":false},"excerpt":{"rendered":"<p>M\u00e1y \u0111\u00e1nh b\u00f3ng kh\u00f4 d\u00f2ng WDP-1240 l\u00e0 m\u1ed9t h\u1ec7 th\u1ed1ng ch\u00ednh x\u00e1c ti\u00ean ti\u1ebfn \u0111\u01b0\u1ee3c ph\u00e1t tri\u1ec3n \u0111\u1ec3 gi\u1ea3m \u1ee9ng su\u1ea5t m\u1eb7t sau c\u1ee7a t\u1ea5m wafer v\u00e0 lo\u1ea1i b\u1ecf l\u1edbp h\u01b0 h\u1ecfng trong qu\u00e1 tr\u00ecnh s\u1ea3n xu\u1ea5t b\u00e1n d\u1eabn. \u0110\u01b0\u1ee3c thi\u1ebft k\u1ebf chuy\u00ean bi\u1ec7t cho vi\u1ec7c x\u1eed l\u00fd t\u1ea5m wafer 300 mm, thi\u1ebft b\u1ecb n\u00e0y s\u1eed d\u1ee5ng quy tr\u00ecnh \u0111\u00e1nh b\u00f3ng kh\u00f4 \u0111\u1ec3 \u0111\u1ea1t \u0111\u01b0\u1ee3c b\u1ec1 m\u1eb7t ho\u00e0n thi\u1ec7n ch\u1ea5t l\u01b0\u1ee3ng cao \u0111\u1ed3ng th\u1eddi gi\u1ea3m thi\u1ec3u t\u00e1c \u0111\u1ed9ng \u0111\u1ebfn m\u00f4i tr\u01b0\u1eddng.<\/p>","protected":false},"featured_media":2217,"comment_status":"open","ping_status":"closed","template":"","meta":{"site-sidebar-layout":"default","site-content-layout":"","ast-site-content-layout":"default","site-content-style":"default","site-sidebar-style":"default","ast-global-header-display":"","ast-banner-title-visibility":"","ast-main-header-display":"","ast-hfb-above-header-display":"","ast-hfb-below-header-display":"","ast-hfb-mobile-header-display":"","site-post-title":"","ast-breadcrumbs-content":"","ast-featured-img":"","footer-sml-layout":"","ast-disable-related-posts":"","theme-transparent-header-meta":"default","adv-header-id-meta":"","stick-header-meta":"default","header-above-stick-meta":"","header-main-stick-meta":"","header-below-stick-meta":"","astra-migrate-meta-layouts":"set","ast-page-background-enabled":"default","ast-page-background-meta":{"desktop":{"background-color":"var(--ast-global-color-4)","background-image":"","background-repeat":"repeat","background-position":"center center","background-size":"auto","background-attachment":"scroll","background-type":"","background-media":"","overlay-type":"","overlay-color":"","overlay-opacity":"","overlay-gradient":""},"tablet":{"background-color":"","background-image":"","background-repeat":"repeat","background-position":"center center","background-size":"auto","background-attachment":"scroll","background-type":"","background-media":"","overlay-type":"","overlay-color":"","overlay-opacity":"","overlay-gradient":""},"mobile":{"background-color":"","background-image":"","background-repeat":"repeat","background-position":"center center","background-size":"auto","background-attachment":"scroll","background-type":"","background-media":"","overlay-type":"","overlay-color":"","overlay-opacity":"","overlay-gradient":""}},"ast-content-background-meta":{"desktop":{"background-color":"var(--ast-global-color-5)","background-image":"","background-repeat":"repeat","background-position":"center center","background-size":"auto","background-attachment":"scroll","background-type":"","background-media":"","overlay-type":"","overlay-color":"","overlay-opacity":"","overlay-gradient":""},"tablet":{"background-color":"var(--ast-global-color-5)","background-image":"","background-repeat":"repeat","background-position":"center center","background-size":"auto","background-attachment":"scroll","background-type":"","background-media":"","overlay-type":"","overlay-color":"","overlay-opacity":"","overlay-gradient":""},"mobile":{"background-color":"var(--ast-global-color-5)","background-image":"","background-repeat":"repeat","background-position":"center center","background-size":"auto","background-attachment":"scroll","background-type":"","background-media":"","overlay-type":"","overlay-color":"","overlay-opacity":"","overlay-gradient":""}}},"product_brand":[],"product_cat":[725],"product_tag":[995,1000,993,1001,996,997,999,998,994,1002],"class_list":{"0":"post-2215","1":"product","2":"type-product","3":"status-publish","4":"has-post-thumbnail","6":"product_cat-polishing-machine","7":"product_tag-300mm-wafer-polishing","8":"product_tag-advanced-packaging-equipment","9":"product_tag-dry-polishing-machine","10":"product_tag-dry-wafer-processing","11":"product_tag-semiconductor-polishing-machine","12":"product_tag-sic-wafer-polishing","13":"product_tag-stress-relief-polishing-machine","14":"product_tag-wafer-backside-polishing","15":"product_tag-wafer-polishing-equipment","16":"product_tag-wafer-thinning-line-equipment","17":"desktop-align-left","18":"tablet-align-left","19":"mobile-align-left","20":"ast-product-gallery-layout-horizontal-slider","21":"ast-product-gallery-with-no-image","22":"ast-product-tabs-layout-horizontal","24":"first","25":"instock","26":"shipping-taxable","27":"product-type-simple"},"_links":{"self":[{"href":"https:\/\/www.zmsh-semitech.com\/vi\/wp-json\/wp\/v2\/product\/2215","targetHints":{"allow":["GET"]}}],"collection":[{"href":"https:\/\/www.zmsh-semitech.com\/vi\/wp-json\/wp\/v2\/product"}],"about":[{"href":"https:\/\/www.zmsh-semitech.com\/vi\/wp-json\/wp\/v2\/types\/product"}],"replies":[{"embeddable":true,"href":"https:\/\/www.zmsh-semitech.com\/vi\/wp-json\/wp\/v2\/comments?post=2215"}],"version-history":[{"count":3,"href":"https:\/\/www.zmsh-semitech.com\/vi\/wp-json\/wp\/v2\/product\/2215\/revisions"}],"predecessor-version":[{"id":2219,"href":"https:\/\/www.zmsh-semitech.com\/vi\/wp-json\/wp\/v2\/product\/2215\/revisions\/2219"}],"wp:featuredmedia":[{"embeddable":true,"href":"https:\/\/www.zmsh-semitech.com\/vi\/wp-json\/wp\/v2\/media\/2217"}],"wp:attachment":[{"href":"https:\/\/www.zmsh-semitech.com\/vi\/wp-json\/wp\/v2\/media?parent=2215"}],"wp:term":[{"taxonomy":"product_brand","embeddable":true,"href":"https:\/\/www.zmsh-semitech.com\/vi\/wp-json\/wp\/v2\/product_brand?post=2215"},{"taxonomy":"product_cat","embeddable":true,"href":"https:\/\/www.zmsh-semitech.com\/vi\/wp-json\/wp\/v2\/product_cat?post=2215"},{"taxonomy":"product_tag","embeddable":true,"href":"https:\/\/www.zmsh-semitech.com\/vi\/wp-json\/wp\/v2\/product_tag?post=2215"}],"curies":[{"name":"wp","href":"https:\/\/api.w.org\/{rel}","templated":true}]}}