{"id":2167,"date":"2026-04-14T02:28:42","date_gmt":"2026-04-14T02:28:42","guid":{"rendered":"https:\/\/www.zmsh-semitech.com\/?post_type=product&#038;p=2167"},"modified":"2026-04-14T02:28:45","modified_gmt":"2026-04-14T02:28:45","slug":"4-inch-4h-n-silicon-carbide-wafer","status":"publish","type":"product","link":"https:\/\/www.zmsh-semitech.com\/vi\/product\/4-inch-4h-n-silicon-carbide-wafer\/","title":{"rendered":"T\u1ea5m wafer cacbua silic 4 inch (100 mm) lo\u1ea1i 4H-N"},"content":{"rendered":"<p data-start=\"161\" data-end=\"420\"><img fetchpriority=\"high\" decoding=\"async\" class=\"alignright wp-image-2171 size-medium\" src=\"https:\/\/www.zmsh-semitech.com\/wp-content\/uploads\/2026\/04\/4inch_silicon_carbide_wafers-300x300.webp\" alt=\"T\u1ea5m wafer cacbua silic\" width=\"300\" height=\"300\" srcset=\"https:\/\/www.zmsh-semitech.com\/wp-content\/uploads\/2026\/04\/4inch_silicon_carbide_wafers-300x300.webp 300w, https:\/\/www.zmsh-semitech.com\/wp-content\/uploads\/2026\/04\/4inch_silicon_carbide_wafers-150x150.webp 150w, https:\/\/www.zmsh-semitech.com\/wp-content\/uploads\/2026\/04\/4inch_silicon_carbide_wafers-768x768.webp 768w, https:\/\/www.zmsh-semitech.com\/wp-content\/uploads\/2026\/04\/4inch_silicon_carbide_wafers-12x12.webp 12w, https:\/\/www.zmsh-semitech.com\/wp-content\/uploads\/2026\/04\/4inch_silicon_carbide_wafers-600x600.webp 600w, https:\/\/www.zmsh-semitech.com\/wp-content\/uploads\/2026\/04\/4inch_silicon_carbide_wafers-100x100.webp 100w, https:\/\/www.zmsh-semitech.com\/wp-content\/uploads\/2026\/04\/4inch_silicon_carbide_wafers.webp 800w\" sizes=\"(max-width: 300px) 100vw, 300px\" \/>The 4 inch 4H-N silicon carbide wafer is a conductive SiC substrate designed for advanced power semiconductor applications. It is based on the 4H crystal polytype, which is widely recognized in the industry for its superior electrical and thermal performance.<\/p>\n<p data-start=\"422\" data-end=\"752\">Silicon carbide belongs to the third-generation semiconductor materials and offers significant advantages over traditional silicon. Its wide bandgap, high breakdown electric field, and excellent thermal conductivity make it highly suitable for devices operating under high voltage, high frequency, and high temperature conditions.<\/p>\n<p data-start=\"754\" data-end=\"1163\">This wafer is commonly used for manufacturing power devices such as MOSFETs, Schottky barrier diodes, JFETs, and IGBTs. These devices are critical components in modern energy systems, where efficiency, reliability, and compact design are essential. The 4 inch format provides a balance between cost efficiency and device yield, making it widely adopted in both research and industrial production environments.<\/p>\n<h2 data-section-id=\"1a3ueyz\" data-start=\"1170\" data-end=\"1187\">Th\u00f4ng s\u1ed1 k\u1ef9 thu\u1eadt<\/h2>\n<div class=\"TyagGW_tableContainer\">\n<div class=\"group TyagGW_tableWrapper flex flex-col-reverse w-fit\" tabindex=\"-1\">\n<table class=\"w-fit min-w-(--thread-content-width)\" data-start=\"1189\" data-end=\"1522\">\n<thead data-start=\"1189\" data-end=\"1210\">\n<tr data-start=\"1189\" data-end=\"1210\">\n<th class=\"\" data-start=\"1189\" data-end=\"1201\" data-col-size=\"sm\">Tham s\u1ed1<\/th>\n<th class=\"\" data-start=\"1201\" data-end=\"1210\" data-col-size=\"sm\">Gi\u00e1 tr\u1ecb<\/th>\n<\/tr>\n<\/thead>\n<tbody data-start=\"1231\" data-end=\"1522\">\n<tr data-start=\"1231\" data-end=\"1258\">\n<td data-start=\"1231\" data-end=\"1242\" data-col-size=\"sm\">\u0110\u01b0\u1eddng k\u00ednh<\/td>\n<td data-col-size=\"sm\" data-start=\"1242\" data-end=\"1258\">100 \u00b1 0,5 mm<\/td>\n<\/tr>\n<tr data-start=\"1259\" data-end=\"1286\">\n<td data-start=\"1259\" data-end=\"1271\" data-col-size=\"sm\">\u0110\u1ed9 d\u00e0y<\/td>\n<td data-col-size=\"sm\" data-start=\"1271\" data-end=\"1286\">350 \u00b1 25 \u03bcm<\/td>\n<\/tr>\n<tr data-start=\"1287\" data-end=\"1304\">\n<td data-start=\"1287\" data-end=\"1298\" data-col-size=\"sm\">Lo\u1ea1i h\u00ecnh<\/td>\n<td data-col-size=\"sm\" data-start=\"1298\" data-end=\"1304\">4H<\/td>\n<\/tr>\n<tr data-start=\"1305\" data-end=\"1335\">\n<td data-start=\"1305\" data-end=\"1325\" data-col-size=\"sm\">Lo\u1ea1i \u0111\u1ed9 d\u1eabn \u0111i\u1ec7n<\/td>\n<td data-col-size=\"sm\" data-start=\"1325\" data-end=\"1335\">Lo\u1ea1i N<\/td>\n<\/tr>\n<tr data-start=\"1336\" data-end=\"1371\">\n<td data-start=\"1336\" data-end=\"1356\" data-col-size=\"sm\">\u0110\u1ed9 nh\u00e1m b\u1ec1 m\u1eb7t<\/td>\n<td data-col-size=\"sm\" data-start=\"1356\" data-end=\"1371\">Ra \u2264 0.2 nm<\/td>\n<\/tr>\n<tr data-start=\"1372\" data-end=\"1389\">\n<td data-start=\"1372\" data-end=\"1378\" data-col-size=\"sm\">TTV<\/td>\n<td data-col-size=\"sm\" data-start=\"1378\" data-end=\"1389\">\u2264 10 \u03bcm<\/td>\n<\/tr>\n<tr data-start=\"1390\" data-end=\"1408\">\n<td data-start=\"1390\" data-end=\"1397\" data-col-size=\"sm\">Warp<\/td>\n<td data-start=\"1397\" data-end=\"1408\" data-col-size=\"sm\">\u2264 30 \u03bcm<\/td>\n<\/tr>\n<tr data-start=\"1409\" data-end=\"1444\">\n<td data-start=\"1409\" data-end=\"1426\" data-col-size=\"sm\">M\u1eadt \u0111\u1ed9 khuy\u1ebft t\u1eadt<\/td>\n<td data-col-size=\"sm\" data-start=\"1426\" data-end=\"1444\">MPD &lt; 1 ea\/cm\u00b2<\/td>\n<\/tr>\n<tr data-start=\"1445\" data-end=\"1480\">\n<td data-start=\"1445\" data-end=\"1452\" data-col-size=\"sm\">Edge<\/td>\n<td data-start=\"1452\" data-end=\"1480\" data-col-size=\"sm\">45\u00b0 bevel, SEMI standard<\/td>\n<\/tr>\n<tr data-start=\"1481\" data-end=\"1522\">\n<td data-start=\"1481\" data-end=\"1489\" data-col-size=\"sm\">L\u1edbp<\/td>\n<td data-col-size=\"sm\" data-start=\"1489\" data-end=\"1522\">S\u1ea3n xu\u1ea5t \/ Nghi\u00ean c\u1ee9u \/ M\u00f4 h\u00ecnh<\/td>\n<\/tr>\n<\/tbody>\n<\/table>\n<\/div>\n<\/div>\n<p data-start=\"1524\" data-end=\"1670\">These parameters ensure high surface quality and dimensional stability, which are essential for epitaxial growth and device fabrication processes.<\/p>\n<h2 data-section-id=\"1p4die8\" data-start=\"1677\" data-end=\"1704\">\u0110\u1eb7c t\u00ednh v\u1eadt li\u1ec7u<\/h2>\n<p data-start=\"1706\" data-end=\"1943\">Silicon carbide demonstrates a wide bandgap of approximately 3.26 eV, which allows devices to operate at significantly higher voltages compared to silicon. This results in improved power handling capability and reduced conduction losses.<img decoding=\"async\" class=\"size-medium wp-image-2170 alignright\" src=\"https:\/\/www.zmsh-semitech.com\/wp-content\/uploads\/2026\/04\/4inch_silicon_carbide_wafers2-300x300.webp\" alt=\"\" width=\"300\" height=\"300\" srcset=\"https:\/\/www.zmsh-semitech.com\/wp-content\/uploads\/2026\/04\/4inch_silicon_carbide_wafers2-300x300.webp 300w, https:\/\/www.zmsh-semitech.com\/wp-content\/uploads\/2026\/04\/4inch_silicon_carbide_wafers2-150x150.webp 150w, https:\/\/www.zmsh-semitech.com\/wp-content\/uploads\/2026\/04\/4inch_silicon_carbide_wafers2-768x768.webp 768w, https:\/\/www.zmsh-semitech.com\/wp-content\/uploads\/2026\/04\/4inch_silicon_carbide_wafers2-12x12.webp 12w, https:\/\/www.zmsh-semitech.com\/wp-content\/uploads\/2026\/04\/4inch_silicon_carbide_wafers2-600x600.webp 600w, https:\/\/www.zmsh-semitech.com\/wp-content\/uploads\/2026\/04\/4inch_silicon_carbide_wafers2-100x100.webp 100w, https:\/\/www.zmsh-semitech.com\/wp-content\/uploads\/2026\/04\/4inch_silicon_carbide_wafers2.webp 800w\" sizes=\"(max-width: 300px) 100vw, 300px\" \/><\/p>\n<p data-start=\"1945\" data-end=\"2159\">Another important property is its high breakdown electric field, which can be nearly ten times greater than that of silicon. This enables thinner device structures and higher efficiency in power conversion systems.<\/p>\n<p data-start=\"2161\" data-end=\"2440\">Thermal conductivity is also a key advantage. SiC conducts heat about three times more effectively than silicon, allowing devices to maintain stable performance under high load conditions. This reduces the need for complex cooling systems and improves overall system reliability.<\/p>\n<p data-start=\"2442\" data-end=\"2702\">In addition, silicon carbide maintains stable electrical characteristics at temperatures exceeding 600\u00b0C. This makes it particularly suitable for applications in harsh environments such as automotive power systems, industrial drives, and aerospace electronics.<\/p>\n<p data-start=\"2704\" data-end=\"2856\">The material also offers high electron mobility and low on-resistance, contributing to faster switching speeds and reduced energy loss in power devices.<\/p>\n<h2 data-section-id=\"1m1028d\" data-start=\"2863\" data-end=\"2887\">Available Wafer Sizes<\/h2>\n<p data-start=\"2889\" data-end=\"2984\">Silicon carbide wafers are available in multiple diameters to meet different application needs:<\/p>\n<div class=\"TyagGW_tableContainer\">\n<div class=\"group TyagGW_tableWrapper flex flex-col-reverse w-fit\" tabindex=\"-1\">\n<table class=\"w-fit min-w-(--thread-content-width)\" data-start=\"2986\" data-end=\"3227\">\n<thead data-start=\"2986\" data-end=\"3023\">\n<tr data-start=\"2986\" data-end=\"3023\">\n<th class=\"\" data-start=\"2986\" data-end=\"2993\" data-col-size=\"sm\">Size<\/th>\n<th class=\"\" data-start=\"2993\" data-end=\"3004\" data-col-size=\"sm\">\u0110\u01b0\u1eddng k\u00ednh<\/th>\n<th class=\"\" data-start=\"3004\" data-end=\"3023\" data-col-size=\"sm\">Ph\u1ea1m vi \u0111\u1ed9 d\u00e0y<\/th>\n<\/tr>\n<\/thead>\n<tbody data-start=\"3061\" data-end=\"3227\">\n<tr data-start=\"3061\" data-end=\"3094\">\n<td data-start=\"3061\" data-end=\"3070\" data-col-size=\"sm\">2 inch<\/td>\n<td data-col-size=\"sm\" data-start=\"3070\" data-end=\"3080\">50.8 mm<\/td>\n<td data-col-size=\"sm\" data-start=\"3080\" data-end=\"3094\">330\u2013350 \u03bcm<\/td>\n<\/tr>\n<tr data-start=\"3095\" data-end=\"3128\">\n<td data-start=\"3095\" data-end=\"3104\" data-col-size=\"sm\">3 inch<\/td>\n<td data-col-size=\"sm\" data-start=\"3104\" data-end=\"3114\">76.2 mm<\/td>\n<td data-col-size=\"sm\" data-start=\"3114\" data-end=\"3128\">350\u2013500 \u03bcm<\/td>\n<\/tr>\n<tr data-start=\"3129\" data-end=\"3161\">\n<td data-start=\"3129\" data-end=\"3138\" data-col-size=\"sm\">4 inch<\/td>\n<td data-col-size=\"sm\" data-start=\"3138\" data-end=\"3147\">100 mm<\/td>\n<td data-col-size=\"sm\" data-start=\"3147\" data-end=\"3161\">350\u2013500 \u03bcm<\/td>\n<\/tr>\n<tr data-start=\"3162\" data-end=\"3194\">\n<td data-start=\"3162\" data-end=\"3171\" data-col-size=\"sm\">6 inch<\/td>\n<td data-col-size=\"sm\" data-start=\"3171\" data-end=\"3180\">150 mm<\/td>\n<td data-col-size=\"sm\" data-start=\"3180\" data-end=\"3194\">350\u2013500 \u03bcm<\/td>\n<\/tr>\n<tr data-start=\"3195\" data-end=\"3227\">\n<td data-start=\"3195\" data-end=\"3204\" data-col-size=\"sm\">8 inch<\/td>\n<td data-col-size=\"sm\" data-start=\"3204\" data-end=\"3213\">200 mm<\/td>\n<td data-col-size=\"sm\" data-start=\"3213\" data-end=\"3227\">350\u2013500 \u03bcm<\/td>\n<\/tr>\n<\/tbody>\n<\/table>\n<\/div>\n<\/div>\n<p data-start=\"3229\" data-end=\"3350\">Common types include conductive 4H-N, semi-insulating HPSI, and other specialized variants for RF and power applications.<\/p>\n<h2 data-section-id=\"mu966k\" data-start=\"3357\" data-end=\"3372\">\u1ee8ng d\u1ee5ng<\/h2>\n<p data-start=\"3374\" data-end=\"3574\">In electric vehicles, SiC wafers are used in traction inverters, onboard chargers, and DC-DC converters. They improve energy efficiency, reduce heat generation, and enable more compact system designs.<img decoding=\"async\" class=\"size-medium wp-image-2169 alignright\" src=\"https:\/\/www.zmsh-semitech.com\/wp-content\/uploads\/2026\/04\/4inch_silicon_carbide_wafers4-300x300.webp\" alt=\"\" width=\"300\" height=\"300\" srcset=\"https:\/\/www.zmsh-semitech.com\/wp-content\/uploads\/2026\/04\/4inch_silicon_carbide_wafers4-300x300.webp 300w, https:\/\/www.zmsh-semitech.com\/wp-content\/uploads\/2026\/04\/4inch_silicon_carbide_wafers4-150x150.webp 150w, https:\/\/www.zmsh-semitech.com\/wp-content\/uploads\/2026\/04\/4inch_silicon_carbide_wafers4-768x768.webp 768w, https:\/\/www.zmsh-semitech.com\/wp-content\/uploads\/2026\/04\/4inch_silicon_carbide_wafers4-12x12.webp 12w, https:\/\/www.zmsh-semitech.com\/wp-content\/uploads\/2026\/04\/4inch_silicon_carbide_wafers4-600x600.webp 600w, https:\/\/www.zmsh-semitech.com\/wp-content\/uploads\/2026\/04\/4inch_silicon_carbide_wafers4-100x100.webp 100w, https:\/\/www.zmsh-semitech.com\/wp-content\/uploads\/2026\/04\/4inch_silicon_carbide_wafers4.webp 800w\" sizes=\"(max-width: 300px) 100vw, 300px\" \/><\/p>\n<p data-start=\"3576\" data-end=\"3764\">In renewable energy systems, SiC devices are applied in solar inverters and wind power converters. Their high efficiency contributes to reduced energy loss and improved system performance.<\/p>\n<p data-start=\"3766\" data-end=\"3928\">Industrial systems also benefit from SiC technology, especially in high-power motor drives and automation equipment where reliability and durability are critical.<\/p>\n<p data-start=\"3930\" data-end=\"4111\">In power grid infrastructure, silicon carbide is used in smart grid systems and high-voltage transmission equipment to enhance energy conversion efficiency and reduce system losses.<\/p>\n<p data-start=\"4113\" data-end=\"4266\">Aerospace and defense applications utilize SiC for high-reliability electronics that must operate under extreme temperature and environmental conditions.<\/p>\n<h2 data-section-id=\"19b7k0q\" data-start=\"4273\" data-end=\"4296\">So s\u00e1nh gi\u1eefa Si v\u00e0 SiC<\/h2>\n<div class=\"TyagGW_tableContainer\">\n<div class=\"group TyagGW_tableWrapper flex flex-col-reverse w-fit\" tabindex=\"-1\">\n<table class=\"w-fit min-w-(--thread-content-width)\" data-start=\"4298\" data-end=\"4557\">\n<thead data-start=\"4298\" data-end=\"4338\">\n<tr data-start=\"4298\" data-end=\"4338\">\n<th class=\"\" data-start=\"4298\" data-end=\"4309\" data-col-size=\"sm\">B\u1ea5t \u0111\u1ed9ng s\u1ea3n<\/th>\n<th class=\"\" data-start=\"4309\" data-end=\"4319\" data-col-size=\"sm\">Silic<\/th>\n<th class=\"\" data-start=\"4319\" data-end=\"4338\" data-col-size=\"sm\">Cacbua silic<\/th>\n<\/tr>\n<\/thead>\n<tbody data-start=\"4379\" data-end=\"4557\">\n<tr data-start=\"4379\" data-end=\"4410\">\n<td data-start=\"4379\" data-end=\"4389\" data-col-size=\"sm\">Kho\u1ea3ng c\u00e1ch n\u0103ng l\u01b0\u1ee3ng<\/td>\n<td data-col-size=\"sm\" data-start=\"4389\" data-end=\"4399\">1,12 eV<\/td>\n<td data-col-size=\"sm\" data-start=\"4399\" data-end=\"4410\">3.26 eV<\/td>\n<\/tr>\n<tr data-start=\"4411\" data-end=\"4443\">\n<td data-start=\"4411\" data-end=\"4429\" data-col-size=\"sm\">Breakdown Field<\/td>\n<td data-col-size=\"sm\" data-start=\"4429\" data-end=\"4435\">Th\u1ea5p<\/td>\n<td data-col-size=\"sm\" data-start=\"4435\" data-end=\"4443\">Cao<\/td>\n<\/tr>\n<tr data-start=\"4444\" data-end=\"4486\">\n<td data-start=\"4444\" data-end=\"4467\" data-col-size=\"sm\">\u0110\u1ed9 d\u1eabn nhi\u1ec7t<\/td>\n<td data-col-size=\"sm\" data-start=\"4467\" data-end=\"4478\">Trung b\u00ecnh<\/td>\n<td data-col-size=\"sm\" data-start=\"4478\" data-end=\"4486\">Cao<\/td>\n<\/tr>\n<tr data-start=\"4487\" data-end=\"4524\">\n<td data-start=\"4487\" data-end=\"4505\" data-col-size=\"sm\">Max Temperature<\/td>\n<td data-col-size=\"sm\" data-start=\"4505\" data-end=\"4514\">~150\u00b0C<\/td>\n<td data-col-size=\"sm\" data-start=\"4514\" data-end=\"4524\">&gt;600\u00b0C<\/td>\n<\/tr>\n<tr data-start=\"4525\" data-end=\"4557\">\n<td data-start=\"4525\" data-end=\"4538\" data-col-size=\"sm\">Hi\u1ec7u qu\u1ea3<\/td>\n<td data-col-size=\"sm\" data-start=\"4538\" data-end=\"4549\">Standard<\/td>\n<td data-col-size=\"sm\" data-start=\"4549\" data-end=\"4557\">Cao<\/td>\n<\/tr>\n<\/tbody>\n<\/table>\n<\/div>\n<\/div>\n<p data-start=\"4559\" data-end=\"4716\">Silicon remains suitable for low-power and conventional electronics, while silicon carbide is increasingly preferred for high-power, high-efficiency systems.<\/p>\n<h2 data-section-id=\"1hryhf7\" data-start=\"4723\" data-end=\"4729\">C\u00e2u h\u1ecfi th\u01b0\u1eddng g\u1eb7p<\/h2>\n<p data-start=\"4731\" data-end=\"5020\"><strong>Q: What is the difference between silicon and silicon carbide wafers?<\/strong><br data-start=\"4800\" data-end=\"4803\" \/>T\u1ea5m silicon \u0111\u01b0\u1ee3c s\u1eed d\u1ee5ng r\u1ed9ng r\u00e3i trong c\u00e1c m\u1ea1ch t\u00edch h\u1ee3p v\u00e0 c\u00e1c thi\u1ebft b\u1ecb \u0111i\u1ec7n t\u1eed ti\u00eau chu\u1ea9n. T\u1ea5m cacbua silic \u0111\u01b0\u1ee3c thi\u1ebft k\u1ebf d\u00e0nh cho l\u0129nh v\u1ef1c \u0111i\u1ec7n t\u1eed c\u00f4ng su\u1ea5t, n\u01a1i \u0111\u00f2i h\u1ecfi \u0111i\u1ec7n \u00e1p cao, nhi\u1ec7t \u0111\u1ed9 cao v\u00e0 hi\u1ec7u su\u1ea5t cao.<\/p>\n<p data-start=\"5022\" data-end=\"5286\"><strong>C\u00e2u h\u1ecfi: SiC c\u00f3 nh\u1eefng \u0111i\u1ec3m kh\u00e1c bi\u1ec7t g\u00ec so v\u1edbi GaN?<\/strong><br data-start=\"5055\" data-end=\"5058\" \/>SiC th\u01b0\u1eddng \u0111\u01b0\u1ee3c s\u1eed d\u1ee5ng trong c\u00e1c \u1ee9ng d\u1ee5ng \u0111i\u1ec7n \u00e1p cao v\u00e0 c\u00f4ng su\u1ea5t l\u1edbn nh\u01b0 xe \u0111i\u1ec7n v\u00e0 l\u01b0\u1edbi \u0111i\u1ec7n. GaN ph\u00f9 h\u1ee3p h\u01a1n cho c\u00e1c \u1ee9ng d\u1ee5ng t\u1ea7n s\u1ed1 cao v\u00e0 \u0111i\u1ec7n \u00e1p th\u1ea5p, bao g\u1ed3m c\u00e1c h\u1ec7 th\u1ed1ng t\u1ea7n s\u1ed1 v\u00f4 tuy\u1ebfn (RF) v\u00e0 thi\u1ebft b\u1ecb s\u1ea1c nhanh.<\/p>\n<p data-start=\"5288\" data-end=\"5529\"><strong>H\u1ecfi: Cacbua silic l\u00e0 g\u1ed1m hay ch\u1ea5t b\u00e1n d\u1eabn?<\/strong><br data-start=\"5339\" data-end=\"5342\" \/>Cacbua silic v\u1eeba l\u00e0 v\u1eadt li\u1ec7u g\u1ed1m v\u1eeba l\u00e0 ch\u1ea5t b\u00e1n d\u1eabn. V\u1eadt li\u1ec7u n\u00e0y k\u1ebft h\u1ee3p \u0111\u1ed9 b\u1ec1n c\u01a1 h\u1ecdc cao v\u1edbi c\u00e1c t\u00ednh ch\u1ea5t \u0111i\u1ec7n tuy\u1ec7t v\u1eddi, khi\u1ebfn n\u00f3 tr\u1edf n\u00ean ph\u00f9 h\u1ee3p cho c\u00e1c \u1ee9ng d\u1ee5ng \u0111i\u1ec7n t\u1eed \u0111\u00f2i h\u1ecfi kh\u1eaft khe.<\/p>\n<p data-start=\"5551\" data-end=\"5953\">","protected":false},"excerpt":{"rendered":"<p>The 4 inch 4H-N silicon carbide wafer is a key material for modern power electronics. Its combination of electrical efficiency, thermal performance, and reliability makes it an essential substrate for next-generation devices. As industries continue to demand higher energy efficiency and system performance, SiC wafers are becoming increasingly important in both commercial and industrial applications.<\/p>","protected":false},"featured_media":2168,"comment_status":"open","ping_status":"closed","template":"","meta":{"site-sidebar-layout":"default","site-content-layout":"","ast-site-content-layout":"default","site-content-style":"default","site-sidebar-style":"default","ast-global-header-display":"","ast-banner-title-visibility":"","ast-main-header-display":"","ast-hfb-above-header-display":"","ast-hfb-below-header-display":"","ast-hfb-mobile-header-display":"","site-post-title":"","ast-breadcrumbs-content":"","ast-featured-img":"","footer-sml-layout":"","ast-disable-related-posts":"","theme-transparent-header-meta":"default","adv-header-id-meta":"","stick-header-meta":"default","header-above-stick-meta":"","header-main-stick-meta":"","header-below-stick-meta":"","astra-migrate-meta-layouts":"set","ast-page-background-enabled":"default","ast-page-background-meta":{"desktop":{"background-color":"var(--ast-global-color-4)","background-image":"","background-repeat":"repeat","background-position":"center center","background-size":"auto","background-attachment":"scroll","background-type":"","background-media":"","overlay-type":"","overlay-color":"","overlay-opacity":"","overlay-gradient":""},"tablet":{"background-color":"","background-image":"","background-repeat":"repeat","background-position":"center center","background-size":"auto","background-attachment":"scroll","background-type":"","background-media":"","overlay-type":"","overlay-color":"","overlay-opacity":"","overlay-gradient":""},"mobile":{"background-color":"","background-image":"","background-repeat":"repeat","background-position":"center center","background-size":"auto","background-attachment":"scroll","background-type":"","background-media":"","overlay-type":"","overlay-color":"","overlay-opacity":"","overlay-gradient":""}},"ast-content-background-meta":{"desktop":{"background-color":"var(--ast-global-color-5)","background-image":"","background-repeat":"repeat","background-position":"center center","background-size":"auto","background-attachment":"scroll","background-type":"","background-media":"","overlay-type":"","overlay-color":"","overlay-opacity":"","overlay-gradient":""},"tablet":{"background-color":"var(--ast-global-color-5)","background-image":"","background-repeat":"repeat","background-position":"center center","background-size":"auto","background-attachment":"scroll","background-type":"","background-media":"","overlay-type":"","overlay-color":"","overlay-opacity":"","overlay-gradient":""},"mobile":{"background-color":"var(--ast-global-color-5)","background-image":"","background-repeat":"repeat","background-position":"center center","background-size":"auto","background-attachment":"scroll","background-type":"","background-media":"","overlay-type":"","overlay-color":"","overlay-opacity":"","overlay-gradient":""}}},"product_brand":[],"product_cat":[729],"product_tag":[930,929,935,931,932,934,933,928,927,692],"class_list":{"0":"post-2167","1":"product","2":"type-product","3":"status-publish","4":"has-post-thumbnail","6":"product_cat-wafer","7":"product_tag-4-inch-sic-wafer","8":"product_tag-4h-n-sic","9":"product_tag-ev-power-electronics-material","10":"product_tag-n-type-sic-wafer","11":"product_tag-power-semiconductor-material","12":"product_tag-schottky-diode-substrate","13":"product_tag-sic-mosfet-wafer","14":"product_tag-sic-substrate","15":"product_tag-silicon-carbide-wafer","16":"product_tag-wide-bandgap-semiconductor","17":"desktop-align-left","18":"tablet-align-left","19":"mobile-align-left","20":"ast-product-gallery-layout-horizontal-slider","21":"ast-product-tabs-layout-horizontal","23":"first","24":"instock","25":"shipping-taxable","26":"product-type-simple"},"_links":{"self":[{"href":"https:\/\/www.zmsh-semitech.com\/vi\/wp-json\/wp\/v2\/product\/2167","targetHints":{"allow":["GET"]}}],"collection":[{"href":"https:\/\/www.zmsh-semitech.com\/vi\/wp-json\/wp\/v2\/product"}],"about":[{"href":"https:\/\/www.zmsh-semitech.com\/vi\/wp-json\/wp\/v2\/types\/product"}],"replies":[{"embeddable":true,"href":"https:\/\/www.zmsh-semitech.com\/vi\/wp-json\/wp\/v2\/comments?post=2167"}],"version-history":[{"count":1,"href":"https:\/\/www.zmsh-semitech.com\/vi\/wp-json\/wp\/v2\/product\/2167\/revisions"}],"predecessor-version":[{"id":2172,"href":"https:\/\/www.zmsh-semitech.com\/vi\/wp-json\/wp\/v2\/product\/2167\/revisions\/2172"}],"wp:featuredmedia":[{"embeddable":true,"href":"https:\/\/www.zmsh-semitech.com\/vi\/wp-json\/wp\/v2\/media\/2168"}],"wp:attachment":[{"href":"https:\/\/www.zmsh-semitech.com\/vi\/wp-json\/wp\/v2\/media?parent=2167"}],"wp:term":[{"taxonomy":"product_brand","embeddable":true,"href":"https:\/\/www.zmsh-semitech.com\/vi\/wp-json\/wp\/v2\/product_brand?post=2167"},{"taxonomy":"product_cat","embeddable":true,"href":"https:\/\/www.zmsh-semitech.com\/vi\/wp-json\/wp\/v2\/product_cat?post=2167"},{"taxonomy":"product_tag","embeddable":true,"href":"https:\/\/www.zmsh-semitech.com\/vi\/wp-json\/wp\/v2\/product_tag?post=2167"}],"curies":[{"name":"wp","href":"https:\/\/api.w.org\/{rel}","templated":true}]}}