{"id":2154,"date":"2026-04-09T07:52:50","date_gmt":"2026-04-09T07:52:50","guid":{"rendered":"https:\/\/www.zmsh-semitech.com\/?post_type=product&#038;p=2154"},"modified":"2026-04-09T09:41:00","modified_gmt":"2026-04-09T09:41:00","slug":"hp-8201-fully-automatic-8-inch-wafer-dicing-machine","status":"publish","type":"product","link":"https:\/\/www.zmsh-semitech.com\/vi\/product\/hp-8201-fully-automatic-8-inch-wafer-dicing-machine\/","title":{"rendered":"M\u00e1y c\u1eaft mi\u1ebfng wafer 8 inch ho\u00e0n to\u00e0n t\u1ef1 \u0111\u1ed9ng HP-8201"},"content":{"rendered":"<p data-start=\"203\" data-end=\"763\"><img fetchpriority=\"high\" decoding=\"async\" class=\"size-medium wp-image-2157 alignright\" src=\"https:\/\/www.zmsh-semitech.com\/wp-content\/uploads\/2026\/04\/HP-8201-Fully-Automatic-8-Inch-Wafer-Dicing-Machine-1-300x300.png\" alt=\"\" width=\"300\" height=\"300\" srcset=\"https:\/\/www.zmsh-semitech.com\/wp-content\/uploads\/2026\/04\/HP-8201-Fully-Automatic-8-Inch-Wafer-Dicing-Machine-1-300x300.png 300w, https:\/\/www.zmsh-semitech.com\/wp-content\/uploads\/2026\/04\/HP-8201-Fully-Automatic-8-Inch-Wafer-Dicing-Machine-1-150x150.png 150w, https:\/\/www.zmsh-semitech.com\/wp-content\/uploads\/2026\/04\/HP-8201-Fully-Automatic-8-Inch-Wafer-Dicing-Machine-1-768x768.png 768w, https:\/\/www.zmsh-semitech.com\/wp-content\/uploads\/2026\/04\/HP-8201-Fully-Automatic-8-Inch-Wafer-Dicing-Machine-1-12x12.png 12w, https:\/\/www.zmsh-semitech.com\/wp-content\/uploads\/2026\/04\/HP-8201-Fully-Automatic-8-Inch-Wafer-Dicing-Machine-1-600x600.png 600w, https:\/\/www.zmsh-semitech.com\/wp-content\/uploads\/2026\/04\/HP-8201-Fully-Automatic-8-Inch-Wafer-Dicing-Machine-1-100x100.png 100w, https:\/\/www.zmsh-semitech.com\/wp-content\/uploads\/2026\/04\/HP-8201-Fully-Automatic-8-Inch-Wafer-Dicing-Machine-1.png 1000w\" sizes=\"(max-width: 300px) 100vw, 300px\" \/>HP-8201 l\u00e0 m\u00e1y c\u1eaft wafer t\u1ef1 \u0111\u1ed9ng ho\u00e0n to\u00e0n, hi\u1ec7u su\u1ea5t cao, \u0111\u01b0\u1ee3c thi\u1ebft k\u1ebf \u0111\u1ec3 c\u1eaft ch\u00ednh x\u00e1c c\u00e1c v\u1eadt li\u1ec7u b\u00e1n d\u1eabn v\u00e0 tinh th\u1ec3. \u0110\u01b0\u1ee3c thi\u1ebft k\u1ebf \u0111\u1ec3 x\u1eed l\u00fd c\u00e1c t\u1ea5m wafer c\u00f3 \u0111\u01b0\u1eddng k\u00ednh l\u00ean \u0111\u1ebfn 8 inch, h\u1ec7 th\u1ed1ng c\u1eaft ti\u00ean ti\u1ebfn n\u00e0y h\u1ed7 tr\u1ee3 nhi\u1ec1u lo\u1ea1i v\u1eadt li\u1ec7u kh\u00e1c nhau, bao g\u1ed3m Silicon (Si), Carbide Silicon (SiC), Lithium Tantalate (LT) v\u00e0 Lithium Niobate (LN). HP-8201 k\u1ebft h\u1ee3p t\u1ed1c \u0111\u1ed9, \u0111\u1ed9 ch\u00ednh x\u00e1c v\u00e0 t\u1ef1 \u0111\u1ed9ng h\u00f3a trong m\u1ed9t n\u1ec1n t\u1ea3ng duy nh\u1ea5t, cung c\u1ea5p gi\u1ea3i ph\u00e1p to\u00e0n di\u1ec7n cho c\u00e1c m\u00f4i tr\u01b0\u1eddng s\u1ea3n xu\u1ea5t quy m\u00f4 l\u1edbn v\u00e0 c\u00e1c nhu c\u1ea7u x\u1eed l\u00fd wafer chuy\u00ean bi\u1ec7t.<\/p>\n<p data-start=\"765\" data-end=\"1153\">M\u00e1y n\u00e0y t\u00edch h\u1ee3p t\u1ea5t c\u1ea3 c\u00e1c c\u00f4ng \u0111o\u1ea1n quan tr\u1ecdng v\u00e0o m\u1ed9t quy tr\u00ecnh l\u00e0m vi\u1ec7c t\u1ef1 \u0111\u1ed9ng: n\u1ea1p v\u00e0 d\u1ee1 t\u1ea5m wafer, c\u0103n ch\u1ec9nh ch\u00ednh x\u00e1c, c\u1eaft mi\u1ebfng, l\u00e0m s\u1ea1ch sau khi c\u1eaft v\u00e0 s\u1ea5y kh\u00f4. Nh\u1edd gi\u1ea3m thi\u1ec3u s\u1ef1 can thi\u1ec7p th\u1ee7 c\u00f4ng, m\u00e1y \u0111\u1ea3m b\u1ea3o n\u0103ng su\u1ea5t cao \u0111\u1ed3ng th\u1eddi duy tr\u00ec ch\u1ea5t l\u01b0\u1ee3ng \u1ed5n \u0111\u1ecbnh, khi\u1ebfn n\u00f3 tr\u1edf th\u00e0nh l\u1ef1a ch\u1ecdn l\u00fd t\u01b0\u1edfng cho c\u00e1c ng\u00e0nh c\u00f4ng nghi\u1ec7p nh\u01b0 s\u1ea3n xu\u1ea5t b\u00e1n d\u1eabn, thi\u1ebft b\u1ecb MEMS, quang \u0111i\u1ec7n t\u1eed v\u00e0 s\u1ea3n xu\u1ea5t c\u1ea3m bi\u1ebfn ti\u00ean ti\u1ebfn.<\/p>\n<h3 data-section-id=\"1q9yu5h\" data-start=\"1160\" data-end=\"1197\"><span role=\"text\">C\u00e1c t\u00ednh n\u0103ng v\u00e0 \u01b0u \u0111i\u1ec3m ch\u00ednh<\/span><\/h3>\n<ul data-start=\"1199\" data-end=\"2995\">\n<li data-section-id=\"57r6pe\" data-start=\"1199\" data-end=\"1499\">C\u1ea5u tr\u00fac tr\u1ee5c \u0111\u00f4i \u0111\u1ed1i x\u1ee9ng: M\u00e1y HP-8201 \u00e1p d\u1ee5ng thi\u1ebft k\u1ebf tr\u1ee5c \u0111\u00f4i v\u1edbi kho\u1ea3ng c\u00e1ch gi\u1eefa c\u00e1c tr\u1ee5c \u0111\u01b0\u1ee3c thu ng\u1eafn, cho ph\u00e9p th\u1ef1c hi\u1ec7n c\u00e1c thao t\u00e1c gia c\u00f4ng \u0111\u1ed3ng th\u1eddi. C\u1ea5u h\u00ecnh n\u00e0y gi\u00fap n\u00e2ng cao \u0111\u00e1ng k\u1ec3 hi\u1ec7u su\u1ea5t s\u1ea3n xu\u1ea5t v\u00e0 n\u0103ng su\u1ea5t, ph\u00f9 h\u1ee3p v\u1edbi c\u00e1c m\u00f4i tr\u01b0\u1eddng s\u1ea3n xu\u1ea5t quy m\u00f4 l\u1edbn.<\/li>\n<li data-section-id=\"1qbjmd8\" data-start=\"1501\" data-end=\"1787\">Quy tr\u00ecnh l\u00e0m vi\u1ec7c ho\u00e0n to\u00e0n t\u1ef1 \u0111\u1ed9ng: M\u00e1y cung c\u1ea5p kh\u1ea3 n\u0103ng t\u1ef1 \u0111\u1ed9ng h\u00f3a to\u00e0n di\u1ec7n, bao g\u1ed3m x\u1eed l\u00fd t\u1ea5m wafer, c\u0103n ch\u1ec9nh, c\u1eaft mi\u1ebfng v\u00e0 l\u00e0m s\u1ea1ch\/s\u1ea5y kh\u00f4. Ng\u01b0\u1eddi v\u1eadn h\u00e0nh c\u00f3 th\u1ec3 duy tr\u00ec s\u1ea3n xu\u1ea5t li\u00ean t\u1ee5c v\u1edbi s\u1ef1 can thi\u1ec7p th\u1ee7 c\u00f4ng t\u1ed1i thi\u1ec3u, t\u1eeb \u0111\u00f3 gi\u00fap gi\u1ea3m chi ph\u00ed nh\u00e2n c\u00f4ng v\u00e0 n\u00e2ng cao hi\u1ec7u qu\u1ea3 ho\u1ea1t \u0111\u1ed9ng t\u1ed5ng th\u1ec3.<\/li>\n<li data-section-id=\"499qor\" data-start=\"1789\" data-end=\"2157\">H\u1ec7 th\u1ed1ng k\u00ednh hi\u1ec3n vi k\u00e9p: \u0110\u01b0\u1ee3c trang b\u1ecb c\u1ea3 k\u00ednh hi\u1ec3n vi \u0111\u1ed9 ph\u00f3ng \u0111\u1ea1i cao v\u00e0 th\u1ea5p, HP-8201 mang l\u1ea1i kh\u1ea3 n\u0103ng c\u0103n ch\u1ec9nh t\u1ea5m wafer t\u1ef1 \u0111\u1ed9ng ch\u00ednh x\u00e1c v\u00e0 ph\u00e1t hi\u1ec7n v\u1ebft m\u00f2n l\u01b0\u1ee1i dao v\u1edbi \u0111\u1ed9 ch\u00ednh x\u00e1c cao. Ngo\u00e0i ra, thi\u1ebft b\u1ecb c\u00f2n h\u1ed7 tr\u1ee3 qu\u00e1 tr\u00ecnh m\u00e0i l\u01b0\u1ee1i dao c\u00f3 s\u1ef1 h\u1ed7 tr\u1ee3 c\u1ee7a Sub-C\/T, gi\u00fap \u0111\u1ea3m b\u1ea3o t\u00ecnh tr\u1ea1ng l\u01b0\u1ee1i dao lu\u00f4n \u1ed5n \u0111\u1ecbnh v\u00e0 hi\u1ec7u su\u1ea5t c\u1eaft t\u1ed1i \u01b0u, t\u1eeb \u0111\u00f3 n\u00e2ng cao n\u0103ng su\u1ea5t v\u00e0 ch\u1ea5t l\u01b0\u1ee3ng b\u1ec1 m\u1eb7t.<\/li>\n<li data-section-id=\"1pvlp5f\" data-start=\"2159\" data-end=\"2466\">V\u00f2i phun k\u00e9p n\u01b0\u1edbc-kh\u00ed (t\u00f9y ch\u1ecdn): \u0110\u1ed1i v\u1edbi c\u00e1c t\u1ea5m wafer c\u1ea7n \u0111\u1ed9 s\u1ea1ch cao sau khi c\u1eaft, c\u00f3 th\u1ec3 l\u1eafp \u0111\u1eb7t v\u00f2i phun k\u00e9p n\u01b0\u1edbc-kh\u00ed (t\u00f9y ch\u1ecdn). T\u00ednh n\u0103ng n\u00e0y gi\u00fap lo\u1ea1i b\u1ecf hi\u1ec7u qu\u1ea3 c\u00e1c m\u1ea3nh v\u1ee5n v\u00e0 h\u1ea1t b\u1ee5i, gi\u1ea3m nguy c\u01a1 nhi\u1ec5m b\u1ea9n v\u00e0 \u0111\u1ea3m b\u1ea3o b\u1ec1 m\u1eb7t t\u1ea5m wafer \u0111\u1ea1t ch\u1ea5t l\u01b0\u1ee3ng cao cho c\u00e1c c\u00f4ng \u0111o\u1ea1n x\u1eed l\u00fd ti\u1ebfp theo.<\/li>\n<li data-section-id=\"1yt1cve\" data-start=\"2468\" data-end=\"2698\">Kh\u1ea3 n\u0103ng c\u1eaft ti\u00ean ti\u1ebfn: H\u1ec7 th\u1ed1ng c\u00f3 th\u1ec3 \u0111\u01b0\u1ee3c c\u1ea5u h\u00ecnh v\u1edbi c\u00e1c t\u00f9y ch\u1ecdn c\u1eaft v\u00f2ng v\u00e0 c\u1eaft m\u00e9p, mang l\u1ea1i s\u1ef1 linh ho\u1ea1t cho c\u00e1c h\u00ecnh d\u1ea1ng wafer chuy\u00ean d\u1ee5ng ho\u1eb7c c\u00e1c \u1ee9ng d\u1ee5ng y\u00eau c\u1ea7u ho\u00e0n thi\u1ec7n m\u00e9p ch\u00ednh x\u00e1c.<\/li>\n<li data-section-id=\"14hno35\" data-start=\"2700\" data-end=\"2995\">Kh\u1ea3 n\u0103ng t\u01b0\u01a1ng th\u00edch v\u1edbi nhi\u1ec1u lo\u1ea1i v\u1eadt li\u1ec7u: M\u00e1y HP-8201 t\u01b0\u01a1ng th\u00edch v\u1edbi nhi\u1ec1u lo\u1ea1i v\u1eadt li\u1ec7u kh\u00e1c nhau, bao g\u1ed3m c\u1ea3 c\u00e1c ch\u1ea5t n\u1ec1n d\u1ec5 v\u1ee1 nh\u01b0 Si, SiC, LT v\u00e0 LN. Kh\u1ea3 n\u0103ng th\u00edch \u1ee9ng n\u00e0y gi\u00fap ng\u01b0\u1eddi d\u00f9ng c\u00f3 th\u1ec3 gia c\u00f4ng c\u00e1c lo\u1ea1i t\u1ea5m wafer kh\u00e1c nhau m\u00e0 kh\u00f4ng c\u1ea7n thay \u0111\u1ed5i m\u00e1y m\u00f3c, \u0111i\u1ec1u n\u00e0y \u0111\u1eb7c bi\u1ec7t quan tr\u1ecdng \u0111\u1ed1i v\u1edbi c\u00e1c d\u00e2y chuy\u1ec1n s\u1ea3n xu\u1ea5t \u0111a d\u1ea1ng.<\/li>\n<\/ul>\n<h3 data-section-id=\"1880me3\" data-start=\"3002\" data-end=\"3036\"><span role=\"text\">Th\u00f4ng s\u1ed1 k\u1ef9 thu\u1eadt<\/span><\/h3>\n<div class=\"TyagGW_tableContainer\">\n<div class=\"group TyagGW_tableWrapper flex flex-col-reverse w-fit\" tabindex=\"-1\">\n<table class=\"w-fit min-w-(--thread-content-width)\" data-start=\"3038\" data-end=\"3378\">\n<thead data-start=\"3038\" data-end=\"3067\">\n<tr data-start=\"3038\" data-end=\"3067\">\n<th class=\"\" data-start=\"3038\" data-end=\"3050\" data-col-size=\"sm\">Tham s\u1ed1<\/th>\n<th class=\"\" data-start=\"3050\" data-end=\"3067\" data-col-size=\"md\">Th\u00f4ng s\u1ed1 k\u1ef9 thu\u1eadt<\/th>\n<\/tr>\n<\/thead>\n<tbody data-start=\"3098\" data-end=\"3378\">\n<tr data-start=\"3098\" data-end=\"3167\">\n<td data-start=\"3098\" data-end=\"3122\" data-col-size=\"sm\">C\u00f4ng su\u1ea5t \/ T\u1ed1c \u0111\u1ed9 tr\u1ee5c ch\u00ednh<\/td>\n<td data-col-size=\"md\" data-start=\"3122\" data-end=\"3167\">1,8 kW \/ 2,2 kW (t\u00f9y ch\u1ecdn) \/ 6.000\u201360.000 v\u00f2ng\/ph\u00fat<\/td>\n<\/tr>\n<tr data-start=\"3168\" data-end=\"3188\">\n<td data-start=\"3168\" data-end=\"3182\" data-col-size=\"sm\">K\u00edch th\u01b0\u1edbc m\u1eb7t b\u00edch<\/td>\n<td data-col-size=\"md\" data-start=\"3182\" data-end=\"3188\">2\u2033<\/td>\n<\/tr>\n<tr data-start=\"3189\" data-end=\"3235\">\n<td data-start=\"3189\" data-end=\"3214\" data-col-size=\"sm\">K\u00edch th\u01b0\u1edbc t\u1ed1i \u0111a c\u1ee7a ph\u00f4i<\/td>\n<td data-col-size=\"md\" data-start=\"3214\" data-end=\"3235\">\u0110\u01b0\u1eddng k\u00ednh: \u00f8200 mm<\/td>\n<\/tr>\n<tr data-start=\"3236\" data-end=\"3323\">\n<td data-start=\"3236\" data-end=\"3257\" data-col-size=\"sm\">C\u1ea5u h\u00ecnh \u1ed1ng k\u00ednh<\/td>\n<td data-col-size=\"md\" data-start=\"3257\" data-end=\"3323\">\u0110\u1ed9 ph\u00f3ng \u0111\u1ea1i cao: 7,5\u00d7 \/ \u0110\u1ed9 ph\u00f3ng \u0111\u1ea1i th\u1ea5p: 0,75\u00d7 (t\u00f9y ch\u1ecdn)<\/td>\n<\/tr>\n<tr data-start=\"3324\" data-end=\"3378\">\n<td data-start=\"3324\" data-end=\"3353\" data-col-size=\"sm\">K\u00edch th\u01b0\u1edbc m\u00e1y (R\u1ed9ng \u00d7 S\u00e2u \u00d7 Cao)<\/td>\n<td data-col-size=\"md\" data-start=\"3353\" data-end=\"3378\">1190 \u00d7 1150 \u00d7 1850 mm<\/td>\n<\/tr>\n<\/tbody>\n<\/table>\n<\/div>\n<\/div>\n<h3 data-section-id=\"xdxar3\" data-start=\"3385\" data-end=\"3407\"><span role=\"text\">\u1ee8ng d\u1ee5ng<\/span><\/h3>\n<p data-start=\"3409\" data-end=\"3545\">M\u00e1y HP-8201 \u0111\u01b0\u1ee3c thi\u1ebft k\u1ebf \u0111\u1ec3 \u0111\u00e1p \u1ee9ng nhu c\u1ea7u c\u1ee7a ng\u00e0nh ch\u1ebf bi\u1ebfn ch\u1ea5t b\u00e1n d\u1eabn v\u00e0 v\u1eadt li\u1ec7u tinh th\u1ec3 hi\u1ec7n \u0111\u1ea1i. C\u00e1c \u1ee9ng d\u1ee5ng \u0111i\u1ec3n h\u00ecnh bao g\u1ed3m:<\/p>\n<ol data-start=\"3547\" data-end=\"4222\">\n<li data-section-id=\"5ewhyp\" data-start=\"3547\" data-end=\"3678\">C\u1eaft mi\u1ebfng wafer b\u00e1n d\u1eabn: C\u1eaft c\u00e1c mi\u1ebfng wafer silicon v\u00e0 SiC \u0111\u1ec3 s\u1ea3n xu\u1ea5t m\u1ea1ch t\u00edch h\u1ee3p, thi\u1ebft b\u1ecb c\u00f4ng su\u1ea5t v\u00e0 c\u00e1c linh ki\u1ec7n MEMS.<\/li>\n<li data-section-id=\"vngdi7\" data-start=\"3679\" data-end=\"3824\">Thi\u1ebft b\u1ecb quang \u0111i\u1ec7n t\u1eed: C\u1eaft ch\u00ednh x\u00e1c c\u00e1c t\u1ea5m wafer LT v\u00e0 LN d\u00f9ng trong b\u1ed9 \u0111i\u1ec1u ch\u1ebf quang h\u1ecdc, thi\u1ebft b\u1ecb \u00e2m thanh v\u00e0 c\u00e1c linh ki\u1ec7n \u00e1p \u0111i\u1ec7n.<\/li>\n<li data-section-id=\"13045vh\" data-start=\"3825\" data-end=\"3955\">C\u1eaft vi\u1ec1n v\u00e0 c\u1eaft v\u00f2ng: Quy tr\u00ecnh gia c\u00f4ng chuy\u00ean bi\u1ec7t d\u00e0nh cho c\u00e1c t\u1ea5m wafer c\u1ea7n c\u00f3 h\u00ecnh d\u1ea1ng t\u00f9y ch\u1ec9nh ho\u1eb7c gi\u1ea3m thi\u1ec3u khuy\u1ebft t\u1eadt \u1edf vi\u1ec1n.<\/li>\n<li data-section-id=\"14a93cw\" data-start=\"3956\" data-end=\"4083\">S\u1ea3n xu\u1ea5t quy m\u00f4 l\u1edbn: Quy tr\u00ecnh s\u1ea3n xu\u1ea5t t\u1ef1 \u0111\u1ed9ng, li\u00ean t\u1ee5c v\u1edbi \u0111\u1ed9 l\u1eb7p l\u1ea1i cao v\u00e0 s\u1ef1 can thi\u1ec7p t\u1ed1i thi\u1ec3u c\u1ee7a ng\u01b0\u1eddi v\u1eadn h\u00e0nh.<\/li>\n<li data-section-id=\"kp3x5v\" data-start=\"4084\" data-end=\"4222\">Nghi\u00ean c\u1ee9u v\u00e0 Ph\u00e1t tri\u1ec3n: Quy tr\u00ecnh gia c\u00f4ng linh ho\u1ea1t d\u00e0nh cho c\u00e1c t\u1ea5m wafer th\u1eed nghi\u1ec7m ho\u1eb7c c\u00e1c \u1ee9ng d\u1ee5ng \u0111\u00f2i h\u1ecfi \u0111\u1ed9 ch\u00ednh x\u00e1c cao v\u1edbi s\u1ed1 l\u01b0\u1ee3ng s\u1ea3n xu\u1ea5t nh\u1ecf trong c\u00e1c ph\u00f2ng th\u00ed nghi\u1ec7m ti\u00ean ti\u1ebfn.<\/li>\n<\/ol>\n<h3 data-section-id=\"14nwj98\" data-start=\"4229\" data-end=\"4258\"><span role=\"text\"><img decoding=\"async\" class=\"size-medium wp-image-2122 alignright\" src=\"https:\/\/www.zmsh-semitech.com\/wp-content\/uploads\/2026\/04\/Wafer-Back-Grinding-Machine-300x300.png\" alt=\"\" width=\"300\" height=\"300\" srcset=\"https:\/\/www.zmsh-semitech.com\/wp-content\/uploads\/2026\/04\/Wafer-Back-Grinding-Machine-300x300.png 300w, https:\/\/www.zmsh-semitech.com\/wp-content\/uploads\/2026\/04\/Wafer-Back-Grinding-Machine-150x150.png 150w, https:\/\/www.zmsh-semitech.com\/wp-content\/uploads\/2026\/04\/Wafer-Back-Grinding-Machine-768x768.png 768w, https:\/\/www.zmsh-semitech.com\/wp-content\/uploads\/2026\/04\/Wafer-Back-Grinding-Machine-12x12.png 12w, https:\/\/www.zmsh-semitech.com\/wp-content\/uploads\/2026\/04\/Wafer-Back-Grinding-Machine-600x600.png 600w, https:\/\/www.zmsh-semitech.com\/wp-content\/uploads\/2026\/04\/Wafer-Back-Grinding-Machine-100x100.png 100w, https:\/\/www.zmsh-semitech.com\/wp-content\/uploads\/2026\/04\/Wafer-Back-Grinding-Machine.png 1000w\" sizes=\"(max-width: 300px) 100vw, 300px\" \/>T\u1ea1i sao n\u00ean ch\u1ecdn HP-8201?<\/span><\/h3>\n<ul data-start=\"4260\" data-end=\"4941\">\n<li data-section-id=\"9bxm8z\" data-start=\"4260\" data-end=\"4392\">N\u00e2ng cao hi\u1ec7u su\u1ea5t: H\u1ec7 th\u1ed1ng tr\u1ee5c \u0111\u1ed1i x\u1ee9ng k\u00e9p v\u00e0 kho\u1ea3ng c\u00e1ch tr\u1ee5c \u0111\u01b0\u1ee3c thu h\u1eb9p gi\u00fap t\u0103ng t\u1ed1c \u0111\u1ed9 gia c\u00f4ng v\u00e0 \u0111\u1ea3m b\u1ea3o \u0111\u1ed9 ch\u00ednh x\u00e1c cao h\u01a1n.<\/li>\n<li data-section-id=\"1obg754\" data-start=\"4393\" data-end=\"4533\">\u0110\u1ed9 ch\u00ednh x\u00e1c v\u01b0\u1ee3t tr\u1ed9i: H\u1ec7 th\u1ed1ng k\u00ednh hi\u1ec3n vi k\u00e9p \u0111\u1ea3m b\u1ea3o \u0111\u1ed9 ch\u00ednh x\u00e1c trong vi\u1ec7c c\u0103n ch\u1ec9nh v\u00e0 ph\u00e1t hi\u1ec7n ch\u00ednh x\u00e1c c\u00e1c v\u1ebft kh\u1eafc tr\u00ean l\u01b0\u1ee1i dao, gi\u00fap duy tr\u00ec ch\u1ea5t l\u01b0\u1ee3ng wafer \u1ed5n \u0111\u1ecbnh.<\/li>\n<li data-section-id=\"1lrcp5y\" data-start=\"4534\" data-end=\"4659\">\u0110a n\u0103ng v\u00e0 linh ho\u1ea1t: H\u1ed7 tr\u1ee3 nhi\u1ec1u lo\u1ea1i v\u1eadt li\u1ec7u kh\u00e1c nhau c\u00f9ng c\u00e1c m\u00f4-\u0111un t\u00f9y ch\u1ecdn \u0111\u1ec3 c\u1eaft m\u00e9p v\u00e0 c\u1eaft v\u00f2ng.<\/li>\n<li data-section-id=\"i1ymyp\" data-start=\"4660\" data-end=\"4799\">V\u1ec7 sinh v\u00e0 s\u1ea5y kh\u00f4 t\u00edch h\u1ee3p: Gi\u1ea3m b\u1edbt c\u00e1c c\u00f4ng \u0111o\u1ea1n x\u1eed l\u00fd sau v\u00e0 \u0111\u1ea3m b\u1ea3o b\u1ec1 m\u1eb7t t\u1ea5m wafer lu\u00f4n s\u1ea1ch s\u1ebd, y\u1ebfu t\u1ed1 quan tr\u1ecdng \u0111\u1ec3 \u0111\u1ea1t n\u0103ng su\u1ea5t s\u1ea3n xu\u1ea5t cao.<\/li>\n<li data-section-id=\"1baebkj\" data-start=\"4800\" data-end=\"4941\">T\u1ef1 \u0111\u1ed9ng h\u00f3a \u0111\u00e1ng tin c\u1eady: Qu\u00e1 tr\u00ecnh n\u1ea1p nguy\u00ean li\u1ec7u, c\u1eaft mi\u1ebfng v\u00e0 l\u00e0m s\u1ea1ch ho\u00e0n to\u00e0n t\u1ef1 \u0111\u1ed9ng gi\u00fap gi\u1ea3m thi\u1ec3u sai s\u00f3t do con ng\u01b0\u1eddi g\u00e2y ra v\u00e0 n\u00e2ng cao \u0111\u1ed9 tin c\u1eady chung c\u1ee7a qu\u00e1 tr\u00ecnh s\u1ea3n xu\u1ea5t.<\/li>\n<\/ul>\n<p data-start=\"4943\" data-end=\"5191\">HP-8201 l\u00e0 gi\u1ea3i ph\u00e1p to\u00e0n di\u1ec7n cho c\u00e1c quy tr\u00ecnh c\u1eaft l\u00e1t wafer, k\u1ebft h\u1ee3p gi\u1eefa t\u1ed1c \u0111\u1ed9, \u0111\u1ed9 ch\u00ednh x\u00e1c v\u00e0 t\u00ednh linh ho\u1ea1t. Thi\u1ebft b\u1ecb n\u00e0y \u0111\u01b0\u1ee3c thi\u1ebft k\u1ebf d\u00e0nh cho c\u00e1c nh\u00e0 s\u1ea3n xu\u1ea5t mong mu\u1ed1n t\u1ed1i \u01b0u h\u00f3a hi\u1ec7u qu\u1ea3 s\u1ea3n xu\u1ea5t \u0111\u1ed3ng th\u1eddi duy tr\u00ec c\u00e1c ti\u00eau chu\u1ea9n ch\u1ea5t l\u01b0\u1ee3ng wafer cao nh\u1ea5t.<\/p>\n<h3 data-section-id=\"1vvukxy\" data-start=\"70\" data-end=\"128\"><span role=\"text\">C\u00e2u h\u1ecfi th\u01b0\u1eddng g\u1eb7p\u00a0<\/span><\/h3>\n<p data-start=\"130\" data-end=\"313\">1. M\u00e1y HP-8201 c\u00f3 th\u1ec3 gia c\u00f4ng nh\u1eefng lo\u1ea1i v\u1eadt li\u1ec7u n\u00e0o?<br data-start=\"176\" data-end=\"179\" \/>Thi\u1ebft b\u1ecb n\u00e0y h\u1ed7 tr\u1ee3 c\u00e1c t\u1ea5m wafer c\u00f3 \u0111\u01b0\u1eddng k\u00ednh l\u00ean \u0111\u1ebfn 8 inch, bao g\u1ed3m Si, SiC, LT v\u00e0 LN, ph\u00f9 h\u1ee3p cho c\u00e1c \u1ee9ng d\u1ee5ng trong l\u0129nh v\u1ef1c b\u00e1n d\u1eabn, MEMS v\u00e0 thi\u1ebft b\u1ecb quang \u0111i\u1ec7n t\u1eed.<\/p>\n<p data-start=\"315\" data-end=\"494\">2. L\u00e0m th\u1ebf n\u00e0o \u0111\u1ec3 \u0111\u1ea3m b\u1ea3o \u0111\u1ed9 ch\u00ednh x\u00e1c cao?<br data-start=\"352\" data-end=\"355\" \/>H\u1ec7 th\u1ed1ng hai tr\u1ee5c ch\u00ednh, hai k\u00ednh hi\u1ec3n vi v\u00e0 qu\u00e1 tr\u00ecnh m\u00e0i l\u01b0\u1ee1i dao \u0111\u01b0\u1ee3c h\u1ed7 tr\u1ee3 b\u1edfi c\u00f4ng ngh\u1ec7 Sub-C\/T \u0111\u1ea3m b\u1ea3o s\u1ef1 c\u0103n ch\u1ec9nh ch\u00ednh x\u00e1c, c\u1eaft g\u1ecdt tinh t\u1ebf v\u00e0 ch\u1ea5t l\u01b0\u1ee3ng \u1ed5n \u0111\u1ecbnh.<\/p>\n<p data-start=\"496\" data-end=\"735\">3. C\u00f3 nh\u1eefng t\u00ednh n\u0103ng t\u1ef1 \u0111\u1ed9ng h\u00f3a v\u00e0 t\u00ednh n\u0103ng t\u00f9y ch\u1ecdn n\u00e0o?<br data-start=\"555\" data-end=\"558\" \/>Quy tr\u00ecnh t\u1ef1 \u0111\u1ed9ng h\u00f3a ho\u00e0n to\u00e0n bao g\u1ed3m c\u00e1c c\u00f4ng \u0111o\u1ea1n n\u1ea1p li\u1ec7u, c\u0103n ch\u1ec9nh, c\u1eaft mi\u1ebfng, l\u00e0m s\u1ea1ch v\u00e0 s\u1ea5y kh\u00f4. C\u00e1c t\u00f9y ch\u1ecdn nh\u01b0 c\u1eaft m\u00e9p, c\u1eaft v\u00f2ng v\u00e0 l\u00e0m s\u1ea1ch b\u1eb1ng v\u00f2i phun k\u00e9p gi\u00fap t\u0103ng c\u01b0\u1eddng t\u00ednh linh ho\u1ea1t v\u00e0 hi\u1ec7u qu\u1ea3.<\/p>","protected":false},"excerpt":{"rendered":"<p>HP-8201 l\u00e0 m\u00e1y c\u1eaft wafer t\u1ef1 \u0111\u1ed9ng ho\u00e0n to\u00e0n, hi\u1ec7u su\u1ea5t cao, \u0111\u01b0\u1ee3c thi\u1ebft k\u1ebf \u0111\u1ec3 c\u1eaft ch\u00ednh x\u00e1c c\u00e1c v\u1eadt li\u1ec7u b\u00e1n d\u1eabn v\u00e0 tinh th\u1ec3. \u0110\u01b0\u1ee3c thi\u1ebft k\u1ebf \u0111\u1ec3 x\u1eed l\u00fd c\u00e1c t\u1ea5m wafer c\u00f3 \u0111\u01b0\u1eddng k\u00ednh l\u00ean \u0111\u1ebfn 8 inch, h\u1ec7 th\u1ed1ng c\u1eaft ti\u00ean ti\u1ebfn n\u00e0y h\u1ed7 tr\u1ee3 nhi\u1ec1u lo\u1ea1i v\u1eadt li\u1ec7u kh\u00e1c nhau, bao g\u1ed3m Silicon (Si), Carbide Silicon (SiC), Lithium Tantalate (LT) v\u00e0 Lithium Niobate (LN).<\/p>","protected":false},"featured_media":2155,"comment_status":"open","ping_status":"closed","template":"","meta":{"site-sidebar-layout":"default","site-content-layout":"","ast-site-content-layout":"default","site-content-style":"default","site-sidebar-style":"default","ast-global-header-display":"","ast-banner-title-visibility":"","ast-main-header-display":"","ast-hfb-above-header-display":"","ast-hfb-below-header-display":"","ast-hfb-mobile-header-display":"","site-post-title":"","ast-breadcrumbs-content":"","ast-featured-img":"","footer-sml-layout":"","ast-disable-related-posts":"","theme-transparent-header-meta":"default","adv-header-id-meta":"","stick-header-meta":"default","header-above-stick-meta":"","header-main-stick-meta":"","header-below-stick-meta":"","astra-migrate-meta-layouts":"set","ast-page-background-enabled":"default","ast-page-background-meta":{"desktop":{"background-color":"var(--ast-global-color-4)","background-image":"","background-repeat":"repeat","background-position":"center center","background-size":"auto","background-attachment":"scroll","background-type":"","background-media":"","overlay-type":"","overlay-color":"","overlay-opacity":"","overlay-gradient":""},"tablet":{"background-color":"","background-image":"","background-repeat":"repeat","background-position":"center center","background-size":"auto","background-attachment":"scroll","background-type":"","background-media":"","overlay-type":"","overlay-color":"","overlay-opacity":"","overlay-gradient":""},"mobile":{"background-color":"","background-image":"","background-repeat":"repeat","background-position":"center center","background-size":"auto","background-attachment":"scroll","background-type":"","background-media":"","overlay-type":"","overlay-color":"","overlay-opacity":"","overlay-gradient":""}},"ast-content-background-meta":{"desktop":{"background-color":"var(--ast-global-color-5)","background-image":"","background-repeat":"repeat","background-position":"center center","background-size":"auto","background-attachment":"scroll","background-type":"","background-media":"","overlay-type":"","overlay-color":"","overlay-opacity":"","overlay-gradient":""},"tablet":{"background-color":"var(--ast-global-color-5)","background-image":"","background-repeat":"repeat","background-position":"center center","background-size":"auto","background-attachment":"scroll","background-type":"","background-media":"","overlay-type":"","overlay-color":"","overlay-opacity":"","overlay-gradient":""},"mobile":{"background-color":"var(--ast-global-color-5)","background-image":"","background-repeat":"repeat","background-position":"center center","background-size":"auto","background-attachment":"scroll","background-type":"","background-media":"","overlay-type":"","overlay-color":"","overlay-opacity":"","overlay-gradient":""}}},"product_brand":[],"product_cat":[878],"product_tag":[901,485,907,906,909,900,749,556,899,905,904,913,628,910,912,902,903,908,879,911],"class_list":{"0":"post-2154","1":"product","2":"type-product","3":"status-publish","4":"has-post-thumbnail","6":"product_cat-dicing-equipment","7":"product_tag-8-inch-wafers","8":"product_tag-automated-wafer-handling","9":"product_tag-dual-microscope","10":"product_tag-dual-spindle","11":"product_tag-edge-trimming","12":"product_tag-fully-automatic","13":"product_tag-high-throughput","14":"product_tag-high-precision-cutting","15":"product_tag-hp-8201","16":"product_tag-ln-wafers","17":"product_tag-lt-wafers","18":"product_tag-mems","19":"product_tag-optoelectronics","20":"product_tag-ring-cutting","21":"product_tag-semiconductor-processing","22":"product_tag-si-wafers","23":"product_tag-sic-wafers","24":"product_tag-sub-c-t-blade-dressing","25":"product_tag-wafer-dicing-machine","26":"product_tag-water-gas-dual-nozzle","27":"desktop-align-left","28":"tablet-align-left","29":"mobile-align-left","30":"ast-product-gallery-layout-horizontal-slider","31":"ast-product-gallery-with-no-image","32":"ast-product-tabs-layout-horizontal","34":"first","35":"instock","36":"shipping-taxable","37":"product-type-simple"},"_links":{"self":[{"href":"https:\/\/www.zmsh-semitech.com\/vi\/wp-json\/wp\/v2\/product\/2154","targetHints":{"allow":["GET"]}}],"collection":[{"href":"https:\/\/www.zmsh-semitech.com\/vi\/wp-json\/wp\/v2\/product"}],"about":[{"href":"https:\/\/www.zmsh-semitech.com\/vi\/wp-json\/wp\/v2\/types\/product"}],"replies":[{"embeddable":true,"href":"https:\/\/www.zmsh-semitech.com\/vi\/wp-json\/wp\/v2\/comments?post=2154"}],"version-history":[{"count":4,"href":"https:\/\/www.zmsh-semitech.com\/vi\/wp-json\/wp\/v2\/product\/2154\/revisions"}],"predecessor-version":[{"id":2160,"href":"https:\/\/www.zmsh-semitech.com\/vi\/wp-json\/wp\/v2\/product\/2154\/revisions\/2160"}],"wp:featuredmedia":[{"embeddable":true,"href":"https:\/\/www.zmsh-semitech.com\/vi\/wp-json\/wp\/v2\/media\/2155"}],"wp:attachment":[{"href":"https:\/\/www.zmsh-semitech.com\/vi\/wp-json\/wp\/v2\/media?parent=2154"}],"wp:term":[{"taxonomy":"product_brand","embeddable":true,"href":"https:\/\/www.zmsh-semitech.com\/vi\/wp-json\/wp\/v2\/product_brand?post=2154"},{"taxonomy":"product_cat","embeddable":true,"href":"https:\/\/www.zmsh-semitech.com\/vi\/wp-json\/wp\/v2\/product_cat?post=2154"},{"taxonomy":"product_tag","embeddable":true,"href":"https:\/\/www.zmsh-semitech.com\/vi\/wp-json\/wp\/v2\/product_tag?post=2154"}],"curies":[{"name":"wp","href":"https:\/\/api.w.org\/{rel}","templated":true}]}}