{"id":2084,"date":"2026-04-03T02:35:11","date_gmt":"2026-04-03T02:35:11","guid":{"rendered":"https:\/\/www.zmsh-semitech.com\/?post_type=product&#038;p=2084"},"modified":"2026-04-03T02:36:56","modified_gmt":"2026-04-03T02:36:56","slug":"split-type-vertical-airflow-sic-epitaxy-equipment-for-6-8-epi-wafers","status":"publish","type":"product","link":"https:\/\/www.zmsh-semitech.com\/vi\/product\/split-type-vertical-airflow-sic-epitaxy-equipment-for-6-8-epi-wafers\/","title":{"rendered":"Thi\u1ebft b\u1ecb t\u1ea1o l\u1edbp SiC ki\u1ec3u d\u00f2ng kh\u00ed d\u1ecdc ph\u00e2n t\u00e1ch d\u00e0nh cho t\u1ea5m wafer epitaxy 6\u201d\/8\u201d"},"content":{"rendered":"<p data-start=\"207\" data-end=\"731\"><img fetchpriority=\"high\" decoding=\"async\" class=\"size-medium wp-image-2087 alignright\" src=\"https:\/\/www.zmsh-semitech.com\/wp-content\/uploads\/2026\/04\/Split-Type-Vertical-Airflow-SiC-Epitaxy-Equipment-for-68-Epi-Wafers-2-300x300.png\" alt=\"\" width=\"300\" height=\"300\" srcset=\"https:\/\/www.zmsh-semitech.com\/wp-content\/uploads\/2026\/04\/Split-Type-Vertical-Airflow-SiC-Epitaxy-Equipment-for-68-Epi-Wafers-2-300x300.png 300w, https:\/\/www.zmsh-semitech.com\/wp-content\/uploads\/2026\/04\/Split-Type-Vertical-Airflow-SiC-Epitaxy-Equipment-for-68-Epi-Wafers-2-150x150.png 150w, https:\/\/www.zmsh-semitech.com\/wp-content\/uploads\/2026\/04\/Split-Type-Vertical-Airflow-SiC-Epitaxy-Equipment-for-68-Epi-Wafers-2-768x768.png 768w, https:\/\/www.zmsh-semitech.com\/wp-content\/uploads\/2026\/04\/Split-Type-Vertical-Airflow-SiC-Epitaxy-Equipment-for-68-Epi-Wafers-2-12x12.png 12w, https:\/\/www.zmsh-semitech.com\/wp-content\/uploads\/2026\/04\/Split-Type-Vertical-Airflow-SiC-Epitaxy-Equipment-for-68-Epi-Wafers-2-600x600.png 600w, https:\/\/www.zmsh-semitech.com\/wp-content\/uploads\/2026\/04\/Split-Type-Vertical-Airflow-SiC-Epitaxy-Equipment-for-68-Epi-Wafers-2-100x100.png 100w, https:\/\/www.zmsh-semitech.com\/wp-content\/uploads\/2026\/04\/Split-Type-Vertical-Airflow-SiC-Epitaxy-Equipment-for-68-Epi-Wafers-2.png 1000w\" sizes=\"(max-width: 300px) 100vw, 300px\" \/>Thi\u1ebft b\u1ecb t\u1ea1o l\u1edbp ph\u1ee7 silicon carbide (SiC) ki\u1ec3u d\u00f2ng kh\u00ed d\u1ecdc ph\u00e2n t\u00e1ch l\u00e0 m\u1ed9t h\u1ec7 th\u1ed1ng t\u1ea1o l\u1edbp ph\u1ee7 ti\u00ean ti\u1ebfn, \u0111\u01b0\u1ee3c thi\u1ebft k\u1ebf \u0111\u1ec3 s\u1ea3n xu\u1ea5t hi\u1ec7u qu\u1ea3 c\u00e1c t\u1ea5m wafer SiC 6 inch v\u00e0 8 inch. V\u1edbi ki\u1ebfn tr\u00fac ki\u1ec3u ph\u00e2n t\u00e1ch m\u00f4-\u0111un, b\u1ed9 ngu\u1ed3n, c\u00e1c m\u00f4-\u0111un h\u00fat kh\u00ed th\u1ea3i v\u00e0 c\u00e1c m\u00f4-\u0111un EFEM\/PM\/TM c\u00f3 th\u1ec3 \u0111\u01b0\u1ee3c l\u1eafp \u0111\u1eb7t \u0111\u1ed9c l\u1eadp trong c\u00e1c khu v\u1ef1c an to\u00e0n ho\u1eb7c khu v\u1ef1c l\u1eedng. S\u1ef1 linh ho\u1ea1t n\u00e0y cho ph\u00e9p t\u00edch h\u1ee3p li\u1ec1n m\u1ea1ch v\u00e0o c\u00e1c m\u00f4i tr\u01b0\u1eddng nh\u00e0 m\u00e1y s\u1ea3n xu\u1ea5t hi\u1ec7n \u0111\u1ea1i \u0111\u1ed3ng th\u1eddi duy tr\u00ec kh\u1ea3 n\u0103ng t\u1ef1 \u0111\u1ed9ng h\u00f3a ho\u00e0n to\u00e0n th\u00f4ng qua m\u00f4-\u0111un SMIF v\u00e0 h\u1ec7 th\u1ed1ng li\u00ean k\u1ebft c\u1ea7n tr\u1ee5c tr\u00ean cao.<\/p>\n<p data-start=\"733\" data-end=\"1139\">Thi\u1ebft b\u1ecb n\u00e0y t\u00edch h\u1ee3p thi\u1ebft k\u1ebf lu\u1ed3ng kh\u00ed d\u1ecdc s\u00e1ng t\u1ea1o k\u1ebft h\u1ee3p v\u1edbi h\u1ec7 th\u1ed1ng \u0111i\u1ec1u khi\u1ec3n tr\u01b0\u1eddng nhi\u1ec7t \u0111\u1ed9 \u0111a v\u00f9ng, \u0111\u1ea3m b\u1ea3o \u0111\u1ed9 d\u00e0y \u0111\u1ed3ng \u0111\u1ec1u v\u00e0 n\u1ed3ng \u0111\u1ed9 pha t\u1ea1p \u1ed5n \u0111\u1ecbnh \u2014 nh\u1eefng y\u1ebfu t\u1ed1 then ch\u1ed1t \u0111\u1ed1i v\u1edbi c\u00e1c thi\u1ebft b\u1ecb \u0111i\u1ec7n SiC hi\u1ec7u su\u1ea5t cao. T\u1ef1 \u0111\u1ed9ng h\u00f3a ho\u00e0n to\u00e0n, bao g\u1ed3m x\u1eed l\u00fd t\u1ea5m wafer b\u1eb1ng c\u00f4ng ngh\u1ec7 EFEM v\u00e0 chuy\u1ec3n t\u1ea5m wafer \u1edf nhi\u1ec7t \u0111\u1ed9 cao, gi\u00fap gi\u1ea3m thi\u1ec3u s\u1ef1 can thi\u1ec7p th\u1ee7 c\u00f4ng, t\u0103ng c\u01b0\u1eddng t\u00ednh nh\u1ea5t qu\u00e1n c\u1ee7a quy tr\u00ecnh v\u00e0 n\u00e2ng cao hi\u1ec7u qu\u1ea3 v\u1eadn h\u00e0nh.<\/p>\n<p data-start=\"1141\" data-end=\"1628\">H\u1ec7 th\u1ed1ng h\u1ed7 tr\u1ee3 ho\u1ea1t \u0111\u1ed9ng li\u00ean t\u1ee5c v\u1edbi nhi\u1ec1u l\u00f2 trong hai bu\u1ed3ng, \u0111\u1ea1t s\u1ea3n l\u01b0\u1ee3ng tr\u00ean 1.100 t\u1ea5m wafer m\u1ed7i th\u00e1ng v\u00e0 l\u00ean \u0111\u1ebfn 1.200 t\u1ea5m wafer m\u1ed7i th\u00e1ng nh\u1edd t\u1ed1i \u01b0u h\u00f3a quy tr\u00ecnh. Thi\u1ebft k\u1ebf c\u1ee7a h\u1ec7 th\u1ed1ng ho\u00e0n to\u00e0n t\u01b0\u01a1ng th\u00edch v\u1edbi c\u1ea3 t\u1ea5m wafer 6 inch v\u00e0 8 inch, mang l\u1ea1i s\u1ef1 linh ho\u1ea1t cho c\u00e1c nh\u00e0 s\u1ea3n xu\u1ea5t \u0111ang chuy\u1ec3n sang s\u1eed d\u1ee5ng c\u00e1c k\u00edch th\u01b0\u1edbc t\u1ea5m wafer l\u1edbn h\u01a1n. Ngo\u00e0i ra, thi\u1ebft b\u1ecb n\u00e0y c\u00f3 kh\u1ea3 n\u0103ng t\u1ea1o m\u00e0ng d\u00e0y \u00e1p su\u1ea5t cao v\u00e0 epitaxy l\u1ea5p r\u00e3nh, khi\u1ebfn n\u00f3 ph\u00f9 h\u1ee3p v\u1edbi c\u00e1c thi\u1ebft b\u1ecb SiC cao \u00e1p v\u00e0 c\u00f4ng su\u1ea5t cao ti\u00ean ti\u1ebfn.<\/p>\n<p data-start=\"1630\" data-end=\"1829\">C\u1ea5u tr\u00fac ki\u1ec3u t\u00e1ch r\u1eddi ch\u1eafc ch\u1eafn \u0111\u1ea3m b\u1ea3o t\u1ef7 l\u1ec7 l\u1ed7i th\u1ea5p, n\u0103ng su\u1ea5t cao, vi\u1ec7c b\u1ea3o tr\u00ec \u0111\u01a1n gi\u1ea3n v\u00e0 \u0111\u1ed9 tin c\u1eady l\u00e2u d\u00e0i, t\u1eeb \u0111\u00f3 gi\u00fap gi\u1ea3m thi\u1ec3u t\u1ed5ng chi ph\u00ed s\u1edf h\u1eefu cho c\u00e1c nh\u00e0 s\u1ea3n xu\u1ea5t ch\u1ea5t b\u00e1n d\u1eabn.<\/p>\n<h3 data-section-id=\"xj0uai\" data-start=\"1836\" data-end=\"1866\"><img decoding=\"async\" class=\"size-medium wp-image-2091 alignright\" src=\"https:\/\/www.zmsh-semitech.com\/wp-content\/uploads\/2026\/04\/Split-Type-Vertical-Airflow-SiC-Epitaxy-Equipment-for-68-Epi-Wafers-3-1-300x300.png\" alt=\"\" width=\"300\" height=\"300\" srcset=\"https:\/\/www.zmsh-semitech.com\/wp-content\/uploads\/2026\/04\/Split-Type-Vertical-Airflow-SiC-Epitaxy-Equipment-for-68-Epi-Wafers-3-1-300x300.png 300w, https:\/\/www.zmsh-semitech.com\/wp-content\/uploads\/2026\/04\/Split-Type-Vertical-Airflow-SiC-Epitaxy-Equipment-for-68-Epi-Wafers-3-1-150x150.png 150w, https:\/\/www.zmsh-semitech.com\/wp-content\/uploads\/2026\/04\/Split-Type-Vertical-Airflow-SiC-Epitaxy-Equipment-for-68-Epi-Wafers-3-1-768x768.png 768w, https:\/\/www.zmsh-semitech.com\/wp-content\/uploads\/2026\/04\/Split-Type-Vertical-Airflow-SiC-Epitaxy-Equipment-for-68-Epi-Wafers-3-1-12x12.png 12w, https:\/\/www.zmsh-semitech.com\/wp-content\/uploads\/2026\/04\/Split-Type-Vertical-Airflow-SiC-Epitaxy-Equipment-for-68-Epi-Wafers-3-1-600x600.png 600w, https:\/\/www.zmsh-semitech.com\/wp-content\/uploads\/2026\/04\/Split-Type-Vertical-Airflow-SiC-Epitaxy-Equipment-for-68-Epi-Wafers-3-1-100x100.png 100w, https:\/\/www.zmsh-semitech.com\/wp-content\/uploads\/2026\/04\/Split-Type-Vertical-Airflow-SiC-Epitaxy-Equipment-for-68-Epi-Wafers-3-1.png 1000w\" sizes=\"(max-width: 300px) 100vw, 300px\" \/>\u01afu \u0111i\u1ec3m k\u1ef9 thu\u1eadt ch\u00ednh<\/h3>\n<ul data-start=\"1867\" data-end=\"2438\">\n<li data-section-id=\"wpnig9\" data-start=\"1867\" data-end=\"1961\">Thi\u1ebft k\u1ebf m\u00f4-\u0111un ki\u1ec3u t\u00e1ch r\u1eddi cho ph\u00e9p l\u1eafp \u0111\u1eb7t \u0111\u1ed9c l\u1eadp c\u00e1c m\u00f4-\u0111un ngu\u1ed3n, tho\u00e1t kh\u00ed v\u00e0 EFEM<\/li>\n<li data-section-id=\"151uc73\" data-start=\"1962\" data-end=\"2039\">\u0110\u1ea7u v\u00f2i sen t\u1ea1o lu\u1ed3ng kh\u00ed d\u1ecdc \u0111\u1ec3 ph\u00e2n ph\u1ed1i kh\u00ed \u0111\u1ed3ng \u0111\u1ec1u tr\u00ean to\u00e0n b\u1ed9 t\u1ea5m wafer<\/li>\n<li data-section-id=\"1lzu0dd\" data-start=\"2040\" data-end=\"2105\">Ki\u1ec3m so\u00e1t nhi\u1ec7t \u0111\u1ed9 \u0111a v\u00f9ng \u0111\u1ec3 qu\u1ea3n l\u00fd nhi\u1ec7t ch\u00ednh x\u00e1c<\/li>\n<li data-section-id=\"c5t7pm\" data-start=\"2106\" data-end=\"2167\">C\u1ea5u h\u00ecnh hai bu\u1ed3ng d\u00e0nh cho s\u1ea3n xu\u1ea5t c\u00f4ng su\u1ea5t cao<\/li>\n<li data-section-id=\"rs6yfl\" data-start=\"2168\" data-end=\"2217\">M\u1eadt \u0111\u1ed9 khuy\u1ebft t\u1eadt th\u1ea5p v\u00e0 hi\u1ec7u su\u1ea5t n\u0103ng su\u1ea5t cao<\/li>\n<li data-section-id=\"1rmzhz1\" data-start=\"2218\" data-end=\"2293\">Qu\u00e1 tr\u00ecnh x\u1eed l\u00fd t\u1ea5m wafer ho\u00e0n to\u00e0n t\u1ef1 \u0111\u1ed9ng k\u1ebft h\u1ee3p v\u1edbi h\u1ec7 th\u1ed1ng EFEM v\u00e0 c\u1ea7n tr\u1ee5c treo<\/li>\n<li data-section-id=\"1o0wgtg\" data-start=\"2294\" data-end=\"2334\">T\u01b0\u01a1ng th\u00edch v\u1edbi c\u00e1c t\u1ea5m wafer SiC k\u00edch th\u01b0\u1edbc 6 inch v\u00e0 8 inch<\/li>\n<li data-section-id=\"1vtm55j\" data-start=\"2335\" data-end=\"2390\">\u0110\u01b0\u1ee3c t\u1ed1i \u01b0u h\u00f3a cho qu\u00e1 tr\u00ecnh ph\u00e1t tri\u1ec3n l\u1edbp ph\u1ee7 d\u00e0y v\u00e0 l\u1ea5p r\u00e3nh<\/li>\n<li data-section-id=\"1usg9u4\" data-start=\"2391\" data-end=\"2438\">\u0110\u1ed9 tin c\u1eady cao v\u00e0 vi\u1ec7c b\u1ea3o tr\u00ec \u0111\u01b0\u1ee3c \u0111\u01a1n gi\u1ea3n h\u00f3a<\/li>\n<\/ul>\n<h3 data-section-id=\"4v9b11\" data-start=\"2445\" data-end=\"2470\">Hi\u1ec7u su\u1ea5t quy tr\u00ecnh<\/h3>\n<div class=\"TyagGW_tableContainer\">\n<div class=\"group TyagGW_tableWrapper flex flex-col-reverse w-fit\" tabindex=\"-1\">\n<table class=\"w-fit min-w-(--thread-content-width)\" data-start=\"2472\" data-end=\"3023\">\n<thead data-start=\"2472\" data-end=\"2501\">\n<tr data-start=\"2472\" data-end=\"2501\">\n<th class=\"\" data-start=\"2472\" data-end=\"2484\" data-col-size=\"sm\">Tham s\u1ed1<\/th>\n<th class=\"\" data-start=\"2484\" data-end=\"2501\" data-col-size=\"md\">Th\u00f4ng s\u1ed1 k\u1ef9 thu\u1eadt<\/th>\n<\/tr>\n<\/thead>\n<tbody data-start=\"2532\" data-end=\"3023\">\n<tr data-start=\"2532\" data-end=\"2620\">\n<td data-start=\"2532\" data-end=\"2545\" data-col-size=\"sm\">C\u00f4ng su\u1ea5t<\/td>\n<td data-start=\"2545\" data-end=\"2620\" data-col-size=\"md\">\u22651.100 t\u1ea5m wafer\/th\u00e1ng (h\u1ec7 th\u1ed1ng hai bu\u1ed3ng), t\u1ed1i \u0111a 1.200 t\u1ea5m wafer\/th\u00e1ng (khi \u0111\u01b0\u1ee3c t\u1ed1i \u01b0u h\u00f3a)<\/td>\n<\/tr>\n<tr data-start=\"2621\" data-end=\"2674\">\n<td data-start=\"2621\" data-end=\"2648\" data-col-size=\"sm\">Kh\u1ea3 n\u0103ng t\u01b0\u01a1ng th\u00edch v\u1ec1 k\u00edch th\u01b0\u1edbc t\u1ea5m wafer<\/td>\n<td data-col-size=\"md\" data-start=\"2648\" data-end=\"2674\">T\u1ea5m wafer SiC epitaxial 6\u201d \/ 8\u201d<\/td>\n<\/tr>\n<tr data-start=\"2675\" data-end=\"2711\">\n<td data-start=\"2675\" data-end=\"2697\" data-col-size=\"sm\">Ki\u1ec3m so\u00e1t nhi\u1ec7t \u0111\u1ed9<\/td>\n<td data-col-size=\"md\" data-start=\"2697\" data-end=\"2711\">\u0110a v\u00f9ng<\/td>\n<\/tr>\n<tr data-start=\"2712\" data-end=\"2771\">\n<td data-start=\"2712\" data-end=\"2729\" data-col-size=\"sm\">H\u1ec7 th\u1ed1ng l\u01b0u th\u00f4ng kh\u00f4ng kh\u00ed<\/td>\n<td data-col-size=\"md\" data-start=\"2729\" data-end=\"2771\">Lu\u1ed3ng kh\u00ed \u0111a v\u00f9ng c\u00f3 th\u1ec3 \u0111i\u1ec1u ch\u1ec9nh theo chi\u1ec1u d\u1ecdc<\/td>\n<\/tr>\n<tr data-start=\"2772\" data-end=\"2803\">\n<td data-start=\"2772\" data-end=\"2789\" data-col-size=\"sm\">T\u1ed1c \u0111\u1ed9 quay<\/td>\n<td data-col-size=\"md\" data-start=\"2789\" data-end=\"2803\">0\u20131.000 v\u00f2ng\/ph\u00fat<\/td>\n<\/tr>\n<tr data-start=\"2804\" data-end=\"2837\">\n<td data-start=\"2804\" data-end=\"2822\" data-col-size=\"sm\">T\u1ed1c \u0111\u1ed9 t\u0103ng tr\u01b0\u1edfng t\u1ed1i \u0111a<\/td>\n<td data-col-size=\"md\" data-start=\"2822\" data-end=\"2837\">\u226560 \u03bcm\/gi\u1edd<\/td>\n<\/tr>\n<tr data-start=\"2838\" data-end=\"2899\">\n<td data-start=\"2838\" data-end=\"2861\" data-col-size=\"sm\">\u0110\u1ed9 \u0111\u1ed3ng \u0111\u1ec1u v\u1ec1 \u0111\u1ed9 d\u00e0y<\/td>\n<td data-col-size=\"md\" data-start=\"2861\" data-end=\"2899\">\u22642% (\u0111\u01b0\u1ee3c t\u1ed1i \u01b0u h\u00f3a \u22641%, \u03c3\/trung b\u00ecnh, EE 5mm)<\/td>\n<\/tr>\n<tr data-start=\"2900\" data-end=\"2960\">\n<td data-start=\"2900\" data-end=\"2920\" data-col-size=\"sm\">S\u1ef1 th\u1ed1ng nh\u1ea5t trong vi\u1ec7c s\u1eed d\u1ee5ng ch\u1ea5t k\u00edch th\u00edch<\/td>\n<td data-col-size=\"md\" data-start=\"2920\" data-end=\"2960\">\u22643% (\u0111\u00e3 t\u1ed1i \u01b0u h\u00f3a \u22641,5%, \u03c3\/trung b\u00ecnh, EE 5 mm)<\/td>\n<\/tr>\n<tr data-start=\"2961\" data-end=\"3023\">\n<td data-start=\"2961\" data-end=\"2985\" data-col-size=\"sm\">M\u1eadt \u0111\u1ed9 l\u1ed7i nghi\u00eam tr\u1ecdng<\/td>\n<td data-col-size=\"md\" data-start=\"2985\" data-end=\"3023\">\u22640,2 cm\u207b\u00b2 (\u0111\u01b0\u1ee3c t\u1ed1i \u01b0u h\u00f3a xu\u1ed1ng 0,01 cm\u207b\u00b2)<\/td>\n<\/tr>\n<\/tbody>\n<\/table>\n<\/div>\n<\/div>\n<h3 data-section-id=\"mn7c2p\" data-start=\"3030\" data-end=\"3057\">C\u00e1c t\u00ecnh hu\u1ed1ng \u1ee9ng d\u1ee5ng<\/h3>\n<p data-start=\"3059\" data-end=\"3280\">Thi\u1ebft b\u1ecb t\u1ea1o l\u1edbp SiC theo ph\u01b0\u01a1ng ph\u00e1p epitaxy d\u00f2ng kh\u00ed d\u1ecdc ki\u1ec3u t\u00e1ch \u0111\u00f4i \u0111\u01b0\u1ee3c s\u1eed d\u1ee5ng r\u1ed9ng r\u00e3i trong s\u1ea3n xu\u1ea5t ch\u1ea5t b\u00e1n d\u1eabn SiC hi\u1ec7u su\u1ea5t cao, \u0111\u1eb7c bi\u1ec7t l\u00e0 trong c\u00e1c ng\u00e0nh c\u00f4ng nghi\u1ec7p \u0111\u00f2i h\u1ecfi hi\u1ec7u su\u1ea5t cao, \u0111i\u1ec7n \u00e1p cao v\u00e0 kh\u1ea3 n\u0103ng t\u1ea3n nhi\u1ec7t t\u1ed1t:<\/p>\n<p data-start=\"3282\" data-end=\"3471\"><strong data-start=\"3282\" data-end=\"3309\">Xe \u0111i\u1ec7n (EV)<\/strong><br data-start=\"3309\" data-end=\"3312\" \/>\u0110\u01b0\u1ee3c s\u1eed d\u1ee5ng trong s\u1ea3n xu\u1ea5t MOSFET SiC v\u00e0 c\u00e1c m\u00f4-\u0111un c\u00f4ng su\u1ea5t cho b\u1ed9 bi\u1ebfn t\u1ea7n, b\u1ed9 s\u1ea1c tr\u00ean xe v\u00e0 b\u1ed9 chuy\u1ec3n \u0111\u1ed5i DC-DC, gi\u00fap n\u00e2ng cao hi\u1ec7u su\u1ea5t n\u0103ng l\u01b0\u1ee3ng v\u00e0 t\u0103ng ph\u1ea1m vi ho\u1ea1t \u0111\u1ed9ng.<\/p>\n<p data-start=\"3473\" data-end=\"3622\"><strong data-start=\"3473\" data-end=\"3501\">H\u1ec7 th\u1ed1ng n\u0103ng l\u01b0\u1ee3ng t\u00e1i t\u1ea1o<\/strong><br data-start=\"3501\" data-end=\"3504\" \/>\u0110\u01b0\u1ee3c \u1ee9ng d\u1ee5ng trong c\u00e1c b\u1ed9 bi\u1ebfn t\u1ea7n quang \u0111i\u1ec7n v\u00e0 h\u1ec7 th\u1ed1ng l\u01b0u tr\u1eef n\u0103ng l\u01b0\u1ee3ng, gi\u00fap n\u00e2ng cao hi\u1ec7u su\u1ea5t chuy\u1ec3n \u0111\u1ed5i v\u00e0 \u0111\u1ed9 tin c\u1eady.<\/p>\n<p data-start=\"3624\" data-end=\"3794\"><strong data-start=\"3624\" data-end=\"3656\">\u0110i\u1ec7n t\u1eed c\u00f4ng su\u1ea5t c\u00f4ng nghi\u1ec7p<\/strong><br data-start=\"3656\" data-end=\"3659\" \/>Ph\u00f9 h\u1ee3p cho c\u00e1c b\u1ed9 \u0111i\u1ec1u khi\u1ec3n \u0111\u1ed9ng c\u01a1 c\u00f4ng su\u1ea5t cao, h\u1ec7 th\u1ed1ng t\u1ef1 \u0111\u1ed9ng h\u00f3a c\u00f4ng nghi\u1ec7p v\u00e0 b\u1ed9 ngu\u1ed3n y\u00eau c\u1ea7u ho\u1ea1t \u0111\u1ed9ng \u1ed5n \u0111\u1ecbnh v\u00e0 hi\u1ec7u qu\u1ea3.<\/p>\n<p data-start=\"3796\" data-end=\"3957\"><strong data-start=\"3796\" data-end=\"3826\">Giao th\u00f4ng \u0111\u01b0\u1eddng s\u1eaft v\u00e0 m\u1ea1ng l\u01b0\u1edbi \u0111i\u1ec7n<\/strong><br data-start=\"3826\" data-end=\"3829\" \/>H\u1ed7 tr\u1ee3 c\u00e1c thi\u1ebft b\u1ecb cao \u00e1p v\u00e0 t\u1ea7n s\u1ed1 cao \u0111\u01b0\u1ee3c s\u1eed d\u1ee5ng trong l\u01b0\u1edbi \u0111i\u1ec7n th\u00f4ng minh, h\u1ec7 th\u1ed1ng truy\u1ec1n \u0111\u1ed9ng v\u00e0 h\u1ea1 t\u1ea7ng truy\u1ec1n t\u1ea3i \u0111i\u1ec7n.<\/p>\n<p data-start=\"3959\" data-end=\"4113\"><strong data-start=\"3959\" data-end=\"3985\">Thi\u1ebft b\u1ecb \u0111i\u1ec7n cao c\u1ea5p<\/strong><br data-start=\"3985\" data-end=\"3988\" \/>R\u1ea5t ph\u00f9 h\u1ee3p \u0111\u1ec3 s\u1ea3n xu\u1ea5t c\u00e1c thi\u1ebft b\u1ecb SiC ti\u00ean ti\u1ebfn nh\u01b0 \u0111i-\u1ed1t Schottky, MOSFET v\u00e0 c\u00e1c linh ki\u1ec7n cao \u00e1p th\u1ebf h\u1ec7 m\u1edbi.<\/p>\n<p data-start=\"3959\" data-end=\"4113\"><img decoding=\"async\" class=\"wp-image-2080 size-large aligncenter\" src=\"https:\/\/www.zmsh-semitech.com\/wp-content\/uploads\/2026\/04\/application-1024x578.png\" alt=\"\" width=\"1024\" height=\"578\" srcset=\"https:\/\/www.zmsh-semitech.com\/wp-content\/uploads\/2026\/04\/application-1024x578.png 1024w, https:\/\/www.zmsh-semitech.com\/wp-content\/uploads\/2026\/04\/application-300x169.png 300w, https:\/\/www.zmsh-semitech.com\/wp-content\/uploads\/2026\/04\/application-768x433.png 768w, https:\/\/www.zmsh-semitech.com\/wp-content\/uploads\/2026\/04\/application-18x10.png 18w, https:\/\/www.zmsh-semitech.com\/wp-content\/uploads\/2026\/04\/application-600x339.png 600w, https:\/\/www.zmsh-semitech.com\/wp-content\/uploads\/2026\/04\/application.png 1285w\" sizes=\"(max-width: 1024px) 100vw, 1024px\" \/><\/p>\n<h3 data-section-id=\"6toqgg\" data-start=\"4120\" data-end=\"4129\">C\u00e2u h\u1ecfi th\u01b0\u1eddng g\u1eb7p<\/h3>\n<p data-start=\"4131\" data-end=\"4359\"><strong data-start=\"4131\" data-end=\"4206\">1. Thi\u1ebft b\u1ecb epitaxy ki\u1ec3u t\u00e1ch n\u00e0y h\u1ed7 tr\u1ee3 c\u00e1c k\u00edch th\u01b0\u1edbc wafer n\u00e0o?<\/strong><br data-start=\"4206\" data-end=\"4209\" \/>H\u1ec7 th\u1ed1ng n\u00e0y h\u1ed7 tr\u1ee3 c\u1ea3 t\u1ea5m wafer SiC 6 inch v\u00e0 8 inch, gi\u00fap c\u00e1c nh\u00e0 s\u1ea3n xu\u1ea5t \u0111\u00e1p \u1ee9ng nhu c\u1ea7u s\u1ea3n xu\u1ea5t hi\u1ec7n t\u1ea1i \u0111\u1ed3ng th\u1eddi chu\u1ea9n b\u1ecb cho vi\u1ec7c m\u1edf r\u1ed9ng quy m\u00f4 trong t\u01b0\u01a1ng lai.<\/p>\n<p data-start=\"4361\" data-end=\"4591\"><strong data-start=\"4361\" data-end=\"4417\">2. Thi\u1ebft k\u1ebf ki\u1ec3u t\u00e1ch r\u1eddi c\u00f3 nh\u1eefng \u01b0u \u0111i\u1ec3m g\u00ec?<\/strong><br data-start=\"4417\" data-end=\"4420\" \/>Thi\u1ebft k\u1ebf m\u00f4-\u0111un t\u00e1ch r\u1eddi cho ph\u00e9p l\u1eafp \u0111\u1eb7t \u0111\u1ed9c l\u1eadp c\u00e1c m\u00f4-\u0111un ngu\u1ed3n \u0111i\u1ec7n, h\u1ec7 th\u1ed1ng tho\u00e1t kh\u00ed v\u00e0 EFEM, gi\u00fap t\u0103ng t\u00ednh linh ho\u1ea1t trong vi\u1ec7c b\u1ed1 tr\u00ed nh\u00e0 m\u00e1y s\u1ea3n xu\u1ea5t v\u00e0 n\u00e2ng cao s\u1ef1 thu\u1eadn ti\u1ec7n trong b\u1ea3o tr\u00ec.<\/p>\n<p data-start=\"4593\" data-end=\"4809\"><strong data-start=\"4593\" data-end=\"4661\">3. Thi\u1ebft k\u1ebf lu\u1ed3ng kh\u00ed d\u1ecdc gi\u00fap c\u1ea3i thi\u1ec7n ch\u1ea5t l\u01b0\u1ee3ng qu\u00e1 tr\u00ecnh ph\u00e1t tri\u1ec3n tinh th\u1ec3 nh\u01b0 th\u1ebf n\u00e0o?<\/strong><br data-start=\"4661\" data-end=\"4664\" \/>Lu\u1ed3ng kh\u00ed d\u1ecdc \u0111\u1ea3m b\u1ea3o s\u1ef1 ph\u00e2n b\u1ed1 kh\u00ed \u0111\u1ed3ng \u0111\u1ec1u tr\u00ean to\u00e0n b\u1ed9 t\u1ea5m wafer, gi\u00fap \u0111\u1ea1t \u0111\u01b0\u1ee3c \u0111\u1ed9 d\u00e0y \u1ed5n \u0111\u1ecbnh, n\u1ed3ng \u0111\u1ed9 pha t\u1ea1p \u1ed5n \u0111\u1ecbnh v\u00e0 gi\u1ea3m m\u1eadt \u0111\u1ed9 khuy\u1ebft t\u1eadt.<\/p>\n<p data-start=\"4811\" data-end=\"5053\"><strong data-start=\"4811\" data-end=\"4875\">4. Thi\u1ebft b\u1ecb n\u00e0y c\u00f3 ph\u00f9 h\u1ee3p cho s\u1ea3n xu\u1ea5t h\u00e0ng lo\u1ea1t kh\u00f4ng?<\/strong><\/p>\n<p data-pm-slice=\"0 0 []\">\u0110\u00fang v\u1eady, c\u1ea5u h\u00ecnh hai bu\u1ed3ng h\u1ed7 tr\u1ee3 ho\u1ea1t \u0111\u1ed9ng li\u00ean t\u1ee5c tr\u00ean nhi\u1ec1u l\u00f2 nung, v\u1edbi c\u00f4ng su\u1ea5t v\u01b0\u1ee3t qu\u00e1 1.100 t\u1ea5m wafer m\u1ed7i th\u00e1ng, khi\u1ebfn n\u00f3 tr\u1edf th\u00e0nh gi\u1ea3i ph\u00e1p l\u00fd t\u01b0\u1edfng cho s\u1ea3n xu\u1ea5t quy m\u00f4 l\u1edbn v\u00e0 \u0111\u1ea3m b\u1ea3o ch\u1ea5t l\u01b0\u1ee3ng \u1ed5n \u0111\u1ecbnh cao cho c\u00e1c t\u1ea5m wafer \u0111\u1ed3ng th\u1eddi gi\u1ea3m thi\u1ec3u th\u1eddi gian ng\u1eebng ho\u1ea1t \u0111\u1ed9ng.<\/p>","protected":false},"excerpt":{"rendered":"<p>Thi\u1ebft b\u1ecb ph\u00e1t tri\u1ec3n l\u1edbp ph\u1ee7 epitaxy silicon carbide (SiC) ki\u1ec3u lu\u1ed3ng kh\u00ed d\u1ecdc ph\u00e2n t\u00e1ch l\u00e0 m\u1ed9t h\u1ec7 th\u1ed1ng ph\u00e1t tri\u1ec3n l\u1edbp ph\u1ee7 epitaxy ti\u00ean ti\u1ebfn, \u0111\u01b0\u1ee3c thi\u1ebft k\u1ebf \u0111\u1ec3 s\u1ea3n xu\u1ea5t hi\u1ec7u qu\u1ea3 c\u00e1c t\u1ea5m wafer epitaxy SiC k\u00edch th\u01b0\u1edbc 6 inch v\u00e0 8 inch. V\u1edbi ki\u1ebfn tr\u00fac m\u00f4-\u0111un ki\u1ec3u ph\u00e2n t\u00e1ch, b\u1ed9 ngu\u1ed3n, c\u00e1c m\u00f4-\u0111un h\u00fat kh\u00ed th\u1ea3i v\u00e0 c\u00e1c m\u00f4-\u0111un EFEM\/PM\/TM c\u00f3 th\u1ec3 \u0111\u01b0\u1ee3c l\u1eafp \u0111\u1eb7t \u0111\u1ed9c l\u1eadp trong c\u00e1c khu v\u1ef1c an to\u00e0n ho\u1eb7c khu v\u1ef1c l\u1eedng.<\/p>","protected":false},"featured_media":2087,"comment_status":"open","ping_status":"closed","template":"","meta":{"site-sidebar-layout":"default","site-content-layout":"","ast-site-content-layout":"default","site-content-style":"default","site-sidebar-style":"default","ast-global-header-display":"","ast-banner-title-visibility":"","ast-main-header-display":"","ast-hfb-above-header-display":"","ast-hfb-below-header-display":"","ast-hfb-mobile-header-display":"","site-post-title":"","ast-breadcrumbs-content":"","ast-featured-img":"","footer-sml-layout":"","ast-disable-related-posts":"","theme-transparent-header-meta":"default","adv-header-id-meta":"","stick-header-meta":"default","header-above-stick-meta":"","header-main-stick-meta":"","header-below-stick-meta":"","astra-migrate-meta-layouts":"set","ast-page-background-enabled":"default","ast-page-background-meta":{"desktop":{"background-color":"var(--ast-global-color-4)","background-image":"","background-repeat":"repeat","background-position":"center center","background-size":"auto","background-attachment":"scroll","background-type":"","background-media":"","overlay-type":"","overlay-color":"","overlay-opacity":"","overlay-gradient":""},"tablet":{"background-color":"","background-image":"","background-repeat":"repeat","background-position":"center center","background-size":"auto","background-attachment":"scroll","background-type":"","background-media":"","overlay-type":"","overlay-color":"","overlay-opacity":"","overlay-gradient":""},"mobile":{"background-color":"","background-image":"","background-repeat":"repeat","background-position":"center center","background-size":"auto","background-attachment":"scroll","background-type":"","background-media":"","overlay-type":"","overlay-color":"","overlay-opacity":"","overlay-gradient":""}},"ast-content-background-meta":{"desktop":{"background-color":"var(--ast-global-color-5)","background-image":"","background-repeat":"repeat","background-position":"center center","background-size":"auto","background-attachment":"scroll","background-type":"","background-media":"","overlay-type":"","overlay-color":"","overlay-opacity":"","overlay-gradient":""},"tablet":{"background-color":"var(--ast-global-color-5)","background-image":"","background-repeat":"repeat","background-position":"center center","background-size":"auto","background-attachment":"scroll","background-type":"","background-media":"","overlay-type":"","overlay-color":"","overlay-opacity":"","overlay-gradient":""},"mobile":{"background-color":"var(--ast-global-color-5)","background-image":"","background-repeat":"repeat","background-position":"center center","background-size":"auto","background-attachment":"scroll","background-type":"","background-media":"","overlay-type":"","overlay-color":"","overlay-opacity":"","overlay-gradient":""}}},"product_brand":[],"product_cat":[730],"product_tag":[615,616,485,751,752,756,749,759,744,750,753,755,758,757,748,746,754,741,747],"class_list":{"0":"post-2084","1":"product","2":"type-product","3":"status-publish","4":"has-post-thumbnail","6":"product_cat-epitaxy-equipment","7":"product_tag-6-inch-wafer","8":"product_tag-8-inch-wafer","9":"product_tag-automated-wafer-handling","10":"product_tag-dual-chamber","11":"product_tag-efem-integration","12":"product_tag-electric-vehicle","13":"product_tag-high-throughput","14":"product_tag-high-end-sic-devices","15":"product_tag-industrial-power-electronics","16":"product_tag-low-defect","17":"product_tag-multi-zone-temperature-control","18":"product_tag-power-semiconductor","19":"product_tag-rail-transit","20":"product_tag-renewable-energy","21":"product_tag-sic-epitaxy","22":"product_tag-split-type-sic-epitaxy-equipment","23":"product_tag-thick-film-epitaxy","24":"product_tag-trench-filling-epitaxy","25":"product_tag-vertical-airflow","26":"desktop-align-left","27":"tablet-align-left","28":"mobile-align-left","29":"ast-product-gallery-layout-horizontal-slider","30":"ast-product-tabs-layout-horizontal","32":"first","33":"instock","34":"shipping-taxable","35":"product-type-simple"},"_links":{"self":[{"href":"https:\/\/www.zmsh-semitech.com\/vi\/wp-json\/wp\/v2\/product\/2084","targetHints":{"allow":["GET"]}}],"collection":[{"href":"https:\/\/www.zmsh-semitech.com\/vi\/wp-json\/wp\/v2\/product"}],"about":[{"href":"https:\/\/www.zmsh-semitech.com\/vi\/wp-json\/wp\/v2\/types\/product"}],"replies":[{"embeddable":true,"href":"https:\/\/www.zmsh-semitech.com\/vi\/wp-json\/wp\/v2\/comments?post=2084"}],"version-history":[{"count":3,"href":"https:\/\/www.zmsh-semitech.com\/vi\/wp-json\/wp\/v2\/product\/2084\/revisions"}],"predecessor-version":[{"id":2093,"href":"https:\/\/www.zmsh-semitech.com\/vi\/wp-json\/wp\/v2\/product\/2084\/revisions\/2093"}],"wp:featuredmedia":[{"embeddable":true,"href":"https:\/\/www.zmsh-semitech.com\/vi\/wp-json\/wp\/v2\/media\/2087"}],"wp:attachment":[{"href":"https:\/\/www.zmsh-semitech.com\/vi\/wp-json\/wp\/v2\/media?parent=2084"}],"wp:term":[{"taxonomy":"product_brand","embeddable":true,"href":"https:\/\/www.zmsh-semitech.com\/vi\/wp-json\/wp\/v2\/product_brand?post=2084"},{"taxonomy":"product_cat","embeddable":true,"href":"https:\/\/www.zmsh-semitech.com\/vi\/wp-json\/wp\/v2\/product_cat?post=2084"},{"taxonomy":"product_tag","embeddable":true,"href":"https:\/\/www.zmsh-semitech.com\/vi\/wp-json\/wp\/v2\/product_tag?post=2084"}],"curies":[{"name":"wp","href":"https:\/\/api.w.org\/{rel}","templated":true}]}}