{"id":1981,"date":"2026-03-23T06:13:43","date_gmt":"2026-03-23T06:13:43","guid":{"rendered":"https:\/\/www.zmsh-semitech.com\/?post_type=product&#038;p=1981"},"modified":"2026-03-23T06:18:04","modified_gmt":"2026-03-23T06:18:04","slug":"sic-raw-material-synthesis-furnace","status":"publish","type":"product","link":"https:\/\/www.zmsh-semitech.com\/vi\/product\/sic-raw-material-synthesis-furnace\/","title":{"rendered":"L\u00f2 t\u1ed5ng h\u1ee3p nguy\u00ean li\u1ec7u SiC 50kg \u2013 Ch\u1ebf t\u1ea1o tinh th\u1ec3 cacbua silic c\u00f3 \u0111\u1ed9 tinh khi\u1ebft cao"},"content":{"rendered":"<p data-start=\"240\" data-end=\"569\"><img fetchpriority=\"high\" decoding=\"async\" class=\"size-medium wp-image-1989 alignleft\" src=\"https:\/\/www.zmsh-semitech.com\/wp-content\/uploads\/2026\/03\/Sic-raw-material-synthesis-furnace5-300x220.jpg\" alt=\"\" width=\"300\" height=\"220\" srcset=\"https:\/\/www.zmsh-semitech.com\/wp-content\/uploads\/2026\/03\/Sic-raw-material-synthesis-furnace5-300x220.jpg 300w, https:\/\/www.zmsh-semitech.com\/wp-content\/uploads\/2026\/03\/Sic-raw-material-synthesis-furnace5-16x12.jpg 16w, https:\/\/www.zmsh-semitech.com\/wp-content\/uploads\/2026\/03\/Sic-raw-material-synthesis-furnace5-600x439.jpg 600w, https:\/\/www.zmsh-semitech.com\/wp-content\/uploads\/2026\/03\/Sic-raw-material-synthesis-furnace5.jpg 680w\" sizes=\"(max-width: 300px) 100vw, 300px\" \/>L\u00f2 t\u1ed5ng h\u1ee3p nguy\u00ean li\u1ec7u SiC 50kg l\u00e0 m\u1ed9t lo\u1ea1i l\u00f2 nhi\u1ec7t \u0111\u1ed9 cao chuy\u00ean d\u1ee5ng \u0111\u01b0\u1ee3c thi\u1ebft k\u1ebf \u0111\u1ec3 s\u1ea3n xu\u1ea5t nguy\u00ean li\u1ec7u cacbua silic (SiC) c\u00f3 \u0111\u1ed9 tinh khi\u1ebft cao. L\u00e0 m\u1ed9t v\u1eadt li\u1ec7u b\u00e1n d\u1eabn v\u00e0 g\u1ed1m s\u1ee9 quan tr\u1ecdng, SiC \u0111\u01b0\u1ee3c \u1ee9ng d\u1ee5ng r\u1ed9ng r\u00e3i trong<span style=\"font-size: 16px;\">trong l\u0129nh v\u1ef1c \u0111i\u1ec7n t\u1eed c\u00f4ng su\u1ea5t, c\u00e1c thi\u1ebft b\u1ecb ch\u1ecbu nhi\u1ec7t \u0111\u1ed9 cao, v\u1eadt li\u1ec7u ch\u1ed1ng m\u00e0i m\u00f2n v\u00e0 c\u00e1c linh ki\u1ec7n quang h\u1ecdc.<\/span><\/p>\n<p data-start=\"571\" data-end=\"987\">L\u00f2 nung n\u00e0y chuy\u1ec3n h\u00f3a nguy\u00ean li\u1ec7u silicon (Si) v\u00e0 carbon (C) th\u00e0nh SiC th\u00f4ng qua m\u1ed9t ph\u1ea3n \u1ee9ng h\u00f3a h\u1ecdc \u1edf nhi\u1ec7t \u0111\u1ed9 cao \u0111\u01b0\u1ee3c ki\u1ec3m so\u00e1t ch\u1eb7t ch\u1ebd, khi\u1ebfn n\u00f3 tr\u1edf th\u00e0nh m\u1ed9t thi\u1ebft b\u1ecb kh\u00f4ng th\u1ec3 thi\u1ebfu trong chu\u1ed7i s\u1ea3n xu\u1ea5t cacbua silic. Thi\u1ebft k\u1ebf c\u1ee7a l\u00f2 \u0111\u1ea3m b\u1ea3o \u0111\u1ed9 tinh khi\u1ebft cao, ho\u1ea1t \u0111\u1ed9ng \u1ed5n \u0111\u1ecbnh v\u00e0 hi\u1ec7u su\u1ea5t nh\u1ea5t qu\u00e1n, gi\u00fap c\u00e1c nh\u00e0 s\u1ea3n xu\u1ea5t \u0111\u00e1p \u1ee9ng \u0111\u01b0\u1ee3c c\u00e1c y\u00eau c\u1ea7u kh\u1eaft khe c\u1ee7a c\u00e1c \u1ee9ng d\u1ee5ng b\u00e1n d\u1eabn ti\u00ean ti\u1ebfn v\u00e0 g\u1ed1m s\u1ee9 hi\u1ec7u su\u1ea5t cao.<\/p>\n<h2 data-section-id=\"52xoay\" data-start=\"994\" data-end=\"1017\"><span role=\"text\"><strong data-start=\"997\" data-end=\"1015\">Nh\u1eefng \u01b0u \u0111i\u1ec3m n\u1ed5i b\u1eadt<\/strong><\/span><\/h2>\n<ul data-start=\"1018\" data-end=\"1891\">\n<li data-section-id=\"wafd1l\" data-start=\"1018\" data-end=\"1134\"><strong data-start=\"1020\" data-end=\"1050\">Kh\u1ea3 n\u0103ng ch\u1ecbu nhi\u1ec7t \u0111\u1ed9 cao:<\/strong> Cung c\u1ea5p nhi\u1ec7t \u0111\u1ed9 l\u00f2 l\u00ean \u0111\u1ebfn 2400\u00b0C, ph\u00f9 h\u1ee3p \u0111\u1ec3 t\u1ed5ng h\u1ee3p SiC m\u1ed9t c\u00e1ch hi\u1ec7u qu\u1ea3.<\/li>\n<li data-section-id=\"qvgm69\" data-start=\"1135\" data-end=\"1250\"><strong data-start=\"1137\" data-end=\"1160\">\u0110\u1ed9 tinh khi\u1ebft cao:<\/strong> S\u1eed d\u1ee5ng nguy\u00ean li\u1ec7u \u0111\u1ea7u v\u00e0o c\u00f3 \u0111\u1ed9 tinh khi\u1ebft cao v\u00e0 ki\u1ec3m so\u00e1t m\u00f4i tr\u01b0\u1eddng kh\u00ed tr\u01a1 \u0111\u1ec3 s\u1ea3n xu\u1ea5t SiC si\u00eau tinh khi\u1ebft.<\/li>\n<li data-section-id=\"11v9t45\" data-start=\"1251\" data-end=\"1360\"><strong data-start=\"1253\" data-end=\"1276\">Hi\u1ec7u su\u1ea5t \u1ed5n \u0111\u1ecbnh:<\/strong> C\u1ea5u tr\u00fac ch\u1eafc ch\u1eafn \u0111\u1ea3m b\u1ea3o ho\u1ea1t \u0111\u1ed9ng \u1ed5n \u0111\u1ecbnh cho qu\u00e1 tr\u00ecnh s\u1ea3n xu\u1ea5t li\u00ean t\u1ee5c trong th\u1eddi gian d\u00e0i.<\/li>\n<li data-section-id=\"caa80i\" data-start=\"1361\" data-end=\"1457\"><strong data-start=\"1363\" data-end=\"1385\">M\u1ee9c \u0111\u1ed9 \u00f4 nhi\u1ec5m th\u1ea5p:<\/strong> M\u00f4i tr\u01b0\u1eddng tr\u01a1 v\u00e0 v\u1eadt li\u1ec7u s\u1ea1ch gi\u00fap gi\u1ea3m thi\u1ec3u s\u1ef1 x\u00e2m nh\u1eadp c\u1ee7a t\u1ea1p ch\u1ea5t.<\/li>\n<li data-section-id=\"ka169f\" data-start=\"1458\" data-end=\"1599\"><strong data-start=\"1460\" data-end=\"1487\">Kh\u1ea3 n\u0103ng ch\u1ecbu t\u1ea3i l\u1edbn:<\/strong> H\u1ed7 tr\u1ee3 t\u1ea3i tr\u1ecdng nguy\u00ean li\u1ec7u l\u00ean \u0111\u1ebfn 50kg, gi\u00fap n\u00e2ng cao n\u0103ng su\u1ea5t v\u00e0 kh\u1ea3 n\u0103ng t\u01b0\u01a1ng th\u00edch v\u1edbi nhi\u1ec1u lo\u1ea1i l\u00f2 tinh th\u1ec3.<\/li>\n<li data-section-id=\"1afhg2w\" data-start=\"1600\" data-end=\"1765\"><strong data-start=\"1602\" data-end=\"1624\">\u0110i\u1ec1u khi\u1ec3n ch\u00ednh x\u00e1c:<\/strong> H\u1ec7 th\u1ed1ng \u0111i\u1ec1u ch\u1ec9nh nhi\u1ec7t \u0111\u1ed9 v\u00e0 \u00e1p su\u1ea5t ti\u00ean ti\u1ebfn, k\u00e8m theo t\u00ednh n\u0103ng \u0111o nhi\u1ec7t \u0111\u1ed9 k\u00e9p v\u00e0 gi\u00e1m s\u00e1t h\u1ed3ng ngo\u1ea1i (t\u00f9y ch\u1ecdn) nh\u1eb1m t\u1ed1i \u01b0u h\u00f3a quy tr\u00ecnh.<\/li>\n<li data-section-id=\"i89isr\" data-start=\"1766\" data-end=\"1891\"><strong data-start=\"1768\" data-end=\"1795\">C\u1ea5u h\u00ecnh linh ho\u1ea1t:<\/strong> Thi\u1ebft k\u1ebf m\u00f4-\u0111un cho ph\u00e9p l\u1eafp \u0111\u1eb7t song song \u0111\u1ec3 ti\u1ebft ki\u1ec7m kh\u00f4ng gian v\u00e0 t\u1ed1i \u01b0u h\u00f3a hi\u1ec7u su\u1ea5t s\u1eed d\u1ee5ng nh\u00e0 m\u00e1y.<\/li>\n<\/ul>\n<h2 data-section-id=\"10oaxfc\" data-start=\"1898\" data-end=\"1931\"><span role=\"text\"><strong data-start=\"1901\" data-end=\"1929\">Th\u00f4ng s\u1ed1 k\u1ef9 thu\u1eadt<\/strong><\/span><\/h2>\n<div class=\"TyagGW_tableContainer\">\n<div class=\"group TyagGW_tableWrapper flex flex-col-reverse w-fit\" tabindex=\"-1\">\n<table class=\"w-fit min-w-(--thread-content-width)\" data-start=\"1933\" data-end=\"2723\">\n<thead data-start=\"1933\" data-end=\"1960\">\n<tr data-start=\"1933\" data-end=\"1960\">\n<th class=\"\" data-start=\"1933\" data-end=\"1943\" data-col-size=\"sm\">T\u00ednh n\u0103ng<\/th>\n<th class=\"\" data-start=\"1943\" data-end=\"1960\" data-col-size=\"md\">Th\u00f4ng s\u1ed1 k\u1ef9 thu\u1eadt<\/th>\n<\/tr>\n<\/thead>\n<tbody data-start=\"1989\" data-end=\"2723\">\n<tr data-start=\"1989\" data-end=\"2046\">\n<td data-start=\"1989\" data-end=\"2010\" data-col-size=\"sm\">K\u00edch th\u01b0\u1edbc (D\u00e0i \u00d7 R\u1ed9ng \u00d7 Cao)<\/td>\n<td data-col-size=\"md\" data-start=\"2010\" data-end=\"2046\">4000 \u00d7 3400 \u00d7 4300 mm (c\u00f3 th\u1ec3 t\u00f9y ch\u1ec9nh)<\/td>\n<\/tr>\n<tr data-start=\"2047\" data-end=\"2085\">\n<td data-start=\"2047\" data-end=\"2074\" data-col-size=\"sm\">\u0110\u01b0\u1eddng k\u00ednh bu\u1ed3ng l\u00f2<\/td>\n<td data-col-size=\"md\" data-start=\"2074\" data-end=\"2085\">1.100 mm<\/td>\n<\/tr>\n<tr data-start=\"2086\" data-end=\"2114\">\n<td data-start=\"2086\" data-end=\"2105\" data-col-size=\"sm\">T\u1ea3i tr\u1ecdng<\/td>\n<td data-col-size=\"md\" data-start=\"2105\" data-end=\"2114\">50 kg<\/td>\n<\/tr>\n<tr data-start=\"2115\" data-end=\"2183\">\n<td data-start=\"2115\" data-end=\"2133\" data-col-size=\"sm\">M\u00e1y h\u00fat b\u1ee5i t\u1ed1i \u01b0u<\/td>\n<td data-col-size=\"md\" data-start=\"2133\" data-end=\"2183\">10\u207b\u00b2 Pa (2 gi\u1edd sau khi kh\u1edfi \u0111\u1ed9ng b\u01a1m ph\u00e2n t\u1eed)<\/td>\n<\/tr>\n<tr data-start=\"2184\" data-end=\"2244\">\n<td data-start=\"2184\" data-end=\"2213\" data-col-size=\"sm\">T\u1ed1c \u0111\u1ed9 t\u0103ng \u00e1p su\u1ea5t bu\u1ed3ng<\/td>\n<td data-col-size=\"md\" data-start=\"2213\" data-end=\"2244\">\u226410 Pa\/h (sau qu\u00e1 tr\u00ecnh nung)<\/td>\n<\/tr>\n<tr data-start=\"2245\" data-end=\"2285\">\n<td data-start=\"2245\" data-end=\"2274\" data-col-size=\"sm\">H\u00e0nh tr\u00ecnh n\u1eafp l\u00f2 d\u01b0\u1edbi<\/td>\n<td data-col-size=\"md\" data-start=\"2274\" data-end=\"2285\">1.500 mm<\/td>\n<\/tr>\n<tr data-start=\"2286\" data-end=\"2324\">\n<td data-start=\"2286\" data-end=\"2303\" data-col-size=\"sm\">Ph\u01b0\u01a1ng ph\u00e1p s\u01b0\u1edfi \u1ea5m<\/td>\n<td data-start=\"2303\" data-end=\"2324\" data-col-size=\"md\">S\u01b0\u1edfi \u1ea5m c\u1ea3m \u1ee9ng<\/td>\n<\/tr>\n<tr data-start=\"2325\" data-end=\"2357\">\n<td data-start=\"2325\" data-end=\"2347\" data-col-size=\"sm\">Nhi\u1ec7t \u0111\u1ed9 cao nh\u1ea5t<\/td>\n<td data-start=\"2347\" data-end=\"2357\" data-col-size=\"md\">2.400\u00b0C<\/td>\n<\/tr>\n<tr data-start=\"2358\" data-end=\"2392\">\n<td data-start=\"2358\" data-end=\"2381\" data-col-size=\"sm\">Ngu\u1ed3n \u0111i\u1ec7n s\u01b0\u1edfi \u1ea5m<\/td>\n<td data-start=\"2381\" data-end=\"2392\" data-col-size=\"md\">2\u00d740 kW<\/td>\n<\/tr>\n<tr data-start=\"2393\" data-end=\"2454\">\n<td data-start=\"2393\" data-end=\"2419\" data-col-size=\"sm\">\u0110o nhi\u1ec7t \u0111\u1ed9<\/td>\n<td data-col-size=\"md\" data-start=\"2419\" data-end=\"2454\">M\u00e1y \u0111o nhi\u1ec7t \u0111\u1ed9 h\u1ed3ng ngo\u1ea1i hai m\u00e0u<\/td>\n<\/tr>\n<tr data-start=\"2455\" data-end=\"2489\">\n<td data-start=\"2455\" data-end=\"2475\" data-col-size=\"sm\">Ph\u1ea1m vi nhi\u1ec7t \u0111\u1ed9<\/td>\n<td data-col-size=\"md\" data-start=\"2475\" data-end=\"2489\">900\u20133000\u00b0C<\/td>\n<\/tr>\n<tr data-start=\"2490\" data-end=\"2529\">\n<td data-start=\"2490\" data-end=\"2521\" data-col-size=\"sm\">\u0110\u1ed9 ch\u00ednh x\u00e1c c\u1ee7a h\u1ec7 th\u1ed1ng \u0111i\u1ec1u khi\u1ec3n nhi\u1ec7t \u0111\u1ed9<\/td>\n<td data-col-size=\"md\" data-start=\"2521\" data-end=\"2529\">\u00b11\u00b0C<\/td>\n<\/tr>\n<tr data-start=\"2530\" data-end=\"2569\">\n<td data-start=\"2530\" data-end=\"2555\" data-col-size=\"sm\">Ph\u1ea1m vi \u0111i\u1ec1u khi\u1ec3n \u00e1p su\u1ea5t<\/td>\n<td data-col-size=\"md\" data-start=\"2555\" data-end=\"2569\">1\u2013700 mbar<\/td>\n<\/tr>\n<tr data-start=\"2570\" data-end=\"2631\">\n<td data-start=\"2570\" data-end=\"2598\" data-col-size=\"sm\">\u0110\u1ed9 ch\u00ednh x\u00e1c \u0111i\u1ec1u khi\u1ec3n \u00e1p su\u1ea5t<\/td>\n<td data-col-size=\"md\" data-start=\"2598\" data-end=\"2631\">1\u20135 mbar (t\u00f9y thu\u1ed9c v\u00e0o d\u1ea3i \u0111o)<\/td>\n<\/tr>\n<tr data-start=\"2632\" data-end=\"2723\">\n<td data-start=\"2632\" data-end=\"2649\" data-col-size=\"sm\">Ph\u01b0\u01a1ng ph\u00e1p n\u1ea1p<\/td>\n<td data-col-size=\"md\" data-start=\"2649\" data-end=\"2723\">T\u1ea3i h\u00e0ng \u1edf ph\u00eda d\u01b0\u1edbi; c\u00f3 th\u1ec3 t\u00f9y ch\u1ecdn s\u1eed d\u1ee5ng xe n\u00e2ng \u0111\u1ec3 d\u1ee1 h\u00e0ng v\u00e0 hai \u0111i\u1ec3m nhi\u1ec7t \u0111\u1ed9<\/td>\n<\/tr>\n<\/tbody>\n<\/table>\n<\/div>\n<\/div>\n<h2 data-section-id=\"13tlhcf\" data-start=\"2730\" data-end=\"2756\"><span role=\"text\"><strong data-start=\"2733\" data-end=\"2754\">\u01afu \u0111i\u1ec3m v\u1ec1 thi\u1ebft k\u1ebf<\/strong><\/span><\/h2>\n<ol data-start=\"2757\" data-end=\"3517\">\n<li data-section-id=\"7ymlfh\" data-start=\"2757\" data-end=\"2882\">Kh\u1ea3 n\u0103ng n\u1ea1p nguy\u00ean li\u1ec7u c\u00f4ng su\u1ea5t l\u1edbn cho ph\u00e9p m\u1ed9t l\u00f2 duy nh\u1ea5t cung c\u1ea5p nguy\u00ean li\u1ec7u cho nhi\u1ec1u l\u00f2 tinh th\u1ec3 d\u00e0i, t\u1eeb \u0111\u00f3 n\u00e2ng cao hi\u1ec7u qu\u1ea3 s\u1ea3n xu\u1ea5t.<\/li>\n<li data-section-id=\"y3ubiu\" data-start=\"2883\" data-end=\"2982\">H\u1ec7 th\u1ed1ng c\u1ea5p ngu\u1ed3n k\u00e9p v\u1edbi t\u1ea7n s\u1ed1 gi\u1ed1ng nhau \u0111\u1ea3m b\u1ea3o ki\u1ec3m so\u00e1t ch\u00ednh x\u00e1c \u0111\u1ed9 d\u1ed1c nhi\u1ec7t theo tr\u1ee5c.<\/li>\n<li data-section-id=\"7q7579\" data-start=\"2983\" data-end=\"3103\">Vi\u1ec7c \u0111o nhi\u1ec7t \u0111\u1ed9 b\u1eb1ng h\u1ed3ng ngo\u1ea1i \u1edf ph\u00eda tr\u00ean v\u00e0 ph\u00eda d\u01b0\u1edbi gi\u00fap theo d\u00f5i nhi\u1ec7t \u0111\u1ed9 theo th\u1eddi gian th\u1ef1c v\u00e0 kh\u1eafc ph\u1ee5c s\u1ef1 c\u1ed1 trong qu\u00e1 tr\u00ecnh s\u1ea3n xu\u1ea5t.<\/li>\n<li data-section-id=\"3k74b3\" data-start=\"3104\" data-end=\"3219\">\u0110\u1ed9 ch\u00ednh x\u00e1c cao trong vi\u1ec7c ki\u1ec3m so\u00e1t ch\u00e2n kh\u00f4ng, \u00e1p su\u1ea5t v\u00e0 nhi\u1ec7t \u0111\u1ed9 \u0111\u1ea3m b\u1ea3o qu\u00e1 tr\u00ecnh t\u1ed5ng h\u1ee3p nguy\u00ean li\u1ec7u SiC si\u00eau tinh khi\u1ebft.<\/li>\n<li data-section-id=\"1voekay\" data-start=\"3220\" data-end=\"3316\">H\u1ec7 th\u1ed1ng b\u1ed1c d\u1ee1 an to\u00e0n v\u00e0 \u0111\u00e1ng tin c\u1eady, c\u00f3 th\u1ec3 \u0111\u01b0\u1ee3c trang b\u1ecb th\u00eam xe n\u00e2ng h\u1ea1 h\u00e0ng.<\/li>\n<li data-section-id=\"p45f8k\" data-start=\"3317\" data-end=\"3417\">Van b\u01b0\u1edbm v\u00e0 b\u1ed9 \u0111i\u1ec1u khi\u1ec3n l\u01b0u l\u01b0\u1ee3ng kh\u1ed1i c\u00f3 \u0111\u1ed9 ch\u00ednh x\u00e1c cao gi\u00fap duy tr\u00ec m\u00f4i tr\u01b0\u1eddng qu\u00e1 tr\u00ecnh \u1ed5n \u0111\u1ecbnh.<\/li>\n<li data-section-id=\"4p07o1\" data-start=\"3418\" data-end=\"3517\">Thi\u1ebft k\u1ebf m\u00f4-\u0111un cho ph\u00e9p b\u1ed1 tr\u00ed song song, gi\u00fap t\u1ed1i \u01b0u h\u00f3a di\u1ec7n t\u00edch s\u00e0n v\u00e0 hi\u1ec7u qu\u1ea3 s\u1eed d\u1ee5ng nh\u00e0 m\u00e1y.<\/li>\n<\/ol>\n<p><img decoding=\"async\" class=\"wp-image-1991 size-full aligncenter\" src=\"https:\/\/www.zmsh-semitech.com\/wp-content\/uploads\/2026\/03\/Sic-raw-material-synthesis-furnace6.png\" alt=\"\" width=\"680\" height=\"352\" srcset=\"https:\/\/www.zmsh-semitech.com\/wp-content\/uploads\/2026\/03\/Sic-raw-material-synthesis-furnace6.png 680w, https:\/\/www.zmsh-semitech.com\/wp-content\/uploads\/2026\/03\/Sic-raw-material-synthesis-furnace6-300x155.png 300w, https:\/\/www.zmsh-semitech.com\/wp-content\/uploads\/2026\/03\/Sic-raw-material-synthesis-furnace6-18x9.png 18w, https:\/\/www.zmsh-semitech.com\/wp-content\/uploads\/2026\/03\/Sic-raw-material-synthesis-furnace6-600x311.png 600w\" sizes=\"(max-width: 680px) 100vw, 680px\" \/><\/p>\n<h2 data-section-id=\"1imsgo3\" data-start=\"3524\" data-end=\"3558\"><span role=\"text\"><strong data-start=\"3527\" data-end=\"3556\">\u1ee8ng d\u1ee5ng v\u00e0 L\u1ee3i \u00edch<\/strong><\/span><\/h2>\n<p data-start=\"3559\" data-end=\"3737\">L\u00f2 t\u1ed5ng h\u1ee3p nguy\u00ean li\u1ec7u SiC s\u1ea3n xu\u1ea5t hi\u1ec7u qu\u1ea3 cacbua silic c\u00f3 \u0111\u1ed9 tinh khi\u1ebft cao, \u0111\u1ea1t \u0111\u1ed9 tinh khi\u1ebft 99,9991% ho\u1eb7c cao h\u01a1n. Nguy\u00ean li\u1ec7u SiC t\u1ed5ng h\u1ee3p n\u00e0y r\u1ea5t l\u00fd t\u01b0\u1edfng cho:<\/p>\n<ul data-start=\"3738\" data-end=\"4228\">\n<li data-section-id=\"1fodfy7\" data-start=\"3738\" data-end=\"3850\"><strong data-start=\"3740\" data-end=\"3766\">Ph\u01b0\u01a1ng ph\u00e1p nu\u00f4i c\u1ea5y tinh th\u1ec3 \u0111\u01a1n:<\/strong> S\u1ea3n xu\u1ea5t c\u00e1c tinh th\u1ec3 SiC ch\u1ea5t l\u01b0\u1ee3ng cao d\u00f9ng cho c\u00e1c thi\u1ebft b\u1ecb \u0111i\u1ec7n nh\u01b0 MOSFET v\u00e0 \u0111i\u1ed1t.<\/li>\n<li data-section-id=\"be6ua8\" data-start=\"3851\" data-end=\"3955\"><strong data-start=\"3853\" data-end=\"3875\">\u0110i\u1ec7n t\u1eed c\u00f4ng su\u1ea5t:<\/strong> Cung c\u1ea5p kh\u1ea3 n\u0103ng ho\u1ea1t \u0111\u1ed9ng \u1edf \u0111i\u1ec7n \u00e1p cao, t\u1ed5n th\u1ea5t th\u1ea5p v\u00e0 t\u1ea7n s\u1ed1 cao cho c\u00e1c thi\u1ebft b\u1ecb.<\/li>\n<li data-section-id=\"2a320o\" data-start=\"3956\" data-end=\"4083\"><strong data-start=\"3958\" data-end=\"3994\">Ng\u00e0nh \u00f4 t\u00f4 v\u00e0 n\u0103ng l\u01b0\u1ee3ng t\u00e1i t\u1ea1o:<\/strong> N\u00e2ng cao hi\u1ec7u su\u1ea5t cho xe \u0111i\u1ec7n, b\u1ed9 bi\u1ebfn t\u1ea7n n\u0103ng l\u01b0\u1ee3ng m\u1eb7t tr\u1eddi v\u00e0 c\u00e1c \u1ee9ng d\u1ee5ng hi\u1ec7u su\u1ea5t cao kh\u00e1c.<\/li>\n<li data-section-id=\"1kgacmz\" data-start=\"4084\" data-end=\"4228\"><strong data-start=\"4086\" data-end=\"4128\">G\u1ed1m s\u1ee9 ti\u00ean ti\u1ebfn v\u00e0 thi\u1ebft b\u1ecb quang h\u1ecdc:<\/strong> M\u1edf r\u1ed9ng \u1ee9ng d\u1ee5ng c\u1ee7a SiC ra ngo\u00e0i l\u0129nh v\u1ef1c b\u00e1n d\u1eabn sang l\u0129nh v\u1ef1c g\u1ed1m c\u00f4ng nghi\u1ec7p v\u00e0 linh ki\u1ec7n quang h\u1ecdc.<\/li>\n<\/ul>\n<h2 data-section-id=\"tdegxz\" data-start=\"4235\" data-end=\"4257\"><span role=\"text\"><strong data-start=\"4238\" data-end=\"4255\">D\u1ecbch v\u1ee5 ZMSH<\/strong><\/span><\/h2>\n<p data-start=\"4258\" data-end=\"4725\">ZMSH cung c\u1ea5p d\u1ecbch v\u1ee5 h\u1ed7 tr\u1ee3 quy tr\u00ecnh to\u00e0n di\u1ec7n, t\u1eeb thi\u1ebft k\u1ebf v\u00e0 s\u1ea3n xu\u1ea5t l\u00f2 nung \u0111\u1ebfn d\u1ecbch v\u1ee5 h\u1eadu m\u00e3i. D\u1ecbch v\u1ee5 n\u00e0y bao g\u1ed3m t\u00f9y ch\u1ec9nh thi\u1ebft b\u1ecb, t\u1ed1i \u01b0u h\u00f3a quy tr\u00ecnh v\u00e0 \u0111\u00e0o t\u1ea1o k\u1ef9 thu\u1eadt. V\u1edbi c\u00f4ng ngh\u1ec7 ti\u00ean ti\u1ebfn v\u00e0 kinh nghi\u1ec7m d\u00e0y d\u1eb7n trong ng\u00e0nh, ZMSH \u0111\u1ea3m b\u1ea3o hi\u1ec7u su\u1ea5t cao, v\u1eadn h\u00e0nh \u1ed5n \u0111\u1ecbnh v\u1edbi m\u1ee9c ti\u00eau th\u1ee5 n\u0103ng l\u01b0\u1ee3ng th\u1ea5p, \u0111\u1ed3ng th\u1eddi cung c\u1ea5p d\u1ecbch v\u1ee5 h\u1ed7 tr\u1ee3 k\u1ef9 thu\u1eadt nhanh ch\u00f3ng, 24\/7 \u0111\u1ec3 gi\u00fap kh\u00e1ch h\u00e0ng \u0111\u1ea1t \u0111\u01b0\u1ee3c s\u1ea3n xu\u1ea5t quy m\u00f4 l\u1edbn nguy\u00ean li\u1ec7u cacbua silic c\u00f3 \u0111\u1ed9 tinh khi\u1ebft cao.<\/p>\n<h2 data-section-id=\"1uqg4yw\" data-start=\"4732\" data-end=\"4773\"><span role=\"text\"><strong data-start=\"4735\" data-end=\"4771\">C\u00e2u h\u1ecfi th\u01b0\u1eddng g\u1eb7p (FAQ)<\/strong><\/span><\/h2>\n<p data-start=\"4774\" data-end=\"5024\"><strong data-start=\"4774\" data-end=\"4842\">C\u00e2u h\u1ecfi 1: M\u1ee5c \u0111\u00edch c\u1ee7a l\u00f2 t\u1ed5ng h\u1ee3p nguy\u00ean li\u1ec7u th\u00f4 SiC l\u00e0 g\u00ec?<\/strong><br data-start=\"4842\" data-end=\"4845\" \/>A: N\u00f3 \u0111\u01b0\u1ee3c s\u1eed d\u1ee5ng \u0111\u1ec3 s\u1ea3n xu\u1ea5t nguy\u00ean li\u1ec7u cacbua silic (SiC) c\u00f3 \u0111\u1ed9 tinh khi\u1ebft cao th\u00f4ng qua c\u00e1c ph\u1ea3n \u1ee9ng h\u00f3a h\u1ecdc \u1edf nhi\u1ec7t \u0111\u1ed9 cao, m\u1ed9t th\u00e0nh ph\u1ea7n thi\u1ebft y\u1ebfu cho c\u00e1c ch\u1ea5t b\u00e1n d\u1eabn, g\u1ed1m s\u1ee9 v\u00e0 c\u00e1c linh ki\u1ec7n quang h\u1ecdc.<\/p>\n<p data-start=\"5026\" data-end=\"5265\"><strong data-start=\"5026\" data-end=\"5104\">C\u00e2u h\u1ecfi 2: T\u1ea1i sao l\u00f2 t\u1ed5ng h\u1ee3p SiC l\u1ea1i quan tr\u1ecdng \u0111\u1ed1i v\u1edbi s\u1ea3n xu\u1ea5t ch\u1ea5t b\u00e1n d\u1eabn?<\/strong><br data-start=\"5104\" data-end=\"5107\" \/>A: C\u00f4ng ngh\u1ec7 n\u00e0y cho ph\u00e9p s\u1ea3n xu\u1ea5t SiC si\u00eau tinh khi\u1ebft, m\u1ed9t y\u1ebfu t\u1ed1 quan tr\u1ecdng \u0111\u1ec3 nu\u00f4i c\u1ea5y c\u00e1c tinh th\u1ec3 SiC ch\u1ea5t l\u01b0\u1ee3ng cao \u0111\u01b0\u1ee3c s\u1eed d\u1ee5ng trong \u0111i\u1ec7n t\u1eed c\u00f4ng su\u1ea5t v\u00e0 c\u00e1c thi\u1ebft b\u1ecb t\u1ea7n s\u1ed1 cao.<\/p>\n<p data-start=\"5267\" data-end=\"5449\"><strong data-start=\"5267\" data-end=\"5327\">C\u00e2u h\u1ecfi 3: C\u00f4ng su\u1ea5t t\u1ea3i t\u1ed1i \u0111a c\u1ee7a l\u00f2 l\u00e0 bao nhi\u00eau?<\/strong><br data-start=\"5327\" data-end=\"5330\" \/>A: Kh\u1ea3 n\u0103ng ch\u1ecbu t\u1ea3i ti\u00eau chu\u1ea9n l\u00e0 50 kg, cho ph\u00e9p s\u1ea3n xu\u1ea5t quy m\u00f4 l\u1edbn v\u00e0 c\u1ea5p nguy\u00ean li\u1ec7u cho nhi\u1ec1u l\u00f2 tinh th\u1ec3.<\/p>\n<p data-start=\"5451\" data-end=\"5708\"><strong data-start=\"5451\" data-end=\"5526\">C\u00e2u h\u1ecfi 4: \u0110\u1ed9 ch\u00ednh x\u00e1c c\u1ee7a h\u1ec7 th\u1ed1ng \u0111i\u1ec1u khi\u1ec3n nhi\u1ec7t \u0111\u1ed9 v\u00e0 \u00e1p su\u1ea5t c\u1ee7a l\u00f2 l\u00e0 bao nhi\u00eau?<\/strong><br data-start=\"5526\" data-end=\"5529\" \/>A: \u0110\u1ed9 ch\u00ednh x\u00e1c \u0111i\u1ec1u khi\u1ec3n nhi\u1ec7t \u0111\u1ed9 l\u00e0 \u00b11\u00b0C. \u0110\u1ed9 ch\u00ednh x\u00e1c \u0111i\u1ec1u khi\u1ec3n \u00e1p su\u1ea5t dao \u0111\u1ed9ng t\u1eeb \u00b10,1 mbar \u0111\u1ebfn \u00b10,5 mbar t\u00f9y thu\u1ed9c v\u00e0o d\u1ea3i \u00e1p su\u1ea5t, \u0111\u1ea3m b\u1ea3o qu\u00e1 tr\u00ecnh t\u1ed5ng h\u1ee3p SiC c\u00f3 \u0111\u1ed9 tinh khi\u1ebft cao di\u1ec5n ra \u1ed5n \u0111\u1ecbnh.<\/p>","protected":false},"excerpt":{"rendered":"<p>L\u00f2 t\u1ed5ng h\u1ee3p nguy\u00ean li\u1ec7u SiC c\u00f4ng su\u1ea5t 50kg l\u00e0 m\u1ed9t lo\u1ea1i l\u00f2 nhi\u1ec7t \u0111\u1ed9 cao chuy\u00ean d\u1ee5ng \u0111\u01b0\u1ee3c thi\u1ebft k\u1ebf \u0111\u1ec3 s\u1ea3n xu\u1ea5t nguy\u00ean li\u1ec7u cacbua silic (SiC) c\u00f3 \u0111\u1ed9 tinh khi\u1ebft cao. L\u00e0 m\u1ed9t v\u1eadt li\u1ec7u b\u00e1n d\u1eabn v\u00e0 g\u1ed1m s\u1ee9 quan tr\u1ecdng, SiC \u0111\u01b0\u1ee3c \u1ee9ng d\u1ee5ng r\u1ed9ng r\u00e3i trong l\u0129nh v\u1ef1c \u0111i\u1ec7n t\u1eed c\u00f4ng su\u1ea5t, c\u00e1c thi\u1ebft b\u1ecb ch\u1ecbu nhi\u1ec7t \u0111\u1ed9 cao, v\u1eadt li\u1ec7u ch\u1ed1ng m\u00e0i m\u00f2n v\u00e0 c\u00e1c linh ki\u1ec7n quang h\u1ecdc.<\/p>","protected":false},"featured_media":1984,"comment_status":"open","ping_status":"closed","template":"","meta":{"site-sidebar-layout":"default","site-content-layout":"","ast-site-content-layout":"default","site-content-style":"default","site-sidebar-style":"default","ast-global-header-display":"","ast-banner-title-visibility":"","ast-main-header-display":"","ast-hfb-above-header-display":"","ast-hfb-below-header-display":"","ast-hfb-mobile-header-display":"","site-post-title":"","ast-breadcrumbs-content":"","ast-featured-img":"","footer-sml-layout":"","ast-disable-related-posts":"","theme-transparent-header-meta":"default","adv-header-id-meta":"","stick-header-meta":"default","header-above-stick-meta":"","header-main-stick-meta":"","header-below-stick-meta":"","astra-migrate-meta-layouts":"set","ast-page-background-enabled":"default","ast-page-background-meta":{"desktop":{"background-color":"var(--ast-global-color-4)","background-image":"","background-repeat":"repeat","background-position":"center center","background-size":"auto","background-attachment":"scroll","background-type":"","background-media":"","overlay-type":"","overlay-color":"","overlay-opacity":"","overlay-gradient":""},"tablet":{"background-color":"","background-image":"","background-repeat":"repeat","background-position":"center center","background-size":"auto","background-attachment":"scroll","background-type":"","background-media":"","overlay-type":"","overlay-color":"","overlay-opacity":"","overlay-gradient":""},"mobile":{"background-color":"","background-image":"","background-repeat":"repeat","background-position":"center center","background-size":"auto","background-attachment":"scroll","background-type":"","background-media":"","overlay-type":"","overlay-color":"","overlay-opacity":"","overlay-gradient":""}},"ast-content-background-meta":{"desktop":{"background-color":"var(--ast-global-color-5)","background-image":"","background-repeat":"repeat","background-position":"center center","background-size":"auto","background-attachment":"scroll","background-type":"","background-media":"","overlay-type":"","overlay-color":"","overlay-opacity":"","overlay-gradient":""},"tablet":{"background-color":"var(--ast-global-color-5)","background-image":"","background-repeat":"repeat","background-position":"center center","background-size":"auto","background-attachment":"scroll","background-type":"","background-media":"","overlay-type":"","overlay-color":"","overlay-opacity":"","overlay-gradient":""},"mobile":{"background-color":"var(--ast-global-color-5)","background-image":"","background-repeat":"repeat","background-position":"center center","background-size":"auto","background-attachment":"scroll","background-type":"","background-media":"","overlay-type":"","overlay-color":"","overlay-opacity":"","overlay-gradient":""}}},"product_brand":[],"product_cat":[15],"product_tag":[489,504,506,492,496,500,499,505,498,495,507,494,493,501,490,503,491,486,502,497,508],"class_list":{"0":"post-1981","1":"product","2":"type-product","3":"status-publish","4":"has-post-thumbnail","6":"product_cat-crystal-growth-furnace","7":"product_tag-50kg-sic-raw-material-synthesis-furnace","8":"product_tag-crystal-growth","9":"product_tag-furnace-automation","10":"product_tag-high-purity-sic","11":"product_tag-high-temperature-devices","12":"product_tag-high-temperature-furnace","13":"product_tag-induction-heating-furnace","14":"product_tag-industrial-sic-production","15":"product_tag-optical-devices","16":"product_tag-power-electronics","17":"product_tag-pressure-control","18":"product_tag-semiconductor-materials","19":"product_tag-sic-crystal-preparation","20":"product_tag-sic-powder-production","21":"product_tag-sic-raw-material-furnace","22":"product_tag-sic-single-crystal","23":"product_tag-silicon-carbide-synthesis-furnace","24":"product_tag-temperature-control","25":"product_tag-ultra-pure-sic","26":"product_tag-wear-resistant-materials","27":"product_tag-zmsh-equipment","28":"desktop-align-left","29":"tablet-align-left","30":"mobile-align-left","31":"ast-product-gallery-layout-horizontal-slider","32":"ast-product-tabs-layout-horizontal","34":"first","35":"instock","36":"shipping-taxable","37":"product-type-simple"},"_links":{"self":[{"href":"https:\/\/www.zmsh-semitech.com\/vi\/wp-json\/wp\/v2\/product\/1981","targetHints":{"allow":["GET"]}}],"collection":[{"href":"https:\/\/www.zmsh-semitech.com\/vi\/wp-json\/wp\/v2\/product"}],"about":[{"href":"https:\/\/www.zmsh-semitech.com\/vi\/wp-json\/wp\/v2\/types\/product"}],"replies":[{"embeddable":true,"href":"https:\/\/www.zmsh-semitech.com\/vi\/wp-json\/wp\/v2\/comments?post=1981"}],"version-history":[{"count":3,"href":"https:\/\/www.zmsh-semitech.com\/vi\/wp-json\/wp\/v2\/product\/1981\/revisions"}],"predecessor-version":[{"id":1992,"href":"https:\/\/www.zmsh-semitech.com\/vi\/wp-json\/wp\/v2\/product\/1981\/revisions\/1992"}],"wp:featuredmedia":[{"embeddable":true,"href":"https:\/\/www.zmsh-semitech.com\/vi\/wp-json\/wp\/v2\/media\/1984"}],"wp:attachment":[{"href":"https:\/\/www.zmsh-semitech.com\/vi\/wp-json\/wp\/v2\/media?parent=1981"}],"wp:term":[{"taxonomy":"product_brand","embeddable":true,"href":"https:\/\/www.zmsh-semitech.com\/vi\/wp-json\/wp\/v2\/product_brand?post=1981"},{"taxonomy":"product_cat","embeddable":true,"href":"https:\/\/www.zmsh-semitech.com\/vi\/wp-json\/wp\/v2\/product_cat?post=1981"},{"taxonomy":"product_tag","embeddable":true,"href":"https:\/\/www.zmsh-semitech.com\/vi\/wp-json\/wp\/v2\/product_tag?post=1981"}],"curies":[{"name":"wp","href":"https:\/\/api.w.org\/{rel}","templated":true}]}}