{"id":1958,"date":"2026-03-17T07:34:59","date_gmt":"2026-03-17T07:34:59","guid":{"rendered":"https:\/\/www.zmsh-semitech.com\/?post_type=product&#038;p=1958"},"modified":"2026-03-20T07:40:41","modified_gmt":"2026-03-20T07:40:41","slug":"sic-growth-furnace-pvt-method-for-6-12-inch-silicon-carbide-crystal-production","status":"publish","type":"product","link":"https:\/\/www.zmsh-semitech.com\/vi\/product\/sic-growth-furnace-pvt-method-for-6-12-inch-silicon-carbide-crystal-production\/","title":{"rendered":"L\u00f2 nu\u00f4i c\u1ea5y SiC (ph\u01b0\u01a1ng ph\u00e1p PVT) \u0111\u1ec3 s\u1ea3n xu\u1ea5t tinh th\u1ec3 cacbua silic k\u00edch th\u01b0\u1edbc 6\u201312 inch"},"content":{"rendered":"<p data-start=\"202\" data-end=\"374\"><img fetchpriority=\"high\" decoding=\"async\" class=\"size-medium wp-image-1960 alignleft\" src=\"https:\/\/www.zmsh-semitech.com\/wp-content\/uploads\/2026\/03\/sic_growth_furnace_pvt_method_6inch_8inch_12_inch_low_energy_consumption1-300x300.webp\" alt=\"\" width=\"300\" height=\"300\" srcset=\"https:\/\/www.zmsh-semitech.com\/wp-content\/uploads\/2026\/03\/sic_growth_furnace_pvt_method_6inch_8inch_12_inch_low_energy_consumption1-300x300.webp 300w, https:\/\/www.zmsh-semitech.com\/wp-content\/uploads\/2026\/03\/sic_growth_furnace_pvt_method_6inch_8inch_12_inch_low_energy_consumption1-150x150.webp 150w, https:\/\/www.zmsh-semitech.com\/wp-content\/uploads\/2026\/03\/sic_growth_furnace_pvt_method_6inch_8inch_12_inch_low_energy_consumption1-12x12.webp 12w, https:\/\/www.zmsh-semitech.com\/wp-content\/uploads\/2026\/03\/sic_growth_furnace_pvt_method_6inch_8inch_12_inch_low_energy_consumption1-600x600.webp 600w, https:\/\/www.zmsh-semitech.com\/wp-content\/uploads\/2026\/03\/sic_growth_furnace_pvt_method_6inch_8inch_12_inch_low_energy_consumption1-100x100.webp 100w, https:\/\/www.zmsh-semitech.com\/wp-content\/uploads\/2026\/03\/sic_growth_furnace_pvt_method_6inch_8inch_12_inch_low_energy_consumption1.webp 750w\" sizes=\"(max-width: 300px) 100vw, 300px\" \/>L\u00f2 nu\u00f4i c\u1ea5y SiC (ph\u01b0\u01a1ng ph\u00e1p PVT) l\u00e0 m\u1ed9t h\u1ec7 th\u1ed1ng hi\u1ec7u su\u1ea5t cao \u0111\u01b0\u1ee3c thi\u1ebft k\u1ebf \u0111\u1ec3 s\u1ea3n xu\u1ea5t c\u00e1c tinh th\u1ec3 \u0111\u01a1n silicon carbide (SiC) c\u00f3 k\u00edch th\u01b0\u1edbc 6 inch, 8 inch v\u00e0 12 inch.<\/p>\n<p data-start=\"376\" data-end=\"589\">S\u1eed d\u1ee5ng c\u00f4ng ngh\u1ec7 gia nhi\u1ec7t c\u1ea3m \u1ee9ng ti\u00ean ti\u1ebfn, l\u00f2 nung n\u00e0y mang l\u1ea1i kh\u1ea3 n\u0103ng gia nhi\u1ec7t nhanh, ki\u1ec3m so\u00e1t nhi\u1ec7t \u0111\u1ed9 ch\u00ednh x\u00e1c v\u00e0 ti\u00eau th\u1ee5 n\u0103ng l\u01b0\u1ee3ng th\u1ea5p, khi\u1ebfn n\u00f3 tr\u1edf th\u00e0nh gi\u1ea3i ph\u00e1p l\u00fd t\u01b0\u1edfng cho qu\u00e1 tr\u00ecnh nu\u00f4i c\u1ea5y tinh th\u1ec3 SiC quy m\u00f4 c\u00f4ng nghi\u1ec7p.<\/p>\n<p data-start=\"591\" data-end=\"734\">N\u00f3 \u0111\u01b0\u1ee3c s\u1eed d\u1ee5ng r\u1ed9ng r\u00e3i trong s\u1ea3n xu\u1ea5t c\u00e1c t\u1ea5m n\u1ec1n SiC cho \u0111i\u1ec7n t\u1eed c\u00f4ng su\u1ea5t, thi\u1ebft b\u1ecb t\u1ea7n s\u1ed1 v\u00f4 tuy\u1ebfn (RF) v\u00e0 c\u00e1c \u1ee9ng d\u1ee5ng b\u00e1n d\u1eabn th\u1ebf h\u1ec7 m\u1edbi.<\/p>\n<h2 data-section-id=\"1j5qwet\" data-start=\"741\" data-end=\"760\"><span role=\"text\">C\u00e1c t\u00ednh n\u0103ng ch\u00ednh<\/span><\/h2>\n<ul data-start=\"762\" data-end=\"1326\">\n<li data-section-id=\"ogs6zi\" data-start=\"762\" data-end=\"901\">\n<p data-start=\"764\" data-end=\"901\">H\u1ec7 th\u1ed1ng gia nhi\u1ec7t c\u1ea3m \u1ee9ng<br data-start=\"792\" data-end=\"795\" \/>Ph\u01b0\u01a1ng ph\u00e1p gia nhi\u1ec7t \u0111i\u1ec7n t\u1eeb tr\u1ef1c ti\u1ebfp cho n\u1ed3i nung than ch\u00ec \u0111\u1ea3m b\u1ea3o hi\u1ec7u su\u1ea5t cao v\u00e0 ph\u1ea3n \u1ee9ng nhi\u1ec7t nhanh ch\u00f3ng<\/p>\n<\/li>\n<li data-section-id=\"z07p8\" data-start=\"903\" data-end=\"1015\">\n<p data-start=\"905\" data-end=\"1015\">Ki\u1ec3m so\u00e1t nhi\u1ec7t \u0111\u1ed9 si\u00eau ch\u00ednh x\u00e1c<br data-start=\"942\" data-end=\"945\" \/>\u0110\u1ed9 ch\u00ednh x\u00e1c l\u00ean \u0111\u1ebfn \u00b11\u00b0C, \u0111\u1ea3m b\u1ea3o \u0111i\u1ec1u ki\u1ec7n ph\u00e1t tri\u1ec3n tinh th\u1ec3 \u1ed5n \u0111\u1ecbnh<\/p>\n<\/li>\n<li data-section-id=\"zdj5hp\" data-start=\"1017\" data-end=\"1115\">\n<p data-start=\"1019\" data-end=\"1115\">Ti\u00eau th\u1ee5 n\u0103ng l\u01b0\u1ee3ng th\u1ea5p<br data-start=\"1045\" data-end=\"1048\" \/>Thi\u1ebft k\u1ebf nhi\u1ec7t \u0111\u01b0\u1ee3c t\u1ed1i \u01b0u h\u00f3a gi\u00fap gi\u1ea3m \u0111\u00e1ng k\u1ec3 chi ph\u00ed v\u1eadn h\u00e0nh<\/p>\n<\/li>\n<li data-section-id=\"bvht84\" data-start=\"1117\" data-end=\"1228\">\n<p data-start=\"1119\" data-end=\"1228\">\u0110\u1ed9 \u1ed5n \u0111\u1ecbnh cao &amp; M\u1ee9c \u0111\u1ed9 nhi\u1ec5m b\u1ea9n th\u1ea5p<br data-start=\"1157\" data-end=\"1160\" \/>S\u01b0\u1edfi \u1ea5m kh\u00f4ng ti\u1ebfp x\u00fac k\u1ebft h\u1ee3p v\u1edbi m\u00f4i tr\u01b0\u1eddng kh\u00ed tr\u01a1 gi\u00fap gi\u1ea3m thi\u1ec3u t\u1ea1p ch\u1ea5t<\/p>\n<\/li>\n<li data-section-id=\"zzzuyf\" data-start=\"1230\" data-end=\"1326\">\n<p data-start=\"1232\" data-end=\"1326\">C\u00f3 kh\u1ea3 n\u0103ng m\u1edf r\u1ed9ng cho c\u00e1c tinh th\u1ec3 c\u00f3 \u0111\u01b0\u1eddng k\u00ednh l\u1edbn<br data-start=\"1272\" data-end=\"1275\" \/>H\u1ed7 tr\u1ee3 qu\u00e1 tr\u00ecnh ph\u00e1t tri\u1ec3n tinh th\u1ec3 SiC k\u00edch th\u01b0\u1edbc 6\u2033, 8\u2033 v\u00e0 12\u2033<\/p>\n<\/li>\n<\/ul>\n<h2 data-section-id=\"id1bjs\" data-start=\"1333\" data-end=\"1364\"><span role=\"text\">Th\u00f4ng s\u1ed1 k\u1ef9 thu\u1eadt<\/span><\/h2>\n<div class=\"TyagGW_tableContainer\">\n<div class=\"group TyagGW_tableWrapper flex flex-col-reverse w-fit\" tabindex=\"-1\">\n<table class=\"w-fit min-w-(--thread-content-width)\" data-start=\"1366\" data-end=\"1845\">\n<thead data-start=\"1366\" data-end=\"1395\">\n<tr data-start=\"1366\" data-end=\"1395\">\n<th class=\"\" data-start=\"1366\" data-end=\"1378\" data-col-size=\"sm\">Tham s\u1ed1<\/th>\n<th class=\"\" data-start=\"1378\" data-end=\"1395\" data-col-size=\"sm\">Th\u00f4ng s\u1ed1 k\u1ef9 thu\u1eadt<\/th>\n<\/tr>\n<\/thead>\n<tbody data-start=\"1423\" data-end=\"1845\">\n<tr data-start=\"1423\" data-end=\"1484\">\n<td data-start=\"1423\" data-end=\"1444\" data-col-size=\"sm\">K\u00edch th\u01b0\u1edbc (D\u00e0i \u00d7 R\u1ed9ng \u00d7 Cao)<\/td>\n<td data-col-size=\"sm\" data-start=\"1444\" data-end=\"1484\">3200 \u00d7 1150 \u00d7 3600 mm (c\u00f3 th\u1ec3 t\u00f9y ch\u1ec9nh)<\/td>\n<\/tr>\n<tr data-start=\"1485\" data-end=\"1522\">\n<td data-start=\"1485\" data-end=\"1512\" data-col-size=\"sm\">\u0110\u01b0\u1eddng k\u00ednh bu\u1ed3ng l\u00f2<\/td>\n<td data-col-size=\"sm\" data-start=\"1512\" data-end=\"1522\">400 mm<\/td>\n<\/tr>\n<tr data-start=\"1523\" data-end=\"1555\">\n<td data-start=\"1523\" data-end=\"1545\" data-col-size=\"sm\">Nhi\u1ec7t \u0111\u1ed9 cao nh\u1ea5t<\/td>\n<td data-col-size=\"sm\" data-start=\"1545\" data-end=\"1555\">2.400\u00b0C<\/td>\n<\/tr>\n<tr data-start=\"1556\" data-end=\"1590\">\n<td data-start=\"1556\" data-end=\"1576\" data-col-size=\"sm\">Ph\u1ea1m vi nhi\u1ec7t \u0111\u1ed9<\/td>\n<td data-col-size=\"sm\" data-start=\"1576\" data-end=\"1590\">900\u20133000\u00b0C<\/td>\n<\/tr>\n<tr data-start=\"1591\" data-end=\"1622\">\n<td data-start=\"1591\" data-end=\"1614\" data-col-size=\"sm\">\u0110\u1ed9 ch\u00ednh x\u00e1c nhi\u1ec7t \u0111\u1ed9<\/td>\n<td data-col-size=\"sm\" data-start=\"1614\" data-end=\"1622\">\u00b11\u00b0C<\/td>\n<\/tr>\n<tr data-start=\"1623\" data-end=\"1661\">\n<td data-start=\"1623\" data-end=\"1640\" data-col-size=\"sm\">Ph\u01b0\u01a1ng ph\u00e1p s\u01b0\u1edfi \u1ea5m<\/td>\n<td data-col-size=\"sm\" data-start=\"1640\" data-end=\"1661\">S\u01b0\u1edfi \u1ea5m c\u1ea3m \u1ee9ng<\/td>\n<\/tr>\n<tr data-start=\"1662\" data-end=\"1696\">\n<td data-start=\"1662\" data-end=\"1677\" data-col-size=\"sm\">Ngu\u1ed3n \u0111i\u1ec7n<\/td>\n<td data-col-size=\"sm\" data-start=\"1677\" data-end=\"1696\">40 kW, 8\u201312 kHz<\/td>\n<\/tr>\n<tr data-start=\"1697\" data-end=\"1727\">\n<td data-start=\"1697\" data-end=\"1712\" data-col-size=\"sm\">M\u1ee9c ch\u00e2n kh\u00f4ng<\/td>\n<td data-col-size=\"sm\" data-start=\"1712\" data-end=\"1727\">5 \u00d7 10\u207b\u2074 Pa<\/td>\n<\/tr>\n<tr data-start=\"1728\" data-end=\"1759\">\n<td data-start=\"1728\" data-end=\"1745\" data-col-size=\"sm\">D\u1ea3i \u00e1p su\u1ea5t<\/td>\n<td data-col-size=\"sm\" data-start=\"1745\" data-end=\"1759\">1\u2013700 mbar<\/td>\n<\/tr>\n<tr data-start=\"1760\" data-end=\"1809\">\n<td data-start=\"1760\" data-end=\"1786\" data-col-size=\"sm\">\u0110o nhi\u1ec7t \u0111\u1ed9<\/td>\n<td data-col-size=\"sm\" data-start=\"1786\" data-end=\"1809\">H\u1ed3ng ngo\u1ea1i hai m\u00e0u<\/td>\n<\/tr>\n<tr data-start=\"1810\" data-end=\"1845\">\n<td data-start=\"1810\" data-end=\"1827\" data-col-size=\"sm\">Ph\u01b0\u01a1ng ph\u00e1p n\u1ea1p<\/td>\n<td data-col-size=\"sm\" data-start=\"1827\" data-end=\"1845\">N\u1ea1p t\u1eeb ph\u00eda d\u01b0\u1edbi<\/td>\n<\/tr>\n<\/tbody>\n<\/table>\n<\/div>\n<\/div>\n<h2 data-section-id=\"19xifj\" data-start=\"1852\" data-end=\"1876\"><span role=\"text\">\u01afu \u0111i\u1ec3m v\u1ec1 thi\u1ebft k\u1ebf<\/span><\/h2>\n<ul data-start=\"1878\" data-end=\"2444\">\n<li data-section-id=\"15rdkd0\" data-start=\"1878\" data-end=\"1949\">\n<p data-start=\"1880\" data-end=\"1949\">T\u01b0\u01a1ng th\u00edch v\u1edbi qu\u00e1 tr\u00ecnh ph\u00e1t tri\u1ec3n tinh th\u1ec3 SiC b\u00e1n c\u00e1ch \u0111i\u1ec7n v\u00e0 d\u1eabn \u0111i\u1ec7n<\/p>\n<\/li>\n<li data-section-id=\"3g3jo9\" data-start=\"1950\" data-end=\"2014\">\n<p data-start=\"1952\" data-end=\"2014\">H\u1ec7 th\u1ed1ng xoay l\u00f2 nung gi\u00fap c\u1ea3i thi\u1ec7n \u0111\u1ed9 \u0111\u1ed3ng \u0111\u1ec1u c\u1ee7a nhi\u1ec7t \u0111\u1ed9<\/p>\n<\/li>\n<li data-section-id=\"s4nwuu\" data-start=\"2015\" data-end=\"2084\">\n<p data-start=\"2017\" data-end=\"2084\">Vi\u1ec7c \u0111i\u1ec1u ch\u1ec9nh l\u1ef1c n\u00e2ng c\u1ee7a cu\u1ed9n c\u1ea3m gi\u00fap gi\u1ea3m thi\u1ec3u nhi\u1ec5u nhi\u1ec7t<\/p>\n<\/li>\n<li data-section-id=\"1cea8gr\" data-start=\"2085\" data-end=\"2160\">\n<p data-start=\"2087\" data-end=\"2160\">Bu\u1ed3ng th\u1ea1ch anh l\u00e0m m\u00e1t b\u1eb1ng n\u01b0\u1edbc hai l\u1edbp gi\u00fap k\u00e9o d\u00e0i tu\u1ed5i th\u1ecd thi\u1ebft b\u1ecb<\/p>\n<\/li>\n<li data-section-id=\"c1n2wn\" data-start=\"2161\" data-end=\"2212\">\n<p data-start=\"2163\" data-end=\"2212\">Gi\u00e1m s\u00e1t nhi\u1ec7t \u0111\u1ed9 t\u1ea1i hai \u0111i\u1ec3m theo th\u1eddi gian th\u1ef1c<\/p>\n<\/li>\n<li data-section-id=\"wvcxrl\" data-start=\"2213\" data-end=\"2279\">\n<p data-start=\"2215\" data-end=\"2279\">Nhi\u1ec1u ch\u1ebf \u0111\u1ed9 \u0111i\u1ec1u khi\u1ec3n: c\u00f4ng su\u1ea5t kh\u00f4ng \u0111\u1ed5i \/ d\u00f2ng \u0111i\u1ec7n kh\u00f4ng \u0111\u1ed5i \/ nhi\u1ec7t \u0111\u1ed9 kh\u00f4ng \u0111\u1ed5i<\/p>\n<\/li>\n<li data-section-id=\"1it8b3k\" data-start=\"2280\" data-end=\"2339\">\n<p data-start=\"2282\" data-end=\"2339\">Kh\u1edfi \u0111\u1ed9ng th\u00f4ng minh ch\u1ec9 v\u1edbi m\u1ed9t c\u00fa nh\u1ea5p chu\u1ed9t \u0111\u1ec3 v\u1eadn h\u00e0nh t\u1ef1 \u0111\u1ed9ng<\/p>\n<\/li>\n<li data-section-id=\"1fwnkom\" data-start=\"2340\" data-end=\"2390\">\n<p data-start=\"2342\" data-end=\"2390\">C\u1ea5u tr\u00fac g\u1ecdn g\u00e0ng gi\u00fap b\u1ed1 tr\u00ed nh\u00e0 m\u00e1y hi\u1ec7u qu\u1ea3<\/p>\n<\/li>\n<li data-section-id=\"ukpte9\" data-start=\"2391\" data-end=\"2444\">\n<p data-start=\"2393\" data-end=\"2444\">Ki\u1ec3m so\u00e1t \u00e1p su\u1ea5t v\u1edbi \u0111\u1ed9 ch\u00ednh x\u00e1c cao (l\u00ean \u0111\u1ebfn \u00b11 Pa)<\/p>\n<\/li>\n<\/ul>\n<h2 data-section-id=\"dd8gcy\" data-start=\"2451\" data-end=\"2484\"><span role=\"text\">Hi\u1ec7u su\u1ea5t &amp; \u1ee8ng d\u1ee5ng<\/span><\/h2>\n<p data-start=\"2486\" data-end=\"2606\">L\u00f2 nung n\u00e0y cho ph\u00e9p nu\u00f4i c\u1ea5y c\u00e1c tinh th\u1ec3 \u0111\u01a1n SiC c\u00f3 \u0111\u1ed9 tinh khi\u1ebft cao (\u226599,9991%) v\u00e0 \u00edt khuy\u1ebft t\u1eadt, v\u1ed1n \u0111\u00f3ng vai tr\u00f2 quan tr\u1ecdng trong:<\/p>\n<ul data-start=\"2608\" data-end=\"2760\">\n<li data-section-id=\"13272pw\" data-start=\"2608\" data-end=\"2625\">\n<p data-start=\"2610\" data-end=\"2625\">MOSFET SiC<\/p>\n<\/li>\n<li data-section-id=\"1io6t0d\" data-start=\"2626\" data-end=\"2647\">\n<p data-start=\"2628\" data-end=\"2647\">\u0110i\u1ed1t Schottky<\/p>\n<\/li>\n<li data-section-id=\"y84f9z\" data-start=\"2648\" data-end=\"2664\">\n<p data-start=\"2650\" data-end=\"2664\">Thi\u1ebft b\u1ecb RF<\/p>\n<\/li>\n<li data-section-id=\"1pnu15w\" data-start=\"2665\" data-end=\"2707\">\n<p data-start=\"2667\" data-end=\"2707\">Xe \u0111i\u1ec7n (m\u00f4-\u0111un ngu\u1ed3n \u0111i\u1ec7n EV)<\/p>\n<\/li>\n<li data-section-id=\"y6h80t\" data-start=\"2708\" data-end=\"2729\">\n<p data-start=\"2710\" data-end=\"2729\">Bi\u1ebfn t\u1ea7n n\u0103ng l\u01b0\u1ee3ng m\u1eb7t tr\u1eddi<\/p>\n<\/li>\n<li data-section-id=\"1qsmuuk\" data-start=\"2730\" data-end=\"2760\">\n<p data-start=\"2732\" data-end=\"2760\">H\u1ec7 th\u1ed1ng truy\u1ec1n th\u00f4ng 5G<\/p>\n<\/li>\n<\/ul>\n<p data-start=\"2762\" data-end=\"2913\">V\u1edbi kh\u1ea3 n\u0103ng ki\u1ec3m so\u00e1t nhi\u1ec7t \u0111\u1ed9 \u1ed5n \u0111\u1ecbnh v\u00e0 \u0111i\u1ec1u ki\u1ec7n sinh tr\u01b0\u1edfng \u0111\u01b0\u1ee3c t\u1ed1i \u01b0u h\u00f3a, h\u1ec7 th\u1ed1ng n\u00e0y \u0111\u1ea3m b\u1ea3o n\u0103ng su\u1ea5t cao, t\u00ednh \u1ed5n \u0111\u1ecbnh v\u00e0 kh\u1ea3 n\u0103ng m\u1edf r\u1ed9ng cho s\u1ea3n xu\u1ea5t c\u00f4ng nghi\u1ec7p.<\/p>\n<p data-start=\"2762\" data-end=\"2913\"><img decoding=\"async\" class=\"wp-image-1959 size-full aligncenter\" src=\"https:\/\/www.zmsh-semitech.com\/wp-content\/uploads\/2026\/03\/SiC-Growth-Furnace5.png\" alt=\"\" width=\"680\" height=\"235\" srcset=\"https:\/\/www.zmsh-semitech.com\/wp-content\/uploads\/2026\/03\/SiC-Growth-Furnace5.png 680w, https:\/\/www.zmsh-semitech.com\/wp-content\/uploads\/2026\/03\/SiC-Growth-Furnace5-300x104.png 300w, https:\/\/www.zmsh-semitech.com\/wp-content\/uploads\/2026\/03\/SiC-Growth-Furnace5-18x6.png 18w, https:\/\/www.zmsh-semitech.com\/wp-content\/uploads\/2026\/03\/SiC-Growth-Furnace5-600x207.png 600w\" sizes=\"(max-width: 680px) 100vw, 680px\" \/><\/p>\n<h2 data-section-id=\"5j7o8m\" data-start=\"2920\" data-end=\"2950\"><span role=\"text\">N\u0103ng l\u1ef1c c\u1ee7a ch\u00fang t\u00f4i (ZMSH)<\/span><\/h2>\n<h3 data-section-id=\"nzquib\" data-start=\"2952\" data-end=\"2986\"><span role=\"text\">1. S\u1ea3n xu\u1ea5t thi\u1ebft b\u1ecb<\/span><\/h3>\n<ul data-start=\"2987\" data-end=\"3088\">\n<li data-section-id=\"wv6e21\" data-start=\"2987\" data-end=\"3023\">\n<p data-start=\"2989\" data-end=\"3023\">Thi\u1ebft k\u1ebf l\u00f2 nu\u00f4i c\u1ea5y SiC theo y\u00eau c\u1ea7u<\/p>\n<\/li>\n<li data-section-id=\"1g5dx6p\" data-start=\"3024\" data-end=\"3088\">\n<p data-start=\"3026\" data-end=\"3088\">H\u1ed7 tr\u1ee3 c\u00e1c k\u00edch th\u01b0\u1edbc tinh th\u1ec3 v\u00e0 y\u00eau c\u1ea7u quy tr\u00ecnh kh\u00e1c nhau<\/p>\n<\/li>\n<\/ul>\n<h3 data-section-id=\"1pgjp80\" data-start=\"3090\" data-end=\"3121\"><span role=\"text\">2. T\u1ed1i \u01b0u h\u00f3a quy tr\u00ecnh<\/span><\/h3>\n<ul data-start=\"3122\" data-end=\"3194\">\n<li data-section-id=\"1jqry7h\" data-start=\"3122\" data-end=\"3153\">\n<p data-start=\"3124\" data-end=\"3153\">\u0110i\u1ec1u ch\u1ec9nh c\u00e1c th\u00f4ng s\u1ed1 t\u0103ng tr\u01b0\u1edfng PVT<\/p>\n<\/li>\n<li data-section-id=\"10fvpi3\" data-start=\"3154\" data-end=\"3194\">\n<p data-start=\"3156\" data-end=\"3194\">N\u00e2ng cao n\u0103ng su\u1ea5t v\u00e0 gi\u1ea3m t\u1ef7 l\u1ec7 l\u1ed7i<\/p>\n<\/li>\n<\/ul>\n<h3 data-section-id=\"1r72ltt\" data-start=\"3196\" data-end=\"3230\"><span role=\"text\">3. L\u1eafp \u0111\u1eb7t v\u00e0 \u0111\u00e0o t\u1ea1o<\/span><\/h3>\n<ul data-start=\"3231\" data-end=\"3293\">\n<li data-section-id=\"1ai7hs2\" data-start=\"3231\" data-end=\"3256\">\n<p data-start=\"3233\" data-end=\"3256\">V\u1eadn h\u00e0nh th\u1eed t\u1ea1i hi\u1ec7n tr\u01b0\u1eddng<\/p>\n<\/li>\n<li data-section-id=\"19g5oqu\" data-start=\"3257\" data-end=\"3293\">\n<p data-start=\"3259\" data-end=\"3293\">\u0110\u00e0o t\u1ea1o v\u1eadn h\u00e0nh v\u00e0 b\u1ea3o tr\u00ec<\/p>\n<\/li>\n<\/ul>\n<h3 data-section-id=\"10lvac2\" data-start=\"3295\" data-end=\"3325\"><span role=\"text\">4. D\u1ecbch v\u1ee5 h\u1eadu m\u00e3i<\/span><\/h3>\n<ul data-start=\"3326\" data-end=\"3393\">\n<li data-section-id=\"19dqvur\" data-start=\"3326\" data-end=\"3355\">\n<p data-start=\"3328\" data-end=\"3355\">H\u1ed7 tr\u1ee3 k\u1ef9 thu\u1eadt 24\/7<\/p>\n<\/li>\n<li data-section-id=\"k1vcv1\" data-start=\"3356\" data-end=\"3393\">\n<p data-start=\"3358\" data-end=\"3393\">H\u1ed7 tr\u1ee3 k\u1ef9 thu\u1eadt ph\u1ea3n h\u1ed3i nhanh<\/p>\n<\/li>\n<\/ul>\n<h2 data-section-id=\"elc90z\" data-start=\"3400\" data-end=\"3410\"><span role=\"text\">C\u00e2u h\u1ecfi th\u01b0\u1eddng g\u1eb7p<\/span><\/h2>\n<p data-start=\"3412\" data-end=\"3632\">C\u00e2u h\u1ecfi 1: Ph\u01b0\u01a1ng ph\u00e1p PVT trong qu\u00e1 tr\u00ecnh nu\u00f4i c\u1ea5y tinh th\u1ec3 SiC l\u00e0 g\u00ec?<br data-start=\"3465\" data-end=\"3468\" \/>A: Ph\u01b0\u01a1ng ph\u00e1p v\u1eadn chuy\u1ec3n h\u01a1i v\u1eadt l\u00fd (PVT) l\u00e0 qu\u00e1 tr\u00ecnh trong \u0111\u00f3 b\u1ed9t SiC \u0111\u01b0\u1ee3c th\u0103ng hoa \u1edf nhi\u1ec7t \u0111\u1ed9 cao v\u00e0 t\u00e1i k\u1ebft tinh tr\u00ean m\u1ed9t tinh th\u1ec3 h\u1ea1t gi\u1ed1ng \u0111\u1ec3 t\u1ea1o th\u00e0nh c\u00e1c tinh th\u1ec3 \u0111\u01a1n kh\u1ed1i.<\/p>\n<p data-start=\"3634\" data-end=\"3841\">C\u00e2u h\u1ecfi 2: T\u1ea1i sao n\u00ean ch\u1ecdn ph\u01b0\u01a1ng ph\u00e1p gia nhi\u1ec7t c\u1ea3m \u1ee9ng \u0111\u1ec3 nu\u00f4i c\u1ea5y SiC?<br data-start=\"3686\" data-end=\"3689\" \/>A: C\u00f4ng ngh\u1ec7 gia nhi\u1ec7t c\u1ea3m \u1ee9ng mang l\u1ea1i ph\u1ea3n \u1ee9ng nhanh, hi\u1ec7u su\u1ea5t cao v\u00e0 kh\u1ea3 n\u0103ng \u0111i\u1ec1u khi\u1ec3n ch\u00ednh x\u00e1c, nh\u1eefng y\u1ebfu t\u1ed1 thi\u1ebft y\u1ebfu \u0111\u1ec3 \u0111\u1ea3m b\u1ea3o s\u1ef1 ph\u00e1t tri\u1ec3n \u1ed5n \u0111\u1ecbnh c\u1ee7a c\u00e1c tinh th\u1ec3 SiC c\u00f3 \u00edt khuy\u1ebft t\u1eadt.<\/p>","protected":false},"excerpt":{"rendered":"<p data-start=\"202\" data-end=\"374\">L\u00f2 nu\u00f4i c\u1ea5y SiC (ph\u01b0\u01a1ng ph\u00e1p PVT) l\u00e0 m\u1ed9t h\u1ec7 th\u1ed1ng hi\u1ec7u su\u1ea5t cao \u0111\u01b0\u1ee3c thi\u1ebft k\u1ebf \u0111\u1ec3 s\u1ea3n xu\u1ea5t c\u00e1c tinh th\u1ec3 \u0111\u01a1n silicon carbide (SiC) c\u00f3 k\u00edch th\u01b0\u1edbc 6 inch, 8 inch v\u00e0 12 inch.<\/p>\n<p data-start=\"376\" data-end=\"589\">S\u1eed d\u1ee5ng c\u00f4ng ngh\u1ec7 gia nhi\u1ec7t c\u1ea3m \u1ee9ng ti\u00ean ti\u1ebfn, l\u00f2 nung n\u00e0y mang l\u1ea1i kh\u1ea3 n\u0103ng gia nhi\u1ec7t nhanh, ki\u1ec3m so\u00e1t nhi\u1ec7t \u0111\u1ed9 ch\u00ednh x\u00e1c v\u00e0 ti\u00eau th\u1ee5 n\u0103ng l\u01b0\u1ee3ng th\u1ea5p, khi\u1ebfn n\u00f3 tr\u1edf th\u00e0nh gi\u1ea3i ph\u00e1p l\u00fd t\u01b0\u1edfng cho qu\u00e1 tr\u00ecnh nu\u00f4i c\u1ea5y tinh th\u1ec3 SiC quy m\u00f4 c\u00f4ng nghi\u1ec7p.<\/p>\n<p data-start=\"591\" data-end=\"734\">N\u00f3 \u0111\u01b0\u1ee3c s\u1eed d\u1ee5ng r\u1ed9ng r\u00e3i trong s\u1ea3n xu\u1ea5t c\u00e1c t\u1ea5m n\u1ec1n SiC cho \u0111i\u1ec7n t\u1eed c\u00f4ng su\u1ea5t, thi\u1ebft b\u1ecb t\u1ea7n s\u1ed1 v\u00f4 tuy\u1ebfn (RF) v\u00e0 c\u00e1c \u1ee9ng d\u1ee5ng b\u00e1n d\u1eabn th\u1ebf h\u1ec7 m\u1edbi.<\/p>","protected":false},"featured_media":1961,"comment_status":"open","ping_status":"closed","template":"","meta":{"site-sidebar-layout":"default","site-content-layout":"","ast-site-content-layout":"default","site-content-style":"default","site-sidebar-style":"default","ast-global-header-display":"","ast-banner-title-visibility":"","ast-main-header-display":"","ast-hfb-above-header-display":"","ast-hfb-below-header-display":"","ast-hfb-mobile-header-display":"","site-post-title":"","ast-breadcrumbs-content":"","ast-featured-img":"","footer-sml-layout":"","ast-disable-related-posts":"","theme-transparent-header-meta":"default","adv-header-id-meta":"","stick-header-meta":"default","header-above-stick-meta":"","header-main-stick-meta":"","header-below-stick-meta":"","astra-migrate-meta-layouts":"set","ast-page-background-enabled":"default","ast-page-background-meta":{"desktop":{"background-color":"var(--ast-global-color-4)","background-image":"","background-repeat":"repeat","background-position":"center center","background-size":"auto","background-attachment":"scroll","background-type":"","background-media":"","overlay-type":"","overlay-color":"","overlay-opacity":"","overlay-gradient":""},"tablet":{"background-color":"","background-image":"","background-repeat":"repeat","background-position":"center center","background-size":"auto","background-attachment":"scroll","background-type":"","background-media":"","overlay-type":"","overlay-color":"","overlay-opacity":"","overlay-gradient":""},"mobile":{"background-color":"","background-image":"","background-repeat":"repeat","background-position":"center center","background-size":"auto","background-attachment":"scroll","background-type":"","background-media":"","overlay-type":"","overlay-color":"","overlay-opacity":"","overlay-gradient":""}},"ast-content-background-meta":{"desktop":{"background-color":"var(--ast-global-color-5)","background-image":"","background-repeat":"repeat","background-position":"center center","background-size":"auto","background-attachment":"scroll","background-type":"","background-media":"","overlay-type":"","overlay-color":"","overlay-opacity":"","overlay-gradient":""},"tablet":{"background-color":"var(--ast-global-color-5)","background-image":"","background-repeat":"repeat","background-position":"center center","background-size":"auto","background-attachment":"scroll","background-type":"","background-media":"","overlay-type":"","overlay-color":"","overlay-opacity":"","overlay-gradient":""},"mobile":{"background-color":"var(--ast-global-color-5)","background-image":"","background-repeat":"repeat","background-position":"center center","background-size":"auto","background-attachment":"scroll","background-type":"","background-media":"","overlay-type":"","overlay-color":"","overlay-opacity":"","overlay-gradient":""}}},"product_brand":[],"product_cat":[15],"product_tag":[465,464,148,467,461,110,460,463,466,462],"class_list":{"0":"post-1958","1":"product","2":"type-product","3":"status-publish","4":"has-post-thumbnail","6":"product_cat-crystal-growth-furnace","7":"product_tag-12-inch-sic-furnace","8":"product_tag-6-inch-sic-wafer-production","9":"product_tag-8-inch-sic-crystal-growth","10":"product_tag-pvt-crystal-growth-system","11":"product_tag-pvt-sic-furnace","12":"product_tag-semiconductor-equipment","13":"product_tag-sic-growth-furnace","14":"product_tag-sic-induction-furnace","15":"product_tag-sic-substrate-manufacturing","16":"product_tag-silicon-carbide-crystal-growth","17":"desktop-align-left","18":"tablet-align-left","19":"mobile-align-left","20":"ast-product-gallery-layout-horizontal-slider","21":"ast-product-tabs-layout-horizontal","23":"first","24":"instock","25":"shipping-taxable","26":"product-type-simple"},"_links":{"self":[{"href":"https:\/\/www.zmsh-semitech.com\/vi\/wp-json\/wp\/v2\/product\/1958","targetHints":{"allow":["GET"]}}],"collection":[{"href":"https:\/\/www.zmsh-semitech.com\/vi\/wp-json\/wp\/v2\/product"}],"about":[{"href":"https:\/\/www.zmsh-semitech.com\/vi\/wp-json\/wp\/v2\/types\/product"}],"replies":[{"embeddable":true,"href":"https:\/\/www.zmsh-semitech.com\/vi\/wp-json\/wp\/v2\/comments?post=1958"}],"version-history":[{"count":3,"href":"https:\/\/www.zmsh-semitech.com\/vi\/wp-json\/wp\/v2\/product\/1958\/revisions"}],"predecessor-version":[{"id":1966,"href":"https:\/\/www.zmsh-semitech.com\/vi\/wp-json\/wp\/v2\/product\/1958\/revisions\/1966"}],"wp:featuredmedia":[{"embeddable":true,"href":"https:\/\/www.zmsh-semitech.com\/vi\/wp-json\/wp\/v2\/media\/1961"}],"wp:attachment":[{"href":"https:\/\/www.zmsh-semitech.com\/vi\/wp-json\/wp\/v2\/media?parent=1958"}],"wp:term":[{"taxonomy":"product_brand","embeddable":true,"href":"https:\/\/www.zmsh-semitech.com\/vi\/wp-json\/wp\/v2\/product_brand?post=1958"},{"taxonomy":"product_cat","embeddable":true,"href":"https:\/\/www.zmsh-semitech.com\/vi\/wp-json\/wp\/v2\/product_cat?post=1958"},{"taxonomy":"product_tag","embeddable":true,"href":"https:\/\/www.zmsh-semitech.com\/vi\/wp-json\/wp\/v2\/product_tag?post=1958"}],"curies":[{"name":"wp","href":"https:\/\/api.w.org\/{rel}","templated":true}]}}