{"id":1753,"date":"2026-01-23T02:18:28","date_gmt":"2026-01-23T02:18:28","guid":{"rendered":"https:\/\/www.zmsh-semitech.com\/?post_type=product&#038;p=1753"},"modified":"2026-01-23T02:18:28","modified_gmt":"2026-01-23T02:18:28","slug":"sapphire-crystal-growth-furnace-for-80-400-kg-crystals-using-the-kyropoulos-ky-method","status":"publish","type":"product","link":"https:\/\/www.zmsh-semitech.com\/vi\/product\/sapphire-crystal-growth-furnace-for-80-400-kg-crystals-using-the-kyropoulos-ky-method\/","title":{"rendered":"L\u00f2 t\u0103ng tr\u01b0\u1edfng tinh th\u1ec3 sapphire cho tinh th\u1ec3 c\u00f3 tr\u1ecdng l\u01b0\u1ee3ng t\u1eeb 80\u2013400 kg s\u1eed d\u1ee5ng ph\u01b0\u01a1ng ph\u00e1p Kyropoulos (KY)"},"content":{"rendered":"<h2 data-start=\"286\" data-end=\"309\">T\u1ed5ng quan v\u1ec1 s\u1ea3n ph\u1ea9m<img fetchpriority=\"high\" decoding=\"async\" class=\"size-medium wp-image-1757 alignright\" src=\"https:\/\/www.zmsh-semitech.com\/wp-content\/uploads\/2026\/01\/pl203679978-sapphire_crystal_growth_furnace_80_400kg_by_the_kyropoulos_method_ky5-300x300.jpg\" alt=\"\" width=\"300\" height=\"300\" srcset=\"https:\/\/www.zmsh-semitech.com\/wp-content\/uploads\/2026\/01\/pl203679978-sapphire_crystal_growth_furnace_80_400kg_by_the_kyropoulos_method_ky5-300x300.jpg 300w, https:\/\/www.zmsh-semitech.com\/wp-content\/uploads\/2026\/01\/pl203679978-sapphire_crystal_growth_furnace_80_400kg_by_the_kyropoulos_method_ky5-150x150.jpg 150w, https:\/\/www.zmsh-semitech.com\/wp-content\/uploads\/2026\/01\/pl203679978-sapphire_crystal_growth_furnace_80_400kg_by_the_kyropoulos_method_ky5-100x100.jpg 100w, https:\/\/www.zmsh-semitech.com\/wp-content\/uploads\/2026\/01\/pl203679978-sapphire_crystal_growth_furnace_80_400kg_by_the_kyropoulos_method_ky5.jpg 540w\" sizes=\"(max-width: 300px) 100vw, 300px\" \/><\/h2>\n<p data-start=\"311\" data-end=\"563\">L\u00f2 t\u0103ng tr\u01b0\u1edfng tinh th\u1ec3 sapphire ZMSH KY l\u00e0 h\u1ec7 th\u1ed1ng t\u0103ng tr\u01b0\u1edfng tinh th\u1ec3 nhi\u1ec7t \u0111\u1ed9 cao \u0111\u01b0\u1ee3c thi\u1ebft k\u1ebf \u0111\u1ec3 s\u1ea3n xu\u1ea5t tinh th\u1ec3 sapphire \u0111\u01a1n tinh th\u1ec3 k\u00edch th\u01b0\u1edbc l\u1edbn, h\u1ed7 tr\u1ee3 tr\u1ecdng l\u01b0\u1ee3ng tinh th\u1ec3 t\u1eeb 80 kg \u0111\u1ebfn 400 kg b\u1eb1ng ph\u01b0\u01a1ng ph\u00e1p t\u0103ng tr\u01b0\u1edfng Kyropoulos (KY).<\/p>\n<p data-start=\"565\" data-end=\"963\">L\u00f2 nung \u0111\u01b0\u1ee3c t\u1ed1i \u01b0u h\u00f3a cho qu\u00e1 tr\u00ecnh k\u1ebft tinh sapphire c\u00f3 ki\u1ec3m so\u00e1t trong \u0111i\u1ec1u ki\u1ec7n \u1ee9ng su\u1ea5t nhi\u1ec7t th\u1ea5p. B\u1eb1ng c\u00e1ch k\u1ebft h\u1ee3p thi\u1ebft k\u1ebf tr\u01b0\u1eddng nhi\u1ec7t \u1ed5n \u0111\u1ecbnh, \u0111i\u1ec1u ch\u1ec9nh nhi\u1ec7t \u0111\u1ed9 ch\u00ednh x\u00e1c v\u00e0 ki\u1ec3m so\u00e1t ch\u00e2n kh\u00f4ng c\u1ef1c cao c\u00f9ng m\u00f4i tr\u01b0\u1eddng kh\u00ed, h\u1ec7 th\u1ed1ng cho ph\u00e9p s\u1ea3n xu\u1ea5t c\u00e1c tinh th\u1ec3 sapphire \u0111\u01a1n tinh th\u1ec3 ch\u1ea5t l\u01b0\u1ee3ng cao, \u00edt khuy\u1ebft t\u1eadt, ph\u00f9 h\u1ee3p cho c\u00e1c \u1ee9ng d\u1ee5ng trong l\u0129nh v\u1ef1c b\u00e1n d\u1eabn, quang h\u1ecdc v\u00e0 c\u00f4ng nghi\u1ec7p ti\u00ean ti\u1ebfn.<\/p>\n<p data-start=\"965\" data-end=\"1187\">So v\u1edbi c\u00e1c h\u1ec7 th\u1ed1ng t\u0103ng tr\u01b0\u1edfng Czochralski (CZ) truy\u1ec1n th\u1ed1ng, ph\u01b0\u01a1ng ph\u00e1p KY gi\u1ea3m \u0111\u00e1ng k\u1ec3 \u1ee9ng su\u1ea5t n\u1ed9i v\u00e0 m\u1eadt \u0111\u1ed9 khuy\u1ebft t\u1eadt, khi\u1ebfn n\u00f3 ph\u00f9 h\u1ee3p h\u01a1n cho s\u1ea3n xu\u1ea5t tinh th\u1ec3 sapphire c\u00f3 \u0111\u01b0\u1eddng k\u00ednh l\u1edbn v\u00e0 \u0111\u1ed9 d\u00e0y cao.<\/p>\n<h2 data-start=\"1194\" data-end=\"1229\">C\u00f4ng ngh\u1ec7 T\u0103ng tr\u01b0\u1edfng Kyropoulos<\/h2>\n<p data-start=\"1231\" data-end=\"1402\">Ph\u01b0\u01a1ng ph\u00e1p Kyropoulos cho ph\u00e9p tinh th\u1ec3 sapphire ph\u00e1t tri\u1ec3n ch\u1eadm trong dung d\u1ecbch n\u00f3ng ch\u1ea3y v\u1edbi l\u1ef1c k\u00e9o c\u01a1 h\u1ecdc t\u1ed1i thi\u1ec3u. Tinh th\u1ec3 ch\u1ee7 y\u1ebfu \u0111\u01b0\u1ee3c h\u1ed7 tr\u1ee3 b\u1edfi l\u1ef1c n\u1ed5i, cho ph\u00e9p:<\/p>\n<ul data-start=\"1404\" data-end=\"1504\">\n<li data-start=\"1404\" data-end=\"1431\">\n<p data-start=\"1406\" data-end=\"1431\">Gi\u1ea3m \u0111\u1ed9 ch\u00eanh l\u1ec7ch nhi\u1ec7t \u0111\u1ed9<\/p>\n<\/li>\n<li data-start=\"1432\" data-end=\"1461\">\n<p data-start=\"1434\" data-end=\"1461\">Gi\u1ea3m \u1ee9ng su\u1ea5t c\u01a1 h\u1ecdc<\/p>\n<\/li>\n<li data-start=\"1462\" data-end=\"1504\">\n<p data-start=\"1464\" data-end=\"1504\">C\u1ea3i thi\u1ec7n t\u00ednh \u0111\u1ed3ng nh\u1ea5t c\u1ea5u tr\u00fac tinh th\u1ec3<\/p>\n<\/li>\n<\/ul>\n<p data-start=\"1506\" data-end=\"1646\">Ph\u01b0\u01a1ng ph\u00e1p ph\u00e1t tri\u1ec3n n\u00e0y \u0111\u1eb7c bi\u1ec7t hi\u1ec7u qu\u1ea3 trong vi\u1ec7c s\u1ea3n xu\u1ea5t c\u00e1c kh\u1ed1i sapphire l\u1edbn, d\u00e0y c\u00f3 t\u00ednh ch\u1ea5t quang h\u1ecdc v\u00e0 c\u01a1 h\u1ecdc \u1ed5n \u0111\u1ecbnh.<\/p>\n<h2 data-start=\"1653\" data-end=\"1685\">Kh\u1ea3 n\u0103ng ph\u00e1t tri\u1ec3n tinh th\u1ec3<\/h2>\n<ul data-start=\"1687\" data-end=\"1836\">\n<li data-start=\"1687\" data-end=\"1724\">\n<p data-start=\"1689\" data-end=\"1724\">Ph\u1ea1m vi tr\u1ecdng l\u01b0\u1ee3ng c\u1ee7a tinh th\u1ec3: 80\u2013400 kg<\/p>\n<\/li>\n<li data-start=\"1725\" data-end=\"1758\">\n<p data-start=\"1727\" data-end=\"1758\">\u0110\u01b0\u1eddng k\u00ednh tinh th\u1ec3: 10\u2013500 mm<\/p>\n<\/li>\n<li data-start=\"1759\" data-end=\"1793\">\n<p data-start=\"1761\" data-end=\"1793\">\u0110\u1ed9 d\u00e0y tinh th\u1ec3: 50\u2013300 mm<\/p>\n<\/li>\n<li data-start=\"1794\" data-end=\"1836\">\n<p data-start=\"1796\" data-end=\"1836\">T\u1ed1c \u0111\u1ed9 t\u0103ng tr\u01b0\u1edfng: 0,1\u20135 mm\/gi\u1edd (c\u00f3 th\u1ec3 \u0111i\u1ec1u ch\u1ec9nh)<\/p>\n<\/li>\n<\/ul>\n<p data-start=\"1838\" data-end=\"1968\">C\u1ea5u h\u00ecnh l\u00f2 nung c\u00f3 th\u1ec3 \u0111\u01b0\u1ee3c t\u00f9y ch\u1ec9nh \u0111\u1ec3 ph\u00f9 h\u1ee3p v\u1edbi c\u00e1c m\u1ee5c ti\u00eau k\u00edch th\u01b0\u1edbc tinh th\u1ec3 c\u1ee5 th\u1ec3 v\u00e0 y\u00eau c\u1ea7u c\u1ee7a wafer ho\u1eb7c linh ki\u1ec7n \u1edf giai \u0111o\u1ea1n sau.<\/p>\n<h2 data-start=\"1975\" data-end=\"2006\">\u01afu \u0111i\u1ec3m k\u1ef9 thu\u1eadt ch\u00ednh<\/h2>\n<h3 data-start=\"2008\" data-end=\"2044\">Ki\u1ec3m so\u00e1t tr\u01b0\u1eddng nhi\u1ec7t \u1ed5n \u0111\u1ecbnh<\/h3>\n<p data-start=\"2045\" data-end=\"2272\"><img decoding=\"async\" class=\"size-medium wp-image-1756 alignleft\" src=\"https:\/\/www.zmsh-semitech.com\/wp-content\/uploads\/2026\/01\/pl203679971-sapphire_crystal_growth_furnace_80_400kg_by_the_kyropoulos_method_ky4-300x300.jpg\" alt=\"\" width=\"300\" height=\"300\" srcset=\"https:\/\/www.zmsh-semitech.com\/wp-content\/uploads\/2026\/01\/pl203679971-sapphire_crystal_growth_furnace_80_400kg_by_the_kyropoulos_method_ky4-300x300.jpg 300w, https:\/\/www.zmsh-semitech.com\/wp-content\/uploads\/2026\/01\/pl203679971-sapphire_crystal_growth_furnace_80_400kg_by_the_kyropoulos_method_ky4-150x150.jpg 150w, https:\/\/www.zmsh-semitech.com\/wp-content\/uploads\/2026\/01\/pl203679971-sapphire_crystal_growth_furnace_80_400kg_by_the_kyropoulos_method_ky4-100x100.jpg 100w, https:\/\/www.zmsh-semitech.com\/wp-content\/uploads\/2026\/01\/pl203679971-sapphire_crystal_growth_furnace_80_400kg_by_the_kyropoulos_method_ky4.jpg 540w\" sizes=\"(max-width: 300px) 100vw, 300px\" \/>L\u00f2 nung s\u1eed d\u1ee5ng thi\u1ebft k\u1ebf tr\u01b0\u1eddng nhi\u1ec7t c\u00e2n b\u1eb1ng t\u1ed1t v\u1edbi h\u1ec7 th\u1ed1ng \u0111i\u1ec1u ch\u1ec9nh nhi\u1ec7t \u0111\u1ed9 ch\u00ednh x\u00e1c cao. S\u1ef1 \u1ed5n \u0111\u1ecbnh nhi\u1ec7t \u0111\u1ed9 trong v\u00f9ng ph\u00e1t tri\u1ec3n gi\u00fap gi\u1ea3m thi\u1ec3u \u1ee9ng su\u1ea5t nhi\u1ec7t, gi\u1ea3m nguy c\u01a1 n\u1ee9t v\u1ee1 v\u00e0 n\u00e2ng cao hi\u1ec7u su\u1ea5t tinh th\u1ec3.<\/p>\n<h3 data-start=\"2274\" data-end=\"2312\">M\u00f4i tr\u01b0\u1eddng ph\u00e1t tri\u1ec3n c\u00f3 \u0111\u1ed9 tinh khi\u1ebft cao<\/h3>\n<p data-start=\"2313\" data-end=\"2505\">Ho\u1ea1t \u0111\u1ed9ng trong m\u00f4i tr\u01b0\u1eddng ch\u00e2n kh\u00f4ng c\u1ef1c cao (\u22641\u00d710\u207b\u2076 Pa) v\u00e0 kh\u00ed quy\u1ec3n kh\u00ed argon\/hydrogen \u0111\u01b0\u1ee3c ki\u1ec3m so\u00e1t \u0111\u1ea3m b\u1ea3o m\u1ee9c \u0111\u1ed9 \u00f4 nhi\u1ec5m th\u1ea5p v\u00e0 \u0111i\u1ec1u ki\u1ec7n nung ch\u1ea3y \u1ed5n \u0111\u1ecbnh trong su\u1ed1t c\u00e1c chu k\u1ef3 t\u0103ng tr\u01b0\u1edfng k\u00e9o d\u00e0i.<\/p>\n<h3 data-start=\"2507\" data-end=\"2549\">Quy tr\u00ecnh t\u0103ng tr\u01b0\u1edfng tinh th\u1ec3 kh\u00f4ng ti\u1ebfp x\u00fac<\/h3>\n<p data-start=\"2550\" data-end=\"2700\">Ph\u01b0\u01a1ng ph\u00e1p KY gi\u1ea3m thi\u1ec3u t\u01b0\u01a1ng t\u00e1c c\u01a1 h\u1ecdc gi\u1eefa tinh th\u1ec3 h\u1ea1t gi\u1ed1ng v\u00e0 h\u1ec7 th\u1ed1ng k\u00e9o, t\u1eeb \u0111\u00f3 gi\u1ea3m nguy c\u01a1 \u00f4 nhi\u1ec5m v\u00e0 khuy\u1ebft t\u1eadt c\u1ea5u tr\u00fac.<\/p>\n<h3 data-start=\"2702\" data-end=\"2736\">Thi\u1ebft k\u1ebf c\u00f4ng nghi\u1ec7p c\u00f3 kh\u1ea3 n\u0103ng m\u1edf r\u1ed9ng<\/h3>\n<p data-start=\"2737\" data-end=\"2900\">H\u1ec7 th\u1ed1ng h\u1ed7 tr\u1ee3 qu\u00e1 tr\u00ecnh nu\u00f4i c\u1ea5y tinh th\u1ec3 sapphire quy m\u00f4 trung b\u00ecnh v\u00e0 quy m\u00f4 l\u1edbn, v\u00e0 c\u00f3 th\u1ec3 \u0111\u01b0\u1ee3c \u0111i\u1ec1u ch\u1ec9nh \u0111\u1ec3 ph\u00f9 h\u1ee3p v\u1edbi c\u00e1c k\u00edch th\u01b0\u1edbc tinh th\u1ec3 kh\u00e1c nhau th\u00f4ng qua c\u1ea5u h\u00ecnh l\u00f2 nung m\u00f4-\u0111un.<\/p>\n<h2 data-start=\"2907\" data-end=\"2934\">\u1ee8ng d\u1ee5ng \u0111i\u1ec3n h\u00ecnh<\/h2>\n<ul data-start=\"2936\" data-end=\"3162\">\n<li data-start=\"2936\" data-end=\"2988\">\n<p data-start=\"2938\" data-end=\"2988\">Substrate sapphire cho qu\u00e1 tr\u00ecnh ch\u1ebf t\u1ea1o b\u00e1n d\u1eabn<\/p>\n<\/li>\n<li data-start=\"2989\" data-end=\"3029\">\n<p data-start=\"2991\" data-end=\"3029\">C\u1eeda s\u1ed5 quang h\u1ecdc v\u00e0 c\u00e1c th\u00e0nh ph\u1ea7n laser<\/p>\n<\/li>\n<li data-start=\"3030\" data-end=\"3066\">\n<p data-start=\"3032\" data-end=\"3066\">V\u1eadt li\u1ec7u LED v\u00e0 v\u1eadt li\u1ec7u quang \u0111i\u1ec7n t\u1eed<\/p>\n<\/li>\n<li data-start=\"3067\" data-end=\"3116\">\n<p data-start=\"3069\" data-end=\"3116\">H\u1ec7 th\u1ed1ng quang h\u1ecdc h\u1ed3ng ngo\u1ea1i v\u00e0 nhi\u1ec7t \u0111\u1ed9 cao<\/p>\n<\/li>\n<li data-start=\"3117\" data-end=\"3162\">\n<p data-start=\"3119\" data-end=\"3162\">C\u1eeda s\u1ed5 b\u1ea3o v\u1ec7 cho m\u00f4i tr\u01b0\u1eddng kh\u1eafc nghi\u1ec7t<\/p>\n<\/li>\n<\/ul>\n<h2 data-start=\"3169\" data-end=\"3200\">Th\u00f4ng s\u1ed1 k\u1ef9 thu\u1eadt<\/h2>\n<h3 data-start=\"3202\" data-end=\"3236\">Th\u00f4ng s\u1ed1 k\u1ef9 thu\u1eadt chung c\u1ee7a l\u00f2 nung<\/h3>\n<div class=\"TyagGW_tableContainer\">\n<div class=\"group TyagGW_tableWrapper flex flex-col-reverse w-fit\" tabindex=\"-1\">\n<table class=\"w-fit min-w-(--thread-content-width)\" data-start=\"3238\" data-end=\"3788\">\n<thead data-start=\"3238\" data-end=\"3262\">\n<tr data-start=\"3238\" data-end=\"3262\">\n<th data-start=\"3238\" data-end=\"3245\" data-col-size=\"sm\">M\u1eb7t h\u00e0ng<\/th>\n<th data-start=\"3245\" data-end=\"3262\" data-col-size=\"sm\">Th\u00f4ng s\u1ed1 k\u1ef9 thu\u1eadt<\/th>\n<\/tr>\n<\/thead>\n<tbody data-start=\"3288\" data-end=\"3788\">\n<tr data-start=\"3288\" data-end=\"3323\">\n<td data-start=\"3288\" data-end=\"3304\" data-col-size=\"sm\">Ph\u01b0\u01a1ng ph\u00e1p t\u0103ng tr\u01b0\u1edfng<\/td>\n<td data-start=\"3304\" data-end=\"3323\" data-col-size=\"sm\">Kyropoulos (KY)<\/td>\n<\/tr>\n<tr data-start=\"3324\" data-end=\"3360\">\n<td data-start=\"3324\" data-end=\"3347\" data-col-size=\"sm\">Ph\u1ea1m vi tr\u1ecdng l\u01b0\u1ee3ng c\u1ee7a tinh th\u1ec3<\/td>\n<td data-start=\"3347\" data-end=\"3360\" data-col-size=\"sm\">80\u2013400 kg<\/td>\n<\/tr>\n<tr data-start=\"3361\" data-end=\"3399\">\n<td data-start=\"3361\" data-end=\"3386\" data-col-size=\"sm\">Kho\u1ea3ng \u0111\u01b0\u1eddng k\u00ednh tinh th\u1ec3<\/td>\n<td data-start=\"3386\" data-end=\"3399\" data-col-size=\"sm\">10\u2013500 mm<\/td>\n<\/tr>\n<tr data-start=\"3400\" data-end=\"3439\">\n<td data-start=\"3400\" data-end=\"3426\" data-col-size=\"sm\">Ph\u1ea1m vi \u0111\u1ed9 d\u00e0y c\u1ee7a tinh th\u1ec3<\/td>\n<td data-start=\"3426\" data-end=\"3439\" data-col-size=\"sm\">50\u2013300 mm<\/td>\n<\/tr>\n<tr data-start=\"3440\" data-end=\"3468\">\n<td data-start=\"3440\" data-end=\"3454\" data-col-size=\"sm\">T\u1ef7 l\u1ec7 t\u0103ng tr\u01b0\u1edfng<\/td>\n<td data-start=\"3454\" data-end=\"3468\" data-col-size=\"sm\">0,1\u20135 mm\/gi\u1edd<\/td>\n<\/tr>\n<tr data-start=\"3469\" data-end=\"3512\">\n<td data-start=\"3469\" data-end=\"3497\" data-col-size=\"sm\">Ph\u1ea1m vi nhi\u1ec7t \u0111\u1ed9 s\u01b0\u1edfi \u1ea5m<\/td>\n<td data-start=\"3497\" data-end=\"3512\" data-col-size=\"sm\">2000\u20132200\u00b0C<\/td>\n<\/tr>\n<tr data-start=\"3513\" data-end=\"3569\">\n<td data-start=\"3513\" data-end=\"3530\" data-col-size=\"sm\">H\u1ec7 th\u1ed1ng s\u01b0\u1edfi \u1ea5m<\/td>\n<td data-start=\"3530\" data-end=\"3569\" data-col-size=\"sm\">S\u01b0\u1edfi \u1ea5m ch\u1ecbu nhi\u1ec7t \u0111\u1ed9 cao<\/td>\n<\/tr>\n<tr data-start=\"3570\" data-end=\"3605\">\n<td data-start=\"3570\" data-end=\"3586\" data-col-size=\"sm\">Lo\u1ea1i l\u00f2 nung<\/td>\n<td data-start=\"3586\" data-end=\"3605\" data-col-size=\"sm\">Ch\u00e9n th\u1ea1ch anh<\/td>\n<\/tr>\n<tr data-start=\"3606\" data-end=\"3651\">\n<td data-start=\"3606\" data-end=\"3623\" data-col-size=\"sm\">M\u00f4i tr\u01b0\u1eddng kh\u00ed<\/td>\n<td data-start=\"3623\" data-end=\"3651\" data-col-size=\"sm\">H\u1ed7n h\u1ee3p Argon \/ Hydrogen<\/td>\n<\/tr>\n<tr data-start=\"3652\" data-end=\"3683\">\n<td data-start=\"3652\" data-end=\"3667\" data-col-size=\"sm\">M\u1ee9c ch\u00e2n kh\u00f4ng<\/td>\n<td data-start=\"3667\" data-end=\"3683\" data-col-size=\"sm\">\u22641 \u00d7 10\u207b\u2076 Pa<\/td>\n<\/tr>\n<tr data-start=\"3684\" data-end=\"3737\">\n<td data-start=\"3684\" data-end=\"3705\" data-col-size=\"sm\">K\u00edch th\u01b0\u1edbc l\u00f2 nung<\/td>\n<td data-start=\"3705\" data-end=\"3737\" data-col-size=\"sm\">Kho\u1ea3ng 1200 \u00d7 800 \u00d7 1500 mm<\/td>\n<\/tr>\n<tr data-start=\"3738\" data-end=\"3788\">\n<td data-start=\"3738\" data-end=\"3753\" data-col-size=\"sm\">Ngu\u1ed3n \u0111i\u1ec7n<\/td>\n<td data-start=\"3753\" data-end=\"3788\" data-col-size=\"sm\">H\u1ec7 th\u1ed1ng \u0111i\u1ec7n xoay chi\u1ec1u c\u00f4ng su\u1ea5t cao c\u00f4ng nghi\u1ec7p<\/td>\n<\/tr>\n<\/tbody>\n<\/table>\n<\/div>\n<\/div>\n<h2 data-start=\"3795\" data-end=\"3842\">Ch\u1ea5t l\u01b0\u1ee3ng tinh th\u1ec3 v\u00e0 hi\u1ec7u su\u1ea5t v\u1eadt li\u1ec7u<\/h2>\n<p data-start=\"3844\" data-end=\"3906\">C\u00e1c tinh th\u1ec3 sapphire \u0111\u01b0\u1ee3c nu\u00f4i c\u1ea5y b\u1eb1ng l\u00f2 ZMSH KY c\u00f3 c\u00e1c \u0111\u1eb7c \u0111i\u1ec3m sau:<\/p>\n<ul data-start=\"3908\" data-end=\"4080\">\n<li data-start=\"3908\" data-end=\"3966\">\n<p data-start=\"3910\" data-end=\"3966\">\u0110\u1ed9 trong su\u1ed1t quang h\u1ecdc cao trong m\u1ed9t d\u1ea3i ph\u1ed5 r\u1ed9ng.<\/p>\n<\/li>\n<li data-start=\"3967\" data-end=\"4024\">\n<p data-start=\"3969\" data-end=\"4024\">M\u1eadt \u0111\u1ed9 khuy\u1ebft t\u1eadt th\u1ea5p v\u00e0 c\u1ea5u tr\u00fac tinh th\u1ec3 \u0111\u1ed3ng nh\u1ea5t<\/p>\n<\/li>\n<li data-start=\"4025\" data-end=\"4080\">\n<p data-start=\"4027\" data-end=\"4080\">\u0110\u1ed9 \u1ed5n \u0111\u1ecbnh nhi\u1ec7t v\u00e0 \u0111\u1ed9 b\u1ec1n c\u01a1 h\u1ecdc xu\u1ea5t s\u1eafc<\/p>\n<\/li>\n<\/ul>\n<p data-start=\"4082\" data-end=\"4215\">C\u00e1c \u0111\u1eb7c t\u00ednh n\u00e0y khi\u1ebfn c\u00e1c tinh th\u1ec3 ph\u00f9 h\u1ee3p cho c\u00e1c \u1ee9ng d\u1ee5ng quang h\u1ecdc v\u00e0 \u0111i\u1ec7n t\u1eed hi\u1ec7u su\u1ea5t cao \u0111\u00f2i h\u1ecfi \u0111\u1ed9 tin c\u1eady l\u00e2u d\u00e0i.<\/p>\n<h2 data-start=\"4222\" data-end=\"4251\">\u0110\u1ed9 tin c\u1eady c\u00f4ng nghi\u1ec7p<\/h2>\n<p data-start=\"4253\" data-end=\"4502\">L\u00f2 \u0111\u01b0\u1ee3c thi\u1ebft k\u1ebf cho c\u00e1c chu k\u1ef3 t\u0103ng tr\u01b0\u1edfng k\u00e9o d\u00e0i v\u00e0 ho\u1ea1t \u0111\u1ed9ng c\u00f4ng nghi\u1ec7p li\u00ean t\u1ee5c. C\u1ea5u tr\u00fac c\u01a1 kh\u00ed ch\u1eafc ch\u1eafn, h\u1ec7 th\u1ed1ng \u0111i\u1ec1u khi\u1ec3n \u1ed5n \u0111\u1ecbnh v\u00e0 h\u1ec7 th\u1ed1ng x\u1eed l\u00fd ch\u00e2n kh\u00f4ng v\u00e0 kh\u00ed \u0111\u00e1ng tin c\u1eady \u0111\u1ea3m b\u1ea3o hi\u1ec7u su\u1ea5t \u1ed5n \u0111\u1ecbnh trong nhi\u1ec1u chu k\u1ef3 s\u1ea3n xu\u1ea5t.<\/p>\n<h2 data-start=\"4509\" data-end=\"4541\">D\u1ecbch v\u1ee5 K\u1ef9 thu\u1eadt ZMSH<\/h2>\n<p data-start=\"4543\" data-end=\"4600\">ZMSH cung c\u1ea5p h\u1ed7 tr\u1ee3 k\u1ef9 thu\u1eadt to\u00e0n di\u1ec7n, bao g\u1ed3m:<\/p>\n<ul data-start=\"4602\" data-end=\"4820\">\n<li data-start=\"4602\" data-end=\"4684\">\n<p data-start=\"4604\" data-end=\"4684\">C\u1ea5u h\u00ecnh l\u00f2 nung t\u00f9y ch\u1ec9nh d\u1ef1a tr\u00ean k\u00edch th\u01b0\u1edbc tinh th\u1ec3 v\u00e0 c\u00f4ng su\u1ea5t s\u1ea3n xu\u1ea5t.<\/p>\n<\/li>\n<li data-start=\"4685\" data-end=\"4727\">\n<p data-start=\"4687\" data-end=\"4727\">L\u1eafp \u0111\u1eb7t v\u00e0 v\u1eadn h\u00e0nh t\u1ea1i ch\u1ed7<\/p>\n<\/li>\n<li data-start=\"4728\" data-end=\"4770\">\n<p data-start=\"4730\" data-end=\"4770\">\u0110\u00e0o t\u1ea1o nh\u00e2n vi\u00ean v\u1eadn h\u00e0nh v\u00e0 h\u01b0\u1edbng d\u1eabn quy tr\u00ecnh<\/p>\n<\/li>\n<li data-start=\"4771\" data-end=\"4820\">\n<p data-start=\"4773\" data-end=\"4820\">B\u1ea3o tr\u00ec d\u00e0i h\u1ea1n v\u00e0 d\u1ecbch v\u1ee5 h\u1eadu m\u00e3i<\/p>\n<\/li>\n<\/ul>\n<p data-start=\"4822\" data-end=\"4963\">\u0110\u1ed9i ng\u0169 k\u1ef9 s\u01b0 c\u1ee7a ch\u00fang t\u00f4i h\u1ee3p t\u00e1c ch\u1eb7t ch\u1ebd v\u1edbi kh\u00e1ch h\u00e0ng \u0111\u1ec3 t\u1ed1i \u01b0u h\u00f3a quy tr\u00ecnh t\u0103ng tr\u01b0\u1edfng sapphire v\u00e0 \u0111\u1ea3m b\u1ea3o hi\u1ec7u su\u1ea5t s\u1ea3n xu\u1ea5t \u1ed5n \u0111\u1ecbnh, c\u00f3 th\u1ec3 l\u1eb7p l\u1ea1i.<\/p>\n<h2 data-start=\"4970\" data-end=\"4980\">C\u00e2u h\u1ecfi th\u01b0\u1eddng g\u1eb7p<img decoding=\"async\" class=\"size-medium wp-image-1755 alignright\" src=\"https:\/\/www.zmsh-semitech.com\/wp-content\/uploads\/2026\/01\/pl203679970-sapphire_crystal_growth_furnace_80_400kg_by_the_kyropoulos_method_ky-300x300.jpg\" alt=\"\" width=\"300\" height=\"300\" srcset=\"https:\/\/www.zmsh-semitech.com\/wp-content\/uploads\/2026\/01\/pl203679970-sapphire_crystal_growth_furnace_80_400kg_by_the_kyropoulos_method_ky-300x300.jpg 300w, https:\/\/www.zmsh-semitech.com\/wp-content\/uploads\/2026\/01\/pl203679970-sapphire_crystal_growth_furnace_80_400kg_by_the_kyropoulos_method_ky-150x150.jpg 150w, https:\/\/www.zmsh-semitech.com\/wp-content\/uploads\/2026\/01\/pl203679970-sapphire_crystal_growth_furnace_80_400kg_by_the_kyropoulos_method_ky-100x100.jpg 100w, https:\/\/www.zmsh-semitech.com\/wp-content\/uploads\/2026\/01\/pl203679970-sapphire_crystal_growth_furnace_80_400kg_by_the_kyropoulos_method_ky.jpg 540w\" sizes=\"(max-width: 300px) 100vw, 300px\" \/><\/h2>\n<p data-start=\"4982\" data-end=\"5259\">C\u00e2u 1: Ph\u01b0\u01a1ng ph\u00e1p KY c\u00f3 nh\u1eefng \u01b0u \u0111i\u1ec3m g\u00ec so v\u1edbi ph\u01b0\u01a1ng ph\u00e1p CZ?<br data-start=\"5059\" data-end=\"5062\" \/>A: Ph\u01b0\u01a1ng ph\u00e1p KY t\u1ea1o ra \u1ee9ng su\u1ea5t nhi\u1ec7t th\u1ea5p h\u01a1n v\u00e0 m\u1eadt \u0111\u1ed9 khuy\u1ebft t\u1eadt th\u1ea5p h\u01a1n, khi\u1ebfn n\u00f3 ph\u00f9 h\u1ee3p h\u01a1n cho vi\u1ec7c nu\u00f4i c\u1ea5y tinh th\u1ec3 sapphire c\u00f3 \u0111\u01b0\u1eddng k\u00ednh l\u1edbn v\u00e0 \u0111\u1ed9 d\u00e0y cao so v\u1edbi c\u00e1c quy tr\u00ecnh CZ truy\u1ec1n th\u1ed1ng.<\/p>\n<p data-start=\"5266\" data-end=\"5487\">C\u00e2u h\u1ecfi 2: K\u00edch th\u01b0\u1edbc tinh th\u1ec3 n\u00e0o c\u00f3 th\u1ec3 \u0111\u01b0\u1ee3c s\u1ea3n xu\u1ea5t b\u1eb1ng l\u00f2 n\u00e0y?<br data-start=\"5327\" data-end=\"5330\" \/>H\u1ec7 th\u1ed1ng h\u1ed7 tr\u1ee3 qu\u00e1 tr\u00ecnh nu\u00f4i c\u1ea5y tinh th\u1ec3 sapphire t\u1eeb 80 kg \u0111\u1ebfn 400 kg, v\u1edbi \u0111\u01b0\u1eddng k\u00ednh l\u00ean \u0111\u1ebfn 500 mm v\u00e0 \u0111\u1ed9 d\u00e0y l\u00ean \u0111\u1ebfn 300 mm, t\u00f9y thu\u1ed9c v\u00e0o c\u1ea5u h\u00ecnh.<\/p>\n<p data-start=\"5494\" data-end=\"5746\">C\u00e2u h\u1ecfi 3: L\u00f2 nung c\u00f3 ph\u00f9 h\u1ee3p cho s\u1ea3n xu\u1ea5t sapphire quy m\u00f4 c\u00f4ng nghi\u1ec7p kh\u00f4ng?<br data-start=\"5567\" data-end=\"5570\" \/>A: \u0110\u00fang. L\u00f2 nung \u0111\u01b0\u1ee3c thi\u1ebft k\u1ebf cho ho\u1ea1t \u0111\u1ed9ng c\u00f4ng nghi\u1ec7p v\u1edbi kh\u1ea3 n\u0103ng ki\u1ec3m so\u00e1t nhi\u1ec7t \u0111\u1ed9 \u1ed5n \u0111\u1ecbnh, h\u1ec7 th\u1ed1ng ch\u00e2n kh\u00f4ng v\u00e0 kh\u00ed n\u00e9n \u0111\u00e1ng tin c\u1eady, v\u00e0 ch\u1ea5t l\u01b0\u1ee3ng tinh th\u1ec3 \u0111\u1ed3ng nh\u1ea5t trong su\u1ed1t c\u00e1c chu k\u1ef3 t\u0103ng tr\u01b0\u1edfng d\u00e0i.<\/p>","protected":false},"excerpt":{"rendered":"<p>L\u00f2 t\u0103ng tr\u01b0\u1edfng tinh th\u1ec3 sapphire \u0111\u01b0\u1ee3c thi\u1ebft k\u1ebf \u0111\u1ec3 s\u1ea3n xu\u1ea5t c\u00e1c kh\u1ed1i tinh th\u1ec3 c\u00f3 \u0111\u01b0\u1eddng k\u00ednh l\u1edbn v\u1edbi ki\u1ec3m so\u00e1t nhi\u1ec7t \u0111\u1ed9 \u1ed5n \u0111\u1ecbnh, d\u00e0nh cho tinh th\u1ec3 sapphire ch\u1ea5t l\u01b0\u1ee3ng quang h\u1ecdc v\u00e0 LED.<\/p>","protected":false},"featured_media":1754,"comment_status":"open","ping_status":"closed","template":"","meta":{"site-sidebar-layout":"default","site-content-layout":"","ast-site-content-layout":"default","site-content-style":"default","site-sidebar-style":"default","ast-global-header-display":"","ast-banner-title-visibility":"","ast-main-header-display":"","ast-hfb-above-header-display":"","ast-hfb-below-header-display":"","ast-hfb-mobile-header-display":"","site-post-title":"","ast-breadcrumbs-content":"","ast-featured-img":"","footer-sml-layout":"","ast-disable-related-posts":"","theme-transparent-header-meta":"default","adv-header-id-meta":"","stick-header-meta":"default","header-above-stick-meta":"","header-main-stick-meta":"","header-below-stick-meta":"","astra-migrate-meta-layouts":"set","ast-page-background-enabled":"default","ast-page-background-meta":{"desktop":{"background-color":"var(--ast-global-color-4)","background-image":"","background-repeat":"repeat","background-position":"center center","background-size":"auto","background-attachment":"scroll","background-type":"","background-media":"","overlay-type":"","overlay-color":"","overlay-opacity":"","overlay-gradient":""},"tablet":{"background-color":"","background-image":"","background-repeat":"repeat","background-position":"center center","background-size":"auto","background-attachment":"scroll","background-type":"","background-media":"","overlay-type":"","overlay-color":"","overlay-opacity":"","overlay-gradient":""},"mobile":{"background-color":"","background-image":"","background-repeat":"repeat","background-position":"center center","background-size":"auto","background-attachment":"scroll","background-type":"","background-media":"","overlay-type":"","overlay-color":"","overlay-opacity":"","overlay-gradient":""}},"ast-content-background-meta":{"desktop":{"background-color":"var(--ast-global-color-5)","background-image":"","background-repeat":"repeat","background-position":"center center","background-size":"auto","background-attachment":"scroll","background-type":"","background-media":"","overlay-type":"","overlay-color":"","overlay-opacity":"","overlay-gradient":""},"tablet":{"background-color":"var(--ast-global-color-5)","background-image":"","background-repeat":"repeat","background-position":"center center","background-size":"auto","background-attachment":"scroll","background-type":"","background-media":"","overlay-type":"","overlay-color":"","overlay-opacity":"","overlay-gradient":""},"mobile":{"background-color":"var(--ast-global-color-5)","background-image":"","background-repeat":"repeat","background-position":"center center","background-size":"auto","background-attachment":"scroll","background-type":"","background-media":"","overlay-type":"","overlay-color":"","overlay-opacity":"","overlay-gradient":""}}},"product_brand":[],"product_cat":[15],"product_tag":[149,150,152,154,153,151],"class_list":{"0":"post-1753","1":"product","2":"type-product","3":"status-publish","4":"has-post-thumbnail","6":"product_cat-crystal-growth-furnace","7":"product_tag-ky-sapphire-growth-furnace","8":"product_tag-kyropoulos-sapphire-furnace","9":"product_tag-large-diameter-sapphire-crystal-furnace","10":"product_tag-optical-grade-sapphire-growth","11":"product_tag-sapphire-boule-growth-furnace","12":"product_tag-sapphire-crystal-growth-equipment","13":"desktop-align-left","14":"tablet-align-left","15":"mobile-align-left","16":"ast-product-gallery-layout-horizontal-slider","17":"ast-product-tabs-layout-horizontal","19":"first","20":"instock","21":"shipping-taxable","22":"product-type-simple"},"_links":{"self":[{"href":"https:\/\/www.zmsh-semitech.com\/vi\/wp-json\/wp\/v2\/product\/1753","targetHints":{"allow":["GET"]}}],"collection":[{"href":"https:\/\/www.zmsh-semitech.com\/vi\/wp-json\/wp\/v2\/product"}],"about":[{"href":"https:\/\/www.zmsh-semitech.com\/vi\/wp-json\/wp\/v2\/types\/product"}],"replies":[{"embeddable":true,"href":"https:\/\/www.zmsh-semitech.com\/vi\/wp-json\/wp\/v2\/comments?post=1753"}],"version-history":[{"count":2,"href":"https:\/\/www.zmsh-semitech.com\/vi\/wp-json\/wp\/v2\/product\/1753\/revisions"}],"predecessor-version":[{"id":1759,"href":"https:\/\/www.zmsh-semitech.com\/vi\/wp-json\/wp\/v2\/product\/1753\/revisions\/1759"}],"wp:featuredmedia":[{"embeddable":true,"href":"https:\/\/www.zmsh-semitech.com\/vi\/wp-json\/wp\/v2\/media\/1754"}],"wp:attachment":[{"href":"https:\/\/www.zmsh-semitech.com\/vi\/wp-json\/wp\/v2\/media?parent=1753"}],"wp:term":[{"taxonomy":"product_brand","embeddable":true,"href":"https:\/\/www.zmsh-semitech.com\/vi\/wp-json\/wp\/v2\/product_brand?post=1753"},{"taxonomy":"product_cat","embeddable":true,"href":"https:\/\/www.zmsh-semitech.com\/vi\/wp-json\/wp\/v2\/product_cat?post=1753"},{"taxonomy":"product_tag","embeddable":true,"href":"https:\/\/www.zmsh-semitech.com\/vi\/wp-json\/wp\/v2\/product_tag?post=1753"}],"curies":[{"name":"wp","href":"https:\/\/api.w.org\/{rel}","templated":true}]}}