{"id":1737,"date":"2026-01-23T01:45:47","date_gmt":"2026-01-23T01:45:47","guid":{"rendered":"https:\/\/www.zmsh-semitech.com\/?post_type=product&#038;p=1737"},"modified":"2026-01-23T01:47:36","modified_gmt":"2026-01-23T01:47:36","slug":"sic-single-crystal-resistance-heating-growth-furnace-for-6-inch-8-inch-and-12-inch-wafer-production-pvt-method","status":"publish","type":"product","link":"https:\/\/www.zmsh-semitech.com\/vi\/product\/sic-single-crystal-resistance-heating-growth-furnace-for-6-inch-8-inch-and-12-inch-wafer-production-pvt-method\/","title":{"rendered":"L\u00f2 nung tinh th\u1ec3 \u0111\u01a1n SiC b\u1eb1ng ph\u01b0\u01a1ng ph\u00e1p gia nhi\u1ec7t \u0111i\u1ec7n tr\u1edf cho s\u1ea3n xu\u1ea5t wafer 6 inch, 8 inch v\u00e0 12 inch (ph\u01b0\u01a1ng ph\u00e1p PVT)"},"content":{"rendered":"<h2 data-start=\"477\" data-end=\"500\">T\u1ed5ng quan v\u1ec1 s\u1ea3n ph\u1ea9m<\/h2>\n<p>&nbsp;<\/p>\n<p data-start=\"502\" data-end=\"769\">L\u00f2 nung tinh th\u1ec3 \u0111\u01a1n silicon carbide (SiC) b\u1eb1ng \u0111i\u1ec7n tr\u1edf ZMSH l\u00e0 h\u1ec7 th\u1ed1ng t\u0103ng tr\u01b0\u1edfng tinh th\u1ec3 nhi\u1ec7t \u0111\u1ed9 cao \u0111\u01b0\u1ee3c thi\u1ebft k\u1ebf chuy\u00ean bi\u1ec7t cho s\u1ea3n xu\u1ea5t tinh th\u1ec3 \u0111\u01a1n silicon carbide c\u00f3 \u0111\u01b0\u1eddng k\u00ednh l\u1edbn, h\u1ed7 tr\u1ee3 s\u1ea3n xu\u1ea5t wafer SiC c\u00f3 k\u00edch th\u01b0\u1edbc 6 inch, 8 inch v\u00e0 12 inch.<\/p>\n<p><img fetchpriority=\"high\" decoding=\"async\" class=\"size-medium wp-image-1741 alignright\" src=\"https:\/\/www.zmsh-semitech.com\/wp-content\/uploads\/2026\/01\/pl204262693-sic_single_crystal_resistance_heating_crystal_growth_furnace_for_6inch_8inch_12inch_sic_wafers_manufacture-300x199.webp\" alt=\"\" width=\"300\" height=\"199\" srcset=\"https:\/\/www.zmsh-semitech.com\/wp-content\/uploads\/2026\/01\/pl204262693-sic_single_crystal_resistance_heating_crystal_growth_furnace_for_6inch_8inch_12inch_sic_wafers_manufacture-300x199.webp 300w, https:\/\/www.zmsh-semitech.com\/wp-content\/uploads\/2026\/01\/pl204262693-sic_single_crystal_resistance_heating_crystal_growth_furnace_for_6inch_8inch_12inch_sic_wafers_manufacture.webp 590w\" sizes=\"(max-width: 300px) 100vw, 300px\" \/><\/p>\n<p data-start=\"502\" data-end=\"769\">uring.<\/p>\n<p data-start=\"771\" data-end=\"1198\">L\u00f2 nung \u0111\u01b0\u1ee3c thi\u1ebft k\u1ebf d\u1ef1a tr\u00ean nguy\u00ean l\u00fd t\u0103ng tr\u01b0\u1edfng tinh th\u1ec3 b\u1eb1ng v\u1eadn chuy\u1ec3n h\u01a1i v\u1eadt l\u00fd (PVT), t\u00edch h\u1ee3p ki\u1ec3m so\u00e1t gia nhi\u1ec7t b\u1eb1ng \u0111i\u1ec7n tr\u1edf ch\u00ednh x\u00e1c, ph\u00e2n b\u1ed1 tr\u01b0\u1eddng nhi\u1ec7t \u1ed5n \u0111\u1ecbnh, qu\u1ea3n l\u00fd m\u00f4i tr\u01b0\u1eddng ch\u00e2n kh\u00f4ng cao v\u00e0 \u0111i\u1ec1u ch\u1ec9nh \u00e1p su\u1ea5t ch\u00ednh x\u00e1c.<br data-start=\"1021\" data-end=\"1024\" \/>C\u1ea5u h\u00ecnh n\u00e0y cho ph\u00e9p s\u1ea3n xu\u1ea5t c\u00e1c tinh th\u1ec3 SiC \u0111\u01a1n tinh th\u1ec3 c\u00f3 \u0111\u1ed9 tinh khi\u1ebft cao v\u00e0 m\u1eadt \u0111\u1ed9 khuy\u1ebft t\u1eadt th\u1ea5p, ph\u00f9 h\u1ee3p cho c\u00e1c \u1ee9ng d\u1ee5ng trong l\u0129nh v\u1ef1c b\u00e1n d\u1eabn c\u00f4ng su\u1ea5t cao v\u00e0 thi\u1ebft b\u1ecb \u0111i\u1ec7n t\u1eed ti\u00ean ti\u1ebfn.<\/p>\n<p data-start=\"1200\" data-end=\"1400\">H\u1ec7 th\u1ed1ng \u0111\u01b0\u1ee3c ph\u00e1t tri\u1ec3n \u0111\u1ec3 \u0111\u00e1p \u1ee9ng c\u00e1c y\u00eau c\u1ea7u s\u1ea3n xu\u1ea5t c\u00f4ng nghi\u1ec7p, \u0111\u1ea3m b\u1ea3o t\u00ednh \u1ed5n \u0111\u1ecbnh c\u1ee7a quy tr\u00ecnh, t\u00ednh l\u1eb7p l\u1ea1i v\u00e0 \u0111\u1ed9 tin c\u1eady ho\u1ea1t \u0111\u1ed9ng l\u00e2u d\u00e0i trong m\u00f4i tr\u01b0\u1eddng nu\u00f4i c\u1ea5y tinh th\u1ec3 SiC quy m\u00f4 l\u1edbn.<\/p>\n<p data-start=\"1200\" data-end=\"1400\">\n<h2 data-start=\"1407\" data-end=\"1441\">N\u0103ng l\u1ef1c k\u1ef9 thu\u1eadt c\u1ed1t l\u00f5i<\/h2>\n<p>&nbsp;<\/p>\n<h3 data-start=\"1443\" data-end=\"1491\">H\u1ec7 th\u1ed1ng s\u01b0\u1edfi \u1ea5m b\u1eb1ng \u0111i\u1ec7n tr\u1edf c\u00f3 \u0111\u1ed9 \u1ed5n \u0111\u1ecbnh cao<\/h3>\n<p data-start=\"1492\" data-end=\"1742\">L\u00f2 nung s\u1eed d\u1ee5ng c\u1ea5u tr\u00fac gia nhi\u1ec7t kh\u00e1ng \u0111a v\u00f9ng \u0111\u1ec3 \u0111\u1ea1t \u0111\u01b0\u1ee3c ph\u00e2n b\u1ed1 nhi\u1ec7t \u0111\u1ed9 \u0111\u1ed3ng \u0111\u1ec1u theo tr\u1ee5c v\u00e0 b\u00e1n k\u00ednh. \u0110i\u1ec1u n\u00e0y gi\u00fap gi\u1ea3m thi\u1ec3u \u0111\u1ed9 ch\u00eanh l\u1ec7ch nhi\u1ec7t \u0111\u1ed9, gi\u1ea3m \u1ee9ng su\u1ea5t b\u00ean trong v\u00e0 c\u1ea3i thi\u1ec7n t\u00ednh to\u00e0n v\u1eb9n c\u1ea5u tr\u00fac tinh th\u1ec3 trong qu\u00e1 tr\u00ecnh ph\u00e1t tri\u1ec3n.<\/p>\n<h3 data-start=\"1744\" data-end=\"1790\">\u0110i\u1ec1u khi\u1ec3n nhi\u1ec7t \u0111\u1ed9 v\u00e0 \u00e1p su\u1ea5t ch\u00ednh x\u00e1c<\/h3>\n<ul data-start=\"1791\" data-end=\"1929\">\n<li data-start=\"1791\" data-end=\"1839\">\n<p data-start=\"1793\" data-end=\"1839\">Nhi\u1ec7t \u0111\u1ed9 ho\u1ea1t \u0111\u1ed9ng t\u1ed1i \u0111a l\u00ean \u0111\u1ebfn 2500\u00b0C<\/p>\n<\/li>\n<li data-start=\"1840\" data-end=\"1880\">\n<p data-start=\"1842\" data-end=\"1880\">\u0110\u1ed9 ch\u00ednh x\u00e1c \u0111i\u1ec1u khi\u1ec3n nhi\u1ec7t \u0111\u1ed9: \u00b11\u00b0C<\/p>\n<\/li>\n<li data-start=\"1881\" data-end=\"1929\">\n<p data-start=\"1883\" data-end=\"1929\">D\u1ea3i \u0111i\u1ec1u ch\u1ec9nh \u00e1p su\u1ea5t r\u1ed9ng: 1\u2013700 mbar<\/p>\n<\/li>\n<\/ul>\n<p data-start=\"1931\" data-end=\"2090\">C\u00e1c th\u00f4ng s\u1ed1 n\u00e0y cung c\u1ea5p m\u1ed9t m\u00f4i tr\u01b0\u1eddng nhi\u1ec7t \u0111\u1ed9ng l\u1ef1c h\u1ecdc \u1ed5n \u0111\u1ecbnh, c\u1ea7n thi\u1ebft cho qu\u00e1 tr\u00ecnh bay h\u01a1i c\u00f3 ki\u1ec3m so\u00e1t, v\u1eadn chuy\u1ec3n h\u01a1i v\u00e0 t\u00e1i tinh th\u1ec3 h\u00f3a tinh th\u1ec3 trong qu\u00e1 tr\u00ecnh t\u0103ng tr\u01b0\u1edfng SiC.<\/p>\n<h3 data-start=\"2092\" data-end=\"2138\">Kh\u1ea3 n\u0103ng nu\u00f4i c\u1ea5y tinh th\u1ec3 c\u00f3 \u0111\u01b0\u1eddng k\u00ednh l\u1edbn<\/h3>\n<p data-start=\"2139\" data-end=\"2348\">V\u1edbi \u0111\u01b0\u1eddng k\u00ednh ch\u1ea3o n\u1ea5u 900 mm, h\u1ec7 th\u1ed1ng h\u1ed7 tr\u1ee3 qu\u00e1 tr\u00ecnh s\u1ea3n xu\u1ea5t c\u00e1c th\u1ecfi SiC th\u1ebf h\u1ec7 m\u1edbi c\u00f3 k\u00edch th\u01b0\u1edbc 8 inch v\u00e0 12 inch, gi\u00fap c\u00e1c nh\u00e0 s\u1ea3n xu\u1ea5t m\u1edf r\u1ed9ng quy m\u00f4 s\u1ea3n xu\u1ea5t \u0111\u1ed3ng th\u1eddi n\u00e2ng cao hi\u1ec7u su\u1ea5t v\u00e0 \u0111\u1ed9 \u0111\u1ed3ng nh\u1ea5t c\u1ee7a wafer.<\/p>\n<h3 data-start=\"2350\" data-end=\"2388\">M\u00f4i tr\u01b0\u1eddng t\u0103ng tr\u01b0\u1edfng ch\u00e2n kh\u00f4ng cao<\/h3>\n<p data-start=\"2389\" data-end=\"2551\">L\u00f2 nung duy tr\u00ec bu\u1ed3ng t\u0103ng tr\u01b0\u1edfng ch\u00e2n kh\u00f4ng cao, r\u00f2 r\u1ec9 th\u1ea5p, \u0111\u1ea3m b\u1ea3o gi\u1ea3m thi\u1ec3u r\u1ee7i ro \u00f4 nhi\u1ec5m, n\u00e2ng cao \u0111\u1ed9 tinh khi\u1ebft c\u1ee7a tinh th\u1ec3 v\u00e0 ho\u1ea1t \u0111\u1ed9ng \u1ed5n \u0111\u1ecbnh trong th\u1eddi gian d\u00e0i.<\/p>\n<h2 data-start=\"2558\" data-end=\"2588\"><\/h2>\n<h2 data-start=\"2558\" data-end=\"2588\">\u1ee8ng d\u1ee5ng c\u00f4ng nghi\u1ec7p<img decoding=\"async\" class=\"size-medium wp-image-1739 alignright\" src=\"https:\/\/www.zmsh-semitech.com\/wp-content\/uploads\/2026\/01\/pl204262670-sic_single_crystal_resistance_heating_crystal_growth_furnace_for_6inch_8inch_12inch_sic_wafers_manufacture-300x300.webp\" alt=\"\" width=\"300\" height=\"300\" srcset=\"https:\/\/www.zmsh-semitech.com\/wp-content\/uploads\/2026\/01\/pl204262670-sic_single_crystal_resistance_heating_crystal_growth_furnace_for_6inch_8inch_12inch_sic_wafers_manufacture-300x300.webp 300w, https:\/\/www.zmsh-semitech.com\/wp-content\/uploads\/2026\/01\/pl204262670-sic_single_crystal_resistance_heating_crystal_growth_furnace_for_6inch_8inch_12inch_sic_wafers_manufacture-150x150.webp 150w, https:\/\/www.zmsh-semitech.com\/wp-content\/uploads\/2026\/01\/pl204262670-sic_single_crystal_resistance_heating_crystal_growth_furnace_for_6inch_8inch_12inch_sic_wafers_manufacture-600x600.webp 600w, https:\/\/www.zmsh-semitech.com\/wp-content\/uploads\/2026\/01\/pl204262670-sic_single_crystal_resistance_heating_crystal_growth_furnace_for_6inch_8inch_12inch_sic_wafers_manufacture-100x100.webp 100w, https:\/\/www.zmsh-semitech.com\/wp-content\/uploads\/2026\/01\/pl204262670-sic_single_crystal_resistance_heating_crystal_growth_furnace_for_6inch_8inch_12inch_sic_wafers_manufacture.webp 607w\" sizes=\"(max-width: 300px) 100vw, 300px\" \/><\/h2>\n<p>&nbsp;<\/p>\n<ul data-start=\"2590\" data-end=\"2828\">\n<li data-start=\"2590\" data-end=\"2624\">\n<p data-start=\"2592\" data-end=\"2624\">V\u1eadt li\u1ec7u n\u1ec1n cho linh ki\u1ec7n b\u00e1n d\u1eabn c\u00f4ng su\u1ea5t<\/p>\n<\/li>\n<li data-start=\"2625\" data-end=\"2659\">\n<p data-start=\"2627\" data-end=\"2659\">M\u00f4-\u0111un ngu\u1ed3n cho xe \u0111i\u1ec7n<\/p>\n<\/li>\n<li data-start=\"2660\" data-end=\"2701\">\n<p data-start=\"2662\" data-end=\"2701\">Thi\u1ebft b\u1ecb MOSFET v\u00e0 \u0111i\u1ed1t \u0111i\u1ec7n \u00e1p cao<\/p>\n<\/li>\n<li data-start=\"2702\" data-end=\"2747\">\n<p data-start=\"2704\" data-end=\"2747\">H\u1ec7 th\u1ed1ng chuy\u1ec3n \u0111\u1ed5i n\u0103ng l\u01b0\u1ee3ng t\u00e1i t\u1ea1o<\/p>\n<\/li>\n<li data-start=\"2748\" data-end=\"2795\">\n<p data-start=\"2750\" data-end=\"2795\">C\u00e1c linh ki\u1ec7n \u0111i\u1ec7n t\u1eed t\u1ea7n s\u1ed1 cao v\u00e0 t\u1ea7n s\u1ed1 v\u00f4 tuy\u1ebfn (RF)<\/p>\n<\/li>\n<li data-start=\"2796\" data-end=\"2828\">\n<p data-start=\"2798\" data-end=\"2828\">\u0110i\u1ec7n t\u1eed c\u00f4ng nghi\u1ec7p<\/p>\n<\/li>\n<\/ul>\n<p>&nbsp;<\/p>\n<h2 data-start=\"2835\" data-end=\"2866\">Th\u00f4ng s\u1ed1 k\u1ef9 thu\u1eadt<\/h2>\n<p>&nbsp;<\/p>\n<div class=\"TyagGW_tableContainer\">\n<div class=\"group TyagGW_tableWrapper flex flex-col-reverse w-fit\" tabindex=\"-1\">\n<table class=\"w-fit min-w-(--thread-content-width)\" data-start=\"2868\" data-end=\"3773\">\n<thead data-start=\"2868\" data-end=\"2901\">\n<tr data-start=\"2868\" data-end=\"2901\">\n<th data-start=\"2868\" data-end=\"2874\" data-col-size=\"sm\">S\u1ed1.<\/th>\n<th data-start=\"2874\" data-end=\"2890\" data-col-size=\"sm\">Th\u00f4ng s\u1ed1 k\u1ef9 thu\u1eadt<\/th>\n<th data-start=\"2890\" data-end=\"2901\" data-col-size=\"md\">Chi ti\u1ebft<\/th>\n<\/tr>\n<\/thead>\n<tbody data-start=\"2936\" data-end=\"3773\">\n<tr data-start=\"2936\" data-end=\"2961\">\n<td data-start=\"2936\" data-end=\"2940\" data-col-size=\"sm\">1<\/td>\n<td data-start=\"2940\" data-end=\"2948\" data-col-size=\"sm\">M\u00f4 h\u00ecnh<\/td>\n<td data-start=\"2948\" data-end=\"2961\" data-col-size=\"md\">PVT-RS-40<\/td>\n<\/tr>\n<tr data-start=\"2962\" data-end=\"3024\">\n<td data-start=\"2962\" data-end=\"2966\" data-col-size=\"sm\">2<\/td>\n<td data-start=\"2966\" data-end=\"2999\" data-col-size=\"sm\">K\u00edch th\u01b0\u1edbc l\u00f2 (D\u00e0i \u00d7 R\u1ed9ng \u00d7 Cao)<\/td>\n<td data-start=\"2999\" data-end=\"3024\" data-col-size=\"md\">2500 \u00d7 2400 \u00d7 3456 mm<\/td>\n<\/tr>\n<tr data-start=\"3025\" data-end=\"3059\">\n<td data-start=\"3025\" data-end=\"3029\" data-col-size=\"sm\">3<\/td>\n<td data-start=\"3029\" data-end=\"3049\" data-col-size=\"sm\">\u0110\u01b0\u1eddng k\u00ednh l\u00f2 nung<\/td>\n<td data-start=\"3049\" data-end=\"3059\" data-col-size=\"md\">900 mm<\/td>\n<\/tr>\n<tr data-start=\"3060\" data-end=\"3127\">\n<td data-start=\"3060\" data-end=\"3064\" data-col-size=\"sm\">4<\/td>\n<td data-start=\"3064\" data-end=\"3091\" data-col-size=\"sm\">\u00c1p su\u1ea5t ch\u00e2n kh\u00f4ng t\u1ed1i \u0111a<\/td>\n<td data-start=\"3091\" data-end=\"3127\" data-col-size=\"md\">6 \u00d7 10\u207b\u2074 Pa (sau 1,5 gi\u1edd ch\u00e2n kh\u00f4ng)<\/td>\n<\/tr>\n<tr data-start=\"3128\" data-end=\"3174\">\n<td data-start=\"3128\" data-end=\"3132\" data-col-size=\"sm\">5<\/td>\n<td data-start=\"3132\" data-end=\"3147\" data-col-size=\"sm\">T\u1ef7 l\u1ec7 r\u00f2 r\u1ec9<\/td>\n<td data-start=\"3147\" data-end=\"3174\" data-col-size=\"md\">\u22645 Pa \/ 12 gi\u1edd (qu\u00e1 tr\u00ecnh s\u1ea5y kh\u00f4)<\/td>\n<\/tr>\n<tr data-start=\"3175\" data-end=\"3214\">\n<td data-start=\"3175\" data-end=\"3179\" data-col-size=\"sm\">6<\/td>\n<td data-start=\"3179\" data-end=\"3205\" data-col-size=\"sm\">\u0110\u01b0\u1eddng k\u00ednh tr\u1ee5c quay<\/td>\n<td data-start=\"3205\" data-end=\"3214\" data-col-size=\"md\">50 mm<\/td>\n<\/tr>\n<tr data-start=\"3215\" data-end=\"3249\">\n<td data-start=\"3215\" data-end=\"3219\" data-col-size=\"sm\">7<\/td>\n<td data-start=\"3219\" data-end=\"3236\" data-col-size=\"sm\">T\u1ed1c \u0111\u1ed9 quay<\/td>\n<td data-start=\"3236\" data-end=\"3249\" data-col-size=\"md\">0,5\u20135 v\u00f2ng\/ph\u00fat<\/td>\n<\/tr>\n<tr data-start=\"3250\" data-end=\"3302\">\n<td data-start=\"3250\" data-end=\"3254\" data-col-size=\"sm\">8<\/td>\n<td data-start=\"3254\" data-end=\"3271\" data-col-size=\"sm\">Ph\u01b0\u01a1ng ph\u00e1p s\u01b0\u1edfi \u1ea5m<\/td>\n<td data-start=\"3271\" data-end=\"3302\" data-col-size=\"md\">S\u01b0\u1edfi \u1ea5m b\u1eb1ng \u0111i\u1ec7n tr\u1edf<\/td>\n<\/tr>\n<tr data-start=\"3303\" data-end=\"3347\">\n<td data-start=\"3303\" data-end=\"3307\" data-col-size=\"sm\">9<\/td>\n<td data-start=\"3307\" data-end=\"3337\" data-col-size=\"sm\">Nhi\u1ec7t \u0111\u1ed9 t\u1ed1i \u0111a c\u1ee7a l\u00f2<\/td>\n<td data-start=\"3337\" data-end=\"3347\" data-col-size=\"md\">2500\u00b0C<\/td>\n<\/tr>\n<tr data-start=\"3348\" data-end=\"3389\">\n<td data-start=\"3348\" data-end=\"3352\" data-col-size=\"sm\">10<\/td>\n<td data-start=\"3352\" data-end=\"3368\" data-col-size=\"sm\">C\u00f4ng su\u1ea5t s\u01b0\u1edfi \u1ea5m<\/td>\n<td data-start=\"3368\" data-end=\"3389\" data-col-size=\"md\">40 kW \u00d7 2 + 20 kW<\/td>\n<\/tr>\n<tr data-start=\"3390\" data-end=\"3453\">\n<td data-start=\"3390\" data-end=\"3394\" data-col-size=\"sm\">11<\/td>\n<td data-start=\"3394\" data-end=\"3420\" data-col-size=\"sm\">\u0110o nhi\u1ec7t \u0111\u1ed9<\/td>\n<td data-start=\"3420\" data-end=\"3453\" data-col-size=\"md\">Pyrometer h\u1ed3ng ngo\u1ea1i hai m\u00e0u<\/td>\n<\/tr>\n<tr data-start=\"3454\" data-end=\"3492\">\n<td data-start=\"3454\" data-end=\"3458\" data-col-size=\"sm\">12<\/td>\n<td data-start=\"3458\" data-end=\"3478\" data-col-size=\"sm\">Ph\u1ea1m vi nhi\u1ec7t \u0111\u1ed9<\/td>\n<td data-start=\"3478\" data-end=\"3492\" data-col-size=\"md\">900\u20133000\u00b0C<\/td>\n<\/tr>\n<tr data-start=\"3493\" data-end=\"3528\">\n<td data-start=\"3493\" data-end=\"3497\" data-col-size=\"sm\">13<\/td>\n<td data-start=\"3497\" data-end=\"3520\" data-col-size=\"sm\">\u0110\u1ed9 ch\u00ednh x\u00e1c nhi\u1ec7t \u0111\u1ed9<\/td>\n<td data-start=\"3520\" data-end=\"3528\" data-col-size=\"md\">\u00b11\u00b0C<\/td>\n<\/tr>\n<tr data-start=\"3529\" data-end=\"3564\">\n<td data-start=\"3529\" data-end=\"3533\" data-col-size=\"sm\">14<\/td>\n<td data-start=\"3533\" data-end=\"3550\" data-col-size=\"sm\">D\u1ea3i \u00e1p su\u1ea5t<\/td>\n<td data-start=\"3550\" data-end=\"3564\" data-col-size=\"md\">1\u2013700 mbar<\/td>\n<\/tr>\n<tr data-start=\"3565\" data-end=\"3617\">\n<td data-start=\"3565\" data-end=\"3569\" data-col-size=\"sm\">15<\/td>\n<td data-start=\"3569\" data-end=\"3597\" data-col-size=\"sm\">\u0110\u1ed9 ch\u00ednh x\u00e1c \u0111i\u1ec1u khi\u1ec3n \u00e1p su\u1ea5t<\/td>\n<td data-start=\"3597\" data-end=\"3617\" data-col-size=\"md\">\u00b10.5% to\u00e0n thang \u0111o<\/td>\n<\/tr>\n<tr data-start=\"3618\" data-end=\"3691\">\n<td data-start=\"3618\" data-end=\"3622\" data-col-size=\"sm\">16<\/td>\n<td data-start=\"3622\" data-end=\"3639\" data-col-size=\"sm\">Lo\u1ea1i ho\u1ea1t \u0111\u1ed9ng<\/td>\n<td data-start=\"3639\" data-end=\"3691\" data-col-size=\"md\">T\u1ea3i t\u1eeb ph\u00eda d\u01b0\u1edbi, ch\u1ebf \u0111\u1ed9 an to\u00e0n th\u1ee7 c\u00f4ng ho\u1eb7c t\u1ef1 \u0111\u1ed9ng<\/td>\n<\/tr>\n<tr data-start=\"3692\" data-end=\"3773\">\n<td data-start=\"3692\" data-end=\"3696\" data-col-size=\"sm\">17<\/td>\n<td data-start=\"3696\" data-end=\"3722\" data-col-size=\"sm\">C\u00e1c t\u00f9y ch\u1ecdn c\u1ea5u h\u00ecnh<\/td>\n<td data-start=\"3722\" data-end=\"3773\" data-col-size=\"md\">H\u1ec7 th\u1ed1ng s\u01b0\u1edfi \u1ea5m \u0111a v\u00f9ng, gi\u00e1m s\u00e1t nhi\u1ec7t \u0111\u1ed9 k\u00e9p<\/td>\n<\/tr>\n<\/tbody>\n<\/table>\n<\/div>\n<\/div>\n<h2 data-start=\"3780\" data-end=\"3813\"><\/h2>\n<h2 data-start=\"3780\" data-end=\"3813\">Hi\u1ec7u su\u1ea5t ph\u00e1t tri\u1ec3n tinh th\u1ec3<\/h2>\n<p>&nbsp;<\/p>\n<p data-start=\"3815\" data-end=\"3894\">H\u1ec7 th\u1ed1ng cho ph\u00e9p s\u1ea3n xu\u1ea5t c\u00e1c tinh th\u1ec3 SiC \u0111\u01a1n tinh th\u1ec3 ch\u1ea5t l\u01b0\u1ee3ng cao v\u1edbi:<\/p>\n<ul data-start=\"3896\" data-end=\"4036\">\n<li data-start=\"3896\" data-end=\"3923\">\n<p data-start=\"3898\" data-end=\"3923\">M\u1eadt \u0111\u1ed9 khuy\u1ebft t\u1eadt th\u1ea5p<\/p>\n<\/li>\n<li data-start=\"3924\" data-end=\"3954\">\n<p data-start=\"3926\" data-end=\"3954\">\u0110\u1ed9 \u0111\u1ed3ng nh\u1ea5t c\u1ea5u tr\u00fac cao<\/p>\n<\/li>\n<li data-start=\"3955\" data-end=\"3987\">\n<p data-start=\"3957\" data-end=\"3987\">T\u00ednh ch\u1ea5t \u0111i\u1ec7n \u1ed5n \u0111\u1ecbnh<\/p>\n<\/li>\n<li data-start=\"3988\" data-end=\"4036\">\n<p data-start=\"3990\" data-end=\"4036\">Hi\u1ec7u su\u1ea5t nhi\u1ec7t v\u00e0 c\u01a1 h\u1ecdc xu\u1ea5t s\u1eafc<\/p>\n<\/li>\n<\/ul>\n<p data-start=\"4038\" data-end=\"4178\">Nh\u1eefng \u0111\u1eb7c t\u00ednh n\u00e0y l\u00e0 y\u1ebfu t\u1ed1 quan tr\u1ecdng \u0111\u1ed1i v\u1edbi c\u00e1c t\u1ea5m wafer ch\u1ea5t l\u01b0\u1ee3ng b\u00e1n d\u1eabn \u0111\u01b0\u1ee3c s\u1eed d\u1ee5ng trong s\u1ea3n xu\u1ea5t c\u00e1c thi\u1ebft b\u1ecb c\u00f3 c\u00f4ng su\u1ea5t cao, \u0111i\u1ec7n \u00e1p cao v\u00e0 t\u1ea7n s\u1ed1 cao.<\/p>\n<p data-start=\"4038\" data-end=\"4178\">\n<h2 data-start=\"4185\" data-end=\"4217\">D\u1ecbch v\u1ee5 K\u1ef9 thu\u1eadt ZMSH<\/h2>\n<p>&nbsp;<\/p>\n<h3 data-start=\"4219\" data-end=\"4254\">C\u1ea5u h\u00ecnh h\u1ec7 th\u1ed1ng t\u00f9y ch\u1ec9nh<\/h3>\n<p data-start=\"4255\" data-end=\"4405\">C\u1ea5u tr\u00fac l\u00f2, v\u00f9ng gia nhi\u1ec7t, h\u1ec7 th\u1ed1ng \u0111i\u1ec1u khi\u1ec3n v\u00e0 k\u00edch th\u01b0\u1edbc bu\u1ed3ng c\u00f3 th\u1ec3 \u0111\u01b0\u1ee3c t\u00f9y ch\u1ec9nh theo quy m\u00f4 s\u1ea3n xu\u1ea5t v\u00e0 y\u00eau c\u1ea7u v\u1ec1 k\u00edch th\u01b0\u1edbc wafer.<\/p>\n<h3 data-start=\"4407\" data-end=\"4445\">L\u1eafp \u0111\u1eb7t v\u00e0 v\u1eadn h\u00e0nh th\u1eed<\/h3>\n<p data-start=\"4446\" data-end=\"4564\">Vi\u1ec7c l\u1eafp \u0111\u1eb7t h\u1ec7 th\u1ed1ng t\u1ea1i ch\u1ed7, hi\u1ec7u chu\u1ea9n v\u00e0 ki\u1ec3m tra v\u1eadn h\u00e0nh \u0111\u01b0\u1ee3c th\u1ef1c hi\u1ec7n b\u1edfi c\u00e1c \u0111\u1ed9i ng\u0169 k\u1ef9 s\u01b0 chuy\u00ean nghi\u1ec7p.<\/p>\n<h3 data-start=\"4566\" data-end=\"4592\">\u0110\u00e0o t\u1ea1o k\u1ef9 thu\u1eadt<\/h3>\n<p data-start=\"4593\" data-end=\"4699\">C\u00e1c ch\u01b0\u01a1ng tr\u00ecnh \u0111\u00e0o t\u1ea1o nh\u00e2n vi\u00ean v\u1eadn h\u00e0nh bao g\u1ed3m v\u1eadn h\u00e0nh thi\u1ebft b\u1ecb, \u0111i\u1ec1u khi\u1ec3n quy tr\u00ecnh, b\u1ea3o tr\u00ec v\u00e0 ch\u1ea9n \u0111o\u00e1n s\u1ef1 c\u1ed1.<\/p>\n<h3 data-start=\"4701\" data-end=\"4726\">H\u1ed7 tr\u1ee3 d\u00e0i h\u1ea1n<\/h3>\n<p data-start=\"4727\" data-end=\"4835\">H\u1ed7 tr\u1ee3 k\u1ef9 thu\u1eadt trong su\u1ed1t v\u00f2ng \u0111\u1eddi s\u1ea3n ph\u1ea9m, d\u1ecbch v\u1ee5 b\u1ea3o tr\u00ec v\u00e0 cung c\u1ea5p linh ki\u1ec7n thay th\u1ebf \u0111\u1ea3m b\u1ea3o ho\u1ea1t \u0111\u1ed9ng \u1ed5n \u0111\u1ecbnh l\u00e2u d\u00e0i.<\/p>\n<h2 data-start=\"4842\" data-end=\"4852\"><\/h2>\n<h2 data-start=\"4842\" data-end=\"4852\">C\u00e2u h\u1ecfi th\u01b0\u1eddng g\u1eb7p<\/h2>\n<p>&nbsp;<\/p>\n<p data-start=\"4854\" data-end=\"5148\">C\u00e2u 1: L\u00f2 n\u00e0y s\u1eed d\u1ee5ng ph\u01b0\u01a1ng ph\u00e1p t\u0103ng tr\u01b0\u1edfng tinh th\u1ec3 n\u00e0o?<br data-start=\"4911\" data-end=\"4914\" \/>A: L\u00f2 nung ho\u1ea1t \u0111\u1ed9ng d\u1ef1a tr\u00ean ph\u01b0\u01a1ng ph\u00e1p V\u1eadn chuy\u1ec3n H\u01a1i V\u1eadt l\u00fd (PVT), cho ph\u00e9p qu\u00e1 tr\u00ecnh bay h\u01a1i v\u00e0 t\u00e1i k\u1ebft tinh c\u00f3 ki\u1ec3m so\u00e1t c\u1ee7a silicon carbide \u1edf nhi\u1ec7t \u0111\u1ed9 cao, l\u00e0m cho n\u00f3 ph\u00f9 h\u1ee3p cho vi\u1ec7c nu\u00f4i c\u1ea5y tinh th\u1ec3 \u0111\u01a1n ch\u1ea5t l\u01b0\u1ee3ng cao.<\/p>\n<p data-start=\"5150\" data-end=\"5371\">C\u00e2u 2: L\u00f2 nung c\u00f3 th\u1ec3 h\u1ed7 tr\u1ee3 c\u00e1c k\u00edch th\u01b0\u1edbc wafer n\u00e0o?<br data-start=\"5199\" data-end=\"5202\" \/>H\u1ec7 th\u1ed1ng \u0111\u01b0\u1ee3c thi\u1ebft k\u1ebf \u0111\u1ec3 nu\u00f4i c\u1ea5y tinh th\u1ec3 \u0111\u01a1n silicon carbide c\u00f3 k\u00edch th\u01b0\u1edbc 6 inch, 8 inch v\u00e0 12 inch, \u0111\u00e1p \u1ee9ng c\u00e1c y\u00eau c\u1ea7u s\u1ea3n xu\u1ea5t wafer hi\u1ec7n t\u1ea1i v\u00e0 th\u1ebf h\u1ec7 ti\u1ebfp theo.<\/p>\n<p data-start=\"5373\" data-end=\"5637\">C\u00e2u 3: L\u00f2 nung c\u00f3 ph\u00f9 h\u1ee3p cho s\u1ea3n xu\u1ea5t quy m\u00f4 c\u00f4ng nghi\u1ec7p kh\u00f4ng?<br data-start=\"5437\" data-end=\"5440\" \/>A: \u0110\u00fang. H\u1ec7 th\u1ed1ng \u0111\u01b0\u1ee3c thi\u1ebft k\u1ebf \u0111\u1ec3 ho\u1ea1t \u0111\u1ed9ng li\u00ean t\u1ee5c trong m\u00f4i tr\u01b0\u1eddng c\u00f4ng nghi\u1ec7p, cung c\u1ea5p \u0111\u1ed9 \u1ed5n \u0111\u1ecbnh nhi\u1ec7t cao, t\u00ednh l\u1eb7p l\u1ea1i c\u1ee7a qu\u00e1 tr\u00ecnh v\u00e0 \u0111\u1ed9 tin c\u1eady l\u00e2u d\u00e0i cho c\u00e1c d\u00e2y chuy\u1ec1n s\u1ea3n xu\u1ea5t tinh th\u1ec3 SiC quy m\u00f4 l\u1edbn.<\/p>","protected":false},"excerpt":{"rendered":"<p>L\u00f2 nung \u0111i\u1ec7n tr\u1edf b\u1eb1ng tinh th\u1ec3 SiC \u0111\u01a1n tinh th\u1ec3 nhi\u1ec7t \u0111\u1ed9 cao d\u00e0nh cho s\u1ea3n xu\u1ea5t wafer 6 inch, 8 inch v\u00e0 12 inch. \u0110\u01b0\u1ee3c thi\u1ebft k\u1ebf \u0111\u1ec3 \u0111\u1ea3m b\u1ea3o s\u1ef1 ph\u00e1t tri\u1ec3n \u1ed5n \u0111\u1ecbnh c\u1ee7a tinh th\u1ec3 PVT v\u00e0 s\u1ea3n xu\u1ea5t c\u00f4ng nghi\u1ec7p.<\/p>","protected":false},"featured_media":1738,"comment_status":"open","ping_status":"closed","template":"","meta":{"site-sidebar-layout":"default","site-content-layout":"","ast-site-content-layout":"default","site-content-style":"default","site-sidebar-style":"default","ast-global-header-display":"","ast-banner-title-visibility":"","ast-main-header-display":"","ast-hfb-above-header-display":"","ast-hfb-below-header-display":"","ast-hfb-mobile-header-display":"","site-post-title":"","ast-breadcrumbs-content":"","ast-featured-img":"","footer-sml-layout":"","ast-disable-related-posts":"","theme-transparent-header-meta":"default","adv-header-id-meta":"","stick-header-meta":"default","header-above-stick-meta":"","header-main-stick-meta":"","header-below-stick-meta":"","astra-migrate-meta-layouts":"set","ast-page-background-enabled":"default","ast-page-background-meta":{"desktop":{"background-color":"var(--ast-global-color-4)","background-image":"","background-repeat":"repeat","background-position":"center center","background-size":"auto","background-attachment":"scroll","background-type":"","background-media":"","overlay-type":"","overlay-color":"","overlay-opacity":"","overlay-gradient":""},"tablet":{"background-color":"","background-image":"","background-repeat":"repeat","background-position":"center center","background-size":"auto","background-attachment":"scroll","background-type":"","background-media":"","overlay-type":"","overlay-color":"","overlay-opacity":"","overlay-gradient":""},"mobile":{"background-color":"","background-image":"","background-repeat":"repeat","background-position":"center center","background-size":"auto","background-attachment":"scroll","background-type":"","background-media":"","overlay-type":"","overlay-color":"","overlay-opacity":"","overlay-gradient":""}},"ast-content-background-meta":{"desktop":{"background-color":"var(--ast-global-color-5)","background-image":"","background-repeat":"repeat","background-position":"center center","background-size":"auto","background-attachment":"scroll","background-type":"","background-media":"","overlay-type":"","overlay-color":"","overlay-opacity":"","overlay-gradient":""},"tablet":{"background-color":"var(--ast-global-color-5)","background-image":"","background-repeat":"repeat","background-position":"center center","background-size":"auto","background-attachment":"scroll","background-type":"","background-media":"","overlay-type":"","overlay-color":"","overlay-opacity":"","overlay-gradient":""},"mobile":{"background-color":"var(--ast-global-color-5)","background-image":"","background-repeat":"repeat","background-position":"center center","background-size":"auto","background-attachment":"scroll","background-type":"","background-media":"","overlay-type":"","overlay-color":"","overlay-opacity":"","overlay-gradient":""}}},"product_brand":[],"product_cat":[15],"product_tag":[141,142,143,139,137,140,138],"class_list":{"0":"post-1737","1":"product","2":"type-product","3":"status-publish","4":"has-post-thumbnail","6":"product_cat-crystal-growth-furnace","7":"product_tag-12-inch-sic-growth-furnace","8":"product_tag-8-inch-sic-crystal-furnace","9":"product_tag-resistance-heating-crystal-growth-furnace","10":"product_tag-sic-pvt-growth-furnace","11":"product_tag-sic-single-crystal-growth-furnace","12":"product_tag-sic-wafer-manufacturing-equipment","13":"product_tag-silicon-carbide-crystal-growth-furnace","14":"desktop-align-left","15":"tablet-align-left","16":"mobile-align-left","17":"ast-product-gallery-layout-horizontal-slider","18":"ast-product-tabs-layout-horizontal","20":"first","21":"instock","22":"shipping-taxable","23":"product-type-simple"},"_links":{"self":[{"href":"https:\/\/www.zmsh-semitech.com\/vi\/wp-json\/wp\/v2\/product\/1737","targetHints":{"allow":["GET"]}}],"collection":[{"href":"https:\/\/www.zmsh-semitech.com\/vi\/wp-json\/wp\/v2\/product"}],"about":[{"href":"https:\/\/www.zmsh-semitech.com\/vi\/wp-json\/wp\/v2\/types\/product"}],"replies":[{"embeddable":true,"href":"https:\/\/www.zmsh-semitech.com\/vi\/wp-json\/wp\/v2\/comments?post=1737"}],"version-history":[{"count":3,"href":"https:\/\/www.zmsh-semitech.com\/vi\/wp-json\/wp\/v2\/product\/1737\/revisions"}],"predecessor-version":[{"id":1744,"href":"https:\/\/www.zmsh-semitech.com\/vi\/wp-json\/wp\/v2\/product\/1737\/revisions\/1744"}],"wp:featuredmedia":[{"embeddable":true,"href":"https:\/\/www.zmsh-semitech.com\/vi\/wp-json\/wp\/v2\/media\/1738"}],"wp:attachment":[{"href":"https:\/\/www.zmsh-semitech.com\/vi\/wp-json\/wp\/v2\/media?parent=1737"}],"wp:term":[{"taxonomy":"product_brand","embeddable":true,"href":"https:\/\/www.zmsh-semitech.com\/vi\/wp-json\/wp\/v2\/product_brand?post=1737"},{"taxonomy":"product_cat","embeddable":true,"href":"https:\/\/www.zmsh-semitech.com\/vi\/wp-json\/wp\/v2\/product_cat?post=1737"},{"taxonomy":"product_tag","embeddable":true,"href":"https:\/\/www.zmsh-semitech.com\/vi\/wp-json\/wp\/v2\/product_tag?post=1737"}],"curies":[{"name":"wp","href":"https:\/\/api.w.org\/{rel}","templated":true}]}}