{"id":1534,"date":"2025-12-26T05:59:04","date_gmt":"2025-12-26T05:59:04","guid":{"rendered":"https:\/\/www.zmsh-semitech.com\/?post_type=product&#038;p=1534"},"modified":"2025-12-26T06:11:05","modified_gmt":"2025-12-26T06:11:05","slug":"compact-high-precision-laser-micro-drilling-machine-for-ultra-fine-holes-and-multi-material-compatibility","status":"publish","type":"product","link":"https:\/\/www.zmsh-semitech.com\/vi\/product\/compact-high-precision-laser-micro-drilling-machine-for-ultra-fine-holes-and-multi-material-compatibility\/","title":{"rendered":"M\u00e1y khoan vi laser nh\u1ecf g\u1ecdn, \u0111\u1ed9 ch\u00ednh x\u00e1c cao d\u00e0nh cho c\u00e1c l\u1ed7 si\u00eau nh\u1ecf v\u00e0 t\u01b0\u01a1ng th\u00edch v\u1edbi nhi\u1ec1u lo\u1ea1i v\u1eadt li\u1ec7u"},"content":{"rendered":"<p data-start=\"257\" data-end=\"610\">M\u00e1y khoan vi laser nh\u1ecf g\u1ecdn, \u0111\u1ed9 ch\u00ednh x\u00e1c cao \u0111\u01b0\u1ee3c thi\u1ebft k\u1ebf d\u00e0nh cho c\u00e1c m\u00f4i tr\u01b0\u1eddng c\u00f3 kh\u00f4ng gian h\u1ea1n ch\u1ebf, mang l\u1ea1i \u0111\u1ed9 ch\u00ednh x\u00e1c v\u01b0\u1ee3t tr\u1ed9i v\u00e0 thao t\u00e1c d\u1ec5 d\u00e0ng. L\u00fd t\u01b0\u1edfng cho vi\u1ec7c khoan l\u1ed7 si\u00eau m\u1ecbn v\u1edbi \u0111\u01b0\u1eddng k\u00ednh nh\u1ecf nh\u1ea5t ch\u1ec9 0,005 mm, h\u1ec7 th\u1ed1ng nh\u1ecf g\u1ecdn n\u00e0y \u0111\u1ea3m b\u1ea3o hi\u1ec7u su\u1ea5t \u0111\u00e1ng tin c\u1eady v\u1edbi t\u00e1c \u0111\u1ed9ng nhi\u1ec7t t\u1ed1i thi\u1ec3u, gi\u00fap t\u1ea1o ra c\u00e1c m\u00e9p l\u1ed7 s\u1ea1ch s\u1ebd v\u00e0 gi\u1ea3m thi\u1ec3u qu\u00e1 tr\u00ecnh oxy h\u00f3a.<\/p>\n<p data-start=\"612\" data-end=\"862\">M\u00e1y \u0111a n\u0103ng n\u00e0y h\u1ed7 tr\u1ee3 c\u00e1c ngu\u1ed3n laser c\u00f3 th\u1ec3 thay th\u1ebf \u0111\u1ec3 ph\u00f9 h\u1ee3p v\u1edbi nhi\u1ec1u lo\u1ea1i v\u1eadt li\u1ec7u kh\u00e1c nhau, t\u1eeb \u0111\u00f3 n\u00e2ng cao kh\u1ea3 n\u0103ng t\u01b0\u01a1ng th\u00edch v\u00e0 hi\u1ec7u qu\u1ea3. Giao di\u1ec7n ph\u1ea7n m\u1ec1m tr\u1ef1c quan gi\u00fap vi\u1ec7c v\u1eadn h\u00e0nh tr\u1edf n\u00ean \u0111\u01a1n gi\u1ea3n, ph\u00f9 h\u1ee3p c\u1ea3 v\u1edbi ng\u01b0\u1eddi v\u1eadn h\u00e0nh c\u00f3 kinh nghi\u1ec7m l\u1eabn ng\u01b0\u1eddi m\u1edbi b\u1eaft \u0111\u1ea7u.<\/p>\n<p data-start=\"612\" data-end=\"862\"><img fetchpriority=\"high\" decoding=\"async\" class=\"wp-image-1536 aligncenter\" src=\"https:\/\/www.zmsh-semitech.com\/wp-content\/uploads\/2025\/12\/22.png\" alt=\"\" width=\"400\" height=\"581\" \/><\/p>\n<h3 data-start=\"869\" data-end=\"892\"><strong data-start=\"873\" data-end=\"890\">C\u00e1c t\u00ednh n\u0103ng ch\u00ednh:<\/strong><\/h3>\n<ul data-start=\"893\" data-end=\"1260\">\n<li data-start=\"893\" data-end=\"974\">\n<p data-start=\"895\" data-end=\"974\"><strong data-start=\"895\" data-end=\"914\">Thi\u1ebft k\u1ebf nh\u1ecf g\u1ecdn:<\/strong> L\u1ef1a ch\u1ecdn l\u00fd t\u01b0\u1edfng cho kh\u00f4ng gian h\u1eb9p m\u00e0 v\u1eabn \u0111\u1ea3m b\u1ea3o hi\u1ec7u su\u1ea5t<\/p>\n<\/li>\n<li data-start=\"975\" data-end=\"1033\">\n<p data-start=\"977\" data-end=\"1033\"><strong data-start=\"977\" data-end=\"996\">\u0110\u1ed9 ch\u00ednh x\u00e1c cao:<\/strong> C\u00f3 th\u1ec3 t\u1ea1o ra c\u00e1c l\u1ed7 nh\u1ecf \u0111\u1ebfn 0,005 mm<\/p>\n<\/li>\n<li data-start=\"1034\" data-end=\"1099\">\n<p data-start=\"1036\" data-end=\"1099\"><strong data-start=\"1036\" data-end=\"1052\">D\u1ec5 s\u1eed d\u1ee5ng:<\/strong> Giao di\u1ec7n th\u00e2n thi\u1ec7n v\u1edbi ng\u01b0\u1eddi d\u00f9ng, gi\u00fap thao t\u00e1c d\u1ec5 d\u00e0ng<\/p>\n<\/li>\n<li data-start=\"1100\" data-end=\"1189\">\n<p data-start=\"1102\" data-end=\"1189\"><strong data-start=\"1102\" data-end=\"1135\">Kh\u1ea3 n\u0103ng t\u01b0\u01a1ng th\u00edch v\u1edbi nhi\u1ec1u lo\u1ea1i v\u1eadt li\u1ec7u:<\/strong> Ngu\u1ed3n laser c\u00f3 th\u1ec3 thay th\u1ebf cho c\u00e1c lo\u1ea1i v\u1eadt li\u1ec7u kh\u00e1c nhau<\/p>\n<\/li>\n<li data-start=\"1190\" data-end=\"1260\">\n<p data-start=\"1192\" data-end=\"1260\"><strong data-start=\"1192\" data-end=\"1219\">T\u00e1c \u0111\u1ed9ng nhi\u1ec7t t\u1ed1i thi\u1ec3u:<\/strong> Gi\u1ea3m qu\u00e1 tr\u00ecnh oxy h\u00f3a xung quanh c\u00e1c l\u1ed7 khoan<\/p>\n<\/li>\n<\/ul>\n<h3 data-start=\"1267\" data-end=\"1298\"><strong data-start=\"1271\" data-end=\"1296\">C\u00e1c v\u1eadt li\u1ec7u \u00e1p d\u1ee5ng:<\/strong><\/h3>\n<p data-start=\"1299\" data-end=\"1351\">Ph\u00f9 h\u1ee3p v\u1edbi nhi\u1ec1u lo\u1ea1i v\u1eadt li\u1ec7u kh\u00e1c nhau, bao g\u1ed3m:<\/p>\n<ul data-start=\"1352\" data-end=\"1487\">\n<li data-start=\"1352\" data-end=\"1412\">\n<p data-start=\"1354\" data-end=\"1412\">C\u00e1c kim lo\u1ea1i nh\u01b0 th\u00e9p kh\u00f4ng g\u1ec9, th\u00e9p cacbon v\u00e0 c\u00e1c h\u1ee3p kim<\/p>\n<\/li>\n<li data-start=\"1413\" data-end=\"1450\">\n<p data-start=\"1415\" data-end=\"1450\">G\u1ed1m s\u1ee9 v\u00e0 v\u1eadt li\u1ec7u si\u00eau c\u1ee9ng<\/p>\n<\/li>\n<li data-start=\"1451\" data-end=\"1487\">\n<p data-start=\"1453\" data-end=\"1487\">C\u00e1c lo\u1ea1i \u0111\u00e1 qu\u00fd nh\u01b0 ng\u1ecdc b\u00edch<\/p>\n<\/li>\n<\/ul>\n<h3 data-start=\"1494\" data-end=\"1525\"><strong data-start=\"1498\" data-end=\"1523\">V\u00ed d\u1ee5 \u1ee9ng d\u1ee5ng:<\/strong><\/h3>\n<ol data-start=\"1527\" data-end=\"2374\">\n<li data-start=\"1527\" data-end=\"1679\">\n<p data-start=\"1530\" data-end=\"1679\"><strong data-start=\"1530\" data-end=\"1563\">Khoan th\u00e9p kh\u00f4ng g\u1ec9 T301<\/strong><br data-start=\"1563\" data-end=\"1566\" \/>Khoan c\u00e1c l\u1ed7 si\u00eau nh\u1ecf v\u1edbi \u0111\u1ed9 ch\u00ednh x\u00e1c cao tr\u00ean c\u00e1c chi ti\u1ebft th\u00e9p kh\u00f4ng g\u1ec9 T301 d\u00f9ng trong c\u00e1c \u1ee9ng d\u1ee5ng c\u00f4ng nghi\u1ec7p v\u00e0 c\u01a1 kh\u00ed.<\/p>\n<\/li>\n<li data-start=\"1681\" data-end=\"1817\">\n<p data-start=\"1684\" data-end=\"1817\"><strong data-start=\"1684\" data-end=\"1711\">Khoan t\u1ea5m sapphire<\/strong><br data-start=\"1711\" data-end=\"1714\" \/>Khoan si\u00eau m\u1ecbn tr\u00ean t\u1ea5m sapphire, ph\u00f9 h\u1ee3p cho c\u00e1c \u1ee9ng d\u1ee5ng trong l\u0129nh v\u1ef1c quang h\u1ecdc, \u0111i\u1ec7n t\u1eed v\u00e0 b\u00e1n d\u1eabn.<\/p>\n<\/li>\n<li data-start=\"1819\" data-end=\"1956\">\n<p data-start=\"1822\" data-end=\"1956\"><strong data-start=\"1822\" data-end=\"1852\">Khoan v\u00f2i phun<\/strong><br data-start=\"1852\" data-end=\"1855\" \/>C\u00e1c l\u1ed7 si\u00eau nh\u1ecf c\u00f3 \u0111\u1ed9 ch\u00ednh x\u00e1c cao d\u00e0nh cho v\u00f2i phun keo ho\u1eb7c ch\u1ea5t l\u1ecfng, \u0111\u1ea3m b\u1ea3o ki\u1ec3m so\u00e1t l\u01b0u l\u01b0\u1ee3ng ch\u00ednh x\u00e1c.<\/p>\n<\/li>\n<li data-start=\"1958\" data-end=\"2092\">\n<p data-start=\"1961\" data-end=\"2092\"><strong data-start=\"1961\" data-end=\"1993\">Khoan l\u1ed7 m\u00f9 b\u1eb1ng \u0111\u00e1 sapphire<\/strong><br data-start=\"1993\" data-end=\"1996\" \/>Khoan l\u1ed7 m\u00f9 tr\u00ean \u0111\u00e1 sapphire, l\u00fd t\u01b0\u1edfng cho c\u00e1c chi ti\u1ebft ch\u00ednh x\u00e1c m\u00e0 vi\u1ec7c ki\u1ec3m so\u00e1t \u0111\u1ed9 s\u00e2u l\u00e0 y\u1ebfu t\u1ed1 then ch\u1ed1t.<\/p>\n<\/li>\n<li data-start=\"2094\" data-end=\"2247\">\n<p data-start=\"2097\" data-end=\"2247\"><strong data-start=\"2097\" data-end=\"2139\">Khoan l\u1ed7 h\u00ecnh ch\u1eef T tr\u00ean th\u00e9p kh\u00f4ng g\u1ec9<\/strong><br data-start=\"2139\" data-end=\"2142\" \/>D\u1ecbch v\u1ee5 khoan l\u1ed7 h\u00ecnh ch\u1eef T chuy\u00ean d\u1ee5ng tr\u00ean th\u00e9p kh\u00f4ng g\u1ec9 d\u00e0nh cho l\u1eafp r\u00e1p c\u01a1 kh\u00ed v\u00e0 c\u00e1c b\u1ed9 ph\u1eadn gia c\u00f4ng theo y\u00eau c\u1ea7u.<\/p>\n<\/li>\n<li data-start=\"2249\" data-end=\"2374\">\n<p data-start=\"2252\" data-end=\"2374\"><strong data-start=\"2252\" data-end=\"2276\">C\u1eaft t\u1ea5m \u0111\u1ed3ng<\/strong><br data-start=\"2276\" data-end=\"2279\" \/>C\u1eaft ch\u00ednh x\u00e1c t\u1ea5m \u0111\u1ed3ng cho c\u00e1c \u1ee9ng d\u1ee5ng trong l\u0129nh v\u1ef1c \u0111i\u1ec7n t\u1eed, b\u1ea3ng m\u1ea1ch in (PCB) v\u00e0 linh ki\u1ec7n vi m\u00f4.<\/p>\n<\/li>\n<\/ol>\n<p><img decoding=\"async\" class=\"wp-image-1538 size-full aligncenter\" src=\"https:\/\/www.zmsh-semitech.com\/wp-content\/uploads\/2025\/12\/drilling-case3.png\" alt=\"\" width=\"800\" height=\"600\" srcset=\"https:\/\/www.zmsh-semitech.com\/wp-content\/uploads\/2025\/12\/drilling-case3.png 800w, https:\/\/www.zmsh-semitech.com\/wp-content\/uploads\/2025\/12\/drilling-case3-300x225.png 300w, https:\/\/www.zmsh-semitech.com\/wp-content\/uploads\/2025\/12\/drilling-case3-768x576.png 768w, https:\/\/www.zmsh-semitech.com\/wp-content\/uploads\/2025\/12\/drilling-case3-600x450.png 600w\" sizes=\"(max-width: 800px) 100vw, 800px\" \/><\/p>","protected":false},"excerpt":{"rendered":"<p>M\u00e1y khoan vi laser nh\u1ecf g\u1ecdn, \u0111\u1ed9 ch\u00ednh x\u00e1c cao \u0111\u01b0\u1ee3c thi\u1ebft k\u1ebf d\u00e0nh cho c\u00e1c m\u00f4i tr\u01b0\u1eddng c\u00f3 kh\u00f4ng gian h\u1ea1n ch\u1ebf, mang l\u1ea1i \u0111\u1ed9 ch\u00ednh x\u00e1c v\u01b0\u1ee3t tr\u1ed9i v\u00e0 thao t\u00e1c d\u1ec5 d\u00e0ng. L\u00fd t\u01b0\u1edfng cho vi\u1ec7c khoan l\u1ed7 si\u00eau m\u1ecbn v\u1edbi \u0111\u01b0\u1eddng k\u00ednh nh\u1ecf nh\u1ea5t ch\u1ec9 0,005 mm, h\u1ec7 th\u1ed1ng nh\u1ecf g\u1ecdn n\u00e0y \u0111\u1ea3m b\u1ea3o hi\u1ec7u su\u1ea5t \u0111\u00e1ng tin c\u1eady v\u1edbi t\u00e1c \u0111\u1ed9ng nhi\u1ec7t t\u1ed1i thi\u1ec3u, gi\u00fap t\u1ea1o ra c\u00e1c m\u00e9p l\u1ed7 s\u1ea1ch s\u1ebd v\u00e0 gi\u1ea3m thi\u1ec3u qu\u00e1 tr\u00ecnh oxy h\u00f3a.<\/p>","protected":false},"featured_media":1535,"comment_status":"open","ping_status":"closed","template":"","meta":{"site-sidebar-layout":"default","site-content-layout":"","ast-site-content-layout":"default","site-content-style":"default","site-sidebar-style":"default","ast-global-header-display":"","ast-banner-title-visibility":"","ast-main-header-display":"","ast-hfb-above-header-display":"","ast-hfb-below-header-display":"","ast-hfb-mobile-header-display":"","site-post-title":"","ast-breadcrumbs-content":"","ast-featured-img":"","footer-sml-layout":"","ast-disable-related-posts":"","theme-transparent-header-meta":"default","adv-header-id-meta":"","stick-header-meta":"default","header-above-stick-meta":"","header-main-stick-meta":"","header-below-stick-meta":"","astra-migrate-meta-layouts":"set","ast-page-background-enabled":"default","ast-page-background-meta":{"desktop":{"background-color":"var(--ast-global-color-4)","background-image":"","background-repeat":"repeat","background-position":"center center","background-size":"auto","background-attachment":"scroll","background-type":"","background-media":"","overlay-type":"","overlay-color":"","overlay-opacity":"","overlay-gradient":""},"tablet":{"background-color":"","background-image":"","background-repeat":"repeat","background-position":"center center","background-size":"auto","background-attachment":"scroll","background-type":"","background-media":"","overlay-type":"","overlay-color":"","overlay-opacity":"","overlay-gradient":""},"mobile":{"background-color":"","background-image":"","background-repeat":"repeat","background-position":"center center","background-size":"auto","background-attachment":"scroll","background-type":"","background-media":"","overlay-type":"","overlay-color":"","overlay-opacity":"","overlay-gradient":""}},"ast-content-background-meta":{"desktop":{"background-color":"var(--ast-global-color-5)","background-image":"","background-repeat":"repeat","background-position":"center center","background-size":"auto","background-attachment":"scroll","background-type":"","background-media":"","overlay-type":"","overlay-color":"","overlay-opacity":"","overlay-gradient":""},"tablet":{"background-color":"var(--ast-global-color-5)","background-image":"","background-repeat":"repeat","background-position":"center center","background-size":"auto","background-attachment":"scroll","background-type":"","background-media":"","overlay-type":"","overlay-color":"","overlay-opacity":"","overlay-gradient":""},"mobile":{"background-color":"var(--ast-global-color-5)","background-image":"","background-repeat":"repeat","background-position":"center center","background-size":"auto","background-attachment":"scroll","background-type":"","background-media":"","overlay-type":"","overlay-color":"","overlay-opacity":"","overlay-gradient":""}}},"product_brand":[],"product_cat":[20],"product_tag":[53,54,49,48,55,46,47,56],"class_list":{"0":"post-1534","1":"product","2":"type-product","3":"status-publish","4":"has-post-thumbnail","6":"product_cat-laser-drilling-machine","7":"product_tag-compact-design","8":"product_tag-high-precision","9":"product_tag-laser-cutting","10":"product_tag-laser-micro-drilling","11":"product_tag-multi-material-compatibility","12":"product_tag-picosecond-laser","13":"product_tag-precision-laser-drilling","14":"product_tag-sapphire-drilling","15":"desktop-align-left","16":"tablet-align-left","17":"mobile-align-left","18":"ast-product-gallery-layout-horizontal-slider","19":"ast-product-gallery-with-no-image","20":"ast-product-tabs-layout-horizontal","22":"first","23":"instock","24":"shipping-taxable","25":"product-type-simple"},"_links":{"self":[{"href":"https:\/\/www.zmsh-semitech.com\/vi\/wp-json\/wp\/v2\/product\/1534","targetHints":{"allow":["GET"]}}],"collection":[{"href":"https:\/\/www.zmsh-semitech.com\/vi\/wp-json\/wp\/v2\/product"}],"about":[{"href":"https:\/\/www.zmsh-semitech.com\/vi\/wp-json\/wp\/v2\/types\/product"}],"replies":[{"embeddable":true,"href":"https:\/\/www.zmsh-semitech.com\/vi\/wp-json\/wp\/v2\/comments?post=1534"}],"version-history":[{"count":1,"href":"https:\/\/www.zmsh-semitech.com\/vi\/wp-json\/wp\/v2\/product\/1534\/revisions"}],"predecessor-version":[{"id":1539,"href":"https:\/\/www.zmsh-semitech.com\/vi\/wp-json\/wp\/v2\/product\/1534\/revisions\/1539"}],"wp:featuredmedia":[{"embeddable":true,"href":"https:\/\/www.zmsh-semitech.com\/vi\/wp-json\/wp\/v2\/media\/1535"}],"wp:attachment":[{"href":"https:\/\/www.zmsh-semitech.com\/vi\/wp-json\/wp\/v2\/media?parent=1534"}],"wp:term":[{"taxonomy":"product_brand","embeddable":true,"href":"https:\/\/www.zmsh-semitech.com\/vi\/wp-json\/wp\/v2\/product_brand?post=1534"},{"taxonomy":"product_cat","embeddable":true,"href":"https:\/\/www.zmsh-semitech.com\/vi\/wp-json\/wp\/v2\/product_cat?post=1534"},{"taxonomy":"product_tag","embeddable":true,"href":"https:\/\/www.zmsh-semitech.com\/vi\/wp-json\/wp\/v2\/product_tag?post=1534"}],"curies":[{"name":"wp","href":"https:\/\/api.w.org\/{rel}","templated":true}]}}