{"id":2411,"date":"2026-04-24T06:30:17","date_gmt":"2026-04-24T06:30:17","guid":{"rendered":"https:\/\/www.zmsh-semitech.com\/?post_type=product&#038;p=2411"},"modified":"2026-04-24T06:30:19","modified_gmt":"2026-04-24T06:30:19","slug":"cvd-silicon-carbide-sic-electrode-for-semiconductor-plasma-systems","status":"publish","type":"product","link":"https:\/\/www.zmsh-semitech.com\/tr\/product\/cvd-silicon-carbide-sic-electrode-for-semiconductor-plasma-systems\/","title":{"rendered":"Yar\u0131 \u0130letken Plazma Sistemleri i\u00e7in CVD Silisyum Karb\u00fcr (SiC) Elektrot"},"content":{"rendered":"<p data-start=\"231\" data-end=\"634\">SiC Elektrot (Silisyum Karb\u00fcr Elektrot), a\u015f\u0131nd\u0131rma, biriktirme ve y\u00fczey i\u015fleme ekipman\u0131 dahil olmak \u00fczere geli\u015fmi\u015f yar\u0131 iletken plazma i\u015fleme sistemleri i\u00e7in tasarlanm\u0131\u015f y\u00fcksek performansl\u0131 bir bile\u015fendir. Geleneksel silikon elektrotlarla kar\u015f\u0131la\u015ft\u0131r\u0131ld\u0131\u011f\u0131nda, SiC elektrotlar<img fetchpriority=\"high\" decoding=\"async\" class=\"alignright wp-image-2414 size-medium\" src=\"https:\/\/www.zmsh-semitech.com\/wp-content\/uploads\/2026\/04\/CVD-Silicon-Carbide-SiC-Electrode-for-Semiconductor-Plasma-Systems-1-300x300.png\" alt=\"Yar\u0131 \u0130letken Plazma Sistemleri i\u00e7in CVD Silisyum Karb\u00fcr (SiC) Elektrot\" width=\"300\" height=\"300\" srcset=\"https:\/\/www.zmsh-semitech.com\/wp-content\/uploads\/2026\/04\/CVD-Silicon-Carbide-SiC-Electrode-for-Semiconductor-Plasma-Systems-1-300x300.png 300w, https:\/\/www.zmsh-semitech.com\/wp-content\/uploads\/2026\/04\/CVD-Silicon-Carbide-SiC-Electrode-for-Semiconductor-Plasma-Systems-1-150x150.png 150w, https:\/\/www.zmsh-semitech.com\/wp-content\/uploads\/2026\/04\/CVD-Silicon-Carbide-SiC-Electrode-for-Semiconductor-Plasma-Systems-1-768x768.png 768w, https:\/\/www.zmsh-semitech.com\/wp-content\/uploads\/2026\/04\/CVD-Silicon-Carbide-SiC-Electrode-for-Semiconductor-Plasma-Systems-1-12x12.png 12w, https:\/\/www.zmsh-semitech.com\/wp-content\/uploads\/2026\/04\/CVD-Silicon-Carbide-SiC-Electrode-for-Semiconductor-Plasma-Systems-1-600x600.png 600w, https:\/\/www.zmsh-semitech.com\/wp-content\/uploads\/2026\/04\/CVD-Silicon-Carbide-SiC-Electrode-for-Semiconductor-Plasma-Systems-1-100x100.png 100w, https:\/\/www.zmsh-semitech.com\/wp-content\/uploads\/2026\/04\/CVD-Silicon-Carbide-SiC-Electrode-for-Semiconductor-Plasma-Systems-1.png 1000w\" sizes=\"(max-width: 300px) 100vw, 300px\" \/>ekstrem i\u015fleme ko\u015fullar\u0131 alt\u0131nda \u00f6nemli \u00f6l\u00e7\u00fcde art\u0131r\u0131lm\u0131\u015f dayan\u0131kl\u0131l\u0131k, \u00fcst\u00fcn plazma direnci ve daha uzun \u00e7al\u0131\u015fma \u00f6mr\u00fc sunar.<\/p>\n<p data-start=\"636\" data-end=\"980\">Kimyasal Buhar Biriktirme (CVD) Silisyum Karb\u00fcr kullan\u0131larak \u00fcretilen elektrot, m\u00fckemmel termal iletkenli\u011fe ve kimyasal kararl\u0131l\u0131\u011fa sahip yo\u011fun, y\u00fcksek safl\u0131kta bir yap\u0131ya sahiptir. Bu da onu \u00f6zellikle y\u00fcksek enerjili plazma, CF\u2084, SF\u2086, NF\u2083 ve Cl\u2082 gibi agresif gazlar ve y\u00fcksek s\u0131cakl\u0131klar i\u00e7eren ortamlar i\u00e7in uygun hale getirir.<\/p>\n<p data-start=\"982\" data-end=\"1287\">Plazma odalar\u0131nda elektrotlar, elektrik alanlar\u0131n\u0131n, plazma yo\u011funlu\u011funun ve proses homojenli\u011finin kontrol\u00fcnde kritik bir rol oynar. SiC elektrotlar, uzun s\u00fcreler boyunca kararl\u0131 elektriksel \u00f6zellikleri koruyarak sapmay\u0131 azalt\u0131r, partik\u00fcl kontaminasyonunu en aza indirir ve tutarl\u0131 yonga plakas\u0131 i\u015fleme sonu\u00e7lar\u0131 sa\u011flar.<\/p>\n<p data-start=\"1289\" data-end=\"1521\">Dayan\u0131kl\u0131l\u0131klar\u0131 ve performanslar\u0131 nedeniyle SiC elektrotlar kritik yar\u0131 iletken sarf malzemeleri (uzun \u00f6m\u00fcrl\u00fc a\u015f\u0131nma par\u00e7alar\u0131) olarak s\u0131n\u0131fland\u0131r\u0131l\u0131r ve geli\u015fmi\u015f yar\u0131 iletken d\u00fc\u011f\u00fcmlerinde ve y\u00fcksek verimli \u00fcretim ortamlar\u0131nda yayg\u0131n olarak kullan\u0131l\u0131r.<\/p>\n<hr data-start=\"1523\" data-end=\"1526\" \/>\n<h2 data-section-id=\"1wht24f\" data-start=\"1528\" data-end=\"1548\">Temel \u00d6zellikler<\/h2>\n<p><strong style=\"font-size: 16px; font-style: normal;\" data-start=\"1639\" data-end=\"1669\"><img decoding=\"async\" class=\"alignright wp-image-2412 size-medium\" style=\"font-weight: 400;\" src=\"https:\/\/www.zmsh-semitech.com\/wp-content\/uploads\/2026\/04\/CVD-Silicon-Carbide-SiC-Electrode-for-Semiconductor-Plasma-Systems-2-300x300.png\" alt=\"Yar\u0131 \u0130letken Plazma Sistemleri i\u00e7in CVD Silisyum Karb\u00fcr (SiC) Elektrot\" width=\"300\" height=\"300\" srcset=\"https:\/\/www.zmsh-semitech.com\/wp-content\/uploads\/2026\/04\/CVD-Silicon-Carbide-SiC-Electrode-for-Semiconductor-Plasma-Systems-2-300x300.png 300w, https:\/\/www.zmsh-semitech.com\/wp-content\/uploads\/2026\/04\/CVD-Silicon-Carbide-SiC-Electrode-for-Semiconductor-Plasma-Systems-2-150x150.png 150w, https:\/\/www.zmsh-semitech.com\/wp-content\/uploads\/2026\/04\/CVD-Silicon-Carbide-SiC-Electrode-for-Semiconductor-Plasma-Systems-2-768x768.png 768w, https:\/\/www.zmsh-semitech.com\/wp-content\/uploads\/2026\/04\/CVD-Silicon-Carbide-SiC-Electrode-for-Semiconductor-Plasma-Systems-2-12x12.png 12w, https:\/\/www.zmsh-semitech.com\/wp-content\/uploads\/2026\/04\/CVD-Silicon-Carbide-SiC-Electrode-for-Semiconductor-Plasma-Systems-2-600x600.png 600w, https:\/\/www.zmsh-semitech.com\/wp-content\/uploads\/2026\/04\/CVD-Silicon-Carbide-SiC-Electrode-for-Semiconductor-Plasma-Systems-2-100x100.png 100w, https:\/\/www.zmsh-semitech.com\/wp-content\/uploads\/2026\/04\/CVD-Silicon-Carbide-SiC-Electrode-for-Semiconductor-Plasma-Systems-2.png 1000w\" sizes=\"(max-width: 300px) 100vw, 300px\" \/><\/strong><\/p>\n<ul data-start=\"1549\" data-end=\"2244\">\n<li data-section-id=\"9sfaj1\" data-start=\"1549\" data-end=\"1636\"><strong data-start=\"1551\" data-end=\"1583\">Y\u00fcksek Safl\u0131kta CVD SiC Malzeme<\/strong>: M\u00fckemmel kimyasal inertli\u011fe sahip yo\u011fun yap\u0131<\/li>\n<li data-section-id=\"qsf5dr\" data-start=\"1637\" data-end=\"1741\"><strong data-start=\"1639\" data-end=\"1669\">\u00dcst\u00fcn Plazma Direnci<\/strong>: Flor ve klor bazl\u0131 ortamlarda \u00fcst\u00fcn performans<\/li>\n<li data-section-id=\"1rcxb8u\" data-start=\"1742\" data-end=\"1821\"><strong data-start=\"1744\" data-end=\"1771\">Ultra Uzun Hizmet \u00d6mr\u00fc<\/strong>: Tipik olarak silikon elektrotlardan 3-10 kat daha uzun<\/li>\n<li data-section-id=\"pe85cr\" data-start=\"1822\" data-end=\"1900\"><strong data-start=\"1824\" data-end=\"1851\">D\u00fc\u015f\u00fck Partik\u00fcl \u00dcretimi<\/strong>: Verimi art\u0131r\u0131r ve kontaminasyon riskini azalt\u0131r<\/li>\n<li data-section-id=\"1eryen9\" data-start=\"1901\" data-end=\"1983\"><strong data-start=\"1903\" data-end=\"1932\">Y\u00fcksek Termal \u0130letkenlik<\/strong>: Is\u0131 da\u011f\u0131l\u0131m\u0131n\u0131 ve proses stabilitesini art\u0131r\u0131r<\/li>\n<li data-section-id=\"12bf6b0\" data-start=\"1984\" data-end=\"2071\"><strong data-start=\"1986\" data-end=\"2018\">Kararl\u0131 Elektriksel \u00d6zellikler<\/strong>: Uzun d\u00f6ng\u00fcler boyunca tutarl\u0131 diren\u00e7lili\u011fi korur<\/li>\n<li data-section-id=\"183ojww\" data-start=\"2072\" data-end=\"2161\"><strong data-start=\"2074\" data-end=\"2097\">Hassas \u0130\u015fleme<\/strong>: Yar\u0131 iletken s\u0131n\u0131f\u0131 entegrasyon i\u00e7in s\u0131k\u0131 tolerans (&lt;10 \u03bcm)<\/li>\n<li data-section-id=\"1116895\" data-start=\"2162\" data-end=\"2244\"><strong data-start=\"2164\" data-end=\"2198\">\u00d6zel Gaz Da\u011f\u0131t\u0131m Tasar\u0131m\u0131<\/strong>: D\u00fczg\u00fcn plazma i\u00e7in optimize edilmi\u015f delik modelleri<\/li>\n<\/ul>\n<hr data-start=\"2246\" data-end=\"2249\" \/>\n<h2 data-section-id=\"1vgwxle\" data-start=\"2251\" data-end=\"2283\">Teknik \u00d6zellikler<\/h2>\n<div class=\"TyagGW_tableContainer\">\n<div class=\"group TyagGW_tableWrapper flex flex-col-reverse w-fit\" tabindex=\"-1\">\n<table class=\"w-fit min-w-(--thread-content-width)\" data-start=\"2285\" data-end=\"3017\">\n<thead data-start=\"2285\" data-end=\"2314\">\n<tr data-start=\"2285\" data-end=\"2314\">\n<th class=\"\" data-start=\"2285\" data-end=\"2297\" data-col-size=\"sm\">Parametre<\/th>\n<th class=\"\" data-start=\"2297\" data-end=\"2314\" data-col-size=\"sm\">\u015eartname<\/th>\n<\/tr>\n<\/thead>\n<tbody data-start=\"2342\" data-end=\"3017\">\n<tr data-start=\"2342\" data-end=\"2382\">\n<td data-start=\"2342\" data-end=\"2353\" data-col-size=\"sm\">Malzeme<\/td>\n<td data-col-size=\"sm\" data-start=\"2353\" data-end=\"2382\">CVD Silisyum Karb\u00fcr (SiC)<\/td>\n<\/tr>\n<tr data-start=\"2383\" data-end=\"2403\">\n<td data-start=\"2383\" data-end=\"2392\" data-col-size=\"sm\">Safl\u0131k<\/td>\n<td data-col-size=\"sm\" data-start=\"2392\" data-end=\"2403\">\u2265 99,9%<\/td>\n<\/tr>\n<tr data-start=\"2404\" data-end=\"2429\">\n<td data-start=\"2404\" data-end=\"2414\" data-col-size=\"sm\">Yo\u011funluk<\/td>\n<td data-col-size=\"sm\" data-start=\"2414\" data-end=\"2429\">\u2265 3,1 g\/cm\u00b3<\/td>\n<\/tr>\n<tr data-start=\"2430\" data-end=\"2463\">\n<td data-start=\"2430\" data-end=\"2447\" data-col-size=\"sm\">\u00c7ap (Maks)<\/td>\n<td data-col-size=\"sm\" data-start=\"2447\" data-end=\"2463\">330 mm'ye kadar<\/td>\n<\/tr>\n<tr data-start=\"2464\" data-end=\"2506\">\n<td data-start=\"2464\" data-end=\"2476\" data-col-size=\"sm\">Kal\u0131nl\u0131k<\/td>\n<td data-col-size=\"sm\" data-start=\"2476\" data-end=\"2506\">\u00d6zel (tipik olarak 5-50 mm)<\/td>\n<\/tr>\n<tr data-start=\"2507\" data-end=\"2542\">\n<td data-start=\"2507\" data-end=\"2527\" data-col-size=\"sm\">Diren\u00e7lilik (D\u00fc\u015f\u00fck)<\/td>\n<td data-start=\"2527\" data-end=\"2542\" data-col-size=\"sm\">&lt; 0,02 \u03a9-cm<\/td>\n<\/tr>\n<tr data-start=\"2543\" data-end=\"2583\">\n<td data-start=\"2543\" data-end=\"2566\" data-col-size=\"sm\">Diren\u00e7lilik (Orta)<\/td>\n<td data-start=\"2566\" data-end=\"2583\" data-col-size=\"sm\">0,2 - 25 \u03a9-cm<\/td>\n<\/tr>\n<tr data-start=\"2584\" data-end=\"2619\">\n<td data-start=\"2584\" data-end=\"2605\" data-col-size=\"sm\">Diren\u00e7lilik (Y\u00fcksek)<\/td>\n<td data-start=\"2605\" data-end=\"2619\" data-col-size=\"sm\">&gt; 100 \u03a9-cm<\/td>\n<\/tr>\n<tr data-start=\"2620\" data-end=\"2659\">\n<td data-start=\"2620\" data-end=\"2651\" data-col-size=\"sm\">\u00d6zdiren\u00e7 Tekd\u00fczeli\u011fi (RRG)<\/td>\n<td data-start=\"2651\" data-end=\"2659\" data-col-size=\"sm\">&lt; 5%<\/td>\n<\/tr>\n<tr data-start=\"2660\" data-end=\"2711\">\n<td data-start=\"2660\" data-end=\"2680\" data-col-size=\"sm\">Gaz Deli\u011fi \u00c7ap\u0131<\/td>\n<td data-start=\"2680\" data-end=\"2711\" data-col-size=\"sm\">0,2 - 0,8 mm (\u00f6zelle\u015ftirilebilir)<\/td>\n<\/tr>\n<tr data-start=\"2712\" data-end=\"2762\">\n<td data-start=\"2712\" data-end=\"2732\" data-col-size=\"sm\">Y\u00fczey Durumu<\/td>\n<td data-start=\"2732\" data-end=\"2762\" data-col-size=\"sm\">Zemin (Cilal\u0131 opsiyonel)<\/td>\n<\/tr>\n<tr data-start=\"2763\" data-end=\"2800\">\n<td data-start=\"2763\" data-end=\"2788\" data-col-size=\"sm\">Y\u00fczey P\u00fcr\u00fczl\u00fcl\u00fc\u011f\u00fc (Ra)<\/td>\n<td data-start=\"2788\" data-end=\"2800\" data-col-size=\"sm\">\u2264 1,6 \u03bcm<\/td>\n<\/tr>\n<tr data-start=\"2801\" data-end=\"2834\">\n<td data-start=\"2801\" data-end=\"2823\" data-col-size=\"sm\">Hassas \u0130\u015fleme<\/td>\n<td data-start=\"2823\" data-end=\"2834\" data-col-size=\"sm\">&lt; 10 \u03bcm<\/td>\n<\/tr>\n<tr data-start=\"2835\" data-end=\"2877\">\n<td data-start=\"2835\" data-end=\"2858\" data-col-size=\"sm\">Termal \u0130letkenlik<\/td>\n<td data-start=\"2858\" data-end=\"2877\" data-col-size=\"sm\">120 - 200 W\/m-K<\/td>\n<\/tr>\n<tr data-start=\"2878\" data-end=\"2902\">\n<td data-start=\"2878\" data-end=\"2889\" data-col-size=\"sm\">Sertlik<\/td>\n<td data-start=\"2889\" data-end=\"2902\" data-col-size=\"sm\">~9,2 Mohs<\/td>\n<\/tr>\n<tr data-start=\"2903\" data-end=\"2963\">\n<td data-start=\"2903\" data-end=\"2931\" data-col-size=\"sm\">Maksimum \u00c7al\u0131\u015fma S\u0131cakl\u0131\u011f\u0131<\/td>\n<td data-start=\"2931\" data-end=\"2963\" data-col-size=\"sm\">&gt; 1000\u00b0C (prosese ba\u011fl\u0131)<\/td>\n<\/tr>\n<tr data-start=\"2964\" data-end=\"3017\">\n<td data-start=\"2964\" data-end=\"2982\" data-col-size=\"sm\">Kalite Kontrol<\/td>\n<td data-start=\"2982\" data-end=\"3017\" data-col-size=\"sm\">\u00c7atlak, yonga, kirlenme yok<\/td>\n<\/tr>\n<\/tbody>\n<\/table>\n<\/div>\n<\/div>\n<hr data-start=\"3019\" data-end=\"3022\" \/>\n<h2 data-section-id=\"1gggyhy\" data-start=\"3024\" data-end=\"3044\">Uygulamalar<\/h2>\n<p>&nbsp;<\/p>\n<p data-start=\"3045\" data-end=\"3157\">SiC elektrotlar, y\u00fcksek dayan\u0131kl\u0131l\u0131k ve kararl\u0131l\u0131k gerektiren yar\u0131 iletken i\u015fleme ortamlar\u0131nda yayg\u0131n olarak kullan\u0131lmaktad\u0131r:<\/p>\n<ul data-start=\"3159\" data-end=\"3352\">\n<li data-section-id=\"qzqq98\" data-start=\"3159\" data-end=\"3197\">Plazma a\u015f\u0131nd\u0131rma sistemleri (ICP \/ RIE)\n<p style=\"font-size: 16px; font-style: normal; font-weight: 400;\"><img decoding=\"async\" class=\"size-medium wp-image-2405 alignright\" src=\"https:\/\/www.zmsh-semitech.com\/wp-content\/uploads\/2026\/04\/KYQhvr8H6fiJzv0Gyv0QBbnTGAn0D-jgL0afJ2QhVSsVzaDSfEEx4D1Qc9Qg9IxXDOCUhnYHl82TwzfZ-OQMZzQa5u3KF6R1mE3QPYDfCW4ltwvgZ5uecKGM7VBlj-f5ppfWrANQSR4kHdIoBW-vOxmtu56kJnlmCndnFjtFqasApRq1EpNs3nKzmFQFM9WF-300x225.jpg\" alt=\"\" width=\"300\" height=\"225\" srcset=\"https:\/\/www.zmsh-semitech.com\/wp-content\/uploads\/2026\/04\/KYQhvr8H6fiJzv0Gyv0QBbnTGAn0D-jgL0afJ2QhVSsVzaDSfEEx4D1Qc9Qg9IxXDOCUhnYHl82TwzfZ-OQMZzQa5u3KF6R1mE3QPYDfCW4ltwvgZ5uecKGM7VBlj-f5ppfWrANQSR4kHdIoBW-vOxmtu56kJnlmCndnFjtFqasApRq1EpNs3nKzmFQFM9WF-300x225.jpg 300w, https:\/\/www.zmsh-semitech.com\/wp-content\/uploads\/2026\/04\/KYQhvr8H6fiJzv0Gyv0QBbnTGAn0D-jgL0afJ2QhVSsVzaDSfEEx4D1Qc9Qg9IxXDOCUhnYHl82TwzfZ-OQMZzQa5u3KF6R1mE3QPYDfCW4ltwvgZ5uecKGM7VBlj-f5ppfWrANQSR4kHdIoBW-vOxmtu56kJnlmCndnFjtFqasApRq1EpNs3nKzmFQFM9WF-16x12.jpg 16w, https:\/\/www.zmsh-semitech.com\/wp-content\/uploads\/2026\/04\/KYQhvr8H6fiJzv0Gyv0QBbnTGAn0D-jgL0afJ2QhVSsVzaDSfEEx4D1Qc9Qg9IxXDOCUhnYHl82TwzfZ-OQMZzQa5u3KF6R1mE3QPYDfCW4ltwvgZ5uecKGM7VBlj-f5ppfWrANQSR4kHdIoBW-vOxmtu56kJnlmCndnFjtFqasApRq1EpNs3nKzmFQFM9WF.jpg 600w\" sizes=\"(max-width: 300px) 100vw, 300px\" \/><\/p>\n<\/li>\n<li data-section-id=\"x5dp28\" data-start=\"3198\" data-end=\"3234\">CVD \/ PECVD biriktirme ekipman\u0131<\/li>\n<li data-section-id=\"i266u8\" data-start=\"3235\" data-end=\"3264\">Y\u00fcksek g\u00fc\u00e7l\u00fc plazma sistemleri<\/li>\n<li data-section-id=\"12l2f4p\" data-start=\"3265\" data-end=\"3305\">Wafer y\u00fczey modifikasyon i\u015flemleri<\/li>\n<li data-section-id=\"1aetczy\" data-start=\"3306\" data-end=\"3352\">Geli\u015fmi\u015f yar\u0131 iletken \u00fcretim d\u00fc\u011f\u00fcmleri<\/li>\n<\/ul>\n<p data-start=\"3354\" data-end=\"3517\">\u00d6zellikle a\u015fa\u011f\u0131dakiler i\u00e7in uygundurlar <strong data-start=\"3389\" data-end=\"3443\">zorlu plazma ko\u015fullar\u0131 ve uzun \u00fcretim d\u00f6ng\u00fcleri<\/strong>, Geleneksel silikon elektrotlar\u0131n kullan\u0131m \u00f6mr\u00fc gereksinimlerini kar\u015f\u0131layamad\u0131\u011f\u0131 yerlerde.<\/p>\n<hr data-start=\"3519\" data-end=\"3522\" \/>\n<h2 data-section-id=\"ey806o\" data-start=\"3524\" data-end=\"3566\">Silikon Elektrotlara G\u00f6re Avantajlar\u0131<\/h2>\n<p data-start=\"3567\" data-end=\"3673\">Geleneksel silikon elektrotlarla kar\u015f\u0131la\u015ft\u0131r\u0131ld\u0131\u011f\u0131nda, SiC elektrotlar \u00f6nemli performans iyile\u015ftirmeleri sa\u011flar:<\/p>\n<ul data-start=\"3675\" data-end=\"4062\">\n<li data-section-id=\"c0wgoq\" data-start=\"3675\" data-end=\"3754\"><strong data-start=\"3677\" data-end=\"3698\">Uzat\u0131lm\u0131\u015f Kullan\u0131m \u00d6mr\u00fc<\/strong>: Agresif plazma ko\u015fullar\u0131 alt\u0131nda 3-10 kat daha uzun<\/li>\n<li data-section-id=\"vh54cx\" data-start=\"3755\" data-end=\"3832\"><strong data-start=\"3757\" data-end=\"3790\">\u00dcst\u00fcn Korozyon Direnci<\/strong>: Flor ve klor gazlar\u0131na kar\u015f\u0131 dayan\u0131kl\u0131d\u0131r<\/li>\n<li data-section-id=\"1f80iwa\" data-start=\"3833\" data-end=\"3909\"><strong data-start=\"3835\" data-end=\"3867\">D\u00fc\u015f\u00fck Partik\u00fcl Kontaminasyonu<\/strong>: Verimi ve proses temizli\u011fini art\u0131r\u0131r<\/li>\n<li data-section-id=\"bvfjdw\" data-start=\"3910\" data-end=\"3989\"><strong data-start=\"3912\" data-end=\"3942\">Geli\u015ftirilmi\u015f S\u00fcre\u00e7 Kararl\u0131l\u0131\u011f\u0131<\/strong>: Tutarl\u0131 plazma \u00f6zelliklerini korur<\/li>\n<li data-section-id=\"wemy35\" data-start=\"3990\" data-end=\"4062\"><strong data-start=\"3992\" data-end=\"4020\">Azalt\u0131lm\u0131\u015f Bak\u0131m Maliyeti<\/strong>: Daha az s\u0131kl\u0131kta de\u011fi\u015ftirme ve ar\u0131za s\u00fcresi<\/li>\n<\/ul>\n<p data-start=\"4064\" data-end=\"4199\">Ba\u015flang\u0131\u00e7 maliyeti daha y\u00fcksek olsa da SiC elektrotlar, \u00fcst d\u00fczey yar\u0131 iletken uygulamalar\u0131nda daha d\u00fc\u015f\u00fck bir toplam sahip olma maliyeti (TCO) sunar.<\/p>\n<p data-start=\"4064\" data-end=\"4199\"><img loading=\"lazy\" decoding=\"async\" class=\"wp-image-2383 size-large aligncenter\" src=\"https:\/\/www.zmsh-semitech.com\/wp-content\/uploads\/2026\/04\/\u5fae\u4fe1\u56fe\u7247_20260423181006_366_381-1024x486.png\" alt=\"\" width=\"1024\" height=\"486\" srcset=\"\" sizes=\"(max-width: 1024px) 100vw, 1024px\" data-srcset=\"\" \/><\/p>\n<hr data-start=\"4201\" data-end=\"4204\" \/>\n<h2 data-section-id=\"cpu4ih\" data-start=\"4206\" data-end=\"4217\">SSS<\/h2>\n<p data-start=\"4219\" data-end=\"4384\"><strong data-start=\"4219\" data-end=\"4266\">S1: SiC elektrot sarf malzemesi midir?<\/strong><br data-start=\"4266\" data-end=\"4269\" \/>Evet. Kritik bir yar\u0131 iletken sarf malzemesidir, ancak silikon elektrotlara k\u0131yasla \u00e7ok daha uzun bir hizmet \u00f6mr\u00fcne sahiptir.<\/p>\n<p data-start=\"4386\" data-end=\"4570\"><strong data-start=\"4386\" data-end=\"4432\">S2: Neden silikon elektrot yerine SiC se\u00e7ilmeli?<\/strong><br data-start=\"4432\" data-end=\"4435\" \/>SiC daha iyi plazma direnci, daha uzun kullan\u0131m \u00f6mr\u00fc ve daha d\u00fc\u015f\u00fck partik\u00fcl \u00fcretimi sunarak zorlu i\u015fleme ortamlar\u0131 i\u00e7in idealdir.<\/p>\n<p data-start=\"4572\" data-end=\"4739\"><strong data-start=\"4572\" data-end=\"4612\">S3: Elektrot \u00f6zelle\u015ftirilebilir mi?<\/strong><br data-start=\"4612\" data-end=\"4615\" \/>Evet. Boyut, kal\u0131nl\u0131k, diren\u00e7, gaz deli\u011fi tasar\u0131m\u0131 ve y\u00fczey kaplamas\u0131 ihtiya\u00e7lar\u0131n\u0131za g\u00f6re \u00f6zelle\u015ftirilebilir.<\/p>\n<p data-start=\"4741\" data-end=\"4878\"><strong data-start=\"4741\" data-end=\"4784\">S4: SiC elektrotlar\u0131 hangi sekt\u00f6rlerde kullan\u0131l\u0131r?<\/strong><br data-start=\"4784\" data-end=\"4787\" \/>\u00d6ncelikle yar\u0131 iletken \u00fcretimi, \u00f6zellikle plazma a\u015f\u0131nd\u0131rma ve biriktirme sistemlerinde.<\/p>","protected":false},"excerpt":{"rendered":"<p>SiC Elektrot (Silisyum Karb\u00fcr Elektrot), a\u015f\u0131nd\u0131rma, biriktirme ve y\u00fczey i\u015fleme ekipman\u0131 dahil olmak \u00fczere geli\u015fmi\u015f yar\u0131 iletken plazma i\u015fleme sistemleri i\u00e7in tasarlanm\u0131\u015f y\u00fcksek performansl\u0131 bir bile\u015fendir. Geleneksel silikon elektrotlarla kar\u015f\u0131la\u015ft\u0131r\u0131ld\u0131\u011f\u0131nda SiC elektrotlar, a\u015f\u0131r\u0131 i\u015fleme ko\u015fullar\u0131nda \u00f6nemli \u00f6l\u00e7\u00fcde art\u0131r\u0131lm\u0131\u015f dayan\u0131kl\u0131l\u0131k, \u00fcst\u00fcn plazma direnci ve daha uzun \u00e7al\u0131\u015fma \u00f6mr\u00fc sunar Kimyasal Buhar Biriktirme (CVD) Silisyum Karb\u00fcr kullan\u0131larak \u00fcretilen elektrot, m\u00fckemmel termal iletkenlik ve kimyasal stabiliteye sahip yo\u011fun, y\u00fcksek safl\u0131kta bir yap\u0131ya sahiptir.<\/p>","protected":false},"featured_media":2414,"comment_status":"open","ping_status":"closed","template":"","meta":{"site-sidebar-layout":"default","site-content-layout":"","ast-site-content-layout":"default","site-content-style":"default","site-sidebar-style":"default","ast-global-header-display":"","ast-banner-title-visibility":"","ast-main-header-display":"","ast-hfb-above-header-display":"","ast-hfb-below-header-display":"","ast-hfb-mobile-header-display":"","site-post-title":"","ast-breadcrumbs-content":"","ast-featured-img":"","footer-sml-layout":"","ast-disable-related-posts":"","theme-transparent-header-meta":"default","adv-header-id-meta":"","stick-header-meta":"default","header-above-stick-meta":"","header-main-stick-meta":"","header-below-stick-meta":"","astra-migrate-meta-layouts":"set","ast-page-background-enabled":"default","ast-page-background-meta":{"desktop":{"background-color":"var(--ast-global-color-4)","background-image":"","background-repeat":"repeat","background-position":"center center","background-size":"auto","background-attachment":"scroll","background-type":"","background-media":"","overlay-type":"","overlay-color":"","overlay-opacity":"","overlay-gradient":""},"tablet":{"background-color":"","background-image":"","background-repeat":"repeat","background-position":"center center","background-size":"auto","background-attachment":"scroll","background-type":"","background-media":"","overlay-type":"","overlay-color":"","overlay-opacity":"","overlay-gradient":""},"mobile":{"background-color":"","background-image":"","background-repeat":"repeat","background-position":"center center","background-size":"auto","background-attachment":"scroll","background-type":"","background-media":"","overlay-type":"","overlay-color":"","overlay-opacity":"","overlay-gradient":""}},"ast-content-background-meta":{"desktop":{"background-color":"var(--ast-global-color-5)","background-image":"","background-repeat":"repeat","background-position":"center center","background-size":"auto","background-attachment":"scroll","background-type":"","background-media":"","overlay-type":"","overlay-color":"","overlay-opacity":"","overlay-gradient":""},"tablet":{"background-color":"var(--ast-global-color-5)","background-image":"","background-repeat":"repeat","background-position":"center center","background-size":"auto","background-attachment":"scroll","background-type":"","background-media":"","overlay-type":"","overlay-color":"","overlay-opacity":"","overlay-gradient":""},"mobile":{"background-color":"var(--ast-global-color-5)","background-image":"","background-repeat":"repeat","background-position":"center center","background-size":"auto","background-attachment":"scroll","background-type":"","background-media":"","overlay-type":"","overlay-color":"","overlay-opacity":"","overlay-gradient":""}}},"product_brand":[],"product_cat":[1212],"product_tag":[],"class_list":{"0":"post-2411","1":"product","2":"type-product","3":"status-publish","4":"has-post-thumbnail","6":"product_cat-semiconductor-consumables","7":"desktop-align-left","8":"tablet-align-left","9":"mobile-align-left","10":"ast-product-gallery-layout-horizontal-slider","11":"ast-product-tabs-layout-horizontal","13":"first","14":"instock","15":"shipping-taxable","16":"product-type-simple"},"_links":{"self":[{"href":"https:\/\/www.zmsh-semitech.com\/tr\/wp-json\/wp\/v2\/product\/2411","targetHints":{"allow":["GET"]}}],"collection":[{"href":"https:\/\/www.zmsh-semitech.com\/tr\/wp-json\/wp\/v2\/product"}],"about":[{"href":"https:\/\/www.zmsh-semitech.com\/tr\/wp-json\/wp\/v2\/types\/product"}],"replies":[{"embeddable":true,"href":"https:\/\/www.zmsh-semitech.com\/tr\/wp-json\/wp\/v2\/comments?post=2411"}],"version-history":[{"count":2,"href":"https:\/\/www.zmsh-semitech.com\/tr\/wp-json\/wp\/v2\/product\/2411\/revisions"}],"predecessor-version":[{"id":2416,"href":"https:\/\/www.zmsh-semitech.com\/tr\/wp-json\/wp\/v2\/product\/2411\/revisions\/2416"}],"wp:featuredmedia":[{"embeddable":true,"href":"https:\/\/www.zmsh-semitech.com\/tr\/wp-json\/wp\/v2\/media\/2414"}],"wp:attachment":[{"href":"https:\/\/www.zmsh-semitech.com\/tr\/wp-json\/wp\/v2\/media?parent=2411"}],"wp:term":[{"taxonomy":"product_brand","embeddable":true,"href":"https:\/\/www.zmsh-semitech.com\/tr\/wp-json\/wp\/v2\/product_brand?post=2411"},{"taxonomy":"product_cat","embeddable":true,"href":"https:\/\/www.zmsh-semitech.com\/tr\/wp-json\/wp\/v2\/product_cat?post=2411"},{"taxonomy":"product_tag","embeddable":true,"href":"https:\/\/www.zmsh-semitech.com\/tr\/wp-json\/wp\/v2\/product_tag?post=2411"}],"curies":[{"name":"wp","href":"https:\/\/api.w.org\/{rel}","templated":true}]}}