{"id":2360,"date":"2026-04-22T07:08:49","date_gmt":"2026-04-22T07:08:49","guid":{"rendered":"https:\/\/www.zmsh-semitech.com\/?post_type=product&#038;p=2360"},"modified":"2026-04-22T07:13:29","modified_gmt":"2026-04-22T07:13:29","slug":"ai350ht-medium-beam-high-temperature-ion-implantation-system-for-6-8-inch-sic-and-silicon-wafer-processing","status":"publish","type":"product","link":"https:\/\/www.zmsh-semitech.com\/tr\/product\/ai350ht-medium-beam-high-temperature-ion-implantation-system-for-6-8-inch-sic-and-silicon-wafer-processing\/","title":{"rendered":"6\/8 \u0130n\u00e7 SiC ve Silikon Gofret \u0130\u015fleme i\u00e7in Ai350HT Orta I\u015f\u0131nl\u0131 Y\u00fcksek S\u0131cakl\u0131k \u0130yon \u0130mplantasyon Sistemi"},"content":{"rendered":"<p data-start=\"193\" data-end=\"519\"><img fetchpriority=\"high\" decoding=\"async\" class=\"alignright wp-image-2361 size-medium\" src=\"https:\/\/www.zmsh-semitech.com\/wp-content\/uploads\/2026\/04\/AI350t-300x300.png\" alt=\"6\/8 \u0130n\u00e7 SiC ve Silikon Gofret \u0130\u015fleme i\u00e7in Ai350HT Orta I\u015f\u0131nl\u0131 Y\u00fcksek S\u0131cakl\u0131k \u0130yon \u0130mplantasyon Sistemi\" width=\"300\" height=\"300\" srcset=\"https:\/\/www.zmsh-semitech.com\/wp-content\/uploads\/2026\/04\/AI350t-300x300.png 300w, https:\/\/www.zmsh-semitech.com\/wp-content\/uploads\/2026\/04\/AI350t-150x150.png 150w, https:\/\/www.zmsh-semitech.com\/wp-content\/uploads\/2026\/04\/AI350t-768x768.png 768w, https:\/\/www.zmsh-semitech.com\/wp-content\/uploads\/2026\/04\/AI350t-12x12.png 12w, https:\/\/www.zmsh-semitech.com\/wp-content\/uploads\/2026\/04\/AI350t-600x600.png 600w, https:\/\/www.zmsh-semitech.com\/wp-content\/uploads\/2026\/04\/AI350t-100x100.png 100w, https:\/\/www.zmsh-semitech.com\/wp-content\/uploads\/2026\/04\/AI350t.png 1000w\" sizes=\"(max-width: 300px) 100vw, 300px\" \/>Ai350HT (Medium Beam) y\u00fcksek s\u0131cakl\u0131k iyon implantasyon sistemi, 6 in\u00e7 ve 8 in\u00e7 silikon gofret yar\u0131 iletken \u00fcretim hatlar\u0131n\u0131n yan\u0131 s\u0131ra SiC proses uygulamalar\u0131 i\u00e7in tasarlanm\u0131\u015ft\u0131r. Geli\u015fmi\u015f yar\u0131 iletken \u00fcretiminde y\u00fcksek enerjili ve y\u00fcksek s\u0131cakl\u0131kl\u0131 doping i\u015flemleri i\u00e7in geli\u015ftirilmi\u015f bir orta ak\u0131m iyon implanteridir.<\/p>\n<p data-start=\"521\" data-end=\"969\">Sistem 5 keV ile 350 keV aras\u0131nda bir enerji aral\u0131\u011f\u0131n\u0131 destekleyerek hem s\u0131\u011f hem de derin implantasyon i\u015flemlerini m\u00fcmk\u00fcn k\u0131lar. \u0130mplantasyon s\u0131ras\u0131nda daha iyi dopant aktivasyonu ve daha az kafes hasar\u0131 sa\u011flayan 500\u00b0C'ye kadar \u00e7al\u0131\u015fabilen y\u00fcksek s\u0131cakl\u0131kl\u0131 elektrostatik ayna ile donat\u0131lm\u0131\u015ft\u0131r. Kararl\u0131 \u0131\u015f\u0131n performans\u0131 ve y\u00fcksek hassasiyetli kontrol ile birlikte sistem, hem silikon bazl\u0131 hem de geni\u015f bant aral\u0131kl\u0131 yar\u0131 iletken \u00fcretimi i\u00e7in uygundur.<\/p>\n<hr data-start=\"971\" data-end=\"974\" \/>\n<h2 data-section-id=\"1d7mrtu\" data-start=\"976\" data-end=\"987\">\u00d6zellikler<\/h2>\n<h3 data-section-id=\"1b6a5ze\" data-start=\"989\" data-end=\"1033\">Y\u00fcksek S\u0131cakl\u0131kta \u0130mplantasyon Yetene\u011fi<\/h3>\n<p data-start=\"1034\" data-end=\"1198\">500\u00b0C'ye kadar destekleyen y\u00fcksek s\u0131cakl\u0131kl\u0131 elektrostatik ayna ile donat\u0131lm\u0131\u015f olup, geli\u015fmi\u015f prosesler i\u00e7in daha iyi implantasyon verimlili\u011fi ve dopant aktivasyonu sa\u011flar.<\/p>\n<h3 data-section-id=\"ox5pwk\" data-start=\"1200\" data-end=\"1221\">Geni\u015f Enerji Aral\u0131\u011f\u0131<\/h3>\n<p data-start=\"1222\" data-end=\"1355\">5-350 keV enerji aral\u0131\u011f\u0131, s\u0131\u011f ba\u011flant\u0131 olu\u015fumundan derin implantasyon i\u015flemlerine kadar esnek implantasyon gereksinimlerini destekler.<\/p>\n<h3 data-section-id=\"1czdwpe\" data-start=\"1357\" data-end=\"1388\">Y\u00fcksek Hassasiyetli I\u015f\u0131n Kontrol\u00fc<\/h3>\n<p data-start=\"1389\" data-end=\"1529\">A\u00e7\u0131 do\u011frulu\u011fu \u2264 0,2\u00b0, \u0131\u015f\u0131n paralelli\u011fi \u2264 0,2\u00b0, homojenlik \u2264 0,5% ve tekrarlanabilirlik \u2264 0,5% ile do\u011fru implantasyon performans\u0131 sa\u011flar.<\/p>\n<h3 data-section-id=\"173z83c\" data-start=\"1531\" data-end=\"1558\">Kararl\u0131 I\u015f\u0131n Performans\u0131<\/h3>\n<p data-start=\"1559\" data-end=\"1675\">I\u015f\u0131n stabilitesi saatte 10% i\u00e7inde kontrol edilir ve uzun \u00fcretim d\u00f6ng\u00fcleri s\u0131ras\u0131nda tutarl\u0131 proses kalitesi sa\u011flar.<\/p>\n<h3 data-section-id=\"199k9bm\" data-start=\"1677\" data-end=\"1701\">Uzun \u00d6m\u00fcrl\u00fc \u0130yon Kayna\u011f\u0131<\/h3>\n<p data-start=\"1702\" data-end=\"1825\">Bak\u0131m s\u0131kl\u0131\u011f\u0131n\u0131 azaltan ve \u00e7al\u0131\u015fma s\u00fcresini art\u0131ran, \u2265150 saat hizmet \u00f6mr\u00fcne sahip bir metal Al iyon kayna\u011f\u0131 ile donat\u0131lm\u0131\u015ft\u0131r.<\/p>\n<h3 data-section-id=\"8aw6q\" data-start=\"1827\" data-end=\"1857\">Y\u00fcksek Verim Kapasitesi<\/h3>\n<p data-start=\"1858\" data-end=\"1955\">Yar\u0131 iletken \u00fcretim ortamlar\u0131 i\u00e7in uygun olan saatte \u2265 200 gofret \u00fcretimini destekler.<\/p>\n<h3 data-section-id=\"1alost9\" data-start=\"1957\" data-end=\"1991\">Geli\u015fmi\u015f S\u00fcre\u00e7 Uyumlulu\u011fu<\/h3>\n<p data-start=\"1992\" data-end=\"2081\">SiC prosesleri ve geleneksel silikon bazl\u0131 yar\u0131 iletken \u00fcretimi ile uyumludur.<\/p>\n<p data-start=\"1992\" data-end=\"2081\"><img decoding=\"async\" class=\"alignnone size-medium wp-image-2365 alignleft\" src=\"https:\/\/www.zmsh-semitech.com\/wp-content\/uploads\/2026\/04\/Quadrant-Implantation-291x300.webp\" alt=\"\" width=\"291\" height=\"300\" srcset=\"https:\/\/www.zmsh-semitech.com\/wp-content\/uploads\/2026\/04\/Quadrant-Implantation-291x300.webp 291w, https:\/\/www.zmsh-semitech.com\/wp-content\/uploads\/2026\/04\/Quadrant-Implantation-12x12.webp 12w, https:\/\/www.zmsh-semitech.com\/wp-content\/uploads\/2026\/04\/Quadrant-Implantation.webp 499w\" sizes=\"(max-width: 291px) 100vw, 291px\" \/><img decoding=\"async\" class=\"alignnone size-medium wp-image-2364 alignleft\" src=\"https:\/\/www.zmsh-semitech.com\/wp-content\/uploads\/2026\/04\/Annular-Implantation-267x300.webp\" alt=\"\" width=\"267\" height=\"300\" srcset=\"https:\/\/www.zmsh-semitech.com\/wp-content\/uploads\/2026\/04\/Annular-Implantation-267x300.webp 267w, https:\/\/www.zmsh-semitech.com\/wp-content\/uploads\/2026\/04\/Annular-Implantation-11x12.webp 11w, https:\/\/www.zmsh-semitech.com\/wp-content\/uploads\/2026\/04\/Annular-Implantation.webp 462w\" sizes=\"(max-width: 267px) 100vw, 267px\" \/><\/p>\n<hr data-start=\"2083\" data-end=\"2086\" \/>\n<h2 data-section-id=\"rkota4\" data-start=\"2088\" data-end=\"2109\">Temel \u00d6zellikler<\/h2>\n<h3 data-section-id=\"rc5knr\" data-start=\"2111\" data-end=\"2133\">S\u00fcre\u00e7 Parametreleri<\/h3>\n<div class=\"TyagGW_tableContainer\">\n<div class=\"group TyagGW_tableWrapper flex flex-col-reverse w-fit\" tabindex=\"-1\">\n<table class=\"w-fit min-w-(--thread-content-width)\" data-start=\"2135\" data-end=\"2322\">\n<thead data-start=\"2135\" data-end=\"2159\">\n<tr data-start=\"2135\" data-end=\"2159\">\n<th class=\"\" data-start=\"2135\" data-end=\"2142\" data-col-size=\"sm\">\u00d6\u011fe<\/th>\n<th class=\"\" data-start=\"2142\" data-end=\"2159\" data-col-size=\"sm\">\u015eartname<\/th>\n<\/tr>\n<\/thead>\n<tbody data-start=\"2184\" data-end=\"2322\">\n<tr data-start=\"2184\" data-end=\"2209\">\n<td data-start=\"2184\" data-end=\"2197\" data-col-size=\"sm\">Gofret Boyutu<\/td>\n<td data-col-size=\"sm\" data-start=\"2197\" data-end=\"2209\">6-8 in\u00e7<\/td>\n<\/tr>\n<tr data-start=\"2210\" data-end=\"2238\">\n<td data-start=\"2210\" data-end=\"2225\" data-col-size=\"sm\">Enerji Aral\u0131\u011f\u0131<\/td>\n<td data-col-size=\"sm\" data-start=\"2225\" data-end=\"2238\">5-350 keV<\/td>\n<\/tr>\n<tr data-start=\"2239\" data-end=\"2286\">\n<td data-start=\"2239\" data-end=\"2260\" data-col-size=\"sm\">\u0130mplante Edilmi\u015f Elemanlar<\/td>\n<td data-col-size=\"sm\" data-start=\"2260\" data-end=\"2286\">C, Al, B, P, N, He, Ar<\/td>\n<\/tr>\n<tr data-start=\"2287\" data-end=\"2322\">\n<td data-start=\"2287\" data-end=\"2300\" data-col-size=\"sm\">Doz Aral\u0131\u011f\u0131<\/td>\n<td data-start=\"2300\" data-end=\"2322\" data-col-size=\"sm\">1E11-1E17 iyon\/cm\u00b2<\/td>\n<\/tr>\n<\/tbody>\n<\/table>\n<\/div>\n<\/div>\n<h3 data-section-id=\"h0mtjp\" data-start=\"2329\" data-end=\"2349\">I\u015f\u0131n Performans\u0131<\/h3>\n<div class=\"TyagGW_tableContainer\">\n<div class=\"group TyagGW_tableWrapper flex flex-col-reverse w-fit\" tabindex=\"-1\">\n<table class=\"w-fit min-w-(--thread-content-width)\" data-start=\"2351\" data-end=\"2505\">\n<thead data-start=\"2351\" data-end=\"2375\">\n<tr data-start=\"2351\" data-end=\"2375\">\n<th class=\"\" data-start=\"2351\" data-end=\"2358\" data-col-size=\"sm\">\u00d6\u011fe<\/th>\n<th class=\"\" data-start=\"2358\" data-end=\"2375\" data-col-size=\"md\">\u015eartname<\/th>\n<\/tr>\n<\/thead>\n<tbody data-start=\"2400\" data-end=\"2505\">\n<tr data-start=\"2400\" data-end=\"2475\">\n<td data-start=\"2400\" data-end=\"2417\" data-col-size=\"sm\">Kiri\u015f Stabilitesi<\/td>\n<td data-col-size=\"md\" data-start=\"2417\" data-end=\"2475\">\u2264 10% \/ saat (\u22641 \u0131\u015f\u0131n kesintisi veya saatte ark)<\/td>\n<\/tr>\n<tr data-start=\"2476\" data-end=\"2505\">\n<td data-start=\"2476\" data-end=\"2495\" data-col-size=\"sm\">Kiri\u015f Paralelli\u011fi<\/td>\n<td data-col-size=\"md\" data-start=\"2495\" data-end=\"2505\">\u2264 0.2\u00b0<\/td>\n<\/tr>\n<\/tbody>\n<\/table>\n<\/div>\n<\/div>\n<h3 data-section-id=\"ieoahx\" data-start=\"2512\" data-end=\"2537\">\u0130mplantasyon Do\u011frulu\u011fu<\/h3>\n<div class=\"TyagGW_tableContainer\">\n<div class=\"group TyagGW_tableWrapper flex flex-col-reverse w-fit\" tabindex=\"-1\">\n<table class=\"w-fit min-w-(--thread-content-width)\" data-start=\"2539\" data-end=\"2729\">\n<thead data-start=\"2539\" data-end=\"2563\">\n<tr data-start=\"2539\" data-end=\"2563\">\n<th class=\"\" data-start=\"2539\" data-end=\"2546\" data-col-size=\"sm\">\u00d6\u011fe<\/th>\n<th class=\"\" data-start=\"2546\" data-end=\"2563\" data-col-size=\"sm\">\u015eartname<\/th>\n<\/tr>\n<\/thead>\n<tbody data-start=\"2588\" data-end=\"2729\">\n<tr data-start=\"2588\" data-end=\"2620\">\n<td data-start=\"2588\" data-end=\"2610\" data-col-size=\"sm\">\u0130mplant A\u00e7\u0131 Aral\u0131\u011f\u0131<\/td>\n<td data-col-size=\"sm\" data-start=\"2610\" data-end=\"2620\">0\u00b0-45\u00b0<\/td>\n<\/tr>\n<tr data-start=\"2621\" data-end=\"2648\">\n<td data-start=\"2621\" data-end=\"2638\" data-col-size=\"sm\">A\u00e7\u0131 Do\u011frulu\u011fu<\/td>\n<td data-col-size=\"sm\" data-start=\"2638\" data-end=\"2648\">\u2264 0.2\u00b0<\/td>\n<\/tr>\n<tr data-start=\"2649\" data-end=\"2697\">\n<td data-start=\"2649\" data-end=\"2667\" data-col-size=\"sm\">Tekd\u00fczelik (1\u03c3)<\/td>\n<td data-col-size=\"sm\" data-start=\"2667\" data-end=\"2697\">\u2264 0,5% (P+, 1E14, 100 keV)<\/td>\n<\/tr>\n<tr data-start=\"2698\" data-end=\"2729\">\n<td data-start=\"2698\" data-end=\"2719\" data-col-size=\"sm\">Tekrarlanabilirlik (1\u03c3)<\/td>\n<td data-col-size=\"sm\" data-start=\"2719\" data-end=\"2729\">\u2264 0,5%<\/td>\n<\/tr>\n<\/tbody>\n<\/table>\n<\/div>\n<\/div>\n<h3 data-section-id=\"1i84h7f\" data-start=\"2736\" data-end=\"2758\">Sistem Performans\u0131<\/h3>\n<div class=\"TyagGW_tableContainer\">\n<div class=\"group TyagGW_tableWrapper flex flex-col-reverse w-fit\" tabindex=\"-1\">\n<table class=\"w-fit min-w-(--thread-content-width)\" data-start=\"2760\" data-end=\"3074\">\n<thead data-start=\"2760\" data-end=\"2784\">\n<tr data-start=\"2760\" data-end=\"2784\">\n<th class=\"\" data-start=\"2760\" data-end=\"2767\" data-col-size=\"sm\">\u00d6\u011fe<\/th>\n<th class=\"\" data-start=\"2767\" data-end=\"2784\" data-col-size=\"md\">\u015eartname<\/th>\n<\/tr>\n<\/thead>\n<tbody data-start=\"2809\" data-end=\"3074\">\n<tr data-start=\"2809\" data-end=\"2847\">\n<td data-start=\"2809\" data-end=\"2822\" data-col-size=\"sm\">Verim<\/td>\n<td data-col-size=\"md\" data-start=\"2822\" data-end=\"2847\">Saatte \u2265 200 gofret<\/td>\n<\/tr>\n<tr data-start=\"2848\" data-end=\"2885\">\n<td data-start=\"2848\" data-end=\"2876\" data-col-size=\"sm\">Maksimum Chuck S\u0131cakl\u0131\u011f\u0131<\/td>\n<td data-col-size=\"md\" data-start=\"2876\" data-end=\"2885\">500\u00b0C<\/td>\n<\/tr>\n<tr data-start=\"2886\" data-end=\"2928\">\n<td data-start=\"2886\" data-end=\"2903\" data-col-size=\"sm\">Ekipman Boyutu<\/td>\n<td data-col-size=\"md\" data-start=\"2903\" data-end=\"2928\">6270 \u00d7 3500 \u00d7 3000 mm<\/td>\n<\/tr>\n<tr data-start=\"2929\" data-end=\"2957\">\n<td data-start=\"2929\" data-end=\"2944\" data-col-size=\"sm\">Vakum Seviyesi<\/td>\n<td data-col-size=\"md\" data-start=\"2944\" data-end=\"2957\">5E-7 Torr<\/td>\n<\/tr>\n<tr data-start=\"2958\" data-end=\"2989\">\n<td data-start=\"2958\" data-end=\"2974\" data-col-size=\"sm\">X-ray S\u0131z\u0131nt\u0131s\u0131<\/td>\n<td data-col-size=\"md\" data-start=\"2974\" data-end=\"2989\">\u2264 0,3 \u03bcSv\/h<\/td>\n<\/tr>\n<tr data-start=\"2990\" data-end=\"3074\">\n<td data-start=\"2990\" data-end=\"3006\" data-col-size=\"sm\">Tarama Modu<\/td>\n<td data-col-size=\"md\" data-start=\"3006\" data-end=\"3074\">Yatay elektrostatik tarama + dikey mekanik tarama<\/td>\n<\/tr>\n<\/tbody>\n<\/table>\n<\/div>\n<\/div>\n<hr data-start=\"3076\" data-end=\"3079\" \/>\n<h2 data-section-id=\"1nd7jny\" data-start=\"3081\" data-end=\"3102\">Uygulama Alanlar\u0131<\/h2>\n<h3 data-section-id=\"gije38\" data-start=\"3104\" data-end=\"3141\">SiC Yar\u0131 \u0130letken \u00dcretimi<\/h3>\n<p data-start=\"3142\" data-end=\"3239\">Y\u00fcksek s\u0131cakl\u0131kta iyon implantasyon i\u015flemleri gerektiren silisyum karb\u00fcr cihaz imalat\u0131nda kullan\u0131l\u0131r.<\/p>\n<h3 data-section-id=\"k65407\" data-start=\"3241\" data-end=\"3285\">Silikon Tabanl\u0131 Yar\u0131 \u0130letken \u0130\u015fleme<\/h3>\n<p data-start=\"3286\" data-end=\"3370\">CMOS ve 6 in\u00e7 ve 8 in\u00e7 gofretlerde entegre devre \u00fcretimi i\u00e7in ge\u00e7erlidir.<\/p>\n<h3 data-section-id=\"rry3qf\" data-start=\"3372\" data-end=\"3417\">Y\u00fcksek S\u0131cakl\u0131k \u0130mplantasyon Prosesleri<\/h3>\n<p data-start=\"3418\" data-end=\"3527\">Kristal hasar\u0131n\u0131 azaltmak ve dopant aktivasyonunu iyile\u015ftirmek i\u00e7in y\u00fcksek s\u0131cakl\u0131k gerektiren prosesler i\u00e7in uygundur.<\/p>\n<h3 data-section-id=\"454qrl\" data-start=\"3529\" data-end=\"3559\">G\u00fc\u00e7 Cihaz\u0131 \u00dcretimi<\/h3>\n<p data-start=\"3560\" data-end=\"3650\">Derin implantasyon ve y\u00fcksek enerji prosesleri gerektiren g\u00fc\u00e7 yar\u0131 iletken cihazlar\u0131nda kullan\u0131l\u0131r.<\/p>\n<h3 data-section-id=\"amjxl6\" data-start=\"3652\" data-end=\"3687\">\u0130leri Malzeme M\u00fchendisli\u011fi<\/h3>\n<p data-start=\"3688\" data-end=\"3787\">Geli\u015fmi\u015f yar\u0131 iletken malzemeler ve s\u00fcre\u00e7 geli\u015ftirme ortamlar\u0131nda iyon implantasyonunu destekler.<\/p>\n<hr data-start=\"3789\" data-end=\"3792\" \/>\n<h2 data-section-id=\"1r8frcv\" data-start=\"3794\" data-end=\"3823\">S\u0131k\u00e7a Sorulan Sorular<\/h2>\n<h3 data-section-id=\"v0ng97\" data-start=\"3825\" data-end=\"3875\">1. Ai350HT hangi yonga plakas\u0131 boyutlar\u0131n\u0131 destekler?<\/h3>\n<p data-start=\"3876\" data-end=\"4002\">Sistem 6 in\u00e7 ve 8 in\u00e7 wafer'lar\u0131 destekler ve hem silikon bazl\u0131 hem de SiC yar\u0131 iletken \u00fcretim hatlar\u0131 i\u00e7in uygundur.<\/p>\n<h3 data-section-id=\"1fcyssk\" data-start=\"4004\" data-end=\"4074\">2. \u0130mplantasyon s\u0131ras\u0131nda desteklenen maksimum s\u0131cakl\u0131k nedir?<\/h3>\n<p data-start=\"4075\" data-end=\"4197\">Sistem, mekanik s\u0131k\u0131\u015ft\u0131rmal\u0131 \u0131s\u0131tmal\u0131 bir elektrostatik ayna kullanarak 500\u00b0C'ye kadar y\u00fcksek s\u0131cakl\u0131k implantasyonunu destekler.<\/p>\n<h3 data-section-id=\"1pcs3bs\" data-start=\"4199\" data-end=\"4269\">3. Bu sistemin SiC prosesleri i\u00e7in temel avantajlar\u0131 nelerdir?<\/h3>\n<p data-start=\"4270\" data-end=\"4445\">Sistem, y\u00fcksek s\u0131cakl\u0131k kapasitesi, istikrarl\u0131 \u0131\u015f\u0131n performans\u0131 ve SiC s\u00fcre\u00e7leriyle uyumlulu\u011fu bir araya getirerek geni\u015f bant aral\u0131kl\u0131 yar\u0131 iletken uygulamalar\u0131 i\u00e7in uygun hale getiriyor.<\/p>","protected":false},"excerpt":{"rendered":"<p>Ai350HT (Medium Beam) y\u00fcksek s\u0131cakl\u0131k iyon implantasyon sistemi, 6 in\u00e7 ve 8 in\u00e7 silikon gofret yar\u0131 iletken \u00fcretim hatlar\u0131n\u0131n yan\u0131 s\u0131ra SiC proses uygulamalar\u0131 i\u00e7in tasarlanm\u0131\u015ft\u0131r. Geli\u015fmi\u015f yar\u0131 iletken \u00fcretiminde y\u00fcksek enerjili ve y\u00fcksek s\u0131cakl\u0131kl\u0131 doping i\u015flemleri i\u00e7in geli\u015ftirilmi\u015f bir orta ak\u0131m iyon implanteridir.<\/p>","protected":false},"featured_media":2361,"comment_status":"open","ping_status":"closed","template":"","meta":{"site-sidebar-layout":"default","site-content-layout":"","ast-site-content-layout":"default","site-content-style":"default","site-sidebar-style":"default","ast-global-header-display":"","ast-banner-title-visibility":"","ast-main-header-display":"","ast-hfb-above-header-display":"","ast-hfb-below-header-display":"","ast-hfb-mobile-header-display":"","site-post-title":"","ast-breadcrumbs-content":"","ast-featured-img":"","footer-sml-layout":"","ast-disable-related-posts":"","theme-transparent-header-meta":"default","adv-header-id-meta":"","stick-header-meta":"default","header-above-stick-meta":"","header-main-stick-meta":"","header-below-stick-meta":"","astra-migrate-meta-layouts":"set","ast-page-background-enabled":"default","ast-page-background-meta":{"desktop":{"background-color":"var(--ast-global-color-4)","background-image":"","background-repeat":"repeat","background-position":"center center","background-size":"auto","background-attachment":"scroll","background-type":"","background-media":"","overlay-type":"","overlay-color":"","overlay-opacity":"","overlay-gradient":""},"tablet":{"background-color":"","background-image":"","background-repeat":"repeat","background-position":"center center","background-size":"auto","background-attachment":"scroll","background-type":"","background-media":"","overlay-type":"","overlay-color":"","overlay-opacity":"","overlay-gradient":""},"mobile":{"background-color":"","background-image":"","background-repeat":"repeat","background-position":"center center","background-size":"auto","background-attachment":"scroll","background-type":"","background-media":"","overlay-type":"","overlay-color":"","overlay-opacity":"","overlay-gradient":""}},"ast-content-background-meta":{"desktop":{"background-color":"var(--ast-global-color-5)","background-image":"","background-repeat":"repeat","background-position":"center center","background-size":"auto","background-attachment":"scroll","background-type":"","background-media":"","overlay-type":"","overlay-color":"","overlay-opacity":"","overlay-gradient":""},"tablet":{"background-color":"var(--ast-global-color-5)","background-image":"","background-repeat":"repeat","background-position":"center center","background-size":"auto","background-attachment":"scroll","background-type":"","background-media":"","overlay-type":"","overlay-color":"","overlay-opacity":"","overlay-gradient":""},"mobile":{"background-color":"var(--ast-global-color-5)","background-image":"","background-repeat":"repeat","background-position":"center center","background-size":"auto","background-attachment":"scroll","background-type":"","background-media":"","overlay-type":"","overlay-color":"","overlay-opacity":"","overlay-gradient":""}}},"product_brand":[],"product_cat":[1177],"product_tag":[1189,1190,1194,1178,1181,1186,1199,1196,1195,1198],"class_list":{"0":"post-2360","1":"product","2":"type-product","3":"status-publish","4":"has-post-thumbnail","6":"product_cat-ion-implantation-equipment","7":"product_tag-6-inch-wafer-equipment","8":"product_tag-8-inch-wafer-processing","9":"product_tag-high-temperature-ion-implantation","10":"product_tag-ion-implantation-system","11":"product_tag-lsi-manufacturing-equipment","12":"product_tag-medium-beam-ion-implanter","13":"product_tag-power-device-fabrication-equipment","14":"product_tag-semiconductor-doping-machine","15":"product_tag-sic-implantation-equipment","16":"product_tag-wide-bandgap-semiconductor-equipment","17":"desktop-align-left","18":"tablet-align-left","19":"mobile-align-left","20":"ast-product-gallery-layout-horizontal-slider","21":"ast-product-gallery-with-no-image","22":"ast-product-tabs-layout-horizontal","24":"first","25":"instock","26":"shipping-taxable","27":"product-type-simple"},"_links":{"self":[{"href":"https:\/\/www.zmsh-semitech.com\/tr\/wp-json\/wp\/v2\/product\/2360","targetHints":{"allow":["GET"]}}],"collection":[{"href":"https:\/\/www.zmsh-semitech.com\/tr\/wp-json\/wp\/v2\/product"}],"about":[{"href":"https:\/\/www.zmsh-semitech.com\/tr\/wp-json\/wp\/v2\/types\/product"}],"replies":[{"embeddable":true,"href":"https:\/\/www.zmsh-semitech.com\/tr\/wp-json\/wp\/v2\/comments?post=2360"}],"version-history":[{"count":4,"href":"https:\/\/www.zmsh-semitech.com\/tr\/wp-json\/wp\/v2\/product\/2360\/revisions"}],"predecessor-version":[{"id":2367,"href":"https:\/\/www.zmsh-semitech.com\/tr\/wp-json\/wp\/v2\/product\/2360\/revisions\/2367"}],"wp:featuredmedia":[{"embeddable":true,"href":"https:\/\/www.zmsh-semitech.com\/tr\/wp-json\/wp\/v2\/media\/2361"}],"wp:attachment":[{"href":"https:\/\/www.zmsh-semitech.com\/tr\/wp-json\/wp\/v2\/media?parent=2360"}],"wp:term":[{"taxonomy":"product_brand","embeddable":true,"href":"https:\/\/www.zmsh-semitech.com\/tr\/wp-json\/wp\/v2\/product_brand?post=2360"},{"taxonomy":"product_cat","embeddable":true,"href":"https:\/\/www.zmsh-semitech.com\/tr\/wp-json\/wp\/v2\/product_cat?post=2360"},{"taxonomy":"product_tag","embeddable":true,"href":"https:\/\/www.zmsh-semitech.com\/tr\/wp-json\/wp\/v2\/product_tag?post=2360"}],"curies":[{"name":"wp","href":"https:\/\/api.w.org\/{rel}","templated":true}]}}