{"id":2354,"date":"2026-04-22T06:34:59","date_gmt":"2026-04-22T06:34:59","guid":{"rendered":"https:\/\/www.zmsh-semitech.com\/?post_type=product&#038;p=2354"},"modified":"2026-04-22T07:16:34","modified_gmt":"2026-04-22T07:16:34","slug":"ai300-medium-beam-high-temperature-ion-implantation-system-for-12-inch-wafer-processing","status":"publish","type":"product","link":"https:\/\/www.zmsh-semitech.com\/tr\/product\/ai300-medium-beam-high-temperature-ion-implantation-system-for-12-inch-wafer-processing\/","title":{"rendered":"Ai300 (Orta I\u015f\u0131n) 12 \u0130n\u00e7 Gofret \u0130\u015fleme i\u00e7in Y\u00fcksek S\u0131cakl\u0131k \u0130yon \u0130mplantasyon Sistemi"},"content":{"rendered":"<p data-start=\"228\" data-end=\"538\"><img fetchpriority=\"high\" decoding=\"async\" class=\"alignright wp-image-2357 size-medium\" src=\"https:\/\/www.zmsh-semitech.com\/wp-content\/uploads\/2026\/04\/AI300-300x300.png\" alt=\"Ai300 (Orta I\u015f\u0131n) 12 \u0130n\u00e7 Gofret \u0130\u015fleme i\u00e7in Y\u00fcksek S\u0131cakl\u0131k \u0130yon \u0130mplantasyon Sistemi\" width=\"300\" height=\"300\" srcset=\"https:\/\/www.zmsh-semitech.com\/wp-content\/uploads\/2026\/04\/AI300-300x300.png 300w, https:\/\/www.zmsh-semitech.com\/wp-content\/uploads\/2026\/04\/AI300-150x150.png 150w, https:\/\/www.zmsh-semitech.com\/wp-content\/uploads\/2026\/04\/AI300-768x768.png 768w, https:\/\/www.zmsh-semitech.com\/wp-content\/uploads\/2026\/04\/AI300-12x12.png 12w, https:\/\/www.zmsh-semitech.com\/wp-content\/uploads\/2026\/04\/AI300-600x600.png 600w, https:\/\/www.zmsh-semitech.com\/wp-content\/uploads\/2026\/04\/AI300-100x100.png 100w, https:\/\/www.zmsh-semitech.com\/wp-content\/uploads\/2026\/04\/AI300.png 1000w\" sizes=\"(max-width: 300px) 100vw, 300px\" \/>Ai300 (Orta I\u015f\u0131n) y\u00fcksek s\u0131cakl\u0131k iyon implantasyon sistemi, 12 in\u00e7 silikon gofret yar\u0131 iletken \u00fcretim hatlar\u0131 i\u00e7in tasarlanm\u0131\u015ft\u0131r. SiC proses hatlar\u0131 da dahil olmak \u00fczere hem silikon bazl\u0131 hem de geni\u015f bant aral\u0131kl\u0131 yar\u0131 iletken uygulamalar\u0131nda geli\u015fmi\u015f doping i\u015flemleri i\u00e7in geli\u015ftirilmi\u015f bir orta ak\u0131m iyon implanteridir.<\/p>\n<p data-start=\"540\" data-end=\"872\">Sistem, 5 keV ila 300 keV aras\u0131nda bir enerji aral\u0131\u011f\u0131n\u0131 destekleyerek s\u0131\u011f ba\u011flant\u0131 olu\u015fumundan derin doping uygulamalar\u0131na kadar esnek implantasyon sa\u011flar. Maksimum 400\u00b0C'ye kadar s\u0131cakl\u0131\u011fa sahip y\u00fcksek s\u0131cakl\u0131kta \u0131s\u0131t\u0131lm\u0131\u015f bir yonga plakas\u0131 a\u015famas\u0131 ile donat\u0131lm\u0131\u015ft\u0131r, bu da implantasyon s\u0131ras\u0131nda daha iyi dopant aktivasyonu ve daha az kafes hasar\u0131 sa\u011flar.<\/p>\n<p data-start=\"874\" data-end=\"1076\">\u0130stikrarl\u0131 \u0131\u015f\u0131n performans\u0131, y\u00fcksek hassasiyetli kontrol ve b\u00fcy\u00fck \u00f6l\u00e7ekli entegre devre s\u00fcre\u00e7leriyle uyumlulu\u011fuyla Ai300 sistemi, geli\u015fmi\u015f yar\u0131 iletken \u00fcretim ortamlar\u0131 i\u00e7in uygundur.<\/p>\n<hr data-start=\"1078\" data-end=\"1081\" \/>\n<h2 data-section-id=\"1d7mrtu\" data-start=\"1083\" data-end=\"1094\">\u00d6zellikler<\/h2>\n<h3 data-section-id=\"1oge1av\" data-start=\"1096\" data-end=\"1135\">Y\u00fcksek S\u0131cakl\u0131k \u0130mplant \u00d6zelli\u011fi<\/h3>\n<p data-start=\"1136\" data-end=\"1272\">400\u00b0C'ye kadar s\u0131cakl\u0131klar\u0131 destekleyen, implantasyon kalitesini ve dopant aktivasyon verimlili\u011fini art\u0131ran \u0131s\u0131tmal\u0131 bir wafer a\u015famas\u0131 ile donat\u0131lm\u0131\u015ft\u0131r.<\/p>\n<h3 data-section-id=\"ox5pwk\" data-start=\"1274\" data-end=\"1295\">Geni\u015f Enerji Aral\u0131\u011f\u0131<\/h3>\n<p data-start=\"1296\" data-end=\"1407\">5-300 keV enerji aral\u0131\u011f\u0131, geli\u015fmi\u015f cihaz yap\u0131lar\u0131 i\u00e7in hem s\u0131\u011f hem de derin implantasyon s\u00fcre\u00e7lerini destekler.<\/p>\n<h3 data-section-id=\"1czdwpe\" data-start=\"1409\" data-end=\"1440\">Y\u00fcksek Hassasiyetli I\u015f\u0131n Kontrol\u00fc<\/h3>\n<p data-start=\"1441\" data-end=\"1574\">A\u00e7\u0131 do\u011frulu\u011fu \u2264 0,1\u00b0, \u0131\u015f\u0131n paralelli\u011fi \u2264 0,1\u00b0, homojenlik \u2264 0,5% ve tekrarlanabilirlik \u2264 0,5% ile y\u00fcksek do\u011frulukta implantasyon sa\u011flar.<\/p>\n<h3 data-section-id=\"1q1uyu2\" data-start=\"1576\" data-end=\"1607\">Y\u00fcksek Verim Performans\u0131<\/h3>\n<p data-start=\"1608\" data-end=\"1710\">Y\u00fcksek hacimli yar\u0131 iletken \u00fcretimi i\u00e7in uygun olan saatte \u2265 500 wafer'a kadar i\u015f hacmini destekler.<\/p>\n<h3 data-section-id=\"1h8myql\" data-start=\"1712\" data-end=\"1746\">Geli\u015fmi\u015f \u0130yon Kayna\u011f\u0131 Yetene\u011fi<\/h3>\n<p data-start=\"1747\" data-end=\"1869\">C, B, P, N, He ve Ar dahil olmak \u00fczere birden fazla implante edilmi\u015f elementi destekleyerek \u00e7e\u015fitli yar\u0131 iletken proses gereksinimlerini kar\u015f\u0131lar.<\/p>\n<h3 data-section-id=\"1bq068l\" data-start=\"1871\" data-end=\"1900\">LSI S\u00fcre\u00e7 Uyumlulu\u011fu<\/h3>\n<p data-start=\"1901\" data-end=\"2010\">B\u00fcy\u00fck \u00f6l\u00e7ekli entegre devre \u00fcretim s\u00fcre\u00e7leri ve geli\u015fmi\u015f cihaz \u00fcretimi ile tamamen uyumludur.<\/p>\n<p data-start=\"1901\" data-end=\"2010\"><img decoding=\"async\" class=\"alignnone size-medium wp-image-2368\" src=\"https:\/\/www.zmsh-semitech.com\/wp-content\/uploads\/2026\/04\/Annular-Implantation-1-267x300.webp\" alt=\"\" width=\"267\" height=\"300\" srcset=\"https:\/\/www.zmsh-semitech.com\/wp-content\/uploads\/2026\/04\/Annular-Implantation-1-267x300.webp 267w, https:\/\/www.zmsh-semitech.com\/wp-content\/uploads\/2026\/04\/Annular-Implantation-1-11x12.webp 11w, https:\/\/www.zmsh-semitech.com\/wp-content\/uploads\/2026\/04\/Annular-Implantation-1.webp 462w\" sizes=\"(max-width: 267px) 100vw, 267px\" \/> <img decoding=\"async\" class=\"alignnone size-medium wp-image-2369\" src=\"https:\/\/www.zmsh-semitech.com\/wp-content\/uploads\/2026\/04\/Quadrant-Implantation-1-291x300.webp\" alt=\"\" width=\"291\" height=\"300\" srcset=\"https:\/\/www.zmsh-semitech.com\/wp-content\/uploads\/2026\/04\/Quadrant-Implantation-1-291x300.webp 291w, https:\/\/www.zmsh-semitech.com\/wp-content\/uploads\/2026\/04\/Quadrant-Implantation-1-12x12.webp 12w, https:\/\/www.zmsh-semitech.com\/wp-content\/uploads\/2026\/04\/Quadrant-Implantation-1.webp 499w\" sizes=\"(max-width: 291px) 100vw, 291px\" \/><\/p>\n<hr data-start=\"2012\" data-end=\"2015\" \/>\n<h2 data-section-id=\"rkota4\" data-start=\"2017\" data-end=\"2038\">Temel \u00d6zellikler<\/h2>\n<h3 data-section-id=\"rc5knr\" data-start=\"2040\" data-end=\"2062\">S\u00fcre\u00e7 Parametreleri<\/h3>\n<div class=\"TyagGW_tableContainer\">\n<div class=\"group TyagGW_tableWrapper flex flex-col-reverse w-fit\" tabindex=\"-1\">\n<table class=\"w-fit min-w-(--thread-content-width)\" data-start=\"2064\" data-end=\"2246\">\n<thead data-start=\"2064\" data-end=\"2088\">\n<tr data-start=\"2064\" data-end=\"2088\">\n<th class=\"\" data-start=\"2064\" data-end=\"2071\" data-col-size=\"sm\">\u00d6\u011fe<\/th>\n<th class=\"\" data-start=\"2071\" data-end=\"2088\" data-col-size=\"sm\">\u015eartname<\/th>\n<\/tr>\n<\/thead>\n<tbody data-start=\"2113\" data-end=\"2246\">\n<tr data-start=\"2113\" data-end=\"2137\">\n<td data-start=\"2113\" data-end=\"2126\" data-col-size=\"sm\">Gofret Boyutu<\/td>\n<td data-col-size=\"sm\" data-start=\"2126\" data-end=\"2137\">12 in\u00e7<\/td>\n<\/tr>\n<tr data-start=\"2138\" data-end=\"2166\">\n<td data-start=\"2138\" data-end=\"2153\" data-col-size=\"sm\">Enerji Aral\u0131\u011f\u0131<\/td>\n<td data-col-size=\"sm\" data-start=\"2153\" data-end=\"2166\">5-300 keV<\/td>\n<\/tr>\n<tr data-start=\"2167\" data-end=\"2210\">\n<td data-start=\"2167\" data-end=\"2188\" data-col-size=\"sm\">\u0130mplante Edilmi\u015f Elemanlar<\/td>\n<td data-col-size=\"sm\" data-start=\"2188\" data-end=\"2210\">C, B, P, N, He, Ar<\/td>\n<\/tr>\n<tr data-start=\"2211\" data-end=\"2246\">\n<td data-start=\"2211\" data-end=\"2224\" data-col-size=\"sm\">Doz Aral\u0131\u011f\u0131<\/td>\n<td data-col-size=\"sm\" data-start=\"2224\" data-end=\"2246\">1E11-1E16 iyon\/cm\u00b2<\/td>\n<\/tr>\n<\/tbody>\n<\/table>\n<\/div>\n<\/div>\n<h3 data-section-id=\"h0mtjp\" data-start=\"2253\" data-end=\"2273\">I\u015f\u0131n Performans\u0131<\/h3>\n<div class=\"TyagGW_tableContainer\">\n<div class=\"group TyagGW_tableWrapper flex flex-col-reverse w-fit\" tabindex=\"-1\">\n<table class=\"w-fit min-w-(--thread-content-width)\" data-start=\"2275\" data-end=\"2429\">\n<thead data-start=\"2275\" data-end=\"2299\">\n<tr data-start=\"2275\" data-end=\"2299\">\n<th class=\"\" data-start=\"2275\" data-end=\"2282\" data-col-size=\"sm\">\u00d6\u011fe<\/th>\n<th class=\"\" data-start=\"2282\" data-end=\"2299\" data-col-size=\"md\">\u015eartname<\/th>\n<\/tr>\n<\/thead>\n<tbody data-start=\"2324\" data-end=\"2429\">\n<tr data-start=\"2324\" data-end=\"2399\">\n<td data-start=\"2324\" data-end=\"2341\" data-col-size=\"sm\">Kiri\u015f Stabilitesi<\/td>\n<td data-col-size=\"md\" data-start=\"2341\" data-end=\"2399\">\u2264 10% \/ saat (\u22641 \u0131\u015f\u0131n kesintisi veya saatte ark)<\/td>\n<\/tr>\n<tr data-start=\"2400\" data-end=\"2429\">\n<td data-start=\"2400\" data-end=\"2419\" data-col-size=\"sm\">Kiri\u015f Paralelli\u011fi<\/td>\n<td data-col-size=\"md\" data-start=\"2419\" data-end=\"2429\">\u2264 0.1\u00b0<\/td>\n<\/tr>\n<\/tbody>\n<\/table>\n<\/div>\n<\/div>\n<h3 data-section-id=\"ieoahx\" data-start=\"2436\" data-end=\"2461\">\u0130mplantasyon Do\u011frulu\u011fu<\/h3>\n<div class=\"TyagGW_tableContainer\">\n<div class=\"group TyagGW_tableWrapper flex flex-col-reverse w-fit\" tabindex=\"-1\">\n<table class=\"w-fit min-w-(--thread-content-width)\" data-start=\"2463\" data-end=\"2653\">\n<thead data-start=\"2463\" data-end=\"2487\">\n<tr data-start=\"2463\" data-end=\"2487\">\n<th class=\"\" data-start=\"2463\" data-end=\"2470\" data-col-size=\"sm\">\u00d6\u011fe<\/th>\n<th class=\"\" data-start=\"2470\" data-end=\"2487\" data-col-size=\"sm\">\u015eartname<\/th>\n<\/tr>\n<\/thead>\n<tbody data-start=\"2512\" data-end=\"2653\">\n<tr data-start=\"2512\" data-end=\"2544\">\n<td data-start=\"2512\" data-end=\"2534\" data-col-size=\"sm\">\u0130mplant A\u00e7\u0131 Aral\u0131\u011f\u0131<\/td>\n<td data-col-size=\"sm\" data-start=\"2534\" data-end=\"2544\">0\u00b0-45\u00b0<\/td>\n<\/tr>\n<tr data-start=\"2545\" data-end=\"2572\">\n<td data-start=\"2545\" data-end=\"2562\" data-col-size=\"sm\">A\u00e7\u0131 Do\u011frulu\u011fu<\/td>\n<td data-col-size=\"sm\" data-start=\"2562\" data-end=\"2572\">\u2264 0.1\u00b0<\/td>\n<\/tr>\n<tr data-start=\"2573\" data-end=\"2621\">\n<td data-start=\"2573\" data-end=\"2591\" data-col-size=\"sm\">Tekd\u00fczelik (1\u03c3)<\/td>\n<td data-col-size=\"sm\" data-start=\"2591\" data-end=\"2621\">\u2264 0,5% (P+, 1E14, 100 keV)<\/td>\n<\/tr>\n<tr data-start=\"2622\" data-end=\"2653\">\n<td data-start=\"2622\" data-end=\"2643\" data-col-size=\"sm\">Tekrarlanabilirlik (1\u03c3)<\/td>\n<td data-col-size=\"sm\" data-start=\"2643\" data-end=\"2653\">\u2264 0,5%<\/td>\n<\/tr>\n<\/tbody>\n<\/table>\n<\/div>\n<\/div>\n<h3 data-section-id=\"1i84h7f\" data-start=\"2660\" data-end=\"2682\">Sistem Performans\u0131<\/h3>\n<div class=\"TyagGW_tableContainer\">\n<div class=\"group TyagGW_tableWrapper flex flex-col-reverse w-fit\" tabindex=\"-1\">\n<table class=\"w-fit min-w-(--thread-content-width)\" data-start=\"2684\" data-end=\"3000\">\n<thead data-start=\"2684\" data-end=\"2708\">\n<tr data-start=\"2684\" data-end=\"2708\">\n<th class=\"\" data-start=\"2684\" data-end=\"2691\" data-col-size=\"sm\">\u00d6\u011fe<\/th>\n<th class=\"\" data-start=\"2691\" data-end=\"2708\" data-col-size=\"md\">\u015eartname<\/th>\n<\/tr>\n<\/thead>\n<tbody data-start=\"2733\" data-end=\"3000\">\n<tr data-start=\"2733\" data-end=\"2771\">\n<td data-start=\"2733\" data-end=\"2746\" data-col-size=\"sm\">Verim<\/td>\n<td data-col-size=\"md\" data-start=\"2746\" data-end=\"2771\">Saatte \u2265 500 gofret<\/td>\n<\/tr>\n<tr data-start=\"2772\" data-end=\"2811\">\n<td data-start=\"2772\" data-end=\"2802\" data-col-size=\"sm\">Maksimum \u0130mplant S\u0131cakl\u0131\u011f\u0131<\/td>\n<td data-col-size=\"md\" data-start=\"2802\" data-end=\"2811\">400\u00b0C<\/td>\n<\/tr>\n<tr data-start=\"2812\" data-end=\"2854\">\n<td data-start=\"2812\" data-end=\"2829\" data-col-size=\"sm\">Ekipman Boyutu<\/td>\n<td data-col-size=\"md\" data-start=\"2829\" data-end=\"2854\">6400 \u00d7 3640 \u00d7 3100 mm<\/td>\n<\/tr>\n<tr data-start=\"2855\" data-end=\"2883\">\n<td data-start=\"2855\" data-end=\"2870\" data-col-size=\"sm\">Vakum Seviyesi<\/td>\n<td data-col-size=\"md\" data-start=\"2870\" data-end=\"2883\">5E-7 Torr<\/td>\n<\/tr>\n<tr data-start=\"2884\" data-end=\"2915\">\n<td data-start=\"2884\" data-end=\"2900\" data-col-size=\"sm\">X-ray S\u0131z\u0131nt\u0131s\u0131<\/td>\n<td data-col-size=\"md\" data-start=\"2900\" data-end=\"2915\">\u2264 0,3 \u03bcSv\/h<\/td>\n<\/tr>\n<tr data-start=\"2916\" data-end=\"3000\">\n<td data-start=\"2916\" data-end=\"2932\" data-col-size=\"sm\">Tarama Modu<\/td>\n<td data-col-size=\"md\" data-start=\"2932\" data-end=\"3000\">Yatay elektrostatik tarama + dikey mekanik tarama<\/td>\n<\/tr>\n<\/tbody>\n<\/table>\n<\/div>\n<\/div>\n<hr data-start=\"3002\" data-end=\"3005\" \/>\n<h2 data-section-id=\"1nd7jny\" data-start=\"3007\" data-end=\"3028\">Uygulama Alanlar\u0131<\/h2>\n<h3 data-section-id=\"1xxdh4v\" data-start=\"3030\" data-end=\"3062\">SiC Yar\u0131 \u0130letken \u0130\u015fleme<\/h3>\n<p data-start=\"3063\" data-end=\"3194\">Silisyum karb\u00fcr cihaz \u00fcretiminde kullan\u0131l\u0131r ve geni\u015f bant aral\u0131kl\u0131 malzemeler i\u00e7in gerekli olan y\u00fcksek s\u0131cakl\u0131k implantasyon i\u015flemlerini destekler.<\/p>\n<h3 data-section-id=\"kkfbvw\" data-start=\"3196\" data-end=\"3241\">Silikon Tabanl\u0131 Yar\u0131 \u0130letken \u00dcretimi<\/h3>\n<p data-start=\"3242\" data-end=\"3348\">CMOS ve geli\u015fmi\u015f entegre devre \u00fcretimi i\u00e7in 12 in\u00e7 silikon gofret \u00fcretim hatlar\u0131na uygulanabilir.<\/p>\n<h3 data-section-id=\"c3blgn\" data-start=\"3350\" data-end=\"3393\">Y\u00fcksek S\u0131cakl\u0131k \u0130mplantasyon Prosesleri<\/h3>\n<p data-start=\"3394\" data-end=\"3511\">Kusurlar\u0131 azaltmak ve dopant aktivasyonunu iyile\u015ftirmek i\u00e7in y\u00fcksek wafer s\u0131cakl\u0131\u011f\u0131 gerektiren implantasyon i\u015flemlerini destekler.<\/p>\n<h3 data-section-id=\"2m28ht\" data-start=\"3513\" data-end=\"3541\">G\u00fc\u00e7 Cihaz\u0131 \u00dcretimi<\/h3>\n<p data-start=\"3542\" data-end=\"3646\">Hassas katk\u0131lama ve y\u00fcksek enerji implantasyonunun gerekli oldu\u011fu g\u00fc\u00e7 yar\u0131 iletken cihazlar\u0131 i\u00e7in uygundur.<\/p>\n<h3 data-section-id=\"10yv1en\" data-start=\"3648\" data-end=\"3690\">\u0130leri Entegre Devre \u00dcretimi<\/h3>\n<p data-start=\"3691\" data-end=\"3777\">Y\u00fcksek hassasiyet ve y\u00fcksek verim gereksinimleri ile LSI proses entegrasyonunu destekler.<\/p>\n<hr data-start=\"3779\" data-end=\"3782\" \/>\n<h2 data-section-id=\"1r8frcv\" data-start=\"3784\" data-end=\"3813\">S\u0131k\u00e7a Sorulan Sorular<\/h2>\n<h3 data-section-id=\"hl3b9g\" data-start=\"3815\" data-end=\"3867\">1. Ai300 sistemi hangi wafer boyutunu destekliyor?<\/h3>\n<p data-start=\"3868\" data-end=\"3981\">Sistem 12 in\u00e7lik silikon gofretler i\u00e7in tasarlanm\u0131\u015ft\u0131r ve geli\u015fmi\u015f yar\u0131 iletken \u00fcretim hatlar\u0131 i\u00e7in uygundur.<\/p>\n<h3 data-section-id=\"gygi37\" data-start=\"3983\" data-end=\"4063\">2. Y\u00fcksek s\u0131cakl\u0131k implantasyon kabiliyetinin temel avantaj\u0131 nedir?<\/h3>\n<p data-start=\"4064\" data-end=\"4211\">Sistem, kafes hasar\u0131n\u0131 azaltmaya, dopant aktivasyonunu iyile\u015ftirmeye ve genel cihaz performans\u0131n\u0131 art\u0131rmaya yard\u0131mc\u0131 olan 400 \u00b0 C'ye kadar implantasyonu destekler.<\/p>\n<h3 data-section-id=\"13ypcut\" data-start=\"4213\" data-end=\"4293\">3. Sistem hangi d\u00fczeyde hassasiyet ve \u00fcretim verimlili\u011fi sa\u011fl\u0131yor?<\/h3>\n<p data-start=\"4294\" data-end=\"4481\">Sistem 0,1 derecelik a\u00e7\u0131 hassasiyeti, 0,1 derecelik \u0131\u015f\u0131n paralelli\u011fi ve y\u00fczde 0,5'lik tekd\u00fczelik ve tekrarlanabilirlik sa\u011flar ve saatte 500 gofrete kadar verim sa\u011flar.<\/p>","protected":false},"excerpt":{"rendered":"<p>Ai300 (Orta I\u015f\u0131n) y\u00fcksek s\u0131cakl\u0131k iyon implantasyon sistemi, 12 in\u00e7 silikon gofret yar\u0131 iletken \u00fcretim hatlar\u0131 i\u00e7in tasarlanm\u0131\u015ft\u0131r. SiC proses hatlar\u0131 da dahil olmak \u00fczere hem silikon bazl\u0131 hem de geni\u015f bant aral\u0131kl\u0131 yar\u0131 iletken uygulamalar\u0131nda geli\u015fmi\u015f doping i\u015flemleri i\u00e7in geli\u015ftirilmi\u015f bir orta ak\u0131m iyon implanteridir.<\/p>","protected":false},"featured_media":2357,"comment_status":"open","ping_status":"closed","template":"","meta":{"site-sidebar-layout":"default","site-content-layout":"","ast-site-content-layout":"default","site-content-style":"default","site-sidebar-style":"default","ast-global-header-display":"","ast-banner-title-visibility":"","ast-main-header-display":"","ast-hfb-above-header-display":"","ast-hfb-below-header-display":"","ast-hfb-mobile-header-display":"","site-post-title":"","ast-breadcrumbs-content":"","ast-featured-img":"","footer-sml-layout":"","ast-disable-related-posts":"","theme-transparent-header-meta":"default","adv-header-id-meta":"","stick-header-meta":"default","header-above-stick-meta":"","header-main-stick-meta":"","header-below-stick-meta":"","astra-migrate-meta-layouts":"set","ast-page-background-enabled":"default","ast-page-background-meta":{"desktop":{"background-color":"var(--ast-global-color-4)","background-image":"","background-repeat":"repeat","background-position":"center center","background-size":"auto","background-attachment":"scroll","background-type":"","background-media":"","overlay-type":"","overlay-color":"","overlay-opacity":"","overlay-gradient":""},"tablet":{"background-color":"","background-image":"","background-repeat":"repeat","background-position":"center center","background-size":"auto","background-attachment":"scroll","background-type":"","background-media":"","overlay-type":"","overlay-color":"","overlay-opacity":"","overlay-gradient":""},"mobile":{"background-color":"","background-image":"","background-repeat":"repeat","background-position":"center center","background-size":"auto","background-attachment":"scroll","background-type":"","background-media":"","overlay-type":"","overlay-color":"","overlay-opacity":"","overlay-gradient":""}},"ast-content-background-meta":{"desktop":{"background-color":"var(--ast-global-color-5)","background-image":"","background-repeat":"repeat","background-position":"center center","background-size":"auto","background-attachment":"scroll","background-type":"","background-media":"","overlay-type":"","overlay-color":"","overlay-opacity":"","overlay-gradient":""},"tablet":{"background-color":"var(--ast-global-color-5)","background-image":"","background-repeat":"repeat","background-position":"center center","background-size":"auto","background-attachment":"scroll","background-type":"","background-media":"","overlay-type":"","overlay-color":"","overlay-opacity":"","overlay-gradient":""},"mobile":{"background-color":"var(--ast-global-color-5)","background-image":"","background-repeat":"repeat","background-position":"center center","background-size":"auto","background-attachment":"scroll","background-type":"","background-media":"","overlay-type":"","overlay-color":"","overlay-opacity":"","overlay-gradient":""}}},"product_brand":[],"product_cat":[1177],"product_tag":[1160,1194,1178,1181,1186,1197,1196,1185,1195,1198],"class_list":{"0":"post-2354","1":"product","2":"type-product","3":"status-publish","4":"has-post-thumbnail","6":"product_cat-ion-implantation-equipment","7":"product_tag-12-inch-wafer-equipment","8":"product_tag-high-temperature-ion-implantation","9":"product_tag-ion-implantation-system","10":"product_tag-lsi-manufacturing-equipment","11":"product_tag-medium-beam-ion-implanter","12":"product_tag-power-semiconductor-processing","13":"product_tag-semiconductor-doping-machine","14":"product_tag-semiconductor-fabrication-equipment","15":"product_tag-sic-implantation-equipment","16":"product_tag-wide-bandgap-semiconductor-equipment","17":"desktop-align-left","18":"tablet-align-left","19":"mobile-align-left","20":"ast-product-gallery-layout-horizontal-slider","21":"ast-product-gallery-with-no-image","22":"ast-product-tabs-layout-horizontal","24":"first","25":"instock","26":"shipping-taxable","27":"product-type-simple"},"_links":{"self":[{"href":"https:\/\/www.zmsh-semitech.com\/tr\/wp-json\/wp\/v2\/product\/2354","targetHints":{"allow":["GET"]}}],"collection":[{"href":"https:\/\/www.zmsh-semitech.com\/tr\/wp-json\/wp\/v2\/product"}],"about":[{"href":"https:\/\/www.zmsh-semitech.com\/tr\/wp-json\/wp\/v2\/types\/product"}],"replies":[{"embeddable":true,"href":"https:\/\/www.zmsh-semitech.com\/tr\/wp-json\/wp\/v2\/comments?post=2354"}],"version-history":[{"count":5,"href":"https:\/\/www.zmsh-semitech.com\/tr\/wp-json\/wp\/v2\/product\/2354\/revisions"}],"predecessor-version":[{"id":2370,"href":"https:\/\/www.zmsh-semitech.com\/tr\/wp-json\/wp\/v2\/product\/2354\/revisions\/2370"}],"wp:featuredmedia":[{"embeddable":true,"href":"https:\/\/www.zmsh-semitech.com\/tr\/wp-json\/wp\/v2\/media\/2357"}],"wp:attachment":[{"href":"https:\/\/www.zmsh-semitech.com\/tr\/wp-json\/wp\/v2\/media?parent=2354"}],"wp:term":[{"taxonomy":"product_brand","embeddable":true,"href":"https:\/\/www.zmsh-semitech.com\/tr\/wp-json\/wp\/v2\/product_brand?post=2354"},{"taxonomy":"product_cat","embeddable":true,"href":"https:\/\/www.zmsh-semitech.com\/tr\/wp-json\/wp\/v2\/product_cat?post=2354"},{"taxonomy":"product_tag","embeddable":true,"href":"https:\/\/www.zmsh-semitech.com\/tr\/wp-json\/wp\/v2\/product_tag?post=2354"}],"curies":[{"name":"wp","href":"https:\/\/api.w.org\/{rel}","templated":true}]}}