{"id":2349,"date":"2026-04-22T06:17:36","date_gmt":"2026-04-22T06:17:36","guid":{"rendered":"https:\/\/www.zmsh-semitech.com\/?post_type=product&#038;p=2349"},"modified":"2026-04-22T07:24:00","modified_gmt":"2026-04-22T07:24:00","slug":"ai200hc-d-high-beam-ion-implantation-system-for-6-8-inch-silicon-wafer-processing-and-smart-cut-applications","status":"publish","type":"product","link":"https:\/\/www.zmsh-semitech.com\/tr\/product\/ai200hc-d-high-beam-ion-implantation-system-for-6-8-inch-silicon-wafer-processing-and-smart-cut-applications\/","title":{"rendered":"Ai200HC.D 6\/8 \u0130n\u00e7 Silikon Gofret \u0130\u015fleme ve Ak\u0131ll\u0131 Kesim Uygulamalar\u0131 i\u00e7in Y\u00fcksek I\u015f\u0131nl\u0131 \u0130yon \u0130mplantasyon Sistemi"},"content":{"rendered":"<p data-start=\"155\" data-end=\"421\"><img decoding=\"async\" class=\"wp-image-2350 alignright\" src=\"https:\/\/www.zmsh-semitech.com\/wp-content\/uploads\/2026\/04\/Ai200HC.D-High-Beam-Ion-Implantation-System-300x300.png\" alt=\"\" width=\"209\" height=\"209\" srcset=\"https:\/\/www.zmsh-semitech.com\/wp-content\/uploads\/2026\/04\/Ai200HC.D-High-Beam-Ion-Implantation-System-300x300.png 300w, https:\/\/www.zmsh-semitech.com\/wp-content\/uploads\/2026\/04\/Ai200HC.D-High-Beam-Ion-Implantation-System-150x150.png 150w, https:\/\/www.zmsh-semitech.com\/wp-content\/uploads\/2026\/04\/Ai200HC.D-High-Beam-Ion-Implantation-System-768x768.png 768w, https:\/\/www.zmsh-semitech.com\/wp-content\/uploads\/2026\/04\/Ai200HC.D-High-Beam-Ion-Implantation-System-12x12.png 12w, https:\/\/www.zmsh-semitech.com\/wp-content\/uploads\/2026\/04\/Ai200HC.D-High-Beam-Ion-Implantation-System-600x600.png 600w, https:\/\/www.zmsh-semitech.com\/wp-content\/uploads\/2026\/04\/Ai200HC.D-High-Beam-Ion-Implantation-System-100x100.png 100w, https:\/\/www.zmsh-semitech.com\/wp-content\/uploads\/2026\/04\/Ai200HC.D-High-Beam-Ion-Implantation-System.png 1000w\" sizes=\"(max-width: 209px) 100vw, 209px\" \/>Ai200HC.D (High Beam) iyon implantasyon sistemi, 6 in\u00e7 ve 8 in\u00e7 silikon gofret yar\u0131 iletken \u00fcretim hatlar\u0131 i\u00e7in tasarlanm\u0131\u015ft\u0131r. Entegre devre \u00fcretiminde hassas doping ve ileri proses uygulamalar\u0131 i\u00e7in geli\u015ftirilmi\u015f y\u00fcksek ak\u0131ml\u0131 bir iyon implanteridir.<\/p>\n<p data-start=\"423\" data-end=\"698\">Sistem, 5 keV ila 180 keV enerji aral\u0131\u011f\u0131n\u0131 destekleyerek istikrarl\u0131 \u0131\u015f\u0131n performans\u0131 ve y\u00fcksek proses tekrarlanabilirli\u011fi sa\u011flar. Smart Cut teknolojisi entegrasyonu da dahil olmak \u00fczere silikon bazl\u0131 yar\u0131 iletken \u00fcretimi ve geli\u015fmi\u015f wafer bonding ile ilgili s\u00fcre\u00e7ler i\u00e7in uygundur.<\/p>\n<hr data-start=\"700\" data-end=\"703\" \/>\n<h2 data-section-id=\"1d7mrtu\" data-start=\"705\" data-end=\"716\">\u00d6zellikler<\/h2>\n<h3 data-section-id=\"11asise\" data-start=\"718\" data-end=\"753\">Y\u00fcksek I\u015f\u0131n Stabilite Performans\u0131<\/h3>\n<p data-start=\"754\" data-end=\"897\">Sistem, kontroll\u00fc dalgalanma ile istikrarl\u0131 iyon \u0131\u015f\u0131n\u0131 \u00e7\u0131k\u0131\u015f\u0131n\u0131 koruyarak s\u00fcrekli \u00fcretim s\u0131ras\u0131nda tutarl\u0131 implantasyon kalitesi sa\u011flar.<\/p>\n<h3 data-section-id=\"38j0c\" data-start=\"899\" data-end=\"929\">Geni\u015f S\u00fcre\u00e7 Uyumlulu\u011fu<\/h3>\n<p data-start=\"930\" data-end=\"1057\">Silikon bazl\u0131 prosesler ve Smart Cut ile ilgili uygulamalarla uyumludur ve geli\u015fmi\u015f wafer m\u00fchendisli\u011fi gereksinimlerini destekler.<\/p>\n<h3 data-section-id=\"2v7p6\" data-start=\"1059\" data-end=\"1093\">Y\u00fcksek Hassasiyetli \u0130mplant Kontrol\u00fc<\/h3>\n<p data-start=\"1094\" data-end=\"1142\">ile do\u011fru implantasyon performans\u0131 sa\u011flar:<\/p>\n<ul data-start=\"1143\" data-end=\"1231\">\n<li data-section-id=\"1irf1o\" data-start=\"1143\" data-end=\"1166\">A\u00e7\u0131 do\u011frulu\u011fu \u2264 0,2\u00b0<\/li>\n<li data-section-id=\"1hml6xy\" data-start=\"1167\" data-end=\"1192\">Kiri\u015f paralelli\u011fi \u2264 0,3\u00b0<\/li>\n<li data-section-id=\"1danezc\" data-start=\"1193\" data-end=\"1210\">Tekd\u00fczelik \u2264 1%<\/li>\n<li data-section-id=\"mbe4el\" data-start=\"1211\" data-end=\"1231\">Tekrarlanabilirlik \u2264 1%<\/li>\n<\/ul>\n<h3 data-section-id=\"8aw6q\" data-start=\"1233\" data-end=\"1263\">Y\u00fcksek Verim Kapasitesi<\/h3>\n<p data-start=\"1264\" data-end=\"1369\">Saatte \u2265 220 wafer destekler, orta ve y\u00fcksek hacimli yar\u0131 iletken \u00fcretim ortamlar\u0131 i\u00e7in uygundur.<\/p>\n<h3 data-section-id=\"1e3kdu8\" data-start=\"1371\" data-end=\"1409\">Toplu Hedef \u0130\u015fleme Yetene\u011fi<\/h3>\n<p data-start=\"1410\" data-end=\"1554\">Toplu hedef i\u015flemeyi destekler, s\u00fcre\u00e7 esnekli\u011fini art\u0131r\u0131r ve geli\u015fmi\u015f silikon yonga plakas\u0131 \u00fcretim teknolojileriyle entegrasyon sa\u011flar.<\/p>\n<p data-start=\"1410\" data-end=\"1554\"><img fetchpriority=\"high\" decoding=\"async\" class=\"aligncenter wp-image-2371 size-large\" src=\"https:\/\/www.zmsh-semitech.com\/wp-content\/uploads\/2026\/04\/rs-1024x388.png\" alt=\"\" width=\"1024\" height=\"388\" srcset=\"https:\/\/www.zmsh-semitech.com\/wp-content\/uploads\/2026\/04\/rs-1024x388.png 1024w, https:\/\/www.zmsh-semitech.com\/wp-content\/uploads\/2026\/04\/rs-300x114.png 300w, https:\/\/www.zmsh-semitech.com\/wp-content\/uploads\/2026\/04\/rs-768x291.png 768w, https:\/\/www.zmsh-semitech.com\/wp-content\/uploads\/2026\/04\/rs-18x7.png 18w, https:\/\/www.zmsh-semitech.com\/wp-content\/uploads\/2026\/04\/rs-600x227.png 600w, https:\/\/www.zmsh-semitech.com\/wp-content\/uploads\/2026\/04\/rs.png 1216w\" sizes=\"(max-width: 1024px) 100vw, 1024px\" \/><\/p>\n<hr data-start=\"1556\" data-end=\"1559\" \/>\n<h2 data-section-id=\"rkota4\" data-start=\"1561\" data-end=\"1582\">Temel \u00d6zellikler<\/h2>\n<h3 data-section-id=\"rc5knr\" data-start=\"1584\" data-end=\"1606\">S\u00fcre\u00e7 Parametreleri<\/h3>\n<div class=\"TyagGW_tableContainer\">\n<div class=\"group TyagGW_tableWrapper flex flex-col-reverse w-fit\" tabindex=\"-1\">\n<table class=\"w-fit min-w-(--thread-content-width)\" data-start=\"1608\" data-end=\"1813\">\n<thead data-start=\"1608\" data-end=\"1632\">\n<tr data-start=\"1608\" data-end=\"1632\">\n<th class=\"\" data-start=\"1608\" data-end=\"1615\" data-col-size=\"sm\">\u00d6\u011fe<\/th>\n<th class=\"\" data-start=\"1615\" data-end=\"1632\" data-col-size=\"sm\">\u015eartname<\/th>\n<\/tr>\n<\/thead>\n<tbody data-start=\"1657\" data-end=\"1813\">\n<tr data-start=\"1657\" data-end=\"1697\">\n<td data-start=\"1657\" data-end=\"1670\" data-col-size=\"sm\">Gofret Boyutu<\/td>\n<td data-start=\"1670\" data-end=\"1697\" data-col-size=\"sm\">6-8 in\u00e7 silikon gofretler<\/td>\n<\/tr>\n<tr data-start=\"1698\" data-end=\"1726\">\n<td data-start=\"1698\" data-end=\"1713\" data-col-size=\"sm\">Enerji Aral\u0131\u011f\u0131<\/td>\n<td data-start=\"1713\" data-end=\"1726\" data-col-size=\"sm\">5-180 keV<\/td>\n<\/tr>\n<tr data-start=\"1727\" data-end=\"1777\">\n<td data-start=\"1727\" data-end=\"1748\" data-col-size=\"sm\">\u0130mplante Edilmi\u015f Elemanlar<\/td>\n<td data-start=\"1748\" data-end=\"1777\" data-col-size=\"sm\">B+, BF2+, P+, As+, N+, H+<\/td>\n<\/tr>\n<tr data-start=\"1778\" data-end=\"1813\">\n<td data-start=\"1778\" data-end=\"1791\" data-col-size=\"sm\">Doz Aral\u0131\u011f\u0131<\/td>\n<td data-start=\"1791\" data-end=\"1813\" data-col-size=\"sm\">5E11-1E17 iyon\/cm\u00b2<\/td>\n<\/tr>\n<\/tbody>\n<\/table>\n<\/div>\n<\/div>\n<h3 data-section-id=\"h0mtjp\" data-start=\"1815\" data-end=\"1835\">I\u015f\u0131n Performans\u0131<\/h3>\n<div class=\"TyagGW_tableContainer\">\n<div class=\"group TyagGW_tableWrapper flex flex-col-reverse w-fit\" tabindex=\"-1\">\n<table class=\"w-fit min-w-(--thread-content-width)\" data-start=\"1837\" data-end=\"1951\">\n<thead data-start=\"1837\" data-end=\"1861\">\n<tr data-start=\"1837\" data-end=\"1861\">\n<th class=\"\" data-start=\"1837\" data-end=\"1844\" data-col-size=\"sm\">\u00d6\u011fe<\/th>\n<th class=\"\" data-start=\"1844\" data-end=\"1861\" data-col-size=\"sm\">\u015eartname<\/th>\n<\/tr>\n<\/thead>\n<tbody data-start=\"1886\" data-end=\"1951\">\n<tr data-start=\"1886\" data-end=\"1921\">\n<td data-start=\"1886\" data-end=\"1903\" data-col-size=\"sm\">Kiri\u015f Stabilitesi<\/td>\n<td data-start=\"1903\" data-end=\"1921\" data-col-size=\"sm\">\u2264 Saat ba\u015f\u0131na 10%<\/td>\n<\/tr>\n<tr data-start=\"1922\" data-end=\"1951\">\n<td data-start=\"1922\" data-end=\"1941\" data-col-size=\"sm\">Kiri\u015f Paralelli\u011fi<\/td>\n<td data-start=\"1941\" data-end=\"1951\" data-col-size=\"sm\">\u2264 0.3\u00b0<\/td>\n<\/tr>\n<\/tbody>\n<\/table>\n<\/div>\n<\/div>\n<h3 data-section-id=\"ieoahx\" data-start=\"1953\" data-end=\"1978\">\u0130mplantasyon Do\u011frulu\u011fu<\/h3>\n<div class=\"TyagGW_tableContainer\">\n<div class=\"group TyagGW_tableWrapper flex flex-col-reverse w-fit\" tabindex=\"-1\">\n<table class=\"w-fit min-w-(--thread-content-width)\" data-start=\"1980\" data-end=\"2191\">\n<thead data-start=\"1980\" data-end=\"2004\">\n<tr data-start=\"1980\" data-end=\"2004\">\n<th class=\"\" data-start=\"1980\" data-end=\"1987\" data-col-size=\"sm\">\u00d6\u011fe<\/th>\n<th class=\"\" data-start=\"1987\" data-end=\"2004\" data-col-size=\"sm\">\u015eartname<\/th>\n<\/tr>\n<\/thead>\n<tbody data-start=\"2029\" data-end=\"2191\">\n<tr data-start=\"2029\" data-end=\"2066\">\n<td data-start=\"2029\" data-end=\"2051\" data-col-size=\"sm\">\u0130mplant A\u00e7\u0131 Aral\u0131\u011f\u0131<\/td>\n<td data-start=\"2051\" data-end=\"2066\" data-col-size=\"sm\">-11\u00b0 ila 11\u00b0<\/td>\n<\/tr>\n<tr data-start=\"2067\" data-end=\"2094\">\n<td data-start=\"2067\" data-end=\"2084\" data-col-size=\"sm\">A\u00e7\u0131 Do\u011frulu\u011fu<\/td>\n<td data-start=\"2084\" data-end=\"2094\" data-col-size=\"sm\">\u2264 0.2\u00b0<\/td>\n<\/tr>\n<tr data-start=\"2095\" data-end=\"2141\">\n<td data-start=\"2095\" data-end=\"2113\" data-col-size=\"sm\">Tekd\u00fczelik (1\u03c3)<\/td>\n<td data-start=\"2113\" data-end=\"2141\" data-col-size=\"sm\">\u2264 1% (B+, 2E14, 150 keV)<\/td>\n<\/tr>\n<tr data-start=\"2142\" data-end=\"2191\">\n<td data-start=\"2142\" data-end=\"2163\" data-col-size=\"sm\">Tekrarlanabilirlik (1\u03c3)<\/td>\n<td data-start=\"2163\" data-end=\"2191\" data-col-size=\"sm\">\u2264 1% (B+, 2E14, 150 keV)<\/td>\n<\/tr>\n<\/tbody>\n<\/table>\n<\/div>\n<\/div>\n<h3 data-section-id=\"1i84h7f\" data-start=\"2193\" data-end=\"2215\">Sistem Performans\u0131<\/h3>\n<div class=\"TyagGW_tableContainer\">\n<div class=\"group TyagGW_tableWrapper flex flex-col-reverse w-fit\" tabindex=\"-1\">\n<table class=\"w-fit min-w-(--thread-content-width)\" data-start=\"2217\" data-end=\"2347\">\n<thead data-start=\"2217\" data-end=\"2241\">\n<tr data-start=\"2217\" data-end=\"2241\">\n<th class=\"\" data-start=\"2217\" data-end=\"2224\" data-col-size=\"sm\">\u00d6\u011fe<\/th>\n<th class=\"\" data-start=\"2224\" data-end=\"2241\" data-col-size=\"sm\">\u015eartname<\/th>\n<\/tr>\n<\/thead>\n<tbody data-start=\"2266\" data-end=\"2347\">\n<tr data-start=\"2266\" data-end=\"2304\">\n<td data-start=\"2266\" data-end=\"2279\" data-col-size=\"sm\">Verim<\/td>\n<td data-start=\"2279\" data-end=\"2304\" data-col-size=\"sm\">Saatte \u2265 220 gofret<\/td>\n<\/tr>\n<tr data-start=\"2305\" data-end=\"2347\">\n<td data-start=\"2305\" data-end=\"2322\" data-col-size=\"sm\">Ekipman Boyutu<\/td>\n<td data-start=\"2322\" data-end=\"2347\" data-col-size=\"sm\">5930 \u00d7 3000 \u00d7 2630 mm<\/td>\n<\/tr>\n<\/tbody>\n<\/table>\n<\/div>\n<\/div>\n<hr data-start=\"2349\" data-end=\"2352\" \/>\n<h2 data-section-id=\"1nd7jny\" data-start=\"2354\" data-end=\"2375\">Uygulama<\/h2>\n<h3 data-section-id=\"kkfbvw\" data-start=\"2377\" data-end=\"2422\">Silikon Tabanl\u0131 Yar\u0131 \u0130letken \u00dcretimi<\/h3>\n<p data-start=\"2423\" data-end=\"2524\">CMOS ve geli\u015fmi\u015f mant\u0131k cihaz\u0131 \u00fcretiminde kullan\u0131l\u0131r, hassas dopant implantasyon s\u00fcre\u00e7lerini destekler.<\/p>\n<h3 data-section-id=\"167rxyg\" data-start=\"2526\" data-end=\"2559\">Ak\u0131ll\u0131 Kesim S\u00fcreci Entegrasyonu<\/h3>\n<p data-start=\"2560\" data-end=\"2659\">Smart Cut teknolojisi gereksinimlerine dayal\u0131 gofret yap\u0131\u015ft\u0131rma ve katman aktarma i\u015flemleri i\u00e7in uygundur.<\/p>\n<h3 data-section-id=\"13cjew6\" data-start=\"2661\" data-end=\"2691\">Geli\u015fmi\u015f Wafer M\u00fchendisli\u011fi<\/h3>\n<p data-start=\"2692\" data-end=\"2791\">Silikon gofret modifikasyonunda, yap\u0131sal optimizasyonda ve cihaz performans\u0131n\u0131n art\u0131r\u0131lmas\u0131nda uygulan\u0131r.<\/p>\n<h3 data-section-id=\"4uip35\" data-start=\"2793\" data-end=\"2826\">Entegre Devre \u00dcretimi<\/h3>\n<p data-start=\"2827\" data-end=\"2934\">\u0130stikrarl\u0131 proses kontrol\u00fc ve y\u00fcksek verim kapasitesi ile orta ila y\u00fcksek hacimli IC \u00fcretimini destekler.<\/p>\n<hr data-start=\"2936\" data-end=\"2939\" \/>\n<h2 data-section-id=\"1r8frcv\" data-start=\"2941\" data-end=\"2970\">S\u0131k\u00e7a Sorulan Sorular<\/h2>\n<h3 data-section-id=\"1og21xu\" data-start=\"2972\" data-end=\"3022\">1. Ai200HC.D hangi wafer boyutlar\u0131n\u0131 destekler?<\/h3>\n<p data-start=\"3023\" data-end=\"3145\">Sistem 6 in\u00e7 ve 8 in\u00e7 silikon gofretleri destekler ve ana ak\u0131m yar\u0131 iletken \u00fcretim s\u00fcre\u00e7leri i\u00e7in uygundur.<\/p>\n<h3 data-section-id=\"rdwc10\" data-start=\"3147\" data-end=\"3193\">2. Bu sistemin enerji aral\u0131\u011f\u0131 nedir<\/h3>\n<p data-start=\"3194\" data-end=\"3324\">Enerji aral\u0131\u011f\u0131 5 keV ila 180 keV'dir ve silikon tabanl\u0131 yar\u0131 iletken cihazlarda \u00e7ok \u00e7e\u015fitli implantasyon uygulamalar\u0131n\u0131 destekler.<\/p>\n<h3 data-section-id=\"nor4nw\" data-start=\"3326\" data-end=\"3391\">3. Bu sistem hangi \u00f6zel s\u00fcre\u00e7 yeteneklerini destekliyor?<\/h3>\n<p data-start=\"3392\" data-end=\"3551\">Sistem silikon bazl\u0131 prosesler ve Smart Cut teknolojisi ile uyumludur, toplu hedef i\u015fleme ve geli\u015fmi\u015f yonga plakas\u0131 m\u00fchendisli\u011fi uygulamalar\u0131n\u0131 destekler.<\/p>","protected":false},"excerpt":{"rendered":"<p>Ai200HC.D (High Beam) iyon implantasyon sistemi, 6 in\u00e7 ve 8 in\u00e7 silikon gofret yar\u0131 iletken \u00fcretim hatlar\u0131 i\u00e7in tasarlanm\u0131\u015ft\u0131r. Entegre devre \u00fcretiminde hassas doping ve ileri proses uygulamalar\u0131 i\u00e7in geli\u015ftirilmi\u015f y\u00fcksek ak\u0131ml\u0131 bir iyon implanteridir.<\/p>","protected":false},"featured_media":2350,"comment_status":"open","ping_status":"closed","template":"","meta":{"site-sidebar-layout":"default","site-content-layout":"","ast-site-content-layout":"default","site-content-style":"default","site-sidebar-style":"default","ast-global-header-display":"","ast-banner-title-visibility":"","ast-main-header-display":"","ast-hfb-above-header-display":"","ast-hfb-below-header-display":"","ast-hfb-mobile-header-display":"","site-post-title":"","ast-breadcrumbs-content":"","ast-featured-img":"","footer-sml-layout":"","ast-disable-related-posts":"","theme-transparent-header-meta":"default","adv-header-id-meta":"","stick-header-meta":"default","header-above-stick-meta":"","header-main-stick-meta":"","header-below-stick-meta":"","astra-migrate-meta-layouts":"set","ast-page-background-enabled":"default","ast-page-background-meta":{"desktop":{"background-color":"var(--ast-global-color-4)","background-image":"","background-repeat":"repeat","background-position":"center center","background-size":"auto","background-attachment":"scroll","background-type":"","background-media":"","overlay-type":"","overlay-color":"","overlay-opacity":"","overlay-gradient":""},"tablet":{"background-color":"","background-image":"","background-repeat":"repeat","background-position":"center center","background-size":"auto","background-attachment":"scroll","background-type":"","background-media":"","overlay-type":"","overlay-color":"","overlay-opacity":"","overlay-gradient":""},"mobile":{"background-color":"","background-image":"","background-repeat":"repeat","background-position":"center center","background-size":"auto","background-attachment":"scroll","background-type":"","background-media":"","overlay-type":"","overlay-color":"","overlay-opacity":"","overlay-gradient":""}},"ast-content-background-meta":{"desktop":{"background-color":"var(--ast-global-color-5)","background-image":"","background-repeat":"repeat","background-position":"center center","background-size":"auto","background-attachment":"scroll","background-type":"","background-media":"","overlay-type":"","overlay-color":"","overlay-opacity":"","overlay-gradient":""},"tablet":{"background-color":"var(--ast-global-color-5)","background-image":"","background-repeat":"repeat","background-position":"center center","background-size":"auto","background-attachment":"scroll","background-type":"","background-media":"","overlay-type":"","overlay-color":"","overlay-opacity":"","overlay-gradient":""},"mobile":{"background-color":"var(--ast-global-color-5)","background-image":"","background-repeat":"repeat","background-position":"center center","background-size":"auto","background-attachment":"scroll","background-type":"","background-media":"","overlay-type":"","overlay-color":"","overlay-opacity":"","overlay-gradient":""}}},"product_brand":[],"product_cat":[1177],"product_tag":[],"class_list":{"0":"post-2349","1":"product","2":"type-product","3":"status-publish","4":"has-post-thumbnail","6":"product_cat-ion-implantation-equipment","7":"desktop-align-left","8":"tablet-align-left","9":"mobile-align-left","10":"ast-product-gallery-layout-horizontal-slider","11":"ast-product-gallery-with-no-image","12":"ast-product-tabs-layout-horizontal","14":"first","15":"instock","16":"shipping-taxable","17":"product-type-simple"},"_links":{"self":[{"href":"https:\/\/www.zmsh-semitech.com\/tr\/wp-json\/wp\/v2\/product\/2349","targetHints":{"allow":["GET"]}}],"collection":[{"href":"https:\/\/www.zmsh-semitech.com\/tr\/wp-json\/wp\/v2\/product"}],"about":[{"href":"https:\/\/www.zmsh-semitech.com\/tr\/wp-json\/wp\/v2\/types\/product"}],"replies":[{"embeddable":true,"href":"https:\/\/www.zmsh-semitech.com\/tr\/wp-json\/wp\/v2\/comments?post=2349"}],"version-history":[{"count":4,"href":"https:\/\/www.zmsh-semitech.com\/tr\/wp-json\/wp\/v2\/product\/2349\/revisions"}],"predecessor-version":[{"id":2373,"href":"https:\/\/www.zmsh-semitech.com\/tr\/wp-json\/wp\/v2\/product\/2349\/revisions\/2373"}],"wp:featuredmedia":[{"embeddable":true,"href":"https:\/\/www.zmsh-semitech.com\/tr\/wp-json\/wp\/v2\/media\/2350"}],"wp:attachment":[{"href":"https:\/\/www.zmsh-semitech.com\/tr\/wp-json\/wp\/v2\/media?parent=2349"}],"wp:term":[{"taxonomy":"product_brand","embeddable":true,"href":"https:\/\/www.zmsh-semitech.com\/tr\/wp-json\/wp\/v2\/product_brand?post=2349"},{"taxonomy":"product_cat","embeddable":true,"href":"https:\/\/www.zmsh-semitech.com\/tr\/wp-json\/wp\/v2\/product_cat?post=2349"},{"taxonomy":"product_tag","embeddable":true,"href":"https:\/\/www.zmsh-semitech.com\/tr\/wp-json\/wp\/v2\/product_tag?post=2349"}],"curies":[{"name":"wp","href":"https:\/\/api.w.org\/{rel}","templated":true}]}}