{"id":2346,"date":"2026-04-22T05:56:29","date_gmt":"2026-04-22T05:56:29","guid":{"rendered":"https:\/\/www.zmsh-semitech.com\/?post_type=product&#038;p=2346"},"modified":"2026-04-22T07:25:08","modified_gmt":"2026-04-22T07:25:08","slug":"ai250-medium-beam-room-temperature-ion-implantation-system-for-6-8-inch-silicon-wafer-processing","status":"publish","type":"product","link":"https:\/\/www.zmsh-semitech.com\/tr\/product\/ai250-medium-beam-room-temperature-ion-implantation-system-for-6-8-inch-silicon-wafer-processing\/","title":{"rendered":"6-8 \u0130n\u00e7 Silikon Gofret \u0130\u015fleme i\u00e7in Ai250 (Orta I\u015f\u0131n) Oda S\u0131cakl\u0131\u011f\u0131nda \u0130yon \u0130mplantasyon Sistemi"},"content":{"rendered":"<p data-start=\"190\" data-end=\"506\"><img decoding=\"async\" class=\"wp-image-2347 alignright\" src=\"https:\/\/www.zmsh-semitech.com\/wp-content\/uploads\/2026\/04\/Ai250-Medium-Beam-Room-Temperature-Ion-Implantation-System-for-6-8-Inch-Silicon-Wafer-Processing-300x300.png\" alt=\"\" width=\"217\" height=\"217\" srcset=\"\" sizes=\"(max-width: 217px) 100vw, 217px\" data-srcset=\"\" \/>Ai250 (Medium Beam) iyon implantasyon sistemi, 6 in\u00e7 ve 8 in\u00e7 silikon gofret yar\u0131 iletken \u00fcretim hatlar\u0131 i\u00e7in tasarlanm\u0131\u015ft\u0131r. Kararl\u0131 \u0131\u015f\u0131n performans\u0131, y\u00fcksek implantasyon do\u011frulu\u011fu ve g\u00fcvenilir doz kontrol\u00fc sa\u011flayan, geli\u015fmi\u015f entegre devre \u00fcretim s\u00fcre\u00e7lerinde kullan\u0131lan bir orta ak\u0131m iyon implanteridir.<\/p>\n<p data-start=\"508\" data-end=\"755\">Sistem, 5 keV ila 250 keV enerji aral\u0131\u011f\u0131n\u0131 destekleyerek hem s\u0131\u011f hem de derin iyon implantasyon uygulamalar\u0131na olanak sa\u011flar. \u00c7ok \u00e7e\u015fitli yar\u0131 iletken doping i\u015flemleri i\u00e7in uygundur ve LSI \u00fcretim gereksinimleriyle tamamen uyumludur.<\/p>\n<hr data-start=\"757\" data-end=\"760\" \/>\n<h2 data-section-id=\"1d7mrtu\" data-start=\"762\" data-end=\"773\">\u00d6zellikler<\/h2>\n<h3 data-section-id=\"cu05id\" data-start=\"775\" data-end=\"809\">Kararl\u0131 Orta I\u015f\u0131n Performans\u0131<\/h3>\n<p data-start=\"810\" data-end=\"927\">Uzun \u00fcretim d\u00f6ng\u00fcleri s\u0131ras\u0131nda istikrarl\u0131 iyon \u0131\u015f\u0131n\u0131 \u00e7\u0131k\u0131\u015f\u0131 sa\u011flayarak proses tutarl\u0131l\u0131\u011f\u0131n\u0131 art\u0131r\u0131r ve de\u011fi\u015fkenli\u011fi azalt\u0131r.<\/p>\n<h3 data-section-id=\"14z8c7o\" data-start=\"929\" data-end=\"961\">Geni\u015f Enerji Aral\u0131\u011f\u0131 Yetene\u011fi<\/h3>\n<p data-start=\"962\" data-end=\"1082\">5-250 keV enerji aral\u0131\u011f\u0131, farkl\u0131 cihaz yap\u0131lar\u0131 ve i\u015flem d\u00fc\u011f\u00fcmleri i\u00e7in esnek implantasyon gereksinimlerini destekler.<\/p>\n<h3 data-section-id=\"1hi8i36\" data-start=\"1084\" data-end=\"1118\">Y\u00fcksek Hassasiyetli S\u00fcre\u00e7 Kontrol\u00fc<\/h3>\n<p data-start=\"1119\" data-end=\"1264\">A\u00e7\u0131 do\u011frulu\u011fu \u2264 0,2\u00b0, \u0131\u015f\u0131n paralelli\u011fi \u2264 0,2\u00b0, homojenlik \u2264 0,5% ve tekrarlanabilirlik \u2264 0,5% ile y\u00fcksek do\u011frulukta implantasyon performans\u0131 sa\u011flar.<\/p>\n<h3 data-section-id=\"8aw6q\" data-start=\"1266\" data-end=\"1296\">Y\u00fcksek Verim Kapasitesi<\/h3>\n<p data-start=\"1297\" data-end=\"1389\">Orta ila y\u00fcksek hacimli yar\u0131 iletken \u00fcretimi i\u00e7in uygun olan saatte \u2265 200 gofreti destekler.<\/p>\n<h3 data-section-id=\"oms7zj\" data-start=\"1391\" data-end=\"1419\">Desen \u0130mplant Fonksiyonu<\/h3>\n<p data-start=\"1420\" data-end=\"1545\">Tek bir yonga plakas\u0131 \u00fczerinde \u00e7ok b\u00f6lgeli ve \u00e7eyrek implantasyonu destekleyerek s\u00fcre\u00e7 esnekli\u011fini art\u0131r\u0131r ve geli\u015ftirme maliyetini d\u00fc\u015f\u00fcr\u00fcr.<\/p>\n<h3 data-section-id=\"1bq068l\" data-start=\"1547\" data-end=\"1576\">LSI S\u00fcre\u00e7 Uyumlulu\u011fu<\/h3>\n<p data-start=\"1577\" data-end=\"1641\">LSI yar\u0131 iletken \u00fcretim s\u00fcre\u00e7leriyle tamamen uyumludur.<\/p>\n<p data-start=\"1577\" data-end=\"1641\"><img fetchpriority=\"high\" decoding=\"async\" class=\"wp-image-2371 size-large aligncenter\" src=\"https:\/\/www.zmsh-semitech.com\/wp-content\/uploads\/2026\/04\/rs-1024x388.png\" alt=\"\" width=\"1024\" height=\"388\" srcset=\"https:\/\/www.zmsh-semitech.com\/wp-content\/uploads\/2026\/04\/rs-1024x388.png 1024w, https:\/\/www.zmsh-semitech.com\/wp-content\/uploads\/2026\/04\/rs-300x114.png 300w, https:\/\/www.zmsh-semitech.com\/wp-content\/uploads\/2026\/04\/rs-768x291.png 768w, https:\/\/www.zmsh-semitech.com\/wp-content\/uploads\/2026\/04\/rs-18x7.png 18w, https:\/\/www.zmsh-semitech.com\/wp-content\/uploads\/2026\/04\/rs-600x227.png 600w, https:\/\/www.zmsh-semitech.com\/wp-content\/uploads\/2026\/04\/rs.png 1216w\" sizes=\"(max-width: 1024px) 100vw, 1024px\" \/><\/p>\n<hr data-start=\"1643\" data-end=\"1646\" \/>\n<h2 data-section-id=\"rkota4\" data-start=\"1648\" data-end=\"1669\">Temel \u00d6zellikler<\/h2>\n<h3 data-section-id=\"rc5knr\" data-start=\"1671\" data-end=\"1693\">S\u00fcre\u00e7 Parametreleri<\/h3>\n<div class=\"TyagGW_tableContainer\">\n<div class=\"group TyagGW_tableWrapper flex flex-col-reverse w-fit\" tabindex=\"-1\">\n<table class=\"w-fit min-w-(--thread-content-width)\" data-start=\"1695\" data-end=\"1899\">\n<thead data-start=\"1695\" data-end=\"1719\">\n<tr data-start=\"1695\" data-end=\"1719\">\n<th class=\"\" data-start=\"1695\" data-end=\"1702\" data-col-size=\"sm\">\u00d6\u011fe<\/th>\n<th class=\"\" data-start=\"1702\" data-end=\"1719\" data-col-size=\"sm\">\u015eartname<\/th>\n<\/tr>\n<\/thead>\n<tbody data-start=\"1744\" data-end=\"1899\">\n<tr data-start=\"1744\" data-end=\"1784\">\n<td data-start=\"1744\" data-end=\"1757\" data-col-size=\"sm\">Gofret Boyutu<\/td>\n<td data-col-size=\"sm\" data-start=\"1757\" data-end=\"1784\">6-8 in\u00e7 silikon gofretler<\/td>\n<\/tr>\n<tr data-start=\"1785\" data-end=\"1813\">\n<td data-start=\"1785\" data-end=\"1800\" data-col-size=\"sm\">Enerji Aral\u0131\u011f\u0131<\/td>\n<td data-col-size=\"sm\" data-start=\"1800\" data-end=\"1813\">5-250 keV<\/td>\n<\/tr>\n<tr data-start=\"1814\" data-end=\"1863\">\n<td data-start=\"1814\" data-end=\"1835\" data-col-size=\"sm\">\u0130mplante Edilmi\u015f Elemanlar<\/td>\n<td data-col-size=\"sm\" data-start=\"1835\" data-end=\"1863\">B+, P+, As+, Ar+, N+, H+<\/td>\n<\/tr>\n<tr data-start=\"1864\" data-end=\"1899\">\n<td data-start=\"1864\" data-end=\"1877\" data-col-size=\"sm\">Doz Aral\u0131\u011f\u0131<\/td>\n<td data-col-size=\"sm\" data-start=\"1877\" data-end=\"1899\">5E11-1E16 iyon\/cm\u00b2<\/td>\n<\/tr>\n<\/tbody>\n<\/table>\n<\/div>\n<\/div>\n<h3 data-section-id=\"h0mtjp\" data-start=\"1901\" data-end=\"1921\">I\u015f\u0131n Performans\u0131<\/h3>\n<div class=\"TyagGW_tableContainer\">\n<div class=\"group TyagGW_tableWrapper flex flex-col-reverse w-fit\" tabindex=\"-1\">\n<table class=\"w-fit min-w-(--thread-content-width)\" data-start=\"1923\" data-end=\"2217\">\n<thead data-start=\"1923\" data-end=\"1947\">\n<tr data-start=\"1923\" data-end=\"1947\">\n<th class=\"\" data-start=\"1923\" data-end=\"1930\" data-col-size=\"sm\">\u00d6\u011fe<\/th>\n<th class=\"\" data-start=\"1930\" data-end=\"1947\" data-col-size=\"md\">\u015eartname<\/th>\n<\/tr>\n<\/thead>\n<tbody data-start=\"1972\" data-end=\"2217\">\n<tr data-start=\"1972\" data-end=\"2104\">\n<td data-start=\"1972\" data-end=\"1995\" data-col-size=\"sm\">Maksimum I\u015f\u0131n Ak\u0131m\u0131<\/td>\n<td data-col-size=\"md\" data-start=\"1995\" data-end=\"2104\">Ar+ \u2265 1300 \u03bcA @ \u2265220 keV<br \/>\nB+ \u2265 1000 \u03bcA @ \u2265220 keV<br \/>\nP+ \u2265 1300 \u03bcA @ \u2265220 keV<br \/>\nN+ \u2265 1000 \u03bcA @ \u2265220 keV<\/td>\n<\/tr>\n<tr data-start=\"2105\" data-end=\"2187\">\n<td data-start=\"2105\" data-end=\"2122\" data-col-size=\"sm\">Kiri\u015f Stabilitesi<\/td>\n<td data-col-size=\"md\" data-start=\"2122\" data-end=\"2187\">\u2264 15% \/ saat (\u0131\u015f\u0131n kesintisi ve ark \u2264 saatte 1 kez)<\/td>\n<\/tr>\n<tr data-start=\"2188\" data-end=\"2217\">\n<td data-start=\"2188\" data-end=\"2207\" data-col-size=\"sm\">Kiri\u015f Paralelli\u011fi<\/td>\n<td data-col-size=\"md\" data-start=\"2207\" data-end=\"2217\">\u2264 0.2\u00b0<\/td>\n<\/tr>\n<\/tbody>\n<\/table>\n<\/div>\n<\/div>\n<h3 data-section-id=\"ieoahx\" data-start=\"2219\" data-end=\"2244\">\u0130mplantasyon Do\u011frulu\u011fu<\/h3>\n<div class=\"TyagGW_tableContainer\">\n<div class=\"group TyagGW_tableWrapper flex flex-col-reverse w-fit\" tabindex=\"-1\">\n<table class=\"w-fit min-w-(--thread-content-width)\" data-start=\"2246\" data-end=\"2436\">\n<thead data-start=\"2246\" data-end=\"2270\">\n<tr data-start=\"2246\" data-end=\"2270\">\n<th class=\"\" data-start=\"2246\" data-end=\"2253\" data-col-size=\"sm\">\u00d6\u011fe<\/th>\n<th class=\"\" data-start=\"2253\" data-end=\"2270\" data-col-size=\"sm\">\u015eartname<\/th>\n<\/tr>\n<\/thead>\n<tbody data-start=\"2295\" data-end=\"2436\">\n<tr data-start=\"2295\" data-end=\"2327\">\n<td data-start=\"2295\" data-end=\"2317\" data-col-size=\"sm\">\u0130mplant A\u00e7\u0131 Aral\u0131\u011f\u0131<\/td>\n<td data-col-size=\"sm\" data-start=\"2317\" data-end=\"2327\">0\u00b0-45\u00b0<\/td>\n<\/tr>\n<tr data-start=\"2328\" data-end=\"2355\">\n<td data-start=\"2328\" data-end=\"2345\" data-col-size=\"sm\">A\u00e7\u0131 Do\u011frulu\u011fu<\/td>\n<td data-col-size=\"sm\" data-start=\"2345\" data-end=\"2355\">\u2264 0.2\u00b0<\/td>\n<\/tr>\n<tr data-start=\"2356\" data-end=\"2404\">\n<td data-start=\"2356\" data-end=\"2374\" data-col-size=\"sm\">Tekd\u00fczelik (1\u03c3)<\/td>\n<td data-col-size=\"sm\" data-start=\"2374\" data-end=\"2404\">\u2264 0,5% (B+, 2E14, 150 keV)<\/td>\n<\/tr>\n<tr data-start=\"2405\" data-end=\"2436\">\n<td data-start=\"2405\" data-end=\"2426\" data-col-size=\"sm\">Tekrarlanabilirlik (1\u03c3)<\/td>\n<td data-col-size=\"sm\" data-start=\"2426\" data-end=\"2436\">\u2264 0,5%<\/td>\n<\/tr>\n<\/tbody>\n<\/table>\n<\/div>\n<\/div>\n<h3 data-section-id=\"1i84h7f\" data-start=\"2438\" data-end=\"2460\">Sistem Performans\u0131<\/h3>\n<div class=\"TyagGW_tableContainer\">\n<div class=\"group TyagGW_tableWrapper flex flex-col-reverse w-fit\" tabindex=\"-1\">\n<table class=\"w-fit min-w-(--thread-content-width)\" data-start=\"2462\" data-end=\"2740\">\n<thead data-start=\"2462\" data-end=\"2486\">\n<tr data-start=\"2462\" data-end=\"2486\">\n<th class=\"\" data-start=\"2462\" data-end=\"2469\" data-col-size=\"sm\">\u00d6\u011fe<\/th>\n<th class=\"\" data-start=\"2469\" data-end=\"2486\" data-col-size=\"md\">\u015eartname<\/th>\n<\/tr>\n<\/thead>\n<tbody data-start=\"2511\" data-end=\"2740\">\n<tr data-start=\"2511\" data-end=\"2549\">\n<td data-start=\"2511\" data-end=\"2524\" data-col-size=\"sm\">Verim<\/td>\n<td data-col-size=\"md\" data-start=\"2524\" data-end=\"2549\">Saatte \u2265 200 gofret<\/td>\n<\/tr>\n<tr data-start=\"2550\" data-end=\"2580\">\n<td data-start=\"2550\" data-end=\"2565\" data-col-size=\"sm\">Vakum Seviyesi<\/td>\n<td data-col-size=\"md\" data-start=\"2565\" data-end=\"2580\">&lt; 5E-7 Torr<\/td>\n<\/tr>\n<tr data-start=\"2581\" data-end=\"2612\">\n<td data-start=\"2581\" data-end=\"2597\" data-col-size=\"sm\">X-ray S\u0131z\u0131nt\u0131s\u0131<\/td>\n<td data-col-size=\"md\" data-start=\"2597\" data-end=\"2612\">\u2264 0,6 \u03bcSv\/h<\/td>\n<\/tr>\n<tr data-start=\"2613\" data-end=\"2697\">\n<td data-start=\"2613\" data-end=\"2629\" data-col-size=\"sm\">Tarama Modu<\/td>\n<td data-col-size=\"md\" data-start=\"2629\" data-end=\"2697\">Yatay elektrostatik tarama + dikey mekanik tarama<\/td>\n<\/tr>\n<tr data-start=\"2698\" data-end=\"2740\">\n<td data-start=\"2698\" data-end=\"2715\" data-col-size=\"sm\">Ekipman Boyutu<\/td>\n<td data-col-size=\"md\" data-start=\"2715\" data-end=\"2740\">5600 \u00d7 3300 \u00d7 2600 mm<\/td>\n<\/tr>\n<\/tbody>\n<\/table>\n<\/div>\n<\/div>\n<hr data-start=\"2742\" data-end=\"2745\" \/>\n<h2 data-section-id=\"1nd7jny\" data-start=\"2747\" data-end=\"2768\">Uygulama Alanlar\u0131<\/h2>\n<h3 data-section-id=\"y2e8l1\" data-start=\"2770\" data-end=\"2808\">Yar\u0131 \u0130letken Cihaz \u00dcretimi<\/h3>\n<p data-start=\"2809\" data-end=\"2910\">Transist\u00f6r olu\u015fumu i\u00e7in hassas dopant implantasyonu sa\u011flayan CMOS mant\u0131k cihaz\u0131 \u00fcretiminde kullan\u0131l\u0131r.<\/p>\n<h3 data-section-id=\"184zlsy\" data-start=\"2912\" data-end=\"2946\">Entegre Devre \u00dcretimi<\/h3>\n<p data-start=\"2947\" data-end=\"3042\">Y\u00fcksek hassasiyetli doping kontrol\u00fc gerektiren LSI ve geli\u015fmi\u015f IC \u00fcretim s\u00fcre\u00e7lerinde uygulan\u0131r.<\/p>\n<h3 data-section-id=\"l748la\" data-start=\"3044\" data-end=\"3083\">S\u0131\u011f ve Derin Kav\u015fak Olu\u015fumu<\/h3>\n<p data-start=\"3084\" data-end=\"3172\">Kaynak\/bo\u015faltma m\u00fchendisli\u011fi ve ba\u011flant\u0131 derinli\u011fi kontrol\u00fc i\u00e7in implantasyon s\u00fcre\u00e7lerini destekler.<\/p>\n<h3 data-section-id=\"oja97j\" data-start=\"3174\" data-end=\"3196\">Dopant M\u00fchendisli\u011fi<\/h3>\n<p data-start=\"3197\" data-end=\"3292\">Do\u011fru iyon implantasyonu yoluyla silikon gofretlerin elektriksel \u00f6zelliklerini kontrol etmek i\u00e7in kullan\u0131l\u0131r.<\/p>\n<h3 data-section-id=\"dpf9id\" data-start=\"3294\" data-end=\"3325\">S\u00fcre\u00e7 Geli\u015ftirme ve AR-GE<\/h3>\n<p data-start=\"3326\" data-end=\"3428\">Yar\u0131 iletken proses geli\u015ftirme, pilot \u00fcretim ve deneysel cihaz imalat\u0131 i\u00e7in uygundur.<\/p>\n<hr data-start=\"3430\" data-end=\"3433\" \/>\n<h2 data-section-id=\"1r8frcv\" data-start=\"3435\" data-end=\"3464\">S\u0131k\u00e7a Sorulan Sorular<\/h2>\n<h3 data-section-id=\"kw7yja\" data-start=\"3466\" data-end=\"3512\">1. Ai250 hangi yonga plakas\u0131 boyutlar\u0131n\u0131 destekler?<\/h3>\n<p data-start=\"3513\" data-end=\"3631\">Sistem 6 in\u00e7 ve 8 in\u00e7 silikon gofretleri destekler ve ana ak\u0131m yar\u0131 iletken \u00fcretim hatlar\u0131 i\u00e7in uygundur.<\/p>\n<h3 data-section-id=\"1ufru2j\" data-start=\"3633\" data-end=\"3678\">2. Sistemin enerji aral\u0131\u011f\u0131 nedir<\/h3>\n<p data-start=\"3679\" data-end=\"3810\">Enerji aral\u0131\u011f\u0131 5 keV ila 250 keV'dir ve yar\u0131 iletken cihaz \u00fcretimi i\u00e7in hem s\u0131\u011f hem de derin implantasyon s\u00fcre\u00e7lerini destekler.<\/p>\n<h3 data-section-id=\"ce5nbe\" data-start=\"3812\" data-end=\"3873\">3. Sistem hangi d\u00fczeyde s\u00fcre\u00e7 do\u011frulu\u011fu sa\u011fl\u0131yor?<\/h3>\n<p data-start=\"3874\" data-end=\"4052\">Sistem 0,2\u00b0 i\u00e7inde a\u00e7\u0131 do\u011frulu\u011fu, 0,2\u00b0 i\u00e7inde \u0131\u015f\u0131n paralelli\u011fi ve 0,5% i\u00e7inde tekd\u00fczelik ve tekrarlanabilirlik sa\u011flayarak istikrarl\u0131 ve y\u00fcksek verimli \u00fcretim performans\u0131 sa\u011flar.<\/p>","protected":false},"excerpt":{"rendered":"<p>Ai250 (Medium Beam) iyon implantasyon sistemi, 6 in\u00e7 ve 8 in\u00e7 silikon gofret yar\u0131 iletken \u00fcretim hatlar\u0131 i\u00e7in tasarlanm\u0131\u015ft\u0131r. Kararl\u0131 \u0131\u015f\u0131n performans\u0131, y\u00fcksek implantasyon do\u011frulu\u011fu ve g\u00fcvenilir doz kontrol\u00fc sa\u011flayan, geli\u015fmi\u015f entegre devre \u00fcretim s\u00fcre\u00e7lerinde kullan\u0131lan bir orta ak\u0131m iyon implanteridir.<\/p>","protected":false},"featured_media":2347,"comment_status":"open","ping_status":"closed","template":"","meta":{"site-sidebar-layout":"default","site-content-layout":"","ast-site-content-layout":"default","site-content-style":"default","site-sidebar-style":"default","ast-global-header-display":"","ast-banner-title-visibility":"","ast-main-header-display":"","ast-hfb-above-header-display":"","ast-hfb-below-header-display":"","ast-hfb-mobile-header-display":"","site-post-title":"","ast-breadcrumbs-content":"","ast-featured-img":"","footer-sml-layout":"","ast-disable-related-posts":"","theme-transparent-header-meta":"default","adv-header-id-meta":"","stick-header-meta":"default","header-above-stick-meta":"","header-main-stick-meta":"","header-below-stick-meta":"","astra-migrate-meta-layouts":"set","ast-page-background-enabled":"default","ast-page-background-meta":{"desktop":{"background-color":"var(--ast-global-color-4)","background-image":"","background-repeat":"repeat","background-position":"center center","background-size":"auto","background-attachment":"scroll","background-type":"","background-media":"","overlay-type":"","overlay-color":"","overlay-opacity":"","overlay-gradient":""},"tablet":{"background-color":"","background-image":"","background-repeat":"repeat","background-position":"center center","background-size":"auto","background-attachment":"scroll","background-type":"","background-media":"","overlay-type":"","overlay-color":"","overlay-opacity":"","overlay-gradient":""},"mobile":{"background-color":"","background-image":"","background-repeat":"repeat","background-position":"center center","background-size":"auto","background-attachment":"scroll","background-type":"","background-media":"","overlay-type":"","overlay-color":"","overlay-opacity":"","overlay-gradient":""}},"ast-content-background-meta":{"desktop":{"background-color":"var(--ast-global-color-5)","background-image":"","background-repeat":"repeat","background-position":"center center","background-size":"auto","background-attachment":"scroll","background-type":"","background-media":"","overlay-type":"","overlay-color":"","overlay-opacity":"","overlay-gradient":""},"tablet":{"background-color":"var(--ast-global-color-5)","background-image":"","background-repeat":"repeat","background-position":"center center","background-size":"auto","background-attachment":"scroll","background-type":"","background-media":"","overlay-type":"","overlay-color":"","overlay-opacity":"","overlay-gradient":""},"mobile":{"background-color":"var(--ast-global-color-5)","background-image":"","background-repeat":"repeat","background-position":"center center","background-size":"auto","background-attachment":"scroll","background-type":"","background-media":"","overlay-type":"","overlay-color":"","overlay-opacity":"","overlay-gradient":""}}},"product_brand":[],"product_cat":[1177],"product_tag":[1189,1190,1191,1193,1178,1192,1186,1185,1188,1187],"class_list":{"0":"post-2346","1":"product","2":"type-product","3":"status-publish","4":"has-post-thumbnail","6":"product_cat-ion-implantation-equipment","7":"product_tag-6-inch-wafer-equipment","8":"product_tag-8-inch-wafer-processing","9":"product_tag-cmos-manufacturing-equipment","10":"product_tag-high-current-ion-implantation","11":"product_tag-ion-implantation-system","12":"product_tag-lsi-process-equipment","13":"product_tag-medium-beam-ion-implanter","14":"product_tag-semiconductor-fabrication-equipment","15":"product_tag-semiconductor-implantation-machine","16":"product_tag-silicon-wafer-doping-equipment","17":"desktop-align-left","18":"tablet-align-left","19":"mobile-align-left","20":"ast-product-gallery-layout-horizontal-slider","21":"ast-product-gallery-with-no-image","22":"ast-product-tabs-layout-horizontal","24":"first","25":"instock","26":"shipping-taxable","27":"product-type-simple"},"_links":{"self":[{"href":"https:\/\/www.zmsh-semitech.com\/tr\/wp-json\/wp\/v2\/product\/2346","targetHints":{"allow":["GET"]}}],"collection":[{"href":"https:\/\/www.zmsh-semitech.com\/tr\/wp-json\/wp\/v2\/product"}],"about":[{"href":"https:\/\/www.zmsh-semitech.com\/tr\/wp-json\/wp\/v2\/types\/product"}],"replies":[{"embeddable":true,"href":"https:\/\/www.zmsh-semitech.com\/tr\/wp-json\/wp\/v2\/comments?post=2346"}],"version-history":[{"count":2,"href":"https:\/\/www.zmsh-semitech.com\/tr\/wp-json\/wp\/v2\/product\/2346\/revisions"}],"predecessor-version":[{"id":2374,"href":"https:\/\/www.zmsh-semitech.com\/tr\/wp-json\/wp\/v2\/product\/2346\/revisions\/2374"}],"wp:featuredmedia":[{"embeddable":true,"href":"https:\/\/www.zmsh-semitech.com\/tr\/wp-json\/wp\/v2\/media\/2347"}],"wp:attachment":[{"href":"https:\/\/www.zmsh-semitech.com\/tr\/wp-json\/wp\/v2\/media?parent=2346"}],"wp:term":[{"taxonomy":"product_brand","embeddable":true,"href":"https:\/\/www.zmsh-semitech.com\/tr\/wp-json\/wp\/v2\/product_brand?post=2346"},{"taxonomy":"product_cat","embeddable":true,"href":"https:\/\/www.zmsh-semitech.com\/tr\/wp-json\/wp\/v2\/product_cat?post=2346"},{"taxonomy":"product_tag","embeddable":true,"href":"https:\/\/www.zmsh-semitech.com\/tr\/wp-json\/wp\/v2\/product_tag?post=2346"}],"curies":[{"name":"wp","href":"https:\/\/api.w.org\/{rel}","templated":true}]}}