{"id":2327,"date":"2026-04-21T06:21:20","date_gmt":"2026-04-21T06:21:20","guid":{"rendered":"https:\/\/www.zmsh-semitech.com\/?post_type=product&#038;p=2327"},"modified":"2026-04-21T06:21:21","modified_gmt":"2026-04-21T06:21:21","slug":"wafer-thinning-system-precision-back-grinding-equipment-for-si-sic-and-4-to-12-inch-semiconductor-wafers","status":"publish","type":"product","link":"https:\/\/www.zmsh-semitech.com\/tr\/product\/wafer-thinning-system-precision-back-grinding-equipment-for-si-sic-and-4-to-12-inch-semiconductor-wafers\/","title":{"rendered":"Gofret \u0130nceltme Sistemi Si SiC ve 4 ila 12 \u0130n\u00e7 Yar\u0131 \u0130letken Gofretler i\u00e7in Hassas Geri Ta\u015flama Ekipman\u0131"},"content":{"rendered":"<p data-start=\"294\" data-end=\"629\"><img fetchpriority=\"high\" decoding=\"async\" class=\"alignright wp-image-2329 size-medium\" src=\"https:\/\/www.zmsh-semitech.com\/wp-content\/uploads\/2026\/04\/wafer_thinning_system_precision_thinning_equipment_sic_si_wafer_compatible_4_12inch_wafer_capacity2-300x300.webp\" alt=\"Gofret \u0130nceltme Sistemi Si SiC ve 4 ila 12 \u0130n\u00e7 Yar\u0131 \u0130letken Gofretler i\u00e7in Hassas Geri Ta\u015flama Ekipman\u0131\" width=\"300\" height=\"300\" srcset=\"https:\/\/www.zmsh-semitech.com\/wp-content\/uploads\/2026\/04\/wafer_thinning_system_precision_thinning_equipment_sic_si_wafer_compatible_4_12inch_wafer_capacity2-300x300.webp 300w, https:\/\/www.zmsh-semitech.com\/wp-content\/uploads\/2026\/04\/wafer_thinning_system_precision_thinning_equipment_sic_si_wafer_compatible_4_12inch_wafer_capacity2-150x150.webp 150w, https:\/\/www.zmsh-semitech.com\/wp-content\/uploads\/2026\/04\/wafer_thinning_system_precision_thinning_equipment_sic_si_wafer_compatible_4_12inch_wafer_capacity2-12x12.webp 12w, https:\/\/www.zmsh-semitech.com\/wp-content\/uploads\/2026\/04\/wafer_thinning_system_precision_thinning_equipment_sic_si_wafer_compatible_4_12inch_wafer_capacity2-600x600.webp 600w, https:\/\/www.zmsh-semitech.com\/wp-content\/uploads\/2026\/04\/wafer_thinning_system_precision_thinning_equipment_sic_si_wafer_compatible_4_12inch_wafer_capacity2-100x100.webp 100w, https:\/\/www.zmsh-semitech.com\/wp-content\/uploads\/2026\/04\/wafer_thinning_system_precision_thinning_equipment_sic_si_wafer_compatible_4_12inch_wafer_capacity2.webp 750w\" sizes=\"(max-width: 300px) 100vw, 300px\" \/>Wafer \u0130nceltme Sistemi Hassas Geri Ta\u015flama Ekipman\u0131, geli\u015fmi\u015f yar\u0131 iletken \u00fcretimi i\u00e7in tasarlanm\u0131\u015f y\u00fcksek hassasiyetli bir wafer i\u015fleme \u00e7\u00f6z\u00fcm\u00fcd\u00fcr. Silikon (Si), silikon karb\u00fcr (SiC), galyum arsenit (GaAs), safir ve di\u011fer k\u0131r\u0131lgan bile\u015fik yar\u0131 iletken malzemeler dahil olmak \u00fczere 4 in\u00e7 ila 12 in\u00e7 gofretleri destekler.<\/p>\n<p data-start=\"631\" data-end=\"924\">Bu sistem, m\u00fckemmel y\u00fczey b\u00fct\u00fcnl\u00fc\u011f\u00fcn\u00fc korurken kal\u0131nl\u0131\u011f\u0131n mikron ve mikron alt\u0131 seviyelere indirilmesini sa\u011flayan ultra hassas gofret arka taraf\u0131 inceltme i\u00e7in tasarlanm\u0131\u015ft\u0131r. Geli\u015fmi\u015f paketleme, g\u00fc\u00e7 cihazlar\u0131, MEMS ve bile\u015fik yar\u0131 iletken \u00fcretiminde kritik bir rol oynar.<\/p>\n<p data-start=\"926\" data-end=\"1135\">Y\u00fcksek sertlikte mekanik tasar\u0131m, hassas Z ekseni kontrol\u00fc ve ger\u00e7ek zamanl\u0131 kal\u0131nl\u0131k izlemeyi entegre eden ekipman, end\u00fcstriyel \u00f6l\u00e7ekte \u00fcretim i\u00e7in istikrarl\u0131 ve tekrarlanabilir i\u015fleme performans\u0131 sa\u011flar.<\/p>\n<hr data-start=\"1137\" data-end=\"1140\" \/>\n<h2 data-section-id=\"17sw59i\" data-start=\"1142\" data-end=\"1171\"><span role=\"text\">Temel Teknik \u00d6zellikler<\/span><\/h2>\n<h3 data-section-id=\"kcynyn\" data-start=\"1173\" data-end=\"1213\"><span role=\"text\">Y\u00fcksek Hassasiyetli Kal\u0131nl\u0131k Kontrol\u00fc<\/span><\/h3>\n<ul data-start=\"1214\" data-end=\"1353\">\n<li data-section-id=\"qvz3ew\" data-start=\"1214\" data-end=\"1245\">Kal\u0131nl\u0131k hassasiyeti: \u00b11 \u03bcm<\/li>\n<li data-section-id=\"vbuidj\" data-start=\"1246\" data-end=\"1290\">Toplam Kal\u0131nl\u0131k De\u011fi\u015fimi (TTV): \u22642 \u03bcm<\/li>\n<li data-section-id=\"rxazu8\" data-start=\"1291\" data-end=\"1353\">Geli\u015fmi\u015f modeller \u00b10,5 \u03bcm'ye kadar mikron alt\u0131 kontrol sa\u011flar<\/li>\n<\/ul>\n<h3 data-section-id=\"15s8v24\" data-start=\"1355\" data-end=\"1390\"><span role=\"text\"><img decoding=\"async\" class=\"size-medium wp-image-2330 alignright\" src=\"https:\/\/www.zmsh-semitech.com\/wp-content\/uploads\/2026\/04\/wafer_thinning_system_precision_thinning_equipment_sic_si_wafer_compatible_4_12inch_wafer_capacity-300x300.webp\" alt=\"\" width=\"300\" height=\"300\" srcset=\"https:\/\/www.zmsh-semitech.com\/wp-content\/uploads\/2026\/04\/wafer_thinning_system_precision_thinning_equipment_sic_si_wafer_compatible_4_12inch_wafer_capacity-300x300.webp 300w, https:\/\/www.zmsh-semitech.com\/wp-content\/uploads\/2026\/04\/wafer_thinning_system_precision_thinning_equipment_sic_si_wafer_compatible_4_12inch_wafer_capacity-150x150.webp 150w, https:\/\/www.zmsh-semitech.com\/wp-content\/uploads\/2026\/04\/wafer_thinning_system_precision_thinning_equipment_sic_si_wafer_compatible_4_12inch_wafer_capacity-12x12.webp 12w, https:\/\/www.zmsh-semitech.com\/wp-content\/uploads\/2026\/04\/wafer_thinning_system_precision_thinning_equipment_sic_si_wafer_compatible_4_12inch_wafer_capacity-600x600.webp 600w, https:\/\/www.zmsh-semitech.com\/wp-content\/uploads\/2026\/04\/wafer_thinning_system_precision_thinning_equipment_sic_si_wafer_compatible_4_12inch_wafer_capacity-100x100.webp 100w, https:\/\/www.zmsh-semitech.com\/wp-content\/uploads\/2026\/04\/wafer_thinning_system_precision_thinning_equipment_sic_si_wafer_compatible_4_12inch_wafer_capacity.webp 750w\" sizes=\"(max-width: 300px) 100vw, 300px\" \/>Geni\u015f Malzeme Uyumlulu\u011fu<\/span><\/h3>\n<p data-start=\"1391\" data-end=\"1452\">\u00c7ok \u00e7e\u015fitli yar\u0131 iletken ve k\u0131r\u0131lgan malzemeleri destekler:<\/p>\n<ul data-start=\"1453\" data-end=\"1574\">\n<li data-section-id=\"1mmq8pa\" data-start=\"1453\" data-end=\"1467\">Silisyum (Si)<\/li>\n<li data-section-id=\"1ah49cn\" data-start=\"1468\" data-end=\"1491\">Silisyum Karb\u00fcr (SiC)<\/li>\n<li data-section-id=\"6pubop\" data-start=\"1492\" data-end=\"1517\">Galyum Arsenit (GaAs)<\/li>\n<li data-section-id=\"pz60z2\" data-start=\"1518\" data-end=\"1536\">Safir (Al\u2082O\u2083)<\/li>\n<li data-section-id=\"1x0u20i\" data-start=\"1537\" data-end=\"1574\">Di\u011fer bile\u015fik yar\u0131 iletken gofretler<\/li>\n<\/ul>\n<h3 data-section-id=\"1k27fm2\" data-start=\"1576\" data-end=\"1608\"><span role=\"text\">Wafer Boyut Uyumlulu\u011fu<\/span><\/h3>\n<ul data-start=\"1609\" data-end=\"1726\">\n<li data-section-id=\"fhdptx\" data-start=\"1609\" data-end=\"1662\">4 in\u00e7 \/ 6 in\u00e7 \/ 8 in\u00e7 \/ 10 in\u00e7 \/ 12 in\u00e7 gofretler<\/li>\n<li data-section-id=\"5k0pa3\" data-start=\"1663\" data-end=\"1726\">Hem standart hem de \u00f6zelle\u015ftirilmi\u015f alt tabakalar i\u00e7in esnek kullan\u0131m<\/li>\n<\/ul>\n<h3 data-section-id=\"rmjxfn\" data-start=\"1728\" data-end=\"1768\"><span role=\"text\">Y\u00fcksek Stabiliteli Mekanik Sistem<\/span><\/h3>\n<ul data-start=\"1769\" data-end=\"1949\">\n<li data-section-id=\"1wor6l0\" data-start=\"1769\" data-end=\"1804\">Y\u00fcksek sertlikte hava yatakl\u0131 mil<\/li>\n<li data-section-id=\"7gqyrg\" data-start=\"1805\" data-end=\"1848\">D\u00fc\u015f\u00fck titre\u015fimli hassas ta\u015flama platformu<\/li>\n<li data-section-id=\"wf9b1q\" data-start=\"1849\" data-end=\"1892\">\u0130thal vidal\u0131 mil + lineer k\u0131lavuz sistemi<\/li>\n<li data-section-id=\"fj2519\" data-start=\"1893\" data-end=\"1949\">Y\u00fcksek hassasiyetli servo motor kontrol\u00fc (0,1 \u03bcm \u00e7\u00f6z\u00fcn\u00fcrl\u00fck)<\/li>\n<\/ul>\n<h3 data-section-id=\"1e5oiya\" data-start=\"1951\" data-end=\"1982\"><span role=\"text\">Geli\u015fmi\u015f So\u011futma Sistemi<\/span><\/h3>\n<ul data-start=\"1983\" data-end=\"2088\">\n<li data-section-id=\"1u6gyvp\" data-start=\"1983\" data-end=\"2038\">Su so\u011futmal\u0131 i\u015f mili sistemi termal stabilite sa\u011flar<\/li>\n<li data-section-id=\"1927cdq\" data-start=\"2039\" data-end=\"2088\">Y\u00fcksek h\u0131zl\u0131 ta\u015flama s\u0131ras\u0131nda deformasyonu \u00f6nler<\/li>\n<\/ul>\n<hr data-start=\"2090\" data-end=\"2093\" \/>\n<h2 data-section-id=\"1ftdxrk\" data-start=\"2095\" data-end=\"2122\"><span role=\"text\">Sistem Yap\u0131land\u0131rmas\u0131<\/span><\/h2>\n<p data-start=\"2124\" data-end=\"2189\">Gofret inceltme sistemi birden fazla i\u015flevsel mod\u00fcl\u00fc entegre eder:<\/p>\n<h3 data-section-id=\"djoygz\" data-start=\"2191\" data-end=\"2227\"><span role=\"text\">1. Hassas Ta\u015flama Mod\u00fcl\u00fc<\/span><\/h3>\n<p data-start=\"2228\" data-end=\"2294\">Y\u00fcksek y\u00fczey homojenli\u011fi ile kontroll\u00fc malzeme kald\u0131rma ger\u00e7ekle\u015ftirir.<\/p>\n<h3 data-section-id=\"gytvay\" data-start=\"2296\" data-end=\"2338\"><span role=\"text\">2. Z Ekseni Hassas Kontrol Sistemi<\/span><\/h3>\n<p data-start=\"2339\" data-end=\"2409\">Tutarl\u0131 gofret kal\u0131nl\u0131\u011f\u0131 i\u00e7in ultra ince dikey ayar sa\u011flar.<\/p>\n<h3 data-section-id=\"i93eki\" data-start=\"2411\" data-end=\"2450\"><span role=\"text\">3. Kal\u0131nl\u0131k \u00d6l\u00e7\u00fcm Sistemi<\/span><\/h3>\n<p data-start=\"2451\" data-end=\"2519\">Ger\u00e7ek zamanl\u0131 temasl\u0131\/temass\u0131z \u00f6l\u00e7\u00fcm proses stabilitesini sa\u011flar.<\/p>\n<h3 data-section-id=\"ycd038\" data-start=\"2521\" data-end=\"2550\"><span role=\"text\">4. Vakumlu Gofret Aynas\u0131<\/span><\/h3>\n<p data-start=\"2551\" data-end=\"2626\">D\u00fczensiz gofretler i\u00e7in \u00f6zelle\u015ftirilmi\u015f \u00e7\u00f6z\u00fcmler de dahil olmak \u00fczere g\u00fcvenli gofret sabitleme.<\/p>\n<h3 data-section-id=\"1xwcykg\" data-start=\"2628\" data-end=\"2664\"><span role=\"text\">5. Otomasyon Kontrol Sistemi<\/span><\/h3>\n<ul data-start=\"2665\" data-end=\"2767\">\n<li data-section-id=\"mbtl4z\" data-start=\"2665\" data-end=\"2706\">Tam otomatik \/ Yar\u0131 otomatik \u00e7al\u0131\u015fma modlar\u0131<\/li>\n<li data-section-id=\"1tpxb04\" data-start=\"2707\" data-end=\"2734\">Operasyon g\u00fcnl\u00fc\u011f\u00fc kayd\u0131<\/li>\n<li data-section-id=\"1chqk9c\" data-start=\"2735\" data-end=\"2767\">Re\u00e7ete tabanl\u0131 s\u00fcre\u00e7 kontrol\u00fc<\/li>\n<\/ul>\n<hr data-start=\"2769\" data-end=\"2772\" \/>\n<h2 data-section-id=\"gimyd4\" data-start=\"2774\" data-end=\"2804\"><span role=\"text\"><img decoding=\"async\" class=\"wp-image-2331 alignright\" src=\"https:\/\/www.zmsh-semitech.com\/wp-content\/uploads\/2026\/04\/Wafer-Thinning-System-Precision-Back-Grinding-Equipment-for-Si-SiC-and-4-to-12-Inch-Semiconductor-Wafers2-300x81.png\" alt=\"\" width=\"393\" height=\"106\" srcset=\"https:\/\/www.zmsh-semitech.com\/wp-content\/uploads\/2026\/04\/Wafer-Thinning-System-Precision-Back-Grinding-Equipment-for-Si-SiC-and-4-to-12-Inch-Semiconductor-Wafers2-300x81.png 300w, https:\/\/www.zmsh-semitech.com\/wp-content\/uploads\/2026\/04\/Wafer-Thinning-System-Precision-Back-Grinding-Equipment-for-Si-SiC-and-4-to-12-Inch-Semiconductor-Wafers2-18x5.png 18w, https:\/\/www.zmsh-semitech.com\/wp-content\/uploads\/2026\/04\/Wafer-Thinning-System-Precision-Back-Grinding-Equipment-for-Si-SiC-and-4-to-12-Inch-Semiconductor-Wafers2-600x162.png 600w, https:\/\/www.zmsh-semitech.com\/wp-content\/uploads\/2026\/04\/Wafer-Thinning-System-Precision-Back-Grinding-Equipment-for-Si-SiC-and-4-to-12-Inch-Semiconductor-Wafers2.png 680w\" sizes=\"(max-width: 393px) 100vw, 393px\" \/> \u0130\u015fleme Yetenekleri<\/span><\/h2>\n<p data-start=\"2806\" data-end=\"2876\">Sistem, y\u00fcksek performansl\u0131 gofret arka y\u00fcz\u00fc i\u015fleme i\u00e7in tasarlanm\u0131\u015ft\u0131r:<\/p>\n<ul data-start=\"2878\" data-end=\"3074\">\n<li data-section-id=\"xh3w3z\" data-start=\"2878\" data-end=\"2909\">Silikon gofret s\u0131rt ta\u015flama<\/li>\n<li data-section-id=\"xar9m4\" data-start=\"2910\" data-end=\"2950\">G\u00fc\u00e7 cihazlar\u0131 i\u00e7in SiC wafer inceltme<\/li>\n<li data-section-id=\"198a8mj\" data-start=\"2951\" data-end=\"2986\">GaN ve GaAs alt tabaka incelmesi<\/li>\n<li data-section-id=\"2lf608\" data-start=\"2987\" data-end=\"3024\">Safir wafer hassas inceltme<\/li>\n<li data-section-id=\"1kfyhfx\" data-start=\"3025\" data-end=\"3074\">3D paketleme i\u00e7in ultra ince gofret haz\u0131rlama<\/li>\n<\/ul>\n<hr data-start=\"3076\" data-end=\"3079\" \/>\n<h2 data-section-id=\"k0zlak\" data-start=\"3081\" data-end=\"3100\"><span role=\"text\">Uygulamalar<\/span><\/h2>\n<h3 data-section-id=\"1jqwtfq\" data-start=\"3102\" data-end=\"3140\"><span role=\"text\">1. G\u00fc\u00e7 Yar\u0131 \u0130letken Cihazlar\u0131<\/span><\/h3>\n<p data-start=\"3141\" data-end=\"3222\">SiC MOSFET'lerde, IGBT'lerde ve ultra ince wafer gerektiren y\u00fcksek voltajl\u0131 cihazlarda kullan\u0131l\u0131r.<\/p>\n<h3 data-section-id=\"1a6priz\" data-start=\"3224\" data-end=\"3253\"><span role=\"text\"><img loading=\"lazy\" decoding=\"async\" class=\"wp-image-2332 alignright\" src=\"https:\/\/www.zmsh-semitech.com\/wp-content\/uploads\/2026\/04\/application3-300x188.png\" alt=\"\" width=\"421\" height=\"264\" srcset=\"https:\/\/www.zmsh-semitech.com\/wp-content\/uploads\/2026\/04\/application3-300x188.png 300w, https:\/\/www.zmsh-semitech.com\/wp-content\/uploads\/2026\/04\/application3-18x12.png 18w, https:\/\/www.zmsh-semitech.com\/wp-content\/uploads\/2026\/04\/application3-600x376.png 600w, https:\/\/www.zmsh-semitech.com\/wp-content\/uploads\/2026\/04\/application3.png 680w\" sizes=\"(max-width: 421px) 100vw, 421px\" \/>2. Geli\u015fmi\u015f Paketleme<\/span><\/h3>\n<p data-start=\"3254\" data-end=\"3282\">Gofret inceltme i\u015flemini destekler:<\/p>\n<ul data-start=\"3283\" data-end=\"3375\">\n<li data-section-id=\"18hyzkr\" data-start=\"3283\" data-end=\"3306\">Flip-chip paketleme<\/li>\n<li data-section-id=\"16lrd61\" data-start=\"3307\" data-end=\"3335\">2.5D \/ 3D IC entegrasyonu<\/li>\n<li data-section-id=\"1s3z3q5\" data-start=\"3336\" data-end=\"3375\">TSV (Through Silicon Via) i\u015flemleri<\/li>\n<\/ul>\n<h3 data-section-id=\"m46f4y\" data-start=\"3377\" data-end=\"3411\"><span role=\"text\">3. Bile\u015fik Yar\u0131 \u0130letkenler<\/span><\/h3>\n<p data-start=\"3412\" data-end=\"3464\">GaN, GaAs ve InP cihaz imalat\u0131na uygulanabilir.<\/p>\n<h3 data-section-id=\"kz928f\" data-start=\"3466\" data-end=\"3500\"><span role=\"text\">4. LED ve Optoelektronik<\/span><\/h3>\n<p data-start=\"3501\" data-end=\"3572\">LED \u00e7ipleri ve optik cihazlar i\u00e7in safir ve bile\u015fik gofret inceltme.<\/p>\n<hr data-start=\"3574\" data-end=\"3577\" \/>\n<h2 data-section-id=\"d8omv1\" data-start=\"3579\" data-end=\"3596\"><span role=\"text\">Avantajlar<\/span><\/h2>\n<ul data-start=\"3598\" data-end=\"3893\">\n<li data-section-id=\"u42zog\" data-start=\"3598\" data-end=\"3645\">Olgun ve istikrarl\u0131 yonga plakas\u0131 inceltme teknolojisi<\/li>\n<li data-section-id=\"1pb253f\" data-start=\"3646\" data-end=\"3688\">Y\u00fcksek hassasiyetli besleme i\u00e7i ta\u015flama sistemi<\/li>\n<li data-section-id=\"1b2hrea\" data-start=\"3689\" data-end=\"3728\">M\u00fckemmel y\u00fczey p\u00fcr\u00fczl\u00fcl\u00fc\u011f\u00fc kontrol\u00fc<\/li>\n<li data-section-id=\"swoy5t\" data-start=\"3729\" data-end=\"3787\">Y\u00fcksek UPH (standart prosesler i\u00e7in 30 gofret\/saate kadar)<\/li>\n<li data-section-id=\"folyym\" data-start=\"3788\" data-end=\"3842\">K\u0131r\u0131lgan ve sert malzemeler i\u00e7in g\u00fc\u00e7l\u00fc uyarlanabilirlik<\/li>\n<li data-section-id=\"kkjwmp\" data-start=\"3843\" data-end=\"3893\">Tam otomatik s\u00fcre\u00e7 entegrasyon kabiliyeti<\/li>\n<\/ul>\n<hr data-start=\"3895\" data-end=\"3898\" \/>\n<h2 data-section-id=\"1nn32qm\" data-start=\"3900\" data-end=\"3929\"><span role=\"text\">Performans \u00d6zetleri<\/span><\/h2>\n<ul data-start=\"3931\" data-end=\"4171\">\n<li data-section-id=\"ndqugr\" data-start=\"3931\" data-end=\"3980\">Minimum \u00e7\u00f6z\u00fcn\u00fcrl\u00fck: 0,1 \u03bcm\/s Z ekseni kontrol\u00fc<\/li>\n<li data-section-id=\"1sfyown\" data-start=\"3981\" data-end=\"4020\">Kal\u0131nl\u0131k homojenli\u011fi: \u22641-2 \u03bcm TTV<\/li>\n<li data-section-id=\"2ioyhe\" data-start=\"4021\" data-end=\"4066\">Ultra d\u00fc\u015f\u00fck titre\u015fimli y\u00fcksek h\u0131zl\u0131 i\u015f mili<\/li>\n<li data-section-id=\"1svxu2t\" data-start=\"4067\" data-end=\"4109\">Ger\u00e7ek zamanl\u0131 s\u00fcre\u00e7 izleme ve g\u00fcnl\u00fck kayd\u0131<\/li>\n<li data-section-id=\"kjsadr\" data-start=\"4110\" data-end=\"4171\">Hem Ar-Ge hem de seri \u00fcretim ortamlar\u0131yla uyumlu<\/li>\n<\/ul>\n<hr data-start=\"4173\" data-end=\"4176\" \/>\n<h2 data-section-id=\"lalgo8\" data-start=\"4178\" data-end=\"4206\"><span role=\"text\">\u00d6zelle\u015ftirme Se\u00e7enekleri<\/span><\/h2>\n<p data-start=\"4208\" data-end=\"4273\">Farkl\u0131 end\u00fcstriyel ihtiya\u00e7lar i\u00e7in esnek \u00f6zelle\u015ftirme sa\u011fl\u0131yoruz:<\/p>\n<ul data-start=\"4275\" data-end=\"4459\">\n<li data-section-id=\"kmxap1\" data-start=\"4275\" data-end=\"4315\">\u00d6zel gofret aynalar\u0131 (d\u00fczensiz \u015fekiller)<\/li>\n<li data-section-id=\"1om94rb\" data-start=\"4316\" data-end=\"4368\">Geni\u015fletilmi\u015f kal\u0131nl\u0131k \u00f6l\u00e7\u00fcm aral\u0131\u011f\u0131 (40 mm'ye kadar)<\/li>\n<li data-section-id=\"1gmsugm\" data-start=\"4369\" data-end=\"4399\">S\u00fcre\u00e7 tarifi \u00f6zelle\u015ftirme<\/li>\n<li data-section-id=\"enumxl\" data-start=\"4400\" data-end=\"4459\">Yukar\u0131 ak\u0131\u015f\/a\u015fa\u011f\u0131 ak\u0131\u015f ekipman\u0131 ile otomasyon entegrasyonu<\/li>\n<\/ul>\n<hr data-start=\"4461\" data-end=\"4464\" \/>\n<h2 data-section-id=\"elc90z\" data-start=\"4466\" data-end=\"4476\"><span role=\"text\">SSS<\/span><\/h2>\n<h3 data-section-id=\"97umay\" data-start=\"4478\" data-end=\"4525\"><span role=\"text\">S1: Bu sistem SiC gofretleri i\u015fleyebilir mi?<\/span><\/h3>\n<p data-start=\"4526\" data-end=\"4649\">Evet, \u00f6zellikle SiC gofret inceltme ve arka y\u00fcz ta\u015flama i\u00e7in optimize edilmi\u015ftir, g\u00fc\u00e7 cihaz\u0131 uygulamalar\u0131 i\u00e7in uygundur.<\/p>\n<h3 data-section-id=\"pwbsig\" data-start=\"4651\" data-end=\"4705\"><span role=\"text\">S2: Ula\u015f\u0131labilir kal\u0131nl\u0131k hassasiyeti nedir?<\/span><\/h3>\n<p data-start=\"4706\" data-end=\"4802\">Standart modeller \u00b11 \u03bcm'ye ula\u015f\u0131r ve \u00fcst d\u00fczey konfig\u00fcrasyonlar TTV \u22641 \u03bcm ile \u00b10,5 \u03bcm'ye ula\u015fabilir.<\/p>\n<h3 data-section-id=\"4mq81u\" data-start=\"4804\" data-end=\"4848\"><span role=\"text\">S3: Tam otomasyonu destekliyor mu?<\/span><\/h3>\n<p data-start=\"4849\" data-end=\"4944\">Evet, \u00fcretim gereksinimlerine ba\u011fl\u0131 olarak hem tam otomatik hem de yar\u0131 otomatik modlar mevcuttur.<\/p>","protected":false},"excerpt":{"rendered":"<p>Wafer \u0130nceltme Sistemi Hassas Geri Ta\u015flama Ekipman\u0131, geli\u015fmi\u015f yar\u0131 iletken \u00fcretimi i\u00e7in tasarlanm\u0131\u015f y\u00fcksek hassasiyetli bir wafer i\u015fleme \u00e7\u00f6z\u00fcm\u00fcd\u00fcr. Silikon (Si), silikon karb\u00fcr (SiC), galyum arsenit (GaAs), safir ve di\u011fer k\u0131r\u0131lgan bile\u015fik yar\u0131 iletken malzemeler dahil olmak \u00fczere 4 in\u00e7 ila 12 in\u00e7 gofretleri destekler Bu sistem, m\u00fckemmel y\u00fczey b\u00fct\u00fcnl\u00fc\u011f\u00fcn\u00fc korurken kal\u0131nl\u0131\u011f\u0131n mikron ve mikron alt\u0131 seviyelere indirilmesini sa\u011flayan ultra hassas gofret arka taraf\u0131 inceltme i\u00e7in tasarlanm\u0131\u015ft\u0131r.<\/p>","protected":false},"featured_media":2330,"comment_status":"open","ping_status":"closed","template":"","meta":{"site-sidebar-layout":"default","site-content-layout":"","ast-site-content-layout":"default","site-content-style":"default","site-sidebar-style":"default","ast-global-header-display":"","ast-banner-title-visibility":"","ast-main-header-display":"","ast-hfb-above-header-display":"","ast-hfb-below-header-display":"","ast-hfb-mobile-header-display":"","site-post-title":"","ast-breadcrumbs-content":"","ast-featured-img":"","footer-sml-layout":"","ast-disable-related-posts":"","theme-transparent-header-meta":"default","adv-header-id-meta":"","stick-header-meta":"default","header-above-stick-meta":"","header-main-stick-meta":"","header-below-stick-meta":"","astra-migrate-meta-layouts":"set","ast-page-background-enabled":"default","ast-page-background-meta":{"desktop":{"background-color":"var(--ast-global-color-4)","background-image":"","background-repeat":"repeat","background-position":"center center","background-size":"auto","background-attachment":"scroll","background-type":"","background-media":"","overlay-type":"","overlay-color":"","overlay-opacity":"","overlay-gradient":""},"tablet":{"background-color":"","background-image":"","background-repeat":"repeat","background-position":"center center","background-size":"auto","background-attachment":"scroll","background-type":"","background-media":"","overlay-type":"","overlay-color":"","overlay-opacity":"","overlay-gradient":""},"mobile":{"background-color":"","background-image":"","background-repeat":"repeat","background-position":"center center","background-size":"auto","background-attachment":"scroll","background-type":"","background-media":"","overlay-type":"","overlay-color":"","overlay-opacity":"","overlay-gradient":""}},"ast-content-background-meta":{"desktop":{"background-color":"var(--ast-global-color-5)","background-image":"","background-repeat":"repeat","background-position":"center center","background-size":"auto","background-attachment":"scroll","background-type":"","background-media":"","overlay-type":"","overlay-color":"","overlay-opacity":"","overlay-gradient":""},"tablet":{"background-color":"var(--ast-global-color-5)","background-image":"","background-repeat":"repeat","background-position":"center center","background-size":"auto","background-attachment":"scroll","background-type":"","background-media":"","overlay-type":"","overlay-color":"","overlay-opacity":"","overlay-gradient":""},"mobile":{"background-color":"var(--ast-global-color-5)","background-image":"","background-repeat":"repeat","background-position":"center center","background-size":"auto","background-attachment":"scroll","background-type":"","background-media":"","overlay-type":"","overlay-color":"","overlay-opacity":"","overlay-gradient":""}}},"product_brand":[],"product_cat":[724],"product_tag":[1160,1000,1163,1165,1162,1164,804,1158,1159,1161,547,801,1157,1156],"class_list":{"0":"post-2327","1":"product","2":"type-product","3":"status-publish","4":"has-post-thumbnail","6":"product_cat-grinding-machine","7":"product_tag-12-inch-wafer-equipment","8":"product_tag-advanced-packaging-equipment","9":"product_tag-compound-semiconductor-thinning","10":"product_tag-power-device-wafer-equipment","11":"product_tag-precision-wafer-grinder","12":"product_tag-sapphire-wafer-processing","13":"product_tag-semiconductor-grinding-machine","14":"product_tag-si-wafer-thinning","15":"product_tag-sic-wafer-thinning-equipment","16":"product_tag-ttv-control-system","17":"product_tag-ultra-thin-wafer-processing","18":"product_tag-wafer-back-grinding-machine","19":"product_tag-wafer-thinning-equipment","20":"product_tag-wafer-thinning-system","21":"desktop-align-left","22":"tablet-align-left","23":"mobile-align-left","24":"ast-product-gallery-layout-horizontal-slider","25":"ast-product-tabs-layout-horizontal","27":"first","28":"instock","29":"shipping-taxable","30":"product-type-simple"},"_links":{"self":[{"href":"https:\/\/www.zmsh-semitech.com\/tr\/wp-json\/wp\/v2\/product\/2327","targetHints":{"allow":["GET"]}}],"collection":[{"href":"https:\/\/www.zmsh-semitech.com\/tr\/wp-json\/wp\/v2\/product"}],"about":[{"href":"https:\/\/www.zmsh-semitech.com\/tr\/wp-json\/wp\/v2\/types\/product"}],"replies":[{"embeddable":true,"href":"https:\/\/www.zmsh-semitech.com\/tr\/wp-json\/wp\/v2\/comments?post=2327"}],"version-history":[{"count":2,"href":"https:\/\/www.zmsh-semitech.com\/tr\/wp-json\/wp\/v2\/product\/2327\/revisions"}],"predecessor-version":[{"id":2334,"href":"https:\/\/www.zmsh-semitech.com\/tr\/wp-json\/wp\/v2\/product\/2327\/revisions\/2334"}],"wp:featuredmedia":[{"embeddable":true,"href":"https:\/\/www.zmsh-semitech.com\/tr\/wp-json\/wp\/v2\/media\/2330"}],"wp:attachment":[{"href":"https:\/\/www.zmsh-semitech.com\/tr\/wp-json\/wp\/v2\/media?parent=2327"}],"wp:term":[{"taxonomy":"product_brand","embeddable":true,"href":"https:\/\/www.zmsh-semitech.com\/tr\/wp-json\/wp\/v2\/product_brand?post=2327"},{"taxonomy":"product_cat","embeddable":true,"href":"https:\/\/www.zmsh-semitech.com\/tr\/wp-json\/wp\/v2\/product_cat?post=2327"},{"taxonomy":"product_tag","embeddable":true,"href":"https:\/\/www.zmsh-semitech.com\/tr\/wp-json\/wp\/v2\/product_tag?post=2327"}],"curies":[{"name":"wp","href":"https:\/\/api.w.org\/{rel}","templated":true}]}}