{"id":2253,"date":"2026-04-15T05:46:37","date_gmt":"2026-04-15T05:46:37","guid":{"rendered":"https:\/\/www.zmsh-semitech.com\/?post_type=product&#038;p=2253"},"modified":"2026-04-20T01:22:42","modified_gmt":"2026-04-20T01:22:42","slug":"2-inch-quartz-wafer-dsp-ssp-polished-substrate-for-mems-semiconductor-optical-use","status":"publish","type":"product","link":"https:\/\/www.zmsh-semitech.com\/tr\/product\/2-inch-quartz-wafer-dsp-ssp-polished-substrate-for-mems-semiconductor-optical-use\/","title":{"rendered":"MEMS, Yar\u0131 \u0130letken ve Optik Kullan\u0131m i\u00e7in 2 in\u00e7 Kuvars Wafer DSP\/SSP Cilal\u0131 Substrat"},"content":{"rendered":"<h2 data-section-id=\"1bovg99\" data-start=\"217\" data-end=\"240\"><strong data-start=\"220\" data-end=\"240\">\u00dcr\u00fcne Genel Bak\u0131\u015f<\/strong><\/h2>\n<p data-start=\"242\" data-end=\"689\"><img fetchpriority=\"high\" decoding=\"async\" class=\"alignleft wp-image-2132 size-medium\" src=\"https:\/\/www.fuyao-quartz.com\/wp-content\/uploads\/2026\/03\/2-Inch-Quartz-Glass-Wafer-DSP-SSP-Diameter-50.8mm22-300x300.jpg\" alt=\"MEMS, Yar\u0131 \u0130letken ve Optik Kullan\u0131m i\u00e7in 2 in\u00e7 Kuvars Wafer DSP\/SSP Cilal\u0131 Substrat\" width=\"300\" height=\"300\" \/>2 in\u00e7lik kuvars wafer, y\u00fcksek safl\u0131kta silikon dioksitten (SiO\u2082) yap\u0131lm\u0131\u015f yar\u0131 iletken s\u0131n\u0131f\u0131nda bir alt tabakad\u0131r. CNC kesim ve lazerle parlatma gibi hassas i\u015fleme teknikleri sayesinde mikron d\u00fczeyinde d\u00fczl\u00fck elde edilir. Bu gofretler SEMI standartlar\u0131na uygundur ve boyutlarda ve kal\u0131nl\u0131kta \u00f6zelle\u015ftirmeyi destekler (\u00b10,02 mm tolerans), bu da onlar\u0131 optoelektronik, MEMS (Mikro-Elektro-Mekanik Sistemler) ve yar\u0131 iletken paketleme i\u00e7in uygun hale getirir.<\/p>\n<p data-start=\"691\" data-end=\"1119\">Fuyao, serbest bi\u00e7imli \u015fekiller, kademeli kal\u0131nl\u0131k ve Anti-Reflektif (AR) kaplamalar ve hidrofobik filmler gibi geli\u015fmi\u015f y\u00fczey i\u015flemleri dahil olmak \u00fczere standart olmayan geometriler i\u00e7in \u00f6zelle\u015ftirilmi\u015f \u00fcretim sa\u011flar. Tam s\u00fcre\u00e7 kalite kontrol\u00fc, toplam kal\u0131nl\u0131k varyasyonunun (TTV) &lt;0,005 mm ve y\u00fczey p\u00fcr\u00fczl\u00fcl\u00fc\u011f\u00fcn\u00fcn Ra &lt;1,5 nm olmas\u0131n\u0131 sa\u011flar. Zamana duyarl\u0131 projeler i\u00e7in k\u00fc\u00e7\u00fck parti prototipleme (minimum 10 birim) ve h\u0131zl\u0131 teslimat se\u00e7enekleri mevcuttur.<\/p>\n<h1 data-section-id=\"w7qc3s\" data-start=\"1126\" data-end=\"1146\"><strong data-start=\"1128\" data-end=\"1146\">Teknik \u00d6zellikler<\/strong><\/h1>\n<table class=\"w-fit min-w-(--thread-content-width)\" data-start=\"1148\" data-end=\"1633\">\n<thead data-start=\"1148\" data-end=\"1177\">\n<tr data-start=\"1148\" data-end=\"1177\">\n<th class=\"\" data-start=\"1148\" data-end=\"1160\" data-col-size=\"sm\">Parametre<\/th>\n<th class=\"\" data-start=\"1160\" data-end=\"1177\" data-col-size=\"sm\">\u015eartname<\/th>\n<\/tr>\n<\/thead>\n<tbody data-start=\"1188\" data-end=\"1633\">\n<tr data-start=\"1188\" data-end=\"1219\">\n<td data-start=\"1188\" data-end=\"1199\" data-col-size=\"sm\">\u00c7ap<\/td>\n<td data-col-size=\"sm\" data-start=\"1199\" data-end=\"1219\">2 in\u00e7 (50,8 mm)<\/td>\n<\/tr>\n<tr data-start=\"1220\" data-end=\"1257\">\n<td data-start=\"1220\" data-end=\"1238\" data-col-size=\"sm\">Kal\u0131nl\u0131k Aral\u0131\u011f\u0131<\/td>\n<td data-col-size=\"sm\" data-start=\"1238\" data-end=\"1257\">0,1 mm - 1,0 mm<\/td>\n<\/tr>\n<tr data-start=\"1258\" data-end=\"1287\">\n<td data-start=\"1258\" data-end=\"1276\" data-col-size=\"sm\">Malzeme Safl\u0131\u011f\u0131<\/td>\n<td data-col-size=\"sm\" data-start=\"1276\" data-end=\"1287\">\u226599,99%<\/td>\n<\/tr>\n<tr data-start=\"1288\" data-end=\"1322\">\n<td data-start=\"1288\" data-end=\"1313\" data-col-size=\"sm\">Y\u00fczey P\u00fcr\u00fczl\u00fcl\u00fc\u011f\u00fc (Ra)<\/td>\n<td data-col-size=\"sm\" data-start=\"1313\" data-end=\"1322\">\u22645 nm<\/td>\n<\/tr>\n<tr data-start=\"1323\" data-end=\"1361\">\n<td data-start=\"1323\" data-end=\"1351\" data-col-size=\"sm\">Toplam Kal\u0131nl\u0131k De\u011fi\u015fimi<\/td>\n<td data-col-size=\"sm\" data-start=\"1351\" data-end=\"1361\">\u226410 \u03bcm<\/td>\n<\/tr>\n<tr data-start=\"1362\" data-end=\"1396\">\n<td data-start=\"1362\" data-end=\"1388\" data-col-size=\"sm\">Ge\u00e7irgenlik (@193 nm)<\/td>\n<td data-col-size=\"sm\" data-start=\"1388\" data-end=\"1396\">&gt;90%<\/td>\n<\/tr>\n<tr data-start=\"1397\" data-end=\"1449\">\n<td data-start=\"1397\" data-end=\"1432\" data-col-size=\"sm\">Termal Genle\u015fme Katsay\u0131s\u0131<\/td>\n<td data-col-size=\"sm\" data-start=\"1432\" data-end=\"1449\">~0.55\u00d710-\u2076\/\u00b0C<\/td>\n<\/tr>\n<tr data-start=\"1450\" data-end=\"1479\">\n<td data-start=\"1450\" data-end=\"1468\" data-col-size=\"sm\">Yumu\u015fama Noktas\u0131<\/td>\n<td data-col-size=\"sm\" data-start=\"1468\" data-end=\"1479\">~1665\u00b0C<\/td>\n<\/tr>\n<tr data-start=\"1480\" data-end=\"1515\">\n<td data-start=\"1480\" data-end=\"1492\" data-col-size=\"sm\">Paketleme<\/td>\n<td data-col-size=\"sm\" data-start=\"1492\" data-end=\"1515\">100 Seviye Temiz Oda<\/td>\n<\/tr>\n<\/tbody>\n<\/table>\n<div class=\"TyagGW_tableContainer\">\n<div class=\"group TyagGW_tableWrapper flex flex-col-reverse w-fit\" tabindex=\"-1\"><strong style=\"font-size: 2em;\" data-start=\"1642\" data-end=\"1665\">Temel \u00d6zellikler<\/strong><\/div>\n<\/div>\n<p data-start=\"1667\" data-end=\"1689\">1 Optik M\u00fckemmellik<\/p>\n<ul data-start=\"1690\" data-end=\"1956\">\n<li data-section-id=\"nemsbs\" data-start=\"1690\" data-end=\"1818\">\n<p data-start=\"1692\" data-end=\"1818\">Geni\u015f Spektrumlu Ge\u00e7irgenlik: Ultraviyole aral\u0131\u011f\u0131nda (185-3500 nm) &gt;90%, \u00fcst\u00fcn k\u0131sa dalga UV performans\u0131 (185 nm).<img decoding=\"async\" class=\"size-medium wp-image-2133 alignright\" src=\"https:\/\/www.fuyao-quartz.com\/wp-content\/uploads\/2026\/03\/2-Inch-Quartz-Glass-Wafer-DSP-SSP-Diameter-50.8mm11-300x300.jpg\" alt=\"2 in\u00e7 kuvars cam gofret dsp ssp \u00e7ap\u0131 50,8 mm\" width=\"300\" height=\"300\" \/><\/p>\n<\/li>\n<li data-section-id=\"1up6lta\" data-start=\"1819\" data-end=\"1956\">\n<p data-start=\"1821\" data-end=\"1956\">D\u00fc\u015f\u00fck Termal Genle\u015fme: CTE ~0,52\u00d710-\u2076\/\u00b0C (5-35\u00b0C), 1100\u00b0C'ye kadar uzun s\u00fcreli s\u0131cakl\u0131klara ve 1450\u00b0C'ye kadar k\u0131sa s\u00fcreli maruziyete dayanabilir.<\/p>\n<\/li>\n<\/ul>\n<p data-start=\"1958\" data-end=\"1995\">2 Mekanik ve Kimyasal Stabilite<\/p>\n<ul data-start=\"1996\" data-end=\"2190\">\n<li data-section-id=\"xr75lz\" data-start=\"1996\" data-end=\"2082\">\n<p data-start=\"1998\" data-end=\"2082\">Y\u00fcksek Mukavemet: Standart camdan 2-3 kat daha y\u00fcksek e\u011filme dayan\u0131m\u0131, Mohs sertli\u011fi 7.<\/p>\n<\/li>\n<li data-section-id=\"qdqhw0\" data-start=\"2083\" data-end=\"2190\">\n<p data-start=\"2085\" data-end=\"2190\">Korozyon Direnci: Seramiklere g\u00f6re 30 kat daha y\u00fcksek asit direnci, zorlu kimyasal ortamlar i\u00e7in uygundur.<\/p>\n<\/li>\n<\/ul>\n<p data-start=\"2192\" data-end=\"2217\">3 Elektrik \u0130zolasyonu<\/p>\n<ul data-start=\"2218\" data-end=\"2332\">\n<li data-section-id=\"q09nlj\" data-start=\"2218\" data-end=\"2332\">\n<p data-start=\"2220\" data-end=\"2332\">Y\u00fcksek frekanslarda d\u00fc\u015f\u00fck dielektrik kayb\u0131 ile 10\u00b9\u2078 \u03a9-cm'yi a\u015fan \u00f6zdiren\u00e7, RF devreleri ve sens\u00f6rler i\u00e7in idealdir.<\/p>\n<\/li>\n<\/ul>\n<h1 data-section-id=\"1suq60z\" data-start=\"2339\" data-end=\"2365\"><strong data-start=\"2341\" data-end=\"2365\">Birincil Uygulamalar<\/strong><\/h1>\n<p data-start=\"2367\" data-end=\"2398\">1 Yar\u0131 \u0130letken \u00dcretimi<\/p>\n<ul data-start=\"2399\" data-end=\"2642\">\n<li data-section-id=\"ay8lkm\" data-start=\"2399\" data-end=\"2524\">\n<p data-start=\"2401\" data-end=\"2524\">CMOS g\u00f6r\u00fcnt\u00fc sens\u00f6rleri ve RFID \u00e7ip paketlemesi i\u00e7in alt tabakalar, daha y\u00fcksek entegrasyon i\u00e7in gofret d\u00fczeyinde paketlemeyi (WLP) destekler.<\/p>\n<\/li>\n<li data-section-id=\"mkidgm\" data-start=\"2525\" data-end=\"2642\">\n<p data-start=\"2527\" data-end=\"2642\">Mikro bile\u015fenler i\u00e7in yap\u0131sal stabilite sa\u011flayan MEMS cihaz substratlar\u0131 (\u00f6rn. bas\u0131n\u00e7 sens\u00f6rleri, ivme\u00f6l\u00e7erler).<\/p>\n<\/li>\n<\/ul>\n<p data-start=\"2644\" data-end=\"2670\">2 Optoelektronik Sistemler<\/p>\n<ul data-start=\"2671\" data-end=\"2841\">\n<li data-section-id=\"105rzi4\" data-start=\"2671\" data-end=\"2769\">\n<p data-start=\"2673\" data-end=\"2769\">UV lazer pencereleri ve fiber-optik ileti\u015fim kupl\u00f6rleri, m\u00fckemmel UV iletiminden yararlan\u0131r.<\/p>\n<\/li>\n<li data-section-id=\"1e9auxg\" data-start=\"2770\" data-end=\"2841\">\n<p data-start=\"2772\" data-end=\"2841\">Radyasyona ve termal d\u00f6ng\u00fcye dayan\u0131kl\u0131 havac\u0131l\u0131k optik pencereleri.<\/p>\n<\/li>\n<\/ul>\n<p data-start=\"2843\" data-end=\"2867\">3 T\u0131bbi ve Ara\u015ft\u0131rma<\/p>\n<ul data-start=\"2868\" data-end=\"3001\">\n<li data-section-id=\"kj96yb\" data-start=\"2868\" data-end=\"2939\">\n<p data-start=\"2870\" data-end=\"2939\">Endoskopik g\u00f6r\u00fcnt\u00fcleme sistemleri i\u00e7in y\u00fcksek s\u0131cakl\u0131kta optik bile\u015fenler.<\/p>\n<\/li>\n<li data-section-id=\"18y49e0\" data-start=\"2940\" data-end=\"3001\">\n<p data-start=\"2942\" data-end=\"3001\">Laboratuvar reakt\u00f6rleri i\u00e7in \u0131s\u0131ya dayan\u0131kl\u0131 g\u00f6zlem pencereleri.<\/p>\n<\/li>\n<\/ul>\n<p data-start=\"3003\" data-end=\"3039\">4 \u00d6zel Kuvars Pencere Plakas\u0131<\/p>\n<ul data-start=\"3040\" data-end=\"3372\">\n<li data-section-id=\"toaotg\" data-start=\"3040\" data-end=\"3102\">\n<p data-start=\"3042\" data-end=\"3102\">Serbest bi\u00e7imli y\u00fczeyler, asimetrik a\u00e7\u0131kl\u0131klar, kademeli kal\u0131nl\u0131k.<\/p>\n<\/li>\n<li data-section-id=\"17bkuwy\" data-start=\"3103\" data-end=\"3156\">\n<p data-start=\"3105\" data-end=\"3156\">Yans\u0131ma kay\u0131plar\u0131n\u0131 en aza indirmek i\u00e7in a\u00e7\u0131l\u0131 kesilmi\u015f pencereler.<\/p>\n<\/li>\n<li data-section-id=\"hue61i\" data-start=\"3157\" data-end=\"3211\">\n<p data-start=\"3159\" data-end=\"3211\">\u00c7oklu sens\u00f6r entegrasyonu i\u00e7in delikli pencereler.<\/p>\n<\/li>\n<li data-section-id=\"hhfdk8\" data-start=\"3212\" data-end=\"3372\">\n<p data-start=\"3214\" data-end=\"3372\">H\u0131zl\u0131 prototipleme: Numuneler i\u00e7in 3-5 g\u00fcn, &lt;500 birimlik k\u00fc\u00e7\u00fck partiler, ara\u015ft\u0131rma ve askeri uygulamalar i\u00e7in iste\u011fe ba\u011fl\u0131 vakum kaplamalar (AR veya yans\u0131t\u0131c\u0131 kaplamalar).<\/p>\n<\/li>\n<\/ul>\n<h1 data-section-id=\"1iusff4\" data-start=\"3379\" data-end=\"3388\"><strong data-start=\"3381\" data-end=\"3388\">SSS<\/strong><\/h1>\n<p data-start=\"3390\" data-end=\"3791\"><strong>1 Neden 2 in\u00e7 kuvars gofretleri se\u00e7melisiniz?<\/strong><br data-start=\"3423\" data-end=\"3426\" \/>2 in\u00e7lik kuvars gofretler, y\u00fcksek safl\u0131kta silikon dioksitten (SiO\u2082) yap\u0131lm\u0131\u015f yar\u0131 iletken s\u0131n\u0131f substratlard\u0131r. Hassas CNC kesim ve lazer parlatma kullan\u0131larak mikron d\u00fczeyinde d\u00fczl\u00fck elde edilir. Bu gofretler boyutlarda ve kal\u0131nl\u0131kta (\u00b10,02 mm) \u00f6zelle\u015ftirmeyi destekler ve SEMI standartlar\u0131na uygundur, bu da onlar\u0131 optoelektronik, MEMS ve yar\u0131 iletken paketleme i\u00e7in ideal hale getirir.<\/p>\n<p data-start=\"3793\" data-end=\"4146\"><strong>2 2 in\u00e7lik kuvars gofretlerin ba\u015fl\u0131ca uygulamalar\u0131 nelerdir?<\/strong><br data-start=\"3852\" data-end=\"3855\" \/>\u00d6ncelikle yar\u0131 iletken \u00fcretiminde (CMOS g\u00f6r\u00fcnt\u00fc sens\u00f6rleri, RFID \u00e7ip paketleme), UV lazer pencerelerinde, fiber optik ileti\u015fim kupl\u00f6rlerinde ve havac\u0131l\u0131k optik bile\u015fenlerinde kullan\u0131l\u0131rlar. Anti-Reflektif kaplamalar gibi \u00f6zel y\u00fczey i\u015flemleri, y\u00fcksek hassasiyetli sistemlerde performans\u0131 art\u0131r\u0131r.<\/p>","protected":false},"excerpt":{"rendered":"<p>2 in\u00e7lik kuvars wafer, y\u00fcksek safl\u0131kta silikon dioksitten (SiO\u2082) yap\u0131lm\u0131\u015f yar\u0131 iletken s\u0131n\u0131f\u0131nda bir alt tabakad\u0131r. CNC kesim ve lazerle parlatma gibi hassas i\u015fleme teknikleri sayesinde mikron d\u00fczeyinde d\u00fczl\u00fck elde edilir. Bu gofretler SEMI standartlar\u0131na uygundur ve boyutlarda ve kal\u0131nl\u0131kta \u00f6zelle\u015ftirmeyi destekler (\u00b10,02 mm tolerans), bu da onlar\u0131 optoelektronik, MEMS (Mikro-Elektro-Mekanik Sistemler) ve yar\u0131 iletken paketleme i\u00e7in uygun hale getirir.<\/p>","protected":false},"featured_media":2272,"comment_status":"open","ping_status":"closed","template":"","meta":{"site-sidebar-layout":"default","site-content-layout":"","ast-site-content-layout":"default","site-content-style":"default","site-sidebar-style":"default","ast-global-header-display":"","ast-banner-title-visibility":"","ast-main-header-display":"","ast-hfb-above-header-display":"","ast-hfb-below-header-display":"","ast-hfb-mobile-header-display":"","site-post-title":"","ast-breadcrumbs-content":"","ast-featured-img":"","footer-sml-layout":"","ast-disable-related-posts":"","theme-transparent-header-meta":"default","adv-header-id-meta":"","stick-header-meta":"default","header-above-stick-meta":"","header-main-stick-meta":"","header-below-stick-meta":"","astra-migrate-meta-layouts":"set","ast-page-background-enabled":"default","ast-page-background-meta":{"desktop":{"background-color":"var(--ast-global-color-4)","background-image":"","background-repeat":"repeat","background-position":"center center","background-size":"auto","background-attachment":"scroll","background-type":"","background-media":"","overlay-type":"","overlay-color":"","overlay-opacity":"","overlay-gradient":""},"tablet":{"background-color":"","background-image":"","background-repeat":"repeat","background-position":"center center","background-size":"auto","background-attachment":"scroll","background-type":"","background-media":"","overlay-type":"","overlay-color":"","overlay-opacity":"","overlay-gradient":""},"mobile":{"background-color":"","background-image":"","background-repeat":"repeat","background-position":"center center","background-size":"auto","background-attachment":"scroll","background-type":"","background-media":"","overlay-type":"","overlay-color":"","overlay-opacity":"","overlay-gradient":""}},"ast-content-background-meta":{"desktop":{"background-color":"var(--ast-global-color-5)","background-image":"","background-repeat":"repeat","background-position":"center center","background-size":"auto","background-attachment":"scroll","background-type":"","background-media":"","overlay-type":"","overlay-color":"","overlay-opacity":"","overlay-gradient":""},"tablet":{"background-color":"var(--ast-global-color-5)","background-image":"","background-repeat":"repeat","background-position":"center center","background-size":"auto","background-attachment":"scroll","background-type":"","background-media":"","overlay-type":"","overlay-color":"","overlay-opacity":"","overlay-gradient":""},"mobile":{"background-color":"var(--ast-global-color-5)","background-image":"","background-repeat":"repeat","background-position":"center center","background-size":"auto","background-attachment":"scroll","background-type":"","background-media":"","overlay-type":"","overlay-color":"","overlay-opacity":"","overlay-gradient":""}}},"product_brand":[],"product_cat":[729],"product_tag":[1050,1051,1052,1053,1054,1055,1056,1057,1058,1059,1060,1061,1062,1063,1064,1065,1066,1067,1068,1069],"class_list":{"0":"post-2253","1":"product","2":"type-product","3":"status-publish","4":"has-post-thumbnail","6":"product_cat-wafer","7":"product_tag-2-inch-quartz-wafer","8":"product_tag-50-8mm-quartz-wafer","9":"product_tag-anti-reflective-coated-quartz","10":"product_tag-cmos-wafer","11":"product_tag-custom-quartz-wafer","12":"product_tag-dsp-quartz-wafer","13":"product_tag-fused-silica-wafer","14":"product_tag-high-purity-quartz-wafer","15":"product_tag-high-temperature-quartz-wafer","16":"product_tag-laboratory-quartz-window","17":"product_tag-mems-substrate","18":"product_tag-optical-quartz-wafer","19":"product_tag-precision-quartz-substrate","20":"product_tag-quartz-glass-wafer","21":"product_tag-quartz-wafer-for-photolithography","22":"product_tag-rfid-chip-wafer","23":"product_tag-semiconductor-quartz-wafer","24":"product_tag-ssp-quartz-wafer","25":"product_tag-thin-quartz-wafer","26":"product_tag-uv-quartz-wafer","27":"desktop-align-left","28":"tablet-align-left","29":"mobile-align-left","30":"ast-product-gallery-layout-horizontal-slider","31":"ast-product-tabs-layout-horizontal","33":"first","34":"instock","35":"shipping-taxable","36":"product-type-simple"},"_links":{"self":[{"href":"https:\/\/www.zmsh-semitech.com\/tr\/wp-json\/wp\/v2\/product\/2253","targetHints":{"allow":["GET"]}}],"collection":[{"href":"https:\/\/www.zmsh-semitech.com\/tr\/wp-json\/wp\/v2\/product"}],"about":[{"href":"https:\/\/www.zmsh-semitech.com\/tr\/wp-json\/wp\/v2\/types\/product"}],"replies":[{"embeddable":true,"href":"https:\/\/www.zmsh-semitech.com\/tr\/wp-json\/wp\/v2\/comments?post=2253"}],"version-history":[{"count":4,"href":"https:\/\/www.zmsh-semitech.com\/tr\/wp-json\/wp\/v2\/product\/2253\/revisions"}],"predecessor-version":[{"id":2271,"href":"https:\/\/www.zmsh-semitech.com\/tr\/wp-json\/wp\/v2\/product\/2253\/revisions\/2271"}],"wp:featuredmedia":[{"embeddable":true,"href":"https:\/\/www.zmsh-semitech.com\/tr\/wp-json\/wp\/v2\/media\/2272"}],"wp:attachment":[{"href":"https:\/\/www.zmsh-semitech.com\/tr\/wp-json\/wp\/v2\/media?parent=2253"}],"wp:term":[{"taxonomy":"product_brand","embeddable":true,"href":"https:\/\/www.zmsh-semitech.com\/tr\/wp-json\/wp\/v2\/product_brand?post=2253"},{"taxonomy":"product_cat","embeddable":true,"href":"https:\/\/www.zmsh-semitech.com\/tr\/wp-json\/wp\/v2\/product_cat?post=2253"},{"taxonomy":"product_tag","embeddable":true,"href":"https:\/\/www.zmsh-semitech.com\/tr\/wp-json\/wp\/v2\/product_tag?post=2253"}],"curies":[{"name":"wp","href":"https:\/\/api.w.org\/{rel}","templated":true}]}}