{"id":2234,"date":"2026-04-15T05:17:06","date_gmt":"2026-04-15T05:17:06","guid":{"rendered":"https:\/\/www.zmsh-semitech.com\/?post_type=product&#038;p=2234"},"modified":"2026-04-15T05:19:03","modified_gmt":"2026-04-15T05:19:03","slug":"sapphire-wafer-blanks-high-purity-raw-sapphire-substrate-for-precision-processing","status":"publish","type":"product","link":"https:\/\/www.zmsh-semitech.com\/tr\/product\/sapphire-wafer-blanks-high-purity-raw-sapphire-substrate-for-precision-processing\/","title":{"rendered":"Safir Gofret Bo\u015fluklar\u0131 - Hassas \u0130\u015fleme i\u00e7in Y\u00fcksek Safl\u0131kta Ham Safir Y\u00fczey"},"content":{"rendered":"<p data-start=\"379\" data-end=\"773\"><img fetchpriority=\"high\" decoding=\"async\" class=\"alignright wp-image-2238 size-medium\" src=\"https:\/\/www.zmsh-semitech.com\/wp-content\/uploads\/2026\/04\/sapphire_wafer_blank_high_purity_raw_sapphire_substrate_for_processing1-300x300.webp\" alt=\"Safir Gofret Bo\u015fluklar\u0131 - Hassas \u0130\u015fleme i\u00e7in Y\u00fcksek Safl\u0131kta Ham Safir Y\u00fczey\" width=\"300\" height=\"300\" srcset=\"https:\/\/www.zmsh-semitech.com\/wp-content\/uploads\/2026\/04\/sapphire_wafer_blank_high_purity_raw_sapphire_substrate_for_processing1-300x300.webp 300w, https:\/\/www.zmsh-semitech.com\/wp-content\/uploads\/2026\/04\/sapphire_wafer_blank_high_purity_raw_sapphire_substrate_for_processing1-150x150.webp 150w, https:\/\/www.zmsh-semitech.com\/wp-content\/uploads\/2026\/04\/sapphire_wafer_blank_high_purity_raw_sapphire_substrate_for_processing1-768x768.webp 768w, https:\/\/www.zmsh-semitech.com\/wp-content\/uploads\/2026\/04\/sapphire_wafer_blank_high_purity_raw_sapphire_substrate_for_processing1-12x12.webp 12w, https:\/\/www.zmsh-semitech.com\/wp-content\/uploads\/2026\/04\/sapphire_wafer_blank_high_purity_raw_sapphire_substrate_for_processing1-600x600.webp 600w, https:\/\/www.zmsh-semitech.com\/wp-content\/uploads\/2026\/04\/sapphire_wafer_blank_high_purity_raw_sapphire_substrate_for_processing1-100x100.webp 100w, https:\/\/www.zmsh-semitech.com\/wp-content\/uploads\/2026\/04\/sapphire_wafer_blank_high_purity_raw_sapphire_substrate_for_processing1.webp 800w\" sizes=\"(max-width: 300px) 100vw, 300px\" \/>Safir yonga plakas\u0131 bo\u015fluklar\u0131, geli\u015fmi\u015f tel testere teknolojisi kullan\u0131larak do\u011frudan safir bobinlerden elde edilen y\u00fcksek safl\u0131kta, kesilmi\u015f tek kristalli al\u00fcminyum oksit (Al\u2082O\u2083) alt tabakalard\u0131r. Bitmi\u015f gofretlerin aksine, bu alt tabakalar ham ve i\u015flenmemi\u015f halde teslim edilir, yani y\u00fczey testere izlerini korur ve lepleme, parlatma veya kimyasal mekanik d\u00fczle\u015ftirme (CMP) i\u015flemlerinden ge\u00e7memi\u015ftir.<\/p>\n<p data-start=\"817\" data-end=\"1087\">Bu safir formu, sonraki kullan\u0131c\u0131lar\u0131n y\u00fczey bitirme, kristalografik y\u00f6nlendirme hizalamas\u0131 ve kal\u0131nl\u0131k hassasiyeti \u00fczerinde tam kontrol gerektirdi\u011fi yar\u0131 iletken, optik ve y\u00fcksek s\u0131cakl\u0131k m\u00fchendisli\u011fi end\u00fcstrilerinde ba\u015flang\u0131\u00e7 malzemesi olarak yayg\u0131n \u015fekilde kullan\u0131lmaktad\u0131r.<\/p>\n<p data-start=\"1089\" data-end=\"1527\">Safir (\u03b1-Al\u2082O\u2083) bilinen en sert m\u00fchendislik malzemelerinden biridir ve Mohs sertlik \u00f6l\u00e7e\u011finde 9. s\u0131rada yer alarak elmastan sonra ikinci s\u0131radad\u0131r. A\u015f\u0131nmaya, termal \u015foka ve kimyasal korozyona kar\u015f\u0131 m\u00fckemmel diren\u00e7 g\u00f6sterir, bu da onu a\u015f\u0131r\u0131 i\u015fleme ortamlar\u0131 i\u00e7in son derece uygun hale getirir. Bu \u00f6zellikler, safir gofret bo\u015fluklar\u0131n\u0131n hem end\u00fcstriyel \u00fcretim hatlar\u0131nda hem de ileri ara\u015ft\u0131rma laboratuvarlar\u0131nda istikrarl\u0131 bir temel malzeme olarak hizmet etmesini sa\u011flar.<\/p>\n<hr data-start=\"1529\" data-end=\"1532\" \/>\n<h2 data-section-id=\"ojepy8\" data-start=\"1534\" data-end=\"1565\"><span role=\"text\"><img decoding=\"async\" class=\"alignright wp-image-2237 size-medium\" src=\"https:\/\/www.zmsh-semitech.com\/wp-content\/uploads\/2026\/04\/sapphire_wafer_blank_high_purity_raw_sapphire_substrate_for_processing2-300x300.webp\" alt=\"Safir Gofret Bo\u015fluklar\u0131 - Hassas \u0130\u015fleme i\u00e7in Y\u00fcksek Safl\u0131kta Ham Safir Y\u00fczey\" width=\"300\" height=\"300\" srcset=\"https:\/\/www.zmsh-semitech.com\/wp-content\/uploads\/2026\/04\/sapphire_wafer_blank_high_purity_raw_sapphire_substrate_for_processing2-300x300.webp 300w, https:\/\/www.zmsh-semitech.com\/wp-content\/uploads\/2026\/04\/sapphire_wafer_blank_high_purity_raw_sapphire_substrate_for_processing2-150x150.webp 150w, https:\/\/www.zmsh-semitech.com\/wp-content\/uploads\/2026\/04\/sapphire_wafer_blank_high_purity_raw_sapphire_substrate_for_processing2-768x768.webp 768w, https:\/\/www.zmsh-semitech.com\/wp-content\/uploads\/2026\/04\/sapphire_wafer_blank_high_purity_raw_sapphire_substrate_for_processing2-12x12.webp 12w, https:\/\/www.zmsh-semitech.com\/wp-content\/uploads\/2026\/04\/sapphire_wafer_blank_high_purity_raw_sapphire_substrate_for_processing2-600x600.webp 600w, https:\/\/www.zmsh-semitech.com\/wp-content\/uploads\/2026\/04\/sapphire_wafer_blank_high_purity_raw_sapphire_substrate_for_processing2-100x100.webp 100w, https:\/\/www.zmsh-semitech.com\/wp-content\/uploads\/2026\/04\/sapphire_wafer_blank_high_purity_raw_sapphire_substrate_for_processing2.webp 800w\" sizes=\"(max-width: 300px) 100vw, 300px\" \/>Malzeme \u00d6zellikleri<\/span><\/h2>\n<p data-start=\"1567\" data-end=\"1829\">Safir gofret bo\u015fluklar\u0131, \u2265 99,99% safl\u0131kta tek kristalli al\u00fcminyum oksitten olu\u015fur ve y\u00fcksek yap\u0131sal tutarl\u0131l\u0131k ve minimum safs\u0131zl\u0131k kaynakl\u0131 kafes kusurlar\u0131 sa\u011flar. Bu, epitaksiyel b\u00fcy\u00fcme veya optik iletim i\u00e7eren uygulamalar i\u00e7in kritik \u00f6neme sahiptir.<\/p>\n<p data-start=\"1831\" data-end=\"1863\">Temel malzeme \u00f6zellikleri \u015funlard\u0131r:<\/p>\n<ul data-start=\"1865\" data-end=\"2170\">\n<li data-section-id=\"1h84phi\" data-start=\"1865\" data-end=\"1905\">Y\u00fcksek sertlik ve \u00e7izilme direnci<\/li>\n<li data-section-id=\"dzbd9u\" data-start=\"1906\" data-end=\"1975\">Y\u00fcksek s\u0131cakl\u0131klarda m\u00fckemmel termal iletkenlik ve kararl\u0131l\u0131k<\/li>\n<li data-section-id=\"1biq2rl\" data-start=\"1976\" data-end=\"2040\">Asitlere, alkalilere ve plazma ortamlar\u0131na kar\u015f\u0131 g\u00fc\u00e7l\u00fc diren\u00e7<\/li>\n<li data-section-id=\"1m8mtf9\" data-start=\"2041\" data-end=\"2103\">Geni\u015f optik iletim aral\u0131\u011f\u0131 (parlatma sonras\u0131 UV'den IR'ye)<\/li>\n<li data-section-id=\"1u7e7u1\" data-start=\"2104\" data-end=\"2170\">Stres ve titre\u015fim ko\u015fullar\u0131 alt\u0131nda y\u00fcksek mekanik dayan\u0131m<\/li>\n<\/ul>\n<p data-start=\"2172\" data-end=\"2342\">Bu \u00f6zellikler, silikon veya cam alt tabakalar\u0131n stres veya s\u0131cakl\u0131k s\u0131n\u0131rlamalar\u0131 alt\u0131nda ba\u015far\u0131s\u0131z oldu\u011fu ortamlarda safir gofret bo\u015fluklar\u0131n\u0131 \u00f6zellikle de\u011ferli k\u0131lmaktad\u0131r.<\/p>\n<hr data-start=\"2344\" data-end=\"2347\" \/>\n<h2 data-section-id=\"1alkwpa\" data-start=\"2349\" data-end=\"2377\"><span role=\"text\"><img decoding=\"async\" class=\"size-medium wp-image-2239 alignright\" src=\"https:\/\/www.zmsh-semitech.com\/wp-content\/uploads\/2026\/04\/20240819154539_19680-300x300.jpg\" alt=\"\" width=\"300\" height=\"300\" srcset=\"https:\/\/www.zmsh-semitech.com\/wp-content\/uploads\/2026\/04\/20240819154539_19680-300x300.jpg 300w, https:\/\/www.zmsh-semitech.com\/wp-content\/uploads\/2026\/04\/20240819154539_19680-150x150.jpg 150w, https:\/\/www.zmsh-semitech.com\/wp-content\/uploads\/2026\/04\/20240819154539_19680-12x12.jpg 12w, https:\/\/www.zmsh-semitech.com\/wp-content\/uploads\/2026\/04\/20240819154539_19680-600x600.jpg 600w, https:\/\/www.zmsh-semitech.com\/wp-content\/uploads\/2026\/04\/20240819154539_19680-100x100.jpg 100w, https:\/\/www.zmsh-semitech.com\/wp-content\/uploads\/2026\/04\/20240819154539_19680.jpg 680w\" sizes=\"(max-width: 300px) 100vw, 300px\" \/>\u00dcretim S\u00fcreci<\/span><\/h2>\n<p data-start=\"2421\" data-end=\"2496\">Safir gofret bo\u015fluklar\u0131 kontroll\u00fc bir end\u00fcstriyel s\u00fcre\u00e7le \u00fcretilir:<\/p>\n<ol data-start=\"2498\" data-end=\"3060\">\n<li data-section-id=\"dne7b4\" data-start=\"2498\" data-end=\"2680\">Kristal B\u00fcy\u00fctme - Safir bouleler, Kyropoulos veya \u0131s\u0131 de\u011fi\u015fim teknikleri gibi y\u00f6ntemler kullan\u0131larak b\u00fcy\u00fct\u00fcl\u00fcr ve kontroll\u00fc kusur yo\u011funlu\u011funa sahip b\u00fcy\u00fck tek kristal k\u00fcl\u00e7eler elde edilir.<\/li>\n<li data-section-id=\"72bozn\" data-start=\"2681\" data-end=\"2815\">Y\u00f6nlendirme Kesimi - Boules, kristalografik d\u00fczlemlere (C-d\u00fczlemi, A-d\u00fczlemi, R-d\u00fczlemi, M-d\u00fczlemi) g\u00f6re hassas bir \u015fekilde hizalan\u0131r.<\/li>\n<li data-section-id=\"da5a28\" data-start=\"2816\" data-end=\"2943\">Tel Testere Dilimleme - K\u00fcl\u00e7e, elmas tel testereler kullan\u0131larak gofret \u015feklindeki bo\u015fluklara dilimlenir ve sonu\u00e7ta kesilmi\u015f y\u00fczeyler elde edilir.<\/li>\n<li data-section-id=\"1d6frix\" data-start=\"2944\" data-end=\"3060\">Temizlik ve Muayene - Her i\u015flenmemi\u015f gofret \u00e7atlaklar, kenar b\u00fct\u00fcnl\u00fc\u011f\u00fc ve kal\u0131nl\u0131k homojenli\u011fi a\u00e7\u0131s\u0131ndan incelenir.<\/li>\n<\/ol>\n<p data-start=\"3062\" data-end=\"3201\">Bu a\u015famada \u00fcr\u00fcn, sonraki \u00fcretim s\u00fcre\u00e7leri i\u00e7in esnek bir hammadde g\u00f6revi g\u00f6rmesi amac\u0131yla kas\u0131tl\u0131 olarak cilalanmadan b\u0131rak\u0131l\u0131r.<\/p>\n<hr data-start=\"3203\" data-end=\"3206\" \/>\n<h2 data-section-id=\"1j5qwet\" data-start=\"3208\" data-end=\"3227\"><span role=\"text\">Temel \u00d6zellikler<\/span><\/h2>\n<ul data-start=\"3229\" data-end=\"3708\">\n<li data-section-id=\"bp44jf\" data-start=\"3229\" data-end=\"3290\">Ultra y\u00fcksek safl\u0131kta tek kristal safir (\u226599,99% Al\u2082O\u2083)<\/li>\n<li data-section-id=\"n4zrbf\" data-start=\"3291\" data-end=\"3362\">Standart yar\u0131 iletken yonga plakas\u0131 boyutlar\u0131nda mevcuttur: 2\u201d, 3\u201d, 4\u201d, 6\u201d, 8\u201d<\/li>\n<li data-section-id=\"sd0rj\" data-start=\"3363\" data-end=\"3421\">\u00d6zel kal\u0131nl\u0131k aral\u0131\u011f\u0131 0,5 mm ila 3,0 mm veya \u00f6tesi<\/li>\n<li data-section-id=\"yovwq5\" data-start=\"3422\" data-end=\"3505\">Farkl\u0131 optik ve elektronik uygulamalar i\u00e7in \u00e7oklu kristal oryantasyonlar\u0131<\/li>\n<li data-section-id=\"1vn9hfs\" data-start=\"3506\" data-end=\"3575\">\u00d6zel lepleme ve CMP i\u015fleme i\u00e7in ideal ham tel kesimli y\u00fczey<\/li>\n<li data-section-id=\"1g6tkst\" data-start=\"3576\" data-end=\"3641\">Mekanik ve termal stres alt\u0131nda y\u00fcksek yap\u0131sal kararl\u0131l\u0131k<\/li>\n<li data-section-id=\"19xgigt\" data-start=\"3642\" data-end=\"3708\">End\u00fcstriyel \u00f6l\u00e7ekte \u00fcretime uygun tutarl\u0131 kalite<\/li>\n<\/ul>\n<hr data-start=\"3710\" data-end=\"3713\" \/>\n<h2 data-section-id=\"k0zlak\" data-start=\"3715\" data-end=\"3734\"><span role=\"text\">Uygulamalar<\/span><\/h2>\n<p data-start=\"3736\" data-end=\"3857\">Safir gofret bo\u015fluklar\u0131, mekanik mukavemetleri ve kimyasal kararl\u0131l\u0131klar\u0131 nedeniyle \u00e7ok \u00e7e\u015fitli geli\u015fmi\u015f end\u00fcstrilere hizmet eder.<\/p>\n<h3 data-section-id=\"vh2vip\" data-start=\"3859\" data-end=\"3897\"><span role=\"text\">Yar\u0131 \u0130letken ve LED End\u00fcstrisi<\/span><\/h3>\n<p data-start=\"3898\" data-end=\"4125\">Safir gofret bo\u015fluklar\u0131, GaN tabanl\u0131 LED epitaksiyel b\u00fcy\u00fcmesi i\u00e7in substrat olarak yayg\u0131n \u015fekilde kullan\u0131lmaktad\u0131r. Parlatma i\u015fleminden sonra, mavi ve UV LED'ler gibi y\u00fcksek verimli optoelektronik cihazlar \u00fcretmek i\u00e7in olduk\u00e7a kararl\u0131 bir platform sa\u011flarlar.<\/p>\n<h3 data-section-id=\"1evn3pb\" data-start=\"4127\" data-end=\"4163\"><span role=\"text\">Optik ve Fotonik Sistemler<\/span><\/h3>\n<p data-start=\"4164\" data-end=\"4354\">Hassas son i\u015flemden sonra safir, y\u00fcksek \u015feffafl\u0131k ve \u00e7izilme direncinin gerekli oldu\u011fu optik pencerelerde, lazer bo\u015fluklar\u0131nda, k\u0131z\u0131l\u00f6tesi g\u00f6r\u00fcnt\u00fcleme sistemlerinde ve sens\u00f6r kapaklar\u0131nda kullan\u0131l\u0131r.<\/p>\n<h3 data-section-id=\"1maeluv\" data-start=\"4356\" data-end=\"4388\"><span role=\"text\">Ara\u015ft\u0131rma ve Geli\u015ftirme<\/span><\/h3>\n<p data-start=\"4389\" data-end=\"4556\">\u00dcniversiteler ve malzeme bilimi laboratuvarlar\u0131, CMP proses geli\u015ftirme, y\u00fczey m\u00fchendisli\u011fi \u00e7al\u0131\u015fmalar\u0131 ve kristal kusur analizi i\u00e7in safir wafer bo\u015fluklar\u0131n\u0131 kullanmaktad\u0131r.<\/p>\n<h3 data-section-id=\"mrlekr\" data-start=\"4558\" data-end=\"4586\"><span role=\"text\">\u0130nce Film Biriktirme<\/span><\/h3>\n<p data-start=\"4587\" data-end=\"4764\">Malzeme, \u00f6zellikle y\u00fczey p\u00fcr\u00fczl\u00fcl\u00fc\u011f\u00fcn\u00fcn hen\u00fcz kritik olmad\u0131\u011f\u0131 erken a\u015fama ara\u015ft\u0131rmalarda ALD, PVD ve CVD biriktirme deneyleri i\u00e7in temel bir alt tabaka olarak yayg\u0131n \u015fekilde kullan\u0131lmaktad\u0131r.<\/p>\n<h3 data-section-id=\"2enbwe\" data-start=\"4766\" data-end=\"4811\"><span role=\"text\">End\u00fcstriyel ve Havac\u0131l\u0131k Uygulamalar\u0131<\/span><\/h3>\n<p data-start=\"4812\" data-end=\"4982\">Ek i\u015fleme ile safir gofretler y\u00fcksek s\u0131cakl\u0131kta yap\u0131sal bile\u015fenlere, koruyucu sens\u00f6r kapaklar\u0131na ve hassas mekanik ara par\u00e7alara d\u00f6n\u00fc\u015ft\u00fcr\u00fclebilir.<\/p>\n<hr data-start=\"4984\" data-end=\"4987\" \/>\n<h2 data-section-id=\"id1bjs\" data-start=\"4989\" data-end=\"5020\"><span role=\"text\">Teknik \u00d6zellikler<\/span><\/h2>\n<div class=\"TyagGW_tableContainer\">\n<div class=\"group TyagGW_tableWrapper flex flex-col-reverse w-fit\" tabindex=\"-1\">\n<table class=\"w-fit min-w-(--thread-content-width)\" data-start=\"5022\" data-end=\"5500\">\n<thead data-start=\"5022\" data-end=\"5051\">\n<tr data-start=\"5022\" data-end=\"5051\">\n<th class=\"\" data-start=\"5022\" data-end=\"5034\" data-col-size=\"sm\">Parametre<\/th>\n<th class=\"\" data-start=\"5034\" data-end=\"5051\" data-col-size=\"md\">\u015eartname<\/th>\n<\/tr>\n<\/thead>\n<tbody data-start=\"5080\" data-end=\"5500\">\n<tr data-start=\"5080\" data-end=\"5126\">\n<td data-start=\"5080\" data-end=\"5091\" data-col-size=\"sm\">Malzeme<\/td>\n<td data-col-size=\"md\" data-start=\"5091\" data-end=\"5126\">Tek kristal safir (Al\u2082O\u2083)<\/td>\n<\/tr>\n<tr data-start=\"5127\" data-end=\"5148\">\n<td data-start=\"5127\" data-end=\"5136\" data-col-size=\"sm\">Safl\u0131k<\/td>\n<td data-start=\"5136\" data-end=\"5148\" data-col-size=\"md\">\u2265 99,99%<\/td>\n<\/tr>\n<tr data-start=\"5149\" data-end=\"5193\">\n<td data-start=\"5149\" data-end=\"5169\" data-col-size=\"sm\">Kristal Yap\u0131<\/td>\n<td data-col-size=\"md\" data-start=\"5169\" data-end=\"5193\">Alfa fazl\u0131 safir<\/td>\n<\/tr>\n<tr data-start=\"5194\" data-end=\"5226\">\n<td data-start=\"5194\" data-end=\"5202\" data-col-size=\"sm\">\u015eekil<\/td>\n<td data-col-size=\"md\" data-start=\"5202\" data-end=\"5226\">Dairesel gofret bo\u015flu\u011fu<\/td>\n<\/tr>\n<tr data-start=\"5227\" data-end=\"5279\">\n<td data-start=\"5227\" data-end=\"5238\" data-col-size=\"sm\">\u00c7ap<\/td>\n<td data-col-size=\"md\" data-start=\"5238\" data-end=\"5279\">2\u201d, 3\u201d, 4\u201d, 6\u201d, 8\u201d (\u00f6zel olarak temin edilebilir)<\/td>\n<\/tr>\n<tr data-start=\"5280\" data-end=\"5323\">\n<td data-start=\"5280\" data-end=\"5292\" data-col-size=\"sm\">Kal\u0131nl\u0131k<\/td>\n<td data-start=\"5292\" data-end=\"5323\" data-col-size=\"md\">0,5 - 3,0 mm (\u00f6zelle\u015ftirilebilir)<\/td>\n<\/tr>\n<tr data-start=\"5324\" data-end=\"5383\">\n<td data-start=\"5324\" data-end=\"5338\" data-col-size=\"sm\">Oryantasyon<\/td>\n<td data-start=\"5338\" data-end=\"5383\" data-col-size=\"md\">C-d\u00fczlemi (0001), A-d\u00fczlemi, R-d\u00fczlemi, M-d\u00fczlemi<\/td>\n<\/tr>\n<tr data-start=\"5384\" data-end=\"5439\">\n<td data-start=\"5384\" data-end=\"5404\" data-col-size=\"sm\">Y\u00fczey Durumu<\/td>\n<td data-start=\"5404\" data-end=\"5439\" data-col-size=\"md\">Kesildi\u011fi gibi \/ telle kesilmi\u015f (cilalanmam\u0131\u015f)<\/td>\n<\/tr>\n<tr data-start=\"5440\" data-end=\"5500\">\n<td data-start=\"5440\" data-end=\"5457\" data-col-size=\"sm\">Kenar Durumu<\/td>\n<td data-start=\"5457\" data-end=\"5500\" data-col-size=\"md\">P\u00fcr\u00fczl\u00fc kenar (standart), iste\u011fe ba\u011fl\u0131 pah<\/td>\n<\/tr>\n<\/tbody>\n<\/table>\n<\/div>\n<\/div>\n<hr data-start=\"5502\" data-end=\"5505\" \/>\n<h2 data-section-id=\"d8omv1\" data-start=\"5507\" data-end=\"5524\"><span role=\"text\">Avantajlar<\/span><\/h2>\n<p data-start=\"5526\" data-end=\"5618\">Safir gofret bo\u015fluklar\u0131, tam i\u015flenmi\u015f gofretlere k\u0131yasla \u00e7e\u015fitli stratejik avantajlar sunar:<\/p>\n<p data-start=\"5620\" data-end=\"5904\">\u0130lk olarak, uygun maliyetli bir hammadde \u00e7\u00f6z\u00fcm\u00fc sa\u011flayarak \u015firket i\u00e7i son i\u015flemeyi tercih eden \u00fcreticiler i\u00e7in \u00f6n malzeme maliyetlerini azalt\u0131rlar. \u0130kinci olarak, kal\u0131nl\u0131k tolerans\u0131, y\u00fczey p\u00fcr\u00fczl\u00fcl\u00fc\u011f\u00fc ve d\u00fczl\u00fck dahil olmak \u00fczere nihai yonga plakas\u0131 \u00f6zelliklerinin tan\u0131mlanmas\u0131nda tam esneklik sa\u011flarlar.<\/p>\n<p data-start=\"5948\" data-end=\"6250\">\u00dc\u00e7\u00fcnc\u00fc olarak, deney ve yinelemeli optimizasyonun gerekli oldu\u011fu s\u00fcre\u00e7 geli\u015ftirme ve pilot \u00fcretim hatlar\u0131 i\u00e7in idealdir. Son olarak, safir ham haldeyken bile kendine \u00f6zg\u00fc mekanik mukavemetini ve termal esnekli\u011fini koruyarak sonraki i\u015flemler boyunca g\u00fcvenilirlik sa\u011flar.<\/p>\n<hr data-start=\"6252\" data-end=\"6255\" \/>\n<h2 data-section-id=\"21fx5a\" data-start=\"6257\" data-end=\"6305\"><span role=\"text\">Sekt\u00f6r Ba\u011flam\u0131 ve Kalite Hususlar\u0131<\/span><\/h2>\n<p data-start=\"6307\" data-end=\"6586\">Yar\u0131 iletken \u00fcretiminde, nihai yonga plakas\u0131n\u0131n kalitesi, ba\u015flang\u0131\u00e7taki kristal kalitesi ve kesme hassasiyetinden b\u00fcy\u00fck \u00f6l\u00e7\u00fcde etkilenir. Safir gofret bo\u015fluklar\u0131, kontroll\u00fc CMP ko\u015fullar\u0131 alt\u0131nda i\u015flendi\u011finde y\u00fcksek verimli epitaksiyel b\u00fcy\u00fcme elde etmek i\u00e7in istikrarl\u0131 bir temel sa\u011flar.<\/p>\n<p data-start=\"6588\" data-end=\"6643\">End\u00fcstri standartlar\u0131 tipik olarak s\u0131k\u0131 kontrol gerektirir:<\/p>\n<ul data-start=\"6644\" data-end=\"6846\">\n<li data-section-id=\"19nzevg\" data-start=\"6644\" data-end=\"6680\">Parlatma sonras\u0131 y\u00fczey d\u00fczl\u00fc\u011f\u00fc<\/li>\n<li data-section-id=\"12yxpam\" data-start=\"6681\" data-end=\"6722\">Dilimleme sonras\u0131 y\u00fczey alt\u0131 hasar derinli\u011fi<\/li>\n<li data-section-id=\"hzjk4a\" data-start=\"6723\" data-end=\"6787\">Dar a\u00e7\u0131sal toleranslar dahilinde kristal oryantasyon hassasiyeti<\/li>\n<li data-section-id=\"135u3te\" data-start=\"6788\" data-end=\"6846\">Optik ve elektronik uygulamalar i\u00e7in kusur yo\u011funlu\u011fu<\/li>\n<\/ul>\n<p data-start=\"6848\" data-end=\"6953\">\u00dcreticiler, y\u00fcksek kaliteli bir yonga plakas\u0131 hammaddesinden ba\u015flayarak bu a\u015fa\u011f\u0131 ak\u0131\u015f de\u011fi\u015fkenlerini daha iyi kontrol edebilirler.<\/p>\n<hr data-start=\"6955\" data-end=\"6958\" \/>\n<h2 data-section-id=\"elc90z\" data-start=\"6960\" data-end=\"6970\"><span role=\"text\">SSS<\/span><\/h2>\n<p data-start=\"6972\" data-end=\"7137\">S1: \u0130\u015flenmemi\u015f safir gofret ne i\u00e7in kullan\u0131l\u0131r?<br data-start=\"7020\" data-end=\"7023\" \/>\u0130leri i\u015flemlerden sonra yar\u0131 iletken, LED, optik ve ara\u015ft\u0131rma uygulamalar\u0131 i\u00e7in ham substrat olarak kullan\u0131l\u0131r.<\/p>\n<p data-start=\"7139\" data-end=\"7321\">S2: Cilal\u0131 bir safir gofretten fark\u0131 nedir?<br data-start=\"7198\" data-end=\"7201\" \/>\u0130\u015flenmemi\u015f gofret cilas\u0131zd\u0131r ve testere ile kesilmi\u015f y\u00fczeyleri muhafaza eder, cilal\u0131 gofret ise do\u011frudan cihaz \u00fcretimi i\u00e7in haz\u0131rd\u0131r.<\/p>\n<p data-start=\"7323\" data-end=\"7479\">S3: Boyutlar \u00f6zelle\u015ftirilebilir mi?<br data-start=\"7360\" data-end=\"7363\" \/>Evet, \u00e7ap, kal\u0131nl\u0131k, y\u00f6nlendirme ve kenar bitirme teknik gereksinimlere g\u00f6re \u00f6zelle\u015ftirilebilir.<\/p>\n<p data-start=\"7481\" data-end=\"7618\">S4: Do\u011frudan LED \u00fcretimi i\u00e7in uygun mu?<br data-start=\"7530\" data-end=\"7533\" \/>Hay\u0131r. Epitaksiyel LED b\u00fcy\u00fcmesi i\u00e7in kullan\u0131lmadan \u00f6nce al\u0131\u015ft\u0131rma ve parlatma i\u015flemlerinden ge\u00e7irilmelidir.<\/p>\n<p data-start=\"7620\" data-end=\"7816\">S5: Safiri cam veya kuvarsdan daha iyi yapan nedir?<br data-start=\"7676\" data-end=\"7679\" \/>Safir, geleneksel optik malzemelere k\u0131yasla \u00f6nemli \u00f6l\u00e7\u00fcde daha y\u00fcksek sertlik, s\u0131cakl\u0131k direnci ve kimyasal kararl\u0131l\u0131k sunar.<\/p>\n<p data-start=\"7842\" data-end=\"8166\">","protected":false},"excerpt":{"rendered":"<p>Safir yonga plakas\u0131 bo\u015fluklar\u0131, geli\u015fmi\u015f \u00fcretim tedarik zincirlerinde kritik bir yukar\u0131 ak\u0131\u015f malzemesini temsil eder ve nihai yonga plakas\u0131 performans\u0131 \u00fczerinde hassas kontrol sa\u011flar. Y\u00fcksek safl\u0131k, mekanik dayan\u0131kl\u0131l\u0131k ve i\u015fleme esnekli\u011fi kombinasyonlar\u0131, onlar\u0131 yar\u0131 iletken, optik ve ara\u015ft\u0131rma uygulamalar\u0131 i\u00e7in vazge\u00e7ilmez k\u0131lmaktad\u0131r.<\/p>","protected":false},"featured_media":2235,"comment_status":"open","ping_status":"closed","template":"","meta":{"site-sidebar-layout":"default","site-content-layout":"","ast-site-content-layout":"default","site-content-style":"default","site-sidebar-style":"default","ast-global-header-display":"","ast-banner-title-visibility":"","ast-main-header-display":"","ast-hfb-above-header-display":"","ast-hfb-below-header-display":"","ast-hfb-mobile-header-display":"","site-post-title":"","ast-breadcrumbs-content":"","ast-featured-img":"","footer-sml-layout":"","ast-disable-related-posts":"","theme-transparent-header-meta":"default","adv-header-id-meta":"","stick-header-meta":"default","header-above-stick-meta":"","header-main-stick-meta":"","header-below-stick-meta":"","astra-migrate-meta-layouts":"set","ast-page-background-enabled":"default","ast-page-background-meta":{"desktop":{"background-color":"var(--ast-global-color-4)","background-image":"","background-repeat":"repeat","background-position":"center center","background-size":"auto","background-attachment":"scroll","background-type":"","background-media":"","overlay-type":"","overlay-color":"","overlay-opacity":"","overlay-gradient":""},"tablet":{"background-color":"","background-image":"","background-repeat":"repeat","background-position":"center center","background-size":"auto","background-attachment":"scroll","background-type":"","background-media":"","overlay-type":"","overlay-color":"","overlay-opacity":"","overlay-gradient":""},"mobile":{"background-color":"","background-image":"","background-repeat":"repeat","background-position":"center center","background-size":"auto","background-attachment":"scroll","background-type":"","background-media":"","overlay-type":"","overlay-color":"","overlay-opacity":"","overlay-gradient":""}},"ast-content-background-meta":{"desktop":{"background-color":"var(--ast-global-color-5)","background-image":"","background-repeat":"repeat","background-position":"center center","background-size":"auto","background-attachment":"scroll","background-type":"","background-media":"","overlay-type":"","overlay-color":"","overlay-opacity":"","overlay-gradient":""},"tablet":{"background-color":"var(--ast-global-color-5)","background-image":"","background-repeat":"repeat","background-position":"center center","background-size":"auto","background-attachment":"scroll","background-type":"","background-media":"","overlay-type":"","overlay-color":"","overlay-opacity":"","overlay-gradient":""},"mobile":{"background-color":"var(--ast-global-color-5)","background-image":"","background-repeat":"repeat","background-position":"center center","background-size":"auto","background-attachment":"scroll","background-type":"","background-media":"","overlay-type":"","overlay-color":"","overlay-opacity":"","overlay-gradient":""}}},"product_brand":[],"product_cat":[729],"product_tag":[1028,1031,1030,1034,1025,1027,1022,1033,1035,1024,1021,1032,1026,1023,1029],"class_list":{"0":"post-2234","1":"product","2":"type-product","3":"status-publish","4":"has-post-thumbnail","6":"product_cat-wafer","7":"product_tag-cmp-sapphire-processing","8":"product_tag-custom-sapphire-wafer","9":"product_tag-high-purity-sapphire-crystal","10":"product_tag-industrial-sapphire-wafer","11":"product_tag-led-sapphire-wafer","12":"product_tag-optical-sapphire-window-material","13":"product_tag-raw-sapphire-substrate","14":"product_tag-sapphire-crystal-substrate","15":"product_tag-sapphire-optical-material","16":"product_tag-sapphire-substrate-material","17":"product_tag-sapphire-wafer-blank","18":"product_tag-sapphire-wafer-for-epitaxy","19":"product_tag-semiconductor-substrate","20":"product_tag-single-crystal-al2o3-wafer","21":"product_tag-wire-sawn-sapphire-wafer","22":"desktop-align-left","23":"tablet-align-left","24":"mobile-align-left","25":"ast-product-gallery-layout-horizontal-slider","26":"ast-product-tabs-layout-horizontal","28":"first","29":"instock","30":"shipping-taxable","31":"product-type-simple"},"_links":{"self":[{"href":"https:\/\/www.zmsh-semitech.com\/tr\/wp-json\/wp\/v2\/product\/2234","targetHints":{"allow":["GET"]}}],"collection":[{"href":"https:\/\/www.zmsh-semitech.com\/tr\/wp-json\/wp\/v2\/product"}],"about":[{"href":"https:\/\/www.zmsh-semitech.com\/tr\/wp-json\/wp\/v2\/types\/product"}],"replies":[{"embeddable":true,"href":"https:\/\/www.zmsh-semitech.com\/tr\/wp-json\/wp\/v2\/comments?post=2234"}],"version-history":[{"count":3,"href":"https:\/\/www.zmsh-semitech.com\/tr\/wp-json\/wp\/v2\/product\/2234\/revisions"}],"predecessor-version":[{"id":2242,"href":"https:\/\/www.zmsh-semitech.com\/tr\/wp-json\/wp\/v2\/product\/2234\/revisions\/2242"}],"wp:featuredmedia":[{"embeddable":true,"href":"https:\/\/www.zmsh-semitech.com\/tr\/wp-json\/wp\/v2\/media\/2235"}],"wp:attachment":[{"href":"https:\/\/www.zmsh-semitech.com\/tr\/wp-json\/wp\/v2\/media?parent=2234"}],"wp:term":[{"taxonomy":"product_brand","embeddable":true,"href":"https:\/\/www.zmsh-semitech.com\/tr\/wp-json\/wp\/v2\/product_brand?post=2234"},{"taxonomy":"product_cat","embeddable":true,"href":"https:\/\/www.zmsh-semitech.com\/tr\/wp-json\/wp\/v2\/product_cat?post=2234"},{"taxonomy":"product_tag","embeddable":true,"href":"https:\/\/www.zmsh-semitech.com\/tr\/wp-json\/wp\/v2\/product_tag?post=2234"}],"curies":[{"name":"wp","href":"https:\/\/api.w.org\/{rel}","templated":true}]}}