{"id":2215,"date":"2026-04-15T02:54:20","date_gmt":"2026-04-15T02:54:20","guid":{"rendered":"https:\/\/www.zmsh-semitech.com\/?post_type=product&#038;p=2215"},"modified":"2026-04-15T02:57:45","modified_gmt":"2026-04-15T02:57:45","slug":"wdp-1240-series-dry-polishing-machine","status":"publish","type":"product","link":"https:\/\/www.zmsh-semitech.com\/tr\/product\/wdp-1240-series-dry-polishing-machine\/","title":{"rendered":"300mm Gofret Gerilim Giderme ve Arka Taraf \u0130\u015fleme i\u00e7in WDP-1240 Serisi Kuru Parlatma Makinesi"},"content":{"rendered":"<p data-start=\"281\" data-end=\"650\"><img fetchpriority=\"high\" decoding=\"async\" class=\"alignright wp-image-2217\" src=\"https:\/\/www.zmsh-semitech.com\/wp-content\/uploads\/2026\/04\/WDP-1240-Series-Dry-Polishing-Machine-for-300mm-Wafer-Stress-Relief-and-Backside-Processing-300x300.png\" alt=\"300mm Gofret Gerilim Giderme ve Arka Taraf \u0130\u015fleme i\u00e7in WDP-1240 Serisi Kuru Parlatma Makinesi\" width=\"290\" height=\"290\" srcset=\"https:\/\/www.zmsh-semitech.com\/wp-content\/uploads\/2026\/04\/WDP-1240-Series-Dry-Polishing-Machine-for-300mm-Wafer-Stress-Relief-and-Backside-Processing-300x300.png 300w, https:\/\/www.zmsh-semitech.com\/wp-content\/uploads\/2026\/04\/WDP-1240-Series-Dry-Polishing-Machine-for-300mm-Wafer-Stress-Relief-and-Backside-Processing-150x150.png 150w, https:\/\/www.zmsh-semitech.com\/wp-content\/uploads\/2026\/04\/WDP-1240-Series-Dry-Polishing-Machine-for-300mm-Wafer-Stress-Relief-and-Backside-Processing-768x768.png 768w, https:\/\/www.zmsh-semitech.com\/wp-content\/uploads\/2026\/04\/WDP-1240-Series-Dry-Polishing-Machine-for-300mm-Wafer-Stress-Relief-and-Backside-Processing-12x12.png 12w, https:\/\/www.zmsh-semitech.com\/wp-content\/uploads\/2026\/04\/WDP-1240-Series-Dry-Polishing-Machine-for-300mm-Wafer-Stress-Relief-and-Backside-Processing-600x600.png 600w, https:\/\/www.zmsh-semitech.com\/wp-content\/uploads\/2026\/04\/WDP-1240-Series-Dry-Polishing-Machine-for-300mm-Wafer-Stress-Relief-and-Backside-Processing-100x100.png 100w, https:\/\/www.zmsh-semitech.com\/wp-content\/uploads\/2026\/04\/WDP-1240-Series-Dry-Polishing-Machine-for-300mm-Wafer-Stress-Relief-and-Backside-Processing.png 1000w\" sizes=\"(max-width: 290px) 100vw, 290px\" \/>WDP-1240 Serisi Kuru Parlatma Makinesi, yar\u0131 iletken \u00fcretiminde yonga plakas\u0131n\u0131n arka taraf\u0131ndaki gerilimin giderilmesi ve hasar tabakas\u0131n\u0131n kald\u0131r\u0131lmas\u0131 i\u00e7in geli\u015ftirilmi\u015f geli\u015fmi\u015f bir hassas sistemdir. \u00d6zellikle 300 mm yonga plakas\u0131 i\u015fleme i\u00e7in tasarlanan bu ekipman, \u00e7evresel etkiyi en aza indirirken y\u00fcksek kaliteli y\u00fczey finisaj\u0131 elde etmek i\u00e7in kuru parlatma i\u015flemini kullan\u0131r.<\/p>\n<p data-start=\"652\" data-end=\"959\">Bu sistem \u00f6zellikle yonga plakas\u0131 inceltme ve gerilim kontrol\u00fcn\u00fcn kritik oldu\u011fu geli\u015fmi\u015f paketleme uygulamalar\u0131 i\u00e7in uygundur. WDP-1240, ta\u015flama i\u015flemleri s\u0131ras\u0131nda olu\u015fan y\u00fczey alt\u0131 hasar katmanlar\u0131n\u0131 etkili bir \u015fekilde ortadan kald\u0131rarak yonga plakas\u0131 b\u00fct\u00fcnl\u00fc\u011f\u00fcn\u00fc iyile\u015ftirmeye, \u00e7arp\u0131lmay\u0131 azaltmaya ve mekanik mukavemeti art\u0131rmaya yard\u0131mc\u0131 olur.<\/p>\n<p data-start=\"961\" data-end=\"1182\">Geleneksel \u0131slak polisaj sistemleriyle kar\u015f\u0131la\u015ft\u0131r\u0131ld\u0131\u011f\u0131nda, kuru proses bulama\u00e7 kaynakl\u0131 kontaminasyonu ortadan kald\u0131r\u0131r ve at\u0131k i\u015fleme gereksinimlerini azalt\u0131r, bu da onu daha \u00e7evre dostu ve uygun maliyetli bir \u00e7\u00f6z\u00fcm haline getirir.<\/p>\n<hr data-start=\"1184\" data-end=\"1187\" \/>\n<h2 data-section-id=\"m7ukan\" data-start=\"1189\" data-end=\"1232\">Temel \u00d6zellikler ve Teknik Avantajlar<\/h2>\n<h3 data-section-id=\"capa5r\" data-start=\"1234\" data-end=\"1295\">D\u00fc\u015f\u00fck \u00c7evresel Etki i\u00e7in Kuru Parlatma Teknolojisi<\/h3>\n<p data-start=\"1296\" data-end=\"1491\">WDP-1240, kimyasal bulama\u00e7 ihtiyac\u0131n\u0131 ortadan kald\u0131ran tamamen kuru bir parlatma i\u015flemini benimser. Bu, \u00e7evresel y\u00fck\u00fc \u00f6nemli \u00f6l\u00e7\u00fcde azalt\u0131r, bak\u0131m\u0131 basitle\u015ftirir ve i\u015fletme maliyetlerini d\u00fc\u015f\u00fcr\u00fcr.<\/p>\n<h3 data-section-id=\"1awlizo\" data-start=\"1493\" data-end=\"1543\">Etkili Stres Giderme ve Hasar Giderme<\/h3>\n<p data-start=\"1544\" data-end=\"1722\">Yonga plakas\u0131 ta\u015flamadan sonra arka taraftaki hasar tabakas\u0131n\u0131 kald\u0131rmak i\u00e7in tasarlanan sistem, i\u00e7 gerilimi etkili bir \u015fekilde serbest b\u0131rakarak daha iyi yonga plakas\u0131 d\u00fczl\u00fc\u011f\u00fc ve yap\u0131sal stabilite sa\u011flar.<\/p>\n<h3 data-section-id=\"90fwyd\" data-start=\"1724\" data-end=\"1762\">\u0130nce Yonga Levhalar i\u00e7in Geli\u015ftirilmi\u015f Verim<\/h3>\n<p data-start=\"1763\" data-end=\"1827\">Makine, stres konsantrasyonunu en aza indirerek stresin \u00f6nlenmesine yard\u0131mc\u0131 olur:<\/p>\n<ul data-start=\"1828\" data-end=\"1876\">\n<li data-section-id=\"pus2hj\" data-start=\"1828\" data-end=\"1846\">Gofret \u00e7atlamas\u0131<\/li>\n<li data-section-id=\"wcbb49\" data-start=\"1847\" data-end=\"1864\">Kenar yontma<\/li>\n<li data-section-id=\"bpnlvj\" data-start=\"1865\" data-end=\"1876\">\u00c7arp\u0131kl\u0131k<\/li>\n<\/ul>\n<p data-start=\"1878\" data-end=\"1965\">Bu, \u00f6zellikle b\u00fcy\u00fck boyutlu ve ultra ince gofretler i\u00e7in daha y\u00fcksek bir verim oran\u0131 sa\u011flar.<\/p>\n<h3 data-section-id=\"98a0im\" data-start=\"1967\" data-end=\"2017\">\u0130nceltme Sistemleri ile Sorunsuz Entegrasyon<\/h3>\n<p data-start=\"2018\" data-end=\"2217\">WDP-1240, WG1251 Otomatik Gofret \u00d6\u011f\u00fct\u00fcc\u00fc gibi yukar\u0131 ak\u0131\u015f ekipmanlar\u0131yla entegre edilebilir ve prosesler aras\u0131nda g\u00fcvenli ve istikrarl\u0131 gofret transferi ile tam otomatik \u00fcretim hatlar\u0131 sa\u011flar.<\/p>\n<h3 data-section-id=\"1pvq7tz\" data-start=\"2219\" data-end=\"2265\">Kararl\u0131 ve Sa\u011flam Mekanik Yap\u0131<\/h3>\n<p data-start=\"2266\" data-end=\"2435\">Ekipman, tutarl\u0131 parlatma performans\u0131 ve uzun vadeli operasyonel istikrar sa\u011flayan tek bir i\u015f mili, tek ayna ve giydirme \u00fcnitesi konfig\u00fcrasyonuna sahiptir.<\/p>\n<hr data-start=\"2437\" data-end=\"2440\" \/>\n<h2 data-section-id=\"8lu2ky\" data-start=\"2442\" data-end=\"2472\">\u00a0Teknik \u00d6zellikler<\/h2>\n<div class=\"TyagGW_tableContainer\">\n<div class=\"group TyagGW_tableWrapper flex flex-col-reverse w-fit\" tabindex=\"-1\">\n<table class=\"w-fit min-w-(--thread-content-width)\" data-start=\"2474\" data-end=\"2738\">\n<thead data-start=\"2474\" data-end=\"2498\">\n<tr data-start=\"2474\" data-end=\"2498\">\n<th class=\"\" data-start=\"2474\" data-end=\"2481\" data-col-size=\"sm\">\u00d6\u011fe<\/th>\n<th class=\"\" data-start=\"2481\" data-end=\"2498\" data-col-size=\"md\">\u015eartname<\/th>\n<\/tr>\n<\/thead>\n<tbody data-start=\"2522\" data-end=\"2738\">\n<tr data-start=\"2522\" data-end=\"2583\">\n<td data-start=\"2522\" data-end=\"2534\" data-col-size=\"sm\">Yap\u0131<\/td>\n<td data-start=\"2534\" data-end=\"2583\" data-col-size=\"md\">Mil \u00d71 \/ Ayna Tablas\u0131 \u00d71 \/ \u015eifonyer \u00dcnitesi \u00d71<\/td>\n<\/tr>\n<tr data-start=\"2584\" data-end=\"2618\">\n<td data-start=\"2584\" data-end=\"2600\" data-col-size=\"sm\">\u0130\u015f Mili G\u00fcc\u00fc<\/td>\n<td data-start=\"2600\" data-end=\"2618\" data-col-size=\"md\">7,5 kW \/ 11 kW<\/td>\n<\/tr>\n<tr data-start=\"2619\" data-end=\"2658\">\n<td data-start=\"2619\" data-end=\"2632\" data-col-size=\"sm\">Gofret Boyutu<\/td>\n<td data-start=\"2632\" data-end=\"2658\" data-col-size=\"md\">12 in\u00e7'e (300 mm) kadar<\/td>\n<\/tr>\n<tr data-start=\"2659\" data-end=\"2691\">\n<td data-start=\"2659\" data-end=\"2674\" data-col-size=\"sm\">\u0130\u015flem T\u00fcr\u00fc<\/td>\n<td data-start=\"2674\" data-end=\"2691\" data-col-size=\"md\">Kuru Parlatma<\/td>\n<\/tr>\n<tr data-start=\"2692\" data-end=\"2738\">\n<td data-start=\"2692\" data-end=\"2713\" data-col-size=\"sm\">Makine Boyutlar\u0131<\/td>\n<td data-start=\"2713\" data-end=\"2738\" data-col-size=\"md\">1450 \u00d7 3380 \u00d7 1900 mm<\/td>\n<\/tr>\n<\/tbody>\n<\/table>\n<\/div>\n<\/div>\n<hr data-start=\"2740\" data-end=\"2743\" \/>\n<h2 data-section-id=\"13yq5fc\" data-start=\"2745\" data-end=\"2768\">\u00c7al\u0131\u015fma Prensibi<\/h2>\n<p data-start=\"2812\" data-end=\"2954\">WDP-1240, y\u00fcksek h\u0131zl\u0131 bir i\u015f mili ve hassas ayna sistemi kullanarak gofretin arka taraf\u0131na kontroll\u00fc mekanik parlatma uygulayarak \u00e7al\u0131\u015f\u0131r.<\/p>\n<p data-start=\"2956\" data-end=\"3193\">Yonga plakas\u0131 inceltildikten sonra, genellikle y\u00fczeyin alt\u0131nda hasarl\u0131 bir katman kal\u0131r ve bu da i\u00e7 gerilime neden olur. Kuru parlatma i\u015flemi, bas\u0131n\u00e7 ve malzeme kald\u0131rma h\u0131z\u0131 \u00fczerinde s\u0131k\u0131 kontrol sa\u011flarken bu tabakay\u0131 kald\u0131r\u0131r. Bunun sonucunda<\/p>\n<ul data-start=\"3195\" data-end=\"3278\">\n<li data-section-id=\"1r1ex1w\" data-start=\"3195\" data-end=\"3222\">Tek tip y\u00fczey kalitesi<\/li>\n<li data-section-id=\"bhqqr1\" data-start=\"3223\" data-end=\"3250\">Azalt\u0131lm\u0131\u015f art\u0131k gerilme<\/li>\n<li data-section-id=\"1iz8bdx\" data-start=\"3251\" data-end=\"3278\">Geli\u015ftirilmi\u015f yonga plakas\u0131 d\u00fczl\u00fc\u011f\u00fc<\/li>\n<\/ul>\n<p data-start=\"3280\" data-end=\"3392\">Entegre pansuman \u00fcnitesi, parlatma aletlerinin proses boyunca tutarl\u0131 performans g\u00f6stermesini sa\u011flar.<\/p>\n<hr data-start=\"3394\" data-end=\"3397\" \/>\n<h2 data-section-id=\"1mpxdoq\" data-start=\"3399\" data-end=\"3422\"><img decoding=\"async\" class=\"size-medium wp-image-2171 alignright\" src=\"https:\/\/www.zmsh-semitech.com\/wp-content\/uploads\/2026\/04\/4inch_silicon_carbide_wafers-300x300.webp\" alt=\"\" width=\"300\" height=\"300\" srcset=\"https:\/\/www.zmsh-semitech.com\/wp-content\/uploads\/2026\/04\/4inch_silicon_carbide_wafers-300x300.webp 300w, https:\/\/www.zmsh-semitech.com\/wp-content\/uploads\/2026\/04\/4inch_silicon_carbide_wafers-150x150.webp 150w, https:\/\/www.zmsh-semitech.com\/wp-content\/uploads\/2026\/04\/4inch_silicon_carbide_wafers-768x768.webp 768w, https:\/\/www.zmsh-semitech.com\/wp-content\/uploads\/2026\/04\/4inch_silicon_carbide_wafers-12x12.webp 12w, https:\/\/www.zmsh-semitech.com\/wp-content\/uploads\/2026\/04\/4inch_silicon_carbide_wafers-600x600.webp 600w, https:\/\/www.zmsh-semitech.com\/wp-content\/uploads\/2026\/04\/4inch_silicon_carbide_wafers-100x100.webp 100w, https:\/\/www.zmsh-semitech.com\/wp-content\/uploads\/2026\/04\/4inch_silicon_carbide_wafers.webp 800w\" sizes=\"(max-width: 300px) 100vw, 300px\" \/>Uygulama Aral\u0131\u011f\u0131<\/h2>\n<p data-start=\"3424\" data-end=\"3462\">WDP-1240 Serisi \u015fu alanlarda yayg\u0131n olarak kullan\u0131lmaktad\u0131r:<\/p>\n<ul data-start=\"3464\" data-end=\"3675\">\n<li data-section-id=\"thioxr\" data-start=\"3464\" data-end=\"3507\">Yar\u0131 iletken yonga plakas\u0131 arka y\u00fcz i\u015fleme<\/li>\n<li data-section-id=\"1b52adm\" data-start=\"3508\" data-end=\"3557\">Geli\u015fmi\u015f paketleme (WLCSP, fan-out paketleme)<\/li>\n<li data-section-id=\"1lhtczs\" data-start=\"3558\" data-end=\"3590\">Silikon (Si) gofret parlatma<\/li>\n<li data-section-id=\"zqmbwb\" data-start=\"3591\" data-end=\"3633\">Silisyum karb\u00fcr (SiC) yonga plakas\u0131 i\u015fleme<\/li>\n<li data-section-id=\"1xtbjfg\" data-start=\"3634\" data-end=\"3675\">\u0130nce gofret gerilim azaltma uygulamalar\u0131<\/li>\n<\/ul>\n<p data-start=\"3677\" data-end=\"3828\">12 in\u00e7 ve alt\u0131ndaki wafer'lar\u0131 destekleyerek hem ana ak\u0131m yar\u0131 iletken \u00fcretimi hem de geli\u015fmekte olan geli\u015fmi\u015f paketleme teknolojileri i\u00e7in uygun hale getirir.<\/p>\n<hr data-start=\"3830\" data-end=\"3833\" \/>\n<h2 data-section-id=\"1116wfg\" data-start=\"3835\" data-end=\"3856\"><img decoding=\"async\" class=\"size-medium wp-image-2122 alignright\" src=\"https:\/\/www.zmsh-semitech.com\/wp-content\/uploads\/2026\/04\/Wafer-Back-Grinding-Machine-300x300.png\" alt=\"\" width=\"300\" height=\"300\" srcset=\"https:\/\/www.zmsh-semitech.com\/wp-content\/uploads\/2026\/04\/Wafer-Back-Grinding-Machine-300x300.png 300w, https:\/\/www.zmsh-semitech.com\/wp-content\/uploads\/2026\/04\/Wafer-Back-Grinding-Machine-150x150.png 150w, https:\/\/www.zmsh-semitech.com\/wp-content\/uploads\/2026\/04\/Wafer-Back-Grinding-Machine-768x768.png 768w, https:\/\/www.zmsh-semitech.com\/wp-content\/uploads\/2026\/04\/Wafer-Back-Grinding-Machine-12x12.png 12w, https:\/\/www.zmsh-semitech.com\/wp-content\/uploads\/2026\/04\/Wafer-Back-Grinding-Machine-600x600.png 600w, https:\/\/www.zmsh-semitech.com\/wp-content\/uploads\/2026\/04\/Wafer-Back-Grinding-Machine-100x100.png 100w, https:\/\/www.zmsh-semitech.com\/wp-content\/uploads\/2026\/04\/Wafer-Back-Grinding-Machine.png 1000w\" sizes=\"(max-width: 300px) 100vw, 300px\" \/>Temel Avantajlar<\/h2>\n<ul data-start=\"3858\" data-end=\"4293\">\n<li data-section-id=\"6czk3i\" data-start=\"3858\" data-end=\"3942\">D\u00fc\u015f\u00fck \u00c7evresel Etki<br data-start=\"3888\" data-end=\"3891\" \/>Kuru proses bulamac\u0131 ortadan kald\u0131r\u0131r ve at\u0131klar\u0131 azalt\u0131r<\/li>\n<li data-section-id=\"7ceake\" data-start=\"3944\" data-end=\"4024\">Y\u00fcksek Verim \u0130yile\u015ftirmesi<br data-start=\"3972\" data-end=\"3975\" \/>\u0130nce gofretlerde \u00e7atlama ve \u00e7arp\u0131lmay\u0131 en aza indirir<\/li>\n<li data-section-id=\"aztc7d\" data-start=\"4026\" data-end=\"4104\">Y\u00fcksek S\u00fcre\u00e7 Kararl\u0131l\u0131\u011f\u0131<br data-start=\"4054\" data-end=\"4057\" \/>Sa\u011flam yap\u0131 tutarl\u0131 sonu\u00e7lar sa\u011flar<\/li>\n<li data-section-id=\"1viz6br\" data-start=\"4106\" data-end=\"4194\">\u00dcretim Hatt\u0131 Entegrasyonu<br data-start=\"4139\" data-end=\"4142\" \/>Otomatik gofret inceltme sistemleri ile uyumlu<\/li>\n<li data-section-id=\"vz1nvb\" data-start=\"4196\" data-end=\"4293\">Geli\u015fmi\u015f Paketleme i\u00e7in Optimize Edildi<br data-start=\"4234\" data-end=\"4237\" \/>Yeni nesil yar\u0131 iletken prosesler i\u00e7in tasarlanm\u0131\u015ft\u0131r<\/li>\n<\/ul>\n<hr data-start=\"4295\" data-end=\"4298\" \/>\n<h2 data-section-id=\"w1cnyx\" data-start=\"4300\" data-end=\"4309\">SSS<\/h2>\n<p data-start=\"4311\" data-end=\"4563\">S1: Kuru cilalaman\u0131n \u0131slak cilalamaya k\u0131yasla temel avantaj\u0131 nedir?<br data-start=\"4389\" data-end=\"4392\" \/>C: Kuru parlatma, bulama\u00e7 kullan\u0131m\u0131n\u0131 ortadan kald\u0131rarak \u00e7evresel etkiyi azalt\u0131r, bak\u0131m\u0131 basitle\u015ftirir ve y\u00fcksek y\u00fczey kalitesini korurken i\u015fletme maliyetlerini d\u00fc\u015f\u00fcr\u00fcr.<\/p>\n<p data-start=\"4565\" data-end=\"4700\">S2: Hangi wafer boyutlar\u0131 destekleniyor?<br data-start=\"4604\" data-end=\"4607\" \/>C: WDP-1240, Si ve SiC malzemeleri dahil olmak \u00fczere 12 in\u00e7'e (300 mm) kadar gofretleri destekler.<\/p>\n<p data-start=\"4702\" data-end=\"4916\">S3: Bu makine bir \u00fcretim hatt\u0131na entegre edilebilir mi?<br data-start=\"4764\" data-end=\"4767\" \/>C: Evet. WG1251 gibi gofret inceltme ekipmanlar\u0131na sorunsuz bir \u015fekilde ba\u011flanarak otomatik gofret transferi ve s\u00fcrekli i\u015fleme olana\u011f\u0131 sa\u011flar.<\/p>","protected":false},"excerpt":{"rendered":"<p>WDP-1240 Serisi Kuru Parlatma Makinesi, yar\u0131 iletken \u00fcretiminde yonga plakas\u0131n\u0131n arka taraf\u0131ndaki gerilimin giderilmesi ve hasar tabakas\u0131n\u0131n kald\u0131r\u0131lmas\u0131 i\u00e7in geli\u015ftirilmi\u015f geli\u015fmi\u015f bir hassas sistemdir. \u00d6zellikle 300 mm yonga plakas\u0131 i\u015fleme i\u00e7in tasarlanan bu ekipman, \u00e7evresel etkiyi en aza indirirken y\u00fcksek kaliteli y\u00fczey finisaj\u0131 elde etmek i\u00e7in kuru parlatma i\u015flemini kullan\u0131r.<\/p>","protected":false},"featured_media":2217,"comment_status":"open","ping_status":"closed","template":"","meta":{"site-sidebar-layout":"default","site-content-layout":"","ast-site-content-layout":"default","site-content-style":"default","site-sidebar-style":"default","ast-global-header-display":"","ast-banner-title-visibility":"","ast-main-header-display":"","ast-hfb-above-header-display":"","ast-hfb-below-header-display":"","ast-hfb-mobile-header-display":"","site-post-title":"","ast-breadcrumbs-content":"","ast-featured-img":"","footer-sml-layout":"","ast-disable-related-posts":"","theme-transparent-header-meta":"default","adv-header-id-meta":"","stick-header-meta":"default","header-above-stick-meta":"","header-main-stick-meta":"","header-below-stick-meta":"","astra-migrate-meta-layouts":"set","ast-page-background-enabled":"default","ast-page-background-meta":{"desktop":{"background-color":"var(--ast-global-color-4)","background-image":"","background-repeat":"repeat","background-position":"center center","background-size":"auto","background-attachment":"scroll","background-type":"","background-media":"","overlay-type":"","overlay-color":"","overlay-opacity":"","overlay-gradient":""},"tablet":{"background-color":"","background-image":"","background-repeat":"repeat","background-position":"center center","background-size":"auto","background-attachment":"scroll","background-type":"","background-media":"","overlay-type":"","overlay-color":"","overlay-opacity":"","overlay-gradient":""},"mobile":{"background-color":"","background-image":"","background-repeat":"repeat","background-position":"center center","background-size":"auto","background-attachment":"scroll","background-type":"","background-media":"","overlay-type":"","overlay-color":"","overlay-opacity":"","overlay-gradient":""}},"ast-content-background-meta":{"desktop":{"background-color":"var(--ast-global-color-5)","background-image":"","background-repeat":"repeat","background-position":"center center","background-size":"auto","background-attachment":"scroll","background-type":"","background-media":"","overlay-type":"","overlay-color":"","overlay-opacity":"","overlay-gradient":""},"tablet":{"background-color":"var(--ast-global-color-5)","background-image":"","background-repeat":"repeat","background-position":"center center","background-size":"auto","background-attachment":"scroll","background-type":"","background-media":"","overlay-type":"","overlay-color":"","overlay-opacity":"","overlay-gradient":""},"mobile":{"background-color":"var(--ast-global-color-5)","background-image":"","background-repeat":"repeat","background-position":"center center","background-size":"auto","background-attachment":"scroll","background-type":"","background-media":"","overlay-type":"","overlay-color":"","overlay-opacity":"","overlay-gradient":""}}},"product_brand":[],"product_cat":[725],"product_tag":[995,1000,993,1001,996,997,999,998,994,1002],"class_list":{"0":"post-2215","1":"product","2":"type-product","3":"status-publish","4":"has-post-thumbnail","6":"product_cat-polishing-machine","7":"product_tag-300mm-wafer-polishing","8":"product_tag-advanced-packaging-equipment","9":"product_tag-dry-polishing-machine","10":"product_tag-dry-wafer-processing","11":"product_tag-semiconductor-polishing-machine","12":"product_tag-sic-wafer-polishing","13":"product_tag-stress-relief-polishing-machine","14":"product_tag-wafer-backside-polishing","15":"product_tag-wafer-polishing-equipment","16":"product_tag-wafer-thinning-line-equipment","17":"desktop-align-left","18":"tablet-align-left","19":"mobile-align-left","20":"ast-product-gallery-layout-horizontal-slider","21":"ast-product-gallery-with-no-image","22":"ast-product-tabs-layout-horizontal","24":"first","25":"instock","26":"shipping-taxable","27":"product-type-simple"},"_links":{"self":[{"href":"https:\/\/www.zmsh-semitech.com\/tr\/wp-json\/wp\/v2\/product\/2215","targetHints":{"allow":["GET"]}}],"collection":[{"href":"https:\/\/www.zmsh-semitech.com\/tr\/wp-json\/wp\/v2\/product"}],"about":[{"href":"https:\/\/www.zmsh-semitech.com\/tr\/wp-json\/wp\/v2\/types\/product"}],"replies":[{"embeddable":true,"href":"https:\/\/www.zmsh-semitech.com\/tr\/wp-json\/wp\/v2\/comments?post=2215"}],"version-history":[{"count":3,"href":"https:\/\/www.zmsh-semitech.com\/tr\/wp-json\/wp\/v2\/product\/2215\/revisions"}],"predecessor-version":[{"id":2219,"href":"https:\/\/www.zmsh-semitech.com\/tr\/wp-json\/wp\/v2\/product\/2215\/revisions\/2219"}],"wp:featuredmedia":[{"embeddable":true,"href":"https:\/\/www.zmsh-semitech.com\/tr\/wp-json\/wp\/v2\/media\/2217"}],"wp:attachment":[{"href":"https:\/\/www.zmsh-semitech.com\/tr\/wp-json\/wp\/v2\/media?parent=2215"}],"wp:term":[{"taxonomy":"product_brand","embeddable":true,"href":"https:\/\/www.zmsh-semitech.com\/tr\/wp-json\/wp\/v2\/product_brand?post=2215"},{"taxonomy":"product_cat","embeddable":true,"href":"https:\/\/www.zmsh-semitech.com\/tr\/wp-json\/wp\/v2\/product_cat?post=2215"},{"taxonomy":"product_tag","embeddable":true,"href":"https:\/\/www.zmsh-semitech.com\/tr\/wp-json\/wp\/v2\/product_tag?post=2215"}],"curies":[{"name":"wp","href":"https:\/\/api.w.org\/{rel}","templated":true}]}}