{"id":2183,"date":"2026-04-14T05:20:25","date_gmt":"2026-04-14T05:20:25","guid":{"rendered":"https:\/\/www.zmsh-semitech.com\/?post_type=product&#038;p=2183"},"modified":"2026-04-14T05:20:28","modified_gmt":"2026-04-14T05:20:28","slug":"8-inch-sic-epitaxial-wafer","status":"publish","type":"product","link":"https:\/\/www.zmsh-semitech.com\/tr\/product\/8-inch-sic-epitaxial-wafer\/","title":{"rendered":"8 \u0130n\u00e7 200mm SiC Epitaksiyel Gofret"},"content":{"rendered":"<p data-start=\"199\" data-end=\"476\"><img fetchpriority=\"high\" decoding=\"async\" class=\"alignright wp-image-2187 size-medium\" src=\"https:\/\/www.zmsh-semitech.com\/wp-content\/uploads\/2026\/04\/8_inch_sic_epitaxial_wafers_yield_and_efficiency_scalable_power_electronics-1-300x300.webp\" alt=\"8 \u0130n\u00e7 200mm SiC Epitaksiyel Gofret\" width=\"300\" height=\"300\" srcset=\"https:\/\/www.zmsh-semitech.com\/wp-content\/uploads\/2026\/04\/8_inch_sic_epitaxial_wafers_yield_and_efficiency_scalable_power_electronics-1-300x300.webp 300w, https:\/\/www.zmsh-semitech.com\/wp-content\/uploads\/2026\/04\/8_inch_sic_epitaxial_wafers_yield_and_efficiency_scalable_power_electronics-1-150x150.webp 150w, https:\/\/www.zmsh-semitech.com\/wp-content\/uploads\/2026\/04\/8_inch_sic_epitaxial_wafers_yield_and_efficiency_scalable_power_electronics-1-12x12.webp 12w, https:\/\/www.zmsh-semitech.com\/wp-content\/uploads\/2026\/04\/8_inch_sic_epitaxial_wafers_yield_and_efficiency_scalable_power_electronics-1-100x100.webp 100w, https:\/\/www.zmsh-semitech.com\/wp-content\/uploads\/2026\/04\/8_inch_sic_epitaxial_wafers_yield_and_efficiency_scalable_power_electronics-1.webp 593w\" sizes=\"(max-width: 300px) 100vw, 300px\" \/>8 in\u00e7 SiC epitaksiyel wafer, geni\u015f bant aral\u0131kl\u0131 yar\u0131 iletken teknolojisindeki en son geli\u015fmeyi temsil etmektedir. Y\u00fcksek kaliteli epitaksiyel katmana sahip 200 mm SiC substrat \u00fczerine in\u015fa edilen bu \u00fcr\u00fcn, \u00f6l\u00e7eklenebilir, y\u00fcksek verimli g\u00fc\u00e7 cihaz\u0131 \u00fcretimini desteklemek i\u00e7in tasarlanm\u0131\u015ft\u0131r.<\/p>\n<p data-start=\"478\" data-end=\"759\">Daha k\u00fc\u00e7\u00fck gofret boyutlar\u0131yla kar\u015f\u0131la\u015ft\u0131r\u0131ld\u0131\u011f\u0131nda, 8 in\u00e7 SiC gofretler kullan\u0131labilir alan\u0131 \u00f6nemli \u00f6l\u00e7\u00fcde art\u0131rarak gofret ba\u015f\u0131na daha y\u00fcksek cihaz \u00e7\u0131kt\u0131s\u0131 sa\u011flar ve \u00e7ip ba\u015f\u0131na maliyeti d\u00fc\u015f\u00fcr\u00fcr. Bu da onlar\u0131 silisyum karb\u00fcr g\u00fc\u00e7 cihazlar\u0131n\u0131n b\u00fcy\u00fck \u00f6l\u00e7ekli \u00fcretimine ge\u00e7i\u015f yapan end\u00fcstriler i\u00e7in kritik bir \u00e7\u00f6z\u00fcm haline getirmektedir.<\/p>\n<p data-start=\"761\" data-end=\"1105\">SiC epitaksiyel gofretler, geni\u015f bant aral\u0131\u011f\u0131, y\u00fcksek ar\u0131za elektrik alan\u0131 ve m\u00fckemmel termal iletkenlik gibi silisyum karb\u00fcr\u00fcn kendine \u00f6zg\u00fc avantajlar\u0131n\u0131, cihaz \u00fcretimi i\u00e7in \u00f6zel olarak tasarlanm\u0131\u015f hassas kontroll\u00fc epitaksiyel katmanlarla birle\u015ftirir. Bu gofretler yeni nesil MOSFET'lerde, Schottky diyotlarda ve entegre g\u00fc\u00e7 mod\u00fcllerinde yayg\u0131n olarak kullan\u0131lmaktad\u0131r.<\/p>\n<p data-start=\"761\" data-end=\"1105\">\n<h2 data-section-id=\"rkota4\" data-start=\"1112\" data-end=\"1133\">Temel \u00d6zellikler<\/h2>\n<div class=\"TyagGW_tableContainer\">\n<div class=\"group TyagGW_tableWrapper flex flex-col-reverse w-fit\" tabindex=\"-1\">\n<table class=\"w-fit min-w-(--thread-content-width)\" data-start=\"1135\" data-end=\"1545\">\n<thead data-start=\"1135\" data-end=\"1156\">\n<tr data-start=\"1135\" data-end=\"1156\">\n<th class=\"\" data-start=\"1135\" data-end=\"1147\" data-col-size=\"sm\">Parametre<\/th>\n<th class=\"\" data-start=\"1147\" data-end=\"1156\" data-col-size=\"sm\">De\u011fer<\/th>\n<\/tr>\n<\/thead>\n<tbody data-start=\"1177\" data-end=\"1545\">\n<tr data-start=\"1177\" data-end=\"1204\">\n<td data-start=\"1177\" data-end=\"1188\" data-col-size=\"sm\">\u00c7ap<\/td>\n<td data-col-size=\"sm\" data-start=\"1188\" data-end=\"1204\">200 \u00b1 0,5 mm<\/td>\n<\/tr>\n<tr data-start=\"1205\" data-end=\"1226\">\n<td data-start=\"1205\" data-end=\"1216\" data-col-size=\"sm\">\u00c7oklu Tip<\/td>\n<td data-col-size=\"sm\" data-start=\"1216\" data-end=\"1226\">4H-SiC<\/td>\n<\/tr>\n<tr data-start=\"1227\" data-end=\"1257\">\n<td data-start=\"1227\" data-end=\"1247\" data-col-size=\"sm\">\u0130letkenlik Tipi<\/td>\n<td data-col-size=\"sm\" data-start=\"1247\" data-end=\"1257\">N-tipi<\/td>\n<\/tr>\n<tr data-start=\"1258\" data-end=\"1285\">\n<td data-start=\"1258\" data-end=\"1270\" data-col-size=\"sm\">Kal\u0131nl\u0131k<\/td>\n<td data-col-size=\"sm\" data-start=\"1270\" data-end=\"1285\">700 \u00b1 50 \u03bcm<\/td>\n<\/tr>\n<tr data-start=\"1286\" data-end=\"1331\">\n<td data-start=\"1286\" data-end=\"1303\" data-col-size=\"sm\">Y\u00fczey \u0130\u015flemi<\/td>\n<td data-col-size=\"sm\" data-start=\"1303\" data-end=\"1331\">\u00c7ift tarafl\u0131 CMP cilal\u0131<\/td>\n<\/tr>\n<tr data-start=\"1332\" data-end=\"1369\">\n<td data-start=\"1332\" data-end=\"1346\" data-col-size=\"sm\">Oryantasyon<\/td>\n<td data-col-size=\"sm\" data-start=\"1346\" data-end=\"1369\">4,0\u00b0 eksen d\u0131\u015f\u0131 \u00b10,5\u00b0<\/td>\n<\/tr>\n<tr data-start=\"1370\" data-end=\"1408\">\n<td data-start=\"1370\" data-end=\"1378\" data-col-size=\"sm\">\u00c7entik<\/td>\n<td data-col-size=\"sm\" data-start=\"1378\" data-end=\"1408\">Standart \u00e7entik y\u00f6n\u00fc<\/td>\n<\/tr>\n<tr data-start=\"1409\" data-end=\"1450\">\n<td data-start=\"1409\" data-end=\"1424\" data-col-size=\"sm\">Kenar Profili<\/td>\n<td data-col-size=\"sm\" data-start=\"1424\" data-end=\"1450\">Pah \/ Yuvarlat\u0131lm\u0131\u015f kenar<\/td>\n<\/tr>\n<tr data-start=\"1451\" data-end=\"1494\">\n<td data-start=\"1451\" data-end=\"1471\" data-col-size=\"sm\">Y\u00fczey P\u00fcr\u00fczl\u00fcl\u00fc\u011f\u00fc<\/td>\n<td data-col-size=\"sm\" data-start=\"1471\" data-end=\"1494\">Nanometre alt\u0131 seviye<\/td>\n<\/tr>\n<tr data-start=\"1495\" data-end=\"1545\">\n<td data-start=\"1495\" data-end=\"1507\" data-col-size=\"sm\">Paketleme<\/td>\n<td data-col-size=\"sm\" data-start=\"1507\" data-end=\"1545\">Kaset veya tekli gofret kab\u0131<\/td>\n<\/tr>\n<\/tbody>\n<\/table>\n<\/div>\n<\/div>\n<p data-start=\"1547\" data-end=\"1567\">Tipik diren\u00e7:<\/p>\n<ul data-start=\"1568\" data-end=\"1627\">\n<li data-section-id=\"c0wp38\" data-start=\"1568\" data-end=\"1596\">N-tipi: 0,015-0,028 \u03a9-cm<\/li>\n<li data-section-id=\"1a616df\" data-start=\"1597\" data-end=\"1627\">Yar\u0131 yal\u0131tkan: \u22651E7 \u03a9-cm<\/li>\n<\/ul>\n<p data-start=\"1629\" data-end=\"1646\">Mevcut s\u0131n\u0131flar:<\/p>\n<ul data-start=\"1647\" data-end=\"1721\">\n<li data-section-id=\"1kj0dd2\" data-start=\"1647\" data-end=\"1665\">S\u0131f\u0131r MPD derecesi<\/li>\n<li data-section-id=\"e77vy6\" data-start=\"1666\" data-end=\"1686\">\u00dcretim s\u0131n\u0131f\u0131<\/li>\n<li data-section-id=\"7brco4\" data-start=\"1687\" data-end=\"1705\">Ara\u015ft\u0131rma notu<\/li>\n<li data-section-id=\"1czp2d1\" data-start=\"1706\" data-end=\"1721\">Kukla notu<\/li>\n<\/ul>\n<h2 data-section-id=\"1c4zomd\" data-start=\"1728\" data-end=\"1759\"><img decoding=\"async\" class=\"alignright wp-image-2186 size-medium\" src=\"https:\/\/www.zmsh-semitech.com\/wp-content\/uploads\/2026\/04\/8_inch_sic_epitaxial_wafers_yield_and_efficiency_scalable_power_electronics2-300x300.webp\" alt=\"8 \u0130n\u00e7 200mm SiC Epitaksiyel Gofret\" width=\"300\" height=\"300\" srcset=\"https:\/\/www.zmsh-semitech.com\/wp-content\/uploads\/2026\/04\/8_inch_sic_epitaxial_wafers_yield_and_efficiency_scalable_power_electronics2-300x300.webp 300w, https:\/\/www.zmsh-semitech.com\/wp-content\/uploads\/2026\/04\/8_inch_sic_epitaxial_wafers_yield_and_efficiency_scalable_power_electronics2-150x150.webp 150w, https:\/\/www.zmsh-semitech.com\/wp-content\/uploads\/2026\/04\/8_inch_sic_epitaxial_wafers_yield_and_efficiency_scalable_power_electronics2-768x768.webp 768w, https:\/\/www.zmsh-semitech.com\/wp-content\/uploads\/2026\/04\/8_inch_sic_epitaxial_wafers_yield_and_efficiency_scalable_power_electronics2-12x12.webp 12w, https:\/\/www.zmsh-semitech.com\/wp-content\/uploads\/2026\/04\/8_inch_sic_epitaxial_wafers_yield_and_efficiency_scalable_power_electronics2-600x600.webp 600w, https:\/\/www.zmsh-semitech.com\/wp-content\/uploads\/2026\/04\/8_inch_sic_epitaxial_wafers_yield_and_efficiency_scalable_power_electronics2-100x100.webp 100w, https:\/\/www.zmsh-semitech.com\/wp-content\/uploads\/2026\/04\/8_inch_sic_epitaxial_wafers_yield_and_efficiency_scalable_power_electronics2.webp 800w\" sizes=\"(max-width: 300px) 100vw, 300px\" \/>Epitaksiyel Katman Yetenekleri<\/h2>\n<p data-start=\"1761\" data-end=\"1925\">Epitaksiyel katman, geli\u015fmi\u015f kimyasal buhar biriktirme (CVD) teknolojisi kullan\u0131larak b\u00fcy\u00fct\u00fcl\u00fcr ve kal\u0131nl\u0131\u011f\u0131n, doping konsantrasyonunun ve homojenli\u011fin hassas bir \u015fekilde kontrol edilmesini sa\u011flar.<\/p>\n<p data-start=\"1927\" data-end=\"1960\">Mevcut \u00f6zelle\u015ftirme \u015funlar\u0131 i\u00e7erir:<\/p>\n<ul data-start=\"1961\" data-end=\"2154\">\n<li data-section-id=\"1czjqdq\" data-start=\"1961\" data-end=\"1998\">N-tipi veya P-tipi epitaksiyel katmanlar<\/li>\n<li data-section-id=\"m2ekyd\" data-start=\"1999\" data-end=\"2059\">Farkl\u0131 cihaz yap\u0131lar\u0131 i\u00e7in ayarlanabilir epi kal\u0131nl\u0131\u011f\u0131<\/li>\n<li data-section-id=\"1n6931\" data-start=\"2060\" data-end=\"2109\">T\u00fcm wafer boyunca tek tip katk\u0131lama profilleri<\/li>\n<li data-section-id=\"14l0kap\" data-start=\"2110\" data-end=\"2154\">Y\u00fcksek cihaz verimi i\u00e7in d\u00fc\u015f\u00fck kusur yo\u011funlu\u011fu<\/li>\n<\/ul>\n<p data-start=\"2156\" data-end=\"2277\">Y\u00fcksek kaliteli epitaksi, g\u00fc\u00e7 cihazlar\u0131nda istikrarl\u0131 elektrik performans\u0131 ve uzun vadeli g\u00fcvenilirlik elde etmek i\u00e7in gereklidir.<\/p>\n<h2 data-section-id=\"2gad1q\" data-start=\"2284\" data-end=\"2308\"><img decoding=\"async\" class=\"alignright wp-image-2185 size-medium\" src=\"https:\/\/www.zmsh-semitech.com\/wp-content\/uploads\/2026\/04\/8_inch_sic_epitaxial_wafers_yield_and_efficiency_scalable_power_electronics3-300x300.webp\" alt=\"8 \u0130n\u00e7 200mm SiC Epitaksiyel Gofret\" width=\"300\" height=\"300\" srcset=\"https:\/\/www.zmsh-semitech.com\/wp-content\/uploads\/2026\/04\/8_inch_sic_epitaxial_wafers_yield_and_efficiency_scalable_power_electronics3-300x300.webp 300w, https:\/\/www.zmsh-semitech.com\/wp-content\/uploads\/2026\/04\/8_inch_sic_epitaxial_wafers_yield_and_efficiency_scalable_power_electronics3-150x150.webp 150w, https:\/\/www.zmsh-semitech.com\/wp-content\/uploads\/2026\/04\/8_inch_sic_epitaxial_wafers_yield_and_efficiency_scalable_power_electronics3-768x768.webp 768w, https:\/\/www.zmsh-semitech.com\/wp-content\/uploads\/2026\/04\/8_inch_sic_epitaxial_wafers_yield_and_efficiency_scalable_power_electronics3-12x12.webp 12w, https:\/\/www.zmsh-semitech.com\/wp-content\/uploads\/2026\/04\/8_inch_sic_epitaxial_wafers_yield_and_efficiency_scalable_power_electronics3-600x600.webp 600w, https:\/\/www.zmsh-semitech.com\/wp-content\/uploads\/2026\/04\/8_inch_sic_epitaxial_wafers_yield_and_efficiency_scalable_power_electronics3-100x100.webp 100w, https:\/\/www.zmsh-semitech.com\/wp-content\/uploads\/2026\/04\/8_inch_sic_epitaxial_wafers_yield_and_efficiency_scalable_power_electronics3.webp 800w\" sizes=\"(max-width: 300px) 100vw, 300px\" \/>\u00dcretim S\u00fcreci<\/h2>\n<p data-start=\"2310\" data-end=\"2484\"><strong data-start=\"2310\" data-end=\"2335\">Substrat Haz\u0131rlama<\/strong><br data-start=\"2335\" data-end=\"2338\" \/>Y\u00fcksek safl\u0131kta monokristal SiC substratlar, y\u00fcksek s\u0131cakl\u0131kta b\u00fcy\u00fctme y\u00f6ntemleri kullan\u0131larak \u00fcretilir ve ultra d\u00fc\u015f\u00fck y\u00fczey p\u00fcr\u00fczl\u00fcl\u00fc\u011f\u00fc elde etmek i\u00e7in parlat\u0131l\u0131r.<\/p>\n<p data-start=\"2486\" data-end=\"2667\"><strong data-start=\"2486\" data-end=\"2506\">Epitaksiyel B\u00fcy\u00fcme<\/strong><br data-start=\"2506\" data-end=\"2509\" \/>Epitaksiyel katman, CVD sistemleri kullan\u0131larak y\u00fcksek s\u0131cakl\u0131kta biriktirilir ve 200 mm'lik yonga plakas\u0131 boyunca e\u015fit kal\u0131nl\u0131k ve tutarl\u0131 malzeme \u00f6zellikleri sa\u011flar.<\/p>\n<p data-start=\"2669\" data-end=\"2799\"><strong data-start=\"2669\" data-end=\"2687\">Doping Kontrol\u00fc<\/strong><br data-start=\"2687\" data-end=\"2690\" \/>Farkl\u0131 cihaz mimarilerinin gereksinimlerini kar\u015f\u0131lamak i\u00e7in epitaksiyel b\u00fcy\u00fcme s\u0131ras\u0131nda hassas katk\u0131lama uygulan\u0131r.<\/p>\n<p data-start=\"2801\" data-end=\"2981\"><strong data-start=\"2801\" data-end=\"2829\">Metroloji ve Denetim<\/strong><br data-start=\"2829\" data-end=\"2832\" \/>Her bir yonga plakas\u0131, tutarl\u0131 kaliteyi sa\u011flamak i\u00e7in y\u00fczey analizi, kusur haritalama ve elektriksel karakterizasyon dahil olmak \u00fczere kapsaml\u0131 testlerden ge\u00e7irilir.<\/p>\n<h2 data-section-id=\"1344z7h\" data-start=\"2988\" data-end=\"3001\">Avantajlar<\/h2>\n<p data-start=\"3003\" data-end=\"3162\"><strong data-start=\"3003\" data-end=\"3029\">\u00d6l\u00e7eklenebilir \u00dcretim<\/strong><br data-start=\"3029\" data-end=\"3032\" \/>8 in\u00e7 yonga plakas\u0131 boyutu, yonga plakas\u0131 ba\u015f\u0131na yonga \u00e7\u0131kt\u0131s\u0131n\u0131 \u00f6nemli \u00f6l\u00e7\u00fcde art\u0131rarak \u00fcretim verimlili\u011fini art\u0131r\u0131r ve cihaz ba\u015f\u0131na maliyeti d\u00fc\u015f\u00fcr\u00fcr.<\/p>\n<p data-start=\"3164\" data-end=\"3306\"><strong data-start=\"3164\" data-end=\"3195\">Y\u00fcksek Verimlilik Performans\u0131<\/strong><br data-start=\"3195\" data-end=\"3198\" \/>SiC malzeme \u00f6zellikleri daha d\u00fc\u015f\u00fck anahtarlama kay\u0131plar\u0131, daha y\u00fcksek g\u00fc\u00e7 yo\u011funlu\u011fu ve geli\u015fmi\u015f enerji verimlili\u011fi sa\u011flar.<\/p>\n<p data-start=\"3308\" data-end=\"3456\"><strong data-start=\"3308\" data-end=\"3340\">M\u00fckemmel Termal Y\u00f6netim<\/strong><br data-start=\"3340\" data-end=\"3343\" \/>Y\u00fcksek termal iletkenlik, y\u00fcksek g\u00fc\u00e7 ko\u015fullar\u0131 alt\u0131nda istikrarl\u0131 \u00e7al\u0131\u015fmay\u0131 destekler ve so\u011futma gereksinimlerini azalt\u0131r.<\/p>\n<p data-start=\"3458\" data-end=\"3581\"><strong data-start=\"3458\" data-end=\"3480\">D\u00fc\u015f\u00fck Kusur Yo\u011funlu\u011fu<\/strong><br data-start=\"3480\" data-end=\"3483\" \/>Geli\u015fmi\u015f kristal b\u00fcy\u00fctme ve epitaksiyel s\u00fcre\u00e7ler, y\u00fcksek verim ve g\u00fcvenilir cihaz performans\u0131 sa\u011flar.<\/p>\n<p data-start=\"3583\" data-end=\"3737\"><strong data-start=\"3583\" data-end=\"3608\">Gelece\u011fe Haz\u0131r Platform<\/strong><br data-start=\"3608\" data-end=\"3611\" \/>8 in\u00e7 SiC gofretler, yar\u0131 iletken end\u00fcstrisinin daha b\u00fcy\u00fck gofret formatlar\u0131na ve otomatik seri \u00fcretime y\u00f6nelik e\u011filimiyle uyumludur.<\/p>\n<p data-start=\"3583\" data-end=\"3737\"><img loading=\"lazy\" decoding=\"async\" class=\"wp-image-2178 size-large aligncenter\" src=\"https:\/\/www.zmsh-semitech.com\/wp-content\/uploads\/2026\/04\/applications-1-1024x683.png\" alt=\"\" width=\"1024\" height=\"683\" srcset=\"https:\/\/www.zmsh-semitech.com\/wp-content\/uploads\/2026\/04\/applications-1-1024x683.png 1024w, https:\/\/www.zmsh-semitech.com\/wp-content\/uploads\/2026\/04\/applications-1-300x200.png 300w, https:\/\/www.zmsh-semitech.com\/wp-content\/uploads\/2026\/04\/applications-1-768x512.png 768w, https:\/\/www.zmsh-semitech.com\/wp-content\/uploads\/2026\/04\/applications-1-18x12.png 18w, https:\/\/www.zmsh-semitech.com\/wp-content\/uploads\/2026\/04\/applications-1-600x400.png 600w, https:\/\/www.zmsh-semitech.com\/wp-content\/uploads\/2026\/04\/applications-1.png 1536w\" sizes=\"(max-width: 1024px) 100vw, 1024px\" \/><\/p>\n<h2 data-section-id=\"mu966k\" data-start=\"3744\" data-end=\"3759\">Uygulamalar<\/h2>\n<p data-start=\"3761\" data-end=\"3946\"><strong data-start=\"3761\" data-end=\"3782\">Elektrikli Ara\u00e7lar<\/strong><br data-start=\"3782\" data-end=\"3785\" \/>\u00c7eki\u015f invert\u00f6rlerinde, yerle\u015fik \u015farj cihazlar\u0131nda ve DC-DC d\u00f6n\u00fc\u015ft\u00fcr\u00fcc\u00fclerde kullan\u0131l\u0131r. Daha b\u00fcy\u00fck wafer boyutu, elektrikli ara\u00e7 platformlar\u0131 i\u00e7in y\u00fcksek verimli g\u00fc\u00e7 cihazlar\u0131n\u0131n seri \u00fcretimini destekler.<\/p>\n<p data-start=\"3948\" data-end=\"4103\"><strong data-start=\"3948\" data-end=\"3976\">Yenilenebilir Enerji Sistemleri<\/strong><br data-start=\"3976\" data-end=\"3979\" \/>Uzun s\u00fcreli \u00e7al\u0131\u015fma i\u00e7in verimlilik ve g\u00fcvenilirli\u011fin kritik oldu\u011fu g\u00fcne\u015f invert\u00f6rleri ve r\u00fczgar enerjisi d\u00f6n\u00fc\u015ft\u00fcr\u00fcc\u00fclerinde uygulan\u0131r.<\/p>\n<p data-start=\"4105\" data-end=\"4257\"><strong data-start=\"4105\" data-end=\"4137\">End\u00fcstriyel G\u00fc\u00e7 Elektroni\u011fi<\/strong><br data-start=\"4137\" data-end=\"4140\" \/>Kararl\u0131 ve verimli enerji d\u00f6n\u00fc\u015f\u00fcm\u00fc gerektiren motor s\u00fcr\u00fcc\u00fclerini, otomasyon sistemlerini ve y\u00fcksek g\u00fc\u00e7l\u00fc ekipmanlar\u0131 destekler.<\/p>\n<p data-start=\"4259\" data-end=\"4390\"><strong data-start=\"4259\" data-end=\"4287\">5G ve RF Altyap\u0131s\u0131<\/strong><br data-start=\"4287\" data-end=\"4290\" \/>\u0130leti\u015fim sistemlerinde ve baz istasyonlar\u0131nda kullan\u0131lan y\u00fcksek frekansl\u0131 ve y\u00fcksek g\u00fc\u00e7l\u00fc RF bile\u015fenlerini etkinle\u015ftirir.<\/p>\n<p data-start=\"4392\" data-end=\"4499\"><strong data-start=\"4392\" data-end=\"4422\">T\u00fcketici G\u00fc\u00e7 Elektroni\u011fi<\/strong><br data-start=\"4422\" data-end=\"4425\" \/>Kompakt, y\u00fcksek verimli g\u00fc\u00e7 kaynaklar\u0131nda ve h\u0131zl\u0131 \u015farj sistemlerinde kullan\u0131l\u0131r.<\/p>\n<h2 data-section-id=\"1hryhf7\" data-start=\"4506\" data-end=\"4512\">SSS<\/h2>\n<p data-start=\"4514\" data-end=\"4720\">S1: 8 in\u00e7 SiC gofretlerin ana avantaj\u0131 nedir?<br data-start=\"4565\" data-end=\"4568\" \/>Daha b\u00fcy\u00fck yonga plakas\u0131 boyutu, yonga plakas\u0131 ba\u015f\u0131na yonga say\u0131s\u0131n\u0131 art\u0131rarak cihaz ba\u015f\u0131na \u00fcretim maliyetini \u00f6nemli \u00f6l\u00e7\u00fcde azalt\u0131r ve \u00fcretim verimlili\u011fini art\u0131r\u0131r.<\/p>\n<p data-start=\"4722\" data-end=\"4909\">S2: 8 in\u00e7 SiC teknolojisi olgunla\u015ft\u0131 m\u0131?<br data-start=\"4757\" data-end=\"4760\" \/>\u015eu anda pilot \u00fcretimden erken a\u015fama seri \u00fcretime ge\u00e7mekte ve geli\u015fmi\u015f yar\u0131 iletken \u00fcretiminde giderek daha fazla benimsenmektedir.<\/p>\n<p data-start=\"4911\" data-end=\"5060\">S3: Epitaksiyel katmanlar \u00f6zelle\u015ftirilebilir mi?<br data-start=\"4949\" data-end=\"4952\" \/>Evet, doping tipi, kal\u0131nl\u0131\u011f\u0131 ve elektriksel \u00f6zellikleri belirli cihaz gereksinimlerini kar\u015f\u0131layacak \u015fekilde uyarlanabilir.<\/p>\n<p data-start=\"5062\" data-end=\"5238\">S4: Mevcut \u00fcretim hatlar\u0131 8 in\u00e7 yonga plakalar\u0131 ile uyumlu mu?<br data-start=\"5125\" data-end=\"5128\" \/>Baz\u0131 ekipman y\u00fckseltmeleri gerekebilir, ancak bir\u00e7ok modern fabrika \u015fimdiden 200 mm SiC i\u015fleme i\u00e7in haz\u0131rlan\u0131yor.<\/p>","protected":false},"excerpt":{"rendered":"<p>8 in\u00e7 SiC epitaksiyel wafer, geni\u015f bant aral\u0131kl\u0131 yar\u0131 iletken teknolojisindeki en son geli\u015fmeyi temsil etmektedir. Y\u00fcksek kaliteli epitaksiyel katmana sahip 200 mm SiC substrat \u00fczerine in\u015fa edilen bu \u00fcr\u00fcn, \u00f6l\u00e7eklenebilir, y\u00fcksek verimli g\u00fc\u00e7 cihaz\u0131 \u00fcretimini desteklemek i\u00e7in tasarlanm\u0131\u015ft\u0131r.<\/p>","protected":false},"featured_media":2184,"comment_status":"open","ping_status":"closed","template":"","meta":{"site-sidebar-layout":"default","site-content-layout":"","ast-site-content-layout":"default","site-content-style":"default","site-sidebar-style":"default","ast-global-header-display":"","ast-banner-title-visibility":"","ast-main-header-display":"","ast-hfb-above-header-display":"","ast-hfb-below-header-display":"","ast-hfb-mobile-header-display":"","site-post-title":"","ast-breadcrumbs-content":"","ast-featured-img":"","footer-sml-layout":"","ast-disable-related-posts":"","theme-transparent-header-meta":"default","adv-header-id-meta":"","stick-header-meta":"default","header-above-stick-meta":"","header-main-stick-meta":"","header-below-stick-meta":"","astra-migrate-meta-layouts":"set","ast-page-background-enabled":"default","ast-page-background-meta":{"desktop":{"background-color":"var(--ast-global-color-4)","background-image":"","background-repeat":"repeat","background-position":"center center","background-size":"auto","background-attachment":"scroll","background-type":"","background-media":"","overlay-type":"","overlay-color":"","overlay-opacity":"","overlay-gradient":""},"tablet":{"background-color":"","background-image":"","background-repeat":"repeat","background-position":"center center","background-size":"auto","background-attachment":"scroll","background-type":"","background-media":"","overlay-type":"","overlay-color":"","overlay-opacity":"","overlay-gradient":""},"mobile":{"background-color":"","background-image":"","background-repeat":"repeat","background-position":"center center","background-size":"auto","background-attachment":"scroll","background-type":"","background-media":"","overlay-type":"","overlay-color":"","overlay-opacity":"","overlay-gradient":""}},"ast-content-background-meta":{"desktop":{"background-color":"var(--ast-global-color-5)","background-image":"","background-repeat":"repeat","background-position":"center center","background-size":"auto","background-attachment":"scroll","background-type":"","background-media":"","overlay-type":"","overlay-color":"","overlay-opacity":"","overlay-gradient":""},"tablet":{"background-color":"var(--ast-global-color-5)","background-image":"","background-repeat":"repeat","background-position":"center center","background-size":"auto","background-attachment":"scroll","background-type":"","background-media":"","overlay-type":"","overlay-color":"","overlay-opacity":"","overlay-gradient":""},"mobile":{"background-color":"var(--ast-global-color-5)","background-image":"","background-repeat":"repeat","background-position":"center center","background-size":"auto","background-attachment":"scroll","background-type":"","background-media":"","overlay-type":"","overlay-color":"","overlay-opacity":"","overlay-gradient":""}}},"product_brand":[],"product_cat":[729],"product_tag":[944,735,947,945,943,933,946,948,692],"class_list":{"0":"post-2183","1":"product","2":"type-product","3":"status-publish","4":"has-post-thumbnail","6":"product_cat-wafer","7":"product_tag-200mm-silicon-carbide-wafer","8":"product_tag-8-inch-sic-wafer","9":"product_tag-high-efficiency-power-electronics","10":"product_tag-sic-epi-wafer","11":"product_tag-sic-epitaxial-wafer","12":"product_tag-sic-mosfet-wafer","13":"product_tag-sic-power-device-substrate","14":"product_tag-silicon-carbide-epitaxy","15":"product_tag-wide-bandgap-semiconductor","16":"desktop-align-left","17":"tablet-align-left","18":"mobile-align-left","19":"ast-product-gallery-layout-horizontal-slider","20":"ast-product-tabs-layout-horizontal","22":"first","23":"instock","24":"shipping-taxable","25":"product-type-simple"},"_links":{"self":[{"href":"https:\/\/www.zmsh-semitech.com\/tr\/wp-json\/wp\/v2\/product\/2183","targetHints":{"allow":["GET"]}}],"collection":[{"href":"https:\/\/www.zmsh-semitech.com\/tr\/wp-json\/wp\/v2\/product"}],"about":[{"href":"https:\/\/www.zmsh-semitech.com\/tr\/wp-json\/wp\/v2\/types\/product"}],"replies":[{"embeddable":true,"href":"https:\/\/www.zmsh-semitech.com\/tr\/wp-json\/wp\/v2\/comments?post=2183"}],"version-history":[{"count":1,"href":"https:\/\/www.zmsh-semitech.com\/tr\/wp-json\/wp\/v2\/product\/2183\/revisions"}],"predecessor-version":[{"id":2188,"href":"https:\/\/www.zmsh-semitech.com\/tr\/wp-json\/wp\/v2\/product\/2183\/revisions\/2188"}],"wp:featuredmedia":[{"embeddable":true,"href":"https:\/\/www.zmsh-semitech.com\/tr\/wp-json\/wp\/v2\/media\/2184"}],"wp:attachment":[{"href":"https:\/\/www.zmsh-semitech.com\/tr\/wp-json\/wp\/v2\/media?parent=2183"}],"wp:term":[{"taxonomy":"product_brand","embeddable":true,"href":"https:\/\/www.zmsh-semitech.com\/tr\/wp-json\/wp\/v2\/product_brand?post=2183"},{"taxonomy":"product_cat","embeddable":true,"href":"https:\/\/www.zmsh-semitech.com\/tr\/wp-json\/wp\/v2\/product_cat?post=2183"},{"taxonomy":"product_tag","embeddable":true,"href":"https:\/\/www.zmsh-semitech.com\/tr\/wp-json\/wp\/v2\/product_tag?post=2183"}],"curies":[{"name":"wp","href":"https:\/\/api.w.org\/{rel}","templated":true}]}}