{"id":2173,"date":"2026-04-14T03:08:56","date_gmt":"2026-04-14T03:08:56","guid":{"rendered":"https:\/\/www.zmsh-semitech.com\/?post_type=product&#038;p=2173"},"modified":"2026-04-14T03:08:59","modified_gmt":"2026-04-14T03:08:59","slug":"4-inch-100mm-hpsi-silicon-carbide-wafer","status":"publish","type":"product","link":"https:\/\/www.zmsh-semitech.com\/tr\/product\/4-inch-100mm-hpsi-silicon-carbide-wafer\/","title":{"rendered":"4 \u0130n\u00e7 100mm HPSI Silisyum Karb\u00fcr Gofret"},"content":{"rendered":"<p data-start=\"202\" data-end=\"487\"><img fetchpriority=\"high\" decoding=\"async\" class=\"alignright wp-image-2177 size-medium\" src=\"https:\/\/www.zmsh-semitech.com\/wp-content\/uploads\/2026\/04\/silicon_carbide_wafer_4inch_hpsi_350um_widely_used_for_ar_glasses2-300x300.webp\" alt=\"4 \u0130n\u00e7 100mm HPSI Silisyum Karb\u00fcr Gofret\" width=\"300\" height=\"300\" srcset=\"https:\/\/www.zmsh-semitech.com\/wp-content\/uploads\/2026\/04\/silicon_carbide_wafer_4inch_hpsi_350um_widely_used_for_ar_glasses2-300x300.webp 300w, https:\/\/www.zmsh-semitech.com\/wp-content\/uploads\/2026\/04\/silicon_carbide_wafer_4inch_hpsi_350um_widely_used_for_ar_glasses2-150x150.webp 150w, https:\/\/www.zmsh-semitech.com\/wp-content\/uploads\/2026\/04\/silicon_carbide_wafer_4inch_hpsi_350um_widely_used_for_ar_glasses2-768x768.webp 768w, https:\/\/www.zmsh-semitech.com\/wp-content\/uploads\/2026\/04\/silicon_carbide_wafer_4inch_hpsi_350um_widely_used_for_ar_glasses2-12x12.webp 12w, https:\/\/www.zmsh-semitech.com\/wp-content\/uploads\/2026\/04\/silicon_carbide_wafer_4inch_hpsi_350um_widely_used_for_ar_glasses2-600x600.webp 600w, https:\/\/www.zmsh-semitech.com\/wp-content\/uploads\/2026\/04\/silicon_carbide_wafer_4inch_hpsi_350um_widely_used_for_ar_glasses2-100x100.webp 100w, https:\/\/www.zmsh-semitech.com\/wp-content\/uploads\/2026\/04\/silicon_carbide_wafer_4inch_hpsi_350um_widely_used_for_ar_glasses2.webp 800w\" sizes=\"(max-width: 300px) 100vw, 300px\" \/>4 in\u00e7 HPSI silisyum karb\u00fcr gofret, geli\u015fmi\u015f RF, mikrodalga ve optoelektronik uygulamalar i\u00e7in tasarlanm\u0131\u015f y\u00fcksek safl\u0131kta yar\u0131 yal\u0131t\u0131ml\u0131 bir alt tabakad\u0131r. HPSI, son derece y\u00fcksek diren\u00e7 ve m\u00fckemmel elektriksel izolasyon ile karakterize edilen y\u00fcksek safl\u0131kta yar\u0131 izolasyon malzemesini ifade eder.<\/p>\n<p data-start=\"489\" data-end=\"899\">Silisyum karb\u00fcr, silisyum ve karbondan olu\u015fan geni\u015f bant aral\u0131kl\u0131 bir yar\u0131 iletkendir. Geleneksel silikon gofretlerle kar\u015f\u0131la\u015ft\u0131r\u0131ld\u0131\u011f\u0131nda, \u00fcst\u00fcn termal iletkenlik, daha y\u00fcksek ar\u0131za elektrik alan\u0131 ve a\u015f\u0131r\u0131 \u00e7al\u0131\u015fma ko\u015fullar\u0131 alt\u0131nda daha iyi performans sunar. Yar\u0131 yal\u0131t\u0131m formunda SiC, parazit iletimi \u00f6nemli \u00f6l\u00e7\u00fcde azaltarak y\u00fcksek frekansl\u0131 ve y\u00fcksek g\u00fc\u00e7l\u00fc elektronik cihazlar i\u00e7in ideal bir platform haline getirir.<\/p>\n<p data-start=\"901\" data-end=\"1198\">Bu 4 in\u00e7lik wafer format\u0131, maliyet, olgunluk ve s\u00fcre\u00e7 uyumlulu\u011fu dengesi nedeniyle hem ara\u015ft\u0131rma hem de end\u00fcstriyel \u00fcretimde yayg\u0131n olarak kullan\u0131lmaktad\u0131r. \u00d6zellikle RF cihazlar\u0131, 5G ileti\u015fim sistemleri, radar mod\u00fclleri ve AR dalga k\u0131lavuzu bile\u015fenleri gibi geli\u015fmekte olan optik teknolojiler i\u00e7in uygundur.<\/p>\n<h2 data-section-id=\"1a3ueyz\" data-start=\"1205\" data-end=\"1222\">Teknik \u00d6zellikler<\/h2>\n<div class=\"TyagGW_tableContainer\">\n<div class=\"group TyagGW_tableWrapper flex flex-col-reverse w-fit\" tabindex=\"-1\">\n<table class=\"w-fit min-w-(--thread-content-width)\" data-start=\"1224\" data-end=\"1626\">\n<thead data-start=\"1224\" data-end=\"1245\">\n<tr data-start=\"1224\" data-end=\"1245\">\n<th class=\"\" data-start=\"1224\" data-end=\"1236\" data-col-size=\"sm\">Parametre<\/th>\n<th class=\"\" data-start=\"1236\" data-end=\"1245\" data-col-size=\"sm\">De\u011fer<\/th>\n<\/tr>\n<\/thead>\n<tbody data-start=\"1266\" data-end=\"1626\">\n<tr data-start=\"1266\" data-end=\"1293\">\n<td data-start=\"1266\" data-end=\"1277\" data-col-size=\"sm\">\u00c7ap<\/td>\n<td data-col-size=\"sm\" data-start=\"1277\" data-end=\"1293\">100 \u00b1 0,5 mm<\/td>\n<\/tr>\n<tr data-start=\"1294\" data-end=\"1316\">\n<td data-start=\"1294\" data-end=\"1306\" data-col-size=\"sm\">Kal\u0131nl\u0131k<\/td>\n<td data-col-size=\"sm\" data-start=\"1306\" data-end=\"1316\">350 \u03bcm<\/td>\n<\/tr>\n<tr data-start=\"1317\" data-end=\"1350\">\n<td data-start=\"1317\" data-end=\"1328\" data-col-size=\"sm\">Malzeme<\/td>\n<td data-col-size=\"sm\" data-start=\"1328\" data-end=\"1350\">SiC tek kristal<\/td>\n<\/tr>\n<tr data-start=\"1351\" data-end=\"1384\">\n<td data-start=\"1351\" data-end=\"1358\" data-col-size=\"sm\">Tip<\/td>\n<td data-col-size=\"sm\" data-start=\"1358\" data-end=\"1384\">HPSI (yar\u0131 izolasyonlu)<\/td>\n<\/tr>\n<tr data-start=\"1385\" data-end=\"1423\">\n<td data-start=\"1385\" data-end=\"1399\" data-col-size=\"sm\">Diren\u00e7lilik<\/td>\n<td data-col-size=\"sm\" data-start=\"1399\" data-end=\"1423\">\u22651E5 ila \u22651E10 ohm-cm<\/td>\n<\/tr>\n<tr data-start=\"1424\" data-end=\"1463\">\n<td data-start=\"1424\" data-end=\"1444\" data-col-size=\"sm\">Y\u00fczey P\u00fcr\u00fczl\u00fcl\u00fc\u011f\u00fc<\/td>\n<td data-col-size=\"sm\" data-start=\"1444\" data-end=\"1463\">CMP Ra \u2264 0,2 nm<\/td>\n<\/tr>\n<tr data-start=\"1464\" data-end=\"1481\">\n<td data-start=\"1464\" data-end=\"1470\" data-col-size=\"sm\">TTV<\/td>\n<td data-col-size=\"sm\" data-start=\"1470\" data-end=\"1481\">\u2264 10 \u03bcm<\/td>\n<\/tr>\n<tr data-start=\"1482\" data-end=\"1500\">\n<td data-start=\"1482\" data-end=\"1489\" data-col-size=\"sm\">\u00c7\u00f6zg\u00fc<\/td>\n<td data-start=\"1489\" data-end=\"1500\" data-col-size=\"sm\">\u2264 30 \u03bcm<\/td>\n<\/tr>\n<tr data-start=\"1501\" data-end=\"1553\">\n<td data-start=\"1501\" data-end=\"1515\" data-col-size=\"sm\">Oryantasyon<\/td>\n<td data-col-size=\"sm\" data-start=\"1515\" data-end=\"1553\">Eksen i\u00e7i  veya eksen d\u0131\u015f\u0131 se\u00e7enekleri<\/td>\n<\/tr>\n<tr data-start=\"1554\" data-end=\"1584\">\n<td data-start=\"1554\" data-end=\"1561\" data-col-size=\"sm\">Kenar<\/td>\n<td data-col-size=\"sm\" data-start=\"1561\" data-end=\"1584\">Standart SEMI e\u011fim<\/td>\n<\/tr>\n<tr data-start=\"1585\" data-end=\"1626\">\n<td data-start=\"1585\" data-end=\"1593\" data-col-size=\"sm\">S\u0131n\u0131f<\/td>\n<td data-start=\"1593\" data-end=\"1626\" data-col-size=\"sm\">\u00dcretim \/ Ara\u015ft\u0131rma \/ Kukla<\/td>\n<\/tr>\n<\/tbody>\n<\/table>\n<\/div>\n<\/div>\n<p data-start=\"1628\" data-end=\"1790\">Bu parametreler, epitaksiyel b\u00fcy\u00fcme ve hassas cihaz \u00fcretimi i\u00e7in gerekli olan y\u00fcksek y\u00fczey kalitesi, d\u00fc\u015f\u00fck kusur yo\u011funlu\u011fu ve kararl\u0131 mekanik \u00f6zellikler sa\u011flar.<\/p>\n<h2 data-section-id=\"1p4die8\" data-start=\"1797\" data-end=\"1824\">Malzeme \u00d6zellikleri<img decoding=\"async\" class=\"size-medium wp-image-2176 alignright\" src=\"https:\/\/www.zmsh-semitech.com\/wp-content\/uploads\/2026\/04\/silicon_carbide_wafer_4inch_hpsi_350um_widely_used_for_ar_glasses3-300x300.webp\" alt=\"\" width=\"300\" height=\"300\" srcset=\"https:\/\/www.zmsh-semitech.com\/wp-content\/uploads\/2026\/04\/silicon_carbide_wafer_4inch_hpsi_350um_widely_used_for_ar_glasses3-300x300.webp 300w, https:\/\/www.zmsh-semitech.com\/wp-content\/uploads\/2026\/04\/silicon_carbide_wafer_4inch_hpsi_350um_widely_used_for_ar_glasses3-150x150.webp 150w, https:\/\/www.zmsh-semitech.com\/wp-content\/uploads\/2026\/04\/silicon_carbide_wafer_4inch_hpsi_350um_widely_used_for_ar_glasses3-768x768.webp 768w, https:\/\/www.zmsh-semitech.com\/wp-content\/uploads\/2026\/04\/silicon_carbide_wafer_4inch_hpsi_350um_widely_used_for_ar_glasses3-12x12.webp 12w, https:\/\/www.zmsh-semitech.com\/wp-content\/uploads\/2026\/04\/silicon_carbide_wafer_4inch_hpsi_350um_widely_used_for_ar_glasses3-600x600.webp 600w, https:\/\/www.zmsh-semitech.com\/wp-content\/uploads\/2026\/04\/silicon_carbide_wafer_4inch_hpsi_350um_widely_used_for_ar_glasses3-100x100.webp 100w, https:\/\/www.zmsh-semitech.com\/wp-content\/uploads\/2026\/04\/silicon_carbide_wafer_4inch_hpsi_350um_widely_used_for_ar_glasses3.webp 800w\" sizes=\"(max-width: 300px) 100vw, 300px\" \/><\/h2>\n<p data-start=\"1826\" data-end=\"2024\">Silisyum karb\u00fcr en \u00f6nemli \u00fc\u00e7\u00fcnc\u00fc nesil yar\u0131 iletken malzemelerden biridir. Geni\u015f bant aral\u0131\u011f\u0131, cihazlar\u0131n silikona k\u0131yasla daha d\u00fc\u015f\u00fck ka\u00e7ak ak\u0131mlarla daha y\u00fcksek voltajlarda \u00e7al\u0131\u015fmas\u0131n\u0131 sa\u011flar.<\/p>\n<p data-start=\"2026\" data-end=\"2253\">HPSI gofretler i\u00e7in belirleyici \u00f6zellik, son derece y\u00fcksek diren\u00e7leridir. Bu \u00f6zellik, RF ve mikrodalga uygulamalar\u0131nda sinyal b\u00fct\u00fcnl\u00fc\u011f\u00fcn\u00fc korumak i\u00e7in kritik olan alt tabaka i\u00e7indeki istenmeyen ak\u0131m ak\u0131\u015f\u0131n\u0131 en aza indirir.<\/p>\n<p data-start=\"2255\" data-end=\"2478\">Termal iletkenlik, geleneksel yar\u0131 iletken malzemelerden \u00f6nemli \u00f6l\u00e7\u00fcde daha y\u00fcksektir ve y\u00fcksek g\u00fc\u00e7te \u00e7al\u0131\u015fma s\u0131ras\u0131nda verimli \u0131s\u0131 da\u011f\u0131l\u0131m\u0131na izin verir. Bu, termal stresi azalt\u0131r ve uzun vadeli g\u00fcvenilirli\u011fi art\u0131r\u0131r.<\/p>\n<p data-start=\"2480\" data-end=\"2761\">SiC ayn\u0131 zamanda y\u00fcksek bir ar\u0131za elektrik alan\u0131 sergileyerek cihazlar\u0131n boyutunu art\u0131rmadan y\u00fcksek voltajla \u00e7al\u0131\u015fmas\u0131n\u0131 sa\u011flar. Buna ek olarak, malzeme y\u00fcksek s\u0131cakl\u0131k, y\u00fcksek frekans ve radyasyona maruz kalma alt\u0131nda istikrarl\u0131 performans\u0131n\u0131 koruyarak zorlu ortamlar i\u00e7in uygun hale gelir.<\/p>\n<h2 data-section-id=\"mu966k\" data-start=\"2768\" data-end=\"2783\">Uygulamalar<\/h2>\n<p data-start=\"2785\" data-end=\"3075\"><strong data-start=\"2785\" data-end=\"2813\">RF ve Mikrodalga Cihazlar\u0131<\/strong><br data-start=\"2813\" data-end=\"2816\" \/>HPSI silisyum karb\u00fcr gofretler, RF amplifikat\u00f6rleri ve y\u00fcksek frekansl\u0131 devreler i\u00e7in alt tabaka olarak yayg\u0131n \u015fekilde kullan\u0131lmaktad\u0131r. Y\u00fcksek diren\u00e7leri parazit kay\u0131plar\u0131n\u0131 azalt\u0131r ve sinyal iletim verimlili\u011fini art\u0131r\u0131r, bu da onlar\u0131 geli\u015fmi\u015f ileti\u015fim elektroni\u011fi i\u00e7in gerekli k\u0131lar.<\/p>\n<p data-start=\"3077\" data-end=\"3378\"><strong data-start=\"3077\" data-end=\"3112\">5G \u0130leti\u015fim Altyap\u0131s\u0131<\/strong><br data-start=\"3112\" data-end=\"3115\" \/>5G sistemlerinde cihazlar daha y\u00fcksek frekanslarda \u00e7al\u0131\u015f\u0131r ve m\u00fckemmel elektrik izolasyonuna sahip malzemeler gerektirir. HPSI SiC wafer'lar baz istasyonlar\u0131nda ve kablosuz mod\u00fcllerde istikrarl\u0131 performans\u0131 destekleyerek daha y\u00fcksek veri aktar\u0131m verimlili\u011fi ve daha az enerji kayb\u0131 sa\u011flar.<\/p>\n<p data-start=\"3380\" data-end=\"3668\"><strong data-start=\"3380\" data-end=\"3414\">AR G\u00f6zl\u00fckleri ve Optik Sistemler<\/strong><br data-start=\"3414\" data-end=\"3417\" \/>Art\u0131r\u0131lm\u0131\u015f ger\u00e7eklik cihazlar\u0131nda SiC levhalar optik ve dalga k\u0131lavuzuyla ilgili bile\u015fenlerde kullan\u0131lmaktad\u0131r. Yap\u0131sal kararl\u0131l\u0131klar\u0131 ve hassas i\u015fleme teknolojileriyle uyumluluklar\u0131, kompakt ve y\u00fcksek performansl\u0131 optik sistemlerin geli\u015ftirilmesini desteklemektedir.<\/p>\n<p data-start=\"3670\" data-end=\"3939\"><strong data-start=\"3670\" data-end=\"3699\">Radar ve Savunma Sistemleri<\/strong><br data-start=\"3699\" data-end=\"3702\" \/>HPSI SiC alt tabakalar\u0131, y\u00fcksek g\u00fc\u00e7, y\u00fcksek frekans ve g\u00fcvenilirlik gerektiren radar ve savunma elektroni\u011fi i\u00e7in uygundur. Y\u00fcksek s\u0131cakl\u0131k ve radyasyon dahil olmak \u00fczere a\u015f\u0131r\u0131 \u00e7evresel ko\u015fullar alt\u0131nda kararl\u0131 \u00e7al\u0131\u015fmay\u0131 s\u00fcrd\u00fcr\u00fcrler.<\/p>\n<p data-start=\"3941\" data-end=\"4136\"><strong data-start=\"3941\" data-end=\"3967\">Optoelektronik Cihazlar<\/strong><br data-start=\"3967\" data-end=\"3970\" \/>Bu gofretler, elektriksel izolasyon ve termal performans\u0131n cihaz verimlili\u011fi ve kararl\u0131l\u0131\u011f\u0131 i\u00e7in kritik \u00f6nem ta\u015f\u0131d\u0131\u011f\u0131 optoelektronik ve fotonik cihazlarda da kullan\u0131lmaktad\u0131r.<\/p>\n<p data-start=\"3941\" data-end=\"4136\"><img decoding=\"async\" class=\"wp-image-2178 size-large aligncenter\" src=\"https:\/\/www.zmsh-semitech.com\/wp-content\/uploads\/2026\/04\/applications-1-1024x683.png\" alt=\"\" width=\"1024\" height=\"683\" srcset=\"https:\/\/www.zmsh-semitech.com\/wp-content\/uploads\/2026\/04\/applications-1-1024x683.png 1024w, https:\/\/www.zmsh-semitech.com\/wp-content\/uploads\/2026\/04\/applications-1-300x200.png 300w, https:\/\/www.zmsh-semitech.com\/wp-content\/uploads\/2026\/04\/applications-1-768x512.png 768w, https:\/\/www.zmsh-semitech.com\/wp-content\/uploads\/2026\/04\/applications-1-18x12.png 18w, https:\/\/www.zmsh-semitech.com\/wp-content\/uploads\/2026\/04\/applications-1-600x400.png 600w, https:\/\/www.zmsh-semitech.com\/wp-content\/uploads\/2026\/04\/applications-1.png 1536w\" sizes=\"(max-width: 1024px) 100vw, 1024px\" \/><\/p>\n<h2 data-section-id=\"105f916\" data-start=\"4143\" data-end=\"4162\">Mevcut S\u0131n\u0131flar<\/h2>\n<p data-start=\"4164\" data-end=\"4275\">\u00dcretim s\u0131n\u0131f\u0131<br data-start=\"4180\" data-end=\"4183\" \/>S\u0131k\u0131 kalite kontrol ve d\u00fc\u015f\u00fck hata yo\u011funlu\u011funa sahip ticari cihaz \u00fcretimi i\u00e7in kullan\u0131l\u0131r.<\/p>\n<p data-start=\"4277\" data-end=\"4365\">Ara\u015ft\u0131rma notu<br data-start=\"4291\" data-end=\"4294\" \/>Laboratuvar geli\u015ftirme, test ve proses optimizasyonu i\u00e7in uygundur.<\/p>\n<p data-start=\"4367\" data-end=\"4455\">Kukla notu<br data-start=\"4378\" data-end=\"4381\" \/>Ekipman kalibrasyonunda, proses testlerinde ve fonksiyonel olmayan kullan\u0131mda uygulan\u0131r.<\/p>\n<h2 data-section-id=\"19b7k0q\" data-start=\"4462\" data-end=\"4485\">Si ve SiC Kar\u015f\u0131la\u015ft\u0131rmas\u0131<\/h2>\n<div class=\"TyagGW_tableContainer\">\n<div class=\"group TyagGW_tableWrapper flex flex-col-reverse w-fit\" tabindex=\"-1\">\n<table class=\"w-fit min-w-(--thread-content-width)\" data-start=\"4487\" data-end=\"4792\">\n<thead data-start=\"4487\" data-end=\"4527\">\n<tr data-start=\"4487\" data-end=\"4527\">\n<th class=\"\" data-start=\"4487\" data-end=\"4498\" data-col-size=\"sm\">M\u00fclkiyet<\/th>\n<th class=\"\" data-start=\"4498\" data-end=\"4508\" data-col-size=\"sm\">Silikon<\/th>\n<th class=\"\" data-start=\"4508\" data-end=\"4527\" data-col-size=\"sm\">Silisyum Karb\u00fcr<\/th>\n<\/tr>\n<\/thead>\n<tbody data-start=\"4568\" data-end=\"4792\">\n<tr data-start=\"4568\" data-end=\"4600\">\n<td data-start=\"4568\" data-end=\"4578\" data-col-size=\"sm\">Bant aral\u0131\u011f\u0131<\/td>\n<td data-col-size=\"sm\" data-start=\"4578\" data-end=\"4588\">1,12 eV<\/td>\n<td data-col-size=\"sm\" data-start=\"4588\" data-end=\"4600\">~3,26 eV<\/td>\n<\/tr>\n<tr data-start=\"4601\" data-end=\"4641\">\n<td data-start=\"4601\" data-end=\"4615\" data-col-size=\"sm\">Diren\u00e7lilik<\/td>\n<td data-col-size=\"sm\" data-start=\"4615\" data-end=\"4621\">D\u00fc\u015f\u00fck<\/td>\n<td data-col-size=\"sm\" data-start=\"4621\" data-end=\"4641\">\u00c7ok y\u00fcksek (HPSI)<\/td>\n<\/tr>\n<tr data-start=\"4642\" data-end=\"4684\">\n<td data-start=\"4642\" data-end=\"4665\" data-col-size=\"sm\">Termal \u0130letkenlik<\/td>\n<td data-col-size=\"sm\" data-start=\"4665\" data-end=\"4676\">Orta d\u00fczeyde<\/td>\n<td data-col-size=\"sm\" data-start=\"4676\" data-end=\"4684\">Y\u00fcksek<\/td>\n<\/tr>\n<tr data-start=\"4685\" data-end=\"4731\">\n<td data-start=\"4685\" data-end=\"4708\" data-col-size=\"sm\">Frekans Kabiliyeti<\/td>\n<td data-col-size=\"sm\" data-start=\"4708\" data-end=\"4718\">S\u0131n\u0131rl\u0131<\/td>\n<td data-col-size=\"sm\" data-start=\"4718\" data-end=\"4731\">M\u00fckemmel<\/td>\n<\/tr>\n<tr data-start=\"4732\" data-end=\"4792\">\n<td data-start=\"4732\" data-end=\"4752\" data-col-size=\"sm\">Uygulama Oda\u011f\u0131<\/td>\n<td data-col-size=\"sm\" data-start=\"4752\" data-end=\"4767\">Mant\u0131k ve IC<\/td>\n<td data-col-size=\"sm\" data-start=\"4767\" data-end=\"4792\">RF ve y\u00fcksek frekans<\/td>\n<\/tr>\n<\/tbody>\n<\/table>\n<\/div>\n<\/div>\n<p data-start=\"4794\" data-end=\"4938\">Silisyum geleneksel elektronikte bask\u0131n olmaya devam ederken, silisyum karb\u00fcr y\u00fcksek frekansl\u0131 ve y\u00fcksek performansl\u0131 sistemlerde giderek daha fazla kullan\u0131lmaktad\u0131r.<\/p>\n<h2 data-section-id=\"1hryhf7\" data-start=\"4945\" data-end=\"4951\">SSS<\/h2>\n<p data-start=\"4953\" data-end=\"5169\">S: HPSI silisyum karb\u00fcr gofret nedir?<br data-start=\"4994\" data-end=\"4997\" \/>Bir HPSI gofreti, RF, mikrodalga ve optoelektronik uygulamalar i\u00e7in tasarlanm\u0131\u015f, \u00e7ok y\u00fcksek elektrik direncine sahip, y\u00fcksek safl\u0131kta yar\u0131 yal\u0131t\u0131ml\u0131 bir silikon karb\u00fcr substratt\u0131r.<\/p>\n<p data-start=\"5171\" data-end=\"5374\">S: Y\u00fcksek diren\u00e7 neden \u00f6nemlidir?<br data-start=\"5208\" data-end=\"5211\" \/>Y\u00fcksek diren\u00e7, y\u00fcksek frekansl\u0131 cihazlarda verimlili\u011fi ve sinyal b\u00fct\u00fcnl\u00fc\u011f\u00fcn\u00fc korumak i\u00e7in kritik olan parazitik iletimi ve sinyal giri\u015fimini azalt\u0131r.<\/p>\n<p data-start=\"5376\" data-end=\"5596\">S: Silisyum karb\u00fcr optik uygulamalar i\u00e7in uygun mudur?<br data-start=\"5432\" data-end=\"5435\" \/>Evet, silisyum karb\u00fcr, termal kararl\u0131l\u0131\u011f\u0131 ve geli\u015fmi\u015f \u00fcretim s\u00fcre\u00e7leriyle uyumlulu\u011fu nedeniyle belirli optik ve fotonik uygulamalarda kullan\u0131labilir.<\/p>","protected":false},"excerpt":{"rendered":"<p>4 in\u00e7 HPSI silisyum karb\u00fcr gofret, y\u00fcksek frekansl\u0131 ve yeni nesil elektronik sistemler i\u00e7in \u00f6nemli bir malzemedir. Y\u00fcksek diren\u00e7, termal performans ve yap\u0131sal kararl\u0131l\u0131k kombinasyonu, onu RF cihazlar\u0131, ileti\u015fim altyap\u0131s\u0131 ve geli\u015fmekte olan optik teknolojiler i\u00e7in ideal bir se\u00e7im haline getirmektedir. Y\u00fcksek verimli ve y\u00fcksek frekansl\u0131 sistemlere olan talep artmaya devam ettik\u00e7e, HPSI SiC alt tabakalar geli\u015fmi\u015f yar\u0131 iletken uygulamalar\u0131nda giderek daha \u00f6nemli hale gelmektedir.<\/p>","protected":false},"featured_media":2174,"comment_status":"open","ping_status":"closed","template":"","meta":{"site-sidebar-layout":"default","site-content-layout":"","ast-site-content-layout":"default","site-content-style":"default","site-sidebar-style":"default","ast-global-header-display":"","ast-banner-title-visibility":"","ast-main-header-display":"","ast-hfb-above-header-display":"","ast-hfb-below-header-display":"","ast-hfb-mobile-header-display":"","site-post-title":"","ast-breadcrumbs-content":"","ast-featured-img":"","footer-sml-layout":"","ast-disable-related-posts":"","theme-transparent-header-meta":"default","adv-header-id-meta":"","stick-header-meta":"default","header-above-stick-meta":"","header-main-stick-meta":"","header-below-stick-meta":"","astra-migrate-meta-layouts":"set","ast-page-background-enabled":"default","ast-page-background-meta":{"desktop":{"background-color":"var(--ast-global-color-4)","background-image":"","background-repeat":"repeat","background-position":"center center","background-size":"auto","background-attachment":"scroll","background-type":"","background-media":"","overlay-type":"","overlay-color":"","overlay-opacity":"","overlay-gradient":""},"tablet":{"background-color":"","background-image":"","background-repeat":"repeat","background-position":"center center","background-size":"auto","background-attachment":"scroll","background-type":"","background-media":"","overlay-type":"","overlay-color":"","overlay-opacity":"","overlay-gradient":""},"mobile":{"background-color":"","background-image":"","background-repeat":"repeat","background-position":"center center","background-size":"auto","background-attachment":"scroll","background-type":"","background-media":"","overlay-type":"","overlay-color":"","overlay-opacity":"","overlay-gradient":""}},"ast-content-background-meta":{"desktop":{"background-color":"var(--ast-global-color-5)","background-image":"","background-repeat":"repeat","background-position":"center center","background-size":"auto","background-attachment":"scroll","background-type":"","background-media":"","overlay-type":"","overlay-color":"","overlay-opacity":"","overlay-gradient":""},"tablet":{"background-color":"var(--ast-global-color-5)","background-image":"","background-repeat":"repeat","background-position":"center center","background-size":"auto","background-attachment":"scroll","background-type":"","background-media":"","overlay-type":"","overlay-color":"","overlay-opacity":"","overlay-gradient":""},"mobile":{"background-color":"var(--ast-global-color-5)","background-image":"","background-repeat":"repeat","background-position":"center center","background-size":"auto","background-attachment":"scroll","background-type":"","background-media":"","overlay-type":"","overlay-color":"","overlay-opacity":"","overlay-gradient":""}}},"product_brand":[],"product_cat":[729],"product_tag":[930,938,936,937,940,941,942,939,927,692],"class_list":{"0":"post-2173","1":"product","2":"type-product","3":"status-publish","4":"has-post-thumbnail","6":"product_cat-wafer","7":"product_tag-4-inch-sic-wafer","8":"product_tag-high-resistivity-sic","9":"product_tag-hpsi-silicon-carbide-wafer","10":"product_tag-semi-insulating-sic","11":"product_tag-sic-for-5g","12":"product_tag-sic-for-ar-glasses","13":"product_tag-sic-optical-substrate","14":"product_tag-sic-rf-substrate","15":"product_tag-silicon-carbide-wafer","16":"product_tag-wide-bandgap-semiconductor","17":"desktop-align-left","18":"tablet-align-left","19":"mobile-align-left","20":"ast-product-gallery-layout-horizontal-slider","21":"ast-product-tabs-layout-horizontal","23":"first","24":"instock","25":"shipping-taxable","26":"product-type-simple"},"_links":{"self":[{"href":"https:\/\/www.zmsh-semitech.com\/tr\/wp-json\/wp\/v2\/product\/2173","targetHints":{"allow":["GET"]}}],"collection":[{"href":"https:\/\/www.zmsh-semitech.com\/tr\/wp-json\/wp\/v2\/product"}],"about":[{"href":"https:\/\/www.zmsh-semitech.com\/tr\/wp-json\/wp\/v2\/types\/product"}],"replies":[{"embeddable":true,"href":"https:\/\/www.zmsh-semitech.com\/tr\/wp-json\/wp\/v2\/comments?post=2173"}],"version-history":[{"count":1,"href":"https:\/\/www.zmsh-semitech.com\/tr\/wp-json\/wp\/v2\/product\/2173\/revisions"}],"predecessor-version":[{"id":2179,"href":"https:\/\/www.zmsh-semitech.com\/tr\/wp-json\/wp\/v2\/product\/2173\/revisions\/2179"}],"wp:featuredmedia":[{"embeddable":true,"href":"https:\/\/www.zmsh-semitech.com\/tr\/wp-json\/wp\/v2\/media\/2174"}],"wp:attachment":[{"href":"https:\/\/www.zmsh-semitech.com\/tr\/wp-json\/wp\/v2\/media?parent=2173"}],"wp:term":[{"taxonomy":"product_brand","embeddable":true,"href":"https:\/\/www.zmsh-semitech.com\/tr\/wp-json\/wp\/v2\/product_brand?post=2173"},{"taxonomy":"product_cat","embeddable":true,"href":"https:\/\/www.zmsh-semitech.com\/tr\/wp-json\/wp\/v2\/product_cat?post=2173"},{"taxonomy":"product_tag","embeddable":true,"href":"https:\/\/www.zmsh-semitech.com\/tr\/wp-json\/wp\/v2\/product_tag?post=2173"}],"curies":[{"name":"wp","href":"https:\/\/api.w.org\/{rel}","templated":true}]}}