{"id":2154,"date":"2026-04-09T07:52:50","date_gmt":"2026-04-09T07:52:50","guid":{"rendered":"https:\/\/www.zmsh-semitech.com\/?post_type=product&#038;p=2154"},"modified":"2026-04-09T09:41:00","modified_gmt":"2026-04-09T09:41:00","slug":"hp-8201-fully-automatic-8-inch-wafer-dicing-machine","status":"publish","type":"product","link":"https:\/\/www.zmsh-semitech.com\/tr\/product\/hp-8201-fully-automatic-8-inch-wafer-dicing-machine\/","title":{"rendered":"HP-8201 Tam Otomatik 8 \u0130n\u00e7 Gofret K\u00fcp Kesme Makinesi"},"content":{"rendered":"<p data-start=\"203\" data-end=\"763\"><img fetchpriority=\"high\" decoding=\"async\" class=\"size-medium wp-image-2157 alignright\" src=\"https:\/\/www.zmsh-semitech.com\/wp-content\/uploads\/2026\/04\/HP-8201-Fully-Automatic-8-Inch-Wafer-Dicing-Machine-1-300x300.png\" alt=\"\" width=\"300\" height=\"300\" srcset=\"https:\/\/www.zmsh-semitech.com\/wp-content\/uploads\/2026\/04\/HP-8201-Fully-Automatic-8-Inch-Wafer-Dicing-Machine-1-300x300.png 300w, https:\/\/www.zmsh-semitech.com\/wp-content\/uploads\/2026\/04\/HP-8201-Fully-Automatic-8-Inch-Wafer-Dicing-Machine-1-150x150.png 150w, https:\/\/www.zmsh-semitech.com\/wp-content\/uploads\/2026\/04\/HP-8201-Fully-Automatic-8-Inch-Wafer-Dicing-Machine-1-768x768.png 768w, https:\/\/www.zmsh-semitech.com\/wp-content\/uploads\/2026\/04\/HP-8201-Fully-Automatic-8-Inch-Wafer-Dicing-Machine-1-12x12.png 12w, https:\/\/www.zmsh-semitech.com\/wp-content\/uploads\/2026\/04\/HP-8201-Fully-Automatic-8-Inch-Wafer-Dicing-Machine-1-600x600.png 600w, https:\/\/www.zmsh-semitech.com\/wp-content\/uploads\/2026\/04\/HP-8201-Fully-Automatic-8-Inch-Wafer-Dicing-Machine-1-100x100.png 100w, https:\/\/www.zmsh-semitech.com\/wp-content\/uploads\/2026\/04\/HP-8201-Fully-Automatic-8-Inch-Wafer-Dicing-Machine-1.png 1000w\" sizes=\"(max-width: 300px) 100vw, 300px\" \/>HP-8201, yar\u0131 iletken ve kristal malzemelerin hassas kesimi i\u00e7in tasarlanm\u0131\u015f y\u00fcksek verimli, tam otomatik bir wafer kesme makinesidir. \u00c7ap\u0131 8 in\u00e7'e kadar olan gofretleri bar\u0131nd\u0131racak \u015fekilde tasarlanan bu geli\u015fmi\u015f kesme sistemi, Silikon (Si), Silikon Karb\u00fcr (SiC), Lityum Tantalat (LT) ve Lityum Niobat (LN) dahil olmak \u00fczere geni\u015f bir malzeme yelpazesini destekler. HP-8201 h\u0131z, do\u011fruluk ve otomasyonu tek bir platformda birle\u015ftirerek y\u00fcksek hacimli \u00fcretim ortamlar\u0131 ve \u00f6zel yonga plakas\u0131 i\u015fleme ihtiya\u00e7lar\u0131 i\u00e7in eksiksiz bir \u00e7\u00f6z\u00fcm sunar.<\/p>\n<p data-start=\"765\" data-end=\"1153\">Makine t\u00fcm kritik ad\u0131mlar\u0131 tek bir otomatik i\u015f ak\u0131\u015f\u0131na entegre eder: gofret y\u00fckleme ve bo\u015faltma, hassas hizalama, k\u00fcplere ay\u0131rma, kesim sonras\u0131 temizleme ve kurutma. Manuel m\u00fcdahaleyi azaltarak, tutarl\u0131 kaliteyi korurken y\u00fcksek verim sa\u011flar ve yar\u0131 iletken \u00fcretimi, MEMS cihazlar\u0131, optoelektronik ve geli\u015fmi\u015f sens\u00f6r \u00fcretimi gibi end\u00fcstriler i\u00e7in idealdir.<\/p>\n<h3 data-section-id=\"1q9yu5h\" data-start=\"1160\" data-end=\"1197\"><span role=\"text\">Temel \u00d6zellikler ve Avantajlar<\/span><\/h3>\n<ul data-start=\"1199\" data-end=\"2995\">\n<li data-section-id=\"57r6pe\" data-start=\"1199\" data-end=\"1499\">\u00c7ift Kar\u015f\u0131l\u0131kl\u0131 \u0130\u015f Mili Yap\u0131s\u0131: HP-8201, e\u015fzamanl\u0131 kesme i\u015flemlerine olanak tan\u0131yan k\u0131salt\u0131lm\u0131\u015f i\u015f mili mesafesine sahip \u00e7ift i\u015f mili tasar\u0131m\u0131n\u0131 benimser. Bu yap\u0131land\u0131rma, \u00fcretim verimlili\u011fini ve i\u015f hacmini \u00f6nemli \u00f6l\u00e7\u00fcde art\u0131rarak y\u00fcksek hacimli \u00fcretim ortamlar\u0131 i\u00e7in uygun hale getirir.<\/li>\n<li data-section-id=\"1qbjmd8\" data-start=\"1501\" data-end=\"1787\">Tam Otomatik \u0130\u015f Ak\u0131\u015f\u0131: Makine, gofret ta\u015f\u0131ma, hizalama, k\u00fcplere ay\u0131rma ve temizleme\/kurutma dahil olmak \u00fczere u\u00e7tan uca otomasyon sa\u011flar. Operat\u00f6rler minimum manuel m\u00fcdahale ile s\u00fcrekli \u00fcretim ger\u00e7ekle\u015ftirebilir, i\u015f\u00e7ilik maliyetlerini azalt\u0131r ve genel operasyonel verimlili\u011fi art\u0131r\u0131r.<\/li>\n<li data-section-id=\"499qor\" data-start=\"1789\" data-end=\"2157\">\u00c7ift Mikroskop Sistemi: Hem y\u00fcksek hem de d\u00fc\u015f\u00fck b\u00fcy\u00fctmeli mikroskoplarla donat\u0131lm\u0131\u015f olan HP-8201, hassas otomatik gofret hizalamas\u0131 ve y\u00fcksek do\u011frulukta b\u0131\u00e7ak izi tespiti sunar. Ayr\u0131ca, tutarl\u0131 b\u0131\u00e7ak durumu ve optimum kesme performans\u0131 sa\u011flayarak verimi ve y\u00fczey kalitesini art\u0131ran Sub-C\/T destekli b\u0131\u00e7ak giydirmeyi destekler.<\/li>\n<li data-section-id=\"1pvlp5f\" data-start=\"2159\" data-end=\"2466\">Opsiyonel Su-Gaz \u00c7ift Nozul: Dilimleme sonras\u0131 \u00fcst\u00fcn temizlik gerektiren gofretler i\u00e7in iste\u011fe ba\u011fl\u0131 bir \u00e7ift su-gaz noz\u00fcl\u00fc tak\u0131labilir. Bu \u00f6zellik kal\u0131nt\u0131lar\u0131 ve partik\u00fclleri etkili bir \u015fekilde temizleyerek kontaminasyon riskini azalt\u0131r ve sonraki i\u015flemler i\u00e7in y\u00fcksek kaliteli gofret y\u00fczeyleri sa\u011flar.<\/li>\n<li data-section-id=\"1yt1cve\" data-start=\"2468\" data-end=\"2698\">Geli\u015fmi\u015f Kesme Yetenekleri: Sistem, \u00f6zel yonga plakas\u0131 geometrileri veya hassas kenar sonland\u0131rma gerektiren uygulamalar i\u00e7in esneklik sa\u011flayan halka kesme ve kenar d\u00fczeltme se\u00e7enekleriyle yap\u0131land\u0131r\u0131labilir.<\/li>\n<li data-section-id=\"14hno35\" data-start=\"2700\" data-end=\"2995\">Malzeme \u00c7ok Y\u00f6nl\u00fcl\u00fc\u011f\u00fc: HP-8201, Si, SiC, LT ve LN gibi k\u0131r\u0131lgan alt tabakalar da dahil olmak \u00fczere \u00e7ok \u00e7e\u015fitli malzemelerle uyumludur. Uyarlanabilirli\u011fi, kullan\u0131c\u0131lar\u0131n makine de\u011fi\u015ftirmeden farkl\u0131 yonga plakas\u0131 t\u00fcrlerini i\u015fleyebilmelerini sa\u011flar, bu da \u00e7e\u015fitlendirilmi\u015f \u00fcretim hatlar\u0131 i\u00e7in gereklidir.<\/li>\n<\/ul>\n<h3 data-section-id=\"1880me3\" data-start=\"3002\" data-end=\"3036\"><span role=\"text\">Teknik \u00d6zellikler<\/span><\/h3>\n<div class=\"TyagGW_tableContainer\">\n<div class=\"group TyagGW_tableWrapper flex flex-col-reverse w-fit\" tabindex=\"-1\">\n<table class=\"w-fit min-w-(--thread-content-width)\" data-start=\"3038\" data-end=\"3378\">\n<thead data-start=\"3038\" data-end=\"3067\">\n<tr data-start=\"3038\" data-end=\"3067\">\n<th class=\"\" data-start=\"3038\" data-end=\"3050\" data-col-size=\"sm\">Parametre<\/th>\n<th class=\"\" data-start=\"3050\" data-end=\"3067\" data-col-size=\"md\">\u015eartname<\/th>\n<\/tr>\n<\/thead>\n<tbody data-start=\"3098\" data-end=\"3378\">\n<tr data-start=\"3098\" data-end=\"3167\">\n<td data-start=\"3098\" data-end=\"3122\" data-col-size=\"sm\">\u0130\u015f Mili G\u00fcc\u00fc \/ H\u0131z\u0131<\/td>\n<td data-col-size=\"md\" data-start=\"3122\" data-end=\"3167\">1.8kW \/ 2.2kW (iste\u011fe ba\u011fl\u0131) \/ 6000-60000 rpm<\/td>\n<\/tr>\n<tr data-start=\"3168\" data-end=\"3188\">\n<td data-start=\"3168\" data-end=\"3182\" data-col-size=\"sm\">Flan\u015f \u00d6l\u00e7\u00fcs\u00fc<\/td>\n<td data-col-size=\"md\" data-start=\"3182\" data-end=\"3188\">2\u2033<\/td>\n<\/tr>\n<tr data-start=\"3189\" data-end=\"3235\">\n<td data-start=\"3189\" data-end=\"3214\" data-col-size=\"sm\">Maksimum \u0130\u015f Par\u00e7as\u0131 Boyutu<\/td>\n<td data-col-size=\"md\" data-start=\"3214\" data-end=\"3235\">Dairesel: \u00f8200 mm<\/td>\n<\/tr>\n<tr data-start=\"3236\" data-end=\"3323\">\n<td data-start=\"3236\" data-end=\"3257\" data-col-size=\"sm\">Lens Konfig\u00fcrasyonu<\/td>\n<td data-col-size=\"md\" data-start=\"3257\" data-end=\"3323\">Y\u00fcksek b\u00fcy\u00fctme: 7,5\u00d7 \/ D\u00fc\u015f\u00fck b\u00fcy\u00fctme: 0,75\u00d7 (iste\u011fe ba\u011fl\u0131)<\/td>\n<\/tr>\n<tr data-start=\"3324\" data-end=\"3378\">\n<td data-start=\"3324\" data-end=\"3353\" data-col-size=\"sm\">Makine Boyutlar\u0131 (G\u00d7D\u00d7Y)<\/td>\n<td data-col-size=\"md\" data-start=\"3353\" data-end=\"3378\">1190 \u00d7 1150 \u00d7 1850 mm<\/td>\n<\/tr>\n<\/tbody>\n<\/table>\n<\/div>\n<\/div>\n<h3 data-section-id=\"xdxar3\" data-start=\"3385\" data-end=\"3407\"><span role=\"text\">Uygulamalar<\/span><\/h3>\n<p data-start=\"3409\" data-end=\"3545\">HP-8201, modern yar\u0131 iletken ve kristal malzeme i\u015fleme ihtiya\u00e7lar\u0131n\u0131 kar\u015f\u0131lamak \u00fczere tasarlanm\u0131\u015ft\u0131r. Tipik uygulamalar \u015funlar\u0131 i\u00e7erir:<\/p>\n<ol data-start=\"3547\" data-end=\"4222\">\n<li data-section-id=\"5ewhyp\" data-start=\"3547\" data-end=\"3678\">Yar\u0131 \u0130letken Gofret Kesme: Entegre devreler, g\u00fc\u00e7 cihazlar\u0131 ve MEMS bile\u015fenleri i\u00e7in silikon ve SiC gofretlerin kesilmesi.<\/li>\n<li data-section-id=\"vngdi7\" data-start=\"3679\" data-end=\"3824\">Optoelektronik Cihazlar: Optik mod\u00fclat\u00f6rlerde, akustik cihazlarda ve piezoelektrik bile\u015fenlerde kullan\u0131lan LT ve LN gofretlerin hassas \u015fekilde kesilmesi.<\/li>\n<li data-section-id=\"13045vh\" data-start=\"3825\" data-end=\"3955\">Kenar Kesme ve Halka Kesme: \u00d6zelle\u015ftirilmi\u015f \u015fekiller veya azalt\u0131lm\u0131\u015f kenar kusurlar\u0131 gerektiren gofretler i\u00e7in \u00f6zel i\u015fleme.<\/li>\n<li data-section-id=\"14a93cw\" data-start=\"3956\" data-end=\"4083\">Y\u00fcksek Hacimli \u00dcretim: Y\u00fcksek tekrarlanabilirlik ve minimum operat\u00f6r m\u00fcdahalesi ile otomatik, s\u00fcrekli \u00fcretim.<\/li>\n<li data-section-id=\"kp3x5v\" data-start=\"4084\" data-end=\"4222\">Ara\u015ft\u0131rma ve Geli\u015ftirme: Geli\u015fmi\u015f laboratuvarlarda deneysel gofretler veya d\u00fc\u015f\u00fck hacimli y\u00fcksek hassasiyetli uygulamalar i\u00e7in esnek i\u015fleme.<\/li>\n<\/ol>\n<h3 data-section-id=\"14nwj98\" data-start=\"4229\" data-end=\"4258\"><span role=\"text\"><img decoding=\"async\" class=\"size-medium wp-image-2122 alignright\" src=\"https:\/\/www.zmsh-semitech.com\/wp-content\/uploads\/2026\/04\/Wafer-Back-Grinding-Machine-300x300.png\" alt=\"\" width=\"300\" height=\"300\" srcset=\"https:\/\/www.zmsh-semitech.com\/wp-content\/uploads\/2026\/04\/Wafer-Back-Grinding-Machine-300x300.png 300w, https:\/\/www.zmsh-semitech.com\/wp-content\/uploads\/2026\/04\/Wafer-Back-Grinding-Machine-150x150.png 150w, https:\/\/www.zmsh-semitech.com\/wp-content\/uploads\/2026\/04\/Wafer-Back-Grinding-Machine-768x768.png 768w, https:\/\/www.zmsh-semitech.com\/wp-content\/uploads\/2026\/04\/Wafer-Back-Grinding-Machine-12x12.png 12w, https:\/\/www.zmsh-semitech.com\/wp-content\/uploads\/2026\/04\/Wafer-Back-Grinding-Machine-600x600.png 600w, https:\/\/www.zmsh-semitech.com\/wp-content\/uploads\/2026\/04\/Wafer-Back-Grinding-Machine-100x100.png 100w, https:\/\/www.zmsh-semitech.com\/wp-content\/uploads\/2026\/04\/Wafer-Back-Grinding-Machine.png 1000w\" sizes=\"(max-width: 300px) 100vw, 300px\" \/>Neden HP-8201'i Se\u00e7melisiniz?<\/span><\/h3>\n<ul data-start=\"4260\" data-end=\"4941\">\n<li data-section-id=\"9bxm8z\" data-start=\"4260\" data-end=\"4392\">Geli\u015ftirilmi\u015f Verimlilik: Kar\u015f\u0131l\u0131kl\u0131 \u00e7ift i\u015f mili ve k\u0131salt\u0131lm\u0131\u015f i\u015f mili mesafesi, daha h\u0131zl\u0131 verim ve daha hassas kesimler sa\u011flar.<\/li>\n<li data-section-id=\"1obg754\" data-start=\"4393\" data-end=\"4533\">\u00dcst\u00fcn Hassasiyet: \u00c7ift mikroskop sistemi, tutarl\u0131 gofret kalitesi i\u00e7in hizalama do\u011frulu\u011fu ve hassas b\u0131\u00e7ak izi tespiti sa\u011flar.<\/li>\n<li data-section-id=\"1lrcp5y\" data-start=\"4534\" data-end=\"4659\">\u00c7ok Y\u00f6nl\u00fc ve Esnek: Kenar d\u00fczeltme ve halka kesme i\u00e7in \u00e7ok \u00e7e\u015fitli malzemeleri ve iste\u011fe ba\u011fl\u0131 mod\u00fclleri destekler.<\/li>\n<li data-section-id=\"i1ymyp\" data-start=\"4660\" data-end=\"4799\">Entegre Temizleme ve Kurutma: \u0130\u015flem sonras\u0131 ad\u0131mlar\u0131 azalt\u0131r ve y\u00fcksek verimli \u00fcretim i\u00e7in kritik olan temiz yonga plakas\u0131 y\u00fczeyleri sa\u011flar.<\/li>\n<li data-section-id=\"1baebkj\" data-start=\"4800\" data-end=\"4941\">G\u00fcvenilir Otomasyon: Tam otomatik y\u00fckleme, dilimleme ve temizleme, insan hatas\u0131n\u0131 en aza indirir ve genel \u00fcretim g\u00fcvenilirli\u011fini art\u0131r\u0131r.<\/li>\n<\/ul>\n<p data-start=\"4943\" data-end=\"5191\">HP-8201, yonga plakas\u0131 kesme i\u015flemleri i\u00e7in h\u0131z, hassasiyet ve \u00e7ok y\u00f6nl\u00fcl\u00fc\u011f\u00fc bir araya getiren kapsaml\u0131 bir \u00e7\u00f6z\u00fcmd\u00fcr. En y\u00fcksek yonga plakas\u0131 kalitesi standartlar\u0131n\u0131 korurken \u00fcretim verimlili\u011fini optimize etmek isteyen \u00fcreticiler i\u00e7in tasarlanm\u0131\u015ft\u0131r.<\/p>\n<h3 data-section-id=\"1vvukxy\" data-start=\"70\" data-end=\"128\"><span role=\"text\">SSS\u00a0<\/span><\/h3>\n<p data-start=\"130\" data-end=\"313\">1. HP-8201 hangi malzemeleri i\u015fleyebilir?<br data-start=\"176\" data-end=\"179\" \/>Yar\u0131 iletkenler, MEMS ve optoelektronik cihazlar i\u00e7in uygun Si, SiC, LT ve LN dahil olmak \u00fczere 8 in\u00e7'e kadar gofretleri destekler.<\/p>\n<p data-start=\"315\" data-end=\"494\">2. Y\u00fcksek hassasiyet nas\u0131l sa\u011flan\u0131r?<br data-start=\"352\" data-end=\"355\" \/>\u00c7ift i\u015f mili, \u00e7ift mikroskop ve Sub-C\/T destekli b\u0131\u00e7ak pansuman\u0131 do\u011fru hizalama, hassas kesim ve tutarl\u0131 kalite sa\u011flar.<\/p>\n<p data-start=\"496\" data-end=\"735\">3. Hangi otomasyon ve opsiyonel \u00f6zellikler mevcut?<br data-start=\"555\" data-end=\"558\" \/>Tam otomasyon y\u00fckleme, hizalama, k\u00fcplere ay\u0131rma, temizleme ve kurutmay\u0131 kapsar. \u0130ste\u011fe ba\u011fl\u0131 kenar d\u00fczeltme, halka kesme ve \u00e7ift nozullu temizleme esnekli\u011fi ve verimlili\u011fi art\u0131r\u0131r.<\/p>","protected":false},"excerpt":{"rendered":"<p>HP-8201, yar\u0131 iletken ve kristal malzemelerin hassas kesimi i\u00e7in tasarlanm\u0131\u015f y\u00fcksek verimli, tam otomatik bir wafer kesme makinesidir. \u00c7ap\u0131 8 in\u00e7'e kadar olan gofretleri bar\u0131nd\u0131racak \u015fekilde tasarlanan bu geli\u015fmi\u015f kesme sistemi, Silikon (Si), Silikon Karb\u00fcr (SiC), Lityum Tantalat (LT) ve Lityum Niobat (LN) dahil olmak \u00fczere \u00e7ok \u00e7e\u015fitli malzemeleri destekler.<\/p>","protected":false},"featured_media":2155,"comment_status":"open","ping_status":"closed","template":"","meta":{"site-sidebar-layout":"default","site-content-layout":"","ast-site-content-layout":"default","site-content-style":"default","site-sidebar-style":"default","ast-global-header-display":"","ast-banner-title-visibility":"","ast-main-header-display":"","ast-hfb-above-header-display":"","ast-hfb-below-header-display":"","ast-hfb-mobile-header-display":"","site-post-title":"","ast-breadcrumbs-content":"","ast-featured-img":"","footer-sml-layout":"","ast-disable-related-posts":"","theme-transparent-header-meta":"default","adv-header-id-meta":"","stick-header-meta":"default","header-above-stick-meta":"","header-main-stick-meta":"","header-below-stick-meta":"","astra-migrate-meta-layouts":"set","ast-page-background-enabled":"default","ast-page-background-meta":{"desktop":{"background-color":"var(--ast-global-color-4)","background-image":"","background-repeat":"repeat","background-position":"center center","background-size":"auto","background-attachment":"scroll","background-type":"","background-media":"","overlay-type":"","overlay-color":"","overlay-opacity":"","overlay-gradient":""},"tablet":{"background-color":"","background-image":"","background-repeat":"repeat","background-position":"center center","background-size":"auto","background-attachment":"scroll","background-type":"","background-media":"","overlay-type":"","overlay-color":"","overlay-opacity":"","overlay-gradient":""},"mobile":{"background-color":"","background-image":"","background-repeat":"repeat","background-position":"center center","background-size":"auto","background-attachment":"scroll","background-type":"","background-media":"","overlay-type":"","overlay-color":"","overlay-opacity":"","overlay-gradient":""}},"ast-content-background-meta":{"desktop":{"background-color":"var(--ast-global-color-5)","background-image":"","background-repeat":"repeat","background-position":"center center","background-size":"auto","background-attachment":"scroll","background-type":"","background-media":"","overlay-type":"","overlay-color":"","overlay-opacity":"","overlay-gradient":""},"tablet":{"background-color":"var(--ast-global-color-5)","background-image":"","background-repeat":"repeat","background-position":"center center","background-size":"auto","background-attachment":"scroll","background-type":"","background-media":"","overlay-type":"","overlay-color":"","overlay-opacity":"","overlay-gradient":""},"mobile":{"background-color":"var(--ast-global-color-5)","background-image":"","background-repeat":"repeat","background-position":"center center","background-size":"auto","background-attachment":"scroll","background-type":"","background-media":"","overlay-type":"","overlay-color":"","overlay-opacity":"","overlay-gradient":""}}},"product_brand":[],"product_cat":[878],"product_tag":[901,485,907,906,909,900,749,556,899,905,904,913,628,910,912,902,903,908,879,911],"class_list":{"0":"post-2154","1":"product","2":"type-product","3":"status-publish","4":"has-post-thumbnail","6":"product_cat-dicing-equipment","7":"product_tag-8-inch-wafers","8":"product_tag-automated-wafer-handling","9":"product_tag-dual-microscope","10":"product_tag-dual-spindle","11":"product_tag-edge-trimming","12":"product_tag-fully-automatic","13":"product_tag-high-throughput","14":"product_tag-high-precision-cutting","15":"product_tag-hp-8201","16":"product_tag-ln-wafers","17":"product_tag-lt-wafers","18":"product_tag-mems","19":"product_tag-optoelectronics","20":"product_tag-ring-cutting","21":"product_tag-semiconductor-processing","22":"product_tag-si-wafers","23":"product_tag-sic-wafers","24":"product_tag-sub-c-t-blade-dressing","25":"product_tag-wafer-dicing-machine","26":"product_tag-water-gas-dual-nozzle","27":"desktop-align-left","28":"tablet-align-left","29":"mobile-align-left","30":"ast-product-gallery-layout-horizontal-slider","31":"ast-product-gallery-with-no-image","32":"ast-product-tabs-layout-horizontal","34":"first","35":"instock","36":"shipping-taxable","37":"product-type-simple"},"_links":{"self":[{"href":"https:\/\/www.zmsh-semitech.com\/tr\/wp-json\/wp\/v2\/product\/2154","targetHints":{"allow":["GET"]}}],"collection":[{"href":"https:\/\/www.zmsh-semitech.com\/tr\/wp-json\/wp\/v2\/product"}],"about":[{"href":"https:\/\/www.zmsh-semitech.com\/tr\/wp-json\/wp\/v2\/types\/product"}],"replies":[{"embeddable":true,"href":"https:\/\/www.zmsh-semitech.com\/tr\/wp-json\/wp\/v2\/comments?post=2154"}],"version-history":[{"count":4,"href":"https:\/\/www.zmsh-semitech.com\/tr\/wp-json\/wp\/v2\/product\/2154\/revisions"}],"predecessor-version":[{"id":2160,"href":"https:\/\/www.zmsh-semitech.com\/tr\/wp-json\/wp\/v2\/product\/2154\/revisions\/2160"}],"wp:featuredmedia":[{"embeddable":true,"href":"https:\/\/www.zmsh-semitech.com\/tr\/wp-json\/wp\/v2\/media\/2155"}],"wp:attachment":[{"href":"https:\/\/www.zmsh-semitech.com\/tr\/wp-json\/wp\/v2\/media?parent=2154"}],"wp:term":[{"taxonomy":"product_brand","embeddable":true,"href":"https:\/\/www.zmsh-semitech.com\/tr\/wp-json\/wp\/v2\/product_brand?post=2154"},{"taxonomy":"product_cat","embeddable":true,"href":"https:\/\/www.zmsh-semitech.com\/tr\/wp-json\/wp\/v2\/product_cat?post=2154"},{"taxonomy":"product_tag","embeddable":true,"href":"https:\/\/www.zmsh-semitech.com\/tr\/wp-json\/wp\/v2\/product_tag?post=2154"}],"curies":[{"name":"wp","href":"https:\/\/api.w.org\/{rel}","templated":true}]}}