{"id":2149,"date":"2026-04-09T07:24:36","date_gmt":"2026-04-09T07:24:36","guid":{"rendered":"https:\/\/www.zmsh-semitech.com\/?post_type=product&#038;p=2149"},"modified":"2026-04-09T07:24:37","modified_gmt":"2026-04-09T07:24:37","slug":"hp-1201-automatic-wafer-dicing-machine-for-large-format-precision-cutting","status":"publish","type":"product","link":"https:\/\/www.zmsh-semitech.com\/tr\/product\/hp-1201-automatic-wafer-dicing-machine-for-large-format-precision-cutting\/","title":{"rendered":"HP-1201 B\u00fcy\u00fck Formatl\u0131 Hassas Kesim i\u00e7in Otomatik Gofret K\u00fcp Kesme Makinesi"},"content":{"rendered":"<p data-start=\"317\" data-end=\"680\"><img fetchpriority=\"high\" decoding=\"async\" class=\"size-medium wp-image-2151 alignright\" src=\"https:\/\/www.zmsh-semitech.com\/wp-content\/uploads\/2026\/04\/HP-1201-Automatic-Wafer-Substrate-Dicing-Machine-for-Large-Format-Precision-Cutting-300x300.png\" alt=\"\" width=\"300\" height=\"300\" srcset=\"https:\/\/www.zmsh-semitech.com\/wp-content\/uploads\/2026\/04\/HP-1201-Automatic-Wafer-Substrate-Dicing-Machine-for-Large-Format-Precision-Cutting-300x300.png 300w, https:\/\/www.zmsh-semitech.com\/wp-content\/uploads\/2026\/04\/HP-1201-Automatic-Wafer-Substrate-Dicing-Machine-for-Large-Format-Precision-Cutting-150x150.png 150w, https:\/\/www.zmsh-semitech.com\/wp-content\/uploads\/2026\/04\/HP-1201-Automatic-Wafer-Substrate-Dicing-Machine-for-Large-Format-Precision-Cutting-768x768.png 768w, https:\/\/www.zmsh-semitech.com\/wp-content\/uploads\/2026\/04\/HP-1201-Automatic-Wafer-Substrate-Dicing-Machine-for-Large-Format-Precision-Cutting-12x12.png 12w, https:\/\/www.zmsh-semitech.com\/wp-content\/uploads\/2026\/04\/HP-1201-Automatic-Wafer-Substrate-Dicing-Machine-for-Large-Format-Precision-Cutting-600x600.png 600w, https:\/\/www.zmsh-semitech.com\/wp-content\/uploads\/2026\/04\/HP-1201-Automatic-Wafer-Substrate-Dicing-Machine-for-Large-Format-Precision-Cutting-100x100.png 100w, https:\/\/www.zmsh-semitech.com\/wp-content\/uploads\/2026\/04\/HP-1201-Automatic-Wafer-Substrate-Dicing-Machine-for-Large-Format-Precision-Cutting.png 1000w\" sizes=\"(max-width: 300px) 100vw, 300px\" \/>HP-1201 Otomatik K\u00fcp Kesme Makinesi, geni\u015f formatl\u0131 alt tabakalar ve \u00e7ok par\u00e7al\u0131 kesme uygulamalar\u0131 i\u00e7in \u00f6zel olarak tasarlanm\u0131\u015f y\u00fcksek performansl\u0131 bir \u00e7\u00f6z\u00fcmd\u00fcr. Geli\u015fmi\u015f yar\u0131 iletken paketleme ve alt tabaka i\u015flemenin geli\u015fen taleplerini kar\u015f\u0131lamak \u00fczere tasarlanan sistem, hem gofret k\u00fcpleme (12 in\u00e7'e kadar) hem de 400 \u00d7 400 mm'ye kadar geni\u015f alanl\u0131 i\u015f par\u00e7alar\u0131n\u0131 destekler.<\/p>\n<p data-start=\"682\" data-end=\"977\">Sa\u011flam portal yap\u0131s\u0131, kar\u015f\u0131t \u00e7ift i\u015f mili yap\u0131land\u0131rmas\u0131 ve \u00f6zelle\u015ftirilebilir \u00e7al\u0131\u015fma platformu ile HP-1201 ola\u011fan\u00fcst\u00fc sa\u011flaml\u0131k, stabilite ve verim sunar. \u00d6zellikle \u015ferit malzemeler, \u00e7oklu kal\u0131p panelleri ve karma\u015f\u0131k i\u015f par\u00e7as\u0131 d\u00fczenleri i\u00e7eren uygulamalar i\u00e7in uygundur.<\/p>\n<p data-start=\"979\" data-end=\"1181\">Y\u00fcksek hassasiyetli hizalama, ak\u0131ll\u0131 denetim ve esnek i\u015fleme \u00f6zelliklerini bir araya getiren makine, hem \u00fcretkenlik hem de kesim hassasiyeti arayan \u00fcreticiler i\u00e7in ideal bir se\u00e7imdir.<\/p>\n<h2 data-section-id=\"1j5qwet\" data-start=\"1188\" data-end=\"1207\"><span role=\"text\">Temel \u00d6zellikler<\/span><\/h2>\n<h3 data-section-id=\"1lkyyr4\" data-start=\"1209\" data-end=\"1256\"><span role=\"text\">1. Geni\u015f Formatl\u0131 Y\u00fczeyler i\u00e7in Tasarlanm\u0131\u015ft\u0131r<\/span><\/h3>\n<p data-start=\"1257\" data-end=\"1364\">Geleneksel k\u00fcp kesme sistemlerinin aksine, HP-1201 b\u00fcy\u00fck i\u015f par\u00e7alar\u0131 ve ambalaj alt tabakalar\u0131 i\u00e7in optimize edilmi\u015ftir:<\/p>\n<ul data-start=\"1365\" data-end=\"1528\">\n<li data-section-id=\"122wrc4\" data-start=\"1365\" data-end=\"1420\">400 mm \u00d7 400 mm kare malzemelere kadar destekler<\/li>\n<li data-section-id=\"1w2sjk2\" data-start=\"1421\" data-end=\"1469\">12 in\u00e7 ve alt\u0131ndaki gofretlerle uyumlu<\/li>\n<li data-section-id=\"bo18rw\" data-start=\"1470\" data-end=\"1528\">Panel seviyesi ve geli\u015fmi\u015f paketleme s\u00fcre\u00e7leri i\u00e7in ideal<\/li>\n<\/ul>\n<p data-start=\"1530\" data-end=\"1619\">Bu da onu hem yar\u0131 iletken hem de yeni geli\u015fen paketleme teknolojilerine son derece uyumlu hale getirir.<\/p>\n<h3 data-section-id=\"1gerb2u\" data-start=\"1626\" data-end=\"1683\"><span role=\"text\">2. Y\u00fcksek Verimli \u00c7ok Par\u00e7al\u0131 Kesme \u00d6zelli\u011fi<\/span><\/h3>\n<p data-start=\"1684\" data-end=\"1751\">Sistem, \u00e7ok \u015feritli ve toplu i\u015fleme uygulamalar\u0131nda m\u00fckemmeldir:<\/p>\n<ul data-start=\"1752\" data-end=\"1953\">\n<li data-section-id=\"12ne451\" data-start=\"1752\" data-end=\"1810\">Birden fazla i\u015f par\u00e7as\u0131n\u0131n e\u015fzamanl\u0131 yerle\u015ftirilmesini destekler<\/li>\n<li data-section-id=\"1ahonq2\" data-start=\"1811\" data-end=\"1889\">\u00d6rnek: Bir d\u00f6ng\u00fcde 5 adede kadar \u015ferit (250 mm \u00d7 70 mm) i\u015flenebilir<\/li>\n<li data-section-id=\"91yitt\" data-start=\"1890\" data-end=\"1953\">Verimi \u00f6nemli \u00f6l\u00e7\u00fcde art\u0131r\u0131r ve i\u015flem s\u00fcresini azalt\u0131r<\/li>\n<\/ul>\n<p data-start=\"1955\" data-end=\"2034\">Bu \u00f6zellik \u00f6zellikle y\u00fcksek hacimli \u00fcretim ortamlar\u0131 i\u00e7in de\u011ferlidir.<\/p>\n<h3 data-section-id=\"pb7q73\" data-start=\"2041\" data-end=\"2096\"><span role=\"text\">3. \u00dcretkenlik i\u00e7in Kar\u015f\u0131l\u0131kl\u0131 \u00c7ift \u0130\u015f Mili Sistemi<\/span><\/h3>\n<p data-start=\"2097\" data-end=\"2177\">HP-1201, \u2264 22 mm i\u015f mili aral\u0131\u011f\u0131na sahip \u00e7ift i\u015f mili yap\u0131s\u0131na sahiptir:<\/p>\n<ul data-start=\"2178\" data-end=\"2320\">\n<li data-section-id=\"126smyd\" data-start=\"2178\" data-end=\"2231\">Paralel veya s\u0131ral\u0131 kesim i\u015flemlerine olanak sa\u011flar<\/li>\n<li data-section-id=\"1phn8sk\" data-start=\"2232\" data-end=\"2264\">Bo\u015fta seyahat mesafesini azalt\u0131r<\/li>\n<li data-section-id=\"101lqcw\" data-start=\"2265\" data-end=\"2320\">Kesme verimlili\u011fini ve genel verimi art\u0131r\u0131r<\/li>\n<\/ul>\n<p data-start=\"2322\" data-end=\"2440\">Y\u00fcksek h\u0131zl\u0131 i\u015f mili d\u00f6n\u00fc\u015f\u00fc (60.000 rpm'ye kadar) ile birlikte sistem, h\u0131zl\u0131 ve hassas malzeme ayr\u0131m\u0131 sa\u011flar.<\/p>\n<h3 data-section-id=\"w5e11x\" data-start=\"2447\" data-end=\"2497\"><span role=\"text\">4. \u00dcst\u00fcn Stabilite i\u00e7in Gantry Yap\u0131s\u0131<\/span><\/h3>\n<p data-start=\"2498\" data-end=\"2547\">Makine, y\u00fcksek sertlikte bir portal tasar\u0131m\u0131na sahiptir:<\/p>\n<ul data-start=\"2548\" data-end=\"2716\">\n<li data-section-id=\"fbik\" data-start=\"2548\" data-end=\"2609\">Y\u00fcksek h\u0131zl\u0131 \u00e7al\u0131\u015fma s\u0131ras\u0131nda geli\u015ftirilmi\u015f yap\u0131sal stabilite<\/li>\n<li data-section-id=\"qf4dsg\" data-start=\"2610\" data-end=\"2661\">Geli\u015fmi\u015f kesim hassasiyeti i\u00e7in azalt\u0131lm\u0131\u015f titre\u015fim<\/li>\n<li data-section-id=\"8ypr2z\" data-start=\"2662\" data-end=\"2716\">K\u0131r\u0131lgan malzemelerin hassas kesimi i\u00e7in uygundur<\/li>\n<\/ul>\n<p data-start=\"2718\" data-end=\"2797\">Bu, zorlu i\u015fleme ko\u015fullar\u0131nda bile tutarl\u0131 performans sa\u011flar.<\/p>\n<h3 data-section-id=\"z6iv4c\" data-start=\"2804\" data-end=\"2855\"><span role=\"text\">5. Geli\u015fmi\u015f Hizalama ve Denetleme Sistemi<\/span><\/h3>\n<p data-start=\"2856\" data-end=\"2902\">\u00c7ift mikroskop konfig\u00fcrasyonu ile donat\u0131lm\u0131\u015ft\u0131r:<\/p>\n<ul data-start=\"2903\" data-end=\"3050\">\n<li data-section-id=\"1upg1xh\" data-start=\"2903\" data-end=\"2952\">H\u0131zl\u0131 ve do\u011fru otomatik hizalama sa\u011flar<\/li>\n<li data-section-id=\"7lt55p\" data-start=\"2953\" data-end=\"2997\">Y\u00fcksek \u00e7\u00f6z\u00fcn\u00fcrl\u00fckl\u00fc kerf denetimini destekler<\/li>\n<li data-section-id=\"rql893\" data-start=\"2998\" data-end=\"3050\">Kesim tutarl\u0131l\u0131\u011f\u0131n\u0131 art\u0131r\u0131r ve kusurlar\u0131 azalt\u0131r<\/li>\n<\/ul>\n<p data-start=\"3052\" data-end=\"3133\">Bu, yar\u0131 iletken \u00fcretiminde s\u0131k\u0131 toleranslar\u0131n korunmas\u0131 i\u00e7in kritik \u00f6neme sahiptir.<\/p>\n<h3 data-section-id=\"ft5041\" data-start=\"3140\" data-end=\"3190\"><span role=\"text\">6. Opsiyonel Alt CT B\u0131\u00e7ak Giydirme Fonksiyonu<\/span><\/h3>\n<p data-start=\"3191\" data-end=\"3283\">\u0130ste\u011fe ba\u011fl\u0131 Sub-CT destekli b\u0131\u00e7ak pansuman i\u015flevi, optimum b\u0131\u00e7ak durumunun korunmas\u0131na yard\u0131mc\u0131 olur:<\/p>\n<ul data-start=\"3284\" data-end=\"3397\">\n<li data-section-id=\"1trj5ya\" data-start=\"3284\" data-end=\"3329\">Kenar yontulmalar\u0131n\u0131 ve y\u00fczey kusurlar\u0131n\u0131 azalt\u0131r<\/li>\n<li data-section-id=\"2vyx60\" data-start=\"3330\" data-end=\"3360\">B\u0131\u00e7ak hizmet \u00f6mr\u00fcn\u00fc uzat\u0131r<\/li>\n<li data-section-id=\"1wk3sdx\" data-start=\"3361\" data-end=\"3397\">Genel kesim kalitesini art\u0131r\u0131r<\/li>\n<\/ul>\n<h3 data-section-id=\"ngjugw\" data-start=\"3404\" data-end=\"3447\"><span role=\"text\">7. Opsiyonel Derin Kesim So\u011futma Sistemi<\/span><\/h3>\n<p data-start=\"3448\" data-end=\"3503\">\u0130ste\u011fe ba\u011fl\u0131 derin kesimli so\u011futma suyu sistemi mevcuttur:<\/p>\n<ul data-start=\"3504\" data-end=\"3641\">\n<li data-section-id=\"wu3rr0\" data-start=\"3504\" data-end=\"3550\">Kesim s\u0131ras\u0131nda so\u011futma verimlili\u011fini art\u0131r\u0131r<\/li>\n<li data-section-id=\"1e0lcc8\" data-start=\"3551\" data-end=\"3590\">Malzemelerde termal hasar\u0131 azalt\u0131r<\/li>\n<li data-section-id=\"rjj9u\" data-start=\"3591\" data-end=\"3641\">Y\u00fczey kalitesini ve kesme hassasiyetini art\u0131r\u0131r<\/li>\n<\/ul>\n<h2 data-section-id=\"id1bjs\" data-start=\"3648\" data-end=\"3679\"><span role=\"text\">Teknik \u00d6zellikler<\/span><\/h2>\n<div class=\"TyagGW_tableContainer\">\n<div class=\"group TyagGW_tableWrapper flex flex-col-reverse w-fit\" tabindex=\"-1\">\n<table class=\"w-fit min-w-(--thread-content-width)\" data-start=\"3681\" data-end=\"4410\">\n<thead data-start=\"3681\" data-end=\"3718\">\n<tr data-start=\"3681\" data-end=\"3718\">\n<th class=\"\" data-start=\"3681\" data-end=\"3697\" data-col-size=\"sm\">Parametre<\/th>\n<th class=\"\" data-start=\"3697\" data-end=\"3718\" data-col-size=\"sm\">\u015eartname<\/th>\n<\/tr>\n<\/thead>\n<tbody data-start=\"3755\" data-end=\"4410\">\n<tr data-start=\"3755\" data-end=\"3781\">\n<td data-start=\"3755\" data-end=\"3771\" data-col-size=\"sm\">\u0130\u015f Mili G\u00fcc\u00fc<\/td>\n<td data-start=\"3771\" data-end=\"3781\" data-col-size=\"sm\">1,8 kW<\/td>\n<\/tr>\n<tr data-start=\"3782\" data-end=\"3818\">\n<td data-start=\"3782\" data-end=\"3798\" data-col-size=\"sm\">\u0130\u015f Mili H\u0131z\u0131<\/td>\n<td data-start=\"3798\" data-end=\"3818\" data-col-size=\"sm\">6000 - 60000 rpm<\/td>\n<\/tr>\n<tr data-start=\"3819\" data-end=\"3845\">\n<td data-start=\"3819\" data-end=\"3835\" data-col-size=\"sm\">X ekseni Seyahat<\/td>\n<td data-start=\"3835\" data-end=\"3845\" data-col-size=\"sm\">420 mm<\/td>\n<\/tr>\n<tr data-start=\"3846\" data-end=\"3880\">\n<td data-start=\"3846\" data-end=\"3861\" data-col-size=\"sm\">X ekseni H\u0131z<\/td>\n<td data-start=\"3861\" data-end=\"3880\" data-col-size=\"sm\">0,1 - 1000 mm\/s<\/td>\n<\/tr>\n<tr data-start=\"3881\" data-end=\"3913\">\n<td data-start=\"3881\" data-end=\"3901\" data-col-size=\"sm\">X ekseni \u00c7\u00f6z\u00fcn\u00fcrl\u00fck<\/td>\n<td data-start=\"3901\" data-end=\"3913\" data-col-size=\"sm\">0.001 mm<\/td>\n<\/tr>\n<tr data-start=\"3914\" data-end=\"3939\">\n<td data-start=\"3914\" data-end=\"3929\" data-col-size=\"sm\">Y1\/Y2 Seyahat<\/td>\n<td data-start=\"3929\" data-end=\"3939\" data-col-size=\"sm\">420 mm<\/td>\n<\/tr>\n<tr data-start=\"3940\" data-end=\"3973\">\n<td data-start=\"3940\" data-end=\"3960\" data-col-size=\"sm\">Y Ekseni \u00c7\u00f6z\u00fcn\u00fcrl\u00fc\u011f\u00fc<\/td>\n<td data-start=\"3960\" data-end=\"3973\" data-col-size=\"sm\">0.0001 mm<\/td>\n<\/tr>\n<tr data-start=\"3974\" data-end=\"4009\">\n<td data-start=\"3974\" data-end=\"3997\" data-col-size=\"sm\">Konumland\u0131rma Do\u011frulu\u011fu<\/td>\n<td data-start=\"3997\" data-end=\"4009\" data-col-size=\"sm\">0.002 mm<\/td>\n<\/tr>\n<tr data-start=\"4010\" data-end=\"4048\">\n<td data-start=\"4010\" data-end=\"4030\" data-col-size=\"sm\">Birikmi\u015f Hata<\/td>\n<td data-start=\"4030\" data-end=\"4048\" data-col-size=\"sm\">0,003 \/ 400 mm<\/td>\n<\/tr>\n<tr data-start=\"4049\" data-end=\"4073\">\n<td data-start=\"4049\" data-end=\"4064\" data-col-size=\"sm\">Z1\/Z2 Seyahat<\/td>\n<td data-start=\"4064\" data-end=\"4073\" data-col-size=\"sm\">13 mm<\/td>\n<\/tr>\n<tr data-start=\"4074\" data-end=\"4102\">\n<td data-start=\"4074\" data-end=\"4090\" data-col-size=\"sm\">Tekrarlanabilirlik<\/td>\n<td data-start=\"4090\" data-end=\"4102\" data-col-size=\"sm\">0.001 mm<\/td>\n<\/tr>\n<tr data-start=\"4103\" data-end=\"4133\">\n<td data-start=\"4103\" data-end=\"4120\" data-col-size=\"sm\">Teta D\u00f6n\u00fc\u015f\u00fc<\/td>\n<td data-start=\"4120\" data-end=\"4133\" data-col-size=\"sm\">380\u00b0 \u00b1 5\u00b0<\/td>\n<\/tr>\n<tr data-start=\"4134\" data-end=\"4166\">\n<td data-start=\"4134\" data-end=\"4153\" data-col-size=\"sm\">A\u00e7\u0131sal Do\u011fruluk<\/td>\n<td data-start=\"4153\" data-end=\"4166\" data-col-size=\"sm\">1 yay-sn<\/td>\n<\/tr>\n<tr data-start=\"4167\" data-end=\"4220\">\n<td data-start=\"4167\" data-end=\"4194\" data-col-size=\"sm\">Mikroskop B\u00fcy\u00fctme<\/td>\n<td data-start=\"4194\" data-end=\"4220\" data-col-size=\"sm\">1,5\u00d7 (iste\u011fe ba\u011fl\u0131) \/ 0,8\u00d7<\/td>\n<\/tr>\n<tr data-start=\"4221\" data-end=\"4262\">\n<td data-start=\"4221\" data-end=\"4232\" data-col-size=\"sm\">Ayd\u0131nlatma<\/td>\n<td data-start=\"4232\" data-end=\"4262\" data-col-size=\"sm\">Halka \u0131\u015f\u0131k + Koaksiyel \u0131\u015f\u0131k<\/td>\n<\/tr>\n<tr data-start=\"4263\" data-end=\"4298\">\n<td data-start=\"4263\" data-end=\"4287\" data-col-size=\"sm\">Maksimum \u0130\u015f Par\u00e7as\u0131 (Yuvarlak)<\/td>\n<td data-start=\"4287\" data-end=\"4298\" data-col-size=\"sm\">\u00d8300 mm<\/td>\n<\/tr>\n<tr data-start=\"4299\" data-end=\"4340\">\n<td data-start=\"4299\" data-end=\"4324\" data-col-size=\"sm\">Maksimum \u0130\u015f Par\u00e7as\u0131 (Kare)<\/td>\n<td data-start=\"4324\" data-end=\"4340\" data-col-size=\"sm\">400 \u00d7 400 mm<\/td>\n<\/tr>\n<tr data-start=\"4341\" data-end=\"4389\">\n<td data-start=\"4341\" data-end=\"4364\" data-col-size=\"sm\">Makine Boyutu (G\u00d7D\u00d7Y)<\/td>\n<td data-start=\"4364\" data-end=\"4389\" data-col-size=\"sm\">1450 \u00d7 1250 \u00d7 1850 mm<\/td>\n<\/tr>\n<tr data-start=\"4390\" data-end=\"4410\">\n<td data-start=\"4390\" data-end=\"4399\" data-col-size=\"sm\">A\u011f\u0131rl\u0131k<\/td>\n<td data-start=\"4399\" data-end=\"4410\" data-col-size=\"sm\">2000 kg<\/td>\n<\/tr>\n<\/tbody>\n<\/table>\n<\/div>\n<\/div>\n<h2 data-section-id=\"k0zlak\" data-start=\"4417\" data-end=\"4436\"><span role=\"text\">Uygulamalar<\/span><\/h2>\n<p data-start=\"4438\" data-end=\"4562\">HP-1201, b\u00fcy\u00fck veya \u00e7ok say\u0131da i\u015f par\u00e7as\u0131n\u0131n y\u00fcksek hassasiyetle kesilmesini gerektiren geli\u015fmi\u015f \u00fcretim alanlar\u0131nda yayg\u0131n olarak kullan\u0131lmaktad\u0131r:<\/p>\n<ul data-start=\"4564\" data-end=\"4795\">\n<li data-section-id=\"5cz68w\" data-start=\"4564\" data-end=\"4606\">Yar\u0131 iletken gofret k\u00fcpleme (\u2264 12 in\u00e7)<\/li>\n<li data-section-id=\"vc4r2z\" data-start=\"4607\" data-end=\"4640\">Geli\u015fmi\u015f ambalaj alt tabakalar\u0131<\/li>\n<li data-section-id=\"c44nr\" data-start=\"4641\" data-end=\"4672\">Panel d\u00fczeyinde paketleme (PLP)<\/li>\n<li data-section-id=\"ar9gw\" data-start=\"4673\" data-end=\"4709\">LED ve optoelektronik malzemeler<\/li>\n<li data-section-id=\"1cw4nvq\" data-start=\"4710\" data-end=\"4748\">Seramik ve sert k\u0131r\u0131lgan malzemeler<\/li>\n<li data-section-id=\"nh0qnc\" data-start=\"4749\" data-end=\"4795\">\u00c7ok \u015feritli ve toplu kesim uygulamalar\u0131<\/li>\n<\/ul>\n<p><img decoding=\"async\" class=\"wp-image-2150 size-large aligncenter\" src=\"https:\/\/www.zmsh-semitech.com\/wp-content\/uploads\/2026\/04\/APPLICATION2-1024x683.png\" alt=\"\" width=\"1024\" height=\"683\" srcset=\"https:\/\/www.zmsh-semitech.com\/wp-content\/uploads\/2026\/04\/APPLICATION2-1024x683.png 1024w, https:\/\/www.zmsh-semitech.com\/wp-content\/uploads\/2026\/04\/APPLICATION2-300x200.png 300w, https:\/\/www.zmsh-semitech.com\/wp-content\/uploads\/2026\/04\/APPLICATION2-768x512.png 768w, https:\/\/www.zmsh-semitech.com\/wp-content\/uploads\/2026\/04\/APPLICATION2-18x12.png 18w, https:\/\/www.zmsh-semitech.com\/wp-content\/uploads\/2026\/04\/APPLICATION2-600x400.png 600w, https:\/\/www.zmsh-semitech.com\/wp-content\/uploads\/2026\/04\/APPLICATION2.png 1536w\" sizes=\"(max-width: 1024px) 100vw, 1024px\" \/><\/p>\n<h2 data-section-id=\"p8uldy\" data-start=\"4802\" data-end=\"4824\"><span role=\"text\">Temel Avantajlar<\/span><\/h2>\n<h3 data-section-id=\"jjig1u\" data-start=\"4826\" data-end=\"4849\"><span role=\"text\">Y\u00fcksek Verim<\/span><\/h3>\n<p data-start=\"4850\" data-end=\"4933\">\u00c7ok par\u00e7al\u0131 i\u015fleme ve \u00e7ift i\u015f mili tasar\u0131m\u0131 \u00fcretkenli\u011fi \u00f6nemli \u00f6l\u00e7\u00fcde art\u0131r\u0131r.<\/p>\n<h3 data-section-id=\"1lkz33s\" data-start=\"4935\" data-end=\"4962\"><span role=\"text\">Esnek \u0130\u015fleme<\/span><\/h3>\n<p data-start=\"4963\" data-end=\"5038\">\u00d6zelle\u015ftirilebilir \u00e7al\u0131\u015fma masas\u0131, \u00e7e\u015fitli \u015fekil ve d\u00fczenlerin i\u015flenmesine olanak tan\u0131r.<\/p>\n<h3 data-section-id=\"1s6s45v\" data-start=\"5040\" data-end=\"5069\"><span role=\"text\">Hassasiyet ve Kararl\u0131l\u0131k<\/span><\/h3>\n<p data-start=\"5070\" data-end=\"5156\">Gantry yap\u0131s\u0131 ve geli\u015fmi\u015f hizalama sistemi y\u00fcksek do\u011fruluk ve tekrarlanabilirlik sa\u011flar.<\/p>\n<h3 data-section-id=\"kl9wyi\" data-start=\"5158\" data-end=\"5181\"><span role=\"text\">Maliyet Verimlili\u011fi<\/span><\/h3>\n<p data-start=\"5182\" data-end=\"5262\">Azalt\u0131lm\u0131\u015f i\u015fleme s\u00fcresi ve iyile\u015ftirilmi\u015f b\u0131\u00e7ak \u00f6mr\u00fc, genel i\u015fletme maliyetlerini d\u00fc\u015f\u00fcr\u00fcr.<\/p>\n<h2 data-section-id=\"1nqqsko\" data-start=\"63\" data-end=\"102\"><span role=\"text\">S\u0131k\u00e7a Sorulan Sorular (SSS)<\/span><\/h2>\n<h3 data-section-id=\"1204f8i\" data-start=\"104\" data-end=\"177\"><span role=\"text\">1. HP-1201 taraf\u0131ndan desteklenen maksimum i\u015f par\u00e7as\u0131 boyutu nedir?<\/span><\/h3>\n<p data-start=\"178\" data-end=\"431\">HP-1201 hem wafer hem de geni\u015f formatl\u0131 alt tabakalar\u0131 destekler. Yuvarlak gofretleri 12 in\u00e7'e (\u00d8300 mm) kadar ve kare i\u015f par\u00e7alar\u0131n\u0131 400 \u00d7 400 mm'ye kadar i\u015fleyebilir. Bu da onu \u00f6zellikle geli\u015fmi\u015f paketleme ve panel seviyesi uygulamalar i\u00e7in uygun hale getirir.<\/p>\n<h3 data-section-id=\"xmgpor\" data-start=\"438\" data-end=\"521\"><span role=\"text\">2. HP-1201 \u00e7ok par\u00e7al\u0131 veya \u015ferit kesme uygulamalar\u0131 i\u00e7in uygun mu?<\/span><\/h3>\n<p data-start=\"522\" data-end=\"792\">Evet. HP-1201 \u00f6zellikle \u00e7ok par\u00e7al\u0131 ve \u015ferit kesim i\u00e7in optimize edilmi\u015ftir. Tek bir d\u00f6ng\u00fcde birden fazla \u015feridi i\u015fleyebilir (\u00f6rne\u011fin, 5 par\u00e7aya kadar 250 mm \u00d7 70 mm \u015ferit) ve toplu \u00fcretimde verimi \u00f6nemli \u00f6l\u00e7\u00fcde art\u0131r\u0131r ve i\u015fleme s\u00fcresini azalt\u0131r.<\/p>\n<h3 data-section-id=\"afviui\" data-start=\"799\" data-end=\"871\"><span role=\"text\">3. Makine kesim hassasiyetini ve dengesini nas\u0131l sa\u011fl\u0131yor?<\/span><\/h3>\n<p data-start=\"872\" data-end=\"932\">HP-1201, a\u015fa\u011f\u0131dakilerin kombinasyonu sayesinde y\u00fcksek hassasiyet sa\u011flar:<\/p>\n<ul data-start=\"933\" data-end=\"1195\">\n<li data-section-id=\"333d9b\" data-start=\"933\" data-end=\"992\">Stabil \u00e7al\u0131\u015fma i\u00e7in y\u00fcksek rijitlikte gantry yap\u0131s\u0131<\/li>\n<li data-section-id=\"933urv\" data-start=\"993\" data-end=\"1061\">Do\u011fru hizalama ve inceleme i\u00e7in \u00e7ift mikroskop sistemi<\/li>\n<li data-section-id=\"119muuq\" data-start=\"1062\" data-end=\"1129\">Y\u00fcksek \u00e7\u00f6z\u00fcn\u00fcrl\u00fckl\u00fc hareket kontrol\u00fc (0,0001 mm \u00e7\u00f6z\u00fcn\u00fcrl\u00fc\u011fe kadar)<\/li>\n<li data-section-id=\"1kcuul9\" data-start=\"1130\" data-end=\"1195\">Dengeli ve verimli kesim i\u00e7in \u00e7ift milli konfig\u00fcrasyon<\/li>\n<\/ul>\n<p data-start=\"1197\" data-end=\"1334\">Bu \u00f6zellikler, tutarl\u0131 kesim kalitesi, minimum tala\u015f ve zorlu uygulamalarda g\u00fcvenilir performans sa\u011flamak i\u00e7in birlikte \u00e7al\u0131\u015f\u0131r.<\/p>","protected":false},"excerpt":{"rendered":"<p>HP-1201 Otomatik K\u00fcp Kesme Makinesi, geni\u015f formatl\u0131 alt tabakalar ve \u00e7ok par\u00e7al\u0131 kesme uygulamalar\u0131 i\u00e7in \u00f6zel olarak tasarlanm\u0131\u015f y\u00fcksek performansl\u0131 bir \u00e7\u00f6z\u00fcmd\u00fcr. Geli\u015fmi\u015f yar\u0131 iletken paketleme ve alt tabaka i\u015flemenin geli\u015fen taleplerini kar\u015f\u0131lamak \u00fczere tasarlanan sistem, hem gofret k\u00fcpleme (12 in\u00e7'e kadar) hem de 400 \u00d7 400 mm'ye kadar geni\u015f alanl\u0131 i\u015f par\u00e7alar\u0131n\u0131 destekler.<\/p>","protected":false},"featured_media":2151,"comment_status":"open","ping_status":"closed","template":"","meta":{"site-sidebar-layout":"default","site-content-layout":"","ast-site-content-layout":"default","site-content-style":"default","site-sidebar-style":"default","ast-global-header-display":"","ast-banner-title-visibility":"","ast-main-header-display":"","ast-hfb-above-header-display":"","ast-hfb-below-header-display":"","ast-hfb-mobile-header-display":"","site-post-title":"","ast-breadcrumbs-content":"","ast-featured-img":"","footer-sml-layout":"","ast-disable-related-posts":"","theme-transparent-header-meta":"default","adv-header-id-meta":"","stick-header-meta":"default","header-above-stick-meta":"","header-main-stick-meta":"","header-below-stick-meta":"","astra-migrate-meta-layouts":"set","ast-page-background-enabled":"default","ast-page-background-meta":{"desktop":{"background-color":"var(--ast-global-color-4)","background-image":"","background-repeat":"repeat","background-position":"center center","background-size":"auto","background-attachment":"scroll","background-type":"","background-media":"","overlay-type":"","overlay-color":"","overlay-opacity":"","overlay-gradient":""},"tablet":{"background-color":"","background-image":"","background-repeat":"repeat","background-position":"center center","background-size":"auto","background-attachment":"scroll","background-type":"","background-media":"","overlay-type":"","overlay-color":"","overlay-opacity":"","overlay-gradient":""},"mobile":{"background-color":"","background-image":"","background-repeat":"repeat","background-position":"center center","background-size":"auto","background-attachment":"scroll","background-type":"","background-media":"","overlay-type":"","overlay-color":"","overlay-opacity":"","overlay-gradient":""}},"ast-content-background-meta":{"desktop":{"background-color":"var(--ast-global-color-5)","background-image":"","background-repeat":"repeat","background-position":"center center","background-size":"auto","background-attachment":"scroll","background-type":"","background-media":"","overlay-type":"","overlay-color":"","overlay-opacity":"","overlay-gradient":""},"tablet":{"background-color":"var(--ast-global-color-5)","background-image":"","background-repeat":"repeat","background-position":"center center","background-size":"auto","background-attachment":"scroll","background-type":"","background-media":"","overlay-type":"","overlay-color":"","overlay-opacity":"","overlay-gradient":""},"mobile":{"background-color":"var(--ast-global-color-5)","background-image":"","background-repeat":"repeat","background-position":"center center","background-size":"auto","background-attachment":"scroll","background-type":"","background-media":"","overlay-type":"","overlay-color":"","overlay-opacity":"","overlay-gradient":""}}},"product_brand":[],"product_cat":[878],"product_tag":[897,898,891,896,895,894,893,694,475,890,892,889],"class_list":{"0":"post-2149","1":"product","2":"type-product","3":"status-publish","4":"has-post-thumbnail","6":"product_cat-dicing-equipment","7":"product_tag-ceramic-substrate-machining","8":"product_tag-dual-spindle-dicing","9":"product_tag-ic-chip-singulation","10":"product_tag-led-chip-processing","11":"product_tag-mems-fabrication","12":"product_tag-multi-strip-cutting","13":"product_tag-panel-level-packaging","14":"product_tag-precision-microfabrication","15":"product_tag-semiconductor-manufacturing","16":"product_tag-silicon-wafer-processing","17":"product_tag-substrate-cutting","18":"product_tag-wafer-dicing","19":"desktop-align-left","20":"tablet-align-left","21":"mobile-align-left","22":"ast-product-gallery-layout-horizontal-slider","23":"ast-product-gallery-with-no-image","24":"ast-product-tabs-layout-horizontal","26":"first","27":"instock","28":"shipping-taxable","29":"product-type-simple"},"_links":{"self":[{"href":"https:\/\/www.zmsh-semitech.com\/tr\/wp-json\/wp\/v2\/product\/2149","targetHints":{"allow":["GET"]}}],"collection":[{"href":"https:\/\/www.zmsh-semitech.com\/tr\/wp-json\/wp\/v2\/product"}],"about":[{"href":"https:\/\/www.zmsh-semitech.com\/tr\/wp-json\/wp\/v2\/types\/product"}],"replies":[{"embeddable":true,"href":"https:\/\/www.zmsh-semitech.com\/tr\/wp-json\/wp\/v2\/comments?post=2149"}],"version-history":[{"count":2,"href":"https:\/\/www.zmsh-semitech.com\/tr\/wp-json\/wp\/v2\/product\/2149\/revisions"}],"predecessor-version":[{"id":2153,"href":"https:\/\/www.zmsh-semitech.com\/tr\/wp-json\/wp\/v2\/product\/2149\/revisions\/2153"}],"wp:featuredmedia":[{"embeddable":true,"href":"https:\/\/www.zmsh-semitech.com\/tr\/wp-json\/wp\/v2\/media\/2151"}],"wp:attachment":[{"href":"https:\/\/www.zmsh-semitech.com\/tr\/wp-json\/wp\/v2\/media?parent=2149"}],"wp:term":[{"taxonomy":"product_brand","embeddable":true,"href":"https:\/\/www.zmsh-semitech.com\/tr\/wp-json\/wp\/v2\/product_brand?post=2149"},{"taxonomy":"product_cat","embeddable":true,"href":"https:\/\/www.zmsh-semitech.com\/tr\/wp-json\/wp\/v2\/product_cat?post=2149"},{"taxonomy":"product_tag","embeddable":true,"href":"https:\/\/www.zmsh-semitech.com\/tr\/wp-json\/wp\/v2\/product_tag?post=2149"}],"curies":[{"name":"wp","href":"https:\/\/api.w.org\/{rel}","templated":true}]}}