{"id":2084,"date":"2026-04-03T02:35:11","date_gmt":"2026-04-03T02:35:11","guid":{"rendered":"https:\/\/www.zmsh-semitech.com\/?post_type=product&#038;p=2084"},"modified":"2026-04-03T02:36:56","modified_gmt":"2026-04-03T02:36:56","slug":"split-type-vertical-airflow-sic-epitaxy-equipment-for-6-8-epi-wafers","status":"publish","type":"product","link":"https:\/\/www.zmsh-semitech.com\/tr\/product\/split-type-vertical-airflow-sic-epitaxy-equipment-for-6-8-epi-wafers\/","title":{"rendered":"6\u201d\/8\u201d Epi-Wafers i\u00e7in Split-Tip Dikey Hava Ak\u0131\u015fl\u0131 SiC Epitaksi Ekipman\u0131"},"content":{"rendered":"<p data-start=\"207\" data-end=\"731\"><img fetchpriority=\"high\" decoding=\"async\" class=\"size-medium wp-image-2087 alignright\" src=\"https:\/\/www.zmsh-semitech.com\/wp-content\/uploads\/2026\/04\/Split-Type-Vertical-Airflow-SiC-Epitaxy-Equipment-for-68-Epi-Wafers-2-300x300.png\" alt=\"\" width=\"300\" height=\"300\" srcset=\"https:\/\/www.zmsh-semitech.com\/wp-content\/uploads\/2026\/04\/Split-Type-Vertical-Airflow-SiC-Epitaxy-Equipment-for-68-Epi-Wafers-2-300x300.png 300w, https:\/\/www.zmsh-semitech.com\/wp-content\/uploads\/2026\/04\/Split-Type-Vertical-Airflow-SiC-Epitaxy-Equipment-for-68-Epi-Wafers-2-150x150.png 150w, https:\/\/www.zmsh-semitech.com\/wp-content\/uploads\/2026\/04\/Split-Type-Vertical-Airflow-SiC-Epitaxy-Equipment-for-68-Epi-Wafers-2-768x768.png 768w, https:\/\/www.zmsh-semitech.com\/wp-content\/uploads\/2026\/04\/Split-Type-Vertical-Airflow-SiC-Epitaxy-Equipment-for-68-Epi-Wafers-2-12x12.png 12w, https:\/\/www.zmsh-semitech.com\/wp-content\/uploads\/2026\/04\/Split-Type-Vertical-Airflow-SiC-Epitaxy-Equipment-for-68-Epi-Wafers-2-600x600.png 600w, https:\/\/www.zmsh-semitech.com\/wp-content\/uploads\/2026\/04\/Split-Type-Vertical-Airflow-SiC-Epitaxy-Equipment-for-68-Epi-Wafers-2-100x100.png 100w, https:\/\/www.zmsh-semitech.com\/wp-content\/uploads\/2026\/04\/Split-Type-Vertical-Airflow-SiC-Epitaxy-Equipment-for-68-Epi-Wafers-2.png 1000w\" sizes=\"(max-width: 300px) 100vw, 300px\" \/>Split-Tip Dikey Hava Ak\u0131\u015fl\u0131 Silisyum Karb\u00fcr (SiC) Epitaksi Ekipman\u0131, 6 in\u00e7 ve 8 in\u00e7 SiC epi-wafer'lar\u0131n y\u00fcksek verimli \u00fcretimi i\u00e7in tasarlanm\u0131\u015f geli\u015fmi\u015f bir epitaksiyel b\u00fcy\u00fctme sistemidir. Mod\u00fcler b\u00f6l\u00fcnm\u00fc\u015f tip bir mimariye sahip olan g\u00fc\u00e7 kayna\u011f\u0131, egzoz mod\u00fclleri ve EFEM\/PM\/TM mod\u00fclleri ba\u011f\u0131ms\u0131z olarak gri b\u00f6lgelere veya asma kat alanlar\u0131na kurulabilir. Bu esneklik, SMIF mod\u00fcl\u00fc ve tavan vinci ba\u011flant\u0131s\u0131 arac\u0131l\u0131\u011f\u0131yla tam otomasyon kabiliyetini korurken modern fabrika ortamlar\u0131na sorunsuz entegrasyon sa\u011flar.<\/p>\n<p data-start=\"733\" data-end=\"1139\">Ekipman, \u00e7ok b\u00f6lgeli s\u0131cakl\u0131k alan\u0131 kontrol\u00fc ile birlikte yenilik\u00e7i bir dikey hava ak\u0131\u015f\u0131 tasar\u0131m\u0131na sahiptir ve y\u00fcksek performansl\u0131 SiC g\u00fc\u00e7 cihazlar\u0131 i\u00e7in kritik olan tek tip kal\u0131nl\u0131k ve sabit doping konsantrasyonu sa\u011flar. EFEM yonga plakas\u0131 i\u015fleme ve y\u00fcksek s\u0131cakl\u0131kta yonga plakas\u0131 transferi dahil olmak \u00fczere tam otomasyon, manuel m\u00fcdahaleyi azalt\u0131r, s\u00fcre\u00e7 tutarl\u0131l\u0131\u011f\u0131n\u0131 art\u0131r\u0131r ve operasyonel verimlili\u011fi geli\u015ftirir.<\/p>\n<p data-start=\"1141\" data-end=\"1628\">Sistem, \u00e7ift odac\u0131kl\u0131 s\u00fcrekli \u00e7ok f\u0131r\u0131nl\u0131 \u00e7al\u0131\u015fmay\u0131 destekleyerek ayda 1100'den fazla gofret ve s\u00fcre\u00e7 optimizasyonu yoluyla ayda 1200 gofrete kadar ula\u015f\u0131r. Tasar\u0131m\u0131 hem 6 in\u00e7 hem de 8 in\u00e7 wafer'larla tamamen uyumludur ve daha b\u00fcy\u00fck wafer boyutlar\u0131na ge\u00e7i\u015f yapan \u00fcreticiler i\u00e7in esneklik sunar. Ayr\u0131ca, ekipman y\u00fcksek bas\u0131n\u00e7l\u0131 kal\u0131n film b\u00fcy\u00fctme ve hendek doldurma epitaksisi yetene\u011fine sahiptir, bu da onu geli\u015fmi\u015f y\u00fcksek voltajl\u0131 ve y\u00fcksek g\u00fc\u00e7l\u00fc SiC cihazlar\u0131 i\u00e7in uygun hale getirir.<\/p>\n<p data-start=\"1630\" data-end=\"1829\">Sa\u011flam ayr\u0131k tip yap\u0131, d\u00fc\u015f\u00fck hata yo\u011funlu\u011fu, y\u00fcksek verim, basitle\u015ftirilmi\u015f bak\u0131m ve uzun vadeli g\u00fcvenilirlik sa\u011flayarak yar\u0131 iletken \u00fcreticileri i\u00e7in toplam sahip olma maliyetini en aza indirir.<\/p>\n<h3 data-section-id=\"xj0uai\" data-start=\"1836\" data-end=\"1866\"><img decoding=\"async\" class=\"size-medium wp-image-2091 alignright\" src=\"https:\/\/www.zmsh-semitech.com\/wp-content\/uploads\/2026\/04\/Split-Type-Vertical-Airflow-SiC-Epitaxy-Equipment-for-68-Epi-Wafers-3-1-300x300.png\" alt=\"\" width=\"300\" height=\"300\" srcset=\"https:\/\/www.zmsh-semitech.com\/wp-content\/uploads\/2026\/04\/Split-Type-Vertical-Airflow-SiC-Epitaxy-Equipment-for-68-Epi-Wafers-3-1-300x300.png 300w, https:\/\/www.zmsh-semitech.com\/wp-content\/uploads\/2026\/04\/Split-Type-Vertical-Airflow-SiC-Epitaxy-Equipment-for-68-Epi-Wafers-3-1-150x150.png 150w, https:\/\/www.zmsh-semitech.com\/wp-content\/uploads\/2026\/04\/Split-Type-Vertical-Airflow-SiC-Epitaxy-Equipment-for-68-Epi-Wafers-3-1-768x768.png 768w, https:\/\/www.zmsh-semitech.com\/wp-content\/uploads\/2026\/04\/Split-Type-Vertical-Airflow-SiC-Epitaxy-Equipment-for-68-Epi-Wafers-3-1-12x12.png 12w, https:\/\/www.zmsh-semitech.com\/wp-content\/uploads\/2026\/04\/Split-Type-Vertical-Airflow-SiC-Epitaxy-Equipment-for-68-Epi-Wafers-3-1-600x600.png 600w, https:\/\/www.zmsh-semitech.com\/wp-content\/uploads\/2026\/04\/Split-Type-Vertical-Airflow-SiC-Epitaxy-Equipment-for-68-Epi-Wafers-3-1-100x100.png 100w, https:\/\/www.zmsh-semitech.com\/wp-content\/uploads\/2026\/04\/Split-Type-Vertical-Airflow-SiC-Epitaxy-Equipment-for-68-Epi-Wafers-3-1.png 1000w\" sizes=\"(max-width: 300px) 100vw, 300px\" \/>Temel Teknik Avantajlar<\/h3>\n<ul data-start=\"1867\" data-end=\"2438\">\n<li data-section-id=\"wpnig9\" data-start=\"1867\" data-end=\"1961\">G\u00fc\u00e7, egzoz ve EFEM mod\u00fcllerinin ba\u011f\u0131ms\u0131z kurulumu i\u00e7in ayr\u0131k tip mod\u00fcler tasar\u0131m<\/li>\n<li data-section-id=\"151uc73\" data-start=\"1962\" data-end=\"2039\">Gofret boyunca e\u015fit gaz da\u011f\u0131l\u0131m\u0131 i\u00e7in dikey hava ak\u0131\u015fl\u0131 du\u015f ba\u015fl\u0131\u011f\u0131<\/li>\n<li data-section-id=\"1lzu0dd\" data-start=\"2040\" data-end=\"2105\">Hassas termal y\u00f6netim i\u00e7in \u00e7ok b\u00f6lgeli s\u0131cakl\u0131k kontrol\u00fc<\/li>\n<li data-section-id=\"c5t7pm\" data-start=\"2106\" data-end=\"2167\">Y\u00fcksek verimli \u00fcretim i\u00e7in \u00e7ift odac\u0131kl\u0131 konfig\u00fcrasyon<\/li>\n<li data-section-id=\"rs6yfl\" data-start=\"2168\" data-end=\"2217\">D\u00fc\u015f\u00fck kusur yo\u011funlu\u011fu ve y\u00fcksek verim performans\u0131<\/li>\n<li data-section-id=\"1rmzhz1\" data-start=\"2218\" data-end=\"2293\">EFEM ve tavan vinci entegrasyonu ile tam otomatik gofret ta\u015f\u0131ma<\/li>\n<li data-section-id=\"1o0wgtg\" data-start=\"2294\" data-end=\"2334\">6\u201d ve 8\u201d SiC gofretler ile uyumlu<\/li>\n<li data-section-id=\"1vtm55j\" data-start=\"2335\" data-end=\"2390\">Kal\u0131n film ve hendek doldurma epitaksisi i\u00e7in optimize edilmi\u015ftir<\/li>\n<li data-section-id=\"1usg9u4\" data-start=\"2391\" data-end=\"2438\">Y\u00fcksek g\u00fcvenilirlik ve basitle\u015ftirilmi\u015f bak\u0131m<\/li>\n<\/ul>\n<h3 data-section-id=\"4v9b11\" data-start=\"2445\" data-end=\"2470\">S\u00fcre\u00e7 Performans\u0131<\/h3>\n<div class=\"TyagGW_tableContainer\">\n<div class=\"group TyagGW_tableWrapper flex flex-col-reverse w-fit\" tabindex=\"-1\">\n<table class=\"w-fit min-w-(--thread-content-width)\" data-start=\"2472\" data-end=\"3023\">\n<thead data-start=\"2472\" data-end=\"2501\">\n<tr data-start=\"2472\" data-end=\"2501\">\n<th class=\"\" data-start=\"2472\" data-end=\"2484\" data-col-size=\"sm\">Parametre<\/th>\n<th class=\"\" data-start=\"2484\" data-end=\"2501\" data-col-size=\"md\">\u015eartname<\/th>\n<\/tr>\n<\/thead>\n<tbody data-start=\"2532\" data-end=\"3023\">\n<tr data-start=\"2532\" data-end=\"2620\">\n<td data-start=\"2532\" data-end=\"2545\" data-col-size=\"sm\">Verim<\/td>\n<td data-start=\"2545\" data-end=\"2620\" data-col-size=\"md\">\u22651100 gofret\/ay (\u00e7ift hazneli), 1200 gofret\/ay'a kadar (optimize edilmi\u015f)<\/td>\n<\/tr>\n<tr data-start=\"2621\" data-end=\"2674\">\n<td data-start=\"2621\" data-end=\"2648\" data-col-size=\"sm\">Wafer Boyut Uyumlulu\u011fu<\/td>\n<td data-col-size=\"md\" data-start=\"2648\" data-end=\"2674\">6\u201d \/ 8\u201d SiC epi-wafers<\/td>\n<\/tr>\n<tr data-start=\"2675\" data-end=\"2711\">\n<td data-start=\"2675\" data-end=\"2697\" data-col-size=\"sm\">S\u0131cakl\u0131k Kontrol\u00fc<\/td>\n<td data-col-size=\"md\" data-start=\"2697\" data-end=\"2711\">\u00c7oklu b\u00f6lge<\/td>\n<\/tr>\n<tr data-start=\"2712\" data-end=\"2771\">\n<td data-start=\"2712\" data-end=\"2729\" data-col-size=\"sm\">Hava Ak\u0131\u015f Sistemi<\/td>\n<td data-col-size=\"md\" data-start=\"2729\" data-end=\"2771\">Dikey ayarlanabilir \u00e7ok b\u00f6lgeli hava ak\u0131\u015f\u0131<\/td>\n<\/tr>\n<tr data-start=\"2772\" data-end=\"2803\">\n<td data-start=\"2772\" data-end=\"2789\" data-col-size=\"sm\">D\u00f6n\u00fc\u015f H\u0131z\u0131<\/td>\n<td data-col-size=\"md\" data-start=\"2789\" data-end=\"2803\">0-1000 rpm<\/td>\n<\/tr>\n<tr data-start=\"2804\" data-end=\"2837\">\n<td data-start=\"2804\" data-end=\"2822\" data-col-size=\"sm\">Maksimum B\u00fcy\u00fcme Oran\u0131<\/td>\n<td data-col-size=\"md\" data-start=\"2822\" data-end=\"2837\">\u226560 \u03bcm\/saat<\/td>\n<\/tr>\n<tr data-start=\"2838\" data-end=\"2899\">\n<td data-start=\"2838\" data-end=\"2861\" data-col-size=\"sm\">Kal\u0131nl\u0131k Tekd\u00fczeli\u011fi<\/td>\n<td data-col-size=\"md\" data-start=\"2861\" data-end=\"2899\">\u22642% (optimize edilmi\u015f \u22641%, \u03c3\/avg, EE 5mm)<\/td>\n<\/tr>\n<tr data-start=\"2900\" data-end=\"2960\">\n<td data-start=\"2900\" data-end=\"2920\" data-col-size=\"sm\">Doping D\u00fczg\u00fcnl\u00fc\u011f\u00fc<\/td>\n<td data-col-size=\"md\" data-start=\"2920\" data-end=\"2960\">\u22643% (optimize edilmi\u015f \u22641,5%, \u03c3\/avg, EE 5mm)<\/td>\n<\/tr>\n<tr data-start=\"2961\" data-end=\"3023\">\n<td data-start=\"2961\" data-end=\"2985\" data-col-size=\"sm\">Katil Kusur Yo\u011funlu\u011fu<\/td>\n<td data-col-size=\"md\" data-start=\"2985\" data-end=\"3023\">\u22640,2 cm-\u00b2 (0,01 cm-\u00b2'ye optimize edilmi\u015ftir)<\/td>\n<\/tr>\n<\/tbody>\n<\/table>\n<\/div>\n<\/div>\n<h3 data-section-id=\"mn7c2p\" data-start=\"3030\" data-end=\"3057\">Uygulama Senaryolar\u0131<\/h3>\n<p data-start=\"3059\" data-end=\"3280\">B\u00f6l\u00fcnm\u00fc\u015f tip dikey hava ak\u0131\u015fl\u0131 SiC epitaksi ekipman\u0131, y\u00fcksek performansl\u0131 SiC yar\u0131 iletken \u00fcretiminde, \u00f6zellikle y\u00fcksek verimlilik, y\u00fcksek voltaj ve y\u00fcksek termal performans gerektiren end\u00fcstrilerde yayg\u0131n olarak kullan\u0131lmaktad\u0131r:<\/p>\n<p data-start=\"3282\" data-end=\"3471\"><strong data-start=\"3282\" data-end=\"3309\">Elektrikli Ara\u00e7lar (EV'ler)<\/strong><br data-start=\"3309\" data-end=\"3312\" \/>\u0130nvert\u00f6rler, yerle\u015fik \u015farj cihazlar\u0131 ve DC-DC d\u00f6n\u00fc\u015ft\u00fcr\u00fcc\u00fcler i\u00e7in SiC MOSFET'lerin ve g\u00fc\u00e7 mod\u00fcllerinin \u00fcretiminde kullan\u0131l\u0131r, enerji verimlili\u011fini ve s\u00fcr\u00fc\u015f menzilini art\u0131r\u0131r.<\/p>\n<p data-start=\"3473\" data-end=\"3622\"><strong data-start=\"3473\" data-end=\"3501\">Yenilenebilir Enerji Sistemleri<\/strong><br data-start=\"3501\" data-end=\"3504\" \/>Fotovoltaik invert\u00f6rlerde ve enerji depolama sistemlerinde uygulanarak daha y\u00fcksek d\u00f6n\u00fc\u015f\u00fcm verimlili\u011fi ve g\u00fcvenilirlik sa\u011flar.<\/p>\n<p data-start=\"3624\" data-end=\"3794\"><strong data-start=\"3624\" data-end=\"3656\">End\u00fcstriyel G\u00fc\u00e7 Elektroni\u011fi<\/strong><br data-start=\"3656\" data-end=\"3659\" \/>Y\u00fcksek g\u00fc\u00e7l\u00fc motor s\u00fcr\u00fcc\u00fcleri, end\u00fcstriyel otomasyon sistemleri ve kararl\u0131 ve verimli \u00e7al\u0131\u015fma gerektiren g\u00fc\u00e7 kayna\u011f\u0131 \u00fcniteleri i\u00e7in uygundur.<\/p>\n<p data-start=\"3796\" data-end=\"3957\"><strong data-start=\"3796\" data-end=\"3826\">Demiryolu Ta\u015f\u0131mac\u0131l\u0131\u011f\u0131 ve G\u00fc\u00e7 \u015eebekeleri<\/strong><br data-start=\"3826\" data-end=\"3829\" \/>Ak\u0131ll\u0131 \u015febekelerde, \u00e7eki\u015f sistemlerinde ve g\u00fc\u00e7 aktar\u0131m altyap\u0131s\u0131nda kullan\u0131lan y\u00fcksek voltajl\u0131 ve y\u00fcksek frekansl\u0131 cihazlar\u0131 destekler.<\/p>\n<p data-start=\"3959\" data-end=\"4113\"><strong data-start=\"3959\" data-end=\"3985\">\u00dcst D\u00fczey G\u00fc\u00e7 Cihazlar\u0131<\/strong><br data-start=\"3985\" data-end=\"3988\" \/>Schottky diyotlar\u0131, MOSFET'ler ve yeni nesil y\u00fcksek voltaj bile\u015fenleri gibi geli\u015fmi\u015f SiC cihazlar\u0131n\u0131n \u00fcretimi i\u00e7in idealdir.<\/p>\n<p data-start=\"3959\" data-end=\"4113\"><img decoding=\"async\" class=\"wp-image-2080 size-large aligncenter\" src=\"https:\/\/www.zmsh-semitech.com\/wp-content\/uploads\/2026\/04\/application-1024x578.png\" alt=\"\" width=\"1024\" height=\"578\" srcset=\"https:\/\/www.zmsh-semitech.com\/wp-content\/uploads\/2026\/04\/application-1024x578.png 1024w, https:\/\/www.zmsh-semitech.com\/wp-content\/uploads\/2026\/04\/application-300x169.png 300w, https:\/\/www.zmsh-semitech.com\/wp-content\/uploads\/2026\/04\/application-768x433.png 768w, https:\/\/www.zmsh-semitech.com\/wp-content\/uploads\/2026\/04\/application-18x10.png 18w, https:\/\/www.zmsh-semitech.com\/wp-content\/uploads\/2026\/04\/application-600x339.png 600w, https:\/\/www.zmsh-semitech.com\/wp-content\/uploads\/2026\/04\/application.png 1285w\" sizes=\"(max-width: 1024px) 100vw, 1024px\" \/><\/p>\n<h3 data-section-id=\"6toqgg\" data-start=\"4120\" data-end=\"4129\">SSS<\/h3>\n<p data-start=\"4131\" data-end=\"4359\"><strong data-start=\"4131\" data-end=\"4206\">1. Bu b\u00f6l\u00fcnm\u00fc\u015f tip epitaksi ekipman\u0131 hangi wafer boyutlar\u0131n\u0131 destekliyor?<\/strong><br data-start=\"4206\" data-end=\"4209\" \/>Sistem hem 6 in\u00e7 hem de 8 in\u00e7 SiC wafer'lar\u0131 destekleyerek \u00fcreticilerin mevcut \u00fcretim taleplerini kar\u015f\u0131larken gelecekteki \u00f6l\u00e7eklendirmeye de haz\u0131rlanmalar\u0131n\u0131 sa\u011fl\u0131yor.<\/p>\n<p data-start=\"4361\" data-end=\"4591\"><strong data-start=\"4361\" data-end=\"4417\">2. B\u00f6l\u00fcnm\u00fc\u015f tip tasar\u0131m\u0131n avantajlar\u0131 nelerdir?<\/strong><br data-start=\"4417\" data-end=\"4420\" \/>Mod\u00fcler b\u00f6l\u00fcnm\u00fc\u015f tasar\u0131m, g\u00fc\u00e7, egzoz ve EFEM mod\u00fcllerinin ba\u011f\u0131ms\u0131z kurulumuna izin vererek fabrika d\u00fczeni i\u00e7in esnekli\u011fi art\u0131r\u0131r ve bak\u0131m kolayl\u0131\u011f\u0131n\u0131 geli\u015ftirir.<\/p>\n<p data-start=\"4593\" data-end=\"4809\"><strong data-start=\"4593\" data-end=\"4661\">3. Dikey hava ak\u0131\u015f\u0131 tasar\u0131m\u0131 epitaksi kalitesini nas\u0131l iyile\u015ftirir?<\/strong><br data-start=\"4661\" data-end=\"4664\" \/>Dikey hava ak\u0131\u015f\u0131, yonga plakas\u0131 boyunca e\u015fit gaz da\u011f\u0131l\u0131m\u0131 sa\u011flayarak tutarl\u0131 kal\u0131nl\u0131k, kararl\u0131 katk\u0131lama ve daha az kusur yo\u011funlu\u011fu sa\u011flar.<\/p>\n<p data-start=\"4811\" data-end=\"5053\"><strong data-start=\"4811\" data-end=\"4875\">4. Bu ekipman y\u00fcksek hacimli \u00fcretim i\u00e7in uygun mu?<\/strong><\/p>\n<p data-pm-slice=\"0 0 []\">Evet, \u00e7ift hazneli yap\u0131land\u0131rma, ayda 1100 gofreti a\u015fan verimle s\u00fcrekli \u00e7ok f\u0131r\u0131nl\u0131 \u00e7al\u0131\u015fmay\u0131 destekleyerek b\u00fcy\u00fck \u00f6l\u00e7ekli \u00fcretim i\u00e7in idealdir ve daha az operasyonel kesinti s\u00fcresiyle tutarl\u0131 y\u00fcksek kaliteli gofretler sa\u011flar.<\/p>","protected":false},"excerpt":{"rendered":"<p>Split-Tip Dikey Hava Ak\u0131\u015fl\u0131 Silisyum Karb\u00fcr (SiC) Epitaksi Ekipman\u0131, 6 in\u00e7 ve 8 in\u00e7 SiC epi-wafer'lar\u0131n y\u00fcksek verimli \u00fcretimi i\u00e7in tasarlanm\u0131\u015f geli\u015fmi\u015f bir epitaksiyel b\u00fcy\u00fctme sistemidir. Mod\u00fcler b\u00f6l\u00fcnm\u00fc\u015f tip bir mimariye sahip olan g\u00fc\u00e7 kayna\u011f\u0131, egzoz mod\u00fclleri ve EFEM\/PM\/TM mod\u00fclleri ba\u011f\u0131ms\u0131z olarak gri b\u00f6lgelere veya asma kat alanlar\u0131na kurulabilir.<\/p>","protected":false},"featured_media":2087,"comment_status":"open","ping_status":"closed","template":"","meta":{"site-sidebar-layout":"default","site-content-layout":"","ast-site-content-layout":"default","site-content-style":"default","site-sidebar-style":"default","ast-global-header-display":"","ast-banner-title-visibility":"","ast-main-header-display":"","ast-hfb-above-header-display":"","ast-hfb-below-header-display":"","ast-hfb-mobile-header-display":"","site-post-title":"","ast-breadcrumbs-content":"","ast-featured-img":"","footer-sml-layout":"","ast-disable-related-posts":"","theme-transparent-header-meta":"default","adv-header-id-meta":"","stick-header-meta":"default","header-above-stick-meta":"","header-main-stick-meta":"","header-below-stick-meta":"","astra-migrate-meta-layouts":"set","ast-page-background-enabled":"default","ast-page-background-meta":{"desktop":{"background-color":"var(--ast-global-color-4)","background-image":"","background-repeat":"repeat","background-position":"center center","background-size":"auto","background-attachment":"scroll","background-type":"","background-media":"","overlay-type":"","overlay-color":"","overlay-opacity":"","overlay-gradient":""},"tablet":{"background-color":"","background-image":"","background-repeat":"repeat","background-position":"center center","background-size":"auto","background-attachment":"scroll","background-type":"","background-media":"","overlay-type":"","overlay-color":"","overlay-opacity":"","overlay-gradient":""},"mobile":{"background-color":"","background-image":"","background-repeat":"repeat","background-position":"center center","background-size":"auto","background-attachment":"scroll","background-type":"","background-media":"","overlay-type":"","overlay-color":"","overlay-opacity":"","overlay-gradient":""}},"ast-content-background-meta":{"desktop":{"background-color":"var(--ast-global-color-5)","background-image":"","background-repeat":"repeat","background-position":"center center","background-size":"auto","background-attachment":"scroll","background-type":"","background-media":"","overlay-type":"","overlay-color":"","overlay-opacity":"","overlay-gradient":""},"tablet":{"background-color":"var(--ast-global-color-5)","background-image":"","background-repeat":"repeat","background-position":"center center","background-size":"auto","background-attachment":"scroll","background-type":"","background-media":"","overlay-type":"","overlay-color":"","overlay-opacity":"","overlay-gradient":""},"mobile":{"background-color":"var(--ast-global-color-5)","background-image":"","background-repeat":"repeat","background-position":"center center","background-size":"auto","background-attachment":"scroll","background-type":"","background-media":"","overlay-type":"","overlay-color":"","overlay-opacity":"","overlay-gradient":""}}},"product_brand":[],"product_cat":[730],"product_tag":[615,616,485,751,752,756,749,759,744,750,753,755,758,757,748,746,754,741,747],"class_list":{"0":"post-2084","1":"product","2":"type-product","3":"status-publish","4":"has-post-thumbnail","6":"product_cat-epitaxy-equipment","7":"product_tag-6-inch-wafer","8":"product_tag-8-inch-wafer","9":"product_tag-automated-wafer-handling","10":"product_tag-dual-chamber","11":"product_tag-efem-integration","12":"product_tag-electric-vehicle","13":"product_tag-high-throughput","14":"product_tag-high-end-sic-devices","15":"product_tag-industrial-power-electronics","16":"product_tag-low-defect","17":"product_tag-multi-zone-temperature-control","18":"product_tag-power-semiconductor","19":"product_tag-rail-transit","20":"product_tag-renewable-energy","21":"product_tag-sic-epitaxy","22":"product_tag-split-type-sic-epitaxy-equipment","23":"product_tag-thick-film-epitaxy","24":"product_tag-trench-filling-epitaxy","25":"product_tag-vertical-airflow","26":"desktop-align-left","27":"tablet-align-left","28":"mobile-align-left","29":"ast-product-gallery-layout-horizontal-slider","30":"ast-product-tabs-layout-horizontal","32":"first","33":"instock","34":"shipping-taxable","35":"product-type-simple"},"_links":{"self":[{"href":"https:\/\/www.zmsh-semitech.com\/tr\/wp-json\/wp\/v2\/product\/2084","targetHints":{"allow":["GET"]}}],"collection":[{"href":"https:\/\/www.zmsh-semitech.com\/tr\/wp-json\/wp\/v2\/product"}],"about":[{"href":"https:\/\/www.zmsh-semitech.com\/tr\/wp-json\/wp\/v2\/types\/product"}],"replies":[{"embeddable":true,"href":"https:\/\/www.zmsh-semitech.com\/tr\/wp-json\/wp\/v2\/comments?post=2084"}],"version-history":[{"count":3,"href":"https:\/\/www.zmsh-semitech.com\/tr\/wp-json\/wp\/v2\/product\/2084\/revisions"}],"predecessor-version":[{"id":2093,"href":"https:\/\/www.zmsh-semitech.com\/tr\/wp-json\/wp\/v2\/product\/2084\/revisions\/2093"}],"wp:featuredmedia":[{"embeddable":true,"href":"https:\/\/www.zmsh-semitech.com\/tr\/wp-json\/wp\/v2\/media\/2087"}],"wp:attachment":[{"href":"https:\/\/www.zmsh-semitech.com\/tr\/wp-json\/wp\/v2\/media?parent=2084"}],"wp:term":[{"taxonomy":"product_brand","embeddable":true,"href":"https:\/\/www.zmsh-semitech.com\/tr\/wp-json\/wp\/v2\/product_brand?post=2084"},{"taxonomy":"product_cat","embeddable":true,"href":"https:\/\/www.zmsh-semitech.com\/tr\/wp-json\/wp\/v2\/product_cat?post=2084"},{"taxonomy":"product_tag","embeddable":true,"href":"https:\/\/www.zmsh-semitech.com\/tr\/wp-json\/wp\/v2\/product_tag?post=2084"}],"curies":[{"name":"wp","href":"https:\/\/api.w.org\/{rel}","templated":true}]}}