{"id":1981,"date":"2026-03-23T06:13:43","date_gmt":"2026-03-23T06:13:43","guid":{"rendered":"https:\/\/www.zmsh-semitech.com\/?post_type=product&#038;p=1981"},"modified":"2026-03-23T06:18:04","modified_gmt":"2026-03-23T06:18:04","slug":"sic-raw-material-synthesis-furnace","status":"publish","type":"product","link":"https:\/\/www.zmsh-semitech.com\/tr\/product\/sic-raw-material-synthesis-furnace\/","title":{"rendered":"50kg SiC Hammadde Sentez F\u0131r\u0131n\u0131 Y\u00fcksek Safl\u0131kta Silisyum Karb\u00fcr Kristal Haz\u0131rlama"},"content":{"rendered":"<p data-start=\"240\" data-end=\"569\"><img fetchpriority=\"high\" decoding=\"async\" class=\"size-medium wp-image-1989 alignleft\" src=\"https:\/\/www.zmsh-semitech.com\/wp-content\/uploads\/2026\/03\/Sic-raw-material-synthesis-furnace5-300x220.jpg\" alt=\"\" width=\"300\" height=\"220\" srcset=\"https:\/\/www.zmsh-semitech.com\/wp-content\/uploads\/2026\/03\/Sic-raw-material-synthesis-furnace5-300x220.jpg 300w, https:\/\/www.zmsh-semitech.com\/wp-content\/uploads\/2026\/03\/Sic-raw-material-synthesis-furnace5-16x12.jpg 16w, https:\/\/www.zmsh-semitech.com\/wp-content\/uploads\/2026\/03\/Sic-raw-material-synthesis-furnace5-600x439.jpg 600w, https:\/\/www.zmsh-semitech.com\/wp-content\/uploads\/2026\/03\/Sic-raw-material-synthesis-furnace5.jpg 680w\" sizes=\"(max-width: 300px) 100vw, 300px\" \/>50kg SiC Hammadde Sentez F\u0131r\u0131n\u0131, y\u00fcksek safl\u0131kta silisyum karb\u00fcr (SiC) hammaddeleri \u00fcretmek i\u00e7in tasarlanm\u0131\u015f \u00f6zel bir y\u00fcksek s\u0131cakl\u0131k f\u0131r\u0131n\u0131d\u0131r. Kritik bir yar\u0131 iletken ve seramik malzeme olan SiC yayg\u0131n olarak<span style=\"font-size: 16px;\">n g\u00fc\u00e7 elektroni\u011fi, y\u00fcksek s\u0131cakl\u0131k cihazlar\u0131, a\u015f\u0131nmaya dayan\u0131kl\u0131 malzemeler ve optik bile\u015fenler.<\/span><\/p>\n<p data-start=\"571\" data-end=\"987\">Bu f\u0131r\u0131n, silisyum (Si) ve karbon (C) hammaddelerini kontroll\u00fc bir y\u00fcksek s\u0131cakl\u0131k kimyasal reaksiyonu yoluyla SiC'ye d\u00f6n\u00fc\u015ft\u00fcrerek silisyum karb\u00fcr \u00fcretim zincirinde \u00f6nemli bir ekipman par\u00e7as\u0131 haline getirir. Tasar\u0131m\u0131, y\u00fcksek safl\u0131k, istikrarl\u0131 \u00e7al\u0131\u015fma ve tutarl\u0131 performans sa\u011flayarak \u00fcreticilerin geli\u015fmi\u015f yar\u0131 iletken ve y\u00fcksek performansl\u0131 seramik uygulamalar\u0131n\u0131n kat\u0131 gereksinimlerini kar\u015f\u0131lamas\u0131na olanak tan\u0131r.<\/p>\n<h2 data-section-id=\"52xoay\" data-start=\"994\" data-end=\"1017\"><span role=\"text\"><strong data-start=\"997\" data-end=\"1015\">Temel Avantajlar<\/strong><\/span><\/h2>\n<ul data-start=\"1018\" data-end=\"1891\">\n<li data-section-id=\"wafd1l\" data-start=\"1018\" data-end=\"1134\"><strong data-start=\"1020\" data-end=\"1050\">Y\u00fcksek S\u0131cakl\u0131k Kapasitesi:<\/strong> Verimli SiC sentezi i\u00e7in uygun olan 2400\u00b0C'ye kadar f\u0131r\u0131n s\u0131cakl\u0131klar\u0131 sa\u011flar.<\/li>\n<li data-section-id=\"qvgm69\" data-start=\"1135\" data-end=\"1250\"><strong data-start=\"1137\" data-end=\"1160\">Y\u00fcksek Safl\u0131kta \u00c7\u0131k\u0131\u015f:<\/strong> Ultra saf SiC \u00fcretmek i\u00e7in y\u00fcksek safl\u0131kta hammaddeler ve inert atmosfer kontrol\u00fc kullan\u0131r.<\/li>\n<li data-section-id=\"11v9t45\" data-start=\"1251\" data-end=\"1360\"><strong data-start=\"1253\" data-end=\"1276\">\u0130stikrarl\u0131 Performans:<\/strong> Sa\u011flam yap\u0131, uzun s\u00fcreli ve s\u00fcrekli \u00fcretim i\u00e7in g\u00fcvenilir \u00e7al\u0131\u015fma sa\u011flar.<\/li>\n<li data-section-id=\"caa80i\" data-start=\"1361\" data-end=\"1457\"><strong data-start=\"1363\" data-end=\"1385\">D\u00fc\u015f\u00fck Kirlilik:<\/strong> \u0130nert atmosfer ve temiz materyaller kirlilik olu\u015fumunu en aza indirir.<\/li>\n<li data-section-id=\"ka169f\" data-start=\"1458\" data-end=\"1599\"><strong data-start=\"1460\" data-end=\"1487\">B\u00fcy\u00fck Y\u00fckleme Kapasitesi:<\/strong> 50 kg'a kadar hammaddeyi destekleyerek \u00fcretkenli\u011fi ve \u00e7oklu kristal f\u0131r\u0131nlarla uyumlulu\u011fu art\u0131r\u0131r.<\/li>\n<li data-section-id=\"1afhg2w\" data-start=\"1600\" data-end=\"1765\"><strong data-start=\"1602\" data-end=\"1624\">Hassas Kontrol:<\/strong> Proses optimizasyonu i\u00e7in iste\u011fe ba\u011fl\u0131 \u00e7ift s\u0131cakl\u0131k \u00f6l\u00e7\u00fcm\u00fc ve k\u0131z\u0131l\u00f6tesi izleme ile geli\u015fmi\u015f s\u0131cakl\u0131k ve bas\u0131n\u00e7 reg\u00fclasyonu.<\/li>\n<li data-section-id=\"i89isr\" data-start=\"1766\" data-end=\"1891\"><strong data-start=\"1768\" data-end=\"1795\">Esnek Konfig\u00fcrasyon:<\/strong> Mod\u00fcler tasar\u0131m, yerden tasarruf etmek ve tesis kullan\u0131m\u0131n\u0131 optimize etmek i\u00e7in yan yana kuruluma izin verir.<\/li>\n<\/ul>\n<h2 data-section-id=\"10oaxfc\" data-start=\"1898\" data-end=\"1931\"><span role=\"text\"><strong data-start=\"1901\" data-end=\"1929\">Teknik \u00d6zellikler<\/strong><\/span><\/h2>\n<div class=\"TyagGW_tableContainer\">\n<div class=\"group TyagGW_tableWrapper flex flex-col-reverse w-fit\" tabindex=\"-1\">\n<table class=\"w-fit min-w-(--thread-content-width)\" data-start=\"1933\" data-end=\"2723\">\n<thead data-start=\"1933\" data-end=\"1960\">\n<tr data-start=\"1933\" data-end=\"1960\">\n<th class=\"\" data-start=\"1933\" data-end=\"1943\" data-col-size=\"sm\">\u00d6zellik<\/th>\n<th class=\"\" data-start=\"1943\" data-end=\"1960\" data-col-size=\"md\">\u015eartname<\/th>\n<\/tr>\n<\/thead>\n<tbody data-start=\"1989\" data-end=\"2723\">\n<tr data-start=\"1989\" data-end=\"2046\">\n<td data-start=\"1989\" data-end=\"2010\" data-col-size=\"sm\">Boyutlar (L\u00d7W\u00d7H)<\/td>\n<td data-col-size=\"md\" data-start=\"2010\" data-end=\"2046\">4000\u00d73400\u00d74300 mm (\u00f6zelle\u015ftirilebilir)<\/td>\n<\/tr>\n<tr data-start=\"2047\" data-end=\"2085\">\n<td data-start=\"2047\" data-end=\"2074\" data-col-size=\"sm\">F\u0131r\u0131n Haznesi \u00c7ap\u0131<\/td>\n<td data-col-size=\"md\" data-start=\"2074\" data-end=\"2085\">1100 mm<\/td>\n<\/tr>\n<tr data-start=\"2086\" data-end=\"2114\">\n<td data-start=\"2086\" data-end=\"2105\" data-col-size=\"sm\">Y\u00fckleme Kapasitesi<\/td>\n<td data-col-size=\"md\" data-start=\"2105\" data-end=\"2114\">50 kg<\/td>\n<\/tr>\n<tr data-start=\"2115\" data-end=\"2183\">\n<td data-start=\"2115\" data-end=\"2133\" data-col-size=\"sm\">Nihai Vakum<\/td>\n<td data-col-size=\"md\" data-start=\"2133\" data-end=\"2183\">10-\u00b2 Pa (molek\u00fcler pompa ba\u015flat\u0131ld\u0131ktan 2 saat sonra)<\/td>\n<\/tr>\n<tr data-start=\"2184\" data-end=\"2244\">\n<td data-start=\"2184\" data-end=\"2213\" data-col-size=\"sm\">Hazne Bas\u0131n\u00e7 Y\u00fckselme H\u0131z\u0131<\/td>\n<td data-col-size=\"md\" data-start=\"2213\" data-end=\"2244\">\u226410 Pa\/h (kalsinasyon sonras\u0131)<\/td>\n<\/tr>\n<tr data-start=\"2245\" data-end=\"2285\">\n<td data-start=\"2245\" data-end=\"2274\" data-col-size=\"sm\">Alt F\u0131r\u0131n Kapa\u011f\u0131 Stroku<\/td>\n<td data-col-size=\"md\" data-start=\"2274\" data-end=\"2285\">1500 mm<\/td>\n<\/tr>\n<tr data-start=\"2286\" data-end=\"2324\">\n<td data-start=\"2286\" data-end=\"2303\" data-col-size=\"sm\">Is\u0131tma Y\u00f6ntemi<\/td>\n<td data-start=\"2303\" data-end=\"2324\" data-col-size=\"md\">\u0130nd\u00fcksiyonla \u0131s\u0131tma<\/td>\n<\/tr>\n<tr data-start=\"2325\" data-end=\"2357\">\n<td data-start=\"2325\" data-end=\"2347\" data-col-size=\"sm\">Maksimum S\u0131cakl\u0131k<\/td>\n<td data-start=\"2347\" data-end=\"2357\" data-col-size=\"md\">2400\u00b0C<\/td>\n<\/tr>\n<tr data-start=\"2358\" data-end=\"2392\">\n<td data-start=\"2358\" data-end=\"2381\" data-col-size=\"sm\">Is\u0131tma G\u00fc\u00e7 Kayna\u011f\u0131<\/td>\n<td data-start=\"2381\" data-end=\"2392\" data-col-size=\"md\">2\u00d740 kW<\/td>\n<\/tr>\n<tr data-start=\"2393\" data-end=\"2454\">\n<td data-start=\"2393\" data-end=\"2419\" data-col-size=\"sm\">S\u0131cakl\u0131k \u00d6l\u00e7\u00fcm\u00fc<\/td>\n<td data-col-size=\"md\" data-start=\"2419\" data-end=\"2454\">\u00c7ift renkli k\u0131z\u0131l\u00f6tesi termometre<\/td>\n<\/tr>\n<tr data-start=\"2455\" data-end=\"2489\">\n<td data-start=\"2455\" data-end=\"2475\" data-col-size=\"sm\">S\u0131cakl\u0131k Aral\u0131\u011f\u0131<\/td>\n<td data-col-size=\"md\" data-start=\"2475\" data-end=\"2489\">900-3000\u00b0C<\/td>\n<\/tr>\n<tr data-start=\"2490\" data-end=\"2529\">\n<td data-start=\"2490\" data-end=\"2521\" data-col-size=\"sm\">S\u0131cakl\u0131k Kontrol Do\u011frulu\u011fu<\/td>\n<td data-col-size=\"md\" data-start=\"2521\" data-end=\"2529\">\u00b11\u00b0C<\/td>\n<\/tr>\n<tr data-start=\"2530\" data-end=\"2569\">\n<td data-start=\"2530\" data-end=\"2555\" data-col-size=\"sm\">Bas\u0131n\u00e7 Kontrol Aral\u0131\u011f\u0131<\/td>\n<td data-col-size=\"md\" data-start=\"2555\" data-end=\"2569\">1-700 mbar<\/td>\n<\/tr>\n<tr data-start=\"2570\" data-end=\"2631\">\n<td data-start=\"2570\" data-end=\"2598\" data-col-size=\"sm\">Bas\u0131n\u00e7 Kontrol Do\u011frulu\u011fu<\/td>\n<td data-col-size=\"md\" data-start=\"2598\" data-end=\"2631\">1-5 mbar (aral\u0131\u011fa ba\u011fl\u0131 olarak)<\/td>\n<\/tr>\n<tr data-start=\"2632\" data-end=\"2723\">\n<td data-start=\"2632\" data-end=\"2649\" data-col-size=\"sm\">Y\u00fckleme Y\u00f6ntemi<\/td>\n<td data-col-size=\"md\" data-start=\"2649\" data-end=\"2723\">D\u00fc\u015f\u00fck y\u00fckleme; iste\u011fe ba\u011fl\u0131 bo\u015faltma forklifti ve \u00e7ift s\u0131cakl\u0131k noktas\u0131<\/td>\n<\/tr>\n<\/tbody>\n<\/table>\n<\/div>\n<\/div>\n<h2 data-section-id=\"13tlhcf\" data-start=\"2730\" data-end=\"2756\"><span role=\"text\"><strong data-start=\"2733\" data-end=\"2754\">Tasar\u0131m Avantajlar\u0131<\/strong><\/span><\/h2>\n<ol data-start=\"2757\" data-end=\"3517\">\n<li data-section-id=\"7ymlfh\" data-start=\"2757\" data-end=\"2882\">Y\u00fcksek kapasiteli y\u00fckleme, tek bir f\u0131r\u0131n\u0131n birden fazla uzun kristal f\u0131r\u0131n\u0131 beslemesine olanak tan\u0131yarak \u00fcretim verimlili\u011fini art\u0131r\u0131r.<\/li>\n<li data-section-id=\"y3ubiu\" data-start=\"2883\" data-end=\"2982\">Ayn\u0131 frekansa sahip \u00e7ift g\u00fc\u00e7 kayna\u011f\u0131, hassas eksenel s\u0131cakl\u0131k gradyan\u0131 kontrol\u00fc sa\u011flar.<\/li>\n<li data-section-id=\"7q7579\" data-start=\"2983\" data-end=\"3103\">\u00dcst ve alt k\u0131z\u0131l\u00f6tesi s\u0131cakl\u0131k \u00f6l\u00e7\u00fcm\u00fc, ger\u00e7ek zamanl\u0131 s\u0131cakl\u0131k izlemeyi ve s\u00fcre\u00e7 hata ay\u0131klamay\u0131 kolayla\u015ft\u0131r\u0131r.<\/li>\n<li data-section-id=\"3k74b3\" data-start=\"3104\" data-end=\"3219\">Y\u00fcksek vakum, bas\u0131n\u00e7 ve s\u0131cakl\u0131k kontrol hassasiyeti, ultra saf SiC hammaddelerinin sentezlenmesini sa\u011flar.<\/li>\n<li data-section-id=\"1voekay\" data-start=\"3220\" data-end=\"3316\">\u0130ste\u011fe ba\u011fl\u0131 olarak bir bo\u015faltma forklifti ile donat\u0131lm\u0131\u015f g\u00fcvenli ve g\u00fcvenilir y\u00fckleme\/bo\u015faltma sistemi.<\/li>\n<li data-section-id=\"p45f8k\" data-start=\"3317\" data-end=\"3417\">Y\u00fcksek hassasiyetli kelebek vanalar ve k\u00fctle ak\u0131\u015f kontrol\u00f6rleri istikrarl\u0131 bir proses atmosferi sa\u011flar.<\/li>\n<li data-section-id=\"4p07o1\" data-start=\"3418\" data-end=\"3517\">Mod\u00fcler tasar\u0131m, yan yana d\u00fczenlemeye olanak tan\u0131yarak zemin alan\u0131n\u0131 ve tesis kullan\u0131m\u0131n\u0131 optimize eder.<\/li>\n<\/ol>\n<p><img decoding=\"async\" class=\"wp-image-1991 size-full aligncenter\" src=\"https:\/\/www.zmsh-semitech.com\/wp-content\/uploads\/2026\/03\/Sic-raw-material-synthesis-furnace6.png\" alt=\"\" width=\"680\" height=\"352\" srcset=\"https:\/\/www.zmsh-semitech.com\/wp-content\/uploads\/2026\/03\/Sic-raw-material-synthesis-furnace6.png 680w, https:\/\/www.zmsh-semitech.com\/wp-content\/uploads\/2026\/03\/Sic-raw-material-synthesis-furnace6-300x155.png 300w, https:\/\/www.zmsh-semitech.com\/wp-content\/uploads\/2026\/03\/Sic-raw-material-synthesis-furnace6-18x9.png 18w, https:\/\/www.zmsh-semitech.com\/wp-content\/uploads\/2026\/03\/Sic-raw-material-synthesis-furnace6-600x311.png 600w\" sizes=\"(max-width: 680px) 100vw, 680px\" \/><\/p>\n<h2 data-section-id=\"1imsgo3\" data-start=\"3524\" data-end=\"3558\"><span role=\"text\"><strong data-start=\"3527\" data-end=\"3556\">Uygulamalar ve Faydalar<\/strong><\/span><\/h2>\n<p data-start=\"3559\" data-end=\"3737\">SiC Hammadde Sentez F\u0131r\u0131n\u0131, 99,999% veya daha y\u00fcksek safl\u0131klara ula\u015farak verimli bir \u015fekilde y\u00fcksek safl\u0131kta silisyum karb\u00fcr \u00fcretir. Sentezlenen SiC hammaddesi a\u015fa\u011f\u0131dakiler i\u00e7in idealdir:<\/p>\n<ul data-start=\"3738\" data-end=\"4228\">\n<li data-section-id=\"1fodfy7\" data-start=\"3738\" data-end=\"3850\"><strong data-start=\"3740\" data-end=\"3766\">Tek Kristal B\u00fcy\u00fcme:<\/strong> MOSFET'ler ve diyotlar gibi g\u00fc\u00e7 cihazlar\u0131 i\u00e7in y\u00fcksek kaliteli SiC kristalleri \u00fcretmek.<\/li>\n<li data-section-id=\"be6ua8\" data-start=\"3851\" data-end=\"3955\"><strong data-start=\"3853\" data-end=\"3875\">G\u00fc\u00e7 Elektroni\u011fi:<\/strong> Y\u00fcksek voltajl\u0131, d\u00fc\u015f\u00fck kay\u0131pl\u0131 ve y\u00fcksek frekansl\u0131 performansa sahip cihazlara olanak sa\u011flar.<\/li>\n<li data-section-id=\"2a320o\" data-start=\"3956\" data-end=\"4083\"><strong data-start=\"3958\" data-end=\"3994\">Otomotiv ve Yenilenebilir Enerji:<\/strong> Elektrikli ara\u00e7lar, solar invert\u00f6rler ve di\u011fer y\u00fcksek performansl\u0131 uygulamalar\u0131n iyile\u015ftirilmesi.<\/li>\n<li data-section-id=\"1kgacmz\" data-start=\"4084\" data-end=\"4228\"><strong data-start=\"4086\" data-end=\"4128\">\u0130leri Seramikler ve Optik Cihazlar:<\/strong> SiC uygulamalar\u0131n\u0131n yar\u0131 iletkenlerin \u00f6tesinde end\u00fcstriyel seramiklere ve optik bile\u015fenlere geni\u015fletilmesi.<\/li>\n<\/ul>\n<h2 data-section-id=\"tdegxz\" data-start=\"4235\" data-end=\"4257\"><span role=\"text\"><strong data-start=\"4238\" data-end=\"4255\">ZMSH Hizmetleri<\/strong><\/span><\/h2>\n<p data-start=\"4258\" data-end=\"4725\">ZMSH, f\u0131r\u0131n tasar\u0131m\u0131 ve \u00fcretiminden sat\u0131\u015f sonras\u0131 hizmete kadar eksiksiz proses deste\u011fi sa\u011flar. Buna ekipman \u00f6zelle\u015ftirme, s\u00fcre\u00e7 optimizasyonu ve teknik e\u011fitim de dahildir. \u0130leri teknoloji ve kapsaml\u0131 end\u00fcstri deneyimi ile ZMSH, d\u00fc\u015f\u00fck enerji t\u00fcketimi ile y\u00fcksek verimlilik, istikrarl\u0131 \u00e7al\u0131\u015fma sa\u011flar ve m\u00fc\u015fterilerin y\u00fcksek safl\u0131kta silisyum karb\u00fcr hammaddelerinin b\u00fcy\u00fck \u00f6l\u00e7ekli \u00fcretimini ger\u00e7ekle\u015ftirmelerine yard\u0131mc\u0131 olmak i\u00e7in h\u0131zl\u0131, 24 saat teknik destek sunar.<\/p>\n<h2 data-section-id=\"1uqg4yw\" data-start=\"4732\" data-end=\"4773\"><span role=\"text\"><strong data-start=\"4735\" data-end=\"4771\">S\u0131k\u00e7a Sorulan Sorular (SSS)<\/strong><\/span><\/h2>\n<p data-start=\"4774\" data-end=\"5024\"><strong data-start=\"4774\" data-end=\"4842\">S1: SiC hammadde sentez f\u0131r\u0131n\u0131n\u0131n amac\u0131 nedir?<\/strong><br data-start=\"4842\" data-end=\"4845\" \/>C: Yar\u0131 iletkenler, seramikler ve optik bile\u015fenler i\u00e7in gerekli olan y\u00fcksek s\u0131cakl\u0131ktaki kimyasal reaksiyonlar yoluyla y\u00fcksek safl\u0131kta silisyum karb\u00fcr (SiC) hammaddeleri \u00fcretmek i\u00e7in kullan\u0131l\u0131r.<\/p>\n<p data-start=\"5026\" data-end=\"5265\"><strong data-start=\"5026\" data-end=\"5104\">S2: SiC sentez f\u0131r\u0131n\u0131 yar\u0131 iletken \u00fcretimi i\u00e7in neden \u00f6nemlidir?<\/strong><br data-start=\"5104\" data-end=\"5107\" \/>C: G\u00fc\u00e7 elektroni\u011fi ve y\u00fcksek frekansl\u0131 cihazlarda kullan\u0131lan y\u00fcksek kaliteli SiC kristallerinin b\u00fcy\u00fct\u00fclmesi i\u00e7in \u00e7ok \u00f6nemli olan ultra saf SiC \u00fcretimini sa\u011flar.<\/p>\n<p data-start=\"5267\" data-end=\"5449\"><strong data-start=\"5267\" data-end=\"5327\">S3: F\u0131r\u0131n\u0131n maksimum y\u00fckleme kapasitesi nedir?<\/strong><br data-start=\"5327\" data-end=\"5330\" \/>C: Standart y\u00fckleme kapasitesi 50 kg olup, b\u00fcy\u00fck \u00f6l\u00e7ekli \u00fcretime ve birden fazla kristal f\u0131r\u0131n\u0131n beslenmesine olanak sa\u011flar.<\/p>\n<p data-start=\"5451\" data-end=\"5708\"><strong data-start=\"5451\" data-end=\"5526\">S4: F\u0131r\u0131n\u0131n s\u0131cakl\u0131k ve bas\u0131n\u00e7 kontrol hassasiyetleri nelerdir?<\/strong><br data-start=\"5526\" data-end=\"5529\" \/>A: S\u0131cakl\u0131k kontrol hassasiyeti \u00b11\u00b0C'dir. Bas\u0131n\u00e7 kontrol hassasiyeti, bas\u0131n\u00e7 aral\u0131\u011f\u0131na ba\u011fl\u0131 olarak \u00b10,1 mbar ile \u00b10,5 mbar aras\u0131nda de\u011fi\u015fir ve istikrarl\u0131 y\u00fcksek safl\u0131kta SiC sentezi sa\u011flar.<\/p>","protected":false},"excerpt":{"rendered":"<p>50kg SiC Hammadde Sentez F\u0131r\u0131n\u0131, y\u00fcksek safl\u0131kta silisyum karb\u00fcr (SiC) hammaddeleri \u00fcretmek i\u00e7in tasarlanm\u0131\u015f \u00f6zel bir y\u00fcksek s\u0131cakl\u0131k f\u0131r\u0131n\u0131d\u0131r. Kritik bir yar\u0131 iletken ve seramik malzeme olan SiC, g\u00fc\u00e7 elektroni\u011fi, y\u00fcksek s\u0131cakl\u0131k cihazlar\u0131, a\u015f\u0131nmaya dayan\u0131kl\u0131 malzemeler ve optik bile\u015fenlerde yayg\u0131n olarak uygulanmaktad\u0131r.<\/p>","protected":false},"featured_media":1984,"comment_status":"open","ping_status":"closed","template":"","meta":{"site-sidebar-layout":"default","site-content-layout":"","ast-site-content-layout":"default","site-content-style":"default","site-sidebar-style":"default","ast-global-header-display":"","ast-banner-title-visibility":"","ast-main-header-display":"","ast-hfb-above-header-display":"","ast-hfb-below-header-display":"","ast-hfb-mobile-header-display":"","site-post-title":"","ast-breadcrumbs-content":"","ast-featured-img":"","footer-sml-layout":"","ast-disable-related-posts":"","theme-transparent-header-meta":"default","adv-header-id-meta":"","stick-header-meta":"default","header-above-stick-meta":"","header-main-stick-meta":"","header-below-stick-meta":"","astra-migrate-meta-layouts":"set","ast-page-background-enabled":"default","ast-page-background-meta":{"desktop":{"background-color":"var(--ast-global-color-4)","background-image":"","background-repeat":"repeat","background-position":"center center","background-size":"auto","background-attachment":"scroll","background-type":"","background-media":"","overlay-type":"","overlay-color":"","overlay-opacity":"","overlay-gradient":""},"tablet":{"background-color":"","background-image":"","background-repeat":"repeat","background-position":"center center","background-size":"auto","background-attachment":"scroll","background-type":"","background-media":"","overlay-type":"","overlay-color":"","overlay-opacity":"","overlay-gradient":""},"mobile":{"background-color":"","background-image":"","background-repeat":"repeat","background-position":"center center","background-size":"auto","background-attachment":"scroll","background-type":"","background-media":"","overlay-type":"","overlay-color":"","overlay-opacity":"","overlay-gradient":""}},"ast-content-background-meta":{"desktop":{"background-color":"var(--ast-global-color-5)","background-image":"","background-repeat":"repeat","background-position":"center center","background-size":"auto","background-attachment":"scroll","background-type":"","background-media":"","overlay-type":"","overlay-color":"","overlay-opacity":"","overlay-gradient":""},"tablet":{"background-color":"var(--ast-global-color-5)","background-image":"","background-repeat":"repeat","background-position":"center center","background-size":"auto","background-attachment":"scroll","background-type":"","background-media":"","overlay-type":"","overlay-color":"","overlay-opacity":"","overlay-gradient":""},"mobile":{"background-color":"var(--ast-global-color-5)","background-image":"","background-repeat":"repeat","background-position":"center center","background-size":"auto","background-attachment":"scroll","background-type":"","background-media":"","overlay-type":"","overlay-color":"","overlay-opacity":"","overlay-gradient":""}}},"product_brand":[],"product_cat":[15],"product_tag":[489,504,506,492,496,500,499,505,498,495,507,494,493,501,490,503,491,486,502,497,508],"class_list":{"0":"post-1981","1":"product","2":"type-product","3":"status-publish","4":"has-post-thumbnail","6":"product_cat-crystal-growth-furnace","7":"product_tag-50kg-sic-raw-material-synthesis-furnace","8":"product_tag-crystal-growth","9":"product_tag-furnace-automation","10":"product_tag-high-purity-sic","11":"product_tag-high-temperature-devices","12":"product_tag-high-temperature-furnace","13":"product_tag-induction-heating-furnace","14":"product_tag-industrial-sic-production","15":"product_tag-optical-devices","16":"product_tag-power-electronics","17":"product_tag-pressure-control","18":"product_tag-semiconductor-materials","19":"product_tag-sic-crystal-preparation","20":"product_tag-sic-powder-production","21":"product_tag-sic-raw-material-furnace","22":"product_tag-sic-single-crystal","23":"product_tag-silicon-carbide-synthesis-furnace","24":"product_tag-temperature-control","25":"product_tag-ultra-pure-sic","26":"product_tag-wear-resistant-materials","27":"product_tag-zmsh-equipment","28":"desktop-align-left","29":"tablet-align-left","30":"mobile-align-left","31":"ast-product-gallery-layout-horizontal-slider","32":"ast-product-tabs-layout-horizontal","34":"first","35":"instock","36":"shipping-taxable","37":"product-type-simple"},"_links":{"self":[{"href":"https:\/\/www.zmsh-semitech.com\/tr\/wp-json\/wp\/v2\/product\/1981","targetHints":{"allow":["GET"]}}],"collection":[{"href":"https:\/\/www.zmsh-semitech.com\/tr\/wp-json\/wp\/v2\/product"}],"about":[{"href":"https:\/\/www.zmsh-semitech.com\/tr\/wp-json\/wp\/v2\/types\/product"}],"replies":[{"embeddable":true,"href":"https:\/\/www.zmsh-semitech.com\/tr\/wp-json\/wp\/v2\/comments?post=1981"}],"version-history":[{"count":3,"href":"https:\/\/www.zmsh-semitech.com\/tr\/wp-json\/wp\/v2\/product\/1981\/revisions"}],"predecessor-version":[{"id":1992,"href":"https:\/\/www.zmsh-semitech.com\/tr\/wp-json\/wp\/v2\/product\/1981\/revisions\/1992"}],"wp:featuredmedia":[{"embeddable":true,"href":"https:\/\/www.zmsh-semitech.com\/tr\/wp-json\/wp\/v2\/media\/1984"}],"wp:attachment":[{"href":"https:\/\/www.zmsh-semitech.com\/tr\/wp-json\/wp\/v2\/media?parent=1981"}],"wp:term":[{"taxonomy":"product_brand","embeddable":true,"href":"https:\/\/www.zmsh-semitech.com\/tr\/wp-json\/wp\/v2\/product_brand?post=1981"},{"taxonomy":"product_cat","embeddable":true,"href":"https:\/\/www.zmsh-semitech.com\/tr\/wp-json\/wp\/v2\/product_cat?post=1981"},{"taxonomy":"product_tag","embeddable":true,"href":"https:\/\/www.zmsh-semitech.com\/tr\/wp-json\/wp\/v2\/product_tag?post=1981"}],"curies":[{"name":"wp","href":"https:\/\/api.w.org\/{rel}","templated":true}]}}