{"id":1968,"date":"2026-03-23T06:01:20","date_gmt":"2026-03-23T06:01:20","guid":{"rendered":"https:\/\/www.zmsh-semitech.com\/?post_type=product&#038;p=1968"},"modified":"2026-03-23T06:03:52","modified_gmt":"2026-03-23T06:03:52","slug":"lpcvd-oxidation-furnace","status":"publish","type":"product","link":"https:\/\/www.zmsh-semitech.com\/tr\/product\/lpcvd-oxidation-furnace\/","title":{"rendered":"6\/8\/12-\u0130n\u00e7 LPCVD Oksidasyon F\u0131r\u0131n\u0131 Geli\u015fmi\u015f Yar\u0131 \u0130letken \u00dcretimi i\u00e7in Y\u00fcksek D\u00fczg\u00fcnl\u00fckl\u00fc \u0130nce Film Biriktirme"},"content":{"rendered":"<p data-start=\"295\" data-end=\"716\">6\/8\/12-\u0130n\u00e7 LPCVD Oksidasyon F\u0131r\u0131n\u0131, hassas ve homojen ince film biriktirme i\u00e7in tasarlanm\u0131\u015f son teknoloji \u00fcr\u00fcn\u00fc bir yar\u0131 iletken \u00fcretim arac\u0131d\u0131r. G\u00fc\u00e7 yar\u0131 iletkenleri, geli\u015fmi\u015f substratlar ve di\u011fer y\u00fcksek hassasiyetli uygulamalar i\u00e7in tutarl\u0131 performans sa\u011flayarak, gofretler \u00fczerinde y\u00fcksek kaliteli polisilikon, silikon nitr\u00fcr ve silikon oksit katmanlar\u0131n\u0131n b\u00fcy\u00fct\u00fclmesinde yayg\u0131n olarak uygulan\u0131r.<\/p>\n<p data-start=\"718\" data-end=\"1176\">Bu ekipman, ola\u011fan\u00fcst\u00fc ince film homojenli\u011fi ve y\u00fcksek verim elde etmek i\u00e7in geli\u015fmi\u015f d\u00fc\u015f\u00fck bas\u0131n\u00e7l\u0131 biriktirme teknolojisi, ak\u0131ll\u0131 s\u0131cakl\u0131k kontrol\u00fc ve ultra temiz proses tasar\u0131m\u0131n\u0131 bir araya getirir. Dikey reakt\u00f6r konfig\u00fcrasyonu verimli toplu i\u015flemeye olanak sa\u011flarken, termal biriktirme i\u015flemi plazma kaynakl\u0131 hasar\u0131 \u00f6nler, bu da onu kap\u0131 dielektrik olu\u015fumu, gerilim tamponlama katmanlar\u0131 ve koruyucu oksitler gibi kritik i\u015flemler i\u00e7in ideal hale getirir.<\/p>\n<p data-start=\"718\" data-end=\"1176\"><img fetchpriority=\"high\" decoding=\"async\" class=\"alignnone wp-image-1978 size-full aligncenter\" src=\"https:\/\/www.zmsh-semitech.com\/wp-content\/uploads\/2026\/03\/20250422163156_56112.png\" alt=\"\" width=\"680\" height=\"382\" srcset=\"https:\/\/www.zmsh-semitech.com\/wp-content\/uploads\/2026\/03\/20250422163156_56112.png 680w, https:\/\/www.zmsh-semitech.com\/wp-content\/uploads\/2026\/03\/20250422163156_56112-300x169.png 300w, https:\/\/www.zmsh-semitech.com\/wp-content\/uploads\/2026\/03\/20250422163156_56112-18x10.png 18w, https:\/\/www.zmsh-semitech.com\/wp-content\/uploads\/2026\/03\/20250422163156_56112-600x337.png 600w\" sizes=\"(max-width: 680px) 100vw, 680px\" \/><\/p>\n<p data-start=\"718\" data-end=\"1176\">\n<h2 data-section-id=\"52xoay\" data-start=\"1183\" data-end=\"1206\"><span role=\"text\"><strong data-start=\"1186\" data-end=\"1204\">Temel Avantajlar<\/strong><\/span><\/h2>\n<ul data-start=\"1207\" data-end=\"2119\">\n<li data-section-id=\"5aaqq\" data-start=\"1207\" data-end=\"1402\"><strong data-start=\"1209\" data-end=\"1250\">Y\u00fcksek D\u00fczg\u00fcnl\u00fckte \u0130nce Film Biriktirme:<\/strong> D\u00fc\u015f\u00fck bas\u0131n\u00e7l\u0131 ortam (0,1-10 Torr), y\u00fcksek performansl\u0131 cihaz \u00fcretimi i\u00e7in kritik olan \u00b11,5%'lik gofretten gofrete ve gofret i\u00e7i homojenli\u011fi sa\u011flar.<\/li>\n<li data-section-id=\"1gd7krr\" data-start=\"1403\" data-end=\"1564\"><strong data-start=\"1405\" data-end=\"1433\">Dikey Reakt\u00f6r Tasar\u0131m\u0131:<\/strong> Parti ba\u015f\u0131na 150-200 gofret i\u015fleyerek end\u00fcstriyel \u00f6l\u00e7ekte yar\u0131 iletken \u00fcretimi i\u00e7in verimi ve \u00fcretim verimlili\u011fini art\u0131r\u0131r.<\/li>\n<li data-section-id=\"k1g5ie\" data-start=\"1565\" data-end=\"1716\"><strong data-start=\"1567\" data-end=\"1610\">Termal Biriktirme S\u00fcreci (500-900\u00b0C):<\/strong> Hassas alt tabakalar\u0131 korumak ve y\u00fcksek film kalitesini s\u00fcrd\u00fcrmek i\u00e7in nazik, plazmas\u0131z biriktirme sa\u011flar.<\/li>\n<li data-section-id=\"15vtswb\" data-start=\"1717\" data-end=\"1844\"><strong data-start=\"1719\" data-end=\"1755\">Ak\u0131ll\u0131 S\u0131cakl\u0131k Kontrol\u00fc:<\/strong> Kararl\u0131, tekrarlanabilir sonu\u00e7lar i\u00e7in \u00b11\u00b0C hassasiyetle ger\u00e7ek zamanl\u0131 izleme ve ayarlama.<\/li>\n<li data-section-id=\"5qswig\" data-start=\"1845\" data-end=\"1966\"><strong data-start=\"1847\" data-end=\"1879\">Ultra Temiz Proses Odas\u0131:<\/strong> SiC ve di\u011fer geli\u015fmi\u015f yonga plakas\u0131 malzemelerini destekleyerek partik\u00fcl kontaminasyonunu en aza indirir.<\/li>\n<li data-section-id=\"13dmie4\" data-start=\"1967\" data-end=\"2119\"><strong data-start=\"1969\" data-end=\"2000\">\u00d6zelle\u015ftirilebilir Yap\u0131land\u0131rma:<\/strong> Esnek tasar\u0131m, kuru veya \u0131slak oksidasyon ve farkl\u0131 gofret boyutlar\u0131 dahil olmak \u00fczere \u00e7e\u015fitli proses gereksinimlerini kar\u015f\u0131lar.<\/li>\n<\/ul>\n<h2 data-section-id=\"10oaxfc\" data-start=\"2126\" data-end=\"2159\"><span role=\"text\"><strong data-start=\"2129\" data-end=\"2157\">Teknik \u00d6zellikler<\/strong><\/span><\/h2>\n<div class=\"TyagGW_tableContainer\">\n<div class=\"group TyagGW_tableWrapper flex flex-col-reverse w-fit\" tabindex=\"-1\">\n<table class=\"w-fit min-w-(--thread-content-width)\" data-start=\"2161\" data-end=\"2686\">\n<thead data-start=\"2161\" data-end=\"2188\">\n<tr data-start=\"2161\" data-end=\"2188\">\n<th class=\"\" data-start=\"2161\" data-end=\"2171\" data-col-size=\"sm\">\u00d6zellik<\/th>\n<th class=\"\" data-start=\"2171\" data-end=\"2188\" data-col-size=\"md\">\u015eartname<\/th>\n<\/tr>\n<\/thead>\n<tbody data-start=\"2217\" data-end=\"2686\">\n<tr data-start=\"2217\" data-end=\"2245\">\n<td data-start=\"2217\" data-end=\"2230\" data-col-size=\"sm\">Gofret Boyutu<\/td>\n<td data-col-size=\"md\" data-start=\"2230\" data-end=\"2245\">6\/8\/12 \u0130n\u00e7<\/td>\n<\/tr>\n<tr data-start=\"2246\" data-end=\"2316\">\n<td data-start=\"2246\" data-end=\"2269\" data-col-size=\"sm\">Uyumlu Malzemeler<\/td>\n<td data-col-size=\"md\" data-start=\"2269\" data-end=\"2316\">Polisilikon, Silisyum Nitr\u00fcr, Silisyum Oksit<\/td>\n<\/tr>\n<tr data-start=\"2317\" data-end=\"2372\">\n<td data-start=\"2317\" data-end=\"2334\" data-col-size=\"sm\">Oksidasyon Tipi<\/td>\n<td data-col-size=\"md\" data-start=\"2334\" data-end=\"2372\">Kuru Oksijen \/ Islak Oksijen (DCE, HCL)<\/td>\n<\/tr>\n<tr data-start=\"2373\" data-end=\"2416\">\n<td data-start=\"2373\" data-end=\"2401\" data-col-size=\"sm\">Proses S\u0131cakl\u0131k Aral\u0131\u011f\u0131<\/td>\n<td data-col-size=\"md\" data-start=\"2401\" data-end=\"2416\">500\u00b0C-900\u00b0C<\/td>\n<\/tr>\n<tr data-start=\"2417\" data-end=\"2456\">\n<td data-start=\"2417\" data-end=\"2445\" data-col-size=\"sm\">Sabit S\u0131cakl\u0131k B\u00f6lgesi<\/td>\n<td data-col-size=\"md\" data-start=\"2445\" data-end=\"2456\">\u2265800 mm<\/td>\n<\/tr>\n<tr data-start=\"2457\" data-end=\"2496\">\n<td data-start=\"2457\" data-end=\"2488\" data-col-size=\"sm\">S\u0131cakl\u0131k Kontrol Do\u011frulu\u011fu<\/td>\n<td data-col-size=\"md\" data-start=\"2488\" data-end=\"2496\">\u00b11\u00b0C<\/td>\n<\/tr>\n<tr data-start=\"2497\" data-end=\"2573\">\n<td data-start=\"2497\" data-end=\"2516\" data-col-size=\"sm\">Par\u00e7ac\u0131k Kontrol\u00fc<\/td>\n<td data-col-size=\"md\" data-start=\"2516\" data-end=\"2573\">0,32\u03bcm), 0,32\u03bcm), 0,226\u03bcm)<\/td>\n<\/tr>\n<tr data-start=\"2574\" data-end=\"2608\">\n<td data-start=\"2574\" data-end=\"2591\" data-col-size=\"sm\">Film Kal\u0131nl\u0131\u011f\u0131<\/td>\n<td data-col-size=\"md\" data-start=\"2591\" data-end=\"2608\">NIT1500 \u00b150 \u00c5<\/td>\n<\/tr>\n<tr data-start=\"2609\" data-end=\"2686\">\n<td data-start=\"2609\" data-end=\"2622\" data-col-size=\"sm\">Tekd\u00fczelik<\/td>\n<td data-start=\"2622\" data-end=\"2686\" data-col-size=\"md\">Wafer i\u00e7inde &lt;2,5%, wafer&#039;dan wafer&#039;a &lt;2,5%, partiden partiye &lt;2%<\/td>\n<\/tr>\n<\/tbody>\n<\/table>\n<\/div>\n<\/div>\n<h2 data-section-id=\"5mln0p\" data-start=\"2693\" data-end=\"2718\"><span role=\"text\"><strong data-start=\"2696\" data-end=\"2716\">\u00dcr\u00fcn \u00d6zellikleri<\/strong><\/span><\/h2>\n<ul data-start=\"2719\" data-end=\"3240\">\n<li data-section-id=\"1npssef\" data-start=\"2719\" data-end=\"2795\">Otomatik gofret i\u015fleme, y\u00fcksek g\u00fcvenlik ve operasyonel verimlilik sa\u011flar.<\/li>\n<li data-section-id=\"1viv597\" data-start=\"2796\" data-end=\"2893\">Ultra temiz proses haznesi kontaminasyon riskini azalt\u0131r ve tutarl\u0131 film kalitesini korur.<\/li>\n<li data-section-id=\"h2e7ah\" data-start=\"2894\" data-end=\"2970\">\u00dcst\u00fcn film kal\u0131nl\u0131\u011f\u0131 homojenli\u011fi, geli\u015fmi\u015f d\u00fc\u011f\u00fcm \u00fcretimini destekler.<\/li>\n<li data-section-id=\"i9qs80\" data-start=\"2971\" data-end=\"3065\">Ger\u00e7ek zamanl\u0131 ak\u0131ll\u0131 s\u0131cakl\u0131k ve bas\u0131n\u00e7 kontrol\u00fc, hassas proses ayarlamalar\u0131na olanak tan\u0131r.<\/li>\n<li data-section-id=\"1vojhz5\" data-start=\"3066\" data-end=\"3155\">SiC wafer deste\u011fi s\u00fcrt\u00fcnmeyi ve partik\u00fcl olu\u015fumunu azaltarak wafer \u00f6mr\u00fcn\u00fc uzat\u0131r.<\/li>\n<li data-section-id=\"1efwava\" data-start=\"3156\" data-end=\"3240\">Mod\u00fcler tasar\u0131m, farkl\u0131 uygulamalar ve proses ihtiya\u00e7lar\u0131 i\u00e7in \u00f6zelle\u015ftirme sa\u011flar.<\/li>\n<\/ul>\n<h2 data-section-id=\"1s7c0bk\" data-start=\"3247\" data-end=\"3284\"><span role=\"text\"><strong data-start=\"3250\" data-end=\"3282\">Biriktirme S\u00fcreci Prensibi<img decoding=\"async\" class=\"size-medium wp-image-1972 alignleft\" src=\"https:\/\/www.zmsh-semitech.com\/wp-content\/uploads\/2026\/03\/LPCVD-deposition-principle-300x246.png\" alt=\"\" width=\"300\" height=\"246\" srcset=\"https:\/\/www.zmsh-semitech.com\/wp-content\/uploads\/2026\/03\/LPCVD-deposition-principle-300x246.png 300w, https:\/\/www.zmsh-semitech.com\/wp-content\/uploads\/2026\/03\/LPCVD-deposition-principle-15x12.png 15w, https:\/\/www.zmsh-semitech.com\/wp-content\/uploads\/2026\/03\/LPCVD-deposition-principle-600x492.png 600w, https:\/\/www.zmsh-semitech.com\/wp-content\/uploads\/2026\/03\/LPCVD-deposition-principle.png 680w\" sizes=\"(max-width: 300px) 100vw, 300px\" \/><\/strong><\/span><\/h2>\n<ol data-start=\"3285\" data-end=\"3910\">\n<li data-section-id=\"1jepk0v\" data-start=\"3285\" data-end=\"3400\"><strong data-start=\"3288\" data-end=\"3309\">Gaz Tan\u0131t\u0131m\u0131:<\/strong> Reaktif gazlar d\u00fc\u015f\u00fck bas\u0131n\u00e7 ko\u015fullar\u0131 alt\u0131nda (0,25-1 Torr) t\u00fcpe verilir.<\/li>\n<li data-section-id=\"bjphum\" data-start=\"3401\" data-end=\"3506\"><strong data-start=\"3404\" data-end=\"3426\">Y\u00fczey Dif\u00fczyonu:<\/strong> Molek\u00fcller yonga plakas\u0131 y\u00fczeyi boyunca serbest\u00e7e da\u011f\u0131larak homojen bir kaplama sa\u011flar.<\/li>\n<li data-section-id=\"yyrb2x\" data-start=\"3507\" data-end=\"3591\"><strong data-start=\"3510\" data-end=\"3525\">Adsorpsiyon:<\/strong> Reaktifler kimyasal reaksiyondan \u00f6nce gofret y\u00fczeyine yap\u0131\u015f\u0131r.<\/li>\n<li data-section-id=\"17r2njo\" data-start=\"3592\" data-end=\"3696\"><strong data-start=\"3595\" data-end=\"3617\">Kimyasal Reaksiyon:<\/strong> Termal ayr\u0131\u015ft\u0131rma, istenen ince filmi do\u011frudan alt tabaka \u00fczerinde olu\u015fturur.<\/li>\n<li data-section-id=\"joswp0\" data-start=\"3697\" data-end=\"3802\"><strong data-start=\"3700\" data-end=\"3722\">Yan \u00dcr\u00fcn Giderimi:<\/strong> Reaktif olmayan gazlar, safl\u0131\u011f\u0131 korumak ve paraziti \u00f6nlemek i\u00e7in tahliye edilir.<\/li>\n<li data-section-id=\"1nf7uqd\" data-start=\"3803\" data-end=\"3910\"><strong data-start=\"3806\" data-end=\"3825\">Film Olu\u015fumu:<\/strong> Reaksiyon \u00fcr\u00fcnleri kademeli olarak birikerek d\u00fczg\u00fcn, kararl\u0131 bir ince film tabakas\u0131 olu\u015fturur.<\/li>\n<\/ol>\n<h2 data-section-id=\"3f2aoc\" data-start=\"3917\" data-end=\"3938\"><span role=\"text\"><strong data-start=\"3920\" data-end=\"3936\">Uygulamalar<\/strong><\/span><\/h2>\n<ul data-start=\"3939\" data-end=\"4341\">\n<li data-section-id=\"88axke\" data-start=\"3939\" data-end=\"4064\"><strong data-start=\"3941\" data-end=\"3967\">Koruyucu Oksit Katman\u0131:<\/strong> Silikon gofretleri kirlenmeye kar\u015f\u0131 korur ve doping i\u015flemleri s\u0131ras\u0131nda iyon kanalizasyonunu azalt\u0131r.<\/li>\n<\/ul>\n<p><img decoding=\"async\" class=\"wp-image-1973 size-full aligncenter\" src=\"https:\/\/www.zmsh-semitech.com\/wp-content\/uploads\/2026\/03\/application-of-oxidation-process1.png\" alt=\"\" width=\"671\" height=\"273\" srcset=\"https:\/\/www.zmsh-semitech.com\/wp-content\/uploads\/2026\/03\/application-of-oxidation-process1.png 671w, https:\/\/www.zmsh-semitech.com\/wp-content\/uploads\/2026\/03\/application-of-oxidation-process1-300x122.png 300w, https:\/\/www.zmsh-semitech.com\/wp-content\/uploads\/2026\/03\/application-of-oxidation-process1-18x7.png 18w, https:\/\/www.zmsh-semitech.com\/wp-content\/uploads\/2026\/03\/application-of-oxidation-process1-600x244.png 600w\" sizes=\"(max-width: 671px) 100vw, 671px\" \/><\/p>\n<ul data-start=\"3939\" data-end=\"4341\">\n<li data-section-id=\"1o3mmvz\" data-start=\"4065\" data-end=\"4204\"><strong data-start=\"4067\" data-end=\"4087\">Ped Oksit Katman\u0131:<\/strong> Silikon ve silikon nitr\u00fcr katmanlar\u0131 aras\u0131nda bir gerilim tamponu g\u00f6revi g\u00f6rerek gofret \u00e7atlamas\u0131n\u0131 \u00f6nler ve verimi art\u0131r\u0131r.<\/li>\n<\/ul>\n<p><img loading=\"lazy\" decoding=\"async\" class=\"wp-image-1974 size-full aligncenter\" src=\"https:\/\/www.zmsh-semitech.com\/wp-content\/uploads\/2026\/03\/application-of-oxidation-process2.png\" alt=\"\" width=\"602\" height=\"307\" srcset=\"https:\/\/www.zmsh-semitech.com\/wp-content\/uploads\/2026\/03\/application-of-oxidation-process2.png 602w, https:\/\/www.zmsh-semitech.com\/wp-content\/uploads\/2026\/03\/application-of-oxidation-process2-300x153.png 300w, https:\/\/www.zmsh-semitech.com\/wp-content\/uploads\/2026\/03\/application-of-oxidation-process2-18x9.png 18w, https:\/\/www.zmsh-semitech.com\/wp-content\/uploads\/2026\/03\/application-of-oxidation-process2-600x306.png 600w\" sizes=\"(max-width: 602px) 100vw, 602px\" \/><\/p>\n<ul data-start=\"3939\" data-end=\"4341\">\n<li data-section-id=\"10l973e\" data-start=\"4205\" data-end=\"4341\"><strong data-start=\"4207\" data-end=\"4228\">Kap\u0131 Oksit Katman\u0131:<\/strong> MOS yap\u0131lar\u0131nda dielektrik katman sa\u011flayarak hassas ak\u0131m iletimi ve alan etkisi kontrol\u00fc sa\u011flar.<\/li>\n<\/ul>\n<p><img loading=\"lazy\" decoding=\"async\" class=\"wp-image-1975 size-full aligncenter\" src=\"https:\/\/www.zmsh-semitech.com\/wp-content\/uploads\/2026\/03\/application-of-oxidation-process3.png\" alt=\"\" width=\"680\" height=\"297\" srcset=\"https:\/\/www.zmsh-semitech.com\/wp-content\/uploads\/2026\/03\/application-of-oxidation-process3.png 680w, https:\/\/www.zmsh-semitech.com\/wp-content\/uploads\/2026\/03\/application-of-oxidation-process3-300x131.png 300w, https:\/\/www.zmsh-semitech.com\/wp-content\/uploads\/2026\/03\/application-of-oxidation-process3-18x8.png 18w, https:\/\/www.zmsh-semitech.com\/wp-content\/uploads\/2026\/03\/application-of-oxidation-process3-600x262.png 600w\" sizes=\"(max-width: 680px) 100vw, 680px\" \/><\/p>\n<h2 data-section-id=\"19sbner\" data-start=\"4348\" data-end=\"4378\"><span role=\"text\"><strong data-start=\"4351\" data-end=\"4376\">Sistem Konfig\u00fcrasyonlar\u0131<\/strong><\/span><\/h2>\n<ul data-start=\"4379\" data-end=\"4685\">\n<li data-section-id=\"29z8e\" data-start=\"4379\" data-end=\"4496\"><strong data-start=\"4381\" data-end=\"4400\">Dikey LPCVD:<\/strong> Proses gazlar\u0131 yukar\u0131dan a\u015fa\u011f\u0131ya do\u011fru akarak bir partideki t\u00fcm gofretler \u00fczerinde e\u015fit birikim sa\u011flar.<\/li>\n<\/ul>\n<p><img loading=\"lazy\" decoding=\"async\" class=\"size-medium wp-image-1976 aligncenter\" src=\"https:\/\/www.zmsh-semitech.com\/wp-content\/uploads\/2026\/03\/Vertical-LPCVD-Systems-300x280.png\" alt=\"\" width=\"300\" height=\"280\" srcset=\"https:\/\/www.zmsh-semitech.com\/wp-content\/uploads\/2026\/03\/Vertical-LPCVD-Systems-300x280.png 300w, https:\/\/www.zmsh-semitech.com\/wp-content\/uploads\/2026\/03\/Vertical-LPCVD-Systems-13x12.png 13w, https:\/\/www.zmsh-semitech.com\/wp-content\/uploads\/2026\/03\/Vertical-LPCVD-Systems-600x560.png 600w, https:\/\/www.zmsh-semitech.com\/wp-content\/uploads\/2026\/03\/Vertical-LPCVD-Systems.png 680w\" sizes=\"(max-width: 300px) 100vw, 300px\" \/><\/p>\n<ul data-start=\"4379\" data-end=\"4685\">\n<li data-section-id=\"1dvx71j\" data-start=\"4497\" data-end=\"4685\"><strong data-start=\"4499\" data-end=\"4520\">Yatay LPCVD:<\/strong> Gazlar alt tabakalar\u0131n uzunlu\u011fu boyunca akar, s\u00fcrekli, y\u00fcksek hacimli \u00fcretim i\u00e7in uygundur, ancak biriktirme kal\u0131nl\u0131\u011f\u0131 giri\u015f taraf\u0131n\u0131n yak\u0131n\u0131nda biraz de\u011fi\u015febilir.<\/li>\n<\/ul>\n<p><img loading=\"lazy\" decoding=\"async\" class=\"wp-image-1977 size-full aligncenter\" src=\"https:\/\/www.zmsh-semitech.com\/wp-content\/uploads\/2026\/03\/Horizontal-LPCVD-Systems.png\" alt=\"\" width=\"680\" height=\"361\" srcset=\"https:\/\/www.zmsh-semitech.com\/wp-content\/uploads\/2026\/03\/Horizontal-LPCVD-Systems.png 680w, https:\/\/www.zmsh-semitech.com\/wp-content\/uploads\/2026\/03\/Horizontal-LPCVD-Systems-300x159.png 300w, https:\/\/www.zmsh-semitech.com\/wp-content\/uploads\/2026\/03\/Horizontal-LPCVD-Systems-18x10.png 18w, https:\/\/www.zmsh-semitech.com\/wp-content\/uploads\/2026\/03\/Horizontal-LPCVD-Systems-600x319.png 600w\" sizes=\"(max-width: 680px) 100vw, 680px\" \/><\/p>\n<h2 data-section-id=\"4co5vj\" data-start=\"4692\" data-end=\"4727\"><span role=\"text\"><strong data-start=\"4695\" data-end=\"4725\">S\u0131k\u00e7a Sorulan Sorular<\/strong><\/span><\/h2>\n<p data-start=\"4728\" data-end=\"5009\"><strong data-start=\"4728\" data-end=\"4769\">S1: LPCVD \u00f6ncelikli olarak ne i\u00e7in kullan\u0131l\u0131r?<\/strong><br data-start=\"4769\" data-end=\"4772\" \/>C: LPCVD, yar\u0131 iletken \u00fcretiminde polisilikon, silikon nitr\u00fcr ve silikon oksit biriktirme i\u00e7in yayg\u0131n olarak kullan\u0131lan, geli\u015fmi\u015f cihaz \u00fcretimi i\u00e7in tek tip ve y\u00fcksek kaliteli filmler sa\u011flayan d\u00fc\u015f\u00fck bas\u0131n\u00e7l\u0131 bir ince film biriktirme i\u015flemidir.<\/p>\n<p data-start=\"5011\" data-end=\"5252\"><strong data-start=\"5011\" data-end=\"5052\">S2: LPCVD'nin PECVD'den fark\u0131 nedir?<\/strong><br data-start=\"5052\" data-end=\"5055\" \/>C: LPCVD, y\u00fcksek safl\u0131kta filmler \u00fcretmek i\u00e7in d\u00fc\u015f\u00fck bas\u0131n\u00e7 alt\u0131nda termal aktivasyona dayan\u0131rken, PECVD, genellikle biraz daha d\u00fc\u015f\u00fck film kalitesiyle daha h\u0131zl\u0131 biriktirme i\u00e7in daha d\u00fc\u015f\u00fck s\u0131cakl\u0131klarda plazma kullan\u0131r.<\/p>\n<p data-start=\"50\" data-end=\"348\"><strong data-start=\"50\" data-end=\"138\">S3: Hangi wafer boyutlar\u0131 ve malzemeleri bu LPCVD Oksidasyon F\u0131r\u0131n\u0131 ile uyumludur?<\/strong><br data-start=\"138\" data-end=\"141\" \/>C: Bu f\u0131r\u0131n 6 in\u00e7, 8 in\u00e7 ve 12 in\u00e7 gofretleri destekler ve polisilikon, silikon nitr\u00fcr, silikon oksit ve SiC gofretlerle uyumludur ve \u00e7e\u015fitli yar\u0131 iletken uygulamalar\u0131 i\u00e7in esneklik sa\u011flar.<\/p>\n<p data-start=\"350\" data-end=\"673\"><strong data-start=\"350\" data-end=\"427\">S4: LPCVD Oksidasyon F\u0131r\u0131n\u0131 belirli prosesler i\u00e7in \u00f6zelle\u015ftirilebilir mi?<\/strong><br data-start=\"427\" data-end=\"430\" \/>C: Evet, sistem ayarlanabilir s\u0131cakl\u0131k b\u00f6lgeleri, gaz ak\u0131\u015f kontrol\u00fc ve oksidasyon modlar\u0131 (kuru veya \u0131slak) dahil olmak \u00fczere mod\u00fcler konfig\u00fcrasyonlar sunarak hem ara\u015ft\u0131rma hem de end\u00fcstriyel \u00f6l\u00e7ekte \u00fcretim i\u00e7in \u00e7e\u015fitli proses gereksinimlerini kar\u015f\u0131lamas\u0131na olanak tan\u0131r.<\/p>","protected":false},"excerpt":{"rendered":"<p>6\/8\/12-\u0130n\u00e7 LPCVD (D\u00fc\u015f\u00fck Bas\u0131n\u00e7l\u0131 Kimyasal Buhar Biriktirme) Oksidasyon F\u0131r\u0131n\u0131, hassas ve homojen ince film biriktirme i\u00e7in tasarlanm\u0131\u015f son teknoloji \u00fcr\u00fcn\u00fc bir yar\u0131 iletken \u00fcretim arac\u0131d\u0131r. G\u00fc\u00e7 yar\u0131 iletkenleri, geli\u015fmi\u015f alt tabakalar ve di\u011fer y\u00fcksek hassasiyetli uygulamalar i\u00e7in tutarl\u0131 performans sa\u011flayarak, gofretler \u00fczerinde y\u00fcksek kaliteli polisilikon, silikon nitr\u00fcr ve silikon oksit katmanlar\u0131n\u0131n b\u00fcy\u00fct\u00fclmesinde yayg\u0131n olarak uygulan\u0131r.<\/p>","protected":false},"featured_media":1969,"comment_status":"open","ping_status":"closed","template":"","meta":{"site-sidebar-layout":"default","site-content-layout":"","ast-site-content-layout":"default","site-content-style":"default","site-sidebar-style":"default","ast-global-header-display":"","ast-banner-title-visibility":"","ast-main-header-display":"","ast-hfb-above-header-display":"","ast-hfb-below-header-display":"","ast-hfb-mobile-header-display":"","site-post-title":"","ast-breadcrumbs-content":"","ast-featured-img":"","footer-sml-layout":"","ast-disable-related-posts":"","theme-transparent-header-meta":"default","adv-header-id-meta":"","stick-header-meta":"default","header-above-stick-meta":"","header-main-stick-meta":"","header-below-stick-meta":"","astra-migrate-meta-layouts":"set","ast-page-background-enabled":"default","ast-page-background-meta":{"desktop":{"background-color":"var(--ast-global-color-4)","background-image":"","background-repeat":"repeat","background-position":"center center","background-size":"auto","background-attachment":"scroll","background-type":"","background-media":"","overlay-type":"","overlay-color":"","overlay-opacity":"","overlay-gradient":""},"tablet":{"background-color":"","background-image":"","background-repeat":"repeat","background-position":"center center","background-size":"auto","background-attachment":"scroll","background-type":"","background-media":"","overlay-type":"","overlay-color":"","overlay-opacity":"","overlay-gradient":""},"mobile":{"background-color":"","background-image":"","background-repeat":"repeat","background-position":"center center","background-size":"auto","background-attachment":"scroll","background-type":"","background-media":"","overlay-type":"","overlay-color":"","overlay-opacity":"","overlay-gradient":""}},"ast-content-background-meta":{"desktop":{"background-color":"var(--ast-global-color-5)","background-image":"","background-repeat":"repeat","background-position":"center center","background-size":"auto","background-attachment":"scroll","background-type":"","background-media":"","overlay-type":"","overlay-color":"","overlay-opacity":"","overlay-gradient":""},"tablet":{"background-color":"var(--ast-global-color-5)","background-image":"","background-repeat":"repeat","background-position":"center center","background-size":"auto","background-attachment":"scroll","background-type":"","background-media":"","overlay-type":"","overlay-color":"","overlay-opacity":"","overlay-gradient":""},"mobile":{"background-color":"var(--ast-global-color-5)","background-image":"","background-repeat":"repeat","background-position":"center center","background-size":"auto","background-attachment":"scroll","background-type":"","background-media":"","overlay-type":"","overlay-color":"","overlay-opacity":"","overlay-gradient":""}}},"product_brand":[],"product_cat":[15],"product_tag":[468,485,488,480,484,479,476,469,477,470,481,472,110,475,482,102,473,474,486,471,487,478,483],"class_list":{"0":"post-1968","1":"product","2":"type-product","3":"status-publish","4":"has-post-thumbnail","6":"product_cat-crystal-growth-furnace","7":"product_tag-6-8-12-inch-lpcvd-oxidation-furnace","8":"product_tag-automated-wafer-handling","9":"product_tag-customizable-lpcvd","10":"product_tag-gate-oxide","11":"product_tag-high-uniformity-thin-film","12":"product_tag-horizontal-lpcvd","13":"product_tag-low-pressure-chemical-vapor-deposition","14":"product_tag-lpcvd","15":"product_tag-lpcvd-vs-pecvd","16":"product_tag-oxygen-furnace","17":"product_tag-pad-oxide","18":"product_tag-polysilicon","19":"product_tag-semiconductor-equipment","20":"product_tag-semiconductor-manufacturing","21":"product_tag-shielding-oxide","22":"product_tag-sic-wafer","23":"product_tag-silicon-nitride","24":"product_tag-silicon-oxide","25":"product_tag-temperature-control","26":"product_tag-thin-film-deposition","27":"product_tag-ultra-clean-chamber","28":"product_tag-vertical-lpcvd","29":"product_tag-wafer-processing","30":"desktop-align-left","31":"tablet-align-left","32":"mobile-align-left","33":"ast-product-gallery-layout-horizontal-slider","34":"ast-product-tabs-layout-horizontal","36":"first","37":"instock","38":"shipping-taxable","39":"product-type-simple"},"_links":{"self":[{"href":"https:\/\/www.zmsh-semitech.com\/tr\/wp-json\/wp\/v2\/product\/1968","targetHints":{"allow":["GET"]}}],"collection":[{"href":"https:\/\/www.zmsh-semitech.com\/tr\/wp-json\/wp\/v2\/product"}],"about":[{"href":"https:\/\/www.zmsh-semitech.com\/tr\/wp-json\/wp\/v2\/types\/product"}],"replies":[{"embeddable":true,"href":"https:\/\/www.zmsh-semitech.com\/tr\/wp-json\/wp\/v2\/comments?post=1968"}],"version-history":[{"count":3,"href":"https:\/\/www.zmsh-semitech.com\/tr\/wp-json\/wp\/v2\/product\/1968\/revisions"}],"predecessor-version":[{"id":1999,"href":"https:\/\/www.zmsh-semitech.com\/tr\/wp-json\/wp\/v2\/product\/1968\/revisions\/1999"}],"wp:featuredmedia":[{"embeddable":true,"href":"https:\/\/www.zmsh-semitech.com\/tr\/wp-json\/wp\/v2\/media\/1969"}],"wp:attachment":[{"href":"https:\/\/www.zmsh-semitech.com\/tr\/wp-json\/wp\/v2\/media?parent=1968"}],"wp:term":[{"taxonomy":"product_brand","embeddable":true,"href":"https:\/\/www.zmsh-semitech.com\/tr\/wp-json\/wp\/v2\/product_brand?post=1968"},{"taxonomy":"product_cat","embeddable":true,"href":"https:\/\/www.zmsh-semitech.com\/tr\/wp-json\/wp\/v2\/product_cat?post=1968"},{"taxonomy":"product_tag","embeddable":true,"href":"https:\/\/www.zmsh-semitech.com\/tr\/wp-json\/wp\/v2\/product_tag?post=1968"}],"curies":[{"name":"wp","href":"https:\/\/api.w.org\/{rel}","templated":true}]}}