{"id":1958,"date":"2026-03-17T07:34:59","date_gmt":"2026-03-17T07:34:59","guid":{"rendered":"https:\/\/www.zmsh-semitech.com\/?post_type=product&#038;p=1958"},"modified":"2026-03-20T07:40:41","modified_gmt":"2026-03-20T07:40:41","slug":"sic-growth-furnace-pvt-method-for-6-12-inch-silicon-carbide-crystal-production","status":"publish","type":"product","link":"https:\/\/www.zmsh-semitech.com\/tr\/product\/sic-growth-furnace-pvt-method-for-6-12-inch-silicon-carbide-crystal-production\/","title":{"rendered":"6-12 \u0130n\u00e7 Silisyum Karb\u00fcr Kristal \u00dcretimi i\u00e7in SiC B\u00fcy\u00fctme F\u0131r\u0131n\u0131 (PVT Y\u00f6ntemi)"},"content":{"rendered":"<p data-start=\"202\" data-end=\"374\"><img fetchpriority=\"high\" decoding=\"async\" class=\"size-medium wp-image-1960 alignleft\" src=\"https:\/\/www.zmsh-semitech.com\/wp-content\/uploads\/2026\/03\/sic_growth_furnace_pvt_method_6inch_8inch_12_inch_low_energy_consumption1-300x300.webp\" alt=\"\" width=\"300\" height=\"300\" srcset=\"https:\/\/www.zmsh-semitech.com\/wp-content\/uploads\/2026\/03\/sic_growth_furnace_pvt_method_6inch_8inch_12_inch_low_energy_consumption1-300x300.webp 300w, https:\/\/www.zmsh-semitech.com\/wp-content\/uploads\/2026\/03\/sic_growth_furnace_pvt_method_6inch_8inch_12_inch_low_energy_consumption1-150x150.webp 150w, https:\/\/www.zmsh-semitech.com\/wp-content\/uploads\/2026\/03\/sic_growth_furnace_pvt_method_6inch_8inch_12_inch_low_energy_consumption1-12x12.webp 12w, https:\/\/www.zmsh-semitech.com\/wp-content\/uploads\/2026\/03\/sic_growth_furnace_pvt_method_6inch_8inch_12_inch_low_energy_consumption1-600x600.webp 600w, https:\/\/www.zmsh-semitech.com\/wp-content\/uploads\/2026\/03\/sic_growth_furnace_pvt_method_6inch_8inch_12_inch_low_energy_consumption1-100x100.webp 100w, https:\/\/www.zmsh-semitech.com\/wp-content\/uploads\/2026\/03\/sic_growth_furnace_pvt_method_6inch_8inch_12_inch_low_energy_consumption1.webp 750w\" sizes=\"(max-width: 300px) 100vw, 300px\" \/>SiC b\u00fcy\u00fctme f\u0131r\u0131n\u0131 (PVT y\u00f6ntemi), 6 in\u00e7, 8 in\u00e7 ve 12 in\u00e7 silisyum karb\u00fcr (SiC) tek kristallerinin \u00fcretimi i\u00e7in tasarlanm\u0131\u015f y\u00fcksek performansl\u0131 bir sistemdir.<\/p>\n<p data-start=\"376\" data-end=\"589\">Geli\u015fmi\u015f ind\u00fcksiyon \u0131s\u0131tma teknolojisini kullanan f\u0131r\u0131n, h\u0131zl\u0131 \u0131s\u0131tma, hassas s\u0131cakl\u0131k kontrol\u00fc ve d\u00fc\u015f\u00fck enerji t\u00fcketimi sa\u011flayarak end\u00fcstriyel \u00f6l\u00e7ekte SiC kristal b\u00fcy\u00fctme i\u00e7in ideal bir \u00e7\u00f6z\u00fcmd\u00fcr.<\/p>\n<p data-start=\"591\" data-end=\"734\">G\u00fc\u00e7 elektroni\u011fi, RF cihazlar\u0131 ve yeni nesil yar\u0131 iletken uygulamalar\u0131 i\u00e7in SiC substratlar\u0131n \u00fcretiminde yayg\u0131n olarak kullan\u0131lmaktad\u0131r.<\/p>\n<h2 data-section-id=\"1j5qwet\" data-start=\"741\" data-end=\"760\"><span role=\"text\">Temel \u00d6zellikler<\/span><\/h2>\n<ul data-start=\"762\" data-end=\"1326\">\n<li data-section-id=\"ogs6zi\" data-start=\"762\" data-end=\"901\">\n<p data-start=\"764\" data-end=\"901\">\u0130nd\u00fcksiyonlu Is\u0131tma Sistemi<br data-start=\"792\" data-end=\"795\" \/>Grafit potan\u0131n do\u011frudan elektromanyetik \u0131s\u0131tmas\u0131, y\u00fcksek verimlilik ve h\u0131zl\u0131 termal tepki sa\u011flar<\/p>\n<\/li>\n<li data-section-id=\"z07p8\" data-start=\"903\" data-end=\"1015\">\n<p data-start=\"905\" data-end=\"1015\">Ultra Hassas S\u0131cakl\u0131k Kontrol\u00fc<br data-start=\"942\" data-end=\"945\" \/>1\u00b0C'ye kadar do\u011fruluk, istikrarl\u0131 kristal b\u00fcy\u00fctme ko\u015fullar\u0131 sa\u011flar<\/p>\n<\/li>\n<li data-section-id=\"zdj5hp\" data-start=\"1017\" data-end=\"1115\">\n<p data-start=\"1019\" data-end=\"1115\">D\u00fc\u015f\u00fck Enerji T\u00fcketimi<br data-start=\"1045\" data-end=\"1048\" \/>Optimize edilmi\u015f termal tasar\u0131m i\u015fletme maliyetini \u00f6nemli \u00f6l\u00e7\u00fcde azalt\u0131r<\/p>\n<\/li>\n<li data-section-id=\"bvht84\" data-start=\"1117\" data-end=\"1228\">\n<p data-start=\"1119\" data-end=\"1228\">Y\u00fcksek Stabilite ve D\u00fc\u015f\u00fck Kontaminasyon<br data-start=\"1157\" data-end=\"1160\" \/>Temass\u0131z \u0131s\u0131tma + inert gaz ortam\u0131 kirlilikleri en aza indirir<\/p>\n<\/li>\n<li data-section-id=\"zzzuyf\" data-start=\"1230\" data-end=\"1326\">\n<p data-start=\"1232\" data-end=\"1326\">B\u00fcy\u00fck \u00c7apl\u0131 Kristaller i\u00e7in \u00d6l\u00e7eklenebilir<br data-start=\"1272\" data-end=\"1275\" \/>6\u2033, 8\u2033 ve 12\u2033 SiC kristal b\u00fcy\u00fcmesini destekler<\/p>\n<\/li>\n<\/ul>\n<h2 data-section-id=\"id1bjs\" data-start=\"1333\" data-end=\"1364\"><span role=\"text\">Teknik \u00d6zellikler<\/span><\/h2>\n<div class=\"TyagGW_tableContainer\">\n<div class=\"group TyagGW_tableWrapper flex flex-col-reverse w-fit\" tabindex=\"-1\">\n<table class=\"w-fit min-w-(--thread-content-width)\" data-start=\"1366\" data-end=\"1845\">\n<thead data-start=\"1366\" data-end=\"1395\">\n<tr data-start=\"1366\" data-end=\"1395\">\n<th class=\"\" data-start=\"1366\" data-end=\"1378\" data-col-size=\"sm\">Parametre<\/th>\n<th class=\"\" data-start=\"1378\" data-end=\"1395\" data-col-size=\"sm\">\u015eartname<\/th>\n<\/tr>\n<\/thead>\n<tbody data-start=\"1423\" data-end=\"1845\">\n<tr data-start=\"1423\" data-end=\"1484\">\n<td data-start=\"1423\" data-end=\"1444\" data-col-size=\"sm\">Boyutlar (L\u00d7W\u00d7H)<\/td>\n<td data-col-size=\"sm\" data-start=\"1444\" data-end=\"1484\">3200 \u00d7 1150 \u00d7 3600 mm (\u00f6zelle\u015ftirilebilir)<\/td>\n<\/tr>\n<tr data-start=\"1485\" data-end=\"1522\">\n<td data-start=\"1485\" data-end=\"1512\" data-col-size=\"sm\">F\u0131r\u0131n Haznesi \u00c7ap\u0131<\/td>\n<td data-col-size=\"sm\" data-start=\"1512\" data-end=\"1522\">400 mm<\/td>\n<\/tr>\n<tr data-start=\"1523\" data-end=\"1555\">\n<td data-start=\"1523\" data-end=\"1545\" data-col-size=\"sm\">Maksimum S\u0131cakl\u0131k<\/td>\n<td data-col-size=\"sm\" data-start=\"1545\" data-end=\"1555\">2400\u00b0C<\/td>\n<\/tr>\n<tr data-start=\"1556\" data-end=\"1590\">\n<td data-start=\"1556\" data-end=\"1576\" data-col-size=\"sm\">S\u0131cakl\u0131k Aral\u0131\u011f\u0131<\/td>\n<td data-col-size=\"sm\" data-start=\"1576\" data-end=\"1590\">900-3000\u00b0C<\/td>\n<\/tr>\n<tr data-start=\"1591\" data-end=\"1622\">\n<td data-start=\"1591\" data-end=\"1614\" data-col-size=\"sm\">S\u0131cakl\u0131k Do\u011frulu\u011fu<\/td>\n<td data-col-size=\"sm\" data-start=\"1614\" data-end=\"1622\">\u00b11\u00b0C<\/td>\n<\/tr>\n<tr data-start=\"1623\" data-end=\"1661\">\n<td data-start=\"1623\" data-end=\"1640\" data-col-size=\"sm\">Is\u0131tma Y\u00f6ntemi<\/td>\n<td data-col-size=\"sm\" data-start=\"1640\" data-end=\"1661\">\u0130nd\u00fcksiyonla Is\u0131tma<\/td>\n<\/tr>\n<tr data-start=\"1662\" data-end=\"1696\">\n<td data-start=\"1662\" data-end=\"1677\" data-col-size=\"sm\">G\u00fc\u00e7 Kayna\u011f\u0131<\/td>\n<td data-col-size=\"sm\" data-start=\"1677\" data-end=\"1696\">40 kW, 8-12 kHz<\/td>\n<\/tr>\n<tr data-start=\"1697\" data-end=\"1727\">\n<td data-start=\"1697\" data-end=\"1712\" data-col-size=\"sm\">Vakum Seviyesi<\/td>\n<td data-col-size=\"sm\" data-start=\"1712\" data-end=\"1727\">5 \u00d7 10-\u2074 Pa<\/td>\n<\/tr>\n<tr data-start=\"1728\" data-end=\"1759\">\n<td data-start=\"1728\" data-end=\"1745\" data-col-size=\"sm\">Bas\u0131n\u00e7 Aral\u0131\u011f\u0131<\/td>\n<td data-col-size=\"sm\" data-start=\"1745\" data-end=\"1759\">1-700 mbar<\/td>\n<\/tr>\n<tr data-start=\"1760\" data-end=\"1809\">\n<td data-start=\"1760\" data-end=\"1786\" data-col-size=\"sm\">S\u0131cakl\u0131k \u00d6l\u00e7\u00fcm\u00fc<\/td>\n<td data-col-size=\"sm\" data-start=\"1786\" data-end=\"1809\">\u00c7ift renkli k\u0131z\u0131l\u00f6tesi<\/td>\n<\/tr>\n<tr data-start=\"1810\" data-end=\"1845\">\n<td data-start=\"1810\" data-end=\"1827\" data-col-size=\"sm\">Y\u00fckleme Y\u00f6ntemi<\/td>\n<td data-col-size=\"sm\" data-start=\"1827\" data-end=\"1845\">Alttan y\u00fckleme<\/td>\n<\/tr>\n<\/tbody>\n<\/table>\n<\/div>\n<\/div>\n<h2 data-section-id=\"19xifj\" data-start=\"1852\" data-end=\"1876\"><span role=\"text\">Tasar\u0131m Avantajlar\u0131<\/span><\/h2>\n<ul data-start=\"1878\" data-end=\"2444\">\n<li data-section-id=\"15rdkd0\" data-start=\"1878\" data-end=\"1949\">\n<p data-start=\"1880\" data-end=\"1949\">Yar\u0131 izolasyonlu ve iletken SiC kristal b\u00fcy\u00fcmesi ile uyumlu<\/p>\n<\/li>\n<li data-section-id=\"3g3jo9\" data-start=\"1950\" data-end=\"2014\">\n<p data-start=\"1952\" data-end=\"2014\">Pota d\u00f6nd\u00fcrme sistemi s\u0131cakl\u0131k homojenli\u011fini art\u0131r\u0131r<\/p>\n<\/li>\n<li data-section-id=\"s4nwuu\" data-start=\"2015\" data-end=\"2084\">\n<p data-start=\"2017\" data-end=\"2084\">Ayarlanabilir ind\u00fcksiyon bobini kald\u0131rma termal rahats\u0131zl\u0131\u011f\u0131 azalt\u0131r<\/p>\n<\/li>\n<li data-section-id=\"1cea8gr\" data-start=\"2085\" data-end=\"2160\">\n<p data-start=\"2087\" data-end=\"2160\">\u00c7ift katmanl\u0131 su so\u011futmal\u0131 kuvars hazne ekipman \u00f6mr\u00fcn\u00fc uzat\u0131r<\/p>\n<\/li>\n<li data-section-id=\"c1n2wn\" data-start=\"2161\" data-end=\"2212\">\n<p data-start=\"2163\" data-end=\"2212\">Ger\u00e7ek zamanl\u0131 \u00e7ift noktal\u0131 s\u0131cakl\u0131k izleme<\/p>\n<\/li>\n<li data-section-id=\"wvcxrl\" data-start=\"2213\" data-end=\"2279\">\n<p data-start=\"2215\" data-end=\"2279\">\u00c7oklu kontrol modlar\u0131: sabit g\u00fc\u00e7 \/ ak\u0131m \/ s\u0131cakl\u0131k<\/p>\n<\/li>\n<li data-section-id=\"1it8b3k\" data-start=\"2280\" data-end=\"2339\">\n<p data-start=\"2282\" data-end=\"2339\">Otomatik \u00e7al\u0131\u015fma i\u00e7in tek t\u0131kla ak\u0131ll\u0131 ba\u015flatma<\/p>\n<\/li>\n<li data-section-id=\"1fwnkom\" data-start=\"2340\" data-end=\"2390\">\n<p data-start=\"2342\" data-end=\"2390\">Verimli fabrika yerle\u015fimi i\u00e7in kompakt yap\u0131<\/p>\n<\/li>\n<li data-section-id=\"ukpte9\" data-start=\"2391\" data-end=\"2444\">\n<p data-start=\"2393\" data-end=\"2444\">Y\u00fcksek hassasiyetli bas\u0131n\u00e7 kontrol\u00fc (\u00b11 Pa'ya kadar)<\/p>\n<\/li>\n<\/ul>\n<h2 data-section-id=\"dd8gcy\" data-start=\"2451\" data-end=\"2484\"><span role=\"text\">Performans ve Uygulamalar<\/span><\/h2>\n<p data-start=\"2486\" data-end=\"2606\">F\u0131r\u0131n, y\u00fcksek safl\u0131kta (\u226599,999%) ve d\u00fc\u015f\u00fck kusurlu SiC tek kristallerinin b\u00fcy\u00fct\u00fclmesini sa\u011flar:<\/p>\n<ul data-start=\"2608\" data-end=\"2760\">\n<li data-section-id=\"13272pw\" data-start=\"2608\" data-end=\"2625\">\n<p data-start=\"2610\" data-end=\"2625\">SiC MOSFET'ler<\/p>\n<\/li>\n<li data-section-id=\"1io6t0d\" data-start=\"2626\" data-end=\"2647\">\n<p data-start=\"2628\" data-end=\"2647\">Schottky diyotlar\u0131<\/p>\n<\/li>\n<li data-section-id=\"y84f9z\" data-start=\"2648\" data-end=\"2664\">\n<p data-start=\"2650\" data-end=\"2664\">RF cihazlar\u0131<\/p>\n<\/li>\n<li data-section-id=\"1pnu15w\" data-start=\"2665\" data-end=\"2707\">\n<p data-start=\"2667\" data-end=\"2707\">Elektrikli ara\u00e7lar (EV g\u00fc\u00e7 mod\u00fclleri)<\/p>\n<\/li>\n<li data-section-id=\"y6h80t\" data-start=\"2708\" data-end=\"2729\">\n<p data-start=\"2710\" data-end=\"2729\">G\u00fcne\u015f enerjisi invert\u00f6rleri<\/p>\n<\/li>\n<li data-section-id=\"1qsmuuk\" data-start=\"2730\" data-end=\"2760\">\n<p data-start=\"2732\" data-end=\"2760\">5G ileti\u015fim sistemleri<\/p>\n<\/li>\n<\/ul>\n<p data-start=\"2762\" data-end=\"2913\">Kararl\u0131 termal kontrol ve optimize edilmi\u015f b\u00fcy\u00fcme ko\u015fullar\u0131 ile sistem, end\u00fcstriyel \u00fcretim i\u00e7in y\u00fcksek verim, tutarl\u0131l\u0131k ve \u00f6l\u00e7eklenebilirlik sa\u011flar.<\/p>\n<p data-start=\"2762\" data-end=\"2913\"><img decoding=\"async\" class=\"wp-image-1959 size-full aligncenter\" src=\"https:\/\/www.zmsh-semitech.com\/wp-content\/uploads\/2026\/03\/SiC-Growth-Furnace5.png\" alt=\"\" width=\"680\" height=\"235\" srcset=\"https:\/\/www.zmsh-semitech.com\/wp-content\/uploads\/2026\/03\/SiC-Growth-Furnace5.png 680w, https:\/\/www.zmsh-semitech.com\/wp-content\/uploads\/2026\/03\/SiC-Growth-Furnace5-300x104.png 300w, https:\/\/www.zmsh-semitech.com\/wp-content\/uploads\/2026\/03\/SiC-Growth-Furnace5-18x6.png 18w, https:\/\/www.zmsh-semitech.com\/wp-content\/uploads\/2026\/03\/SiC-Growth-Furnace5-600x207.png 600w\" sizes=\"(max-width: 680px) 100vw, 680px\" \/><\/p>\n<h2 data-section-id=\"5j7o8m\" data-start=\"2920\" data-end=\"2950\"><span role=\"text\">Kabiliyetlerimiz (ZMSH)<\/span><\/h2>\n<h3 data-section-id=\"nzquib\" data-start=\"2952\" data-end=\"2986\"><span role=\"text\">1. Ekipman \u0130malat\u0131<\/span><\/h3>\n<ul data-start=\"2987\" data-end=\"3088\">\n<li data-section-id=\"wv6e21\" data-start=\"2987\" data-end=\"3023\">\n<p data-start=\"2989\" data-end=\"3023\">\u00d6zel SiC b\u00fcy\u00fctme f\u0131r\u0131n\u0131 tasar\u0131m\u0131<\/p>\n<\/li>\n<li data-section-id=\"1g5dx6p\" data-start=\"3024\" data-end=\"3088\">\n<p data-start=\"3026\" data-end=\"3088\">Farkl\u0131 kristal boyutlar\u0131 ve proses gereksinimleri i\u00e7in destek<\/p>\n<\/li>\n<\/ul>\n<h3 data-section-id=\"1pgjp80\" data-start=\"3090\" data-end=\"3121\"><span role=\"text\">2. S\u00fcre\u00e7 Optimizasyonu<\/span><\/h3>\n<ul data-start=\"3122\" data-end=\"3194\">\n<li data-section-id=\"1jqry7h\" data-start=\"3122\" data-end=\"3153\">\n<p data-start=\"3124\" data-end=\"3153\">PVT b\u00fcy\u00fcme parametresi ayar\u0131<\/p>\n<\/li>\n<li data-section-id=\"10fvpi3\" data-start=\"3154\" data-end=\"3194\">\n<p data-start=\"3156\" data-end=\"3194\">Verim ve kusur yo\u011funlu\u011fu iyile\u015ftirmesi<\/p>\n<\/li>\n<\/ul>\n<h3 data-section-id=\"1r72ltt\" data-start=\"3196\" data-end=\"3230\"><span role=\"text\">3. Kurulum ve E\u011fitim<\/span><\/h3>\n<ul data-start=\"3231\" data-end=\"3293\">\n<li data-section-id=\"1ai7hs2\" data-start=\"3231\" data-end=\"3256\">\n<p data-start=\"3233\" data-end=\"3256\">Yerinde devreye alma<\/p>\n<\/li>\n<li data-section-id=\"19g5oqu\" data-start=\"3257\" data-end=\"3293\">\n<p data-start=\"3259\" data-end=\"3293\">\u0130\u015fletme ve bak\u0131m e\u011fitimi<\/p>\n<\/li>\n<\/ul>\n<h3 data-section-id=\"10lvac2\" data-start=\"3295\" data-end=\"3325\"><span role=\"text\">4. Sat\u0131\u015f Sonras\u0131 Destek<\/span><\/h3>\n<ul data-start=\"3326\" data-end=\"3393\">\n<li data-section-id=\"19dqvur\" data-start=\"3326\" data-end=\"3355\">\n<p data-start=\"3328\" data-end=\"3355\">7\/24 teknik destek<\/p>\n<\/li>\n<li data-section-id=\"k1vcv1\" data-start=\"3356\" data-end=\"3393\">\n<p data-start=\"3358\" data-end=\"3393\">H\u0131zl\u0131 yan\u0131t veren m\u00fchendislik deste\u011fi<\/p>\n<\/li>\n<\/ul>\n<h2 data-section-id=\"elc90z\" data-start=\"3400\" data-end=\"3410\"><span role=\"text\">SSS<\/span><\/h2>\n<p data-start=\"3412\" data-end=\"3632\">S1: SiC kristal b\u00fcy\u00fctmede PVT y\u00f6ntemi nedir?<br data-start=\"3465\" data-end=\"3468\" \/>C: Fiziksel Buhar Ta\u015f\u0131ma (PVT), SiC tozunun y\u00fcksek s\u0131cakl\u0131kta s\u00fcblimle\u015ftirildi\u011fi ve toplu tek kristaller olu\u015fturmak i\u00e7in bir tohum kristali \u00fczerinde yeniden kristalle\u015ftirildi\u011fi bir i\u015flemdir.<\/p>\n<p data-start=\"3634\" data-end=\"3841\">S2: SiC b\u00fcy\u00fctme i\u00e7in neden ind\u00fcksiyonlu \u0131s\u0131tma tercih edilmeli?<br data-start=\"3686\" data-end=\"3689\" \/>C: \u0130nd\u00fcksiyonla \u0131s\u0131tma, d\u00fc\u015f\u00fck kusurlu SiC kristallerinin kararl\u0131 b\u00fcy\u00fcmesi i\u00e7in gerekli olan h\u0131zl\u0131 yan\u0131t, y\u00fcksek verimlilik ve hassas kontrol sa\u011flar.<\/p>","protected":false},"excerpt":{"rendered":"<p data-start=\"202\" data-end=\"374\">SiC b\u00fcy\u00fctme f\u0131r\u0131n\u0131 (PVT y\u00f6ntemi), 6 in\u00e7, 8 in\u00e7 ve 12 in\u00e7 silisyum karb\u00fcr (SiC) tek kristallerinin \u00fcretimi i\u00e7in tasarlanm\u0131\u015f y\u00fcksek performansl\u0131 bir sistemdir.<\/p>\n<p data-start=\"376\" data-end=\"589\">Geli\u015fmi\u015f ind\u00fcksiyon \u0131s\u0131tma teknolojisini kullanan f\u0131r\u0131n, h\u0131zl\u0131 \u0131s\u0131tma, hassas s\u0131cakl\u0131k kontrol\u00fc ve d\u00fc\u015f\u00fck enerji t\u00fcketimi sa\u011flayarak end\u00fcstriyel \u00f6l\u00e7ekte SiC kristal b\u00fcy\u00fctme i\u00e7in ideal bir \u00e7\u00f6z\u00fcmd\u00fcr.<\/p>\n<p data-start=\"591\" data-end=\"734\">G\u00fc\u00e7 elektroni\u011fi, RF cihazlar\u0131 ve yeni nesil yar\u0131 iletken uygulamalar\u0131 i\u00e7in SiC substratlar\u0131n \u00fcretiminde yayg\u0131n olarak kullan\u0131lmaktad\u0131r.<\/p>","protected":false},"featured_media":1961,"comment_status":"open","ping_status":"closed","template":"","meta":{"site-sidebar-layout":"default","site-content-layout":"","ast-site-content-layout":"default","site-content-style":"default","site-sidebar-style":"default","ast-global-header-display":"","ast-banner-title-visibility":"","ast-main-header-display":"","ast-hfb-above-header-display":"","ast-hfb-below-header-display":"","ast-hfb-mobile-header-display":"","site-post-title":"","ast-breadcrumbs-content":"","ast-featured-img":"","footer-sml-layout":"","ast-disable-related-posts":"","theme-transparent-header-meta":"default","adv-header-id-meta":"","stick-header-meta":"default","header-above-stick-meta":"","header-main-stick-meta":"","header-below-stick-meta":"","astra-migrate-meta-layouts":"set","ast-page-background-enabled":"default","ast-page-background-meta":{"desktop":{"background-color":"var(--ast-global-color-4)","background-image":"","background-repeat":"repeat","background-position":"center center","background-size":"auto","background-attachment":"scroll","background-type":"","background-media":"","overlay-type":"","overlay-color":"","overlay-opacity":"","overlay-gradient":""},"tablet":{"background-color":"","background-image":"","background-repeat":"repeat","background-position":"center center","background-size":"auto","background-attachment":"scroll","background-type":"","background-media":"","overlay-type":"","overlay-color":"","overlay-opacity":"","overlay-gradient":""},"mobile":{"background-color":"","background-image":"","background-repeat":"repeat","background-position":"center center","background-size":"auto","background-attachment":"scroll","background-type":"","background-media":"","overlay-type":"","overlay-color":"","overlay-opacity":"","overlay-gradient":""}},"ast-content-background-meta":{"desktop":{"background-color":"var(--ast-global-color-5)","background-image":"","background-repeat":"repeat","background-position":"center center","background-size":"auto","background-attachment":"scroll","background-type":"","background-media":"","overlay-type":"","overlay-color":"","overlay-opacity":"","overlay-gradient":""},"tablet":{"background-color":"var(--ast-global-color-5)","background-image":"","background-repeat":"repeat","background-position":"center center","background-size":"auto","background-attachment":"scroll","background-type":"","background-media":"","overlay-type":"","overlay-color":"","overlay-opacity":"","overlay-gradient":""},"mobile":{"background-color":"var(--ast-global-color-5)","background-image":"","background-repeat":"repeat","background-position":"center center","background-size":"auto","background-attachment":"scroll","background-type":"","background-media":"","overlay-type":"","overlay-color":"","overlay-opacity":"","overlay-gradient":""}}},"product_brand":[],"product_cat":[15],"product_tag":[465,464,148,467,461,110,460,463,466,462],"class_list":{"0":"post-1958","1":"product","2":"type-product","3":"status-publish","4":"has-post-thumbnail","6":"product_cat-crystal-growth-furnace","7":"product_tag-12-inch-sic-furnace","8":"product_tag-6-inch-sic-wafer-production","9":"product_tag-8-inch-sic-crystal-growth","10":"product_tag-pvt-crystal-growth-system","11":"product_tag-pvt-sic-furnace","12":"product_tag-semiconductor-equipment","13":"product_tag-sic-growth-furnace","14":"product_tag-sic-induction-furnace","15":"product_tag-sic-substrate-manufacturing","16":"product_tag-silicon-carbide-crystal-growth","17":"desktop-align-left","18":"tablet-align-left","19":"mobile-align-left","20":"ast-product-gallery-layout-horizontal-slider","21":"ast-product-tabs-layout-horizontal","23":"first","24":"instock","25":"shipping-taxable","26":"product-type-simple"},"_links":{"self":[{"href":"https:\/\/www.zmsh-semitech.com\/tr\/wp-json\/wp\/v2\/product\/1958","targetHints":{"allow":["GET"]}}],"collection":[{"href":"https:\/\/www.zmsh-semitech.com\/tr\/wp-json\/wp\/v2\/product"}],"about":[{"href":"https:\/\/www.zmsh-semitech.com\/tr\/wp-json\/wp\/v2\/types\/product"}],"replies":[{"embeddable":true,"href":"https:\/\/www.zmsh-semitech.com\/tr\/wp-json\/wp\/v2\/comments?post=1958"}],"version-history":[{"count":3,"href":"https:\/\/www.zmsh-semitech.com\/tr\/wp-json\/wp\/v2\/product\/1958\/revisions"}],"predecessor-version":[{"id":1966,"href":"https:\/\/www.zmsh-semitech.com\/tr\/wp-json\/wp\/v2\/product\/1958\/revisions\/1966"}],"wp:featuredmedia":[{"embeddable":true,"href":"https:\/\/www.zmsh-semitech.com\/tr\/wp-json\/wp\/v2\/media\/1961"}],"wp:attachment":[{"href":"https:\/\/www.zmsh-semitech.com\/tr\/wp-json\/wp\/v2\/media?parent=1958"}],"wp:term":[{"taxonomy":"product_brand","embeddable":true,"href":"https:\/\/www.zmsh-semitech.com\/tr\/wp-json\/wp\/v2\/product_brand?post=1958"},{"taxonomy":"product_cat","embeddable":true,"href":"https:\/\/www.zmsh-semitech.com\/tr\/wp-json\/wp\/v2\/product_cat?post=1958"},{"taxonomy":"product_tag","embeddable":true,"href":"https:\/\/www.zmsh-semitech.com\/tr\/wp-json\/wp\/v2\/product_tag?post=1958"}],"curies":[{"name":"wp","href":"https:\/\/api.w.org\/{rel}","templated":true}]}}