{"id":1948,"date":"2026-03-17T07:21:48","date_gmt":"2026-03-17T07:21:48","guid":{"rendered":"https:\/\/www.zmsh-semitech.com\/?post_type=product&#038;p=1948"},"modified":"2026-03-20T07:22:42","modified_gmt":"2026-03-20T07:22:42","slug":"sic-crystal-growth-furnace-pvt-lpe-ht-cvd-for-high-quality-silicon-carbide-single-crystal-production","status":"publish","type":"product","link":"https:\/\/www.zmsh-semitech.com\/tr\/product\/sic-crystal-growth-furnace-pvt-lpe-ht-cvd-for-high-quality-silicon-carbide-single-crystal-production\/","title":{"rendered":"Y\u00fcksek Kaliteli Silisyum Karb\u00fcr Tek Kristal \u00dcretimi i\u00e7in SiC Kristal B\u00fcy\u00fctme F\u0131r\u0131n\u0131 (PVT \/ LPE \/ HT-CVD)"},"content":{"rendered":"<p data-start=\"204\" data-end=\"416\"><img fetchpriority=\"high\" decoding=\"async\" class=\"size-medium wp-image-1950 alignright\" src=\"https:\/\/www.zmsh-semitech.com\/wp-content\/uploads\/2026\/03\/sic_crystal_growth_furnace_pvt_lpe_ht_cvd_high_quality_sic_single_crystal_growth_method-300x259.webp\" alt=\"\" width=\"300\" height=\"259\" srcset=\"https:\/\/www.zmsh-semitech.com\/wp-content\/uploads\/2026\/03\/sic_crystal_growth_furnace_pvt_lpe_ht_cvd_high_quality_sic_single_crystal_growth_method-300x259.webp 300w, https:\/\/www.zmsh-semitech.com\/wp-content\/uploads\/2026\/03\/sic_crystal_growth_furnace_pvt_lpe_ht_cvd_high_quality_sic_single_crystal_growth_method-14x12.webp 14w, https:\/\/www.zmsh-semitech.com\/wp-content\/uploads\/2026\/03\/sic_crystal_growth_furnace_pvt_lpe_ht_cvd_high_quality_sic_single_crystal_growth_method-600x518.webp 600w, https:\/\/www.zmsh-semitech.com\/wp-content\/uploads\/2026\/03\/sic_crystal_growth_furnace_pvt_lpe_ht_cvd_high_quality_sic_single_crystal_growth_method.webp 750w\" sizes=\"(max-width: 300px) 100vw, 300px\" \/>SiC kristal b\u00fcy\u00fctme f\u0131r\u0131n\u0131, g\u00fc\u00e7 elektroni\u011fi, RF cihazlar\u0131 ve geli\u015fmi\u015f yar\u0131 iletken uygulamalar\u0131nda kullan\u0131lan y\u00fcksek kaliteli silisyum karb\u00fcr (SiC) tek kristalleri \u00fcretmek i\u00e7in kritik bir ekipman par\u00e7as\u0131d\u0131r.<\/p>\n<p data-start=\"418\" data-end=\"489\">Sistemlerimiz, a\u015fa\u011f\u0131dakiler de dahil olmak \u00fczere \u00e7ok say\u0131da ana ak\u0131m b\u00fcy\u00fcme teknolojisini desteklemektedir:<\/p>\n<ul data-start=\"491\" data-end=\"612\">\n<li data-section-id=\"12iy5p3\" data-start=\"491\" data-end=\"525\">\n<p data-start=\"493\" data-end=\"525\">Fiziksel Buhar Ta\u015f\u0131n\u0131m\u0131 (PVT)<\/p>\n<\/li>\n<li data-section-id=\"yxgf5n\" data-start=\"526\" data-end=\"556\">\n<p data-start=\"528\" data-end=\"556\">S\u0131v\u0131 Faz Epitaksi (LPE)<\/p>\n<\/li>\n<li data-section-id=\"ch2v4w\" data-start=\"557\" data-end=\"612\">\n<p data-start=\"559\" data-end=\"612\">Y\u00fcksek S\u0131cakl\u0131kta Kimyasal Buhar Biriktirme (HT-CVD)<\/p>\n<\/li>\n<\/ul>\n<p data-start=\"614\" data-end=\"833\">Y\u00fcksek s\u0131cakl\u0131k, vakum ve gaz ak\u0131\u015f\u0131n\u0131n hassas kontrol\u00fc ile f\u0131r\u0131n, 4-6 in\u00e7 boyutlar\u0131nda d\u00fc\u015f\u00fck kusurlu, y\u00fcksek safl\u0131kta SiC kristallerinin istikrarl\u0131 bir \u015fekilde \u00fcretilmesini sa\u011flar ve daha b\u00fcy\u00fck \u00e7aplar i\u00e7in \u00f6zelle\u015ftirme mevcuttur.<\/p>\n<h2 data-section-id=\"z1sk7h\" data-start=\"840\" data-end=\"883\"><span role=\"text\">Destekli SiC Kristal B\u00fcy\u00fctme Y\u00f6ntemleri<\/span><\/h2>\n<h3 data-section-id=\"kspzpi\" data-start=\"885\" data-end=\"926\"><span role=\"text\">1. Fiziksel Buhar Ta\u015f\u0131n\u0131m\u0131 (PVT)<\/span><\/h3>\n<p data-start=\"928\" data-end=\"1108\">S\u00fcre\u00e7 Prensibi:<br data-start=\"950\" data-end=\"953\" \/><img decoding=\"async\" class=\"size-medium wp-image-1953 alignright\" src=\"https:\/\/www.zmsh-semitech.com\/wp-content\/uploads\/2026\/03\/Sic-Crystal-Growth-Furnace-PVT-LPE-HT-CVD-High-Quality-Sic-Single-Crystal-Growth-Method5-300x130.jpg\" alt=\"\" width=\"300\" height=\"130\" srcset=\"https:\/\/www.zmsh-semitech.com\/wp-content\/uploads\/2026\/03\/Sic-Crystal-Growth-Furnace-PVT-LPE-HT-CVD-High-Quality-Sic-Single-Crystal-Growth-Method5-300x130.jpg 300w, https:\/\/www.zmsh-semitech.com\/wp-content\/uploads\/2026\/03\/Sic-Crystal-Growth-Furnace-PVT-LPE-HT-CVD-High-Quality-Sic-Single-Crystal-Growth-Method5-18x8.jpg 18w, https:\/\/www.zmsh-semitech.com\/wp-content\/uploads\/2026\/03\/Sic-Crystal-Growth-Furnace-PVT-LPE-HT-CVD-High-Quality-Sic-Single-Crystal-Growth-Method5-600x261.jpg 600w, https:\/\/www.zmsh-semitech.com\/wp-content\/uploads\/2026\/03\/Sic-Crystal-Growth-Furnace-PVT-LPE-HT-CVD-High-Quality-Sic-Single-Crystal-Growth-Method5.jpg 679w\" sizes=\"(max-width: 300px) 100vw, 300px\" \/>SiC tozu 2000\u00b0C'nin \u00fczerindeki s\u0131cakl\u0131klarda s\u00fcblimle\u015ftirilir. Buhar t\u00fcrleri bir s\u0131cakl\u0131k gradyan\u0131 boyunca ta\u015f\u0131n\u0131r ve bir tohum kristali \u00fczerinde yeniden kristalle\u015ftirilir.<\/p>\n<p data-start=\"1110\" data-end=\"1127\">Temel \u00d6zellikler:<\/p>\n<ul data-start=\"1128\" data-end=\"1374\">\n<li data-section-id=\"1m5h759\" data-start=\"1128\" data-end=\"1177\">\n<p data-start=\"1130\" data-end=\"1177\">Y\u00fcksek safl\u0131kta grafit kroze ve tohum tutucu<\/p>\n<\/li>\n<li data-section-id=\"obcs2k\" data-start=\"1178\" data-end=\"1239\">\n<p data-start=\"1180\" data-end=\"1239\">Entegre termokupl + k\u0131z\u0131l\u00f6tesi s\u0131cakl\u0131k izleme<\/p>\n<\/li>\n<li data-section-id=\"1ahok9n\" data-start=\"1240\" data-end=\"1284\">\n<p data-start=\"1242\" data-end=\"1284\">Vakum ve inert gaz ak\u0131\u015f kontrol sistemi<\/p>\n<\/li>\n<li data-section-id=\"ltafbu\" data-start=\"1285\" data-end=\"1324\">\n<p data-start=\"1287\" data-end=\"1324\">PLC tabanl\u0131 otomatik s\u00fcre\u00e7 kontrol\u00fc<\/p>\n<\/li>\n<li data-section-id=\"1ubyld1\" data-start=\"1325\" data-end=\"1374\">\n<p data-start=\"1327\" data-end=\"1374\">So\u011futma ve egzoz gaz\u0131 ar\u0131tma entegrasyonu<\/p>\n<\/li>\n<\/ul>\n<p data-start=\"1376\" data-end=\"1391\">Avantajlar:<\/p>\n<ul data-start=\"1392\" data-end=\"1507\">\n<li data-section-id=\"1skc6sa\" data-start=\"1392\" data-end=\"1432\">\n<p data-start=\"1394\" data-end=\"1432\">Olgun ve yayg\u0131n olarak benimsenmi\u015f teknoloji<\/p>\n<\/li>\n<li data-section-id=\"696hi4\" data-start=\"1433\" data-end=\"1466\">\n<p data-start=\"1435\" data-end=\"1466\">Nispeten d\u00fc\u015f\u00fck ekipman maliyeti<\/p>\n<\/li>\n<li data-section-id=\"4ihzdk\" data-start=\"1467\" data-end=\"1507\">\n<p data-start=\"1469\" data-end=\"1507\">Y\u0131\u011f\u0131n SiC kristal b\u00fcy\u00fcmesi i\u00e7in uygundur<\/p>\n<\/li>\n<\/ul>\n<p data-start=\"1509\" data-end=\"1526\">Uygulamalar:<\/p>\n<ul data-start=\"1527\" data-end=\"1590\">\n<li data-section-id=\"16plruj\" data-start=\"1527\" data-end=\"1590\">\n<p data-start=\"1529\" data-end=\"1590\">Yar\u0131 izolasyonlu ve iletken SiC substratlar\u0131n \u00fcretimi<\/p>\n<\/li>\n<\/ul>\n<h3 data-section-id=\"1lkfnea\" data-start=\"1597\" data-end=\"1659\"><span role=\"text\">2. Y\u00fcksek S\u0131cakl\u0131kta Kimyasal Buhar Biriktirme (HT-CVD)<\/span><\/h3>\n<p data-start=\"1661\" data-end=\"1794\"><img decoding=\"async\" class=\"size-medium wp-image-1954 alignright\" src=\"https:\/\/www.zmsh-semitech.com\/wp-content\/uploads\/2026\/03\/Sic-Crystal-Growth-Furnace-PVT-LPE-HT-CVD-High-Quality-Sic-Single-Crystal-Growth-Method6-300x96.jpg\" alt=\"\" width=\"300\" height=\"96\" srcset=\"https:\/\/www.zmsh-semitech.com\/wp-content\/uploads\/2026\/03\/Sic-Crystal-Growth-Furnace-PVT-LPE-HT-CVD-High-Quality-Sic-Single-Crystal-Growth-Method6-300x96.jpg 300w, https:\/\/www.zmsh-semitech.com\/wp-content\/uploads\/2026\/03\/Sic-Crystal-Growth-Furnace-PVT-LPE-HT-CVD-High-Quality-Sic-Single-Crystal-Growth-Method6-18x6.jpg 18w, https:\/\/www.zmsh-semitech.com\/wp-content\/uploads\/2026\/03\/Sic-Crystal-Growth-Furnace-PVT-LPE-HT-CVD-High-Quality-Sic-Single-Crystal-Growth-Method6-600x192.jpg 600w, https:\/\/www.zmsh-semitech.com\/wp-content\/uploads\/2026\/03\/Sic-Crystal-Growth-Furnace-PVT-LPE-HT-CVD-High-Quality-Sic-Single-Crystal-Growth-Method6.jpg 669w\" sizes=\"(max-width: 300px) 100vw, 300px\" \/>S\u00fcre\u00e7 Prensibi:<br data-start=\"1683\" data-end=\"1686\" \/>Y\u00fcksek safl\u0131ktaki gazlar (\u00f6rne\u011fin SiH\u2084 + C\u2082H\u2084 \/ C\u2083H\u2088) 1800-2300\u00b0C'de ayr\u0131\u015f\u0131r ve SiC'yi tohum kristali \u00fczerine b\u0131rak\u0131r.<\/p>\n<p data-start=\"1796\" data-end=\"1813\">Temel \u00d6zellikler:<\/p>\n<ul data-start=\"1814\" data-end=\"2010\">\n<li data-section-id=\"136qfh6\" data-start=\"1814\" data-end=\"1864\">\n<p data-start=\"1816\" data-end=\"1864\">Elektromanyetik kuplaj yoluyla ind\u00fcksiyonla \u0131s\u0131tma<\/p>\n<\/li>\n<li data-section-id=\"a59yxr\" data-start=\"1865\" data-end=\"1919\">\n<p data-start=\"1867\" data-end=\"1919\">Kararl\u0131 gaz da\u011f\u0131t\u0131m sistemi (He \/ H\u2082 ta\u015f\u0131y\u0131c\u0131 gazlar)<\/p>\n<\/li>\n<li data-section-id=\"1cbw0ya\" data-start=\"1920\" data-end=\"1980\">\n<p data-start=\"1922\" data-end=\"1980\">Kristal yo\u011funla\u015fmas\u0131 i\u00e7in kontroll\u00fc s\u0131cakl\u0131k gradyan\u0131<\/p>\n<\/li>\n<li data-section-id=\"xx40zc\" data-start=\"1981\" data-end=\"2010\">\n<p data-start=\"1983\" data-end=\"2010\">Hassas doping \u00f6zelli\u011fi<\/p>\n<\/li>\n<\/ul>\n<p data-start=\"2012\" data-end=\"2027\">Avantajlar:<\/p>\n<ul data-start=\"2028\" data-end=\"2102\">\n<li data-section-id=\"xejhn5\" data-start=\"2028\" data-end=\"2050\">\n<p data-start=\"2030\" data-end=\"2050\">D\u00fc\u015f\u00fck kusur yo\u011funlu\u011fu<\/p>\n<\/li>\n<li data-section-id=\"126pemv\" data-start=\"2051\" data-end=\"2074\">\n<p data-start=\"2053\" data-end=\"2074\">Y\u00fcksek kristal safl\u0131\u011f\u0131<\/p>\n<\/li>\n<li data-section-id=\"u0lupt\" data-start=\"2075\" data-end=\"2102\">\n<p data-start=\"2077\" data-end=\"2102\">Esnek doping kontrol\u00fc<\/p>\n<\/li>\n<\/ul>\n<p data-start=\"2104\" data-end=\"2121\">Uygulamalar:<\/p>\n<ul data-start=\"2122\" data-end=\"2185\">\n<li data-section-id=\"1b8jolu\" data-start=\"2122\" data-end=\"2185\">\n<p data-start=\"2124\" data-end=\"2185\">Geli\u015fmi\u015f elektronik cihazlar i\u00e7in y\u00fcksek performansl\u0131 SiC gofretler<\/p>\n<\/li>\n<\/ul>\n<h3 data-section-id=\"1gxz1d4\" data-start=\"2192\" data-end=\"2229\"><span role=\"text\">3. S\u0131v\u0131 Faz Epitaksi (LPE)<\/span><\/h3>\n<p data-start=\"2231\" data-end=\"2390\"><img loading=\"lazy\" decoding=\"async\" class=\"size-medium wp-image-1955 alignright\" src=\"https:\/\/www.zmsh-semitech.com\/wp-content\/uploads\/2026\/03\/Sic-Crystal-Growth-Furnace-PVT-LPE-HT-CVD-High-Quality-Sic-Single-Crystal-Growth-Method7-300x133.jpg\" alt=\"\" width=\"300\" height=\"133\" srcset=\"https:\/\/www.zmsh-semitech.com\/wp-content\/uploads\/2026\/03\/Sic-Crystal-Growth-Furnace-PVT-LPE-HT-CVD-High-Quality-Sic-Single-Crystal-Growth-Method7-300x133.jpg 300w, https:\/\/www.zmsh-semitech.com\/wp-content\/uploads\/2026\/03\/Sic-Crystal-Growth-Furnace-PVT-LPE-HT-CVD-High-Quality-Sic-Single-Crystal-Growth-Method7-18x8.jpg 18w, https:\/\/www.zmsh-semitech.com\/wp-content\/uploads\/2026\/03\/Sic-Crystal-Growth-Furnace-PVT-LPE-HT-CVD-High-Quality-Sic-Single-Crystal-Growth-Method7-600x266.jpg 600w, https:\/\/www.zmsh-semitech.com\/wp-content\/uploads\/2026\/03\/Sic-Crystal-Growth-Furnace-PVT-LPE-HT-CVD-High-Quality-Sic-Single-Crystal-Growth-Method7.jpg 680w\" sizes=\"(max-width: 300px) 100vw, 300px\" \/>S\u00fcre\u00e7 Prensibi:<br data-start=\"2253\" data-end=\"2256\" \/>Si ve C y\u00fcksek s\u0131cakl\u0131ktaki bir \u00e7\u00f6zeltide (~1800\u00b0C) \u00e7\u00f6z\u00fcn\u00fcr ve SiC kontroll\u00fc so\u011futma s\u0131ras\u0131nda a\u015f\u0131r\u0131 doymu\u015f bir eriyikten kristalle\u015fir.<\/p>\n<p data-start=\"2392\" data-end=\"2409\">Temel \u00d6zellikler:<\/p>\n<ul data-start=\"2410\" data-end=\"2570\">\n<li data-section-id=\"1l354m9\" data-start=\"2410\" data-end=\"2449\">\n<p data-start=\"2412\" data-end=\"2449\">Y\u00fcksek kaliteli epitaksiyel katman b\u00fcy\u00fcmesi<\/p>\n<\/li>\n<li data-section-id=\"1f5uz6v\" data-start=\"2450\" data-end=\"2488\">\n<p data-start=\"2452\" data-end=\"2488\">D\u00fc\u015f\u00fck kusur yo\u011funlu\u011fu ve y\u00fcksek safl\u0131k<\/p>\n<\/li>\n<li data-section-id=\"1da15oj\" data-start=\"2489\" data-end=\"2531\">\n<p data-start=\"2491\" data-end=\"2531\">Nispeten hafif ekipman gereksinimleri<\/p>\n<\/li>\n<li data-section-id=\"apgmow\" data-start=\"2532\" data-end=\"2570\">\n<p data-start=\"2534\" data-end=\"2570\">End\u00fcstriyel \u00fcretim i\u00e7in \u00f6l\u00e7eklenebilir<\/p>\n<\/li>\n<\/ul>\n<p data-start=\"2572\" data-end=\"2587\">Avantajlar:<\/p>\n<ul data-start=\"2588\" data-end=\"2646\">\n<li data-section-id=\"1lh17wx\" data-start=\"2588\" data-end=\"2609\">\n<p data-start=\"2590\" data-end=\"2609\">Daha d\u00fc\u015f\u00fck b\u00fcy\u00fcme maliyeti<\/p>\n<\/li>\n<li data-section-id=\"7sa3sd\" data-start=\"2610\" data-end=\"2646\">\n<p data-start=\"2612\" data-end=\"2646\">Geli\u015ftirilmi\u015f epitaksiyel katman kalitesi<\/p>\n<\/li>\n<\/ul>\n<p data-start=\"2648\" data-end=\"2665\">Uygulamalar:<\/p>\n<ul data-start=\"2666\" data-end=\"2761\">\n<li data-section-id=\"u4ixfp\" data-start=\"2666\" data-end=\"2710\">\n<p data-start=\"2668\" data-end=\"2710\">SiC substratlar \u00fczerinde epitaksiyel katman b\u00fcy\u00fcmesi<\/p>\n<\/li>\n<li data-section-id=\"5zhtvl\" data-start=\"2711\" data-end=\"2761\">\n<p data-start=\"2713\" data-end=\"2761\">Y\u00fcksek verimli g\u00fc\u00e7 cihazlar\u0131n\u0131n \u00fcretimi<\/p>\n<\/li>\n<\/ul>\n<h2 data-section-id=\"1ttn0lq\" data-start=\"2768\" data-end=\"2795\"><span role=\"text\">Teknik Avantajlar<\/span><\/h2>\n<ul data-start=\"2797\" data-end=\"3035\">\n<li data-section-id=\"js25p8\" data-start=\"2797\" data-end=\"2837\">\n<p data-start=\"2799\" data-end=\"2837\">Y\u00fcksek s\u0131cakl\u0131kta \u00e7al\u0131\u015fma (&gt;2000\u00b0C)<\/p>\n<\/li>\n<li data-section-id=\"1jqlm2f\" data-start=\"2838\" data-end=\"2876\">\n<p data-start=\"2840\" data-end=\"2876\">Kararl\u0131 vakum ve gaz ak\u0131\u015f kontrol\u00fc<\/p>\n<\/li>\n<li data-section-id=\"gf25zn\" data-start=\"2877\" data-end=\"2911\">\n<p data-start=\"2879\" data-end=\"2911\">Geli\u015fmi\u015f PLC otomasyon sistemi<\/p>\n<\/li>\n<li data-section-id=\"1oe212f\" data-start=\"2912\" data-end=\"2974\">\n<p data-start=\"2914\" data-end=\"2974\">\u00d6zelle\u015ftirilebilir f\u0131r\u0131n tasar\u0131m\u0131 (boyut, konfig\u00fcrasyon, proses)<\/p>\n<\/li>\n<li data-section-id=\"1qtodg6\" data-start=\"2975\" data-end=\"3035\">\n<p data-start=\"2977\" data-end=\"3035\">4-6 in\u00e7 SiC kristal b\u00fcy\u00fcmesi ile uyumlu (geni\u015fletilebilir)<\/p>\n<\/li>\n<\/ul>\n<h2 data-section-id=\"i1urdn\" data-start=\"3042\" data-end=\"3065\"><span role=\"text\">Kabiliyetlerimiz<\/span><\/h2>\n<h3 data-section-id=\"1euwnkw\" data-start=\"3067\" data-end=\"3094\"><span role=\"text\">1. Ekipman Temini<\/span><\/h3>\n<p data-start=\"3095\" data-end=\"3164\">i\u00e7in tasarlanm\u0131\u015f tam m\u00fchendislik SiC kristal b\u00fcy\u00fctme f\u0131r\u0131nlar\u0131 sa\u011fl\u0131yoruz:<\/p>\n<ul data-start=\"3165\" data-end=\"3275\">\n<li data-section-id=\"o9p6qu\" data-start=\"3165\" data-end=\"3200\">\n<p data-start=\"3167\" data-end=\"3200\">Y\u00fcksek safl\u0131kta yar\u0131 izolasyonlu SiC<\/p>\n<\/li>\n<li data-section-id=\"11vwiq6\" data-start=\"3201\" data-end=\"3238\">\n<p data-start=\"3203\" data-end=\"3238\">\u0130letken SiC kristal \u00fcretimi<\/p>\n<\/li>\n<li data-section-id=\"10vy7s\" data-start=\"3239\" data-end=\"3275\">\n<p data-start=\"3241\" data-end=\"3275\">Toplu \u00fcretim gereksinimleri<\/p>\n<\/li>\n<\/ul>\n<h3 data-section-id=\"phctqp\" data-start=\"3282\" data-end=\"3323\"><span role=\"text\">2. Hammadde ve Kristal Temini<\/span><\/h3>\n<p data-start=\"3324\" data-end=\"3334\">Biz tedarik ediyoruz:<\/p>\n<ul data-start=\"3335\" data-end=\"3401\">\n<li data-section-id=\"1ggi3jo\" data-start=\"3335\" data-end=\"3359\">\n<p data-start=\"3337\" data-end=\"3359\">SiC kaynak malzemeleri<\/p>\n<\/li>\n<li data-section-id=\"h3kpam\" data-start=\"3360\" data-end=\"3377\">\n<p data-start=\"3362\" data-end=\"3377\">Tohum kristalleri<\/p>\n<\/li>\n<li data-section-id=\"1rb4g8j\" data-start=\"3378\" data-end=\"3401\">\n<p data-start=\"3380\" data-end=\"3401\">Proses sarf malzemeleri<\/p>\n<\/li>\n<\/ul>\n<p data-start=\"3403\" data-end=\"3479\">S\u00fcre\u00e7 istikrar\u0131n\u0131 sa\u011flamak i\u00e7in t\u00fcm malzemeler s\u0131k\u0131 kalite kontrol\u00fcnden ge\u00e7irilir.<\/p>\n<h3 data-section-id=\"lzu290\" data-start=\"3486\" data-end=\"3531\"><span role=\"text\">3. S\u00fcre\u00e7 Geli\u015ftirme ve Optimizasyon<\/span><\/h3>\n<p data-start=\"3532\" data-end=\"3562\">M\u00fchendislik ekibimiz destekliyor:<\/p>\n<ul data-start=\"3563\" data-end=\"3669\">\n<li data-section-id=\"1hou4gz\" data-start=\"3563\" data-end=\"3593\">\n<p data-start=\"3565\" data-end=\"3593\">\u00d6zel s\u00fcre\u00e7 geli\u015ftirme<\/p>\n<\/li>\n<li data-section-id=\"1t2cez5\" data-start=\"3594\" data-end=\"3627\">\n<p data-start=\"3596\" data-end=\"3627\">B\u00fcy\u00fcme parametresi optimizasyonu<\/p>\n<\/li>\n<li data-section-id=\"1bd6gqh\" data-start=\"3628\" data-end=\"3669\">\n<p data-start=\"3630\" data-end=\"3669\">Verim ve kristal kalitesinin iyile\u015ftirilmesi<\/p>\n<\/li>\n<\/ul>\n<h3 data-section-id=\"sd0tuu\" data-start=\"3676\" data-end=\"3715\"><span role=\"text\">4. E\u011fitim ve Teknik Destek<\/span><\/h3>\n<p data-start=\"3716\" data-end=\"3725\">Biz teklif ediyoruz:<\/p>\n<ul data-start=\"3726\" data-end=\"3832\">\n<li data-section-id=\"8xwlms\" data-start=\"3726\" data-end=\"3755\">\n<p data-start=\"3728\" data-end=\"3755\">Yerinde \/ uzaktan e\u011fitim<\/p>\n<\/li>\n<li data-section-id=\"113ldb5\" data-start=\"3756\" data-end=\"3788\">\n<p data-start=\"3758\" data-end=\"3788\">Ekipman \u00e7al\u0131\u015ft\u0131rma k\u0131lavuzu<\/p>\n<\/li>\n<li data-section-id=\"19iv12h\" data-start=\"3789\" data-end=\"3832\">\n<p data-start=\"3791\" data-end=\"3832\">Bak\u0131m ve sorun giderme deste\u011fi<\/p>\n<\/li>\n<\/ul>\n<h2 data-section-id=\"elc90z\" data-start=\"3839\" data-end=\"3849\"><span role=\"text\">SSS<\/span><\/h2>\n<p data-start=\"3851\" data-end=\"4022\">S1: Ba\u015fl\u0131ca SiC kristal b\u00fcy\u00fctme y\u00f6ntemleri nelerdir?<br data-start=\"3904\" data-end=\"3907\" \/>C: Birincil y\u00f6ntemler, her biri farkl\u0131 uygulamalar ve \u00fcretim hedefleri i\u00e7in uygun olan PVT, HT-CVD ve LPE'yi i\u00e7erir.<\/p>\n<p data-start=\"4024\" data-end=\"4230\">S2: S\u0131v\u0131 faz epitaksi (LPE) nedir?<br data-start=\"4067\" data-end=\"4070\" \/>C: LPE, doymu\u015f bir eriyi\u011fin bir alt tabaka \u00fczerinde kristal b\u00fcy\u00fcmesini sa\u011flamak i\u00e7in yava\u015f\u00e7a so\u011futuldu\u011fu ve y\u00fcksek kaliteli epitaksiyel katmanlar sa\u011flayan \u00e7\u00f6zelti bazl\u0131 bir b\u00fcy\u00fcme y\u00f6ntemidir.<\/p>\n<h2 data-section-id=\"1wz3rnt\" data-start=\"4237\" data-end=\"4278\"><span role=\"text\">Neden SiC B\u00fcy\u00fctme F\u0131r\u0131n\u0131m\u0131z\u0131 Se\u00e7melisiniz?<\/span><\/h2>\n<ul data-start=\"4280\" data-end=\"4496\">\n<li data-section-id=\"1nz5fyj\" data-start=\"4280\" data-end=\"4330\">\n<p data-start=\"4282\" data-end=\"4330\">SiC ekipmanlar\u0131nda kan\u0131tlanm\u0131\u015f m\u00fchendislik deneyimi<\/p>\n<\/li>\n<li data-section-id=\"dw2cfr\" data-start=\"4331\" data-end=\"4382\">\n<p data-start=\"4333\" data-end=\"4382\">\u00c7oklu y\u00f6ntem uyumlulu\u011fu (PVT \/ HT-CVD \/ LPE)<\/p>\n<\/li>\n<li data-section-id=\"xciqsn\" data-start=\"4383\" data-end=\"4435\">\n<p data-start=\"4385\" data-end=\"4435\">Farkl\u0131 \u00fcretim \u00f6l\u00e7ekleri i\u00e7in \u00f6zel \u00e7\u00f6z\u00fcmler<\/p>\n<\/li>\n<li data-section-id=\"s3dika\" data-start=\"4436\" data-end=\"4496\">\n<p data-start=\"4438\" data-end=\"4496\">Tam ya\u015fam d\u00f6ng\u00fcs\u00fc deste\u011fi (ekipman + malzeme + s\u00fcre\u00e7)<\/p>\n<\/li>\n<\/ul>","protected":false},"excerpt":{"rendered":"<p data-start=\"204\" data-end=\"416\">SiC kristal b\u00fcy\u00fctme f\u0131r\u0131n\u0131, g\u00fc\u00e7 elektroni\u011fi, RF cihazlar\u0131 ve geli\u015fmi\u015f yar\u0131 iletken uygulamalar\u0131nda kullan\u0131lan y\u00fcksek kaliteli silisyum karb\u00fcr (SiC) tek kristalleri \u00fcretmek i\u00e7in kritik bir ekipman par\u00e7as\u0131d\u0131r.<\/p>\n<p data-start=\"418\" data-end=\"489\">Sistemlerimiz, a\u015fa\u011f\u0131dakiler de dahil olmak \u00fczere \u00e7ok say\u0131da ana ak\u0131m b\u00fcy\u00fcme teknolojisini desteklemektedir:<\/p>","protected":false},"featured_media":1949,"comment_status":"open","ping_status":"closed","template":"","meta":{"site-sidebar-layout":"default","site-content-layout":"","ast-site-content-layout":"default","site-content-style":"default","site-sidebar-style":"default","ast-global-header-display":"","ast-banner-title-visibility":"","ast-main-header-display":"","ast-hfb-above-header-display":"","ast-hfb-below-header-display":"","ast-hfb-mobile-header-display":"","site-post-title":"","ast-breadcrumbs-content":"","ast-featured-img":"","footer-sml-layout":"","ast-disable-related-posts":"","theme-transparent-header-meta":"default","adv-header-id-meta":"","stick-header-meta":"default","header-above-stick-meta":"","header-main-stick-meta":"","header-below-stick-meta":"","astra-migrate-meta-layouts":"set","ast-page-background-enabled":"default","ast-page-background-meta":{"desktop":{"background-color":"var(--ast-global-color-4)","background-image":"","background-repeat":"repeat","background-position":"center center","background-size":"auto","background-attachment":"scroll","background-type":"","background-media":"","overlay-type":"","overlay-color":"","overlay-opacity":"","overlay-gradient":""},"tablet":{"background-color":"","background-image":"","background-repeat":"repeat","background-position":"center center","background-size":"auto","background-attachment":"scroll","background-type":"","background-media":"","overlay-type":"","overlay-color":"","overlay-opacity":"","overlay-gradient":""},"mobile":{"background-color":"","background-image":"","background-repeat":"repeat","background-position":"center center","background-size":"auto","background-attachment":"scroll","background-type":"","background-media":"","overlay-type":"","overlay-color":"","overlay-opacity":"","overlay-gradient":""}},"ast-content-background-meta":{"desktop":{"background-color":"var(--ast-global-color-5)","background-image":"","background-repeat":"repeat","background-position":"center center","background-size":"auto","background-attachment":"scroll","background-type":"","background-media":"","overlay-type":"","overlay-color":"","overlay-opacity":"","overlay-gradient":""},"tablet":{"background-color":"var(--ast-global-color-5)","background-image":"","background-repeat":"repeat","background-position":"center center","background-size":"auto","background-attachment":"scroll","background-type":"","background-media":"","overlay-type":"","overlay-color":"","overlay-opacity":"","overlay-gradient":""},"mobile":{"background-color":"var(--ast-global-color-5)","background-image":"","background-repeat":"repeat","background-position":"center center","background-size":"auto","background-attachment":"scroll","background-type":"","background-media":"","overlay-type":"","overlay-color":"","overlay-opacity":"","overlay-gradient":""}}},"product_brand":[],"product_cat":[15],"product_tag":[454,455,453,110,451,459,457,456,452,458],"class_list":{"0":"post-1948","1":"product","2":"type-product","3":"status-publish","4":"has-post-thumbnail","6":"product_cat-crystal-growth-furnace","7":"product_tag-ht-cvd-sic","8":"product_tag-lpe-epitaxy-sic","9":"product_tag-pvt-sic-growth","10":"product_tag-semiconductor-equipment","11":"product_tag-sic-crystal-growth-furnace","12":"product_tag-sic-epitaxy-growth","13":"product_tag-sic-single-crystal-growth","14":"product_tag-sic-wafer-production","15":"product_tag-silicon-carbide-furnace","16":"product_tag-silicon-carbide-substrate","17":"desktop-align-left","18":"tablet-align-left","19":"mobile-align-left","20":"ast-product-gallery-layout-horizontal-slider","21":"ast-product-tabs-layout-horizontal","23":"first","24":"instock","25":"shipping-taxable","26":"product-type-simple"},"_links":{"self":[{"href":"https:\/\/www.zmsh-semitech.com\/tr\/wp-json\/wp\/v2\/product\/1948","targetHints":{"allow":["GET"]}}],"collection":[{"href":"https:\/\/www.zmsh-semitech.com\/tr\/wp-json\/wp\/v2\/product"}],"about":[{"href":"https:\/\/www.zmsh-semitech.com\/tr\/wp-json\/wp\/v2\/types\/product"}],"replies":[{"embeddable":true,"href":"https:\/\/www.zmsh-semitech.com\/tr\/wp-json\/wp\/v2\/comments?post=1948"}],"version-history":[{"count":2,"href":"https:\/\/www.zmsh-semitech.com\/tr\/wp-json\/wp\/v2\/product\/1948\/revisions"}],"predecessor-version":[{"id":1957,"href":"https:\/\/www.zmsh-semitech.com\/tr\/wp-json\/wp\/v2\/product\/1948\/revisions\/1957"}],"wp:featuredmedia":[{"embeddable":true,"href":"https:\/\/www.zmsh-semitech.com\/tr\/wp-json\/wp\/v2\/media\/1949"}],"wp:attachment":[{"href":"https:\/\/www.zmsh-semitech.com\/tr\/wp-json\/wp\/v2\/media?parent=1948"}],"wp:term":[{"taxonomy":"product_brand","embeddable":true,"href":"https:\/\/www.zmsh-semitech.com\/tr\/wp-json\/wp\/v2\/product_brand?post=1948"},{"taxonomy":"product_cat","embeddable":true,"href":"https:\/\/www.zmsh-semitech.com\/tr\/wp-json\/wp\/v2\/product_cat?post=1948"},{"taxonomy":"product_tag","embeddable":true,"href":"https:\/\/www.zmsh-semitech.com\/tr\/wp-json\/wp\/v2\/product_tag?post=1948"}],"curies":[{"name":"wp","href":"https:\/\/api.w.org\/{rel}","templated":true}]}}