{"id":1933,"date":"2026-03-20T05:58:05","date_gmt":"2026-03-20T05:58:05","guid":{"rendered":"https:\/\/www.zmsh-semitech.com\/?post_type=product&#038;p=1933"},"modified":"2026-04-03T05:18:06","modified_gmt":"2026-04-03T05:18:06","slug":"diamond-wire-single-multi-wire-dual-station-cutting-machine-for-sapphire-sic-material-processing","status":"publish","type":"product","link":"https:\/\/www.zmsh-semitech.com\/tr\/product\/diamond-wire-single-multi-wire-dual-station-cutting-machine-for-sapphire-sic-material-processing\/","title":{"rendered":"Diamond Wire Multi-Wire Dual-Station Cutting Machine for Sapphire \/ SiC Material Processing"},"content":{"rendered":"<p data-start=\"224\" data-end=\"588\"><img fetchpriority=\"high\" decoding=\"async\" class=\"size-medium wp-image-1934 alignright\" src=\"https:\/\/www.zmsh-semitech.com\/wp-content\/uploads\/2026\/03\/diamond_wire_single_multi_wire_dual_station_cutting_machine_for_sapphire_sic_material_processing-300x300.webp\" alt=\"\" width=\"300\" height=\"300\" srcset=\"https:\/\/www.zmsh-semitech.com\/wp-content\/uploads\/2026\/03\/diamond_wire_single_multi_wire_dual_station_cutting_machine_for_sapphire_sic_material_processing-300x300.webp 300w, https:\/\/www.zmsh-semitech.com\/wp-content\/uploads\/2026\/03\/diamond_wire_single_multi_wire_dual_station_cutting_machine_for_sapphire_sic_material_processing-150x150.webp 150w, https:\/\/www.zmsh-semitech.com\/wp-content\/uploads\/2026\/03\/diamond_wire_single_multi_wire_dual_station_cutting_machine_for_sapphire_sic_material_processing-12x12.webp 12w, https:\/\/www.zmsh-semitech.com\/wp-content\/uploads\/2026\/03\/diamond_wire_single_multi_wire_dual_station_cutting_machine_for_sapphire_sic_material_processing-600x600.webp 600w, https:\/\/www.zmsh-semitech.com\/wp-content\/uploads\/2026\/03\/diamond_wire_single_multi_wire_dual_station_cutting_machine_for_sapphire_sic_material_processing-100x100.webp 100w, https:\/\/www.zmsh-semitech.com\/wp-content\/uploads\/2026\/03\/diamond_wire_single_multi_wire_dual_station_cutting_machine_for_sapphire_sic_material_processing.webp 750w\" sizes=\"(max-width: 300px) 100vw, 300px\" \/>The diamond wire multi-wire dual-station cutting machine is a core equipment for precision processing of brittle materials. By using the high-speed reciprocating motion of diamond wire (steel wire coated with silicon carbide or aluminum oxide particles) and relative abrasion with the workpiece, it achieves accurate cutting of hard materials.<\/p>\n<p data-start=\"590\" data-end=\"936\">\u00c7ift istasyonlu tasar\u0131m, ayn\u0131 anda iki i\u015f par\u00e7as\u0131 fikst\u00fcr\u00fcn\u00fc (veya d\u00f6n\u00fc\u015f\u00fcml\u00fc i\u015flemleri) bar\u0131nd\u0131rarak \u00fcretim verimlili\u011fini \u00f6nemli \u00f6l\u00e7\u00fcde art\u0131r\u0131r. Yar\u0131 iletken gofretler, safir, silikon karb\u00fcr (SiC), seramik, kuvars ve de\u011ferli metaller gibi malzemelerin kareleme, dilimleme ve hassas \u015fekillendirilmesinde yayg\u0131n olarak kullan\u0131l\u0131r.<\/p>\n<p data-start=\"938\" data-end=\"1192\">Bu makine servo kontrol sistemleri, gerilim reg\u00fclasyonu ve sal\u0131n\u0131ml\u0131 kesim teknolojilerini entegre ederek verimlili\u011fi ve hassasiyeti dengeler ve fotovoltaik, yar\u0131 iletkenler ve geli\u015fmi\u015f imalat gibi sekt\u00f6rlerde kritik bir ara\u00e7t\u0131r.<\/p>\n<h3 data-section-id=\"1880me3\" data-start=\"1199\" data-end=\"1233\"><span role=\"text\">Teknik \u00d6zellikler<\/span><\/h3>\n<div class=\"TyagGW_tableContainer\">\n<div class=\"group TyagGW_tableWrapper flex flex-col-reverse w-fit\" tabindex=\"-1\">\n<table class=\"w-fit min-w-(--thread-content-width)\" data-start=\"1235\" data-end=\"2401\">\n<thead data-start=\"1235\" data-end=\"1264\">\n<tr data-start=\"1235\" data-end=\"1264\">\n<th class=\"\" data-start=\"1235\" data-end=\"1247\" data-col-size=\"md\">Parametre<\/th>\n<th class=\"\" data-start=\"1247\" data-end=\"1264\" data-col-size=\"md\">\u015eartname<\/th>\n<\/tr>\n<\/thead>\n<tbody data-start=\"1295\" data-end=\"2401\">\n<tr data-start=\"1295\" data-end=\"1330\">\n<td data-start=\"1295\" data-end=\"1303\" data-col-size=\"md\">Model<\/td>\n<td data-start=\"1303\" data-end=\"1330\" data-col-size=\"md\">Multi-Wire Saw<\/td>\n<\/tr>\n<tr data-start=\"1331\" data-end=\"1370\">\n<td data-start=\"1331\" data-end=\"1356\" data-col-size=\"md\">Maksimum \u0130\u015f Par\u00e7as\u0131 Boyutu<\/td>\n<td data-col-size=\"md\" data-start=\"1356\" data-end=\"1370\">\u00f8320\u00d7430mm<\/td>\n<\/tr>\n<tr data-start=\"1371\" data-end=\"1433\">\n<td data-start=\"1371\" data-end=\"1402\" data-col-size=\"md\">Ana Silindir Kaplama \u00c7ap\u0131<\/td>\n<td data-col-size=\"md\" data-start=\"1402\" data-end=\"1433\">\u00f8210\u00d7450mm (5 ana silindir)<\/td>\n<\/tr>\n<tr data-start=\"1434\" data-end=\"1475\">\n<td data-start=\"1434\" data-end=\"1455\" data-col-size=\"md\">Tel Ko\u015fu H\u0131z\u0131<\/td>\n<td data-col-size=\"md\" data-start=\"1455\" data-end=\"1475\">1000 (MIX) m\/dak<\/td>\n<\/tr>\n<tr data-start=\"1476\" data-end=\"1514\">\n<td data-start=\"1476\" data-end=\"1500\" data-col-size=\"md\">Elmas Tel \u00c7ap\u0131<\/td>\n<td data-col-size=\"md\" data-start=\"1500\" data-end=\"1514\">0,2-0,37 mm<\/td>\n<\/tr>\n<tr data-start=\"1515\" data-end=\"1586\">\n<td data-start=\"1515\" data-end=\"1554\" data-col-size=\"md\">Hat Depolama Kapasitesi (Besleme Tekerle\u011fi)<\/td>\n<td data-col-size=\"md\" data-start=\"1554\" data-end=\"1586\">20 km (0,25 mm tel \u00e7ap\u0131)<\/td>\n<\/tr>\n<tr data-start=\"1587\" data-end=\"1625\">\n<td data-start=\"1587\" data-end=\"1613\" data-col-size=\"md\">Kesme Kal\u0131nl\u0131\u011f\u0131 Aral\u0131\u011f\u0131<\/td>\n<td data-col-size=\"md\" data-start=\"1613\" data-end=\"1625\">1.5-80mm<\/td>\n<\/tr>\n<tr data-start=\"1626\" data-end=\"1656\">\n<td data-start=\"1626\" data-end=\"1645\" data-col-size=\"md\">Kesim Hassasiyeti<\/td>\n<td data-col-size=\"md\" data-start=\"1645\" data-end=\"1656\">\u00b10.01mm<\/td>\n<\/tr>\n<tr data-start=\"1657\" data-end=\"1707\">\n<td data-start=\"1657\" data-end=\"1698\" data-col-size=\"md\">\u0130\u015f \u0130stasyonunun Dikey Kald\u0131rma Stroku<\/td>\n<td data-col-size=\"md\" data-start=\"1698\" data-end=\"1707\">350mm<\/td>\n<\/tr>\n<tr data-start=\"1708\" data-end=\"1778\">\n<td data-start=\"1708\" data-end=\"1725\" data-col-size=\"md\">Kesim Y\u00f6ntemi<\/td>\n<td data-col-size=\"md\" data-start=\"1725\" data-end=\"1778\">\u00c7al\u0131\u015fma tezgah\u0131 sallan\u0131r; elmas tel sabit kal\u0131r<\/td>\n<\/tr>\n<tr data-start=\"1779\" data-end=\"1817\">\n<td data-start=\"1779\" data-end=\"1800\" data-col-size=\"md\">Kesme \u0130lerleme H\u0131z\u0131<\/td>\n<td data-col-size=\"md\" data-start=\"1800\" data-end=\"1817\">0.01-10mm\/dak<\/td>\n<\/tr>\n<tr data-start=\"1818\" data-end=\"1839\">\n<td data-start=\"1818\" data-end=\"1831\" data-col-size=\"md\">Su Deposu<\/td>\n<td data-col-size=\"md\" data-start=\"1831\" data-end=\"1839\">300L<\/td>\n<\/tr>\n<tr data-start=\"1840\" data-end=\"1899\">\n<td data-start=\"1840\" data-end=\"1856\" data-col-size=\"md\">Kesme S\u0131v\u0131s\u0131<\/td>\n<td data-col-size=\"md\" data-start=\"1856\" data-end=\"1899\">Pas \u00f6nleyici y\u00fcksek verimli kesme s\u0131v\u0131s\u0131<\/td>\n<\/tr>\n<tr data-start=\"1900\" data-end=\"1921\">\n<td data-start=\"1900\" data-end=\"1914\" data-col-size=\"md\">Sal\u0131n\u0131m A\u00e7\u0131s\u0131<\/td>\n<td data-col-size=\"md\" data-start=\"1914\" data-end=\"1921\">\u00b18\u00b0<\/td>\n<\/tr>\n<tr data-start=\"1922\" data-end=\"1947\">\n<td data-start=\"1922\" data-end=\"1936\" data-col-size=\"md\">Sal\u0131n\u0131m H\u0131z\u0131<\/td>\n<td data-col-size=\"md\" data-start=\"1936\" data-end=\"1947\">0.83\u00b0\/s<\/td>\n<\/tr>\n<tr data-start=\"1948\" data-end=\"2002\">\n<td data-start=\"1948\" data-end=\"1974\" data-col-size=\"md\">Maksimum Kesme Gerilimi<\/td>\n<td data-col-size=\"md\" data-start=\"1974\" data-end=\"2002\">100N (minimum birim 0,1N)<\/td>\n<\/tr>\n<tr data-start=\"2003\" data-end=\"2028\">\n<td data-start=\"2003\" data-end=\"2019\" data-col-size=\"md\">Kesim Derinli\u011fi<\/td>\n<td data-col-size=\"md\" data-start=\"2019\" data-end=\"2028\">430mm<\/td>\n<\/tr>\n<tr data-start=\"2029\" data-end=\"2049\">\n<td data-start=\"2029\" data-end=\"2044\" data-col-size=\"md\">\u0130\u015f \u0130stasyonlar\u0131<\/td>\n<td data-col-size=\"md\" data-start=\"2044\" data-end=\"2049\">2<\/td>\n<\/tr>\n<tr data-start=\"2050\" data-end=\"2102\">\n<td data-start=\"2050\" data-end=\"2065\" data-col-size=\"md\">G\u00fc\u00e7 Kayna\u011f\u0131<\/td>\n<td data-col-size=\"md\" data-start=\"2065\" data-end=\"2102\">\u00dc\u00e7 fazl\u0131 be\u015f telli AC380V\/50Hz<\/td>\n<\/tr>\n<tr data-start=\"2103\" data-end=\"2134\">\n<td data-start=\"2103\" data-end=\"2125\" data-col-size=\"md\">Toplam Makine G\u00fcc\u00fc<\/td>\n<td data-col-size=\"md\" data-start=\"2125\" data-end=\"2134\">\u226452kW<\/td>\n<\/tr>\n<tr data-start=\"2135\" data-end=\"2159\">\n<td data-start=\"2135\" data-end=\"2148\" data-col-size=\"md\">Ana Motor<\/td>\n<td data-col-size=\"md\" data-start=\"2148\" data-end=\"2159\">7,5\u00d73kW<\/td>\n<\/tr>\n<tr data-start=\"2160\" data-end=\"2187\">\n<td data-start=\"2160\" data-end=\"2175\" data-col-size=\"md\">Kablolama Motoru<\/td>\n<td data-start=\"2175\" data-end=\"2187\" data-col-size=\"md\">0,75\u00d72kW<\/td>\n<\/tr>\n<tr data-start=\"2188\" data-end=\"2223\">\n<td data-start=\"2188\" data-end=\"2212\" data-col-size=\"md\">\u00c7al\u0131\u015fma Tezgah\u0131 Sal\u0131ncak Motoru<\/td>\n<td data-col-size=\"md\" data-start=\"2212\" data-end=\"2223\">1,3\u00d72kW<\/td>\n<\/tr>\n<tr data-start=\"2224\" data-end=\"2259\">\n<td data-start=\"2224\" data-end=\"2248\" data-col-size=\"md\">Gerginlik Kontrol Motoru<\/td>\n<td data-start=\"2248\" data-end=\"2259\" data-col-size=\"md\">4,4\u00d72kW<\/td>\n<\/tr>\n<tr data-start=\"2260\" data-end=\"2305\">\n<td data-start=\"2260\" data-end=\"2294\" data-col-size=\"md\">Tel A\u00e7ma ve Toplama Motoru<\/td>\n<td data-start=\"2294\" data-end=\"2305\" data-col-size=\"md\">5,5\u00d72kW<\/td>\n<\/tr>\n<tr data-start=\"2306\" data-end=\"2373\">\n<td data-start=\"2306\" data-end=\"2353\" data-col-size=\"md\">D\u0131\u015f Boyutlar (k\u00fclb\u00fct\u00f6r kutusu olmadan)<\/td>\n<td data-start=\"2353\" data-end=\"2373\" data-col-size=\"md\">2310\u00d72660\u00d72893mm<\/td>\n<\/tr>\n<tr data-start=\"2374\" data-end=\"2401\">\n<td data-start=\"2374\" data-end=\"2391\" data-col-size=\"md\">Makine A\u011f\u0131rl\u0131\u011f\u0131<\/td>\n<td data-start=\"2391\" data-end=\"2401\" data-col-size=\"md\">6000kg<\/td>\n<\/tr>\n<\/tbody>\n<\/table>\n<\/div>\n<\/div>\n<h3 data-section-id=\"2jkvf5\" data-start=\"2408\" data-end=\"2435\"><span role=\"text\">\u00c7al\u0131\u015fma Prensibi<\/span><\/h3>\n<p data-start=\"2436\" data-end=\"2513\">Makine \u201celmas tel a\u015f\u0131nd\u0131rma + i\u015f par\u00e7as\u0131 besleme\u201d temelinde \u00e7al\u0131\u015f\u0131r:<\/p>\n<ol data-start=\"2515\" data-end=\"3361\">\n<li data-section-id=\"8g8sq1\" data-start=\"2515\" data-end=\"2766\">\n<p data-start=\"2518\" data-end=\"2544\">Elmas Tel Bisiklet<\/p>\n<ul data-start=\"2548\" data-end=\"2766\">\n<li data-section-id=\"1wzwuw2\" data-start=\"2548\" data-end=\"2662\">\n<p data-start=\"2550\" data-end=\"2662\">Y\u00fcksek h\u0131zda d\u00f6nen bir \u0131rgat, elmas teli ileri geri hareket ettirir (veya tek y\u00f6nl\u00fc d\u00f6ng\u00fc).<\/p>\n<\/li>\n<li data-section-id=\"f6lbqh\" data-start=\"2666\" data-end=\"2766\">\n<p data-start=\"2668\" data-end=\"2766\">Tel gerginli\u011fi, dengeli kesim i\u00e7in yayl\u0131 veya pn\u00f6matik gergi tekerlekleri ile sa\u011flan\u0131r.<\/p>\n<\/li>\n<\/ul>\n<\/li>\n<li data-section-id=\"10d9jao\" data-start=\"2768\" data-end=\"2944\">\n<p data-start=\"2771\" data-end=\"2791\">\u0130\u015f Par\u00e7as\u0131 Beslemesi<\/p>\n<ul data-start=\"2795\" data-end=\"2944\">\n<li data-section-id=\"18dix1b\" data-start=\"2795\" data-end=\"2944\">\n<p data-start=\"2797\" data-end=\"2944\">Servo motorlar, i\u015f par\u00e7as\u0131 fikst\u00fcr\u00fcn\u00fc elmas tele do\u011fru sabit bir h\u0131zda hareket edecek \u015fekilde kontrol ederek kesme i\u00e7in g\u00f6receli a\u015f\u0131nma olu\u015fturur.<\/p>\n<\/li>\n<\/ul>\n<\/li>\n<li data-section-id=\"1k9qku3\" data-start=\"2946\" data-end=\"3116\">\n<p data-start=\"2949\" data-end=\"2977\">\u00c7ift \u0130stasyonlu Anahtarlama<\/p>\n<ul data-start=\"2981\" data-end=\"3116\">\n<li data-section-id=\"4bb19x\" data-start=\"2981\" data-end=\"3116\">\n<p data-start=\"2983\" data-end=\"3116\">Bir i\u015f par\u00e7as\u0131n\u0131 kestikten sonra makine otomatik olarak di\u011fer fikst\u00fcre ge\u00e7erek kesintisiz \u00e7al\u0131\u015fma sa\u011flar.<\/p>\n<\/li>\n<\/ul>\n<\/li>\n<li data-section-id=\"15gtvqk\" data-start=\"3118\" data-end=\"3361\">\n<p data-start=\"3121\" data-end=\"3143\">Anahtar Teknolojiler<\/p>\n<ul data-start=\"3147\" data-end=\"3361\">\n<li data-section-id=\"5smzx8\" data-start=\"3147\" data-end=\"3261\">\n<p data-start=\"3149\" data-end=\"3261\">Sal\u0131n\u0131ml\u0131 Kesme: \u00b18\u00b0 sal\u0131n\u0131ml\u0131 \u00e7al\u0131\u015fma tablas\u0131, d\u00fczg\u00fcn tel temas\u0131 ve geli\u015fmi\u015f y\u00fczey d\u00fczl\u00fc\u011f\u00fc sa\u011flar.<\/p>\n<\/li>\n<li data-section-id=\"1numag\" data-start=\"3265\" data-end=\"3361\">\n<p data-start=\"3267\" data-end=\"3361\">Gerginlik Kontrol\u00fc: Sens\u00f6rler, kayma veya k\u0131r\u0131lmay\u0131 \u00f6nlemek i\u00e7in ger\u00e7ek zamanl\u0131 tel gerginli\u011fini izler.<\/p>\n<\/li>\n<\/ul>\n<\/li>\n<\/ol>\n<h3 data-section-id=\"1uq8gka\" data-start=\"3368\" data-end=\"3391\"><span role=\"text\">Temel \u00d6zellikler<\/span><\/h3>\n<div class=\"TyagGW_tableContainer\">\n<div class=\"group TyagGW_tableWrapper flex flex-col-reverse w-fit\" tabindex=\"-1\">\n<table class=\"w-fit min-w-(--thread-content-width)\" data-start=\"3393\" data-end=\"3938\">\n<thead data-start=\"3393\" data-end=\"3418\">\n<tr data-start=\"3393\" data-end=\"3418\">\n<th class=\"\" data-start=\"3393\" data-end=\"3403\" data-col-size=\"sm\">\u00d6zellik<\/th>\n<th class=\"\" data-start=\"3403\" data-end=\"3418\" data-col-size=\"md\">A\u00e7\u0131klama<\/th>\n<\/tr>\n<\/thead>\n<tbody data-start=\"3445\" data-end=\"3938\">\n<tr data-start=\"3445\" data-end=\"3553\">\n<td data-start=\"3445\" data-end=\"3463\" data-col-size=\"sm\">Y\u00fcksek Verimlilik<\/td>\n<td data-start=\"3463\" data-end=\"3553\" data-col-size=\"md\">\u00c7ift istasyonlu tasar\u0131m \u00fcretim kapasitesini iki kat\u0131na \u00e7\u0131kar\u0131r; y\u00fcksek tel h\u0131zlar\u0131 kesme s\u00fcresini azalt\u0131r.<\/td>\n<\/tr>\n<tr data-start=\"3554\" data-end=\"3668\">\n<td data-start=\"3554\" data-end=\"3571\" data-col-size=\"sm\">Y\u00fcksek Hassasiyet<\/td>\n<td data-col-size=\"md\" data-start=\"3571\" data-end=\"3668\">Servo motorlar + vidal\u0131 miller \u00b10,01 mm hassasiyet sa\u011flar; sal\u0131n\u0131m modu y\u00fczey \u00e7apaklar\u0131n\u0131 en aza indirir.<\/td>\n<\/tr>\n<tr data-start=\"3669\" data-end=\"3767\">\n<td data-start=\"3669\" data-end=\"3683\" data-col-size=\"sm\">Esneklik<\/td>\n<td data-col-size=\"md\" data-start=\"3683\" data-end=\"3767\">Tek\/\u00e7ok telli anahtarlamay\u0131 ve ayarlanabilir besleme h\u0131zlar\u0131n\u0131 (0,01-10 mm\/dak) destekler.<\/td>\n<\/tr>\n<tr data-start=\"3768\" data-end=\"3836\">\n<td data-start=\"3768\" data-end=\"3783\" data-col-size=\"sm\">\u00c7evre Dostu<\/td>\n<td data-start=\"3783\" data-end=\"3836\" data-col-size=\"md\">Su bazl\u0131 kesme s\u0131v\u0131lar\u0131 toz ve g\u00fcr\u00fclt\u00fcy\u00fc azalt\u0131r.<\/td>\n<\/tr>\n<tr data-start=\"3837\" data-end=\"3938\">\n<td data-start=\"3837\" data-end=\"3849\" data-col-size=\"sm\">\u0130stikrar<\/td>\n<td data-col-size=\"md\" data-start=\"3849\" data-end=\"3938\">D\u00f6k\u00fcm \u00e7er\u00e7eveler sa\u011flaml\u0131\u011f\u0131 art\u0131r\u0131r; k\u0131rma-devam ettirme i\u015flevi i\u015f par\u00e7as\u0131 reddini \u00f6nler.<\/td>\n<\/tr>\n<\/tbody>\n<\/table>\n<\/div>\n<\/div>\n<h3 data-section-id=\"xdxar3\" data-start=\"3945\" data-end=\"3967\"><span role=\"text\">Uygulamalar<\/span><\/h3>\n<ol data-start=\"3969\" data-end=\"4689\">\n<li data-section-id=\"e2ca1e\" data-start=\"3969\" data-end=\"4145\">\n<p data-start=\"3972\" data-end=\"4008\">Yar\u0131 \u0130letkenler ve Fotovoltaikler<\/p>\n<ul data-start=\"4012\" data-end=\"4145\">\n<li data-section-id=\"c6f6qr\" data-start=\"4012\" data-end=\"4086\">\n<p data-start=\"4014\" data-end=\"4086\">Silikon (mono\/poli kristal) ve PERC g\u00fcne\u015f pilleri i\u00e7in plaka dilimleme<\/p>\n<\/li>\n<li data-section-id=\"5ocxwg\" data-start=\"4090\" data-end=\"4145\">\n<p data-start=\"4092\" data-end=\"4145\">LED alt tabakalar ve g\u00fcne\u015f mod\u00fclleri i\u00e7in kenar profili olu\u015fturma<\/p>\n<\/li>\n<\/ul>\n<\/li>\n<li data-section-id=\"6hrn80\" data-start=\"4147\" data-end=\"4330\">\n<p data-start=\"4150\" data-end=\"4171\">Seramik &amp; Ta\u015flar<\/p>\n<ul data-start=\"4175\" data-end=\"4330\">\n<li data-section-id=\"5acdkn\" data-start=\"4175\" data-end=\"4235\">\n<p data-start=\"4177\" data-end=\"4235\">LED ekranlar ve ak\u0131ll\u0131 telefon ekranlar\u0131 i\u00e7in safir dilimleme<\/p>\n<\/li>\n<li data-section-id=\"1buqiv9\" data-start=\"4239\" data-end=\"4330\">\n<p data-start=\"4241\" data-end=\"4330\">EV g\u00fc\u00e7 cihazlar\u0131 i\u00e7in malzeme israf\u0131n\u0131 en aza indiren Silisyum Karb\u00fcr (SiC) hassas kesim<\/p>\n<\/li>\n<\/ul>\n<\/li>\n<li data-section-id=\"10scz4s\" data-start=\"4332\" data-end=\"4517\">\n<p data-start=\"4335\" data-end=\"4363\">Kuvars &amp; Optik Cam<\/p>\n<ul data-start=\"4367\" data-end=\"4517\">\n<li data-section-id=\"6ctgdt\" data-start=\"4367\" data-end=\"4438\">\n<p data-start=\"4369\" data-end=\"4438\">Kristal osilat\u00f6rler: sens\u00f6rler ve telekom i\u00e7in y\u00fcksek hassasiyetli dilimleme<\/p>\n<\/li>\n<li data-section-id=\"w69aek\" data-start=\"4442\" data-end=\"4517\">\n<p data-start=\"4444\" data-end=\"4517\">Optik bile\u015fenler: minimum y\u00fczey kusurlu lens ve prizma kesimi<\/p>\n<\/li>\n<\/ul>\n<\/li>\n<li data-section-id=\"165zv1\" data-start=\"4519\" data-end=\"4689\">\n<p data-start=\"4522\" data-end=\"4548\">Metaller ve Nadir Topraklar<\/p>\n<ul data-start=\"4552\" data-end=\"4689\">\n<li data-section-id=\"10dxe48\" data-start=\"4552\" data-end=\"4624\">\n<p data-start=\"4554\" data-end=\"4624\">M\u00fccevherat i\u00e7in de\u011ferli metallerin (alt\u0131n, platin) kesilmesi, hurdalar\u0131n azalt\u0131lmas\u0131<\/p>\n<\/li>\n<li data-section-id=\"19im383\" data-start=\"4628\" data-end=\"4689\">\n<p data-start=\"4630\" data-end=\"4689\">Motorlar ve sens\u00f6rler i\u00e7in nadir toprak m\u0131knat\u0131slar\u0131 (NdFeB) dilimleme<\/p>\n<\/li>\n<\/ul>\n<\/li>\n<\/ol>\n<p><img decoding=\"async\" class=\"wp-image-2099 size-large aligncenter\" src=\"https:\/\/www.zmsh-semitech.com\/wp-content\/uploads\/2026\/03\/35194b37-522c-4034-8dae-1e2b7974059b-1024x248.jpg\" alt=\"\" width=\"1024\" height=\"248\" srcset=\"https:\/\/www.zmsh-semitech.com\/wp-content\/uploads\/2026\/03\/35194b37-522c-4034-8dae-1e2b7974059b-1024x248.jpg 1024w, https:\/\/www.zmsh-semitech.com\/wp-content\/uploads\/2026\/03\/35194b37-522c-4034-8dae-1e2b7974059b-300x73.jpg 300w, https:\/\/www.zmsh-semitech.com\/wp-content\/uploads\/2026\/03\/35194b37-522c-4034-8dae-1e2b7974059b-768x186.jpg 768w, https:\/\/www.zmsh-semitech.com\/wp-content\/uploads\/2026\/03\/35194b37-522c-4034-8dae-1e2b7974059b-18x4.jpg 18w, https:\/\/www.zmsh-semitech.com\/wp-content\/uploads\/2026\/03\/35194b37-522c-4034-8dae-1e2b7974059b-600x145.jpg 600w, https:\/\/www.zmsh-semitech.com\/wp-content\/uploads\/2026\/03\/35194b37-522c-4034-8dae-1e2b7974059b.jpg 1139w\" sizes=\"(max-width: 1024px) 100vw, 1024px\" \/><\/p>\n<h3 data-section-id=\"cr3je8\" data-start=\"4696\" data-end=\"4709\"><span role=\"text\">SSS<\/span><\/h3>\n<p data-start=\"4711\" data-end=\"4941\">S: Elmas telli \u00e7ift istasyonlu kesme makinesi nas\u0131l \u00e7al\u0131\u015f\u0131r?<br data-start=\"4776\" data-end=\"4779\" \/>C: Kesintisiz kesme ve malzeme de\u011fi\u015ftirme i\u00e7in elmas tel d\u00f6ng\u00fcs\u00fc (ileri geri hareket) ve \u00e7ift istasyonlu bir tasar\u0131m kullan\u0131r ve ar\u0131za s\u00fcresini en aza indirir.<\/p>\n<p data-start=\"4943\" data-end=\"5191\">S: Elmas telli \u00e7ift istasyonlu kesme makinelerinin temel avantajlar\u0131 nelerdir?<br data-start=\"5024\" data-end=\"5027\" \/>A: Silikon levhalar ve seramikler gibi k\u0131r\u0131lgan malzemeleri kesmek i\u00e7in y\u00fcksek verimlilik (\u00e7ift istasyonlu paralel i\u015fleme) ve hassasiyet (\u00b10,01 mm hassasiyet).<\/p>","protected":false},"excerpt":{"rendered":"<p>Elmas telli tek\/\u00e7ok telli \u00e7ift istasyonlu kesme makinesi, k\u0131r\u0131lgan malzemelerin hassas i\u015flenmesi i\u00e7in temel bir ekipmand\u0131r. Elmas telin (silisyum karb\u00fcr veya al\u00fcminyum oksit par\u00e7ac\u0131klar\u0131yla kaplanm\u0131\u015f \u00e7elik tel) y\u00fcksek h\u0131zl\u0131 ileri geri hareketini ve i\u015f par\u00e7as\u0131yla g\u00f6receli a\u015f\u0131nmay\u0131 kullanarak sert malzemelerin do\u011fru \u015fekilde kesilmesini sa\u011flar.<\/p>","protected":false},"featured_media":1934,"comment_status":"open","ping_status":"closed","template":"","meta":{"site-sidebar-layout":"default","site-content-layout":"","ast-site-content-layout":"default","site-content-style":"default","site-sidebar-style":"default","ast-global-header-display":"","ast-banner-title-visibility":"","ast-main-header-display":"","ast-hfb-above-header-display":"","ast-hfb-below-header-display":"","ast-hfb-mobile-header-display":"","site-post-title":"","ast-breadcrumbs-content":"","ast-featured-img":"","footer-sml-layout":"","ast-disable-related-posts":"","theme-transparent-header-meta":"default","adv-header-id-meta":"","stick-header-meta":"default","header-above-stick-meta":"","header-main-stick-meta":"","header-below-stick-meta":"","astra-migrate-meta-layouts":"set","ast-page-background-enabled":"default","ast-page-background-meta":{"desktop":{"background-color":"var(--ast-global-color-4)","background-image":"","background-repeat":"repeat","background-position":"center center","background-size":"auto","background-attachment":"scroll","background-type":"","background-media":"","overlay-type":"","overlay-color":"","overlay-opacity":"","overlay-gradient":""},"tablet":{"background-color":"","background-image":"","background-repeat":"repeat","background-position":"center center","background-size":"auto","background-attachment":"scroll","background-type":"","background-media":"","overlay-type":"","overlay-color":"","overlay-opacity":"","overlay-gradient":""},"mobile":{"background-color":"","background-image":"","background-repeat":"repeat","background-position":"center center","background-size":"auto","background-attachment":"scroll","background-type":"","background-media":"","overlay-type":"","overlay-color":"","overlay-opacity":"","overlay-gradient":""}},"ast-content-background-meta":{"desktop":{"background-color":"var(--ast-global-color-5)","background-image":"","background-repeat":"repeat","background-position":"center center","background-size":"auto","background-attachment":"scroll","background-type":"","background-media":"","overlay-type":"","overlay-color":"","overlay-opacity":"","overlay-gradient":""},"tablet":{"background-color":"var(--ast-global-color-5)","background-image":"","background-repeat":"repeat","background-position":"center center","background-size":"auto","background-attachment":"scroll","background-type":"","background-media":"","overlay-type":"","overlay-color":"","overlay-opacity":"","overlay-gradient":""},"mobile":{"background-color":"var(--ast-global-color-5)","background-image":"","background-repeat":"repeat","background-position":"center center","background-size":"auto","background-attachment":"scroll","background-type":"","background-media":"","overlay-type":"","overlay-color":"","overlay-opacity":"","overlay-gradient":""}}},"product_brand":[],"product_cat":[22],"product_tag":[434,424,425,415,418,433,429,416,431,427,432,428,430,423,426,419,422,420,421,417],"class_list":{"0":"post-1933","1":"product","2":"type-product","3":"status-publish","4":"has-post-thumbnail","6":"product_cat-wire-saw-machine","7":"product_tag-advanced-manufacturing-equipment","8":"product_tag-brittle-material-processing","9":"product_tag-ceramic-cutting","10":"product_tag-diamond-wire-saw","11":"product_tag-dual-station-cutting-machine","12":"product_tag-high-precision-saw","13":"product_tag-led-substrate-slicing","14":"product_tag-multi-wire-cutting-machine","15":"product_tag-ndfeb-magnet-slicing","16":"product_tag-optical-glass-cutting","17":"product_tag-oscillating-cutting","18":"product_tag-photovoltaic-wafer-cutting","19":"product_tag-precious-metal-cutting","20":"product_tag-precision-cutting","21":"product_tag-quartz-cutting","22":"product_tag-sapphire-cutting","23":"product_tag-semiconductor-wafer-slicing","24":"product_tag-sic-cutting","25":"product_tag-silicon-carbide-saw","26":"product_tag-single-wire-saw","27":"desktop-align-left","28":"tablet-align-left","29":"mobile-align-left","30":"ast-product-gallery-layout-horizontal-slider","31":"ast-product-tabs-layout-horizontal","33":"first","34":"instock","35":"shipping-taxable","36":"product-type-simple"},"_links":{"self":[{"href":"https:\/\/www.zmsh-semitech.com\/tr\/wp-json\/wp\/v2\/product\/1933","targetHints":{"allow":["GET"]}}],"collection":[{"href":"https:\/\/www.zmsh-semitech.com\/tr\/wp-json\/wp\/v2\/product"}],"about":[{"href":"https:\/\/www.zmsh-semitech.com\/tr\/wp-json\/wp\/v2\/types\/product"}],"replies":[{"embeddable":true,"href":"https:\/\/www.zmsh-semitech.com\/tr\/wp-json\/wp\/v2\/comments?post=1933"}],"version-history":[{"count":3,"href":"https:\/\/www.zmsh-semitech.com\/tr\/wp-json\/wp\/v2\/product\/1933\/revisions"}],"predecessor-version":[{"id":2101,"href":"https:\/\/www.zmsh-semitech.com\/tr\/wp-json\/wp\/v2\/product\/1933\/revisions\/2101"}],"wp:featuredmedia":[{"embeddable":true,"href":"https:\/\/www.zmsh-semitech.com\/tr\/wp-json\/wp\/v2\/media\/1934"}],"wp:attachment":[{"href":"https:\/\/www.zmsh-semitech.com\/tr\/wp-json\/wp\/v2\/media?parent=1933"}],"wp:term":[{"taxonomy":"product_brand","embeddable":true,"href":"https:\/\/www.zmsh-semitech.com\/tr\/wp-json\/wp\/v2\/product_brand?post=1933"},{"taxonomy":"product_cat","embeddable":true,"href":"https:\/\/www.zmsh-semitech.com\/tr\/wp-json\/wp\/v2\/product_cat?post=1933"},{"taxonomy":"product_tag","embeddable":true,"href":"https:\/\/www.zmsh-semitech.com\/tr\/wp-json\/wp\/v2\/product_tag?post=1933"}],"curies":[{"name":"wp","href":"https:\/\/api.w.org\/{rel}","templated":true}]}}