{"id":1753,"date":"2026-01-23T02:18:28","date_gmt":"2026-01-23T02:18:28","guid":{"rendered":"https:\/\/www.zmsh-semitech.com\/?post_type=product&#038;p=1753"},"modified":"2026-01-23T02:18:28","modified_gmt":"2026-01-23T02:18:28","slug":"sapphire-crystal-growth-furnace-for-80-400-kg-crystals-using-the-kyropoulos-ky-method","status":"publish","type":"product","link":"https:\/\/www.zmsh-semitech.com\/tr\/product\/sapphire-crystal-growth-furnace-for-80-400-kg-crystals-using-the-kyropoulos-ky-method\/","title":{"rendered":"Kyropoulos (KY) Y\u00f6ntemi Kullan\u0131larak 80-400 kg Kristaller i\u00e7in Safir Kristal B\u00fcy\u00fctme F\u0131r\u0131n\u0131"},"content":{"rendered":"<h2 data-start=\"286\" data-end=\"309\">\u00dcr\u00fcne Genel Bak\u0131\u015f<img fetchpriority=\"high\" decoding=\"async\" class=\"size-medium wp-image-1757 alignright\" src=\"https:\/\/www.zmsh-semitech.com\/wp-content\/uploads\/2026\/01\/pl203679978-sapphire_crystal_growth_furnace_80_400kg_by_the_kyropoulos_method_ky5-300x300.jpg\" alt=\"\" width=\"300\" height=\"300\" srcset=\"https:\/\/www.zmsh-semitech.com\/wp-content\/uploads\/2026\/01\/pl203679978-sapphire_crystal_growth_furnace_80_400kg_by_the_kyropoulos_method_ky5-300x300.jpg 300w, https:\/\/www.zmsh-semitech.com\/wp-content\/uploads\/2026\/01\/pl203679978-sapphire_crystal_growth_furnace_80_400kg_by_the_kyropoulos_method_ky5-150x150.jpg 150w, https:\/\/www.zmsh-semitech.com\/wp-content\/uploads\/2026\/01\/pl203679978-sapphire_crystal_growth_furnace_80_400kg_by_the_kyropoulos_method_ky5-100x100.jpg 100w, https:\/\/www.zmsh-semitech.com\/wp-content\/uploads\/2026\/01\/pl203679978-sapphire_crystal_growth_furnace_80_400kg_by_the_kyropoulos_method_ky5.jpg 540w\" sizes=\"(max-width: 300px) 100vw, 300px\" \/><\/h2>\n<p data-start=\"311\" data-end=\"563\">ZMSH KY Safir Kristal B\u00fcy\u00fctme F\u0131r\u0131n\u0131, Kyropoulos (KY) b\u00fcy\u00fctme y\u00f6ntemini kullanarak 80 kg'dan 400 kg'a kadar kristal a\u011f\u0131rl\u0131klar\u0131n\u0131 destekleyen, b\u00fcy\u00fck boyutlu safir tek kristal \u00fcretimi i\u00e7in tasarlanm\u0131\u015f y\u00fcksek s\u0131cakl\u0131kta bir kristal b\u00fcy\u00fctme sistemidir.<\/p>\n<p data-start=\"565\" data-end=\"963\">F\u0131r\u0131n, d\u00fc\u015f\u00fck termal stres ko\u015fullar\u0131 alt\u0131nda kontroll\u00fc safir kat\u0131la\u015fmas\u0131 i\u00e7in optimize edilmi\u015ftir. Kararl\u0131 termal alan tasar\u0131m\u0131, hassas s\u0131cakl\u0131k d\u00fczenlemesi ve ultra y\u00fcksek vakum ve gaz atmosferi kontrol\u00fcn\u00fc birle\u015ftiren sistem, yar\u0131 iletken, optik ve geli\u015fmi\u015f end\u00fcstriyel uygulamalar i\u00e7in uygun y\u00fcksek kaliteli, d\u00fc\u015f\u00fck kusurlu safir tek kristallerin b\u00fcy\u00fct\u00fclmesini sa\u011flar.<\/p>\n<p data-start=\"965\" data-end=\"1187\">Geleneksel Czochralski (CZ) b\u00fcy\u00fcme sistemleriyle kar\u015f\u0131la\u015ft\u0131r\u0131ld\u0131\u011f\u0131nda, KY y\u00f6ntemi i\u00e7 gerilimi ve dislokasyon yo\u011funlu\u011funu \u00f6nemli \u00f6l\u00e7\u00fcde azaltarak b\u00fcy\u00fck \u00e7apl\u0131 ve kal\u0131n safir kristal \u00fcretimi i\u00e7in daha uygun hale getirir.<\/p>\n<h2 data-start=\"1194\" data-end=\"1229\">Kyropoulos B\u00fcy\u00fcme Teknolojisi<\/h2>\n<p data-start=\"1231\" data-end=\"1402\">Kyropoulos y\u00f6ntemi, safir kristallerinin minimum mekanik \u00e7ekme ile eriyik i\u00e7inde yava\u015f\u00e7a b\u00fcy\u00fcmesini sa\u011flar. Kristal b\u00fcy\u00fck \u00f6l\u00e7\u00fcde kald\u0131rma kuvveti taraf\u0131ndan desteklenmeye devam eder:<\/p>\n<ul data-start=\"1404\" data-end=\"1504\">\n<li data-start=\"1404\" data-end=\"1431\">\n<p data-start=\"1406\" data-end=\"1431\">Daha d\u00fc\u015f\u00fck termal gradyanlar<\/p>\n<\/li>\n<li data-start=\"1432\" data-end=\"1461\">\n<p data-start=\"1434\" data-end=\"1461\">Azalt\u0131lm\u0131\u015f mekanik stres<\/p>\n<\/li>\n<li data-start=\"1462\" data-end=\"1504\">\n<p data-start=\"1464\" data-end=\"1504\">Geli\u015ftirilmi\u015f kristal yap\u0131sal homojenlik<\/p>\n<\/li>\n<\/ul>\n<p data-start=\"1506\" data-end=\"1646\">Bu b\u00fcy\u00fcme yakla\u015f\u0131m\u0131 \u00f6zellikle kararl\u0131 optik ve mekanik \u00f6zelliklere sahip b\u00fcy\u00fck, kal\u0131n safir bouleler \u00fcretmek i\u00e7in etkilidir.<\/p>\n<h2 data-start=\"1653\" data-end=\"1685\">Kristal B\u00fcy\u00fctme Yetene\u011fi<\/h2>\n<ul data-start=\"1687\" data-end=\"1836\">\n<li data-start=\"1687\" data-end=\"1724\">\n<p data-start=\"1689\" data-end=\"1724\">Kristal a\u011f\u0131rl\u0131k aral\u0131\u011f\u0131: 80-400 kg<\/p>\n<\/li>\n<li data-start=\"1725\" data-end=\"1758\">\n<p data-start=\"1727\" data-end=\"1758\">Kristal \u00e7ap\u0131: 10-500 mm<\/p>\n<\/li>\n<li data-start=\"1759\" data-end=\"1793\">\n<p data-start=\"1761\" data-end=\"1793\">Kristal kal\u0131nl\u0131\u011f\u0131: 50-300 mm<\/p>\n<\/li>\n<li data-start=\"1794\" data-end=\"1836\">\n<p data-start=\"1796\" data-end=\"1836\">B\u00fcy\u00fcme h\u0131z\u0131: 0,1-5 mm\/saat (ayarlanabilir)<\/p>\n<\/li>\n<\/ul>\n<p data-start=\"1838\" data-end=\"1968\">F\u0131r\u0131n konfig\u00fcrasyonu, belirli kristal boyutu hedeflerine ve a\u015fa\u011f\u0131 ak\u0131\u015f yonga plakas\u0131 veya bile\u015fen gereksinimlerine uyacak \u015fekilde \u00f6zelle\u015ftirilebilir.<\/p>\n<h2 data-start=\"1975\" data-end=\"2006\">Temel Teknik Avantajlar<\/h2>\n<h3 data-start=\"2008\" data-end=\"2044\">Kararl\u0131 Termal Alan Kontrol\u00fc<\/h3>\n<p data-start=\"2045\" data-end=\"2272\"><img decoding=\"async\" class=\"size-medium wp-image-1756 alignleft\" src=\"https:\/\/www.zmsh-semitech.com\/wp-content\/uploads\/2026\/01\/pl203679971-sapphire_crystal_growth_furnace_80_400kg_by_the_kyropoulos_method_ky4-300x300.jpg\" alt=\"\" width=\"300\" height=\"300\" srcset=\"https:\/\/www.zmsh-semitech.com\/wp-content\/uploads\/2026\/01\/pl203679971-sapphire_crystal_growth_furnace_80_400kg_by_the_kyropoulos_method_ky4-300x300.jpg 300w, https:\/\/www.zmsh-semitech.com\/wp-content\/uploads\/2026\/01\/pl203679971-sapphire_crystal_growth_furnace_80_400kg_by_the_kyropoulos_method_ky4-150x150.jpg 150w, https:\/\/www.zmsh-semitech.com\/wp-content\/uploads\/2026\/01\/pl203679971-sapphire_crystal_growth_furnace_80_400kg_by_the_kyropoulos_method_ky4-100x100.jpg 100w, https:\/\/www.zmsh-semitech.com\/wp-content\/uploads\/2026\/01\/pl203679971-sapphire_crystal_growth_furnace_80_400kg_by_the_kyropoulos_method_ky4.jpg 540w\" sizes=\"(max-width: 300px) 100vw, 300px\" \/>F\u0131r\u0131n, y\u00fcksek hassasiyetli s\u0131cakl\u0131k d\u00fczenlemesine sahip iyi dengelenmi\u015f bir termal alan tasar\u0131m\u0131 kullan\u0131r. B\u00fcy\u00fcme b\u00f6lgesi i\u00e7indeki s\u0131cakl\u0131k stabilitesi, termal stresi bast\u0131rmaya, \u00e7atlama riskini en aza indirmeye ve kristal verimini art\u0131rmaya yard\u0131mc\u0131 olur.<\/p>\n<h3 data-start=\"2274\" data-end=\"2312\">Y\u00fcksek Safl\u0131kta B\u00fcy\u00fcme Ortam\u0131<\/h3>\n<p data-start=\"2313\" data-end=\"2505\">Ultra y\u00fcksek vakum (\u22641\u00d710-\u2076 Pa) ve kontroll\u00fc argon \/ hidrojen gaz\u0131 atmosferi alt\u0131nda \u00e7al\u0131\u015fma, uzun b\u00fcy\u00fcme d\u00f6ng\u00fcleri boyunca d\u00fc\u015f\u00fck kirlilik seviyeleri ve kararl\u0131 eriyik ko\u015fullar\u0131 sa\u011flar.<\/p>\n<h3 data-start=\"2507\" data-end=\"2549\">Temass\u0131z Kristal B\u00fcy\u00fctme S\u00fcreci<\/h3>\n<p data-start=\"2550\" data-end=\"2700\">KY y\u00f6ntemi, tohum kristali ile \u00e7ekme sistemi aras\u0131ndaki mekanik etkile\u015fimi en aza indirerek kontaminasyon ve yap\u0131sal kusur riskini azalt\u0131r.<\/p>\n<h3 data-start=\"2702\" data-end=\"2736\">\u00d6l\u00e7eklenebilir End\u00fcstriyel Tasar\u0131m<\/h3>\n<p data-start=\"2737\" data-end=\"2900\">Sistem hem orta \u00f6l\u00e7ekli hem de b\u00fcy\u00fck \u00f6l\u00e7ekli safir kristal b\u00fcy\u00fcmesini destekler ve mod\u00fcler f\u0131r\u0131n konfig\u00fcrasyonu sayesinde farkl\u0131 kristal boyutlar\u0131na uyarlanabilir.<\/p>\n<h2 data-start=\"2907\" data-end=\"2934\">Tipik Uygulamalar<\/h2>\n<ul data-start=\"2936\" data-end=\"3162\">\n<li data-start=\"2936\" data-end=\"2988\">\n<p data-start=\"2938\" data-end=\"2988\">Yar\u0131 iletken i\u015fleme i\u00e7in safir substratlar<\/p>\n<\/li>\n<li data-start=\"2989\" data-end=\"3029\">\n<p data-start=\"2991\" data-end=\"3029\">Optik pencereler ve lazer bile\u015fenleri<\/p>\n<\/li>\n<li data-start=\"3030\" data-end=\"3066\">\n<p data-start=\"3032\" data-end=\"3066\">LED ve optoelektronik malzemeler<\/p>\n<\/li>\n<li data-start=\"3067\" data-end=\"3116\">\n<p data-start=\"3069\" data-end=\"3116\">K\u0131z\u0131l\u00f6tesi ve y\u00fcksek s\u0131cakl\u0131k optik sistemleri<\/p>\n<\/li>\n<li data-start=\"3117\" data-end=\"3162\">\n<p data-start=\"3119\" data-end=\"3162\">Zorlu ortamlar i\u00e7in koruyucu pencereler<\/p>\n<\/li>\n<\/ul>\n<h2 data-start=\"3169\" data-end=\"3200\">Teknik \u00d6zellikler<\/h2>\n<h3 data-start=\"3202\" data-end=\"3236\">Genel F\u0131r\u0131n Parametreleri<\/h3>\n<div class=\"TyagGW_tableContainer\">\n<div class=\"group TyagGW_tableWrapper flex flex-col-reverse w-fit\" tabindex=\"-1\">\n<table class=\"w-fit min-w-(--thread-content-width)\" data-start=\"3238\" data-end=\"3788\">\n<thead data-start=\"3238\" data-end=\"3262\">\n<tr data-start=\"3238\" data-end=\"3262\">\n<th data-start=\"3238\" data-end=\"3245\" data-col-size=\"sm\">\u00d6\u011fe<\/th>\n<th data-start=\"3245\" data-end=\"3262\" data-col-size=\"sm\">\u015eartname<\/th>\n<\/tr>\n<\/thead>\n<tbody data-start=\"3288\" data-end=\"3788\">\n<tr data-start=\"3288\" data-end=\"3323\">\n<td data-start=\"3288\" data-end=\"3304\" data-col-size=\"sm\">B\u00fcy\u00fcme Y\u00f6ntemi<\/td>\n<td data-start=\"3304\" data-end=\"3323\" data-col-size=\"sm\">Kyropoulos (KY)<\/td>\n<\/tr>\n<tr data-start=\"3324\" data-end=\"3360\">\n<td data-start=\"3324\" data-end=\"3347\" data-col-size=\"sm\">Kristal A\u011f\u0131rl\u0131k Aral\u0131\u011f\u0131<\/td>\n<td data-start=\"3347\" data-end=\"3360\" data-col-size=\"sm\">80-400 kg<\/td>\n<\/tr>\n<tr data-start=\"3361\" data-end=\"3399\">\n<td data-start=\"3361\" data-end=\"3386\" data-col-size=\"sm\">Kristal \u00c7ap Aral\u0131\u011f\u0131<\/td>\n<td data-start=\"3386\" data-end=\"3399\" data-col-size=\"sm\">10-500 mm<\/td>\n<\/tr>\n<tr data-start=\"3400\" data-end=\"3439\">\n<td data-start=\"3400\" data-end=\"3426\" data-col-size=\"sm\">Kristal Kal\u0131nl\u0131\u011f\u0131 Aral\u0131\u011f\u0131<\/td>\n<td data-start=\"3426\" data-end=\"3439\" data-col-size=\"sm\">50-300 mm<\/td>\n<\/tr>\n<tr data-start=\"3440\" data-end=\"3468\">\n<td data-start=\"3440\" data-end=\"3454\" data-col-size=\"sm\">B\u00fcy\u00fcme Oran\u0131<\/td>\n<td data-start=\"3454\" data-end=\"3468\" data-col-size=\"sm\">0,1-5 mm\/saat<\/td>\n<\/tr>\n<tr data-start=\"3469\" data-end=\"3512\">\n<td data-start=\"3469\" data-end=\"3497\" data-col-size=\"sm\">Is\u0131tma S\u0131cakl\u0131k Aral\u0131\u011f\u0131<\/td>\n<td data-start=\"3497\" data-end=\"3512\" data-col-size=\"sm\">2000-2200\u00b0C<\/td>\n<\/tr>\n<tr data-start=\"3513\" data-end=\"3569\">\n<td data-start=\"3513\" data-end=\"3530\" data-col-size=\"sm\">Is\u0131tma Sistemi<\/td>\n<td data-start=\"3530\" data-end=\"3569\" data-col-size=\"sm\">Y\u00fcksek s\u0131cakl\u0131k diren\u00e7li \u0131s\u0131tma<\/td>\n<\/tr>\n<tr data-start=\"3570\" data-end=\"3605\">\n<td data-start=\"3570\" data-end=\"3586\" data-col-size=\"sm\">Pota Tipi<\/td>\n<td data-start=\"3586\" data-end=\"3605\" data-col-size=\"sm\">Kuvars pota<\/td>\n<\/tr>\n<tr data-start=\"3606\" data-end=\"3651\">\n<td data-start=\"3606\" data-end=\"3623\" data-col-size=\"sm\">Gaz Atmosferi<\/td>\n<td data-start=\"3623\" data-end=\"3651\" data-col-size=\"sm\">Argon \/ Hidrojen kar\u0131\u015f\u0131m\u0131<\/td>\n<\/tr>\n<tr data-start=\"3652\" data-end=\"3683\">\n<td data-start=\"3652\" data-end=\"3667\" data-col-size=\"sm\">Vakum Seviyesi<\/td>\n<td data-start=\"3667\" data-end=\"3683\" data-col-size=\"sm\">\u22641 \u00d7 10-\u2076 Pa<\/td>\n<\/tr>\n<tr data-start=\"3684\" data-end=\"3737\">\n<td data-start=\"3684\" data-end=\"3705\" data-col-size=\"sm\">F\u0131r\u0131n \u00d6l\u00e7\u00fcleri<\/td>\n<td data-start=\"3705\" data-end=\"3737\" data-col-size=\"sm\">Yakla\u015f\u0131k 1200 \u00d7 800 \u00d7 1500 mm<\/td>\n<\/tr>\n<tr data-start=\"3738\" data-end=\"3788\">\n<td data-start=\"3738\" data-end=\"3753\" data-col-size=\"sm\">G\u00fc\u00e7 Kayna\u011f\u0131<\/td>\n<td data-start=\"3753\" data-end=\"3788\" data-col-size=\"sm\">End\u00fcstriyel y\u00fcksek g\u00fc\u00e7l\u00fc AC sistemi<\/td>\n<\/tr>\n<\/tbody>\n<\/table>\n<\/div>\n<\/div>\n<h2 data-start=\"3795\" data-end=\"3842\">Kristal Kalitesi ve Malzeme Performans\u0131<\/h2>\n<p data-start=\"3844\" data-end=\"3906\">ZMSH KY f\u0131r\u0131n\u0131 kullan\u0131larak b\u00fcy\u00fct\u00fclen safir kristaller sergiler:<\/p>\n<ul data-start=\"3908\" data-end=\"4080\">\n<li data-start=\"3908\" data-end=\"3966\">\n<p data-start=\"3910\" data-end=\"3966\">Geni\u015f bir spektral aral\u0131kta y\u00fcksek optik \u015feffafl\u0131k<\/p>\n<\/li>\n<li data-start=\"3967\" data-end=\"4024\">\n<p data-start=\"3969\" data-end=\"4024\">D\u00fc\u015f\u00fck dislokasyon yo\u011funlu\u011fu ve homojen kristal yap\u0131<\/p>\n<\/li>\n<li data-start=\"4025\" data-end=\"4080\">\n<p data-start=\"4027\" data-end=\"4080\">M\u00fckemmel termal stabilite ve mekanik dayan\u0131m<\/p>\n<\/li>\n<\/ul>\n<p data-start=\"4082\" data-end=\"4215\">Bu \u00f6zellikler, kristalleri uzun vadeli g\u00fcvenilirlik gerektiren y\u00fcksek performansl\u0131 optik ve elektronik uygulamalar i\u00e7in uygun hale getirir.<\/p>\n<h2 data-start=\"4222\" data-end=\"4251\">End\u00fcstriyel G\u00fcvenilirlik<\/h2>\n<p data-start=\"4253\" data-end=\"4502\">F\u0131r\u0131n, uzun s\u00fcreli b\u00fcy\u00fcme d\u00f6ng\u00fcleri ve s\u00fcrekli end\u00fcstriyel \u00e7al\u0131\u015fma i\u00e7in tasarlanm\u0131\u015ft\u0131r. Sa\u011flam mekanik yap\u0131, istikrarl\u0131 kontrol sistemleri ve g\u00fcvenilir vakum ve gaz kullan\u0131m\u0131, birden fazla \u00fcretim \u00e7al\u0131\u015fmas\u0131nda tutarl\u0131 performans sa\u011flar.<\/p>\n<h2 data-start=\"4509\" data-end=\"4541\">ZMSH M\u00fchendislik Hizmetleri<\/h2>\n<p data-start=\"4543\" data-end=\"4600\">ZMSH, a\u015fa\u011f\u0131dakiler de dahil olmak \u00fczere kapsaml\u0131 teknik destek sa\u011flar:<\/p>\n<ul data-start=\"4602\" data-end=\"4820\">\n<li data-start=\"4602\" data-end=\"4684\">\n<p data-start=\"4604\" data-end=\"4684\">Kristal boyutu ve \u00fcretim kapasitesine g\u00f6re \u00f6zelle\u015ftirilmi\u015f f\u0131r\u0131n konfig\u00fcrasyonu<\/p>\n<\/li>\n<li data-start=\"4685\" data-end=\"4727\">\n<p data-start=\"4687\" data-end=\"4727\">Yerinde kurulum ve devreye alma<\/p>\n<\/li>\n<li data-start=\"4728\" data-end=\"4770\">\n<p data-start=\"4730\" data-end=\"4770\">Operat\u00f6r e\u011fitimi ve s\u00fcre\u00e7 rehberli\u011fi<\/p>\n<\/li>\n<li data-start=\"4771\" data-end=\"4820\">\n<p data-start=\"4773\" data-end=\"4820\">Uzun s\u00fcreli bak\u0131m ve sat\u0131\u015f sonras\u0131 servis<\/p>\n<\/li>\n<\/ul>\n<p data-start=\"4822\" data-end=\"4963\">M\u00fchendislik ekibimiz, safir b\u00fcy\u00fctme s\u00fcre\u00e7lerini optimize etmek ve istikrarl\u0131, tekrarlanabilir \u00fcretim performans\u0131 sa\u011flamak i\u00e7in m\u00fc\u015fterilerle yak\u0131n bir \u015fekilde \u00e7al\u0131\u015fmaktad\u0131r.<\/p>\n<h2 data-start=\"4970\" data-end=\"4980\">SSS<img decoding=\"async\" class=\"size-medium wp-image-1755 alignright\" src=\"https:\/\/www.zmsh-semitech.com\/wp-content\/uploads\/2026\/01\/pl203679970-sapphire_crystal_growth_furnace_80_400kg_by_the_kyropoulos_method_ky-300x300.jpg\" alt=\"\" width=\"300\" height=\"300\" srcset=\"https:\/\/www.zmsh-semitech.com\/wp-content\/uploads\/2026\/01\/pl203679970-sapphire_crystal_growth_furnace_80_400kg_by_the_kyropoulos_method_ky-300x300.jpg 300w, https:\/\/www.zmsh-semitech.com\/wp-content\/uploads\/2026\/01\/pl203679970-sapphire_crystal_growth_furnace_80_400kg_by_the_kyropoulos_method_ky-150x150.jpg 150w, https:\/\/www.zmsh-semitech.com\/wp-content\/uploads\/2026\/01\/pl203679970-sapphire_crystal_growth_furnace_80_400kg_by_the_kyropoulos_method_ky-100x100.jpg 100w, https:\/\/www.zmsh-semitech.com\/wp-content\/uploads\/2026\/01\/pl203679970-sapphire_crystal_growth_furnace_80_400kg_by_the_kyropoulos_method_ky.jpg 540w\" sizes=\"(max-width: 300px) 100vw, 300px\" \/><\/h2>\n<p data-start=\"4982\" data-end=\"5259\">S1: KY y\u00f6ntemi CZ y\u00f6ntemine k\u0131yasla ne gibi avantajlar sunuyor?<br data-start=\"5059\" data-end=\"5062\" \/>C: KY y\u00f6ntemi daha d\u00fc\u015f\u00fck termal gerilim ve daha az dislokasyon yo\u011funlu\u011fu \u00fcretir, bu da onu geleneksel CZ i\u015flemlerine k\u0131yasla b\u00fcy\u00fck \u00e7apl\u0131 ve kal\u0131n safir kristal b\u00fcy\u00fcmesi i\u00e7in daha uygun hale getirir.<\/p>\n<p data-start=\"5266\" data-end=\"5487\">S2: Bu f\u0131r\u0131n ile hangi kristal boyutlar\u0131 \u00fcretilebilir?<br data-start=\"5327\" data-end=\"5330\" \/>C: Sistem, konfig\u00fcrasyona ba\u011fl\u0131 olarak 80 kg'dan 400 kg'a kadar, 500 mm'ye kadar \u00e7aplarda ve 300 mm'ye kadar kal\u0131nl\u0131klarda safir kristal b\u00fcy\u00fcmesini destekler.<\/p>\n<p data-start=\"5494\" data-end=\"5746\">S3: F\u0131r\u0131n end\u00fcstriyel \u00f6l\u00e7ekte safir \u00fcretimi i\u00e7in uygun mu?<br data-start=\"5567\" data-end=\"5570\" \/>C: Evet. F\u0131r\u0131n, istikrarl\u0131 termal kontrol, g\u00fcvenilir vakum ve gaz sistemleri ve uzun b\u00fcy\u00fcme d\u00f6ng\u00fcleri boyunca tutarl\u0131 kristal kalitesi ile end\u00fcstriyel \u00e7al\u0131\u015fma i\u00e7in tasarlanm\u0131\u015ft\u0131r.<\/p>","protected":false},"excerpt":{"rendered":"<p>Safir Kristal B\u00fcy\u00fctme F\u0131r\u0131n\u0131, optik ve LED s\u0131n\u0131f\u0131 safir kristaller i\u00e7in kararl\u0131 termal kontrol ile b\u00fcy\u00fck \u00e7apl\u0131 boule \u00fcretimi i\u00e7in tasarlanm\u0131\u015ft\u0131r.<\/p>","protected":false},"featured_media":1754,"comment_status":"open","ping_status":"closed","template":"","meta":{"site-sidebar-layout":"default","site-content-layout":"","ast-site-content-layout":"default","site-content-style":"default","site-sidebar-style":"default","ast-global-header-display":"","ast-banner-title-visibility":"","ast-main-header-display":"","ast-hfb-above-header-display":"","ast-hfb-below-header-display":"","ast-hfb-mobile-header-display":"","site-post-title":"","ast-breadcrumbs-content":"","ast-featured-img":"","footer-sml-layout":"","ast-disable-related-posts":"","theme-transparent-header-meta":"default","adv-header-id-meta":"","stick-header-meta":"default","header-above-stick-meta":"","header-main-stick-meta":"","header-below-stick-meta":"","astra-migrate-meta-layouts":"set","ast-page-background-enabled":"default","ast-page-background-meta":{"desktop":{"background-color":"var(--ast-global-color-4)","background-image":"","background-repeat":"repeat","background-position":"center center","background-size":"auto","background-attachment":"scroll","background-type":"","background-media":"","overlay-type":"","overlay-color":"","overlay-opacity":"","overlay-gradient":""},"tablet":{"background-color":"","background-image":"","background-repeat":"repeat","background-position":"center center","background-size":"auto","background-attachment":"scroll","background-type":"","background-media":"","overlay-type":"","overlay-color":"","overlay-opacity":"","overlay-gradient":""},"mobile":{"background-color":"","background-image":"","background-repeat":"repeat","background-position":"center center","background-size":"auto","background-attachment":"scroll","background-type":"","background-media":"","overlay-type":"","overlay-color":"","overlay-opacity":"","overlay-gradient":""}},"ast-content-background-meta":{"desktop":{"background-color":"var(--ast-global-color-5)","background-image":"","background-repeat":"repeat","background-position":"center center","background-size":"auto","background-attachment":"scroll","background-type":"","background-media":"","overlay-type":"","overlay-color":"","overlay-opacity":"","overlay-gradient":""},"tablet":{"background-color":"var(--ast-global-color-5)","background-image":"","background-repeat":"repeat","background-position":"center center","background-size":"auto","background-attachment":"scroll","background-type":"","background-media":"","overlay-type":"","overlay-color":"","overlay-opacity":"","overlay-gradient":""},"mobile":{"background-color":"var(--ast-global-color-5)","background-image":"","background-repeat":"repeat","background-position":"center center","background-size":"auto","background-attachment":"scroll","background-type":"","background-media":"","overlay-type":"","overlay-color":"","overlay-opacity":"","overlay-gradient":""}}},"product_brand":[],"product_cat":[15],"product_tag":[149,150,152,154,153,151],"class_list":{"0":"post-1753","1":"product","2":"type-product","3":"status-publish","4":"has-post-thumbnail","6":"product_cat-crystal-growth-furnace","7":"product_tag-ky-sapphire-growth-furnace","8":"product_tag-kyropoulos-sapphire-furnace","9":"product_tag-large-diameter-sapphire-crystal-furnace","10":"product_tag-optical-grade-sapphire-growth","11":"product_tag-sapphire-boule-growth-furnace","12":"product_tag-sapphire-crystal-growth-equipment","13":"desktop-align-left","14":"tablet-align-left","15":"mobile-align-left","16":"ast-product-gallery-layout-horizontal-slider","17":"ast-product-tabs-layout-horizontal","19":"first","20":"instock","21":"shipping-taxable","22":"product-type-simple"},"_links":{"self":[{"href":"https:\/\/www.zmsh-semitech.com\/tr\/wp-json\/wp\/v2\/product\/1753","targetHints":{"allow":["GET"]}}],"collection":[{"href":"https:\/\/www.zmsh-semitech.com\/tr\/wp-json\/wp\/v2\/product"}],"about":[{"href":"https:\/\/www.zmsh-semitech.com\/tr\/wp-json\/wp\/v2\/types\/product"}],"replies":[{"embeddable":true,"href":"https:\/\/www.zmsh-semitech.com\/tr\/wp-json\/wp\/v2\/comments?post=1753"}],"version-history":[{"count":2,"href":"https:\/\/www.zmsh-semitech.com\/tr\/wp-json\/wp\/v2\/product\/1753\/revisions"}],"predecessor-version":[{"id":1759,"href":"https:\/\/www.zmsh-semitech.com\/tr\/wp-json\/wp\/v2\/product\/1753\/revisions\/1759"}],"wp:featuredmedia":[{"embeddable":true,"href":"https:\/\/www.zmsh-semitech.com\/tr\/wp-json\/wp\/v2\/media\/1754"}],"wp:attachment":[{"href":"https:\/\/www.zmsh-semitech.com\/tr\/wp-json\/wp\/v2\/media?parent=1753"}],"wp:term":[{"taxonomy":"product_brand","embeddable":true,"href":"https:\/\/www.zmsh-semitech.com\/tr\/wp-json\/wp\/v2\/product_brand?post=1753"},{"taxonomy":"product_cat","embeddable":true,"href":"https:\/\/www.zmsh-semitech.com\/tr\/wp-json\/wp\/v2\/product_cat?post=1753"},{"taxonomy":"product_tag","embeddable":true,"href":"https:\/\/www.zmsh-semitech.com\/tr\/wp-json\/wp\/v2\/product_tag?post=1753"}],"curies":[{"name":"wp","href":"https:\/\/api.w.org\/{rel}","templated":true}]}}