{"id":1737,"date":"2026-01-23T01:45:47","date_gmt":"2026-01-23T01:45:47","guid":{"rendered":"https:\/\/www.zmsh-semitech.com\/?post_type=product&#038;p=1737"},"modified":"2026-01-23T01:47:36","modified_gmt":"2026-01-23T01:47:36","slug":"sic-single-crystal-resistance-heating-growth-furnace-for-6-inch-8-inch-and-12-inch-wafer-production-pvt-method","status":"publish","type":"product","link":"https:\/\/www.zmsh-semitech.com\/tr\/product\/sic-single-crystal-resistance-heating-growth-furnace-for-6-inch-8-inch-and-12-inch-wafer-production-pvt-method\/","title":{"rendered":"6-\u0130n\u00e7, 8-\u0130n\u00e7 ve 12-\u0130n\u00e7 Wafer \u00dcretimi i\u00e7in SiC Tek Kristal Diren\u00e7li Is\u0131tma B\u00fcy\u00fctme F\u0131r\u0131n\u0131 (PVT Y\u00f6ntemi)"},"content":{"rendered":"<h2 data-start=\"477\" data-end=\"500\">\u00dcr\u00fcne Genel Bak\u0131\u015f<\/h2>\n<p>&nbsp;<\/p>\n<p data-start=\"502\" data-end=\"769\">ZMSH SiC Tek Kristal Diren\u00e7li Is\u0131tma B\u00fcy\u00fctme F\u0131r\u0131n\u0131, 6 in\u00e7, 8 in\u00e7 ve 12 in\u00e7 SiC gofret \u00fcretimini destekleyen, b\u00fcy\u00fck \u00e7apl\u0131 silisyum karb\u00fcr tek kristal \u00fcretimi i\u00e7in \u00f6zel olarak tasarlanm\u0131\u015f y\u00fcksek s\u0131cakl\u0131kl\u0131 bir kristal b\u00fcy\u00fctme sistemidir.<\/p>\n<p><img fetchpriority=\"high\" decoding=\"async\" class=\"size-medium wp-image-1741 alignright\" src=\"https:\/\/www.zmsh-semitech.com\/wp-content\/uploads\/2026\/01\/pl204262693-sic_single_crystal_resistance_heating_crystal_growth_furnace_for_6inch_8inch_12inch_sic_wafers_manufacture-300x199.webp\" alt=\"\" width=\"300\" height=\"199\" srcset=\"https:\/\/www.zmsh-semitech.com\/wp-content\/uploads\/2026\/01\/pl204262693-sic_single_crystal_resistance_heating_crystal_growth_furnace_for_6inch_8inch_12inch_sic_wafers_manufacture-300x199.webp 300w, https:\/\/www.zmsh-semitech.com\/wp-content\/uploads\/2026\/01\/pl204262693-sic_single_crystal_resistance_heating_crystal_growth_furnace_for_6inch_8inch_12inch_sic_wafers_manufacture.webp 590w\" sizes=\"(max-width: 300px) 100vw, 300px\" \/><\/p>\n<p data-start=\"502\" data-end=\"769\">tur.<\/p>\n<p data-start=\"771\" data-end=\"1198\">F\u0131r\u0131n, hassas diren\u00e7li \u0131s\u0131tma kontrol\u00fc, kararl\u0131 termal alan da\u011f\u0131l\u0131m\u0131, y\u00fcksek vakumlu ortam y\u00f6netimi ve do\u011fru bas\u0131n\u00e7 d\u00fczenlemesini entegre eden Fiziksel Buhar Ta\u015f\u0131n\u0131m\u0131 (PVT) kristal b\u00fcy\u00fctme prensibine g\u00f6re tasarlanm\u0131\u015ft\u0131r.<br data-start=\"1021\" data-end=\"1024\" \/>Bu yap\u0131land\u0131rma, geli\u015fmi\u015f g\u00fc\u00e7 yar\u0131 iletken ve elektronik cihaz uygulamalar\u0131 i\u00e7in uygun y\u00fcksek safl\u0131kta, d\u00fc\u015f\u00fck kusur yo\u011funluklu SiC tek kristallerinin b\u00fcy\u00fct\u00fclmesini sa\u011flar.<\/p>\n<p data-start=\"1200\" data-end=\"1400\">Sistem, b\u00fcy\u00fck \u00f6l\u00e7ekli SiC kristal b\u00fcy\u00fctme ortamlar\u0131nda proses kararl\u0131l\u0131\u011f\u0131, tekrarlanabilirlik ve uzun vadeli operasyonel g\u00fcvenilirlik sa\u011flayarak end\u00fcstriyel \u00fcretim gereksinimlerini kar\u015f\u0131lamak \u00fczere geli\u015ftirilmi\u015ftir.<\/p>\n<p data-start=\"1200\" data-end=\"1400\">\n<h2 data-start=\"1407\" data-end=\"1441\">Temel Teknik Yetenekler<\/h2>\n<p>&nbsp;<\/p>\n<h3 data-start=\"1443\" data-end=\"1491\">Y\u00fcksek Kararl\u0131l\u0131kta Rezistansl\u0131 Is\u0131tma Sistemi<\/h3>\n<p data-start=\"1492\" data-end=\"1742\">F\u0131r\u0131n, e\u015fit eksenel ve radyal s\u0131cakl\u0131k da\u011f\u0131l\u0131m\u0131 elde etmek i\u00e7in \u00e7ok b\u00f6lgeli bir diren\u00e7li \u0131s\u0131tma yap\u0131s\u0131na sahiptir. Bu, termal gradyanlar\u0131 en aza indirir, i\u00e7 gerilimi azalt\u0131r ve b\u00fcy\u00fcme i\u015flemi s\u0131ras\u0131nda kristal yap\u0131sal b\u00fct\u00fcnl\u00fc\u011f\u00fcn\u00fc geli\u015ftirir.<\/p>\n<h3 data-start=\"1744\" data-end=\"1790\">Hassas Is\u0131 ve Bas\u0131n\u00e7 Kontrol\u00fc<\/h3>\n<ul data-start=\"1791\" data-end=\"1929\">\n<li data-start=\"1791\" data-end=\"1839\">\n<p data-start=\"1793\" data-end=\"1839\">2500\u00b0C'ye kadar maksimum \u00e7al\u0131\u015fma s\u0131cakl\u0131\u011f\u0131<\/p>\n<\/li>\n<li data-start=\"1840\" data-end=\"1880\">\n<p data-start=\"1842\" data-end=\"1880\">S\u0131cakl\u0131k kontrol hassasiyeti: \u00b11\u00b0C<\/p>\n<\/li>\n<li data-start=\"1881\" data-end=\"1929\">\n<p data-start=\"1883\" data-end=\"1929\">Geni\u015f bas\u0131n\u00e7 d\u00fczenleme aral\u0131\u011f\u0131: 1-700 mbar<\/p>\n<\/li>\n<\/ul>\n<p data-start=\"1931\" data-end=\"2090\">Bu parametreler, SiC b\u00fcy\u00fcmesinde kontroll\u00fc s\u00fcblimasyon, buhar ta\u015f\u0131n\u0131m\u0131 ve kristal yeniden kristalle\u015fmesi i\u00e7in gerekli olan kararl\u0131 bir termodinamik ortam sa\u011flar.<\/p>\n<h3 data-start=\"2092\" data-end=\"2138\">B\u00fcy\u00fck \u00c7apl\u0131 Kristal B\u00fcy\u00fctme Kapasitesi<\/h3>\n<p data-start=\"2139\" data-end=\"2348\">900 mm pota \u00e7ap\u0131na sahip olan sistem, yeni nesil 8 in\u00e7 ve 12 in\u00e7 SiC k\u00fcl\u00e7elerinin b\u00fcy\u00fcmesini destekleyerek \u00fcreticilerin \u00fcretimi \u00f6l\u00e7eklendirmesini sa\u011flarken verimi ve yonga plakas\u0131 tutarl\u0131l\u0131\u011f\u0131n\u0131 da art\u0131r\u0131yor.<\/p>\n<h3 data-start=\"2350\" data-end=\"2388\">Y\u00fcksek Vakumlu B\u00fcy\u00fcme Ortam\u0131<\/h3>\n<p data-start=\"2389\" data-end=\"2551\">F\u0131r\u0131n, d\u00fc\u015f\u00fck s\u0131z\u0131nt\u0131l\u0131, y\u00fcksek vakumlu bir b\u00fcy\u00fcme odas\u0131 sa\u011flayarak kontaminasyon riskini azalt\u0131r, kristal safl\u0131\u011f\u0131n\u0131 art\u0131r\u0131r ve uzun s\u00fcreli istikrarl\u0131 \u00e7al\u0131\u015fma sa\u011flar.<\/p>\n<h2 data-start=\"2558\" data-end=\"2588\"><\/h2>\n<h2 data-start=\"2558\" data-end=\"2588\">End\u00fcstriyel Uygulamalar<img decoding=\"async\" class=\"size-medium wp-image-1739 alignright\" src=\"https:\/\/www.zmsh-semitech.com\/wp-content\/uploads\/2026\/01\/pl204262670-sic_single_crystal_resistance_heating_crystal_growth_furnace_for_6inch_8inch_12inch_sic_wafers_manufacture-300x300.webp\" alt=\"\" width=\"300\" height=\"300\" srcset=\"https:\/\/www.zmsh-semitech.com\/wp-content\/uploads\/2026\/01\/pl204262670-sic_single_crystal_resistance_heating_crystal_growth_furnace_for_6inch_8inch_12inch_sic_wafers_manufacture-300x300.webp 300w, https:\/\/www.zmsh-semitech.com\/wp-content\/uploads\/2026\/01\/pl204262670-sic_single_crystal_resistance_heating_crystal_growth_furnace_for_6inch_8inch_12inch_sic_wafers_manufacture-150x150.webp 150w, https:\/\/www.zmsh-semitech.com\/wp-content\/uploads\/2026\/01\/pl204262670-sic_single_crystal_resistance_heating_crystal_growth_furnace_for_6inch_8inch_12inch_sic_wafers_manufacture-600x600.webp 600w, https:\/\/www.zmsh-semitech.com\/wp-content\/uploads\/2026\/01\/pl204262670-sic_single_crystal_resistance_heating_crystal_growth_furnace_for_6inch_8inch_12inch_sic_wafers_manufacture-100x100.webp 100w, https:\/\/www.zmsh-semitech.com\/wp-content\/uploads\/2026\/01\/pl204262670-sic_single_crystal_resistance_heating_crystal_growth_furnace_for_6inch_8inch_12inch_sic_wafers_manufacture.webp 607w\" sizes=\"(max-width: 300px) 100vw, 300px\" \/><\/h2>\n<p>&nbsp;<\/p>\n<ul data-start=\"2590\" data-end=\"2828\">\n<li data-start=\"2590\" data-end=\"2624\">\n<p data-start=\"2592\" data-end=\"2624\">G\u00fc\u00e7 yar\u0131 iletken alt tabakalar\u0131<\/p>\n<\/li>\n<li data-start=\"2625\" data-end=\"2659\">\n<p data-start=\"2627\" data-end=\"2659\">Elektrikli ara\u00e7 g\u00fc\u00e7 mod\u00fclleri<\/p>\n<\/li>\n<li data-start=\"2660\" data-end=\"2701\">\n<p data-start=\"2662\" data-end=\"2701\">Y\u00fcksek voltajl\u0131 MOSFET ve diyot cihazlar\u0131<\/p>\n<\/li>\n<li data-start=\"2702\" data-end=\"2747\">\n<p data-start=\"2704\" data-end=\"2747\">Yenilenebilir enerji g\u00fc\u00e7 d\u00f6n\u00fc\u015f\u00fcm sistemleri<\/p>\n<\/li>\n<li data-start=\"2748\" data-end=\"2795\">\n<p data-start=\"2750\" data-end=\"2795\">Y\u00fcksek frekansl\u0131 ve RF elektronik bile\u015fenler<\/p>\n<\/li>\n<li data-start=\"2796\" data-end=\"2828\">\n<p data-start=\"2798\" data-end=\"2828\">End\u00fcstriyel g\u00fc\u00e7 elektroni\u011fi<\/p>\n<\/li>\n<\/ul>\n<p>&nbsp;<\/p>\n<h2 data-start=\"2835\" data-end=\"2866\">Teknik \u00d6zellikler<\/h2>\n<p>&nbsp;<\/p>\n<div class=\"TyagGW_tableContainer\">\n<div class=\"group TyagGW_tableWrapper flex flex-col-reverse w-fit\" tabindex=\"-1\">\n<table class=\"w-fit min-w-(--thread-content-width)\" data-start=\"2868\" data-end=\"3773\">\n<thead data-start=\"2868\" data-end=\"2901\">\n<tr data-start=\"2868\" data-end=\"2901\">\n<th data-start=\"2868\" data-end=\"2874\" data-col-size=\"sm\">Hay\u0131r.<\/th>\n<th data-start=\"2874\" data-end=\"2890\" data-col-size=\"sm\">\u015eartname<\/th>\n<th data-start=\"2890\" data-end=\"2901\" data-col-size=\"md\">Detaylar<\/th>\n<\/tr>\n<\/thead>\n<tbody data-start=\"2936\" data-end=\"3773\">\n<tr data-start=\"2936\" data-end=\"2961\">\n<td data-start=\"2936\" data-end=\"2940\" data-col-size=\"sm\">1<\/td>\n<td data-start=\"2940\" data-end=\"2948\" data-col-size=\"sm\">Model<\/td>\n<td data-start=\"2948\" data-end=\"2961\" data-col-size=\"md\">PVT-RS-40<\/td>\n<\/tr>\n<tr data-start=\"2962\" data-end=\"3024\">\n<td data-start=\"2962\" data-end=\"2966\" data-col-size=\"sm\">2<\/td>\n<td data-start=\"2966\" data-end=\"2999\" data-col-size=\"sm\">F\u0131r\u0131n Boyutlar\u0131 (U \u00d7 G \u00d7 Y)<\/td>\n<td data-start=\"2999\" data-end=\"3024\" data-col-size=\"md\">2500 \u00d7 2400 \u00d7 3456 mm<\/td>\n<\/tr>\n<tr data-start=\"3025\" data-end=\"3059\">\n<td data-start=\"3025\" data-end=\"3029\" data-col-size=\"sm\">3<\/td>\n<td data-start=\"3029\" data-end=\"3049\" data-col-size=\"sm\">Pota \u00c7ap\u0131<\/td>\n<td data-start=\"3049\" data-end=\"3059\" data-col-size=\"md\">900 mm<\/td>\n<\/tr>\n<tr data-start=\"3060\" data-end=\"3127\">\n<td data-start=\"3060\" data-end=\"3064\" data-col-size=\"sm\">4<\/td>\n<td data-start=\"3064\" data-end=\"3091\" data-col-size=\"sm\">Nihai Vakum Bas\u0131nc\u0131<\/td>\n<td data-start=\"3091\" data-end=\"3127\" data-col-size=\"md\">6 \u00d7 10-\u2074 Pa (1,5 saat vakumdan sonra)<\/td>\n<\/tr>\n<tr data-start=\"3128\" data-end=\"3174\">\n<td data-start=\"3128\" data-end=\"3132\" data-col-size=\"sm\">5<\/td>\n<td data-start=\"3132\" data-end=\"3147\" data-col-size=\"sm\">Ka\u00e7ak Oran\u0131<\/td>\n<td data-start=\"3147\" data-end=\"3174\" data-col-size=\"md\">\u22645 Pa \/ 12 saat (f\u0131r\u0131nlama)<\/td>\n<\/tr>\n<tr data-start=\"3175\" data-end=\"3214\">\n<td data-start=\"3175\" data-end=\"3179\" data-col-size=\"sm\">6<\/td>\n<td data-start=\"3179\" data-end=\"3205\" data-col-size=\"sm\">Rotasyon Mili \u00c7ap\u0131<\/td>\n<td data-start=\"3205\" data-end=\"3214\" data-col-size=\"md\">50 mm<\/td>\n<\/tr>\n<tr data-start=\"3215\" data-end=\"3249\">\n<td data-start=\"3215\" data-end=\"3219\" data-col-size=\"sm\">7<\/td>\n<td data-start=\"3219\" data-end=\"3236\" data-col-size=\"sm\">D\u00f6n\u00fc\u015f H\u0131z\u0131<\/td>\n<td data-start=\"3236\" data-end=\"3249\" data-col-size=\"md\">0,5-5 rpm<\/td>\n<\/tr>\n<tr data-start=\"3250\" data-end=\"3302\">\n<td data-start=\"3250\" data-end=\"3254\" data-col-size=\"sm\">8<\/td>\n<td data-start=\"3254\" data-end=\"3271\" data-col-size=\"sm\">Is\u0131tma Y\u00f6ntemi<\/td>\n<td data-start=\"3271\" data-end=\"3302\" data-col-size=\"md\">Elektrikli rezistansl\u0131 \u0131s\u0131tma<\/td>\n<\/tr>\n<tr data-start=\"3303\" data-end=\"3347\">\n<td data-start=\"3303\" data-end=\"3307\" data-col-size=\"sm\">9<\/td>\n<td data-start=\"3307\" data-end=\"3337\" data-col-size=\"sm\">Maksimum F\u0131r\u0131n S\u0131cakl\u0131\u011f\u0131<\/td>\n<td data-start=\"3337\" data-end=\"3347\" data-col-size=\"md\">2500\u00b0C<\/td>\n<\/tr>\n<tr data-start=\"3348\" data-end=\"3389\">\n<td data-start=\"3348\" data-end=\"3352\" data-col-size=\"sm\">10<\/td>\n<td data-start=\"3352\" data-end=\"3368\" data-col-size=\"sm\">Is\u0131tma G\u00fcc\u00fc<\/td>\n<td data-start=\"3368\" data-end=\"3389\" data-col-size=\"md\">40 kW \u00d7 2 + 20 kW<\/td>\n<\/tr>\n<tr data-start=\"3390\" data-end=\"3453\">\n<td data-start=\"3390\" data-end=\"3394\" data-col-size=\"sm\">11<\/td>\n<td data-start=\"3394\" data-end=\"3420\" data-col-size=\"sm\">S\u0131cakl\u0131k \u00d6l\u00e7\u00fcm\u00fc<\/td>\n<td data-start=\"3420\" data-end=\"3453\" data-col-size=\"md\">\u00c7ift renkli k\u0131z\u0131l\u00f6tesi pirometre<\/td>\n<\/tr>\n<tr data-start=\"3454\" data-end=\"3492\">\n<td data-start=\"3454\" data-end=\"3458\" data-col-size=\"sm\">12<\/td>\n<td data-start=\"3458\" data-end=\"3478\" data-col-size=\"sm\">S\u0131cakl\u0131k Aral\u0131\u011f\u0131<\/td>\n<td data-start=\"3478\" data-end=\"3492\" data-col-size=\"md\">900-3000\u00b0C<\/td>\n<\/tr>\n<tr data-start=\"3493\" data-end=\"3528\">\n<td data-start=\"3493\" data-end=\"3497\" data-col-size=\"sm\">13<\/td>\n<td data-start=\"3497\" data-end=\"3520\" data-col-size=\"sm\">S\u0131cakl\u0131k Do\u011frulu\u011fu<\/td>\n<td data-start=\"3520\" data-end=\"3528\" data-col-size=\"md\">\u00b11\u00b0C<\/td>\n<\/tr>\n<tr data-start=\"3529\" data-end=\"3564\">\n<td data-start=\"3529\" data-end=\"3533\" data-col-size=\"sm\">14<\/td>\n<td data-start=\"3533\" data-end=\"3550\" data-col-size=\"sm\">Bas\u0131n\u00e7 Aral\u0131\u011f\u0131<\/td>\n<td data-start=\"3550\" data-end=\"3564\" data-col-size=\"md\">1-700 mbar<\/td>\n<\/tr>\n<tr data-start=\"3565\" data-end=\"3617\">\n<td data-start=\"3565\" data-end=\"3569\" data-col-size=\"sm\">15<\/td>\n<td data-start=\"3569\" data-end=\"3597\" data-col-size=\"sm\">Bas\u0131n\u00e7 Kontrol Do\u011frulu\u011fu<\/td>\n<td data-start=\"3597\" data-end=\"3617\" data-col-size=\"md\">\u00b10,5% tam \u00f6l\u00e7ek<\/td>\n<\/tr>\n<tr data-start=\"3618\" data-end=\"3691\">\n<td data-start=\"3618\" data-end=\"3622\" data-col-size=\"sm\">16<\/td>\n<td data-start=\"3622\" data-end=\"3639\" data-col-size=\"sm\">Operasyon T\u00fcr\u00fc<\/td>\n<td data-start=\"3639\" data-end=\"3691\" data-col-size=\"md\">Alttan y\u00fckleme, manuel veya otomatik g\u00fcvenlik modlar\u0131<\/td>\n<\/tr>\n<tr data-start=\"3692\" data-end=\"3773\">\n<td data-start=\"3692\" data-end=\"3696\" data-col-size=\"sm\">17<\/td>\n<td data-start=\"3696\" data-end=\"3722\" data-col-size=\"sm\">Opsiyonel Konfig\u00fcrasyonlar<\/td>\n<td data-start=\"3722\" data-end=\"3773\" data-col-size=\"md\">\u00c7ok b\u00f6lgeli \u0131s\u0131tma, \u00e7ift s\u0131cakl\u0131k izleme<\/td>\n<\/tr>\n<\/tbody>\n<\/table>\n<\/div>\n<\/div>\n<h2 data-start=\"3780\" data-end=\"3813\"><\/h2>\n<h2 data-start=\"3780\" data-end=\"3813\">Kristal B\u00fcy\u00fcme Performans\u0131<\/h2>\n<p>&nbsp;<\/p>\n<p data-start=\"3815\" data-end=\"3894\">Sistem, y\u00fcksek kaliteli SiC tek kristallerinin \u00fcretilmesini sa\u011flar:<\/p>\n<ul data-start=\"3896\" data-end=\"4036\">\n<li data-start=\"3896\" data-end=\"3923\">\n<p data-start=\"3898\" data-end=\"3923\">D\u00fc\u015f\u00fck dislokasyon yo\u011funlu\u011fu<\/p>\n<\/li>\n<li data-start=\"3924\" data-end=\"3954\">\n<p data-start=\"3926\" data-end=\"3954\">Y\u00fcksek yap\u0131sal homojenlik<\/p>\n<\/li>\n<li data-start=\"3955\" data-end=\"3987\">\n<p data-start=\"3957\" data-end=\"3987\">Kararl\u0131 elektriksel \u00f6zellikler<\/p>\n<\/li>\n<li data-start=\"3988\" data-end=\"4036\">\n<p data-start=\"3990\" data-end=\"4036\">M\u00fckemmel termal ve mekanik performans<\/p>\n<\/li>\n<\/ul>\n<p data-start=\"4038\" data-end=\"4178\">Bu \u00f6zellikler, y\u00fcksek g\u00fc\u00e7, y\u00fcksek voltaj ve y\u00fcksek frekansl\u0131 cihaz \u00fcretiminde kullan\u0131lan yar\u0131 iletken s\u0131n\u0131f\u0131 gofretler i\u00e7in kritik \u00f6neme sahiptir.<\/p>\n<p data-start=\"4038\" data-end=\"4178\">\n<h2 data-start=\"4185\" data-end=\"4217\">ZMSH M\u00fchendislik Hizmetleri<\/h2>\n<p>&nbsp;<\/p>\n<h3 data-start=\"4219\" data-end=\"4254\">\u00d6zel Sistem Yap\u0131land\u0131rmas\u0131<\/h3>\n<p data-start=\"4255\" data-end=\"4405\">F\u0131r\u0131n yap\u0131s\u0131, \u0131s\u0131tma b\u00f6lgeleri, kontrol sistemleri ve hazne boyutlar\u0131, \u00fcretim \u00f6l\u00e7e\u011fine ve gofret boyutu gereksinimlerine g\u00f6re \u00f6zelle\u015ftirilebilir.<\/p>\n<h3 data-start=\"4407\" data-end=\"4445\">Kurulum ve Devreye Alma<\/h3>\n<p data-start=\"4446\" data-end=\"4564\">Yerinde sistem kurulumu, kalibrasyon ve operasyonel do\u011frulama profesyonel m\u00fchendislik ekipleri taraf\u0131ndan sa\u011flanmaktad\u0131r.<\/p>\n<h3 data-start=\"4566\" data-end=\"4592\">Teknik E\u011fitim<\/h3>\n<p data-start=\"4593\" data-end=\"4699\">Operat\u00f6r e\u011fitim programlar\u0131 ekipman kullan\u0131m\u0131, proses kontrol\u00fc, bak\u0131m ve ar\u0131za te\u015fhisini i\u00e7erir.<\/p>\n<h3 data-start=\"4701\" data-end=\"4726\">Uzun Vadeli Destek<\/h3>\n<p data-start=\"4727\" data-end=\"4835\">Ya\u015fam d\u00f6ng\u00fcs\u00fc teknik deste\u011fi, bak\u0131m hizmetleri ve yedek par\u00e7a tedari\u011fi, istikrarl\u0131 uzun vadeli \u00e7al\u0131\u015fma sa\u011flar.<\/p>\n<h2 data-start=\"4842\" data-end=\"4852\"><\/h2>\n<h2 data-start=\"4842\" data-end=\"4852\">SSS<\/h2>\n<p>&nbsp;<\/p>\n<p data-start=\"4854\" data-end=\"5148\">S1: Bu f\u0131r\u0131n hangi kristal b\u00fcy\u00fctme y\u00f6ntemini kullan\u0131yor?<br data-start=\"4911\" data-end=\"4914\" \/>C: F\u0131r\u0131n, y\u00fcksek s\u0131cakl\u0131klarda silisyum karb\u00fcr\u00fcn kontroll\u00fc s\u00fcblimasyonunu ve yeniden kristalle\u015fmesini sa\u011flayan Fiziksel Buhar Ta\u015f\u0131ma (PVT) y\u00f6ntemine dayal\u0131 olarak \u00e7al\u0131\u015f\u0131r ve bu da onu y\u00fcksek kaliteli tek kristal b\u00fcy\u00fcmesi i\u00e7in uygun hale getirir.<\/p>\n<p data-start=\"5150\" data-end=\"5371\">S2: F\u0131r\u0131n hangi wafer boyutlar\u0131n\u0131 destekleyebilir?<br data-start=\"5199\" data-end=\"5202\" \/>C: Sistem 6 in\u00e7, 8 in\u00e7 ve 12 in\u00e7 silisyum karb\u00fcr tek kristal b\u00fcy\u00fctme i\u00e7in tasarlanm\u0131\u015ft\u0131r ve mevcut ve yeni nesil wafer \u00fcretim gereksinimlerini destekler.<\/p>\n<p data-start=\"5373\" data-end=\"5637\">S3: F\u0131r\u0131n end\u00fcstriyel \u00f6l\u00e7ekte \u00fcretim i\u00e7in uygun mu?<br data-start=\"5437\" data-end=\"5440\" \/>C: Evet. Sistem, b\u00fcy\u00fck \u00f6l\u00e7ekli SiC kristal \u00fcretim hatlar\u0131 i\u00e7in y\u00fcksek termal stabilite, proses tekrarlanabilirli\u011fi ve uzun vadeli g\u00fcvenilirlik sunarak s\u00fcrekli end\u00fcstriyel \u00e7al\u0131\u015fma i\u00e7in tasarlanm\u0131\u015ft\u0131r.<\/p>","protected":false},"excerpt":{"rendered":"<p>6-in\u00e7, 8-in\u00e7 ve 12-in\u00e7 gofret \u00fcretimi i\u00e7in y\u00fcksek s\u0131cakl\u0131kta SiC tek kristal diren\u00e7li \u0131s\u0131tma b\u00fcy\u00fctme f\u0131r\u0131n\u0131. Kararl\u0131 PVT kristal b\u00fcy\u00fcmesi ve end\u00fcstriyel \u00fcretim i\u00e7in tasarlanm\u0131\u015ft\u0131r.<\/p>","protected":false},"featured_media":1738,"comment_status":"open","ping_status":"closed","template":"","meta":{"site-sidebar-layout":"default","site-content-layout":"","ast-site-content-layout":"default","site-content-style":"default","site-sidebar-style":"default","ast-global-header-display":"","ast-banner-title-visibility":"","ast-main-header-display":"","ast-hfb-above-header-display":"","ast-hfb-below-header-display":"","ast-hfb-mobile-header-display":"","site-post-title":"","ast-breadcrumbs-content":"","ast-featured-img":"","footer-sml-layout":"","ast-disable-related-posts":"","theme-transparent-header-meta":"default","adv-header-id-meta":"","stick-header-meta":"default","header-above-stick-meta":"","header-main-stick-meta":"","header-below-stick-meta":"","astra-migrate-meta-layouts":"set","ast-page-background-enabled":"default","ast-page-background-meta":{"desktop":{"background-color":"var(--ast-global-color-4)","background-image":"","background-repeat":"repeat","background-position":"center center","background-size":"auto","background-attachment":"scroll","background-type":"","background-media":"","overlay-type":"","overlay-color":"","overlay-opacity":"","overlay-gradient":""},"tablet":{"background-color":"","background-image":"","background-repeat":"repeat","background-position":"center center","background-size":"auto","background-attachment":"scroll","background-type":"","background-media":"","overlay-type":"","overlay-color":"","overlay-opacity":"","overlay-gradient":""},"mobile":{"background-color":"","background-image":"","background-repeat":"repeat","background-position":"center center","background-size":"auto","background-attachment":"scroll","background-type":"","background-media":"","overlay-type":"","overlay-color":"","overlay-opacity":"","overlay-gradient":""}},"ast-content-background-meta":{"desktop":{"background-color":"var(--ast-global-color-5)","background-image":"","background-repeat":"repeat","background-position":"center center","background-size":"auto","background-attachment":"scroll","background-type":"","background-media":"","overlay-type":"","overlay-color":"","overlay-opacity":"","overlay-gradient":""},"tablet":{"background-color":"var(--ast-global-color-5)","background-image":"","background-repeat":"repeat","background-position":"center center","background-size":"auto","background-attachment":"scroll","background-type":"","background-media":"","overlay-type":"","overlay-color":"","overlay-opacity":"","overlay-gradient":""},"mobile":{"background-color":"var(--ast-global-color-5)","background-image":"","background-repeat":"repeat","background-position":"center center","background-size":"auto","background-attachment":"scroll","background-type":"","background-media":"","overlay-type":"","overlay-color":"","overlay-opacity":"","overlay-gradient":""}}},"product_brand":[],"product_cat":[15],"product_tag":[141,142,143,139,137,140,138],"class_list":{"0":"post-1737","1":"product","2":"type-product","3":"status-publish","4":"has-post-thumbnail","6":"product_cat-crystal-growth-furnace","7":"product_tag-12-inch-sic-growth-furnace","8":"product_tag-8-inch-sic-crystal-furnace","9":"product_tag-resistance-heating-crystal-growth-furnace","10":"product_tag-sic-pvt-growth-furnace","11":"product_tag-sic-single-crystal-growth-furnace","12":"product_tag-sic-wafer-manufacturing-equipment","13":"product_tag-silicon-carbide-crystal-growth-furnace","14":"desktop-align-left","15":"tablet-align-left","16":"mobile-align-left","17":"ast-product-gallery-layout-horizontal-slider","18":"ast-product-tabs-layout-horizontal","20":"first","21":"instock","22":"shipping-taxable","23":"product-type-simple"},"_links":{"self":[{"href":"https:\/\/www.zmsh-semitech.com\/tr\/wp-json\/wp\/v2\/product\/1737","targetHints":{"allow":["GET"]}}],"collection":[{"href":"https:\/\/www.zmsh-semitech.com\/tr\/wp-json\/wp\/v2\/product"}],"about":[{"href":"https:\/\/www.zmsh-semitech.com\/tr\/wp-json\/wp\/v2\/types\/product"}],"replies":[{"embeddable":true,"href":"https:\/\/www.zmsh-semitech.com\/tr\/wp-json\/wp\/v2\/comments?post=1737"}],"version-history":[{"count":3,"href":"https:\/\/www.zmsh-semitech.com\/tr\/wp-json\/wp\/v2\/product\/1737\/revisions"}],"predecessor-version":[{"id":1744,"href":"https:\/\/www.zmsh-semitech.com\/tr\/wp-json\/wp\/v2\/product\/1737\/revisions\/1744"}],"wp:featuredmedia":[{"embeddable":true,"href":"https:\/\/www.zmsh-semitech.com\/tr\/wp-json\/wp\/v2\/media\/1738"}],"wp:attachment":[{"href":"https:\/\/www.zmsh-semitech.com\/tr\/wp-json\/wp\/v2\/media?parent=1737"}],"wp:term":[{"taxonomy":"product_brand","embeddable":true,"href":"https:\/\/www.zmsh-semitech.com\/tr\/wp-json\/wp\/v2\/product_brand?post=1737"},{"taxonomy":"product_cat","embeddable":true,"href":"https:\/\/www.zmsh-semitech.com\/tr\/wp-json\/wp\/v2\/product_cat?post=1737"},{"taxonomy":"product_tag","embeddable":true,"href":"https:\/\/www.zmsh-semitech.com\/tr\/wp-json\/wp\/v2\/product_tag?post=1737"}],"curies":[{"name":"wp","href":"https:\/\/api.w.org\/{rel}","templated":true}]}}