{"id":1636,"date":"2026-03-17T07:52:18","date_gmt":"2026-03-17T07:52:18","guid":{"rendered":"https:\/\/www.zmsh-semitech.com\/?post_type=product&#038;p=1636"},"modified":"2026-03-20T07:39:36","modified_gmt":"2026-03-20T07:39:36","slug":"6-8-inch-silicon-sic-wafer-quad-polishing-automation-line-with-cleaning-and-re-mounting-loop","status":"publish","type":"product","link":"https:\/\/www.zmsh-semitech.com\/tr\/product\/6-8-inch-silicon-sic-wafer-quad-polishing-automation-line-with-cleaning-and-re-mounting-loop\/","title":{"rendered":"6-8 \u0130n\u00e7 Silikon ve SiC Gofret Temizleme ve Yeniden Montaj D\u00f6ng\u00fcs\u00fc ile D\u00f6rtl\u00fc Parlatma Otomasyon Hatt\u0131"},"content":{"rendered":"<h2 data-start=\"323\" data-end=\"346\">\u00dcr\u00fcne Genel Bak\u0131\u015f<\/h2>\n<p data-start=\"348\" data-end=\"597\">Temizleme ve Yeniden Montaj D\u00f6ng\u00fcs\u00fcne sahip 6-8 \u0130n\u00e7 Silikon ve SiC Gofret D\u00f6rtl\u00fc Parlatma Otomasyon Hatt\u0131, silikon ve silikon karb\u00fcr gofretlerin y\u00fcksek hacimli \u00fcretimini desteklemek i\u00e7in tasarlanm\u0131\u015f tam entegre bir parlatma sonras\u0131 i\u015flem platformudur.<\/p>\n<p data-start=\"599\" data-end=\"886\">Sistem, d\u00f6rt kafal\u0131 parlatma, otomatik yonga plakas\u0131 s\u00f6kme, seramik ta\u015f\u0131y\u0131c\u0131 ta\u015f\u0131ma, ta\u015f\u0131y\u0131c\u0131 temizleme ve hassas yonga plakas\u0131 yeniden montaj\u0131n\u0131 s\u00fcrekli bir kapal\u0131 d\u00f6ng\u00fc ak\u0131\u015f\u0131na ba\u011flayarak manuel kullan\u0131m\u0131 ortadan kald\u0131r\u0131r ve maksimum proses kararl\u0131l\u0131\u011f\u0131, tekrarlanabilirlik ve verim sa\u011flar.<\/p>\n<p data-start=\"888\" data-end=\"1066\">D\u00fczl\u00fck, y\u00fczey b\u00fct\u00fcnl\u00fc\u011f\u00fc ve kontaminasyon kontrol\u00fcn\u00fcn kritik oldu\u011fu g\u00fc\u00e7 yar\u0131 iletken gofretleri, SiC alt tabakalar\u0131 ve geli\u015fmi\u015f paketleme uygulamalar\u0131 i\u00e7in optimize edilmi\u015ftir.<\/p>\n<p data-start=\"888\" data-end=\"1066\"><img fetchpriority=\"high\" decoding=\"async\" class=\"aligncenter wp-image-1646 size-full\" src=\"https:\/\/www.zmsh-semitech.com\/wp-content\/uploads\/2026\/01\/1572413524100.jpg\" alt=\"\" width=\"800\" height=\"515\" srcset=\"https:\/\/www.zmsh-semitech.com\/wp-content\/uploads\/2026\/01\/1572413524100.jpg 800w, https:\/\/www.zmsh-semitech.com\/wp-content\/uploads\/2026\/01\/1572413524100-300x193.jpg 300w, https:\/\/www.zmsh-semitech.com\/wp-content\/uploads\/2026\/01\/1572413524100-768x494.jpg 768w, https:\/\/www.zmsh-semitech.com\/wp-content\/uploads\/2026\/01\/1572413524100-600x386.jpg 600w\" sizes=\"(max-width: 800px) 100vw, 800px\" \/><\/p>\n<h2 data-start=\"1073\" data-end=\"1107\">Kapal\u0131 D\u00f6ng\u00fc S\u00fcre\u00e7 Konsepti<\/h2>\n<p data-start=\"1109\" data-end=\"1218\">Geleneksel yar\u0131 manuel parlatma hatlar\u0131n\u0131n aksine, bu sistem ger\u00e7ek bir kapal\u0131 d\u00f6ng\u00fc ta\u015f\u0131y\u0131c\u0131 d\u00f6ng\u00fcs\u00fc olarak \u00e7al\u0131\u015f\u0131r:<\/p>\n<p data-start=\"1220\" data-end=\"1292\">Parlatma \u2192 Montajdan \u00c7\u0131karma \u2192 Ta\u015f\u0131y\u0131c\u0131 Temizli\u011fi \u2192 Yeniden Montaj \u2192 Parlatma<\/p>\n<p data-start=\"1294\" data-end=\"1508\">Seramik ta\u015f\u0131y\u0131c\u0131lar sistemin i\u00e7inde otomatik olarak dola\u015f\u0131rken, gofretler hassas bir \u015fekilde \u00e7\u0131kar\u0131l\u0131r ve s\u0131k\u0131 kontrol ko\u015fullar\u0131 alt\u0131nda yeniden monte edilir.<br data-start=\"1440\" data-end=\"1443\" \/>Bu mimari, her parlatma d\u00f6ng\u00fcs\u00fcn\u00fcn \u015fu \u015fekilde ba\u015flamas\u0131n\u0131 sa\u011flar:<\/p>\n<ul data-start=\"1509\" data-end=\"1622\">\n<li data-start=\"1509\" data-end=\"1538\">\n<p data-start=\"1511\" data-end=\"1538\">Temiz bir ta\u015f\u0131y\u0131c\u0131 y\u00fczey<\/p>\n<\/li>\n<li data-start=\"1539\" data-end=\"1573\">\n<p data-start=\"1541\" data-end=\"1573\">Tam olarak konumland\u0131r\u0131lm\u0131\u015f bir gofret<\/p>\n<\/li>\n<li data-start=\"1574\" data-end=\"1622\">\n<p data-start=\"1576\" data-end=\"1622\">Sabit ve tekrarlanabilir bir montaj aray\u00fcz\u00fc<\/p>\n<\/li>\n<\/ul>\n<p data-start=\"1624\" data-end=\"1733\">Sonu\u00e7 olarak daha az gofret k\u0131r\u0131lmas\u0131, daha iyi kal\u0131nl\u0131k homojenli\u011fi ve partiden partiye daha y\u00fcksek tutarl\u0131l\u0131k elde edilir.<\/p>\n<p data-start=\"1624\" data-end=\"1733\"><img decoding=\"async\" class=\"aligncenter wp-image-1647 size-large\" src=\"https:\/\/www.zmsh-semitech.com\/wp-content\/uploads\/2026\/01\/6-8-Inch-Silicon-SiC-Wafer-Quad-Polishing-Automation-Line-with-Cleaning-and-Re-Mounting-Loop-1024x1024.jpg\" alt=\"\" width=\"1024\" height=\"1024\" srcset=\"\" sizes=\"(max-width: 1024px) 100vw, 1024px\" data-srcset=\"\" \/><\/p>\n<h2 data-start=\"1740\" data-end=\"1782\">S\u00fcre\u00e7 Kritik M\u00fchendislik Tasar\u0131m\u0131<\/h2>\n<h3 data-start=\"1784\" data-end=\"1817\">D\u00fc\u015f\u00fck Stresli Gofret \u0130\u015fleme<\/h3>\n<p data-start=\"1818\" data-end=\"1951\">\u0130vmeyi, temas kuvvetini ve ay\u0131rma a\u00e7\u0131s\u0131n\u0131 kontrol etmek ve azaltmak i\u00e7in \u00f6zel hareket profilleri ve s\u00f6kme y\u00f6r\u00fcngeleri kullan\u0131l\u0131r:<\/p>\n<ul data-start=\"1952\" data-end=\"2019\">\n<li data-start=\"1952\" data-end=\"1969\">\n<p data-start=\"1954\" data-end=\"1969\">Kenar yontma<\/p>\n<\/li>\n<li data-start=\"1970\" data-end=\"1986\">\n<p data-start=\"1972\" data-end=\"1986\">Mikro \u00e7atlaklar<\/p>\n<\/li>\n<li data-start=\"1987\" data-end=\"2019\">\n<p data-start=\"1989\" data-end=\"2019\">Stres kaynakl\u0131 yonga plakas\u0131 \u00e7arp\u0131lmas\u0131<\/p>\n<\/li>\n<\/ul>\n<p data-start=\"2021\" data-end=\"2136\">Bu \u00f6zellikle sert, k\u0131r\u0131lgan ve mekanik \u015foklara kar\u015f\u0131 olduk\u00e7a hassas olan SiC yonga plakalar\u0131 i\u00e7in \u00f6nemlidir.<\/p>\n<h3 data-start=\"2143\" data-end=\"2185\">Ultra Temiz Ta\u015f\u0131y\u0131c\u0131 Yenileme<\/h3>\n<p data-start=\"2186\" data-end=\"2365\">Her yeniden montaj d\u00f6ng\u00fcs\u00fcnden \u00f6nce, seramik ta\u015f\u0131y\u0131c\u0131lar bulama\u00e7 kal\u0131nt\u0131lar\u0131, ince partik\u00fcller ve kimyasal filmlerden ar\u0131nd\u0131r\u0131larak i\u015fleme haz\u0131r bir y\u00fczey durumuna getirilir.<br data-start=\"2348\" data-end=\"2351\" \/>Bu engeller:<\/p>\n<ul data-start=\"2366\" data-end=\"2458\">\n<li data-start=\"2366\" data-end=\"2396\">\n<p data-start=\"2368\" data-end=\"2396\">Par\u00e7ac\u0131k kaynakl\u0131 \u00e7izikler<\/p>\n<\/li>\n<li data-start=\"2397\" data-end=\"2431\">\n<p data-start=\"2399\" data-end=\"2431\">Yerel parlatma tekd\u00fczeli\u011fi<\/p>\n<\/li>\n<li data-start=\"2432\" data-end=\"2458\">\n<p data-start=\"2434\" data-end=\"2458\">Rastgele y\u00fczey kusurlar\u0131<\/p>\n<\/li>\n<\/ul>\n<p data-start=\"2460\" data-end=\"2527\">CMP ve d\u00f6rtl\u00fc cilalama i\u015flemlerinde \u00f6nemli verim kay\u0131plar\u0131na neden olur.<\/p>\n<h3 data-start=\"2534\" data-end=\"2585\">D\u00fczg\u00fcn Parlatma i\u00e7in Hassas Yeniden Montaj<\/h3>\n<p data-start=\"2586\" data-end=\"2616\">Yeniden montaj \u00fcnitesi kontrol eder:<\/p>\n<ul data-start=\"2617\" data-end=\"2697\">\n<li data-start=\"2617\" data-end=\"2638\">\n<p data-start=\"2619\" data-end=\"2638\">Montaj bas\u0131nc\u0131<\/p>\n<\/li>\n<li data-start=\"2639\" data-end=\"2658\">\n<p data-start=\"2641\" data-end=\"2658\">Wafer hizalama<\/p>\n<\/li>\n<li data-start=\"2659\" data-end=\"2697\">\n<p data-start=\"2661\" data-end=\"2697\">T\u00fcm ta\u015f\u0131y\u0131c\u0131 boyunca d\u00fczl\u00fck<\/p>\n<\/li>\n<\/ul>\n<p data-start=\"2699\" data-end=\"2822\">Bu, bir sonraki d\u00f6rtl\u00fc parlatma d\u00f6ng\u00fcs\u00fc s\u0131ras\u0131nda t\u00fcm gofretlerin e\u015fit parlatma bas\u0131nc\u0131na maruz kalmas\u0131n\u0131 garanti eder:<\/p>\n<ul data-start=\"2823\" data-end=\"2926\">\n<li data-start=\"2823\" data-end=\"2867\">\n<p data-start=\"2825\" data-end=\"2867\">\u0130yile\u015ftirilmi\u015f TTV (Toplam Kal\u0131nl\u0131k De\u011fi\u015fimi)<\/p>\n<\/li>\n<li data-start=\"2868\" data-end=\"2896\">\n<p data-start=\"2870\" data-end=\"2896\">Daha iyi y\u00fczey p\u00fcr\u00fczl\u00fcl\u00fc\u011f\u00fc<\/p>\n<\/li>\n<li data-start=\"2897\" data-end=\"2926\">\n<p data-start=\"2899\" data-end=\"2926\">Daha y\u00fcksek kullan\u0131labilir yonga plakas\u0131 verimi<\/p>\n<\/li>\n<\/ul>\n<h2 data-start=\"2933\" data-end=\"2962\">\u00dcretim Esnekli\u011fi<\/h2>\n<p data-start=\"2964\" data-end=\"3062\">Sistem birden fazla gofret ve ta\u015f\u0131y\u0131c\u0131 konfig\u00fcrasyonunu destekleyerek fabrikalar\u0131n hatt\u0131 ayarlamas\u0131na olanak tan\u0131r:<\/p>\n<ul data-start=\"3063\" data-end=\"3163\">\n<li data-start=\"3063\" data-end=\"3089\">\n<p data-start=\"3065\" data-end=\"3089\">Maksimum verim<\/p>\n<\/li>\n<li data-start=\"3090\" data-end=\"3122\">\n<p data-start=\"3092\" data-end=\"3122\">Maksimum d\u00fczl\u00fck kontrol\u00fc<\/p>\n<\/li>\n<li data-start=\"3123\" data-end=\"3163\">\n<p data-start=\"3125\" data-end=\"3163\">Kar\u0131\u015f\u0131k 6 in\u00e7 ve 8 in\u00e7 \u00fcretim<\/p>\n<\/li>\n<\/ul>\n<p data-start=\"3165\" data-end=\"3203\">Bu, hatt\u0131 her ikisi i\u00e7in de uygun hale getirir:<\/p>\n<ul data-start=\"3204\" data-end=\"3283\">\n<li data-start=\"3204\" data-end=\"3243\">\n<p data-start=\"3206\" data-end=\"3243\">Y\u00fcksek hacimli g\u00fc\u00e7 cihaz\u0131 \u00fcretimi<\/p>\n<\/li>\n<li data-start=\"3244\" data-end=\"3283\">\n<p data-start=\"3246\" data-end=\"3283\">Y\u00fcksek de\u011ferli SiC substrat i\u015fleme<\/p>\n<\/li>\n<\/ul>\n<h2 data-start=\"3290\" data-end=\"3317\">Tipik Uygulamalar<\/h2>\n<ul data-start=\"3319\" data-end=\"3498\">\n<li data-start=\"3319\" data-end=\"3385\">\n<p data-start=\"3321\" data-end=\"3385\">Si ve SiC g\u00fc\u00e7 yar\u0131 iletken gofretleri (MOSFET'ler, IGBT'ler, diyotlar)<\/p>\n<\/li>\n<li data-start=\"3386\" data-end=\"3425\">\n<p data-start=\"3388\" data-end=\"3425\">SiC substratlar ve epitaksiyel gofretler<\/p>\n<\/li>\n<li data-start=\"3426\" data-end=\"3455\">\n<p data-start=\"3428\" data-end=\"3455\">Geli\u015fmi\u015f paketleme gofretleri<\/p>\n<\/li>\n<li data-start=\"3456\" data-end=\"3498\">\n<p data-start=\"3458\" data-end=\"3498\">Y\u00fcksek hassasiyetli cilal\u0131 silikon gofretler<\/p>\n<\/li>\n<\/ul>\n<h3 data-start=\"58\" data-end=\"102\"><strong data-start=\"62\" data-end=\"102\">SSS - Ek Teknik Sorular<\/strong><\/h3>\n<p data-start=\"104\" data-end=\"461\"><strong>S1: Sistem, k\u0131r\u0131lgan SiC yonga plakalar\u0131 i\u00e7in yonga plakas\u0131 k\u0131r\u0131lmas\u0131n\u0131 nas\u0131l en aza indirir?<\/strong><br data-start=\"179\" data-end=\"182\" \/>Hat, ivmeyi, ay\u0131rma a\u00e7\u0131s\u0131n\u0131 ve temas kuvvetini dikkatlice y\u00f6neten d\u00fc\u015f\u00fck stresli s\u00f6kme algoritmalar\u0131 ve kontroll\u00fc hareket profilleri kullan\u0131r. Bu sayede SiC alt tabakalarda s\u0131k kar\u015f\u0131la\u015f\u0131lan sorunlar olan kenar ufalanmas\u0131, mikro \u00e7atlaklar ve stres kaynakl\u0131 yonga plakas\u0131 \u00e7arp\u0131lmas\u0131 \u00f6nlenir.<\/p>\n<p data-start=\"468\" data-end=\"792\"><strong>S2: Temizleme ve yeniden montaj d\u00f6ng\u00fcs\u00fc birden fazla ta\u015f\u0131y\u0131c\u0131 \u00f6zelli\u011fini kald\u0131rabilir mi?<\/strong><br data-start=\"553\" data-end=\"556\" \/>Evet. Ta\u015f\u0131y\u0131c\u0131 tampon ve temizleme mod\u00fclleri birden fazla seramik ta\u015f\u0131y\u0131c\u0131 \u00e7ap\u0131n\u0131 (\u00f6rn. 485 mm ve 576 mm) ve ta\u015f\u0131y\u0131c\u0131 ba\u015f\u0131na gofret say\u0131s\u0131n\u0131 destekler. Bu, hat kesintisi olmadan kar\u0131\u015f\u0131k boyutlu 6 in\u00e7 ve 8 in\u00e7 gofret \u00fcretimine olanak tan\u0131r.<\/p>\n<p data-start=\"799\" data-end=\"1201\"><strong>S3: Sistem, partiler aras\u0131nda tekrarlanabilir parlatma kalitesini nas\u0131l sa\u011fl\u0131yor?<\/strong><br data-start=\"878\" data-end=\"881\" \/>Ultra temiz ta\u015f\u0131y\u0131c\u0131 y\u00fczeyler, hassas yonga plakas\u0131 hizalamas\u0131 ve d\u00fczl\u00fck kontrol\u00fc bir araya getirilerek her bir yonga plakas\u0131 ayn\u0131 ko\u015fullar alt\u0131nda monte edilir. Bu, tutarl\u0131 parlatma bas\u0131nc\u0131n\u0131, e\u015fit malzeme kald\u0131rmay\u0131 ve minimum TTV'yi garanti ederek \u00fcretim partileri aras\u0131nda istikrarl\u0131 verim ve y\u00fczey kalitesi sa\u011flar.<\/p>","protected":false},"excerpt":{"rendered":"<p>Temizleme ve Yeniden Montaj D\u00f6ng\u00fcs\u00fcne sahip 6-8 \u0130n\u00e7 Silikon ve SiC Gofret D\u00f6rtl\u00fc Parlatma Otomasyon Hatt\u0131, silikon ve silikon karb\u00fcr gofretlerin y\u00fcksek hacimli \u00fcretimini desteklemek i\u00e7in tasarlanm\u0131\u015f tam entegre bir parlatma sonras\u0131 i\u015flem platformudur.<\/p>","protected":false},"featured_media":1642,"comment_status":"open","ping_status":"closed","template":"","meta":{"site-sidebar-layout":"default","site-content-layout":"","ast-site-content-layout":"default","site-content-style":"default","site-sidebar-style":"default","ast-global-header-display":"","ast-banner-title-visibility":"","ast-main-header-display":"","ast-hfb-above-header-display":"","ast-hfb-below-header-display":"","ast-hfb-mobile-header-display":"","site-post-title":"","ast-breadcrumbs-content":"","ast-featured-img":"","footer-sml-layout":"","ast-disable-related-posts":"","theme-transparent-header-meta":"default","adv-header-id-meta":"","stick-header-meta":"default","header-above-stick-meta":"","header-main-stick-meta":"","header-below-stick-meta":"","astra-migrate-meta-layouts":"set","ast-page-background-enabled":"default","ast-page-background-meta":{"desktop":{"background-color":"var(--ast-global-color-4)","background-image":"","background-repeat":"repeat","background-position":"center center","background-size":"auto","background-attachment":"scroll","background-type":"","background-media":"","overlay-type":"","overlay-color":"","overlay-opacity":"","overlay-gradient":""},"tablet":{"background-color":"","background-image":"","background-repeat":"repeat","background-position":"center center","background-size":"auto","background-attachment":"scroll","background-type":"","background-media":"","overlay-type":"","overlay-color":"","overlay-opacity":"","overlay-gradient":""},"mobile":{"background-color":"","background-image":"","background-repeat":"repeat","background-position":"center center","background-size":"auto","background-attachment":"scroll","background-type":"","background-media":"","overlay-type":"","overlay-color":"","overlay-opacity":"","overlay-gradient":""}},"ast-content-background-meta":{"desktop":{"background-color":"var(--ast-global-color-5)","background-image":"","background-repeat":"repeat","background-position":"center center","background-size":"auto","background-attachment":"scroll","background-type":"","background-media":"","overlay-type":"","overlay-color":"","overlay-opacity":"","overlay-gradient":""},"tablet":{"background-color":"var(--ast-global-color-5)","background-image":"","background-repeat":"repeat","background-position":"center center","background-size":"auto","background-attachment":"scroll","background-type":"","background-media":"","overlay-type":"","overlay-color":"","overlay-opacity":"","overlay-gradient":""},"mobile":{"background-color":"var(--ast-global-color-5)","background-image":"","background-repeat":"repeat","background-position":"center center","background-size":"auto","background-attachment":"scroll","background-type":"","background-media":"","overlay-type":"","overlay-color":"","overlay-opacity":"","overlay-gradient":""}}},"product_brand":[],"product_cat":[15],"product_tag":[100,105,104,107,106,109,103,108,110,102,101],"class_list":{"0":"post-1636","1":"product","2":"type-product","3":"status-publish","4":"has-post-thumbnail","6":"product_cat-crystal-growth-furnace","7":"product_tag-6-8-inch","8":"product_tag-automatic-de-mounting","9":"product_tag-automation-line","10":"product_tag-carrier-cleaning","11":"product_tag-ceramic-carrier","12":"product_tag-closed-loop-system","13":"product_tag-quad-polishing","14":"product_tag-re-mounting","15":"product_tag-semiconductor-equipment","16":"product_tag-sic-wafer","17":"product_tag-silicon-wafer","18":"desktop-align-left","19":"tablet-align-left","20":"mobile-align-left","21":"ast-product-gallery-layout-horizontal-slider","22":"ast-product-tabs-layout-horizontal","24":"first","25":"instock","26":"shipping-taxable","27":"product-type-simple"},"_links":{"self":[{"href":"https:\/\/www.zmsh-semitech.com\/tr\/wp-json\/wp\/v2\/product\/1636","targetHints":{"allow":["GET"]}}],"collection":[{"href":"https:\/\/www.zmsh-semitech.com\/tr\/wp-json\/wp\/v2\/product"}],"about":[{"href":"https:\/\/www.zmsh-semitech.com\/tr\/wp-json\/wp\/v2\/types\/product"}],"replies":[{"embeddable":true,"href":"https:\/\/www.zmsh-semitech.com\/tr\/wp-json\/wp\/v2\/comments?post=1636"}],"version-history":[{"count":2,"href":"https:\/\/www.zmsh-semitech.com\/tr\/wp-json\/wp\/v2\/product\/1636\/revisions"}],"predecessor-version":[{"id":1967,"href":"https:\/\/www.zmsh-semitech.com\/tr\/wp-json\/wp\/v2\/product\/1636\/revisions\/1967"}],"wp:featuredmedia":[{"embeddable":true,"href":"https:\/\/www.zmsh-semitech.com\/tr\/wp-json\/wp\/v2\/media\/1642"}],"wp:attachment":[{"href":"https:\/\/www.zmsh-semitech.com\/tr\/wp-json\/wp\/v2\/media?parent=1636"}],"wp:term":[{"taxonomy":"product_brand","embeddable":true,"href":"https:\/\/www.zmsh-semitech.com\/tr\/wp-json\/wp\/v2\/product_brand?post=1636"},{"taxonomy":"product_cat","embeddable":true,"href":"https:\/\/www.zmsh-semitech.com\/tr\/wp-json\/wp\/v2\/product_cat?post=1636"},{"taxonomy":"product_tag","embeddable":true,"href":"https:\/\/www.zmsh-semitech.com\/tr\/wp-json\/wp\/v2\/product_tag?post=1636"}],"curies":[{"name":"wp","href":"https:\/\/api.w.org\/{rel}","templated":true}]}}