{"id":1534,"date":"2025-12-26T05:59:04","date_gmt":"2025-12-26T05:59:04","guid":{"rendered":"https:\/\/www.zmsh-semitech.com\/?post_type=product&#038;p=1534"},"modified":"2025-12-26T06:11:05","modified_gmt":"2025-12-26T06:11:05","slug":"compact-high-precision-laser-micro-drilling-machine-for-ultra-fine-holes-and-multi-material-compatibility","status":"publish","type":"product","link":"https:\/\/www.zmsh-semitech.com\/tr\/product\/compact-high-precision-laser-micro-drilling-machine-for-ultra-fine-holes-and-multi-material-compatibility\/","title":{"rendered":"Ultra \u0130nce Delikler ve \u00c7oklu Malzeme Uyumlulu\u011fu i\u00e7in Kompakt Y\u00fcksek Hassasiyetli Lazer Mikro Delme Makinesi"},"content":{"rendered":"<p data-start=\"257\" data-end=\"610\">Kompakt Y\u00fcksek Hassasiyetli Lazer Mikro Delme Makinesi, s\u0131n\u0131rl\u0131 alana sahip ortamlar i\u00e7in tasarlanm\u0131\u015f olup ola\u011fan\u00fcst\u00fc hassasiyet ve kullan\u0131c\u0131 dostu \u00e7al\u0131\u015fma sunar. 0,005 mm'ye kadar ultra ince delik delme i\u00e7in ideal olan bu kompakt sistem, minimum termal etkiyle g\u00fcvenilir performans sa\u011flayarak temiz delik kenarlar\u0131 ve daha az oksidasyon sa\u011flar.<\/p>\n<p data-start=\"612\" data-end=\"862\">Bu \u00e7ok y\u00f6nl\u00fc makine, farkl\u0131 malzemelere uyum sa\u011flamak i\u00e7in de\u011fi\u015ftirilebilir lazer kaynaklar\u0131n\u0131 destekleyerek uyumlulu\u011fu ve verimlili\u011fi art\u0131r\u0131r. Sezgisel yaz\u0131l\u0131m aray\u00fcz\u00fc, hem deneyimli operat\u00f6rler hem de yeni ba\u015flayanlar i\u00e7in kullan\u0131m\u0131 kolayla\u015ft\u0131r\u0131r.<\/p>\n<p data-start=\"612\" data-end=\"862\"><img fetchpriority=\"high\" decoding=\"async\" class=\"wp-image-1536 aligncenter\" src=\"https:\/\/www.zmsh-semitech.com\/wp-content\/uploads\/2025\/12\/22.png\" alt=\"\" width=\"400\" height=\"581\" \/><\/p>\n<h3 data-start=\"869\" data-end=\"892\"><strong data-start=\"873\" data-end=\"890\">Temel \u00d6zellikler:<\/strong><\/h3>\n<ul data-start=\"893\" data-end=\"1260\">\n<li data-start=\"893\" data-end=\"974\">\n<p data-start=\"895\" data-end=\"974\"><strong data-start=\"895\" data-end=\"914\">Kompakt Tasar\u0131m:<\/strong> Performanstan \u00f6d\u00fcn vermeden k\u00fc\u00e7\u00fck alanlar i\u00e7in m\u00fckemmel<\/p>\n<\/li>\n<li data-start=\"975\" data-end=\"1033\">\n<p data-start=\"977\" data-end=\"1033\"><strong data-start=\"977\" data-end=\"996\">Y\u00fcksek Hassasiyet:<\/strong> 0,005mm kadar k\u00fc\u00e7\u00fck delikler elde eder<\/p>\n<\/li>\n<li data-start=\"1034\" data-end=\"1099\">\n<p data-start=\"1036\" data-end=\"1099\"><strong data-start=\"1036\" data-end=\"1052\">Kullan\u0131m Kolayl\u0131\u011f\u0131:<\/strong> Basit kullan\u0131m i\u00e7in kullan\u0131c\u0131 dostu aray\u00fcz<\/p>\n<\/li>\n<li data-start=\"1100\" data-end=\"1189\">\n<p data-start=\"1102\" data-end=\"1189\"><strong data-start=\"1102\" data-end=\"1135\">\u00c7oklu Malzeme Uyumlulu\u011fu:<\/strong> \u00c7e\u015fitli malzemeler i\u00e7in de\u011fi\u015ftirilebilir lazer kaynaklar\u0131<\/p>\n<\/li>\n<li data-start=\"1190\" data-end=\"1260\">\n<p data-start=\"1192\" data-end=\"1260\"><strong data-start=\"1192\" data-end=\"1219\">Minimum Termal Etki:<\/strong> Delinmi\u015f deliklerin etraf\u0131nda azalt\u0131lm\u0131\u015f oksidasyon<\/p>\n<\/li>\n<\/ul>\n<h3 data-start=\"1267\" data-end=\"1298\"><strong data-start=\"1271\" data-end=\"1296\">Uygulanabilir Malzemeler:<\/strong><\/h3>\n<p data-start=\"1299\" data-end=\"1351\">A\u015fa\u011f\u0131dakiler de dahil olmak \u00fczere \u00e7ok \u00e7e\u015fitli malzemeler i\u00e7in uygundur:<\/p>\n<ul data-start=\"1352\" data-end=\"1487\">\n<li data-start=\"1352\" data-end=\"1412\">\n<p data-start=\"1354\" data-end=\"1412\">Paslanmaz \u00e7elik, karbon \u00e7eli\u011fi ve ala\u015f\u0131mlar gibi metaller<\/p>\n<\/li>\n<li data-start=\"1413\" data-end=\"1450\">\n<p data-start=\"1415\" data-end=\"1450\">Seramikler ve ultra sert malzemeler<\/p>\n<\/li>\n<li data-start=\"1451\" data-end=\"1487\">\n<p data-start=\"1453\" data-end=\"1487\">Safir gibi de\u011ferli ta\u015flar<\/p>\n<\/li>\n<\/ul>\n<h3 data-start=\"1494\" data-end=\"1525\"><strong data-start=\"1498\" data-end=\"1523\">Uygulama \u00d6rnekleri:<\/strong><\/h3>\n<ol data-start=\"1527\" data-end=\"2374\">\n<li data-start=\"1527\" data-end=\"1679\">\n<p data-start=\"1530\" data-end=\"1679\"><strong data-start=\"1530\" data-end=\"1563\">T301 Paslanmaz \u00c7elik Delme<\/strong><br data-start=\"1563\" data-end=\"1566\" \/>End\u00fcstriyel ve mekanik uygulamalar i\u00e7in T301 paslanmaz \u00e7elik bile\u015fenler \u00fczerinde a\u00e7\u0131lan hassas mikro delikler.<\/p>\n<\/li>\n<li data-start=\"1681\" data-end=\"1817\">\n<p data-start=\"1684\" data-end=\"1817\"><strong data-start=\"1684\" data-end=\"1711\">Safir Levha Delme<\/strong><br data-start=\"1711\" data-end=\"1714\" \/>Optik, elektronik ve yar\u0131 iletken kullan\u0131mlar i\u00e7in uygun safir levhalar \u00fczerinde ultra ince delme.<\/p>\n<\/li>\n<li data-start=\"1819\" data-end=\"1956\">\n<p data-start=\"1822\" data-end=\"1956\"><strong data-start=\"1822\" data-end=\"1852\">Da\u011f\u0131t\u0131m Nozulu Delme<\/strong><br data-start=\"1852\" data-end=\"1855\" \/>Tutkal veya s\u0131v\u0131 da\u011f\u0131t\u0131m nozullar\u0131 i\u00e7in y\u00fcksek hassasiyetli mikro delikler, do\u011fru ak\u0131\u015f kontrol\u00fc sa\u011flar.<\/p>\n<\/li>\n<li data-start=\"1958\" data-end=\"2092\">\n<p data-start=\"1961\" data-end=\"2092\"><strong data-start=\"1961\" data-end=\"1993\">Safir K\u00f6r Delik Delme<\/strong><br data-start=\"1993\" data-end=\"1996\" \/>Safir \u00fczerinde k\u00f6r delik delme, derinlik kontrol\u00fcn\u00fcn kritik oldu\u011fu hassas par\u00e7alar i\u00e7in idealdir.<\/p>\n<\/li>\n<li data-start=\"2094\" data-end=\"2247\">\n<p data-start=\"2097\" data-end=\"2247\"><strong data-start=\"2097\" data-end=\"2139\">Paslanmaz \u00c7elik T-\u015eekilli Delik Delme<\/strong><br data-start=\"2139\" data-end=\"2142\" \/>Mekanik montaj ve \u00f6zel bile\u015fenler i\u00e7in paslanmaz \u00e7elik \u00fczerinde uzmanla\u015fm\u0131\u015f T \u015feklinde delik delme.<\/p>\n<\/li>\n<li data-start=\"2249\" data-end=\"2374\">\n<p data-start=\"2252\" data-end=\"2374\"><strong data-start=\"2252\" data-end=\"2276\">Bak\u0131r Sac Kesimi<\/strong><br data-start=\"2276\" data-end=\"2279\" \/>Elektronik, PCB ve mikro bile\u015fen uygulamalar\u0131 i\u00e7in bak\u0131r levhalar\u0131n hassas kesimi.<\/p>\n<\/li>\n<\/ol>\n<p><img decoding=\"async\" class=\"wp-image-1538 size-full aligncenter\" src=\"https:\/\/www.zmsh-semitech.com\/wp-content\/uploads\/2025\/12\/drilling-case3.png\" alt=\"\" width=\"800\" height=\"600\" srcset=\"https:\/\/www.zmsh-semitech.com\/wp-content\/uploads\/2025\/12\/drilling-case3.png 800w, https:\/\/www.zmsh-semitech.com\/wp-content\/uploads\/2025\/12\/drilling-case3-300x225.png 300w, https:\/\/www.zmsh-semitech.com\/wp-content\/uploads\/2025\/12\/drilling-case3-768x576.png 768w, https:\/\/www.zmsh-semitech.com\/wp-content\/uploads\/2025\/12\/drilling-case3-600x450.png 600w\" sizes=\"(max-width: 800px) 100vw, 800px\" \/><\/p>","protected":false},"excerpt":{"rendered":"<p>Kompakt Y\u00fcksek Hassasiyetli Lazer Mikro Delme Makinesi, s\u0131n\u0131rl\u0131 alana sahip ortamlar i\u00e7in tasarlanm\u0131\u015f olup ola\u011fan\u00fcst\u00fc hassasiyet ve kullan\u0131c\u0131 dostu \u00e7al\u0131\u015fma sunar. 0,005 mm'ye kadar ultra ince delik delme i\u00e7in ideal olan bu kompakt sistem, minimum termal etkiyle g\u00fcvenilir performans sa\u011flayarak temiz delik kenarlar\u0131 ve daha az oksidasyon sa\u011flar.<\/p>","protected":false},"featured_media":1535,"comment_status":"open","ping_status":"closed","template":"","meta":{"site-sidebar-layout":"default","site-content-layout":"","ast-site-content-layout":"default","site-content-style":"default","site-sidebar-style":"default","ast-global-header-display":"","ast-banner-title-visibility":"","ast-main-header-display":"","ast-hfb-above-header-display":"","ast-hfb-below-header-display":"","ast-hfb-mobile-header-display":"","site-post-title":"","ast-breadcrumbs-content":"","ast-featured-img":"","footer-sml-layout":"","ast-disable-related-posts":"","theme-transparent-header-meta":"default","adv-header-id-meta":"","stick-header-meta":"default","header-above-stick-meta":"","header-main-stick-meta":"","header-below-stick-meta":"","astra-migrate-meta-layouts":"set","ast-page-background-enabled":"default","ast-page-background-meta":{"desktop":{"background-color":"var(--ast-global-color-4)","background-image":"","background-repeat":"repeat","background-position":"center center","background-size":"auto","background-attachment":"scroll","background-type":"","background-media":"","overlay-type":"","overlay-color":"","overlay-opacity":"","overlay-gradient":""},"tablet":{"background-color":"","background-image":"","background-repeat":"repeat","background-position":"center center","background-size":"auto","background-attachment":"scroll","background-type":"","background-media":"","overlay-type":"","overlay-color":"","overlay-opacity":"","overlay-gradient":""},"mobile":{"background-color":"","background-image":"","background-repeat":"repeat","background-position":"center center","background-size":"auto","background-attachment":"scroll","background-type":"","background-media":"","overlay-type":"","overlay-color":"","overlay-opacity":"","overlay-gradient":""}},"ast-content-background-meta":{"desktop":{"background-color":"var(--ast-global-color-5)","background-image":"","background-repeat":"repeat","background-position":"center center","background-size":"auto","background-attachment":"scroll","background-type":"","background-media":"","overlay-type":"","overlay-color":"","overlay-opacity":"","overlay-gradient":""},"tablet":{"background-color":"var(--ast-global-color-5)","background-image":"","background-repeat":"repeat","background-position":"center center","background-size":"auto","background-attachment":"scroll","background-type":"","background-media":"","overlay-type":"","overlay-color":"","overlay-opacity":"","overlay-gradient":""},"mobile":{"background-color":"var(--ast-global-color-5)","background-image":"","background-repeat":"repeat","background-position":"center center","background-size":"auto","background-attachment":"scroll","background-type":"","background-media":"","overlay-type":"","overlay-color":"","overlay-opacity":"","overlay-gradient":""}}},"product_brand":[],"product_cat":[20],"product_tag":[53,54,49,48,55,46,47,56],"class_list":{"0":"post-1534","1":"product","2":"type-product","3":"status-publish","4":"has-post-thumbnail","6":"product_cat-laser-drilling-machine","7":"product_tag-compact-design","8":"product_tag-high-precision","9":"product_tag-laser-cutting","10":"product_tag-laser-micro-drilling","11":"product_tag-multi-material-compatibility","12":"product_tag-picosecond-laser","13":"product_tag-precision-laser-drilling","14":"product_tag-sapphire-drilling","15":"desktop-align-left","16":"tablet-align-left","17":"mobile-align-left","18":"ast-product-gallery-layout-horizontal-slider","19":"ast-product-gallery-with-no-image","20":"ast-product-tabs-layout-horizontal","22":"first","23":"instock","24":"shipping-taxable","25":"product-type-simple"},"_links":{"self":[{"href":"https:\/\/www.zmsh-semitech.com\/tr\/wp-json\/wp\/v2\/product\/1534","targetHints":{"allow":["GET"]}}],"collection":[{"href":"https:\/\/www.zmsh-semitech.com\/tr\/wp-json\/wp\/v2\/product"}],"about":[{"href":"https:\/\/www.zmsh-semitech.com\/tr\/wp-json\/wp\/v2\/types\/product"}],"replies":[{"embeddable":true,"href":"https:\/\/www.zmsh-semitech.com\/tr\/wp-json\/wp\/v2\/comments?post=1534"}],"version-history":[{"count":1,"href":"https:\/\/www.zmsh-semitech.com\/tr\/wp-json\/wp\/v2\/product\/1534\/revisions"}],"predecessor-version":[{"id":1539,"href":"https:\/\/www.zmsh-semitech.com\/tr\/wp-json\/wp\/v2\/product\/1534\/revisions\/1539"}],"wp:featuredmedia":[{"embeddable":true,"href":"https:\/\/www.zmsh-semitech.com\/tr\/wp-json\/wp\/v2\/media\/1535"}],"wp:attachment":[{"href":"https:\/\/www.zmsh-semitech.com\/tr\/wp-json\/wp\/v2\/media?parent=1534"}],"wp:term":[{"taxonomy":"product_brand","embeddable":true,"href":"https:\/\/www.zmsh-semitech.com\/tr\/wp-json\/wp\/v2\/product_brand?post=1534"},{"taxonomy":"product_cat","embeddable":true,"href":"https:\/\/www.zmsh-semitech.com\/tr\/wp-json\/wp\/v2\/product_cat?post=1534"},{"taxonomy":"product_tag","embeddable":true,"href":"https:\/\/www.zmsh-semitech.com\/tr\/wp-json\/wp\/v2\/product_tag?post=1534"}],"curies":[{"name":"wp","href":"https:\/\/api.w.org\/{rel}","templated":true}]}}