{"id":2327,"date":"2026-04-21T06:21:20","date_gmt":"2026-04-21T06:21:20","guid":{"rendered":"https:\/\/www.zmsh-semitech.com\/?post_type=product&#038;p=2327"},"modified":"2026-04-21T06:21:21","modified_gmt":"2026-04-21T06:21:21","slug":"wafer-thinning-system-precision-back-grinding-equipment-for-si-sic-and-4-to-12-inch-semiconductor-wafers","status":"publish","type":"product","link":"https:\/\/www.zmsh-semitech.com\/sv\/product\/wafer-thinning-system-precision-back-grinding-equipment-for-si-sic-and-4-to-12-inch-semiconductor-wafers\/","title":{"rendered":"Wafer Thinning System Precision Back Grinding Equipment f\u00f6r Si SiC och 4 till 12 tums halvledarwafers"},"content":{"rendered":"<p data-start=\"294\" data-end=\"629\"><img fetchpriority=\"high\" decoding=\"async\" class=\"alignright wp-image-2329 size-medium\" src=\"https:\/\/www.zmsh-semitech.com\/wp-content\/uploads\/2026\/04\/wafer_thinning_system_precision_thinning_equipment_sic_si_wafer_compatible_4_12inch_wafer_capacity2-300x300.webp\" alt=\"Wafer Thinning System Precision Back Grinding Equipment f\u00f6r Si SiC och 4 till 12 tums halvledarwafers\" width=\"300\" height=\"300\" srcset=\"https:\/\/www.zmsh-semitech.com\/wp-content\/uploads\/2026\/04\/wafer_thinning_system_precision_thinning_equipment_sic_si_wafer_compatible_4_12inch_wafer_capacity2-300x300.webp 300w, https:\/\/www.zmsh-semitech.com\/wp-content\/uploads\/2026\/04\/wafer_thinning_system_precision_thinning_equipment_sic_si_wafer_compatible_4_12inch_wafer_capacity2-150x150.webp 150w, https:\/\/www.zmsh-semitech.com\/wp-content\/uploads\/2026\/04\/wafer_thinning_system_precision_thinning_equipment_sic_si_wafer_compatible_4_12inch_wafer_capacity2-12x12.webp 12w, https:\/\/www.zmsh-semitech.com\/wp-content\/uploads\/2026\/04\/wafer_thinning_system_precision_thinning_equipment_sic_si_wafer_compatible_4_12inch_wafer_capacity2-600x600.webp 600w, https:\/\/www.zmsh-semitech.com\/wp-content\/uploads\/2026\/04\/wafer_thinning_system_precision_thinning_equipment_sic_si_wafer_compatible_4_12inch_wafer_capacity2-100x100.webp 100w, https:\/\/www.zmsh-semitech.com\/wp-content\/uploads\/2026\/04\/wafer_thinning_system_precision_thinning_equipment_sic_si_wafer_compatible_4_12inch_wafer_capacity2.webp 750w\" sizes=\"(max-width: 300px) 100vw, 300px\" \/>Wafer Thinning System Precision Back Grinding Equipment \u00e4r en l\u00f6sning f\u00f6r bearbetning av wafers med h\u00f6g noggrannhet som \u00e4r utformad f\u00f6r avancerad halvledartillverkning. Den st\u00f6der 4-tums till 12-tums wafers, inklusive kisel (Si), kiselkarbid (SiC), galliumarsenid (GaAs), safir och andra spr\u00f6da sammansatta halvledarmaterial.<\/p>\n<p data-start=\"631\" data-end=\"924\">Systemet \u00e4r konstruerat f\u00f6r ultraprecis gallring av wafers baksida, vilket m\u00f6jligg\u00f6r tjockleksreduktion till mikron- och submikronniv\u00e5er samtidigt som utm\u00e4rkt ytintegritet bibeh\u00e5lls. Det spelar en avg\u00f6rande roll vid tillverkning av avancerade f\u00f6rpackningar, kraftelektronik, MEMS och sammansatta halvledare.<\/p>\n<p data-start=\"926\" data-end=\"1135\">Genom att integrera mekanisk design med h\u00f6g styvhet, precisionsstyrning av Z-axeln och tjockleks\u00f6vervakning i realtid s\u00e4kerst\u00e4ller utrustningen stabil och repeterbar bearbetningsprestanda f\u00f6r produktion i industriell skala.<\/p>\n<hr data-start=\"1137\" data-end=\"1140\" \/>\n<h2 data-section-id=\"17sw59i\" data-start=\"1142\" data-end=\"1171\"><span role=\"text\">Viktiga tekniska egenskaper<\/span><\/h2>\n<h3 data-section-id=\"kcynyn\" data-start=\"1173\" data-end=\"1213\"><span role=\"text\">Tjocklekskontroll med h\u00f6g precision<\/span><\/h3>\n<ul data-start=\"1214\" data-end=\"1353\">\n<li data-section-id=\"qvz3ew\" data-start=\"1214\" data-end=\"1245\">Tjockleksnoggrannhet: \u00b11 \u03bcm<\/li>\n<li data-section-id=\"vbuidj\" data-start=\"1246\" data-end=\"1290\">Total tjockleksvariation (TTV): \u22642 \u03bcm<\/li>\n<li data-section-id=\"rxazu8\" data-start=\"1291\" data-end=\"1353\">Avancerade modeller uppn\u00e5r submikronkontroll upp till \u00b10,5 \u03bcm<\/li>\n<\/ul>\n<h3 data-section-id=\"15s8v24\" data-start=\"1355\" data-end=\"1390\"><span role=\"text\"><img decoding=\"async\" class=\"size-medium wp-image-2330 alignright\" src=\"https:\/\/www.zmsh-semitech.com\/wp-content\/uploads\/2026\/04\/wafer_thinning_system_precision_thinning_equipment_sic_si_wafer_compatible_4_12inch_wafer_capacity-300x300.webp\" alt=\"\" width=\"300\" height=\"300\" srcset=\"https:\/\/www.zmsh-semitech.com\/wp-content\/uploads\/2026\/04\/wafer_thinning_system_precision_thinning_equipment_sic_si_wafer_compatible_4_12inch_wafer_capacity-300x300.webp 300w, https:\/\/www.zmsh-semitech.com\/wp-content\/uploads\/2026\/04\/wafer_thinning_system_precision_thinning_equipment_sic_si_wafer_compatible_4_12inch_wafer_capacity-150x150.webp 150w, https:\/\/www.zmsh-semitech.com\/wp-content\/uploads\/2026\/04\/wafer_thinning_system_precision_thinning_equipment_sic_si_wafer_compatible_4_12inch_wafer_capacity-12x12.webp 12w, https:\/\/www.zmsh-semitech.com\/wp-content\/uploads\/2026\/04\/wafer_thinning_system_precision_thinning_equipment_sic_si_wafer_compatible_4_12inch_wafer_capacity-600x600.webp 600w, https:\/\/www.zmsh-semitech.com\/wp-content\/uploads\/2026\/04\/wafer_thinning_system_precision_thinning_equipment_sic_si_wafer_compatible_4_12inch_wafer_capacity-100x100.webp 100w, https:\/\/www.zmsh-semitech.com\/wp-content\/uploads\/2026\/04\/wafer_thinning_system_precision_thinning_equipment_sic_si_wafer_compatible_4_12inch_wafer_capacity.webp 750w\" sizes=\"(max-width: 300px) 100vw, 300px\" \/>Bred materialkompatibilitet<\/span><\/h3>\n<p data-start=\"1391\" data-end=\"1452\">St\u00f6der ett brett utbud av halvledare och spr\u00f6da material:<\/p>\n<ul data-start=\"1453\" data-end=\"1574\">\n<li data-section-id=\"1mmq8pa\" data-start=\"1453\" data-end=\"1467\">Kisel (Si)<\/li>\n<li data-section-id=\"1ah49cn\" data-start=\"1468\" data-end=\"1491\">Kiselkarbid (SiC)<\/li>\n<li data-section-id=\"6pubop\" data-start=\"1492\" data-end=\"1517\">Galliumarsenid (GaAs)<\/li>\n<li data-section-id=\"pz60z2\" data-start=\"1518\" data-end=\"1536\">Safir (Al\u2082O\u2083)<\/li>\n<li data-section-id=\"1x0u20i\" data-start=\"1537\" data-end=\"1574\">Andra sammansatta halvledarskivor<\/li>\n<\/ul>\n<h3 data-section-id=\"1k27fm2\" data-start=\"1576\" data-end=\"1608\"><span role=\"text\">Kompatibilitet med waferstorlek<\/span><\/h3>\n<ul data-start=\"1609\" data-end=\"1726\">\n<li data-section-id=\"fhdptx\" data-start=\"1609\" data-end=\"1662\">4-tums \/ 6-tums \/ 8-tums \/ 10-tums \/ 12-tums r\u00e5n<\/li>\n<li data-section-id=\"5k0pa3\" data-start=\"1663\" data-end=\"1726\">Flexibel hantering av b\u00e5de standard- och kundanpassade substrat<\/li>\n<\/ul>\n<h3 data-section-id=\"rmjxfn\" data-start=\"1728\" data-end=\"1768\"><span role=\"text\">Mekaniskt system med h\u00f6g stabilitet<\/span><\/h3>\n<ul data-start=\"1769\" data-end=\"1949\">\n<li data-section-id=\"1wor6l0\" data-start=\"1769\" data-end=\"1804\">Luftlagrad spindel med h\u00f6g styvhet<\/li>\n<li data-section-id=\"7gqyrg\" data-start=\"1805\" data-end=\"1848\">Precisionsslipningsplattform med l\u00e5g vibration<\/li>\n<li data-section-id=\"wf9b1q\" data-start=\"1849\" data-end=\"1892\">Importerad kulskruv + linj\u00e4rt styrsystem<\/li>\n<li data-section-id=\"fj2519\" data-start=\"1893\" data-end=\"1949\">Servomotorstyrning med h\u00f6g precision (uppl\u00f6sning p\u00e5 0,1 \u03bcm)<\/li>\n<\/ul>\n<h3 data-section-id=\"1e5oiya\" data-start=\"1951\" data-end=\"1982\"><span role=\"text\">Avancerat kylsystem<\/span><\/h3>\n<ul data-start=\"1983\" data-end=\"2088\">\n<li data-section-id=\"1u6gyvp\" data-start=\"1983\" data-end=\"2038\">Vattenkylt spindelsystem s\u00e4kerst\u00e4ller termisk stabilitet<\/li>\n<li data-section-id=\"1927cdq\" data-start=\"2039\" data-end=\"2088\">F\u00f6rhindrar deformation under h\u00f6ghastighetsslipning<\/li>\n<\/ul>\n<hr data-start=\"2090\" data-end=\"2093\" \/>\n<h2 data-section-id=\"1ftdxrk\" data-start=\"2095\" data-end=\"2122\"><span role=\"text\">Systemkonfiguration<\/span><\/h2>\n<p data-start=\"2124\" data-end=\"2189\">Systemet f\u00f6r gallring av wafers integrerar flera funktionella moduler:<\/p>\n<h3 data-section-id=\"djoygz\" data-start=\"2191\" data-end=\"2227\"><span role=\"text\">1. Modul f\u00f6r precisionsslipning<\/span><\/h3>\n<p data-start=\"2228\" data-end=\"2294\">Utf\u00f6r kontrollerad materialavverkning med h\u00f6g ytj\u00e4mnhet.<\/p>\n<h3 data-section-id=\"gytvay\" data-start=\"2296\" data-end=\"2338\"><span role=\"text\">2. Precisionskontrollsystem f\u00f6r Z-axeln<\/span><\/h3>\n<p data-start=\"2339\" data-end=\"2409\">M\u00f6jligg\u00f6r ultrafin vertikal justering f\u00f6r j\u00e4mn wafertjocklek.<\/p>\n<h3 data-section-id=\"i93eki\" data-start=\"2411\" data-end=\"2450\"><span role=\"text\">3. System f\u00f6r m\u00e4tning av tjocklek<\/span><\/h3>\n<p data-start=\"2451\" data-end=\"2519\">Kontakt-\/kontaktl\u00f6s m\u00e4tning i realtid s\u00e4kerst\u00e4ller processtabilitet.<\/p>\n<h3 data-section-id=\"ycd038\" data-start=\"2521\" data-end=\"2550\"><span role=\"text\">4. Chuck f\u00f6r vakuumskivor<\/span><\/h3>\n<p data-start=\"2551\" data-end=\"2626\">S\u00e4ker fixering av wafers, inklusive anpassade l\u00f6sningar f\u00f6r oregelbundna wafers.<\/p>\n<h3 data-section-id=\"1xwcykg\" data-start=\"2628\" data-end=\"2664\"><span role=\"text\">5. Automationskontrollsystem<\/span><\/h3>\n<ul data-start=\"2665\" data-end=\"2767\">\n<li data-section-id=\"mbtl4z\" data-start=\"2665\" data-end=\"2706\">Full-auto \/ Semi-auto driftl\u00e4gen<\/li>\n<li data-section-id=\"1tpxb04\" data-start=\"2707\" data-end=\"2734\">Registrering av driftlogg<\/li>\n<li data-section-id=\"1chqk9c\" data-start=\"2735\" data-end=\"2767\">Receptbaserad processtyrning<\/li>\n<\/ul>\n<hr data-start=\"2769\" data-end=\"2772\" \/>\n<h2 data-section-id=\"gimyd4\" data-start=\"2774\" data-end=\"2804\"><span role=\"text\"><img decoding=\"async\" class=\"wp-image-2331 alignright\" src=\"https:\/\/www.zmsh-semitech.com\/wp-content\/uploads\/2026\/04\/Wafer-Thinning-System-Precision-Back-Grinding-Equipment-for-Si-SiC-and-4-to-12-Inch-Semiconductor-Wafers2-300x81.png\" alt=\"\" width=\"393\" height=\"106\" srcset=\"https:\/\/www.zmsh-semitech.com\/wp-content\/uploads\/2026\/04\/Wafer-Thinning-System-Precision-Back-Grinding-Equipment-for-Si-SiC-and-4-to-12-Inch-Semiconductor-Wafers2-300x81.png 300w, https:\/\/www.zmsh-semitech.com\/wp-content\/uploads\/2026\/04\/Wafer-Thinning-System-Precision-Back-Grinding-Equipment-for-Si-SiC-and-4-to-12-Inch-Semiconductor-Wafers2-18x5.png 18w, https:\/\/www.zmsh-semitech.com\/wp-content\/uploads\/2026\/04\/Wafer-Thinning-System-Precision-Back-Grinding-Equipment-for-Si-SiC-and-4-to-12-Inch-Semiconductor-Wafers2-600x162.png 600w, https:\/\/www.zmsh-semitech.com\/wp-content\/uploads\/2026\/04\/Wafer-Thinning-System-Precision-Back-Grinding-Equipment-for-Si-SiC-and-4-to-12-Inch-Semiconductor-Wafers2.png 680w\" sizes=\"(max-width: 393px) 100vw, 393px\" \/> Kapacitet f\u00f6r bearbetning<\/span><\/h2>\n<p data-start=\"2806\" data-end=\"2876\">Systemet \u00e4r konstruerat f\u00f6r h\u00f6gpresterande baksidesbearbetning av wafers:<\/p>\n<ul data-start=\"2878\" data-end=\"3074\">\n<li data-section-id=\"xh3w3z\" data-start=\"2878\" data-end=\"2909\">Slipning av kiselskivor<\/li>\n<li data-section-id=\"xar9m4\" data-start=\"2910\" data-end=\"2950\">Gallring av SiC-wafers f\u00f6r kraftelektronik<\/li>\n<li data-section-id=\"198a8mj\" data-start=\"2951\" data-end=\"2986\">Gallring av GaN- och GaAs-substrat<\/li>\n<li data-section-id=\"2lf608\" data-start=\"2987\" data-end=\"3024\">Precisionstunnning av safirskivor<\/li>\n<li data-section-id=\"1kfyhfx\" data-start=\"3025\" data-end=\"3074\">F\u00f6rberedelse av ultratunna wafers f\u00f6r 3D-f\u00f6rpackning<\/li>\n<\/ul>\n<hr data-start=\"3076\" data-end=\"3079\" \/>\n<h2 data-section-id=\"k0zlak\" data-start=\"3081\" data-end=\"3100\"><span role=\"text\">Till\u00e4mpningar<\/span><\/h2>\n<h3 data-section-id=\"1jqwtfq\" data-start=\"3102\" data-end=\"3140\"><span role=\"text\">1. Krafthalvledarkomponenter<\/span><\/h3>\n<p data-start=\"3141\" data-end=\"3222\">Anv\u00e4nds i SiC MOSFETs, IGBTs och h\u00f6gsp\u00e4nningsenheter som kr\u00e4ver ultratunna wafers.<\/p>\n<h3 data-section-id=\"1a6priz\" data-start=\"3224\" data-end=\"3253\"><span role=\"text\"><img loading=\"lazy\" decoding=\"async\" class=\"wp-image-2332 alignright\" src=\"https:\/\/www.zmsh-semitech.com\/wp-content\/uploads\/2026\/04\/application3-300x188.png\" alt=\"\" width=\"421\" height=\"264\" srcset=\"https:\/\/www.zmsh-semitech.com\/wp-content\/uploads\/2026\/04\/application3-300x188.png 300w, https:\/\/www.zmsh-semitech.com\/wp-content\/uploads\/2026\/04\/application3-18x12.png 18w, https:\/\/www.zmsh-semitech.com\/wp-content\/uploads\/2026\/04\/application3-600x376.png 600w, https:\/\/www.zmsh-semitech.com\/wp-content\/uploads\/2026\/04\/application3.png 680w\" sizes=\"(max-width: 421px) 100vw, 421px\" \/>2. Avancerade f\u00f6rpackningar<\/span><\/h3>\n<p data-start=\"3254\" data-end=\"3282\">St\u00f6der wafer-tunning f\u00f6r:<\/p>\n<ul data-start=\"3283\" data-end=\"3375\">\n<li data-section-id=\"18hyzkr\" data-start=\"3283\" data-end=\"3306\">F\u00f6rpackning av flip-chip<\/li>\n<li data-section-id=\"16lrd61\" data-start=\"3307\" data-end=\"3335\">2,5D \/ 3D IC-integration<\/li>\n<li data-section-id=\"1s3z3q5\" data-start=\"3336\" data-end=\"3375\">TSV-processer (Through Silicon Via)<\/li>\n<\/ul>\n<h3 data-section-id=\"m46f4y\" data-start=\"3377\" data-end=\"3411\"><span role=\"text\">3. Sammansatta halvledare<\/span><\/h3>\n<p data-start=\"3412\" data-end=\"3464\">Till\u00e4mplig f\u00f6r tillverkning av GaN-, GaAs- och InP-enheter.<\/p>\n<h3 data-section-id=\"kz928f\" data-start=\"3466\" data-end=\"3500\"><span role=\"text\">4. LED och optoelektronik<\/span><\/h3>\n<p data-start=\"3501\" data-end=\"3572\">Safir- och compoundskivor f\u00f6r LED-chips och optiska enheter.<\/p>\n<hr data-start=\"3574\" data-end=\"3577\" \/>\n<h2 data-section-id=\"d8omv1\" data-start=\"3579\" data-end=\"3596\"><span role=\"text\">F\u00f6rdelar<\/span><\/h2>\n<ul data-start=\"3598\" data-end=\"3893\">\n<li data-section-id=\"u42zog\" data-start=\"3598\" data-end=\"3645\">Mogen och stabil teknik f\u00f6r gallring av wafers<\/li>\n<li data-section-id=\"1pb253f\" data-start=\"3646\" data-end=\"3688\">Slipningssystem f\u00f6r inmatning med h\u00f6g precision<\/li>\n<li data-section-id=\"1b2hrea\" data-start=\"3689\" data-end=\"3728\">Utm\u00e4rkt kontroll av ytj\u00e4mnhet<\/li>\n<li data-section-id=\"swoy5t\" data-start=\"3729\" data-end=\"3787\">H\u00f6g UPH (upp till 30 wafers\/timme f\u00f6r standardprocesser)<\/li>\n<li data-section-id=\"folyym\" data-start=\"3788\" data-end=\"3842\">H\u00f6g anpassningsf\u00f6rm\u00e5ga f\u00f6r spr\u00f6da och h\u00e5rda material<\/li>\n<li data-section-id=\"kkjwmp\" data-start=\"3843\" data-end=\"3893\">Fullt automatiserad processintegration<\/li>\n<\/ul>\n<hr data-start=\"3895\" data-end=\"3898\" \/>\n<h2 data-section-id=\"1nn32qm\" data-start=\"3900\" data-end=\"3929\"><span role=\"text\">Prestationsh\u00f6jdpunkter<\/span><\/h2>\n<ul data-start=\"3931\" data-end=\"4171\">\n<li data-section-id=\"ndqugr\" data-start=\"3931\" data-end=\"3980\">Minsta uppl\u00f6sning: 0,1 \u03bcm\/s Styrning av Z-axel<\/li>\n<li data-section-id=\"1sfyown\" data-start=\"3981\" data-end=\"4020\">Tjocklekens enhetlighet: \u22641-2 \u03bcm TTV<\/li>\n<li data-section-id=\"2ioyhe\" data-start=\"4021\" data-end=\"4066\">H\u00f6ghastighetsspindel med extremt l\u00e5g vibration<\/li>\n<li data-section-id=\"1svxu2t\" data-start=\"4067\" data-end=\"4109\">\u00d6vervakning och loggning av processer i realtid<\/li>\n<li data-section-id=\"kjsadr\" data-start=\"4110\" data-end=\"4171\">Kompatibel med b\u00e5de FoU- och massproduktionsmilj\u00f6er<\/li>\n<\/ul>\n<hr data-start=\"4173\" data-end=\"4176\" \/>\n<h2 data-section-id=\"lalgo8\" data-start=\"4178\" data-end=\"4206\"><span role=\"text\">Anpassningsalternativ<\/span><\/h2>\n<p data-start=\"4208\" data-end=\"4273\">Vi erbjuder flexibel anpassning f\u00f6r olika industriella behov:<\/p>\n<ul data-start=\"4275\" data-end=\"4459\">\n<li data-section-id=\"kmxap1\" data-start=\"4275\" data-end=\"4315\">Kundanpassade waferchuckar (oregelbundna former)<\/li>\n<li data-section-id=\"1om94rb\" data-start=\"4316\" data-end=\"4368\">Ut\u00f6kat m\u00e4tomr\u00e5de f\u00f6r tjocklek (upp till 40 mm)<\/li>\n<li data-section-id=\"1gmsugm\" data-start=\"4369\" data-end=\"4399\">Anpassning av processrecept<\/li>\n<li data-section-id=\"enumxl\" data-start=\"4400\" data-end=\"4459\">Automationsintegration med utrustning uppstr\u00f6ms\/nedstr\u00f6ms<\/li>\n<\/ul>\n<hr data-start=\"4461\" data-end=\"4464\" \/>\n<h2 data-section-id=\"elc90z\" data-start=\"4466\" data-end=\"4476\"><span role=\"text\">VANLIGA FR\u00c5GOR<\/span><\/h2>\n<h3 data-section-id=\"97umay\" data-start=\"4478\" data-end=\"4525\"><span role=\"text\">Q1: Kan detta system bearbeta SiC-wafers?<\/span><\/h3>\n<p data-start=\"4526\" data-end=\"4649\">Ja, den \u00e4r speciellt optimerad f\u00f6r gallring av SiC-wafers och slipning av baksidan, l\u00e4mplig f\u00f6r applikationer inom kraftelektronik.<\/p>\n<h3 data-section-id=\"pwbsig\" data-start=\"4651\" data-end=\"4705\"><span role=\"text\">Q2: Vad \u00e4r den uppn\u00e5eliga tjockleksnoggrannheten?<\/span><\/h3>\n<p data-start=\"4706\" data-end=\"4802\">Standardmodeller uppn\u00e5r \u00b11 \u03bcm, och avancerade konfigurationer kan n\u00e5 \u00b10,5 \u03bcm med TTV \u22641 \u03bcm.<\/p>\n<h3 data-section-id=\"4mq81u\" data-start=\"4804\" data-end=\"4848\"><span role=\"text\">F3: St\u00f6djer den fullst\u00e4ndig automatisering?<\/span><\/h3>\n<p data-start=\"4849\" data-end=\"4944\">Ja, b\u00e5de hel- och halvautomatiska l\u00e4gen finns tillg\u00e4ngliga beroende p\u00e5 produktionskrav.<\/p>","protected":false},"excerpt":{"rendered":"<p>Wafer Thinning System Precision Back Grinding Equipment \u00e4r en l\u00f6sning f\u00f6r bearbetning av wafers med h\u00f6g noggrannhet som \u00e4r utformad f\u00f6r avancerad halvledartillverkning. Den st\u00f6der 4-tums till 12-tums wafers, inklusive kisel (Si), kiselkarbid (SiC), galliumarsenid (GaAs), safir och andra spr\u00f6da sammansatta halvledarmaterial. Detta system \u00e4r konstruerat f\u00f6r ultraexakt gallring av wafers baksida, vilket m\u00f6jligg\u00f6r tjockleksminskning till mikron- och submikronniv\u00e5er samtidigt som utm\u00e4rkt ytintegritet bibeh\u00e5lls.<\/p>","protected":false},"featured_media":2330,"comment_status":"open","ping_status":"closed","template":"","meta":{"site-sidebar-layout":"default","site-content-layout":"","ast-site-content-layout":"default","site-content-style":"default","site-sidebar-style":"default","ast-global-header-display":"","ast-banner-title-visibility":"","ast-main-header-display":"","ast-hfb-above-header-display":"","ast-hfb-below-header-display":"","ast-hfb-mobile-header-display":"","site-post-title":"","ast-breadcrumbs-content":"","ast-featured-img":"","footer-sml-layout":"","ast-disable-related-posts":"","theme-transparent-header-meta":"default","adv-header-id-meta":"","stick-header-meta":"default","header-above-stick-meta":"","header-main-stick-meta":"","header-below-stick-meta":"","astra-migrate-meta-layouts":"set","ast-page-background-enabled":"default","ast-page-background-meta":{"desktop":{"background-color":"var(--ast-global-color-4)","background-image":"","background-repeat":"repeat","background-position":"center center","background-size":"auto","background-attachment":"scroll","background-type":"","background-media":"","overlay-type":"","overlay-color":"","overlay-opacity":"","overlay-gradient":""},"tablet":{"background-color":"","background-image":"","background-repeat":"repeat","background-position":"center center","background-size":"auto","background-attachment":"scroll","background-type":"","background-media":"","overlay-type":"","overlay-color":"","overlay-opacity":"","overlay-gradient":""},"mobile":{"background-color":"","background-image":"","background-repeat":"repeat","background-position":"center center","background-size":"auto","background-attachment":"scroll","background-type":"","background-media":"","overlay-type":"","overlay-color":"","overlay-opacity":"","overlay-gradient":""}},"ast-content-background-meta":{"desktop":{"background-color":"var(--ast-global-color-5)","background-image":"","background-repeat":"repeat","background-position":"center center","background-size":"auto","background-attachment":"scroll","background-type":"","background-media":"","overlay-type":"","overlay-color":"","overlay-opacity":"","overlay-gradient":""},"tablet":{"background-color":"var(--ast-global-color-5)","background-image":"","background-repeat":"repeat","background-position":"center center","background-size":"auto","background-attachment":"scroll","background-type":"","background-media":"","overlay-type":"","overlay-color":"","overlay-opacity":"","overlay-gradient":""},"mobile":{"background-color":"var(--ast-global-color-5)","background-image":"","background-repeat":"repeat","background-position":"center center","background-size":"auto","background-attachment":"scroll","background-type":"","background-media":"","overlay-type":"","overlay-color":"","overlay-opacity":"","overlay-gradient":""}}},"product_brand":[],"product_cat":[724],"product_tag":[1160,1000,1163,1165,1162,1164,804,1158,1159,1161,547,801,1157,1156],"class_list":{"0":"post-2327","1":"product","2":"type-product","3":"status-publish","4":"has-post-thumbnail","6":"product_cat-grinding-machine","7":"product_tag-12-inch-wafer-equipment","8":"product_tag-advanced-packaging-equipment","9":"product_tag-compound-semiconductor-thinning","10":"product_tag-power-device-wafer-equipment","11":"product_tag-precision-wafer-grinder","12":"product_tag-sapphire-wafer-processing","13":"product_tag-semiconductor-grinding-machine","14":"product_tag-si-wafer-thinning","15":"product_tag-sic-wafer-thinning-equipment","16":"product_tag-ttv-control-system","17":"product_tag-ultra-thin-wafer-processing","18":"product_tag-wafer-back-grinding-machine","19":"product_tag-wafer-thinning-equipment","20":"product_tag-wafer-thinning-system","21":"desktop-align-left","22":"tablet-align-left","23":"mobile-align-left","24":"ast-product-gallery-layout-horizontal-slider","25":"ast-product-tabs-layout-horizontal","27":"first","28":"instock","29":"shipping-taxable","30":"product-type-simple"},"_links":{"self":[{"href":"https:\/\/www.zmsh-semitech.com\/sv\/wp-json\/wp\/v2\/product\/2327","targetHints":{"allow":["GET"]}}],"collection":[{"href":"https:\/\/www.zmsh-semitech.com\/sv\/wp-json\/wp\/v2\/product"}],"about":[{"href":"https:\/\/www.zmsh-semitech.com\/sv\/wp-json\/wp\/v2\/types\/product"}],"replies":[{"embeddable":true,"href":"https:\/\/www.zmsh-semitech.com\/sv\/wp-json\/wp\/v2\/comments?post=2327"}],"version-history":[{"count":2,"href":"https:\/\/www.zmsh-semitech.com\/sv\/wp-json\/wp\/v2\/product\/2327\/revisions"}],"predecessor-version":[{"id":2334,"href":"https:\/\/www.zmsh-semitech.com\/sv\/wp-json\/wp\/v2\/product\/2327\/revisions\/2334"}],"wp:featuredmedia":[{"embeddable":true,"href":"https:\/\/www.zmsh-semitech.com\/sv\/wp-json\/wp\/v2\/media\/2330"}],"wp:attachment":[{"href":"https:\/\/www.zmsh-semitech.com\/sv\/wp-json\/wp\/v2\/media?parent=2327"}],"wp:term":[{"taxonomy":"product_brand","embeddable":true,"href":"https:\/\/www.zmsh-semitech.com\/sv\/wp-json\/wp\/v2\/product_brand?post=2327"},{"taxonomy":"product_cat","embeddable":true,"href":"https:\/\/www.zmsh-semitech.com\/sv\/wp-json\/wp\/v2\/product_cat?post=2327"},{"taxonomy":"product_tag","embeddable":true,"href":"https:\/\/www.zmsh-semitech.com\/sv\/wp-json\/wp\/v2\/product_tag?post=2327"}],"curies":[{"name":"wp","href":"https:\/\/api.w.org\/{rel}","templated":true}]}}