{"id":2254,"date":"2026-04-15T05:46:39","date_gmt":"2026-04-15T05:46:39","guid":{"rendered":"https:\/\/www.zmsh-semitech.com\/?post_type=product&#038;p=2254"},"modified":"2026-04-15T06:50:20","modified_gmt":"2026-04-15T06:50:20","slug":"8-inch-high-purity-fused-quartz-wafer-200mm-for-precision-sensors-and-optical-applications","status":"publish","type":"product","link":"https:\/\/www.zmsh-semitech.com\/sv\/product\/8-inch-high-purity-fused-quartz-wafer-200mm-for-precision-sensors-and-optical-applications\/","title":{"rendered":"8-tums h\u00f6gren kvartsskiva (200 mm) f\u00f6r precisionssensorer och optiska till\u00e4mpningar"},"content":{"rendered":"<p data-start=\"363\" data-end=\"808\"><img fetchpriority=\"high\" decoding=\"async\" class=\"size-medium wp-image-2491 alignleft\" src=\"https:\/\/www.fuyao-quartz.com\/wp-content\/uploads\/2026\/03\/8inch_quartz_wafer_diameter_200mm_ttv_10_m_ra_1_0_nm_for_high_precision_sensors2-300x300.jpg\" alt=\"\" width=\"300\" height=\"300\" \/>Den 8-tums wafern av sm\u00e4lt kvarts \u00e4r ett premiumsubstrat av syntetisk kvarts (SiO\u2082 \u226599,99%) med h\u00f6g renhet som \u00e4r konstruerat f\u00f6r h\u00f6gprecisionsapplikationer i halvledar-, MEMS-, optik- och lasersystem. Den extremt l\u00e5ga v\u00e4rmeutvidgningen, den exceptionella UV-IR-transmittansen och den utm\u00e4rkta kemikaliebest\u00e4ndigheten g\u00f6r den idealisk f\u00f6r kr\u00e4vande milj\u00f6er som fotolitografi, etsning, tunnfilmsdeponering och sensortillverkning med h\u00f6g precision.<\/p>\n<p data-start=\"810\" data-end=\"1058\">Varje wafer tillverkas noggrant under str\u00e4ng kvalitetskontroll i en renrumsmilj\u00f6 f\u00f6r att s\u00e4kerst\u00e4lla \u00f6verl\u00e4gsen planhet, ytfinish och renhet. Detta garanterar tillf\u00f6rlitlig prestanda f\u00f6r kritiska till\u00e4mpningar inom industri, forskning och rymdfart.<\/p>\n<h3 data-start=\"1065\" data-end=\"1096\">Viktiga funktioner och f\u00f6rdelar<\/h3>\n<ul data-start=\"1098\" data-end=\"2065\">\n<li data-section-id=\"kgj1c0\" data-start=\"1098\" data-end=\"1198\">\n<p data-start=\"1100\" data-end=\"1198\"><strong data-start=\"1100\" data-end=\"1131\">Ultrah\u00f6g renhet (\u226599,99%)<\/strong>: Minimerar kontaminering i halvledar- och optiska processer.<\/p>\n<\/li>\n<li data-section-id=\"7e6lqo\" data-start=\"1199\" data-end=\"1328\">\n<p data-start=\"1201\" data-end=\"1328\"><strong data-start=\"1201\" data-end=\"1234\">Exceptionell termisk stabilitet<\/strong>: Mjukningspunkt ~1683\u00b0C, korttidstolerans upp till 1450\u00b0C f\u00f6r h\u00f6gtemperaturprocesser.<img decoding=\"async\" class=\"size-medium wp-image-2488 alignright\" src=\"https:\/\/www.fuyao-quartz.com\/wp-content\/uploads\/2026\/03\/8inch_quartz_wafer_diameter_200mm_ttv_10_m_ra_1_0_nm_for_high_precision_sensors4-300x300.jpg\" alt=\"\" width=\"300\" height=\"300\" \/><\/p>\n<\/li>\n<li data-section-id=\"pxp023\" data-start=\"1329\" data-end=\"1433\">\n<p data-start=\"1331\" data-end=\"1433\"><strong data-start=\"1331\" data-end=\"1378\">Ultral\u00e5g v\u00e4rmeutvidgning (0,55 \u00d7 10-\u2076\/K)<\/strong>: S\u00e4kerst\u00e4ller dimensionsstabilitet under termisk belastning.<\/p>\n<\/li>\n<li data-section-id=\"14xwsrz\" data-start=\"1434\" data-end=\"1557\">\n<p data-start=\"1436\" data-end=\"1557\"><strong data-start=\"1436\" data-end=\"1469\">\u00d6verl\u00e4gsen optisk \u00f6verf\u00f6ring<\/strong>: UV-IR-omr\u00e5de 185 nm-2,5 \u00b5m, perfekt f\u00f6r fotolitografi, laseroptik och UV-sensorer.<\/p>\n<\/li>\n<li data-section-id=\"yw53fa\" data-start=\"1558\" data-end=\"1678\">\n<p data-start=\"1560\" data-end=\"1678\"><strong data-start=\"1560\" data-end=\"1584\">H\u00f6g ytkvalitet<\/strong>: Ra \u22641,0 nm och TTV \u226410 \u00b5m f\u00f6r j\u00e4mn tunnfilmsdeponering och exakt sensorintegration.<\/p>\n<\/li>\n<li data-section-id=\"w93pn9\" data-start=\"1679\" data-end=\"1805\">\n<p data-start=\"1681\" data-end=\"1805\"><strong data-start=\"1681\" data-end=\"1704\">Kemisk best\u00e4ndighet<\/strong>: Motst\u00e5ndskraftig mot de flesta syror (utom HF) och alkalier, l\u00e4mplig f\u00f6r v\u00e5tetsning och tuffa milj\u00f6er.<\/p>\n<\/li>\n<li data-section-id=\"1n1qt20\" data-start=\"1806\" data-end=\"1915\">\n<p data-start=\"1808\" data-end=\"1915\"><strong data-start=\"1808\" data-end=\"1855\">Str\u00e5lningsbest\u00e4ndighet och dielektrisk stabilitet<\/strong>: St\u00f6djer till\u00e4mpningar inom flyg- och rymdfysik samt h\u00f6genergifysik.<\/p>\n<\/li>\n<li data-section-id=\"dgvd7c\" data-start=\"1916\" data-end=\"2065\">\n<p data-start=\"1918\" data-end=\"2065\"><strong data-start=\"1918\" data-end=\"1949\">Anpassningsbara former och storlekar<\/strong>: Runda, fyrkantiga, ringformade eller sektorformade wafers med valfri polering, AR\/IR\/DLC-bel\u00e4ggningar och mikrotillverkning.<\/p>\n<\/li>\n<\/ul>\n<h3 data-start=\"2072\" data-end=\"2090\"><strong data-start=\"2072\" data-end=\"2088\">Till\u00e4mpningar<\/strong><\/h3>\n<div class=\"TyagGW_tableContainer\">\n<div class=\"group TyagGW_tableWrapper flex flex-col-reverse w-fit\" tabindex=\"-1\">\n<table class=\"w-fit min-w-(--thread-content-width)\" data-start=\"2092\" data-end=\"3021\">\n<thead data-start=\"2092\" data-end=\"2128\">\n<tr data-start=\"2092\" data-end=\"2128\">\n<th class=\"\" data-start=\"2092\" data-end=\"2103\" data-col-size=\"sm\">Industri<\/th>\n<th class=\"\" data-start=\"2103\" data-end=\"2117\" data-col-size=\"md\">Till\u00e4mpning<\/th>\n<th class=\"\" data-start=\"2117\" data-end=\"2128\" data-col-size=\"md\">F\u00f6rm\u00e5n<\/th>\n<\/tr>\n<\/thead>\n<tbody data-start=\"2165\" data-end=\"3021\">\n<tr data-start=\"2165\" data-end=\"2329\">\n<td data-start=\"2165\" data-end=\"2181\" data-col-size=\"sm\">Halvledare<\/td>\n<td data-start=\"2181\" data-end=\"2242\" data-col-size=\"md\">Substrat f\u00f6r fotomasker, etsningsb\u00e4rare, CMP-poleringskuddar<\/td>\n<td data-col-size=\"md\" data-start=\"2242\" data-end=\"2329\">H\u00f6g temperaturstabilitet, extremt l\u00e5ga defekter, s\u00e4kerst\u00e4ller precision vid chiptillverkning<\/td>\n<\/tr>\n<tr data-start=\"2330\" data-end=\"2462\">\n<td data-start=\"2330\" data-end=\"2346\" data-col-size=\"sm\">Fotovoltaik<\/td>\n<td data-col-size=\"md\" data-start=\"2346\" data-end=\"2402\">Wafers f\u00f6r PECVD-process, substrat f\u00f6r tunnfilmsdeponering<\/td>\n<td data-col-size=\"md\" data-start=\"2402\" data-end=\"2462\">Motst\u00e5ndskraft mot termisk chock, f\u00f6rb\u00e4ttrar solcellernas effektivitet<\/td>\n<\/tr>\n<tr data-start=\"2463\" data-end=\"2611\">\n<td data-start=\"2463\" data-end=\"2481\" data-col-size=\"sm\">Optoelektronik<\/td>\n<td data-col-size=\"md\" data-start=\"2481\" data-end=\"2533\">LED\/LD-substrat, laserf\u00f6nster, optiska sensorer<\/td>\n<td data-col-size=\"md\" data-start=\"2533\" data-end=\"2611\">H\u00f6g UV-IR-transmission, l\u00e5g autofluorescens, f\u00f6rb\u00e4ttrar enhetens prestanda<\/td>\n<\/tr>\n<tr data-start=\"2612\" data-end=\"2755\">\n<td data-start=\"2612\" data-end=\"2631\" data-col-size=\"sm\">Precisionsoptik<\/td>\n<td data-col-size=\"md\" data-start=\"2631\" data-end=\"2685\">Substrat f\u00f6r linser, prismor, str\u00e5ldelare, IR-f\u00f6nster<\/td>\n<td data-col-size=\"md\" data-start=\"2685\" data-end=\"2755\">L\u00e5g v\u00e4rmeutvidgning, h\u00f6g homogenitet, s\u00e4kerst\u00e4ller optisk stabilitet<\/td>\n<\/tr>\n<tr data-start=\"2756\" data-end=\"2891\">\n<td data-start=\"2756\" data-end=\"2773\" data-col-size=\"sm\">Forskning &amp; Lab<\/td>\n<td data-col-size=\"md\" data-start=\"2773\" data-end=\"2837\">Synkrotronstr\u00e5lning, VUV-experiment, h\u00f6genergidetektorer<\/td>\n<td data-col-size=\"md\" data-start=\"2837\" data-end=\"2891\">Str\u00e5lningst\u00e5lig, klarar extrema f\u00f6rh\u00e5llanden<\/td>\n<\/tr>\n<tr data-start=\"2892\" data-end=\"3021\">\n<td data-start=\"2892\" data-end=\"2904\" data-col-size=\"sm\">Flyg- och rymdindustrin<\/td>\n<td data-col-size=\"md\" data-start=\"2904\" data-end=\"2969\">Optiska f\u00f6nster f\u00f6r satelliter, observationspaneler f\u00f6r h\u00f6ga temperaturer<\/td>\n<td data-col-size=\"md\" data-start=\"2969\" data-end=\"3021\">T\u00e5lighet mot termisk chock, rymdklassad tillf\u00f6rlitlighet<\/td>\n<\/tr>\n<\/tbody>\n<\/table>\n<\/div>\n<\/div>\n<h3 data-start=\"3028\" data-end=\"3058\"><strong data-start=\"3028\" data-end=\"3056\">Tekniska specifikationer<\/strong><\/h3>\n<div class=\"TyagGW_tableContainer\">\n<div class=\"group TyagGW_tableWrapper flex flex-col-reverse w-fit\" tabindex=\"-1\">\n<table class=\"w-fit min-w-(--thread-content-width)\" data-start=\"3060\" data-end=\"3704\">\n<thead data-start=\"3060\" data-end=\"3089\">\n<tr data-start=\"3060\" data-end=\"3089\">\n<th class=\"\" data-start=\"3060\" data-end=\"3072\" data-col-size=\"sm\">Parameter<\/th>\n<th class=\"\" data-start=\"3072\" data-end=\"3089\" data-col-size=\"md\">Specifikation<\/th>\n<\/tr>\n<\/thead>\n<tbody data-start=\"3120\" data-end=\"3704\">\n<tr data-start=\"3120\" data-end=\"3172\">\n<td data-start=\"3120\" data-end=\"3131\" data-col-size=\"sm\">Material<\/td>\n<td data-col-size=\"md\" data-start=\"3131\" data-end=\"3172\">Syntetisk sm\u00e4lt kvarts (SiO\u2082 \u226599,99%)<\/td>\n<\/tr>\n<tr data-start=\"3173\" data-end=\"3203\">\n<td data-start=\"3173\" data-end=\"3184\" data-col-size=\"sm\">Diameter<\/td>\n<td data-col-size=\"md\" data-start=\"3184\" data-end=\"3203\">200 mm (8 tum)<\/td>\n<\/tr>\n<tr data-start=\"3204\" data-end=\"3257\">\n<td data-start=\"3204\" data-end=\"3222\" data-col-size=\"sm\">Tjocklek Intervall<\/td>\n<td data-col-size=\"md\" data-start=\"3222\" data-end=\"3257\">100 \u00b5m - 3000 \u00b5m (anpassningsbar)<\/td>\n<\/tr>\n<tr data-start=\"3258\" data-end=\"3302\">\n<td data-start=\"3258\" data-end=\"3292\" data-col-size=\"sm\">Total tjockleksvariation (TTV)<\/td>\n<td data-col-size=\"md\" data-start=\"3292\" data-end=\"3302\">\u226410 \u00b5m<\/td>\n<\/tr>\n<tr data-start=\"3303\" data-end=\"3339\">\n<td data-start=\"3303\" data-end=\"3328\" data-col-size=\"sm\">Ytj\u00e4mnhet (Ra)<\/td>\n<td data-col-size=\"md\" data-start=\"3328\" data-end=\"3339\">\u22641,0 nm<\/td>\n<\/tr>\n<tr data-start=\"3340\" data-end=\"3378\">\n<td data-start=\"3340\" data-end=\"3365\" data-col-size=\"sm\">Total f\u00f6roreningshalt<\/td>\n<td data-col-size=\"md\" data-start=\"3365\" data-end=\"3378\">\u22642,0 \u00b5g\/g<\/td>\n<\/tr>\n<tr data-start=\"3379\" data-end=\"3439\">\n<td data-start=\"3379\" data-end=\"3411\" data-col-size=\"sm\">Termisk expansionskoefficient<\/td>\n<td data-col-size=\"md\" data-start=\"3411\" data-end=\"3439\">0,55 \u00d7 10-\u2076\/K (20-300\u00b0C)<\/td>\n<\/tr>\n<tr data-start=\"3440\" data-end=\"3516\">\n<td data-start=\"3440\" data-end=\"3465\" data-col-size=\"sm\">Temperaturbest\u00e4ndighet<\/td>\n<td data-col-size=\"md\" data-start=\"3465\" data-end=\"3516\">Mjukningspunkt 1683\u00b0C, kortvarigt upp till 1450\u00b0C<\/td>\n<\/tr>\n<tr data-start=\"3517\" data-end=\"3557\">\n<td data-start=\"3517\" data-end=\"3536\" data-col-size=\"sm\">UV-transmittans<\/td>\n<td data-start=\"3536\" data-end=\"3557\" data-col-size=\"md\">&gt;90% (200-260 nm)<\/td>\n<\/tr>\n<tr data-start=\"3558\" data-end=\"3607\">\n<td data-start=\"3558\" data-end=\"3577\" data-col-size=\"sm\">Ytans planhet<\/td>\n<td data-start=\"3577\" data-end=\"3607\" data-col-size=\"md\">H\u00f6g precision, TTV \u226410 \u00b5m<\/td>\n<\/tr>\n<tr data-start=\"3608\" data-end=\"3669\">\n<td data-start=\"3608\" data-end=\"3624\" data-col-size=\"sm\">Alternativ f\u00f6r form<\/td>\n<td data-start=\"3624\" data-end=\"3669\" data-col-size=\"md\">Rund (standard), anpassade former tillg\u00e4ngliga<\/td>\n<\/tr>\n<tr data-start=\"3670\" data-end=\"3704\">\n<td data-start=\"3670\" data-end=\"3687\" data-col-size=\"sm\">Certifieringar<\/td>\n<td data-start=\"3687\" data-end=\"3704\" data-col-size=\"md\">RoHS, ISO9001<\/td>\n<\/tr>\n<\/tbody>\n<\/table>\n<\/div>\n<\/div>\n<h3 data-start=\"3711\" data-end=\"3720\"><strong data-start=\"3711\" data-end=\"3718\"><img decoding=\"async\" class=\"size-medium wp-image-2487 alignleft\" src=\"https:\/\/www.fuyao-quartz.com\/wp-content\/uploads\/2026\/03\/8inch_quartz_wafer_diameter_200mm_ttv_10_m_ra_1_0_nm_for_high_precision_sensors3-300x300.jpg\" alt=\"\" width=\"300\" height=\"300\" \/>VANLIGA FR\u00c5GOR<\/strong><\/h3>\n<ol data-start=\"3722\" data-end=\"4461\">\n<li data-section-id=\"1p6zuwb\" data-start=\"3722\" data-end=\"3925\">\n<p data-start=\"3725\" data-end=\"3925\"><strong data-start=\"3725\" data-end=\"3789\">F: Vad \u00e4r standardtjockleken p\u00e5 en 8-tums kvartsskiva?<\/strong><br data-start=\"3789\" data-end=\"3792\" \/><strong data-start=\"3795\" data-end=\"3801\">A:<\/strong> Standardtjockleken \u00e4r 0,5-1,0 mm, med anpassade alternativ upp till 10 mm f\u00f6r specialiserade halvledar- och optiska applikationer.<\/p>\n<\/li>\n<li data-section-id=\"douphg\" data-start=\"3927\" data-end=\"4215\">\n<p data-start=\"3930\" data-end=\"4215\"><strong data-start=\"3930\" data-end=\"3988\">Q: Varf\u00f6r v\u00e4lja sm\u00e4lta kvartsskivor \u00f6ver kiselskivor?<\/strong><br data-start=\"3988\" data-end=\"3991\" \/><strong data-start=\"3994\" data-end=\"4000\">A:<\/strong> Wafers av sm\u00e4lt kvarts ger \u00f6verl\u00e4gsen UV-genomskinlighet, h\u00f6gre termisk stabilitet (upp till 1730\u00b0C), kemikaliebest\u00e4ndighet och dimensionsstabilitet, vilket g\u00f6r dem idealiska f\u00f6r h\u00f6gprecisionslitografi och kr\u00e4vande processer.<\/p>\n<\/li>\n<li data-section-id=\"1mys3u\" data-start=\"4217\" data-end=\"4461\">\n<p data-start=\"4220\" data-end=\"4461\"><strong data-start=\"4220\" data-end=\"4287\">F: Kan FUYAO tillhandah\u00e5lla anpassade waferformer och ytbehandlingar?<\/strong><br data-start=\"4287\" data-end=\"4290\" \/><strong data-start=\"4293\" data-end=\"4299\">A:<\/strong> Ja, det kan vi. Alternativen omfattar runda, fyrkantiga, ringformade och sektorformade wafers, med ytbehandlingar som optisk polering, AR\/IR\/DLC-bel\u00e4ggningar, borrning och sp\u00e5rning.<\/p>\n<\/li>\n<\/ol>","protected":false},"excerpt":{"rendered":"<p>Den 8-tums wafern av sm\u00e4lt kvarts \u00e4r ett premiumsubstrat av syntetisk kvarts (SiO\u2082 \u226599,99%) med h\u00f6g renhet som \u00e4r konstruerat f\u00f6r h\u00f6gprecisionsapplikationer i halvledar-, MEMS-, optik- och lasersystem. Den extremt l\u00e5ga v\u00e4rmeutvidgningen, den exceptionella UV-IR-transmittansen och den utm\u00e4rkta kemikaliebest\u00e4ndigheten g\u00f6r den idealisk f\u00f6r kr\u00e4vande milj\u00f6er som fotolitografi, etsning, tunnfilmsdeponering och sensortillverkning med h\u00f6g precision.<\/p>","protected":false},"featured_media":2265,"comment_status":"open","ping_status":"closed","template":"","meta":{"site-sidebar-layout":"default","site-content-layout":"","ast-site-content-layout":"default","site-content-style":"default","site-sidebar-style":"default","ast-global-header-display":"","ast-banner-title-visibility":"","ast-main-header-display":"","ast-hfb-above-header-display":"","ast-hfb-below-header-display":"","ast-hfb-mobile-header-display":"","site-post-title":"","ast-breadcrumbs-content":"","ast-featured-img":"","footer-sml-layout":"","ast-disable-related-posts":"","theme-transparent-header-meta":"default","adv-header-id-meta":"","stick-header-meta":"default","header-above-stick-meta":"","header-main-stick-meta":"","header-below-stick-meta":"","astra-migrate-meta-layouts":"set","ast-page-background-enabled":"default","ast-page-background-meta":{"desktop":{"background-color":"var(--ast-global-color-4)","background-image":"","background-repeat":"repeat","background-position":"center center","background-size":"auto","background-attachment":"scroll","background-type":"","background-media":"","overlay-type":"","overlay-color":"","overlay-opacity":"","overlay-gradient":""},"tablet":{"background-color":"","background-image":"","background-repeat":"repeat","background-position":"center center","background-size":"auto","background-attachment":"scroll","background-type":"","background-media":"","overlay-type":"","overlay-color":"","overlay-opacity":"","overlay-gradient":""},"mobile":{"background-color":"","background-image":"","background-repeat":"repeat","background-position":"center center","background-size":"auto","background-attachment":"scroll","background-type":"","background-media":"","overlay-type":"","overlay-color":"","overlay-opacity":"","overlay-gradient":""}},"ast-content-background-meta":{"desktop":{"background-color":"var(--ast-global-color-5)","background-image":"","background-repeat":"repeat","background-position":"center center","background-size":"auto","background-attachment":"scroll","background-type":"","background-media":"","overlay-type":"","overlay-color":"","overlay-opacity":"","overlay-gradient":""},"tablet":{"background-color":"var(--ast-global-color-5)","background-image":"","background-repeat":"repeat","background-position":"center center","background-size":"auto","background-attachment":"scroll","background-type":"","background-media":"","overlay-type":"","overlay-color":"","overlay-opacity":"","overlay-gradient":""},"mobile":{"background-color":"var(--ast-global-color-5)","background-image":"","background-repeat":"repeat","background-position":"center center","background-size":"auto","background-attachment":"scroll","background-type":"","background-media":"","overlay-type":"","overlay-color":"","overlay-opacity":"","overlay-gradient":""}}},"product_brand":[],"product_cat":[729],"product_tag":[1070,1071,1072,1073,1054,1074,1075,1058,1076,1077,1078,1079,1080,1081,1082,1083,1084,1085,1086,1087],"class_list":{"0":"post-2254","1":"product","2":"type-product","3":"status-publish","4":"has-post-thumbnail","6":"product_cat-wafer","7":"product_tag-200mm-quartz-wafer","8":"product_tag-8-inch-quartz-wafer","9":"product_tag-aerospace-quartz-wafer","10":"product_tag-chemical-resistant-quartz","11":"product_tag-custom-quartz-wafer","12":"product_tag-fused-quartz-plate","13":"product_tag-high-purity-fused-quartz","14":"product_tag-high-temperature-quartz-wafer","15":"product_tag-laser-system-wafer","16":"product_tag-low-thermal-expansion-quartz","17":"product_tag-mems-wafer","18":"product_tag-optical-grade-quartz-wafer","19":"product_tag-precision-sensors-wafer","20":"product_tag-ra-1-0nm","21":"product_tag-semiconductor-wafer-substrate","22":"product_tag-sio2-wafer","23":"product_tag-synthetic-quartz-wafer","24":"product_tag-thin-film-deposition-substrate","25":"product_tag-ttv-10m","26":"product_tag-uv-optical-device-wafer","27":"desktop-align-left","28":"tablet-align-left","29":"mobile-align-left","30":"ast-product-gallery-layout-horizontal-slider","31":"ast-product-tabs-layout-horizontal","33":"first","34":"instock","35":"shipping-taxable","36":"product-type-simple"},"_links":{"self":[{"href":"https:\/\/www.zmsh-semitech.com\/sv\/wp-json\/wp\/v2\/product\/2254","targetHints":{"allow":["GET"]}}],"collection":[{"href":"https:\/\/www.zmsh-semitech.com\/sv\/wp-json\/wp\/v2\/product"}],"about":[{"href":"https:\/\/www.zmsh-semitech.com\/sv\/wp-json\/wp\/v2\/types\/product"}],"replies":[{"embeddable":true,"href":"https:\/\/www.zmsh-semitech.com\/sv\/wp-json\/wp\/v2\/comments?post=2254"}],"version-history":[{"count":4,"href":"https:\/\/www.zmsh-semitech.com\/sv\/wp-json\/wp\/v2\/product\/2254\/revisions"}],"predecessor-version":[{"id":2269,"href":"https:\/\/www.zmsh-semitech.com\/sv\/wp-json\/wp\/v2\/product\/2254\/revisions\/2269"}],"wp:featuredmedia":[{"embeddable":true,"href":"https:\/\/www.zmsh-semitech.com\/sv\/wp-json\/wp\/v2\/media\/2265"}],"wp:attachment":[{"href":"https:\/\/www.zmsh-semitech.com\/sv\/wp-json\/wp\/v2\/media?parent=2254"}],"wp:term":[{"taxonomy":"product_brand","embeddable":true,"href":"https:\/\/www.zmsh-semitech.com\/sv\/wp-json\/wp\/v2\/product_brand?post=2254"},{"taxonomy":"product_cat","embeddable":true,"href":"https:\/\/www.zmsh-semitech.com\/sv\/wp-json\/wp\/v2\/product_cat?post=2254"},{"taxonomy":"product_tag","embeddable":true,"href":"https:\/\/www.zmsh-semitech.com\/sv\/wp-json\/wp\/v2\/product_tag?post=2254"}],"curies":[{"name":"wp","href":"https:\/\/api.w.org\/{rel}","templated":true}]}}