{"id":2253,"date":"2026-04-15T05:46:37","date_gmt":"2026-04-15T05:46:37","guid":{"rendered":"https:\/\/www.zmsh-semitech.com\/?post_type=product&#038;p=2253"},"modified":"2026-04-20T01:22:42","modified_gmt":"2026-04-20T01:22:42","slug":"2-inch-quartz-wafer-dsp-ssp-polished-substrate-for-mems-semiconductor-optical-use","status":"publish","type":"product","link":"https:\/\/www.zmsh-semitech.com\/sv\/product\/2-inch-quartz-wafer-dsp-ssp-polished-substrate-for-mems-semiconductor-optical-use\/","title":{"rendered":"2-tums Quartz Wafer DSP\/SSP Polerat substrat f\u00f6r MEMS, halvledare och optisk anv\u00e4ndning"},"content":{"rendered":"<h2 data-section-id=\"1bovg99\" data-start=\"217\" data-end=\"240\"><strong data-start=\"220\" data-end=\"240\">Produkt\u00f6versikt<\/strong><\/h2>\n<p data-start=\"242\" data-end=\"689\"><img fetchpriority=\"high\" decoding=\"async\" class=\"alignleft wp-image-2132 size-medium\" src=\"https:\/\/www.fuyao-quartz.com\/wp-content\/uploads\/2026\/03\/2-Inch-Quartz-Glass-Wafer-DSP-SSP-Diameter-50.8mm22-300x300.jpg\" alt=\"2-tums Quartz Wafer DSP\/SSP Polerat substrat f\u00f6r MEMS, halvledare och optisk anv\u00e4ndning\" width=\"300\" height=\"300\" \/>Den 2-tums kvartsskivan \u00e4r ett substrat av halvledarkvalitet tillverkat av kiseldioxid (SiO\u2082) med h\u00f6g renhet. Den uppn\u00e5r planhet p\u00e5 mikroniv\u00e5 genom precisionsbearbetningstekniker som CNC-sk\u00e4rning och laserpolering. Dessa wafers uppfyller SEMI-standarder och st\u00f6der anpassning av dimensioner och tjocklek (\u00b10,02 mm tolerans), vilket g\u00f6r dem l\u00e4mpliga f\u00f6r optoelektronik, MEMS (Micro-Electro-Mechanical Systems) och halvledaremballage.<\/p>\n<p data-start=\"691\" data-end=\"1119\">Fuyao erbjuder kundanpassad produktion f\u00f6r icke-standardiserade geometrier, inklusive friformsformer, graderad tjocklek och avancerade ytbehandlingar som antireflexbel\u00e4ggningar (AR) och hydrofoba filmer. Kvalitetskontroll av hela processen s\u00e4kerst\u00e4ller total tjockleksvariation (TTV) &lt;0,005 mm och ytj\u00e4mnhet Ra &lt;1,5 nm. Prototyptillverkning i sm\u00e5 serier (minst 10 enheter) och snabba leveransalternativ finns tillg\u00e4ngliga f\u00f6r tidsk\u00e4nsliga projekt.<\/p>\n<h1 data-section-id=\"w7qc3s\" data-start=\"1126\" data-end=\"1146\"><strong data-start=\"1128\" data-end=\"1146\">Specifikationer<\/strong><\/h1>\n<table class=\"w-fit min-w-(--thread-content-width)\" data-start=\"1148\" data-end=\"1633\">\n<thead data-start=\"1148\" data-end=\"1177\">\n<tr data-start=\"1148\" data-end=\"1177\">\n<th class=\"\" data-start=\"1148\" data-end=\"1160\" data-col-size=\"sm\">Parameter<\/th>\n<th class=\"\" data-start=\"1160\" data-end=\"1177\" data-col-size=\"sm\">Specifikation<\/th>\n<\/tr>\n<\/thead>\n<tbody data-start=\"1188\" data-end=\"1633\">\n<tr data-start=\"1188\" data-end=\"1219\">\n<td data-start=\"1188\" data-end=\"1199\" data-col-size=\"sm\">Diameter<\/td>\n<td data-col-size=\"sm\" data-start=\"1199\" data-end=\"1219\">2 tum (50,8 mm)<\/td>\n<\/tr>\n<tr data-start=\"1220\" data-end=\"1257\">\n<td data-start=\"1220\" data-end=\"1238\" data-col-size=\"sm\">Tjocklek Intervall<\/td>\n<td data-col-size=\"sm\" data-start=\"1238\" data-end=\"1257\">0,1 mm - 1,0 mm<\/td>\n<\/tr>\n<tr data-start=\"1258\" data-end=\"1287\">\n<td data-start=\"1258\" data-end=\"1276\" data-col-size=\"sm\">Materialets renhet<\/td>\n<td data-col-size=\"sm\" data-start=\"1276\" data-end=\"1287\">\u226599,99%<\/td>\n<\/tr>\n<tr data-start=\"1288\" data-end=\"1322\">\n<td data-start=\"1288\" data-end=\"1313\" data-col-size=\"sm\">Ytj\u00e4mnhet (Ra)<\/td>\n<td data-col-size=\"sm\" data-start=\"1313\" data-end=\"1322\">\u22645 nm<\/td>\n<\/tr>\n<tr data-start=\"1323\" data-end=\"1361\">\n<td data-start=\"1323\" data-end=\"1351\" data-col-size=\"sm\">Total tjockleksvariation<\/td>\n<td data-col-size=\"sm\" data-start=\"1351\" data-end=\"1361\">\u226410 \u03bcm<\/td>\n<\/tr>\n<tr data-start=\"1362\" data-end=\"1396\">\n<td data-start=\"1362\" data-end=\"1388\" data-col-size=\"sm\">Transmittans (@193 nm)<\/td>\n<td data-col-size=\"sm\" data-start=\"1388\" data-end=\"1396\">&gt;90%<\/td>\n<\/tr>\n<tr data-start=\"1397\" data-end=\"1449\">\n<td data-start=\"1397\" data-end=\"1432\" data-col-size=\"sm\">Koefficient f\u00f6r termisk expansion<\/td>\n<td data-col-size=\"sm\" data-start=\"1432\" data-end=\"1449\">~0.55\u00d710-\u2076\/\u00b0C<\/td>\n<\/tr>\n<tr data-start=\"1450\" data-end=\"1479\">\n<td data-start=\"1450\" data-end=\"1468\" data-col-size=\"sm\">Mjukg\u00f6rande punkt<\/td>\n<td data-col-size=\"sm\" data-start=\"1468\" data-end=\"1479\">~1665\u00b0C<\/td>\n<\/tr>\n<tr data-start=\"1480\" data-end=\"1515\">\n<td data-start=\"1480\" data-end=\"1492\" data-col-size=\"sm\">F\u00f6rpackning<\/td>\n<td data-col-size=\"sm\" data-start=\"1492\" data-end=\"1515\">Renrum p\u00e5 100 niv\u00e5er<\/td>\n<\/tr>\n<\/tbody>\n<\/table>\n<div class=\"TyagGW_tableContainer\">\n<div class=\"group TyagGW_tableWrapper flex flex-col-reverse w-fit\" tabindex=\"-1\"><strong style=\"font-size: 2em;\" data-start=\"1642\" data-end=\"1665\">Viktiga egenskaper<\/strong><\/div>\n<\/div>\n<p data-start=\"1667\" data-end=\"1689\">1 Optisk spetskompetens<\/p>\n<ul data-start=\"1690\" data-end=\"1956\">\n<li data-section-id=\"nemsbs\" data-start=\"1690\" data-end=\"1818\">\n<p data-start=\"1692\" data-end=\"1818\">Transmittans \u00f6ver ett brett spektrum: &gt;90% i det ultravioletta omr\u00e5det (185-3500 nm), med \u00f6verl\u00e4gsen kortv\u00e5gig UV-prestanda (185 nm).<img decoding=\"async\" class=\"size-medium wp-image-2133 alignright\" src=\"https:\/\/www.fuyao-quartz.com\/wp-content\/uploads\/2026\/03\/2-Inch-Quartz-Glass-Wafer-DSP-SSP-Diameter-50.8mm11-300x300.jpg\" alt=\"2 tums kvartsglasskiva dsp ssp diameter 50,8mm\" width=\"300\" height=\"300\" \/><\/p>\n<\/li>\n<li data-section-id=\"1up6lta\" data-start=\"1819\" data-end=\"1956\">\n<p data-start=\"1821\" data-end=\"1956\">L\u00e5g termisk expansion: CTE ~0,52\u00d710-\u2076\/\u00b0C (5-35\u00b0C), t\u00e5l l\u00e5ngtidstemperaturer upp till 1100\u00b0C och korttidsexponering upp till 1450\u00b0C.<\/p>\n<\/li>\n<\/ul>\n<p data-start=\"1958\" data-end=\"1995\">2 Mekanisk och kemisk stabilitet<\/p>\n<ul data-start=\"1996\" data-end=\"2190\">\n<li data-section-id=\"xr75lz\" data-start=\"1996\" data-end=\"2082\">\n<p data-start=\"1998\" data-end=\"2082\">H\u00f6g h\u00e5llfasthet: B\u00f6jh\u00e5llfasthet 2-3\u00d7 h\u00f6gre \u00e4n standardglas, Mohs h\u00e5rdhet 7.<\/p>\n<\/li>\n<li data-section-id=\"qdqhw0\" data-start=\"2083\" data-end=\"2190\">\n<p data-start=\"2085\" data-end=\"2190\">Motst\u00e5ndskraft mot korrosion: 30\u00d7 h\u00f6gre syrabest\u00e4ndighet \u00e4n keramik, l\u00e4mplig f\u00f6r tuffa kemiska milj\u00f6er.<\/p>\n<\/li>\n<\/ul>\n<p data-start=\"2192\" data-end=\"2217\">3 Elektrisk isolering<\/p>\n<ul data-start=\"2218\" data-end=\"2332\">\n<li data-section-id=\"q09nlj\" data-start=\"2218\" data-end=\"2332\">\n<p data-start=\"2220\" data-end=\"2332\">Resistivitet \u00f6ver 10\u00b9\u2078 \u03a9-cm med l\u00e5g dielektrisk f\u00f6rlust vid h\u00f6ga frekvenser, idealisk f\u00f6r RF-kretsar och sensorer.<\/p>\n<\/li>\n<\/ul>\n<h1 data-section-id=\"1suq60z\" data-start=\"2339\" data-end=\"2365\"><strong data-start=\"2341\" data-end=\"2365\">Prim\u00e4ra till\u00e4mpningar<\/strong><\/h1>\n<p data-start=\"2367\" data-end=\"2398\">1 Halvledartillverkning<\/p>\n<ul data-start=\"2399\" data-end=\"2642\">\n<li data-section-id=\"ay8lkm\" data-start=\"2399\" data-end=\"2524\">\n<p data-start=\"2401\" data-end=\"2524\">Substrat f\u00f6r CMOS-bildsensorer och f\u00f6rpackning av RFID-chip, som st\u00f6der WLP (wafer-level packaging) f\u00f6r h\u00f6gre integration.<\/p>\n<\/li>\n<li data-section-id=\"mkidgm\" data-start=\"2525\" data-end=\"2642\">\n<p data-start=\"2527\" data-end=\"2642\">Substrat f\u00f6r MEMS-enheter (t.ex. trycksensorer, accelerometrar) som s\u00e4kerst\u00e4ller strukturell stabilitet f\u00f6r mikrokomponenter.<\/p>\n<\/li>\n<\/ul>\n<p data-start=\"2644\" data-end=\"2670\">2 Optoelektroniska system<\/p>\n<ul data-start=\"2671\" data-end=\"2841\">\n<li data-section-id=\"105rzi4\" data-start=\"2671\" data-end=\"2769\">\n<p data-start=\"2673\" data-end=\"2769\">UV-laserf\u00f6nster och fiberoptiska kommunikationskopplare som utnyttjar utm\u00e4rkt UV-transmission.<\/p>\n<\/li>\n<li data-section-id=\"1e9auxg\" data-start=\"2770\" data-end=\"2841\">\n<p data-start=\"2772\" data-end=\"2841\">Optiska f\u00f6nster f\u00f6r flyg- och rymdindustrin som \u00e4r resistenta mot str\u00e5lning och termisk cykling.<\/p>\n<\/li>\n<\/ul>\n<p data-start=\"2843\" data-end=\"2867\">3 Medicin och forskning<\/p>\n<ul data-start=\"2868\" data-end=\"3001\">\n<li data-section-id=\"kj96yb\" data-start=\"2868\" data-end=\"2939\">\n<p data-start=\"2870\" data-end=\"2939\">Optiska komponenter f\u00f6r h\u00f6g temperatur f\u00f6r endoskopiska bildsystem.<\/p>\n<\/li>\n<li data-section-id=\"18y49e0\" data-start=\"2940\" data-end=\"3001\">\n<p data-start=\"2942\" data-end=\"3001\">V\u00e4rmebest\u00e4ndiga observationsf\u00f6nster f\u00f6r laboratoriereaktorer.<\/p>\n<\/li>\n<\/ul>\n<p data-start=\"3003\" data-end=\"3039\">4 specialiserade f\u00f6nsterplattor av kvarts<\/p>\n<ul data-start=\"3040\" data-end=\"3372\">\n<li data-section-id=\"toaotg\" data-start=\"3040\" data-end=\"3102\">\n<p data-start=\"3042\" data-end=\"3102\">Friformade ytor, asymmetriska \u00f6ppningar, graderad tjocklek.<\/p>\n<\/li>\n<li data-section-id=\"17bkuwy\" data-start=\"3103\" data-end=\"3156\">\n<p data-start=\"3105\" data-end=\"3156\">Vinklade f\u00f6nster f\u00f6r att minimera reflektionsf\u00f6rluster.<\/p>\n<\/li>\n<li data-section-id=\"hue61i\" data-start=\"3157\" data-end=\"3211\">\n<p data-start=\"3159\" data-end=\"3211\">Genomg\u00e5ende f\u00f6nsterh\u00e5l f\u00f6r integrering av flera sensorer.<\/p>\n<\/li>\n<li data-section-id=\"hhfdk8\" data-start=\"3212\" data-end=\"3372\">\n<p data-start=\"3214\" data-end=\"3372\">Snabb prototyptillverkning: 3-5 dagar f\u00f6r prover, sm\u00e5 serier p\u00e5 &lt;500 enheter, valfria vakuumbel\u00e4ggningar (AR-bel\u00e4ggningar eller reflekterande bel\u00e4ggningar) f\u00f6r forskning och milit\u00e4ra till\u00e4mpningar.<\/p>\n<\/li>\n<\/ul>\n<h1 data-section-id=\"1iusff4\" data-start=\"3379\" data-end=\"3388\"><strong data-start=\"3381\" data-end=\"3388\">VANLIGA FR\u00c5GOR<\/strong><\/h1>\n<p data-start=\"3390\" data-end=\"3791\"><strong>1 Varf\u00f6r v\u00e4lja 2-tums kvartsskivor?<\/strong><br data-start=\"3423\" data-end=\"3426\" \/>2-tums kvartsskivor \u00e4r halvledarkvalitetssubstrat tillverkade av kiseldioxid (SiO\u2082) med h\u00f6g renhet. De uppn\u00e5r planhet p\u00e5 mikroniv\u00e5 med hj\u00e4lp av CNC-precisionssk\u00e4rning och laserpolering. Dessa wafers st\u00f6der anpassning i dimensioner och tjocklek (\u00b10,02 mm) och uppfyller SEMI-standarder, vilket g\u00f6r dem idealiska f\u00f6r optoelektronik, MEMS och halvledarf\u00f6rpackningar.<\/p>\n<p data-start=\"3793\" data-end=\"4146\"><strong>2 Vilka \u00e4r de prim\u00e4ra anv\u00e4ndningsomr\u00e5dena f\u00f6r 2-tums kvartsskivor?<\/strong><br data-start=\"3852\" data-end=\"3855\" \/>De anv\u00e4nds fr\u00e4mst inom halvledartillverkning (CMOS-bildsensorer, f\u00f6rpackning av RFID-chip), UV-laserf\u00f6nster, fiberoptiska kommunikationskopplare och optiska komponenter inom flygindustrin. Anpassade ytbehandlingar, t.ex. antireflexbel\u00e4ggningar, f\u00f6rb\u00e4ttrar prestandan i h\u00f6gprecisionssystem.<\/p>","protected":false},"excerpt":{"rendered":"<p>Den 2-tums kvartsskivan \u00e4r ett substrat av halvledarkvalitet tillverkat av kiseldioxid (SiO\u2082) med h\u00f6g renhet. Den uppn\u00e5r planhet p\u00e5 mikroniv\u00e5 genom precisionsbearbetningstekniker som CNC-sk\u00e4rning och laserpolering. Dessa wafers uppfyller SEMI-standarder och st\u00f6der anpassning av dimensioner och tjocklek (\u00b10,02 mm tolerans), vilket g\u00f6r dem l\u00e4mpliga f\u00f6r optoelektronik, MEMS (Micro-Electro-Mechanical Systems) och halvledaremballage.<\/p>","protected":false},"featured_media":2272,"comment_status":"open","ping_status":"closed","template":"","meta":{"site-sidebar-layout":"default","site-content-layout":"","ast-site-content-layout":"default","site-content-style":"default","site-sidebar-style":"default","ast-global-header-display":"","ast-banner-title-visibility":"","ast-main-header-display":"","ast-hfb-above-header-display":"","ast-hfb-below-header-display":"","ast-hfb-mobile-header-display":"","site-post-title":"","ast-breadcrumbs-content":"","ast-featured-img":"","footer-sml-layout":"","ast-disable-related-posts":"","theme-transparent-header-meta":"default","adv-header-id-meta":"","stick-header-meta":"default","header-above-stick-meta":"","header-main-stick-meta":"","header-below-stick-meta":"","astra-migrate-meta-layouts":"set","ast-page-background-enabled":"default","ast-page-background-meta":{"desktop":{"background-color":"var(--ast-global-color-4)","background-image":"","background-repeat":"repeat","background-position":"center center","background-size":"auto","background-attachment":"scroll","background-type":"","background-media":"","overlay-type":"","overlay-color":"","overlay-opacity":"","overlay-gradient":""},"tablet":{"background-color":"","background-image":"","background-repeat":"repeat","background-position":"center center","background-size":"auto","background-attachment":"scroll","background-type":"","background-media":"","overlay-type":"","overlay-color":"","overlay-opacity":"","overlay-gradient":""},"mobile":{"background-color":"","background-image":"","background-repeat":"repeat","background-position":"center center","background-size":"auto","background-attachment":"scroll","background-type":"","background-media":"","overlay-type":"","overlay-color":"","overlay-opacity":"","overlay-gradient":""}},"ast-content-background-meta":{"desktop":{"background-color":"var(--ast-global-color-5)","background-image":"","background-repeat":"repeat","background-position":"center center","background-size":"auto","background-attachment":"scroll","background-type":"","background-media":"","overlay-type":"","overlay-color":"","overlay-opacity":"","overlay-gradient":""},"tablet":{"background-color":"var(--ast-global-color-5)","background-image":"","background-repeat":"repeat","background-position":"center center","background-size":"auto","background-attachment":"scroll","background-type":"","background-media":"","overlay-type":"","overlay-color":"","overlay-opacity":"","overlay-gradient":""},"mobile":{"background-color":"var(--ast-global-color-5)","background-image":"","background-repeat":"repeat","background-position":"center center","background-size":"auto","background-attachment":"scroll","background-type":"","background-media":"","overlay-type":"","overlay-color":"","overlay-opacity":"","overlay-gradient":""}}},"product_brand":[],"product_cat":[729],"product_tag":[1050,1051,1052,1053,1054,1055,1056,1057,1058,1059,1060,1061,1062,1063,1064,1065,1066,1067,1068,1069],"class_list":{"0":"post-2253","1":"product","2":"type-product","3":"status-publish","4":"has-post-thumbnail","6":"product_cat-wafer","7":"product_tag-2-inch-quartz-wafer","8":"product_tag-50-8mm-quartz-wafer","9":"product_tag-anti-reflective-coated-quartz","10":"product_tag-cmos-wafer","11":"product_tag-custom-quartz-wafer","12":"product_tag-dsp-quartz-wafer","13":"product_tag-fused-silica-wafer","14":"product_tag-high-purity-quartz-wafer","15":"product_tag-high-temperature-quartz-wafer","16":"product_tag-laboratory-quartz-window","17":"product_tag-mems-substrate","18":"product_tag-optical-quartz-wafer","19":"product_tag-precision-quartz-substrate","20":"product_tag-quartz-glass-wafer","21":"product_tag-quartz-wafer-for-photolithography","22":"product_tag-rfid-chip-wafer","23":"product_tag-semiconductor-quartz-wafer","24":"product_tag-ssp-quartz-wafer","25":"product_tag-thin-quartz-wafer","26":"product_tag-uv-quartz-wafer","27":"desktop-align-left","28":"tablet-align-left","29":"mobile-align-left","30":"ast-product-gallery-layout-horizontal-slider","31":"ast-product-tabs-layout-horizontal","33":"first","34":"instock","35":"shipping-taxable","36":"product-type-simple"},"_links":{"self":[{"href":"https:\/\/www.zmsh-semitech.com\/sv\/wp-json\/wp\/v2\/product\/2253","targetHints":{"allow":["GET"]}}],"collection":[{"href":"https:\/\/www.zmsh-semitech.com\/sv\/wp-json\/wp\/v2\/product"}],"about":[{"href":"https:\/\/www.zmsh-semitech.com\/sv\/wp-json\/wp\/v2\/types\/product"}],"replies":[{"embeddable":true,"href":"https:\/\/www.zmsh-semitech.com\/sv\/wp-json\/wp\/v2\/comments?post=2253"}],"version-history":[{"count":4,"href":"https:\/\/www.zmsh-semitech.com\/sv\/wp-json\/wp\/v2\/product\/2253\/revisions"}],"predecessor-version":[{"id":2271,"href":"https:\/\/www.zmsh-semitech.com\/sv\/wp-json\/wp\/v2\/product\/2253\/revisions\/2271"}],"wp:featuredmedia":[{"embeddable":true,"href":"https:\/\/www.zmsh-semitech.com\/sv\/wp-json\/wp\/v2\/media\/2272"}],"wp:attachment":[{"href":"https:\/\/www.zmsh-semitech.com\/sv\/wp-json\/wp\/v2\/media?parent=2253"}],"wp:term":[{"taxonomy":"product_brand","embeddable":true,"href":"https:\/\/www.zmsh-semitech.com\/sv\/wp-json\/wp\/v2\/product_brand?post=2253"},{"taxonomy":"product_cat","embeddable":true,"href":"https:\/\/www.zmsh-semitech.com\/sv\/wp-json\/wp\/v2\/product_cat?post=2253"},{"taxonomy":"product_tag","embeddable":true,"href":"https:\/\/www.zmsh-semitech.com\/sv\/wp-json\/wp\/v2\/product_tag?post=2253"}],"curies":[{"name":"wp","href":"https:\/\/api.w.org\/{rel}","templated":true}]}}