{"id":2196,"date":"2026-04-14T06:34:45","date_gmt":"2026-04-14T06:34:45","guid":{"rendered":"https:\/\/www.zmsh-semitech.com\/?post_type=product&#038;p=2196"},"modified":"2026-04-14T06:34:48","modified_gmt":"2026-04-14T06:34:48","slug":"2-inch-6h-n-silicon-carbide-wafer","status":"publish","type":"product","link":"https:\/\/www.zmsh-semitech.com\/sv\/product\/2-inch-6h-n-silicon-carbide-wafer\/","title":{"rendered":"2-tums 6H-N kiselkarbidskiva"},"content":{"rendered":"<p data-start=\"963\" data-end=\"1235\"><img fetchpriority=\"high\" decoding=\"async\" class=\"alignright wp-image-2200 size-medium\" src=\"https:\/\/www.zmsh-semitech.com\/wp-content\/uploads\/2026\/04\/2-Inch-6H-N-Silicon-Carbide-Wafer-4-300x300.jpg\" alt=\"2-tums 6H-N kiselkarbidskiva\" width=\"300\" height=\"300\" srcset=\"https:\/\/www.zmsh-semitech.com\/wp-content\/uploads\/2026\/04\/2-Inch-6H-N-Silicon-Carbide-Wafer-4-300x300.jpg 300w, https:\/\/www.zmsh-semitech.com\/wp-content\/uploads\/2026\/04\/2-Inch-6H-N-Silicon-Carbide-Wafer-4-150x150.jpg 150w, https:\/\/www.zmsh-semitech.com\/wp-content\/uploads\/2026\/04\/2-Inch-6H-N-Silicon-Carbide-Wafer-4-12x12.jpg 12w, https:\/\/www.zmsh-semitech.com\/wp-content\/uploads\/2026\/04\/2-Inch-6H-N-Silicon-Carbide-Wafer-4-600x600.jpg 600w, https:\/\/www.zmsh-semitech.com\/wp-content\/uploads\/2026\/04\/2-Inch-6H-N-Silicon-Carbide-Wafer-4-100x100.jpg 100w, https:\/\/www.zmsh-semitech.com\/wp-content\/uploads\/2026\/04\/2-Inch-6H-N-Silicon-Carbide-Wafer-4.jpg 768w\" sizes=\"(max-width: 300px) 100vw, 300px\" \/>Den 2-tums 6H-N kiselkarbidskivan \u00e4r ett enkristallint substrat som \u00e4r konstruerat f\u00f6r b\u00e5de forskning och applikationer p\u00e5 enhetsniv\u00e5. 6H-polytypen har en hexagonal kristallstruktur som ger stabil elektrisk ledningsf\u00f6rm\u00e5ga och god termisk prestanda under kr\u00e4vande f\u00f6rh\u00e5llanden.<\/p>\n<p data-start=\"1237\" data-end=\"1566\">Med ett bandgap p\u00e5 cirka 3,02 eV m\u00f6jligg\u00f6r 6H-SiC drift i milj\u00f6er d\u00e4r traditionella kiselmaterial inte fungerar, s\u00e4rskilt under h\u00f6gsp\u00e4nnings-, h\u00f6gtemperatur- och h\u00f6gfrekvensf\u00f6rh\u00e5llanden. Detta g\u00f6r det l\u00e4mpligt f\u00f6r prototyptillverkning av enheter i ett tidigt skede, materialtestning och specialiserad tillverkning av elektroniska komponenter.<\/p>\n<p data-start=\"1568\" data-end=\"1831\">ZMSH SiC-wafers tillverkas med hj\u00e4lp av kontrollerade kristalltillv\u00e4xttekniker f\u00f6r att s\u00e4kerst\u00e4lla konsekvent resistivitet, l\u00e5g defektdensitet och h\u00f6g ytkvalitet. Dessa parametrar \u00e4r avg\u00f6rande f\u00f6r att s\u00e4kerst\u00e4lla reproducerbara experimentella resultat och stabila enhetsprestanda.<\/p>\n<h2 data-section-id=\"1ma7m6t\" data-start=\"1838\" data-end=\"1853\">Viktiga funktioner<\/h2>\n<h3 data-section-id=\"vnr6ly\" data-start=\"1855\" data-end=\"1886\">Ledande struktur av N-typ<\/h3>\n<p data-start=\"1887\" data-end=\"2053\">Skivan \u00e4r dopad som N-typ, vilket ger stabila elektronledningsv\u00e4gar som \u00e4r l\u00e4mpliga f\u00f6r tillverkning av halvledaranordningar och elektriska karakteriseringsexperiment.<\/p>\n<h3 data-section-id=\"11p7cxy\" data-start=\"2055\" data-end=\"2094\">Halvledarmaterial med brett bandgap<\/h3>\n<p data-start=\"2095\" data-end=\"2265\">Med ett bandgap p\u00e5 ~3,02 eV st\u00f6der SiC betydligt h\u00f6gre elektrisk f\u00e4ltstyrka j\u00e4mf\u00f6rt med kisel, vilket m\u00f6jligg\u00f6r h\u00f6gsp\u00e4nningsdrift och f\u00f6rb\u00e4ttrad enhetseffektivitet.<\/p>\n<h3 data-section-id=\"e3yx30\" data-start=\"2267\" data-end=\"2296\">H\u00f6g v\u00e4rmeledningsf\u00f6rm\u00e5ga<\/h3>\n<p data-start=\"2297\" data-end=\"2499\">SiC har utm\u00e4rkt v\u00e4rmeledningsf\u00f6rm\u00e5ga, vilket m\u00f6jligg\u00f6r effektiv v\u00e4rmeavledning fr\u00e5n aktiva komponentomr\u00e5den. Detta f\u00f6rb\u00e4ttrar enhetens tillf\u00f6rlitlighet och f\u00f6rl\u00e4nger drifttiden i h\u00f6geffektsapplikationer.<\/p>\n<h3 data-section-id=\"1wy3za\" data-start=\"2501\" data-end=\"2529\">H\u00f6g mekanisk h\u00e5llfasthet<\/h3>\n<p data-start=\"2530\" data-end=\"2685\">Med en Mohs-h\u00e5rdhet p\u00e5 cirka 9,2 erbjuder SiC-wafers ett starkt motst\u00e5nd mot mekaniska skador, ytslitage och bearbetningssp\u00e4nningar under tillverkningen.<\/p>\n<h3 data-section-id=\"1q1cz8k\" data-start=\"2687\" data-end=\"2720\">Elektriskt f\u00e4lt med h\u00f6g nedbrytning<\/h3>\n<p data-start=\"2721\" data-end=\"2879\">Den h\u00f6ga f\u00e4ltstyrkan vid genombrott m\u00f6jligg\u00f6r kompakta komponentstrukturer med bibeh\u00e5llen h\u00f6g sp\u00e4nningstolerans, vilket g\u00f6r SiC idealiskt f\u00f6r avancerad kraftelektronik.<\/p>\n<h2 data-section-id=\"1cgu054\" data-start=\"2886\" data-end=\"2913\">Tekniska specifikationer<\/h2>\n<div class=\"TyagGW_tableContainer\">\n<div class=\"group TyagGW_tableWrapper flex flex-col-reverse w-fit\" tabindex=\"-1\">\n<table class=\"w-fit min-w-(--thread-content-width)\" data-start=\"2915\" data-end=\"3396\">\n<thead data-start=\"2915\" data-end=\"2944\">\n<tr data-start=\"2915\" data-end=\"2944\">\n<th class=\"\" data-start=\"2915\" data-end=\"2927\" data-col-size=\"sm\">Parameter<\/th>\n<th class=\"\" data-start=\"2927\" data-end=\"2944\" data-col-size=\"sm\">Specifikation<\/th>\n<\/tr>\n<\/thead>\n<tbody data-start=\"2974\" data-end=\"3396\">\n<tr data-start=\"2974\" data-end=\"3019\">\n<td data-start=\"2974\" data-end=\"2985\" data-col-size=\"sm\">Material<\/td>\n<td data-start=\"2985\" data-end=\"3019\" data-col-size=\"sm\">Enkristallin kiselkarbid<\/td>\n<\/tr>\n<tr data-start=\"3020\" data-end=\"3036\">\n<td data-start=\"3020\" data-end=\"3028\" data-col-size=\"sm\">Varum\u00e4rke<\/td>\n<td data-col-size=\"sm\" data-start=\"3028\" data-end=\"3036\">ZMSH<\/td>\n<\/tr>\n<tr data-start=\"3037\" data-end=\"3056\">\n<td data-start=\"3037\" data-end=\"3048\" data-col-size=\"sm\">Polytyp<\/td>\n<td data-start=\"3048\" data-end=\"3056\" data-col-size=\"sm\">6H-N<\/td>\n<\/tr>\n<tr data-start=\"3057\" data-end=\"3088\">\n<td data-start=\"3057\" data-end=\"3068\" data-col-size=\"sm\">Diameter<\/td>\n<td data-start=\"3068\" data-end=\"3088\" data-col-size=\"sm\">2 tum (50,8 mm)<\/td>\n<\/tr>\n<tr data-start=\"3089\" data-end=\"3120\">\n<td data-start=\"3089\" data-end=\"3101\" data-col-size=\"sm\">Tjocklek<\/td>\n<td data-col-size=\"sm\" data-start=\"3101\" data-end=\"3120\">350 \u03bcm \/ 650 \u03bcm<\/td>\n<\/tr>\n<tr data-start=\"3121\" data-end=\"3151\">\n<td data-start=\"3121\" data-end=\"3141\" data-col-size=\"sm\">Typ av konduktivitet<\/td>\n<td data-start=\"3141\" data-end=\"3151\" data-col-size=\"sm\">N-typ<\/td>\n<\/tr>\n<tr data-start=\"3152\" data-end=\"3193\">\n<td data-start=\"3152\" data-end=\"3169\" data-col-size=\"sm\">Ytfinish<\/td>\n<td data-start=\"3169\" data-end=\"3193\" data-col-size=\"sm\">CMP Polerad Si-yta<\/td>\n<\/tr>\n<tr data-start=\"3194\" data-end=\"3236\">\n<td data-start=\"3194\" data-end=\"3213\" data-col-size=\"sm\">Behandling av C-ansikte<\/td>\n<td data-col-size=\"sm\" data-start=\"3213\" data-end=\"3236\">Mekanisk polerad<\/td>\n<\/tr>\n<tr data-start=\"3237\" data-end=\"3282\">\n<td data-start=\"3237\" data-end=\"3257\" data-col-size=\"sm\">Ytj\u00e4mnhet<\/td>\n<td data-start=\"3257\" data-end=\"3282\" data-col-size=\"sm\">Ra &lt; 0,2 nm (Si-yta)<\/td>\n<\/tr>\n<tr data-start=\"3283\" data-end=\"3319\">\n<td data-start=\"3283\" data-end=\"3297\" data-col-size=\"sm\">Resistivitet<\/td>\n<td data-start=\"3297\" data-end=\"3319\" data-col-size=\"sm\">0,015 - 0,028 \u03a9-cm<\/td>\n<\/tr>\n<tr data-start=\"3320\" data-end=\"3357\">\n<td data-start=\"3320\" data-end=\"3328\" data-col-size=\"sm\">F\u00e4rg<\/td>\n<td data-start=\"3328\" data-end=\"3357\" data-col-size=\"sm\">Transparent \/ Ljusgr\u00f6n<\/td>\n<\/tr>\n<tr data-start=\"3358\" data-end=\"3396\">\n<td data-start=\"3358\" data-end=\"3370\" data-col-size=\"sm\">F\u00f6rpackning<\/td>\n<td data-col-size=\"sm\" data-start=\"3370\" data-end=\"3396\">Beh\u00e5llare f\u00f6r enstaka skivor<\/td>\n<\/tr>\n<\/tbody>\n<\/table>\n<\/div>\n<\/div>\n<h2 data-section-id=\"1n7fwp8\" data-start=\"3403\" data-end=\"3435\">Materialegenskaper f\u00f6r 6H-SiC<\/h2>\n<div class=\"TyagGW_tableContainer\">\n<div class=\"group TyagGW_tableWrapper flex flex-col-reverse w-fit\" tabindex=\"-1\">\n<table class=\"w-fit min-w-(--thread-content-width)\" data-start=\"3437\" data-end=\"3869\">\n<thead data-start=\"3437\" data-end=\"3457\">\n<tr data-start=\"3437\" data-end=\"3457\">\n<th class=\"\" data-start=\"3437\" data-end=\"3448\" data-col-size=\"sm\">Fastighet<\/th>\n<th class=\"\" data-start=\"3448\" data-end=\"3457\" data-col-size=\"sm\">V\u00e4rde<\/th>\n<\/tr>\n<\/thead>\n<tbody data-start=\"3478\" data-end=\"3869\">\n<tr data-start=\"3478\" data-end=\"3528\">\n<td data-start=\"3478\" data-end=\"3499\" data-col-size=\"sm\">Parametrar f\u00f6r gitter<\/td>\n<td data-col-size=\"sm\" data-start=\"3499\" data-end=\"3528\">a = 3,073 \u00c5, c = 15,117 \u00c5<\/td>\n<\/tr>\n<tr data-start=\"3529\" data-end=\"3554\">\n<td data-start=\"3529\" data-end=\"3545\" data-col-size=\"sm\">Mohs h\u00e5rdhet<\/td>\n<td data-start=\"3545\" data-end=\"3554\" data-col-size=\"sm\">\u2248 9.2<\/td>\n<\/tr>\n<tr data-start=\"3555\" data-end=\"3579\">\n<td data-start=\"3555\" data-end=\"3565\" data-col-size=\"sm\">T\u00e4thet<\/td>\n<td data-start=\"3565\" data-end=\"3579\" data-col-size=\"sm\">3,21 g\/cm\u00b3<\/td>\n<\/tr>\n<tr data-start=\"3580\" data-end=\"3628\">\n<td data-start=\"3580\" data-end=\"3612\" data-col-size=\"sm\">Termisk expansionskoefficient<\/td>\n<td data-col-size=\"sm\" data-start=\"3612\" data-end=\"3628\">4-5 \u00d710-\u2076 \/K<\/td>\n<\/tr>\n<tr data-start=\"3629\" data-end=\"3681\">\n<td data-start=\"3629\" data-end=\"3657\" data-col-size=\"sm\">Brytningsindex (750 nm)<\/td>\n<td data-col-size=\"sm\" data-start=\"3657\" data-end=\"3681\">n\u2080 = 2,60, n\u2091 = 2,65<\/td>\n<\/tr>\n<tr data-start=\"3682\" data-end=\"3714\">\n<td data-start=\"3682\" data-end=\"3704\" data-col-size=\"sm\">Dielektrisk konstant<\/td>\n<td data-col-size=\"sm\" data-start=\"3704\" data-end=\"3714\">\u2248 9.66<\/td>\n<\/tr>\n<tr data-start=\"3715\" data-end=\"3757\">\n<td data-start=\"3715\" data-end=\"3738\" data-col-size=\"sm\">Termisk konduktivitet<\/td>\n<td data-col-size=\"sm\" data-start=\"3738\" data-end=\"3757\">~3,7-3,9 W\/cm-K<\/td>\n<\/tr>\n<tr data-start=\"3758\" data-end=\"3779\">\n<td data-start=\"3758\" data-end=\"3768\" data-col-size=\"sm\">Bandgap<\/td>\n<td data-col-size=\"sm\" data-start=\"3768\" data-end=\"3779\">3,02 eV<\/td>\n<\/tr>\n<tr data-start=\"3780\" data-end=\"3824\">\n<td data-start=\"3780\" data-end=\"3807\" data-col-size=\"sm\">Uppdelning Elektriskt f\u00e4lt<\/td>\n<td data-start=\"3807\" data-end=\"3824\" data-col-size=\"sm\">3-5 \u00d710\u2076 V\/cm<\/td>\n<\/tr>\n<tr data-start=\"3825\" data-end=\"3869\">\n<td data-start=\"3825\" data-end=\"3853\" data-col-size=\"sm\">M\u00e4ttnad Drift Hastighet<\/td>\n<td data-start=\"3853\" data-end=\"3869\" data-col-size=\"sm\">2,0 \u00d710\u2075 m\/s<\/td>\n<\/tr>\n<\/tbody>\n<\/table>\n<\/div>\n<\/div>\n<p data-start=\"3871\" data-end=\"4019\">Dessa inneboende fysiska egenskaper g\u00f6r 6H-SiC l\u00e4mplig f\u00f6r applikationer som kr\u00e4ver stabil prestanda under extrema elektriska och termiska f\u00f6rh\u00e5llanden.<\/p>\n<h2 data-section-id=\"2gad1q\" data-start=\"4026\" data-end=\"4050\"><img decoding=\"async\" class=\"alignright wp-image-2199 size-medium\" src=\"https:\/\/www.zmsh-semitech.com\/wp-content\/uploads\/2026\/04\/2-Inch-6H-N-Silicon-Carbide-Wafer-3-300x300.jpg\" alt=\"2-tums 6H-N kiselkarbidskiva\" width=\"300\" height=\"300\" srcset=\"https:\/\/www.zmsh-semitech.com\/wp-content\/uploads\/2026\/04\/2-Inch-6H-N-Silicon-Carbide-Wafer-3-300x300.jpg 300w, https:\/\/www.zmsh-semitech.com\/wp-content\/uploads\/2026\/04\/2-Inch-6H-N-Silicon-Carbide-Wafer-3-150x150.jpg 150w, https:\/\/www.zmsh-semitech.com\/wp-content\/uploads\/2026\/04\/2-Inch-6H-N-Silicon-Carbide-Wafer-3-12x12.jpg 12w, https:\/\/www.zmsh-semitech.com\/wp-content\/uploads\/2026\/04\/2-Inch-6H-N-Silicon-Carbide-Wafer-3-600x600.jpg 600w, https:\/\/www.zmsh-semitech.com\/wp-content\/uploads\/2026\/04\/2-Inch-6H-N-Silicon-Carbide-Wafer-3-100x100.jpg 100w, https:\/\/www.zmsh-semitech.com\/wp-content\/uploads\/2026\/04\/2-Inch-6H-N-Silicon-Carbide-Wafer-3.jpg 768w\" sizes=\"(max-width: 300px) 100vw, 300px\" \/>Tillverkningsprocess<\/h2>\n<p data-start=\"4052\" data-end=\"4228\">Enkristallina SiC-wafers tillverkas vanligtvis med hj\u00e4lp av <strong data-start=\"4111\" data-end=\"4152\">PVT-metoden (Physical Vapor Transport)<\/strong>, en mogen industriell process f\u00f6r kristalltillv\u00e4xt av halvledare med brett bandgap.<\/p>\n<p data-start=\"4230\" data-end=\"4588\">I denna process sublimeras SiC-k\u00e4llmaterial med h\u00f6g renhet vid temperaturer \u00f6ver 2000\u00b0C. \u00c5ngorna transporteras genom en noggrant kontrollerad termisk gradient och omkristalliseras p\u00e5 en fr\u00f6kristall, varvid ett enkristallblock (boule) bildas. Efter tillv\u00e4xt bearbetas boule till wafers genom skivning, lappning, polering och reng\u00f6ringssteg.<\/p>\n<p data-start=\"4590\" data-end=\"4829\">F\u00f6r enhetsapplikationer kan wafers genomg\u00e5 ytterligare <strong data-start=\"4645\" data-end=\"4697\">Epitaxiell tillv\u00e4xt genom kemisk f\u00f6r\u00e5ngningsdeposition (CVD)<\/strong>, vilket m\u00f6jligg\u00f6r exakt kontroll av dopningskoncentration och skikttjocklek. Detta steg \u00e4r viktigt f\u00f6r tillverkning av MOSFET och dioder.<\/p>\n<h2 data-section-id=\"mu966k\" data-start=\"4836\" data-end=\"4851\">Till\u00e4mpningar<\/h2>\n<h3 data-section-id=\"179s0bs\" data-start=\"4853\" data-end=\"4874\">Kraftelektronik<\/h3>\n<p data-start=\"4875\" data-end=\"5118\">2-tums 6H-N SiC-wafers anv\u00e4nds f\u00f6r utveckling och prototyptillverkning av krafthalvledarkomponenter, inklusive dioder, MOSFET-strukturer och kraftmoduler. Dessa enheter \u00e4r viktiga f\u00f6r energiomvandlingssystem och str\u00f6mhanteringskretsar.<\/p>\n<h3 data-section-id=\"1nehkbc\" data-start=\"5120\" data-end=\"5152\">Elektronik f\u00f6r h\u00f6ga temperaturer<\/h3>\n<p data-start=\"5153\" data-end=\"5350\">SiC-material har stabila elektriska prestanda vid f\u00f6rh\u00f6jda temperaturer, vilket g\u00f6r dem l\u00e4mpliga f\u00f6r rymdelektronik, industriella \u00f6vervakningssystem och till\u00e4mpningar inom energiinfrastruktur.<\/p>\n<h3 data-section-id=\"1a4n6oc\" data-start=\"5352\" data-end=\"5394\">Forskning och utveckling inom halvledaromr\u00e5det<\/h3>\n<p data-start=\"5395\" data-end=\"5606\">P\u00e5 grund av sin tillg\u00e4nglighet och kostnadseffektivitet anv\u00e4nds 2-tums wafers ofta i universitetslaboratorier, forskningsinstitut och pilotproduktionsmilj\u00f6er f\u00f6r materialstudier och enhetsexperiment.<\/p>\n<h3 data-section-id=\"ll3d0j\" data-start=\"5608\" data-end=\"5651\">Optoelektroniska och speciella till\u00e4mpningar<\/h3>\n<p data-start=\"5652\" data-end=\"5803\">SiC uppvisar ocks\u00e5 optisk transparens i vissa v\u00e5gl\u00e4ngdsomr\u00e5den, vilket g\u00f6r att det kan anv\u00e4ndas i specialiserade fotoniska och optoelektroniska forskningsapplikationer.<\/p>\n<h2 data-section-id=\"1344z7h\" data-start=\"5810\" data-end=\"5823\">F\u00f6rdelar<img decoding=\"async\" class=\"alignright wp-image-2198 size-medium\" src=\"https:\/\/www.zmsh-semitech.com\/wp-content\/uploads\/2026\/04\/2-Inch-6H-N-Silicon-Carbide-Wafer-2-300x300.jpg\" alt=\"2-tums 6H-N kiselkarbidskiva\" width=\"300\" height=\"300\" srcset=\"https:\/\/www.zmsh-semitech.com\/wp-content\/uploads\/2026\/04\/2-Inch-6H-N-Silicon-Carbide-Wafer-2-300x300.jpg 300w, https:\/\/www.zmsh-semitech.com\/wp-content\/uploads\/2026\/04\/2-Inch-6H-N-Silicon-Carbide-Wafer-2-150x150.jpg 150w, https:\/\/www.zmsh-semitech.com\/wp-content\/uploads\/2026\/04\/2-Inch-6H-N-Silicon-Carbide-Wafer-2-12x12.jpg 12w, https:\/\/www.zmsh-semitech.com\/wp-content\/uploads\/2026\/04\/2-Inch-6H-N-Silicon-Carbide-Wafer-2-600x600.jpg 600w, https:\/\/www.zmsh-semitech.com\/wp-content\/uploads\/2026\/04\/2-Inch-6H-N-Silicon-Carbide-Wafer-2-100x100.jpg 100w, https:\/\/www.zmsh-semitech.com\/wp-content\/uploads\/2026\/04\/2-Inch-6H-N-Silicon-Carbide-Wafer-2.jpg 680w\" sizes=\"(max-width: 300px) 100vw, 300px\" \/><\/h2>\n<p data-start=\"5825\" data-end=\"5912\">Plattformen med 2-tums SiC-wafers ger flera f\u00f6rdelar f\u00f6r forskning och utveckling:<\/p>\n<ul data-start=\"5914\" data-end=\"6173\">\n<li data-section-id=\"1yf7wqu\" data-start=\"5914\" data-end=\"5959\">L\u00e4gre kostnad j\u00e4mf\u00f6rt med st\u00f6rre waferstorlekar<\/li>\n<li data-section-id=\"11d9i41\" data-start=\"5960\" data-end=\"6012\">Enklare hantering f\u00f6r experiment i laboratorieskala<\/li>\n<li data-section-id=\"14o6up\" data-start=\"6013\" data-end=\"6067\">L\u00e4mplig f\u00f6r snabb prototyptillverkning och processtestning<\/li>\n<li data-section-id=\"hisoip\" data-start=\"6068\" data-end=\"6119\">Stabil kristallkvalitet f\u00f6r reproducerbara resultat<\/li>\n<li data-section-id=\"15p5ai3\" data-start=\"6120\" data-end=\"6173\">Flexibla anpassningsm\u00f6jligheter f\u00f6r forskningsbehov<\/li>\n<\/ul>\n<h2 data-section-id=\"1hryhf7\" data-start=\"6180\" data-end=\"6186\">VANLIGA FR\u00c5GOR<\/h2>\n<h3 data-section-id=\"15ecyhq\" data-start=\"6188\" data-end=\"6245\">F1: Vad \u00e4r skillnaden mellan 6H-SiC och 4H-SiC?<\/h3>\n<p data-start=\"6246\" data-end=\"6513\">6H-SiC och 4H-SiC \u00e4r olika kristallpolytyper. 4H-SiC ger i allm\u00e4nhet h\u00f6gre elektronr\u00f6rlighet och anv\u00e4nds ofta i kommersiella kraftaggregat, medan 6H-SiC ger ett stabilt elektriskt beteende och ofta anv\u00e4nds inom forskning och specifika elektroniska applikationer.<\/p>\n<h3 data-section-id=\"12y4qe9\" data-start=\"6515\" data-end=\"6570\">F2: Vilken ytbehandling till\u00e4mpas p\u00e5 wafern?<\/h3>\n<p data-start=\"6571\" data-end=\"6773\">Si-ytan poleras med kemisk mekanisk polering (CMP) f\u00f6r att uppn\u00e5 en extremt sl\u00e4t ytkvalitet (Ra &lt; 0,2 nm). C-sidan \u00e4r mekaniskt polerad f\u00f6r att klara olika bearbetningskrav.<\/p>\n<h3 data-section-id=\"kxekf6\" data-start=\"6775\" data-end=\"6822\">F3: Kan wafer-specifikationer anpassas?<\/h3>\n<p data-start=\"6823\" data-end=\"6985\">Ja, det kan vi. ZMSH erbjuder anpassningsalternativ inklusive tjocklek, dopningskoncentration, resistivitetsomr\u00e5de och ytbehandling enligt kundens krav.<\/p>","protected":false},"excerpt":{"rendered":"<p>ZMSH tillhandah\u00e5ller h\u00f6gkvalitativa 2-tums 6H-N kiselkarbidskivor (SiC) avsedda f\u00f6r halvledarforskning, utveckling av kraftelektronik och tillverkning av h\u00f6gpresterande elektroniska enheter. Kiselkarbid \u00e4r ett halvledarmaterial med brett bandgap som erbjuder \u00f6verl\u00e4gsna elektriska, termiska och mekaniska egenskaper j\u00e4mf\u00f6rt med konventionella kiselsubstrat (Si).<\/p>","protected":false},"featured_media":2197,"comment_status":"open","ping_status":"closed","template":"","meta":{"site-sidebar-layout":"default","site-content-layout":"","ast-site-content-layout":"default","site-content-style":"default","site-sidebar-style":"default","ast-global-header-display":"","ast-banner-title-visibility":"","ast-main-header-display":"","ast-hfb-above-header-display":"","ast-hfb-below-header-display":"","ast-hfb-mobile-header-display":"","site-post-title":"","ast-breadcrumbs-content":"","ast-featured-img":"","footer-sml-layout":"","ast-disable-related-posts":"","theme-transparent-header-meta":"default","adv-header-id-meta":"","stick-header-meta":"default","header-above-stick-meta":"","header-main-stick-meta":"","header-below-stick-meta":"","astra-migrate-meta-layouts":"set","ast-page-background-enabled":"default","ast-page-background-meta":{"desktop":{"background-color":"var(--ast-global-color-4)","background-image":"","background-repeat":"repeat","background-position":"center center","background-size":"auto","background-attachment":"scroll","background-type":"","background-media":"","overlay-type":"","overlay-color":"","overlay-opacity":"","overlay-gradient":""},"tablet":{"background-color":"","background-image":"","background-repeat":"repeat","background-position":"center center","background-size":"auto","background-attachment":"scroll","background-type":"","background-media":"","overlay-type":"","overlay-color":"","overlay-opacity":"","overlay-gradient":""},"mobile":{"background-color":"","background-image":"","background-repeat":"repeat","background-position":"center center","background-size":"auto","background-attachment":"scroll","background-type":"","background-media":"","overlay-type":"","overlay-color":"","overlay-opacity":"","overlay-gradient":""}},"ast-content-background-meta":{"desktop":{"background-color":"var(--ast-global-color-5)","background-image":"","background-repeat":"repeat","background-position":"center center","background-size":"auto","background-attachment":"scroll","background-type":"","background-media":"","overlay-type":"","overlay-color":"","overlay-opacity":"","overlay-gradient":""},"tablet":{"background-color":"var(--ast-global-color-5)","background-image":"","background-repeat":"repeat","background-position":"center center","background-size":"auto","background-attachment":"scroll","background-type":"","background-media":"","overlay-type":"","overlay-color":"","overlay-opacity":"","overlay-gradient":""},"mobile":{"background-color":"var(--ast-global-color-5)","background-image":"","background-repeat":"repeat","background-position":"center center","background-size":"auto","background-attachment":"scroll","background-type":"","background-media":"","overlay-type":"","overlay-color":"","overlay-opacity":"","overlay-gradient":""}}},"product_brand":[],"product_cat":[729],"product_tag":[966,970,971,967,969,931,972,968,951,950,927,692,973],"class_list":{"0":"post-2196","1":"product","2":"type-product","3":"status-publish","4":"has-post-thumbnail","6":"product_cat-wafer","7":"product_tag-2-inch-sic-wafer","8":"product_tag-350m-sic-wafer","9":"product_tag-650m-sic-wafer","10":"product_tag-6h-n-sic-substrate","11":"product_tag-cmp-polished-sic-wafer","12":"product_tag-n-type-sic-wafer","13":"product_tag-power-electronics-substrate","14":"product_tag-sic-single-crystal-wafer","15":"product_tag-sic-wafer-manufacturer","16":"product_tag-sic-wafer-supplier","17":"product_tag-silicon-carbide-wafer","18":"product_tag-wide-bandgap-semiconductor","19":"product_tag-zmsh-sic-wafer","20":"desktop-align-left","21":"tablet-align-left","22":"mobile-align-left","23":"ast-product-gallery-layout-horizontal-slider","24":"ast-product-tabs-layout-horizontal","26":"first","27":"instock","28":"shipping-taxable","29":"product-type-simple"},"_links":{"self":[{"href":"https:\/\/www.zmsh-semitech.com\/sv\/wp-json\/wp\/v2\/product\/2196","targetHints":{"allow":["GET"]}}],"collection":[{"href":"https:\/\/www.zmsh-semitech.com\/sv\/wp-json\/wp\/v2\/product"}],"about":[{"href":"https:\/\/www.zmsh-semitech.com\/sv\/wp-json\/wp\/v2\/types\/product"}],"replies":[{"embeddable":true,"href":"https:\/\/www.zmsh-semitech.com\/sv\/wp-json\/wp\/v2\/comments?post=2196"}],"version-history":[{"count":2,"href":"https:\/\/www.zmsh-semitech.com\/sv\/wp-json\/wp\/v2\/product\/2196\/revisions"}],"predecessor-version":[{"id":2202,"href":"https:\/\/www.zmsh-semitech.com\/sv\/wp-json\/wp\/v2\/product\/2196\/revisions\/2202"}],"wp:featuredmedia":[{"embeddable":true,"href":"https:\/\/www.zmsh-semitech.com\/sv\/wp-json\/wp\/v2\/media\/2197"}],"wp:attachment":[{"href":"https:\/\/www.zmsh-semitech.com\/sv\/wp-json\/wp\/v2\/media?parent=2196"}],"wp:term":[{"taxonomy":"product_brand","embeddable":true,"href":"https:\/\/www.zmsh-semitech.com\/sv\/wp-json\/wp\/v2\/product_brand?post=2196"},{"taxonomy":"product_cat","embeddable":true,"href":"https:\/\/www.zmsh-semitech.com\/sv\/wp-json\/wp\/v2\/product_cat?post=2196"},{"taxonomy":"product_tag","embeddable":true,"href":"https:\/\/www.zmsh-semitech.com\/sv\/wp-json\/wp\/v2\/product_tag?post=2196"}],"curies":[{"name":"wp","href":"https:\/\/api.w.org\/{rel}","templated":true}]}}