{"id":2183,"date":"2026-04-14T05:20:25","date_gmt":"2026-04-14T05:20:25","guid":{"rendered":"https:\/\/www.zmsh-semitech.com\/?post_type=product&#038;p=2183"},"modified":"2026-04-14T05:20:28","modified_gmt":"2026-04-14T05:20:28","slug":"8-inch-sic-epitaxial-wafer","status":"publish","type":"product","link":"https:\/\/www.zmsh-semitech.com\/sv\/product\/8-inch-sic-epitaxial-wafer\/","title":{"rendered":"8 tum 200 mm SiC Epitaxial Wafer"},"content":{"rendered":"<p data-start=\"199\" data-end=\"476\"><img fetchpriority=\"high\" decoding=\"async\" class=\"alignright wp-image-2187 size-medium\" src=\"https:\/\/www.zmsh-semitech.com\/wp-content\/uploads\/2026\/04\/8_inch_sic_epitaxial_wafers_yield_and_efficiency_scalable_power_electronics-1-300x300.webp\" alt=\"8 tum 200 mm SiC Epitaxial Wafer\" width=\"300\" height=\"300\" srcset=\"https:\/\/www.zmsh-semitech.com\/wp-content\/uploads\/2026\/04\/8_inch_sic_epitaxial_wafers_yield_and_efficiency_scalable_power_electronics-1-300x300.webp 300w, https:\/\/www.zmsh-semitech.com\/wp-content\/uploads\/2026\/04\/8_inch_sic_epitaxial_wafers_yield_and_efficiency_scalable_power_electronics-1-150x150.webp 150w, https:\/\/www.zmsh-semitech.com\/wp-content\/uploads\/2026\/04\/8_inch_sic_epitaxial_wafers_yield_and_efficiency_scalable_power_electronics-1-12x12.webp 12w, https:\/\/www.zmsh-semitech.com\/wp-content\/uploads\/2026\/04\/8_inch_sic_epitaxial_wafers_yield_and_efficiency_scalable_power_electronics-1-100x100.webp 100w, https:\/\/www.zmsh-semitech.com\/wp-content\/uploads\/2026\/04\/8_inch_sic_epitaxial_wafers_yield_and_efficiency_scalable_power_electronics-1.webp 593w\" sizes=\"(max-width: 300px) 100vw, 300px\" \/>Den epitaxiella 8-tums SiC-wafern representerar den senaste utvecklingen inom halvledarteknik med brett bandgap. Produkten \u00e4r byggd p\u00e5 ett 200 mm SiC-substrat med ett h\u00f6gkvalitativt epitaxiellt skikt och \u00e4r utformad f\u00f6r att st\u00f6dja skalbar, h\u00f6geffektiv tillverkning av kraftenheter.<\/p>\n<p data-start=\"478\" data-end=\"759\">J\u00e4mf\u00f6rt med mindre skivstorlekar \u00f6kar 8-tums SiC-skivor avsev\u00e4rt den anv\u00e4ndbara ytan, vilket m\u00f6jligg\u00f6r h\u00f6gre enhetsproduktion per skiva och minskar kostnaden per chip. Detta g\u00f6r dem till en kritisk l\u00f6sning f\u00f6r industrier som \u00f6verg\u00e5r till storskalig produktion av kiselkarbidbaserade kraftkomponenter.<\/p>\n<p data-start=\"761\" data-end=\"1105\">Epitaxiala SiC-wafers kombinerar de inneboende f\u00f6rdelarna med kiselkarbid, inklusive brett bandgap, h\u00f6gt elektriskt f\u00e4lt vid nedbrytning och utm\u00e4rkt v\u00e4rmeledningsf\u00f6rm\u00e5ga, med exakt kontrollerade epitaxiala lager som \u00e4r skr\u00e4ddarsydda f\u00f6r tillverkning av komponenter. Dessa wafers anv\u00e4nds ofta i n\u00e4sta generations MOSFETs, Schottky-dioder och integrerade kraftmoduler.<\/p>\n<p data-start=\"761\" data-end=\"1105\">\n<h2 data-section-id=\"rkota4\" data-start=\"1112\" data-end=\"1133\">Viktiga specifikationer<\/h2>\n<div class=\"TyagGW_tableContainer\">\n<div class=\"group TyagGW_tableWrapper flex flex-col-reverse w-fit\" tabindex=\"-1\">\n<table class=\"w-fit min-w-(--thread-content-width)\" data-start=\"1135\" data-end=\"1545\">\n<thead data-start=\"1135\" data-end=\"1156\">\n<tr data-start=\"1135\" data-end=\"1156\">\n<th class=\"\" data-start=\"1135\" data-end=\"1147\" data-col-size=\"sm\">Parameter<\/th>\n<th class=\"\" data-start=\"1147\" data-end=\"1156\" data-col-size=\"sm\">V\u00e4rde<\/th>\n<\/tr>\n<\/thead>\n<tbody data-start=\"1177\" data-end=\"1545\">\n<tr data-start=\"1177\" data-end=\"1204\">\n<td data-start=\"1177\" data-end=\"1188\" data-col-size=\"sm\">Diameter<\/td>\n<td data-col-size=\"sm\" data-start=\"1188\" data-end=\"1204\">200 \u00b1 0,5 mm<\/td>\n<\/tr>\n<tr data-start=\"1205\" data-end=\"1226\">\n<td data-start=\"1205\" data-end=\"1216\" data-col-size=\"sm\">Polytyp<\/td>\n<td data-col-size=\"sm\" data-start=\"1216\" data-end=\"1226\">4H-SiC<\/td>\n<\/tr>\n<tr data-start=\"1227\" data-end=\"1257\">\n<td data-start=\"1227\" data-end=\"1247\" data-col-size=\"sm\">Typ av konduktivitet<\/td>\n<td data-col-size=\"sm\" data-start=\"1247\" data-end=\"1257\">N-typ<\/td>\n<\/tr>\n<tr data-start=\"1258\" data-end=\"1285\">\n<td data-start=\"1258\" data-end=\"1270\" data-col-size=\"sm\">Tjocklek<\/td>\n<td data-col-size=\"sm\" data-start=\"1270\" data-end=\"1285\">700 \u00b1 50 \u03bcm<\/td>\n<\/tr>\n<tr data-start=\"1286\" data-end=\"1331\">\n<td data-start=\"1286\" data-end=\"1303\" data-col-size=\"sm\">Ytfinish<\/td>\n<td data-col-size=\"sm\" data-start=\"1303\" data-end=\"1331\">Dubbelsidig CMP-polerad<\/td>\n<\/tr>\n<tr data-start=\"1332\" data-end=\"1369\">\n<td data-start=\"1332\" data-end=\"1346\" data-col-size=\"sm\">Orientering<\/td>\n<td data-col-size=\"sm\" data-start=\"1346\" data-end=\"1369\">4,0\u00b0 utanf\u00f6r axeln \u00b10,5\u00b0<\/td>\n<\/tr>\n<tr data-start=\"1370\" data-end=\"1408\">\n<td data-start=\"1370\" data-end=\"1378\" data-col-size=\"sm\">Notch<\/td>\n<td data-col-size=\"sm\" data-start=\"1378\" data-end=\"1408\">Standard orientering av sk\u00e5ran<\/td>\n<\/tr>\n<tr data-start=\"1409\" data-end=\"1450\">\n<td data-start=\"1409\" data-end=\"1424\" data-col-size=\"sm\">Kantprofil<\/td>\n<td data-col-size=\"sm\" data-start=\"1424\" data-end=\"1450\">Avfasning \/ Rundad kant<\/td>\n<\/tr>\n<tr data-start=\"1451\" data-end=\"1494\">\n<td data-start=\"1451\" data-end=\"1471\" data-col-size=\"sm\">Ytj\u00e4mnhet<\/td>\n<td data-col-size=\"sm\" data-start=\"1471\" data-end=\"1494\">Sub-nanometerniv\u00e5<\/td>\n<\/tr>\n<tr data-start=\"1495\" data-end=\"1545\">\n<td data-start=\"1495\" data-end=\"1507\" data-col-size=\"sm\">F\u00f6rpackning<\/td>\n<td data-col-size=\"sm\" data-start=\"1507\" data-end=\"1545\">Kassett eller beh\u00e5llare f\u00f6r enstaka wafer<\/td>\n<\/tr>\n<\/tbody>\n<\/table>\n<\/div>\n<\/div>\n<p data-start=\"1547\" data-end=\"1567\">Typisk resistivitet:<\/p>\n<ul data-start=\"1568\" data-end=\"1627\">\n<li data-section-id=\"c0wp38\" data-start=\"1568\" data-end=\"1596\">N-typ: 0,015-0,028 \u03a9-cm<\/li>\n<li data-section-id=\"1a616df\" data-start=\"1597\" data-end=\"1627\">Halvisolerande: \u22651E7 \u03a9-cm<\/li>\n<\/ul>\n<p data-start=\"1629\" data-end=\"1646\">Tillg\u00e4ngliga \u00e5rskurser:<\/p>\n<ul data-start=\"1647\" data-end=\"1721\">\n<li data-section-id=\"1kj0dd2\" data-start=\"1647\" data-end=\"1665\">Noll MPD-grad<\/li>\n<li data-section-id=\"e77vy6\" data-start=\"1666\" data-end=\"1686\">Produktionsgrad<\/li>\n<li data-section-id=\"7brco4\" data-start=\"1687\" data-end=\"1705\">Forskningsgrad<\/li>\n<li data-section-id=\"1czp2d1\" data-start=\"1706\" data-end=\"1721\">Dummy-grad<\/li>\n<\/ul>\n<h2 data-section-id=\"1c4zomd\" data-start=\"1728\" data-end=\"1759\"><img decoding=\"async\" class=\"alignright wp-image-2186 size-medium\" src=\"https:\/\/www.zmsh-semitech.com\/wp-content\/uploads\/2026\/04\/8_inch_sic_epitaxial_wafers_yield_and_efficiency_scalable_power_electronics2-300x300.webp\" alt=\"8 tum 200 mm SiC Epitaxial Wafer\" width=\"300\" height=\"300\" srcset=\"https:\/\/www.zmsh-semitech.com\/wp-content\/uploads\/2026\/04\/8_inch_sic_epitaxial_wafers_yield_and_efficiency_scalable_power_electronics2-300x300.webp 300w, https:\/\/www.zmsh-semitech.com\/wp-content\/uploads\/2026\/04\/8_inch_sic_epitaxial_wafers_yield_and_efficiency_scalable_power_electronics2-150x150.webp 150w, https:\/\/www.zmsh-semitech.com\/wp-content\/uploads\/2026\/04\/8_inch_sic_epitaxial_wafers_yield_and_efficiency_scalable_power_electronics2-768x768.webp 768w, https:\/\/www.zmsh-semitech.com\/wp-content\/uploads\/2026\/04\/8_inch_sic_epitaxial_wafers_yield_and_efficiency_scalable_power_electronics2-12x12.webp 12w, https:\/\/www.zmsh-semitech.com\/wp-content\/uploads\/2026\/04\/8_inch_sic_epitaxial_wafers_yield_and_efficiency_scalable_power_electronics2-600x600.webp 600w, https:\/\/www.zmsh-semitech.com\/wp-content\/uploads\/2026\/04\/8_inch_sic_epitaxial_wafers_yield_and_efficiency_scalable_power_electronics2-100x100.webp 100w, https:\/\/www.zmsh-semitech.com\/wp-content\/uploads\/2026\/04\/8_inch_sic_epitaxial_wafers_yield_and_efficiency_scalable_power_electronics2.webp 800w\" sizes=\"(max-width: 300px) 100vw, 300px\" \/>Kapacitet f\u00f6r epitaxiala skikt<\/h2>\n<p data-start=\"1761\" data-end=\"1925\">Det epitaxiala skiktet odlas med hj\u00e4lp av avancerad CVD-teknik (chemical vapor deposition), vilket m\u00f6jligg\u00f6r exakt kontroll av tjocklek, dopningskoncentration och j\u00e4mnhet.<\/p>\n<p data-start=\"1927\" data-end=\"1960\">Tillg\u00e4ngliga anpassningar inkluderar:<\/p>\n<ul data-start=\"1961\" data-end=\"2154\">\n<li data-section-id=\"1czjqdq\" data-start=\"1961\" data-end=\"1998\">Epitaxiala skikt av N-typ eller P-typ<\/li>\n<li data-section-id=\"m2ekyd\" data-start=\"1999\" data-end=\"2059\">Justerbar epi-tjocklek f\u00f6r olika enhetsstrukturer<\/li>\n<li data-section-id=\"1n6931\" data-start=\"2060\" data-end=\"2109\">Enhetliga dopningsprofiler \u00f6ver hela wafern<\/li>\n<li data-section-id=\"14l0kap\" data-start=\"2110\" data-end=\"2154\">L\u00e5g defektdensitet f\u00f6r h\u00f6gt utbyte av enheter<\/li>\n<\/ul>\n<p data-start=\"2156\" data-end=\"2277\">H\u00f6gkvalitativ epitaxi \u00e4r avg\u00f6rande f\u00f6r att uppn\u00e5 stabil elektrisk prestanda och l\u00e5ngsiktig tillf\u00f6rlitlighet i kraftelektronik.<\/p>\n<h2 data-section-id=\"2gad1q\" data-start=\"2284\" data-end=\"2308\"><img decoding=\"async\" class=\"alignright wp-image-2185 size-medium\" src=\"https:\/\/www.zmsh-semitech.com\/wp-content\/uploads\/2026\/04\/8_inch_sic_epitaxial_wafers_yield_and_efficiency_scalable_power_electronics3-300x300.webp\" alt=\"8 tum 200 mm SiC Epitaxial Wafer\" width=\"300\" height=\"300\" srcset=\"https:\/\/www.zmsh-semitech.com\/wp-content\/uploads\/2026\/04\/8_inch_sic_epitaxial_wafers_yield_and_efficiency_scalable_power_electronics3-300x300.webp 300w, https:\/\/www.zmsh-semitech.com\/wp-content\/uploads\/2026\/04\/8_inch_sic_epitaxial_wafers_yield_and_efficiency_scalable_power_electronics3-150x150.webp 150w, https:\/\/www.zmsh-semitech.com\/wp-content\/uploads\/2026\/04\/8_inch_sic_epitaxial_wafers_yield_and_efficiency_scalable_power_electronics3-768x768.webp 768w, https:\/\/www.zmsh-semitech.com\/wp-content\/uploads\/2026\/04\/8_inch_sic_epitaxial_wafers_yield_and_efficiency_scalable_power_electronics3-12x12.webp 12w, https:\/\/www.zmsh-semitech.com\/wp-content\/uploads\/2026\/04\/8_inch_sic_epitaxial_wafers_yield_and_efficiency_scalable_power_electronics3-600x600.webp 600w, https:\/\/www.zmsh-semitech.com\/wp-content\/uploads\/2026\/04\/8_inch_sic_epitaxial_wafers_yield_and_efficiency_scalable_power_electronics3-100x100.webp 100w, https:\/\/www.zmsh-semitech.com\/wp-content\/uploads\/2026\/04\/8_inch_sic_epitaxial_wafers_yield_and_efficiency_scalable_power_electronics3.webp 800w\" sizes=\"(max-width: 300px) 100vw, 300px\" \/>Tillverkningsprocess<\/h2>\n<p data-start=\"2310\" data-end=\"2484\"><strong data-start=\"2310\" data-end=\"2335\">F\u00f6rberedelse av substrat<\/strong><br data-start=\"2335\" data-end=\"2338\" \/>Monokristallina SiC-substrat med h\u00f6g renhet tillverkas med hj\u00e4lp av h\u00f6gtemperaturtillv\u00e4xtmetoder och poleras f\u00f6r att uppn\u00e5 extremt l\u00e5g ytj\u00e4mnhet.<\/p>\n<p data-start=\"2486\" data-end=\"2667\"><strong data-start=\"2486\" data-end=\"2506\">Epitaxiell tillv\u00e4xt<\/strong><br data-start=\"2506\" data-end=\"2509\" \/>Det epitaxiala skiktet deponeras vid h\u00f6g temperatur med hj\u00e4lp av CVD-system, vilket s\u00e4kerst\u00e4ller j\u00e4mn tjocklek och konsekventa materialegenskaper \u00f6ver hela den 200 mm stora skivan.<\/p>\n<p data-start=\"2669\" data-end=\"2799\"><strong data-start=\"2669\" data-end=\"2687\">Dopningskontroll<\/strong><br data-start=\"2687\" data-end=\"2690\" \/>Exakt dopning appliceras under epitaxial tillv\u00e4xt f\u00f6r att uppfylla kraven f\u00f6r olika enhetsarkitekturer.<\/p>\n<p data-start=\"2801\" data-end=\"2981\"><strong data-start=\"2801\" data-end=\"2829\">Metrologi och inspektion<\/strong><br data-start=\"2829\" data-end=\"2832\" \/>Varje wafer genomg\u00e5r omfattande tester, inklusive ytanalys, defektkartl\u00e4ggning och elektrisk karakterisering f\u00f6r att s\u00e4kerst\u00e4lla j\u00e4mn kvalitet.<\/p>\n<h2 data-section-id=\"1344z7h\" data-start=\"2988\" data-end=\"3001\">F\u00f6rdelar<\/h2>\n<p data-start=\"3003\" data-end=\"3162\"><strong data-start=\"3003\" data-end=\"3029\">Skalbar tillverkning<\/strong><br data-start=\"3029\" data-end=\"3032\" \/>Waferstorleken p\u00e5 8 tum \u00f6kar avsev\u00e4rt antalet chip per wafer, vilket f\u00f6rb\u00e4ttrar produktionseffektiviteten och s\u00e4nker kostnaden per enhet.<\/p>\n<p data-start=\"3164\" data-end=\"3306\"><strong data-start=\"3164\" data-end=\"3195\">H\u00f6g effektivitet och prestanda<\/strong><br data-start=\"3195\" data-end=\"3198\" \/>SiC-materialets egenskaper m\u00f6jligg\u00f6r l\u00e4gre switchf\u00f6rluster, h\u00f6gre effektt\u00e4thet och f\u00f6rb\u00e4ttrad energieffektivitet.<\/p>\n<p data-start=\"3308\" data-end=\"3456\"><strong data-start=\"3308\" data-end=\"3340\">Utm\u00e4rkt v\u00e4rmehantering<\/strong><br data-start=\"3340\" data-end=\"3343\" \/>Den h\u00f6ga v\u00e4rmeledningsf\u00f6rm\u00e5gan ger stabil drift vid h\u00f6ga effekter och minskar kylbehovet.<\/p>\n<p data-start=\"3458\" data-end=\"3581\"><strong data-start=\"3458\" data-end=\"3480\">L\u00e5g defektt\u00e4thet<\/strong><br data-start=\"3480\" data-end=\"3483\" \/>Avancerade kristalltillv\u00e4xt- och epitaxiprocesser s\u00e4kerst\u00e4ller h\u00f6g avkastning och tillf\u00f6rlitlig enhetsprestanda.<\/p>\n<p data-start=\"3583\" data-end=\"3737\"><strong data-start=\"3583\" data-end=\"3608\">Framtidsinriktad plattform<\/strong><br data-start=\"3608\" data-end=\"3611\" \/>8-tums SiC-wafers ligger i linje med halvledarindustrins trend mot st\u00f6rre waferformat och automatiserad massproduktion.<\/p>\n<p data-start=\"3583\" data-end=\"3737\"><img loading=\"lazy\" decoding=\"async\" class=\"wp-image-2178 size-large aligncenter\" src=\"https:\/\/www.zmsh-semitech.com\/wp-content\/uploads\/2026\/04\/applications-1-1024x683.png\" alt=\"\" width=\"1024\" height=\"683\" srcset=\"https:\/\/www.zmsh-semitech.com\/wp-content\/uploads\/2026\/04\/applications-1-1024x683.png 1024w, https:\/\/www.zmsh-semitech.com\/wp-content\/uploads\/2026\/04\/applications-1-300x200.png 300w, https:\/\/www.zmsh-semitech.com\/wp-content\/uploads\/2026\/04\/applications-1-768x512.png 768w, https:\/\/www.zmsh-semitech.com\/wp-content\/uploads\/2026\/04\/applications-1-18x12.png 18w, https:\/\/www.zmsh-semitech.com\/wp-content\/uploads\/2026\/04\/applications-1-600x400.png 600w, https:\/\/www.zmsh-semitech.com\/wp-content\/uploads\/2026\/04\/applications-1.png 1536w\" sizes=\"(max-width: 1024px) 100vw, 1024px\" \/><\/p>\n<h2 data-section-id=\"mu966k\" data-start=\"3744\" data-end=\"3759\">Till\u00e4mpningar<\/h2>\n<p data-start=\"3761\" data-end=\"3946\"><strong data-start=\"3761\" data-end=\"3782\">Elektriska fordon<\/strong><br data-start=\"3782\" data-end=\"3785\" \/>Anv\u00e4nds i traktionsomvandlare, ombordladdare och DC-DC-omvandlare. St\u00f6rre waferstorlek m\u00f6jligg\u00f6r massproduktion av h\u00f6geffektiva kraftaggregat f\u00f6r EV-plattformar.<\/p>\n<p data-start=\"3948\" data-end=\"4103\"><strong data-start=\"3948\" data-end=\"3976\">System f\u00f6r f\u00f6rnybar energi<\/strong><br data-start=\"3976\" data-end=\"3979\" \/>Anv\u00e4nds i v\u00e4xelriktare f\u00f6r solenergi och vindkraft, d\u00e4r effektivitet och tillf\u00f6rlitlighet \u00e4r avg\u00f6rande f\u00f6r l\u00e5ngsiktig drift.<\/p>\n<p data-start=\"4105\" data-end=\"4257\"><strong data-start=\"4105\" data-end=\"4137\">Industriell kraftelektronik<\/strong><br data-start=\"4137\" data-end=\"4140\" \/>St\u00f6djer motorstyrningar, automationssystem och h\u00f6geffektsutrustning som kr\u00e4ver stabil och effektiv energiomvandling.<\/p>\n<p data-start=\"4259\" data-end=\"4390\"><strong data-start=\"4259\" data-end=\"4287\">5G och RF-infrastruktur<\/strong><br data-start=\"4287\" data-end=\"4290\" \/>M\u00f6jligg\u00f6r h\u00f6gfrekventa och h\u00f6geffekts RF-komponenter som anv\u00e4nds i kommunikationssystem och basstationer.<\/p>\n<p data-start=\"4392\" data-end=\"4499\"><strong data-start=\"4392\" data-end=\"4422\">Effektelektronik f\u00f6r konsumenter<\/strong><br data-start=\"4422\" data-end=\"4425\" \/>Anv\u00e4nds i kompakta, h\u00f6geffektiva n\u00e4taggregat och snabbladdningssystem.<\/p>\n<h2 data-section-id=\"1hryhf7\" data-start=\"4506\" data-end=\"4512\">VANLIGA FR\u00c5GOR<\/h2>\n<p data-start=\"4514\" data-end=\"4720\">F1: Vad \u00e4r den st\u00f6rsta f\u00f6rdelen med 8-tums SiC-wafers?<br data-start=\"4565\" data-end=\"4568\" \/>Den st\u00f6rre skivstorleken \u00f6kar antalet chip per skiva, vilket avsev\u00e4rt minskar tillverkningskostnaden per enhet och f\u00f6rb\u00e4ttrar produktionseffektiviteten.<\/p>\n<p data-start=\"4722\" data-end=\"4909\">F2: \u00c4r 8 tums SiC-teknik mogen?<br data-start=\"4757\" data-end=\"4760\" \/>Den h\u00e5ller f\u00f6r n\u00e4rvarande p\u00e5 att \u00f6verg\u00e5 fr\u00e5n pilotproduktion till massproduktion i ett tidigt skede, med \u00f6kande anv\u00e4ndning inom avancerad halvledartillverkning.<\/p>\n<p data-start=\"4911\" data-end=\"5060\">F3: Kan epitaxiala lager anpassas?<br data-start=\"4949\" data-end=\"4952\" \/>Ja, dopningstyp, tjocklek och elektriska egenskaper kan skr\u00e4ddarsys f\u00f6r att uppfylla specifika krav.<\/p>\n<p data-start=\"5062\" data-end=\"5238\">Q4: \u00c4r befintliga produktionslinjer kompatibla med 8 tums wafers?<br data-start=\"5125\" data-end=\"5128\" \/>Vissa uppgraderingar av utrustningen kan komma att kr\u00e4vas, men m\u00e5nga moderna fabriker f\u00f6rbereder sig redan f\u00f6r 200 mm SiC-bearbetning.<\/p>","protected":false},"excerpt":{"rendered":"<p>Den epitaxiella 8-tums SiC-wafern representerar den senaste utvecklingen inom halvledarteknik med brett bandgap. Produkten \u00e4r byggd p\u00e5 ett 200 mm SiC-substrat med ett h\u00f6gkvalitativt epitaxiellt skikt och \u00e4r utformad f\u00f6r att st\u00f6dja skalbar, h\u00f6geffektiv tillverkning av kraftenheter.<\/p>","protected":false},"featured_media":2184,"comment_status":"open","ping_status":"closed","template":"","meta":{"site-sidebar-layout":"default","site-content-layout":"","ast-site-content-layout":"default","site-content-style":"default","site-sidebar-style":"default","ast-global-header-display":"","ast-banner-title-visibility":"","ast-main-header-display":"","ast-hfb-above-header-display":"","ast-hfb-below-header-display":"","ast-hfb-mobile-header-display":"","site-post-title":"","ast-breadcrumbs-content":"","ast-featured-img":"","footer-sml-layout":"","ast-disable-related-posts":"","theme-transparent-header-meta":"default","adv-header-id-meta":"","stick-header-meta":"default","header-above-stick-meta":"","header-main-stick-meta":"","header-below-stick-meta":"","astra-migrate-meta-layouts":"set","ast-page-background-enabled":"default","ast-page-background-meta":{"desktop":{"background-color":"var(--ast-global-color-4)","background-image":"","background-repeat":"repeat","background-position":"center center","background-size":"auto","background-attachment":"scroll","background-type":"","background-media":"","overlay-type":"","overlay-color":"","overlay-opacity":"","overlay-gradient":""},"tablet":{"background-color":"","background-image":"","background-repeat":"repeat","background-position":"center center","background-size":"auto","background-attachment":"scroll","background-type":"","background-media":"","overlay-type":"","overlay-color":"","overlay-opacity":"","overlay-gradient":""},"mobile":{"background-color":"","background-image":"","background-repeat":"repeat","background-position":"center center","background-size":"auto","background-attachment":"scroll","background-type":"","background-media":"","overlay-type":"","overlay-color":"","overlay-opacity":"","overlay-gradient":""}},"ast-content-background-meta":{"desktop":{"background-color":"var(--ast-global-color-5)","background-image":"","background-repeat":"repeat","background-position":"center center","background-size":"auto","background-attachment":"scroll","background-type":"","background-media":"","overlay-type":"","overlay-color":"","overlay-opacity":"","overlay-gradient":""},"tablet":{"background-color":"var(--ast-global-color-5)","background-image":"","background-repeat":"repeat","background-position":"center center","background-size":"auto","background-attachment":"scroll","background-type":"","background-media":"","overlay-type":"","overlay-color":"","overlay-opacity":"","overlay-gradient":""},"mobile":{"background-color":"var(--ast-global-color-5)","background-image":"","background-repeat":"repeat","background-position":"center center","background-size":"auto","background-attachment":"scroll","background-type":"","background-media":"","overlay-type":"","overlay-color":"","overlay-opacity":"","overlay-gradient":""}}},"product_brand":[],"product_cat":[729],"product_tag":[944,735,947,945,943,933,946,948,692],"class_list":{"0":"post-2183","1":"product","2":"type-product","3":"status-publish","4":"has-post-thumbnail","6":"product_cat-wafer","7":"product_tag-200mm-silicon-carbide-wafer","8":"product_tag-8-inch-sic-wafer","9":"product_tag-high-efficiency-power-electronics","10":"product_tag-sic-epi-wafer","11":"product_tag-sic-epitaxial-wafer","12":"product_tag-sic-mosfet-wafer","13":"product_tag-sic-power-device-substrate","14":"product_tag-silicon-carbide-epitaxy","15":"product_tag-wide-bandgap-semiconductor","16":"desktop-align-left","17":"tablet-align-left","18":"mobile-align-left","19":"ast-product-gallery-layout-horizontal-slider","20":"ast-product-tabs-layout-horizontal","22":"first","23":"instock","24":"shipping-taxable","25":"product-type-simple"},"_links":{"self":[{"href":"https:\/\/www.zmsh-semitech.com\/sv\/wp-json\/wp\/v2\/product\/2183","targetHints":{"allow":["GET"]}}],"collection":[{"href":"https:\/\/www.zmsh-semitech.com\/sv\/wp-json\/wp\/v2\/product"}],"about":[{"href":"https:\/\/www.zmsh-semitech.com\/sv\/wp-json\/wp\/v2\/types\/product"}],"replies":[{"embeddable":true,"href":"https:\/\/www.zmsh-semitech.com\/sv\/wp-json\/wp\/v2\/comments?post=2183"}],"version-history":[{"count":1,"href":"https:\/\/www.zmsh-semitech.com\/sv\/wp-json\/wp\/v2\/product\/2183\/revisions"}],"predecessor-version":[{"id":2188,"href":"https:\/\/www.zmsh-semitech.com\/sv\/wp-json\/wp\/v2\/product\/2183\/revisions\/2188"}],"wp:featuredmedia":[{"embeddable":true,"href":"https:\/\/www.zmsh-semitech.com\/sv\/wp-json\/wp\/v2\/media\/2184"}],"wp:attachment":[{"href":"https:\/\/www.zmsh-semitech.com\/sv\/wp-json\/wp\/v2\/media?parent=2183"}],"wp:term":[{"taxonomy":"product_brand","embeddable":true,"href":"https:\/\/www.zmsh-semitech.com\/sv\/wp-json\/wp\/v2\/product_brand?post=2183"},{"taxonomy":"product_cat","embeddable":true,"href":"https:\/\/www.zmsh-semitech.com\/sv\/wp-json\/wp\/v2\/product_cat?post=2183"},{"taxonomy":"product_tag","embeddable":true,"href":"https:\/\/www.zmsh-semitech.com\/sv\/wp-json\/wp\/v2\/product_tag?post=2183"}],"curies":[{"name":"wp","href":"https:\/\/api.w.org\/{rel}","templated":true}]}}