{"id":2149,"date":"2026-04-09T07:24:36","date_gmt":"2026-04-09T07:24:36","guid":{"rendered":"https:\/\/www.zmsh-semitech.com\/?post_type=product&#038;p=2149"},"modified":"2026-04-09T07:24:37","modified_gmt":"2026-04-09T07:24:37","slug":"hp-1201-automatic-wafer-dicing-machine-for-large-format-precision-cutting","status":"publish","type":"product","link":"https:\/\/www.zmsh-semitech.com\/sv\/product\/hp-1201-automatic-wafer-dicing-machine-for-large-format-precision-cutting\/","title":{"rendered":"HP-1201 Automatisk wafer-t\u00e4rningsmaskin f\u00f6r precisionssk\u00e4rning i stora format"},"content":{"rendered":"<p data-start=\"317\" data-end=\"680\"><img fetchpriority=\"high\" decoding=\"async\" class=\"size-medium wp-image-2151 alignright\" src=\"https:\/\/www.zmsh-semitech.com\/wp-content\/uploads\/2026\/04\/HP-1201-Automatic-Wafer-Substrate-Dicing-Machine-for-Large-Format-Precision-Cutting-300x300.png\" alt=\"\" width=\"300\" height=\"300\" srcset=\"https:\/\/www.zmsh-semitech.com\/wp-content\/uploads\/2026\/04\/HP-1201-Automatic-Wafer-Substrate-Dicing-Machine-for-Large-Format-Precision-Cutting-300x300.png 300w, https:\/\/www.zmsh-semitech.com\/wp-content\/uploads\/2026\/04\/HP-1201-Automatic-Wafer-Substrate-Dicing-Machine-for-Large-Format-Precision-Cutting-150x150.png 150w, https:\/\/www.zmsh-semitech.com\/wp-content\/uploads\/2026\/04\/HP-1201-Automatic-Wafer-Substrate-Dicing-Machine-for-Large-Format-Precision-Cutting-768x768.png 768w, https:\/\/www.zmsh-semitech.com\/wp-content\/uploads\/2026\/04\/HP-1201-Automatic-Wafer-Substrate-Dicing-Machine-for-Large-Format-Precision-Cutting-12x12.png 12w, https:\/\/www.zmsh-semitech.com\/wp-content\/uploads\/2026\/04\/HP-1201-Automatic-Wafer-Substrate-Dicing-Machine-for-Large-Format-Precision-Cutting-600x600.png 600w, https:\/\/www.zmsh-semitech.com\/wp-content\/uploads\/2026\/04\/HP-1201-Automatic-Wafer-Substrate-Dicing-Machine-for-Large-Format-Precision-Cutting-100x100.png 100w, https:\/\/www.zmsh-semitech.com\/wp-content\/uploads\/2026\/04\/HP-1201-Automatic-Wafer-Substrate-Dicing-Machine-for-Large-Format-Precision-Cutting.png 1000w\" sizes=\"(max-width: 300px) 100vw, 300px\" \/>HP-1201 Automatic Dicing Machine \u00e4r en h\u00f6gpresterande l\u00f6sning som \u00e4r speciellt framtagen f\u00f6r storformatsubstrat och sk\u00e4rning av flera delar. Systemet \u00e4r utformat f\u00f6r att uppfylla de nya kraven f\u00f6r avancerad halvledarf\u00f6rpackning och substratbearbetning och st\u00f6der b\u00e5de wafer-dicing (upp till 12 tum) och arbetsstycken med stor yta upp till 400 \u00d7 400 mm.<\/p>\n<p data-start=\"682\" data-end=\"977\">Med sin robusta gantry-struktur, konfiguration med dubbla spindlar och anpassningsbara arbetsplattform ger HP-1201 exceptionell styvhet, stabilitet och genomstr\u00f6mning. Den \u00e4r s\u00e4rskilt l\u00e4mplig f\u00f6r applikationer med bandmaterial, paneler med flera verktyg och komplexa arbetsstyckeslayouter.<\/p>\n<p data-start=\"979\" data-end=\"1181\">Maskinen integrerar h\u00f6gprecisionsuppriktning, intelligent inspektion och flexibla bearbetningsm\u00f6jligheter, vilket g\u00f6r den till ett perfekt val f\u00f6r tillverkare som vill ha b\u00e5de produktivitet och sk\u00e4rprecision.<\/p>\n<h2 data-section-id=\"1j5qwet\" data-start=\"1188\" data-end=\"1207\"><span role=\"text\">Viktiga funktioner<\/span><\/h2>\n<h3 data-section-id=\"1lkyyr4\" data-start=\"1209\" data-end=\"1256\"><span role=\"text\">1. Utformad f\u00f6r substrat med stort format<\/span><\/h3>\n<p data-start=\"1257\" data-end=\"1364\">Till skillnad fr\u00e5n konventionella t\u00e4rningssystem \u00e4r HP-1201 optimerad f\u00f6r stora arbetsstycken och f\u00f6rpackningssubstrat:<\/p>\n<ul data-start=\"1365\" data-end=\"1528\">\n<li data-section-id=\"122wrc4\" data-start=\"1365\" data-end=\"1420\">St\u00f6djer upp till 400 mm \u00d7 400 mm kvadratiska material<\/li>\n<li data-section-id=\"1w2sjk2\" data-start=\"1421\" data-end=\"1469\">Kompatibel med 12-tums wafers och l\u00e4gre<\/li>\n<li data-section-id=\"bo18rw\" data-start=\"1470\" data-end=\"1528\">Idealisk f\u00f6r panel- och avancerade f\u00f6rpackningsprocesser<\/li>\n<\/ul>\n<p data-start=\"1530\" data-end=\"1619\">Detta g\u00f6r den mycket anpassningsbar till b\u00e5de halvledarteknik och nya f\u00f6rpackningstekniker.<\/p>\n<h3 data-section-id=\"1gerb2u\" data-start=\"1626\" data-end=\"1683\"><span role=\"text\">2. H\u00f6geffektiv kapning av flera delar<\/span><\/h3>\n<p data-start=\"1684\" data-end=\"1751\">Systemet utm\u00e4rker sig i applikationer med flera band och batchbearbetning:<\/p>\n<ul data-start=\"1752\" data-end=\"1953\">\n<li data-section-id=\"12ne451\" data-start=\"1752\" data-end=\"1810\">St\u00f6djer samtidig placering av flera arbetsstycken<\/li>\n<li data-section-id=\"1ahonq2\" data-start=\"1811\" data-end=\"1889\">Exempel: upp till 5 remsor (250 mm \u00d7 70 mm) kan bearbetas i en cykel<\/li>\n<li data-section-id=\"91yitt\" data-start=\"1890\" data-end=\"1953\">Avsev\u00e4rt f\u00f6rb\u00e4ttrad genomstr\u00f6mning och kortare hanteringstid<\/li>\n<\/ul>\n<p data-start=\"1955\" data-end=\"2034\">Denna kapacitet \u00e4r s\u00e4rskilt v\u00e4rdefull f\u00f6r produktionsmilj\u00f6er med stora volymer.<\/p>\n<h3 data-section-id=\"pb7q73\" data-start=\"2041\" data-end=\"2096\"><span role=\"text\">3. Motsatt dubbelspindelsystem f\u00f6r produktivitet<\/span><\/h3>\n<p data-start=\"2097\" data-end=\"2177\">HP-1201 har en dubbelspindelstruktur med ett spindelavst\u00e5nd p\u00e5 \u2264 22 mm:<\/p>\n<ul data-start=\"2178\" data-end=\"2320\">\n<li data-section-id=\"126smyd\" data-start=\"2178\" data-end=\"2231\">M\u00f6jligg\u00f6r parallella eller sekventiella sk\u00e4roperationer<\/li>\n<li data-section-id=\"1phn8sk\" data-start=\"2232\" data-end=\"2264\">Minskar k\u00f6rstr\u00e4ckan vid tomg\u00e5ngsk\u00f6rning<\/li>\n<li data-section-id=\"101lqcw\" data-start=\"2265\" data-end=\"2320\">\u00d6kar sk\u00e4rningseffektiviteten och den totala genomstr\u00f6mningen<\/li>\n<\/ul>\n<p data-start=\"2322\" data-end=\"2440\">I kombination med h\u00f6ghastighetsspindelrotation (upp till 60.000 varv\/min) s\u00e4kerst\u00e4ller systemet snabb och exakt materialseparation.<\/p>\n<h3 data-section-id=\"w5e11x\" data-start=\"2447\" data-end=\"2497\"><span role=\"text\">4. Gantry-struktur f\u00f6r \u00f6verl\u00e4gsen stabilitet<\/span><\/h3>\n<p data-start=\"2498\" data-end=\"2547\">Maskinen har en portalkonstruktion med h\u00f6g styvhet:<\/p>\n<ul data-start=\"2548\" data-end=\"2716\">\n<li data-section-id=\"fbik\" data-start=\"2548\" data-end=\"2609\">F\u00f6rb\u00e4ttrad strukturell stabilitet under h\u00f6ghastighetsdrift<\/li>\n<li data-section-id=\"qf4dsg\" data-start=\"2610\" data-end=\"2661\">Minskad vibration f\u00f6r f\u00f6rb\u00e4ttrad sk\u00e4rprecision<\/li>\n<li data-section-id=\"8ypr2z\" data-start=\"2662\" data-end=\"2716\">L\u00e4mplig f\u00f6r precisionssk\u00e4rning av spr\u00f6da material<\/li>\n<\/ul>\n<p data-start=\"2718\" data-end=\"2797\">Detta s\u00e4kerst\u00e4ller konsekvent prestanda \u00e4ven under kr\u00e4vande bearbetningsf\u00f6rh\u00e5llanden.<\/p>\n<h3 data-section-id=\"z6iv4c\" data-start=\"2804\" data-end=\"2855\"><span role=\"text\">5. Avancerat system f\u00f6r uppriktning och inspektion<\/span><\/h3>\n<p data-start=\"2856\" data-end=\"2902\">Utrustad med en konfiguration med dubbla mikroskop:<\/p>\n<ul data-start=\"2903\" data-end=\"3050\">\n<li data-section-id=\"1upg1xh\" data-start=\"2903\" data-end=\"2952\">M\u00f6jligg\u00f6r snabb och exakt automatisk uppriktning<\/li>\n<li data-section-id=\"7lt55p\" data-start=\"2953\" data-end=\"2997\">St\u00f6der h\u00f6guppl\u00f6st kerfinspektion<\/li>\n<li data-section-id=\"rql893\" data-start=\"2998\" data-end=\"3050\">F\u00f6rb\u00e4ttrar sk\u00e4rningens j\u00e4mnhet och minskar antalet defekter<\/li>\n<\/ul>\n<p data-start=\"3052\" data-end=\"3133\">Detta \u00e4r avg\u00f6rande f\u00f6r att bibeh\u00e5lla sn\u00e4va toleranser vid tillverkning av halvledare.<\/p>\n<h3 data-section-id=\"ft5041\" data-start=\"3140\" data-end=\"3190\"><span role=\"text\">6. Tillval Sub-CT Blade Dressing-funktion<\/span><\/h3>\n<p data-start=\"3191\" data-end=\"3283\">Den valfria Sub-CT-assisterade bladdressningsfunktionen hj\u00e4lper till att bibeh\u00e5lla optimalt bladskick:<\/p>\n<ul data-start=\"3284\" data-end=\"3397\">\n<li data-section-id=\"1trj5ya\" data-start=\"3284\" data-end=\"3329\">Minskar kantflisning och ytdefekter<\/li>\n<li data-section-id=\"2vyx60\" data-start=\"3330\" data-end=\"3360\">F\u00f6rl\u00e4nger bladets livsl\u00e4ngd<\/li>\n<li data-section-id=\"1wk3sdx\" data-start=\"3361\" data-end=\"3397\">F\u00f6rb\u00e4ttrar den totala sk\u00e4rkvaliteten<\/li>\n<\/ul>\n<h3 data-section-id=\"ngjugw\" data-start=\"3404\" data-end=\"3447\"><span role=\"text\">7. Kylsystem f\u00f6r djupg\u00e5ende sk\u00e4rning som tillval<\/span><\/h3>\n<p data-start=\"3448\" data-end=\"3503\">Ett kylvattensystem f\u00f6r djupg\u00e5ende sk\u00e4rning finns som tillval:<\/p>\n<ul data-start=\"3504\" data-end=\"3641\">\n<li data-section-id=\"wu3rr0\" data-start=\"3504\" data-end=\"3550\">F\u00f6rb\u00e4ttrar kylningseffektiviteten under sk\u00e4rning<\/li>\n<li data-section-id=\"1e0lcc8\" data-start=\"3551\" data-end=\"3590\">Minskar termisk skada p\u00e5 material<\/li>\n<li data-section-id=\"rjj9u\" data-start=\"3591\" data-end=\"3641\">F\u00f6rb\u00e4ttrar ytkvaliteten och sk\u00e4rprecisionen<\/li>\n<\/ul>\n<h2 data-section-id=\"id1bjs\" data-start=\"3648\" data-end=\"3679\"><span role=\"text\">Tekniska specifikationer<\/span><\/h2>\n<div class=\"TyagGW_tableContainer\">\n<div class=\"group TyagGW_tableWrapper flex flex-col-reverse w-fit\" tabindex=\"-1\">\n<table class=\"w-fit min-w-(--thread-content-width)\" data-start=\"3681\" data-end=\"4410\">\n<thead data-start=\"3681\" data-end=\"3718\">\n<tr data-start=\"3681\" data-end=\"3718\">\n<th class=\"\" data-start=\"3681\" data-end=\"3697\" data-col-size=\"sm\">Parameter<\/th>\n<th class=\"\" data-start=\"3697\" data-end=\"3718\" data-col-size=\"sm\">Specifikation<\/th>\n<\/tr>\n<\/thead>\n<tbody data-start=\"3755\" data-end=\"4410\">\n<tr data-start=\"3755\" data-end=\"3781\">\n<td data-start=\"3755\" data-end=\"3771\" data-col-size=\"sm\">Spindeleffekt<\/td>\n<td data-start=\"3771\" data-end=\"3781\" data-col-size=\"sm\">1,8 kW<\/td>\n<\/tr>\n<tr data-start=\"3782\" data-end=\"3818\">\n<td data-start=\"3782\" data-end=\"3798\" data-col-size=\"sm\">Spindelvarvtal<\/td>\n<td data-start=\"3798\" data-end=\"3818\" data-col-size=\"sm\">6000 - 60000 varv\/min<\/td>\n<\/tr>\n<tr data-start=\"3819\" data-end=\"3845\">\n<td data-start=\"3819\" data-end=\"3835\" data-col-size=\"sm\">X-axelns r\u00f6relse<\/td>\n<td data-start=\"3835\" data-end=\"3845\" data-col-size=\"sm\">420 mm<\/td>\n<\/tr>\n<tr data-start=\"3846\" data-end=\"3880\">\n<td data-start=\"3846\" data-end=\"3861\" data-col-size=\"sm\">X-axel Hastighet<\/td>\n<td data-start=\"3861\" data-end=\"3880\" data-col-size=\"sm\">0,1 - 1000 mm\/s<\/td>\n<\/tr>\n<tr data-start=\"3881\" data-end=\"3913\">\n<td data-start=\"3881\" data-end=\"3901\" data-col-size=\"sm\">X-axel Uppl\u00f6sning<\/td>\n<td data-start=\"3901\" data-end=\"3913\" data-col-size=\"sm\">0,001 mm<\/td>\n<\/tr>\n<tr data-start=\"3914\" data-end=\"3939\">\n<td data-start=\"3914\" data-end=\"3929\" data-col-size=\"sm\">Y1\/Y2 Resor<\/td>\n<td data-start=\"3929\" data-end=\"3939\" data-col-size=\"sm\">420 mm<\/td>\n<\/tr>\n<tr data-start=\"3940\" data-end=\"3973\">\n<td data-start=\"3940\" data-end=\"3960\" data-col-size=\"sm\">Y-axel Uppl\u00f6sning<\/td>\n<td data-start=\"3960\" data-end=\"3973\" data-col-size=\"sm\">0,0001 mm<\/td>\n<\/tr>\n<tr data-start=\"3974\" data-end=\"4009\">\n<td data-start=\"3974\" data-end=\"3997\" data-col-size=\"sm\">Positioneringsnoggrannhet<\/td>\n<td data-start=\"3997\" data-end=\"4009\" data-col-size=\"sm\">0,002 mm<\/td>\n<\/tr>\n<tr data-start=\"4010\" data-end=\"4048\">\n<td data-start=\"4010\" data-end=\"4030\" data-col-size=\"sm\">Ackumulerat fel<\/td>\n<td data-start=\"4030\" data-end=\"4048\" data-col-size=\"sm\">0,003 \/ 400 mm<\/td>\n<\/tr>\n<tr data-start=\"4049\" data-end=\"4073\">\n<td data-start=\"4049\" data-end=\"4064\" data-col-size=\"sm\">Z1\/Z2 Resor<\/td>\n<td data-start=\"4064\" data-end=\"4073\" data-col-size=\"sm\">13 mm<\/td>\n<\/tr>\n<tr data-start=\"4074\" data-end=\"4102\">\n<td data-start=\"4074\" data-end=\"4090\" data-col-size=\"sm\">Repeterbarhet<\/td>\n<td data-start=\"4090\" data-end=\"4102\" data-col-size=\"sm\">0,001 mm<\/td>\n<\/tr>\n<tr data-start=\"4103\" data-end=\"4133\">\n<td data-start=\"4103\" data-end=\"4120\" data-col-size=\"sm\">Theta-rotation<\/td>\n<td data-start=\"4120\" data-end=\"4133\" data-col-size=\"sm\">380\u00b0 \u00b1 5\u00b0<\/td>\n<\/tr>\n<tr data-start=\"4134\" data-end=\"4166\">\n<td data-start=\"4134\" data-end=\"4153\" data-col-size=\"sm\">Vinkelnoggrannhet<\/td>\n<td data-start=\"4153\" data-end=\"4166\" data-col-size=\"sm\">1 b\u00e5gsekund<\/td>\n<\/tr>\n<tr data-start=\"4167\" data-end=\"4220\">\n<td data-start=\"4167\" data-end=\"4194\" data-col-size=\"sm\">Mikroskopf\u00f6rstoring<\/td>\n<td data-start=\"4194\" data-end=\"4220\" data-col-size=\"sm\">1,5\u00d7 (tillval) \/ 0,8\u00d7<\/td>\n<\/tr>\n<tr data-start=\"4221\" data-end=\"4262\">\n<td data-start=\"4221\" data-end=\"4232\" data-col-size=\"sm\">Belysning<\/td>\n<td data-start=\"4232\" data-end=\"4262\" data-col-size=\"sm\">Ringljus + koaxialljus<\/td>\n<\/tr>\n<tr data-start=\"4263\" data-end=\"4298\">\n<td data-start=\"4263\" data-end=\"4287\" data-col-size=\"sm\">Max arbetsstycke (rund)<\/td>\n<td data-start=\"4287\" data-end=\"4298\" data-col-size=\"sm\">\u00d8300 mm<\/td>\n<\/tr>\n<tr data-start=\"4299\" data-end=\"4340\">\n<td data-start=\"4299\" data-end=\"4324\" data-col-size=\"sm\">Max arbetsstycke (kvadrat)<\/td>\n<td data-start=\"4324\" data-end=\"4340\" data-col-size=\"sm\">400 \u00d7 400 mm<\/td>\n<\/tr>\n<tr data-start=\"4341\" data-end=\"4389\">\n<td data-start=\"4341\" data-end=\"4364\" data-col-size=\"sm\">Maskinens storlek (B\u00d7D\u00d7H)<\/td>\n<td data-start=\"4364\" data-end=\"4389\" data-col-size=\"sm\">1450 \u00d7 1250 \u00d7 1850 mm<\/td>\n<\/tr>\n<tr data-start=\"4390\" data-end=\"4410\">\n<td data-start=\"4390\" data-end=\"4399\" data-col-size=\"sm\">Vikt<\/td>\n<td data-start=\"4399\" data-end=\"4410\" data-col-size=\"sm\">2000 kg<\/td>\n<\/tr>\n<\/tbody>\n<\/table>\n<\/div>\n<\/div>\n<h2 data-section-id=\"k0zlak\" data-start=\"4417\" data-end=\"4436\"><span role=\"text\">Till\u00e4mpningar<\/span><\/h2>\n<p data-start=\"4438\" data-end=\"4562\">HP-1201 anv\u00e4nds ofta inom avancerad tillverkning d\u00e4r det kr\u00e4vs h\u00f6gprecisionsbitning av stora eller flera arbetsstycken:<\/p>\n<ul data-start=\"4564\" data-end=\"4795\">\n<li data-section-id=\"5cz68w\" data-start=\"4564\" data-end=\"4606\">T\u00e4rning av halvledarskivor (\u2264 12 tum)<\/li>\n<li data-section-id=\"vc4r2z\" data-start=\"4607\" data-end=\"4640\">Avancerade f\u00f6rpackningssubstrat<\/li>\n<li data-section-id=\"c44nr\" data-start=\"4641\" data-end=\"4672\">Paketering p\u00e5 panelniv\u00e5 (PLP)<\/li>\n<li data-section-id=\"ar9gw\" data-start=\"4673\" data-end=\"4709\">LED- och optoelektroniska material<\/li>\n<li data-section-id=\"1cw4nvq\" data-start=\"4710\" data-end=\"4748\">Keramiska och h\u00e5rda spr\u00f6da material<\/li>\n<li data-section-id=\"nh0qnc\" data-start=\"4749\" data-end=\"4795\">Flerbands- och batchsk\u00e4rning<\/li>\n<\/ul>\n<p><img decoding=\"async\" class=\"wp-image-2150 size-large aligncenter\" src=\"https:\/\/www.zmsh-semitech.com\/wp-content\/uploads\/2026\/04\/APPLICATION2-1024x683.png\" alt=\"\" width=\"1024\" height=\"683\" srcset=\"https:\/\/www.zmsh-semitech.com\/wp-content\/uploads\/2026\/04\/APPLICATION2-1024x683.png 1024w, https:\/\/www.zmsh-semitech.com\/wp-content\/uploads\/2026\/04\/APPLICATION2-300x200.png 300w, https:\/\/www.zmsh-semitech.com\/wp-content\/uploads\/2026\/04\/APPLICATION2-768x512.png 768w, https:\/\/www.zmsh-semitech.com\/wp-content\/uploads\/2026\/04\/APPLICATION2-18x12.png 18w, https:\/\/www.zmsh-semitech.com\/wp-content\/uploads\/2026\/04\/APPLICATION2-600x400.png 600w, https:\/\/www.zmsh-semitech.com\/wp-content\/uploads\/2026\/04\/APPLICATION2.png 1536w\" sizes=\"(max-width: 1024px) 100vw, 1024px\" \/><\/p>\n<h2 data-section-id=\"p8uldy\" data-start=\"4802\" data-end=\"4824\"><span role=\"text\">Centrala f\u00f6rdelar<\/span><\/h2>\n<h3 data-section-id=\"jjig1u\" data-start=\"4826\" data-end=\"4849\"><span role=\"text\">H\u00f6g genomstr\u00f6mning<\/span><\/h3>\n<p data-start=\"4850\" data-end=\"4933\">Flerstycksbearbetning och dubbelspindlig konstruktion \u00f6kar produktiviteten avsev\u00e4rt.<\/p>\n<h3 data-section-id=\"1lkz33s\" data-start=\"4935\" data-end=\"4962\"><span role=\"text\">Flexibel bearbetning<\/span><\/h3>\n<p data-start=\"4963\" data-end=\"5038\">Anpassningsbart arbetsbord m\u00f6jligg\u00f6r bearbetning av olika former och layouter.<\/p>\n<h3 data-section-id=\"1s6s45v\" data-start=\"5040\" data-end=\"5069\"><span role=\"text\">Precision och stabilitet<\/span><\/h3>\n<p data-start=\"5070\" data-end=\"5156\">Portalkonstruktion och avancerat uppriktningssystem garanterar h\u00f6g noggrannhet och repeterbarhet.<\/p>\n<h3 data-section-id=\"kl9wyi\" data-start=\"5158\" data-end=\"5181\"><span role=\"text\">Kostnadseffektivitet<\/span><\/h3>\n<p data-start=\"5182\" data-end=\"5262\">Kortare bearbetningstid och l\u00e4ngre livsl\u00e4ngd p\u00e5 knivarna s\u00e4nker de totala driftskostnaderna.<\/p>\n<h2 data-section-id=\"1nqqsko\" data-start=\"63\" data-end=\"102\"><span role=\"text\">Vanliga fr\u00e5gor och svar (FAQ)<\/span><\/h2>\n<h3 data-section-id=\"1204f8i\" data-start=\"104\" data-end=\"177\"><span role=\"text\">1. Vilken \u00e4r den maximala storleken p\u00e5 arbetsstycket som st\u00f6ds av HP-1201?<\/span><\/h3>\n<p data-start=\"178\" data-end=\"431\">HP-1201 st\u00f6der b\u00e5de wafer- och storformatsubstrat. Den kan bearbeta runda wafers upp till 12 tum (\u00d8300 mm) och fyrkantiga arbetsstycken upp till 400 \u00d7 400 mm. Detta g\u00f6r den s\u00e4rskilt l\u00e4mplig f\u00f6r avancerade f\u00f6rpackningar och applikationer p\u00e5 panelniv\u00e5.<\/p>\n<h3 data-section-id=\"xmgpor\" data-start=\"438\" data-end=\"521\"><span role=\"text\">2. \u00c4r HP-1201 l\u00e4mplig f\u00f6r flerstycks- eller bandkapning?<\/span><\/h3>\n<p data-start=\"522\" data-end=\"792\">Ja, HP-1201 \u00e4r s\u00e4rskilt optimerad f\u00f6r flerstycks- och bandsk\u00e4rning. Den kan bearbeta flera remsor i en enda cykel - t.ex. upp till 5 stycken 250 mm \u00d7 70 mm remsor - vilket avsev\u00e4rt f\u00f6rb\u00e4ttrar genomstr\u00f6mningen och minskar hanteringstiden vid batchproduktion.<\/p>\n<h3 data-section-id=\"afviui\" data-start=\"799\" data-end=\"871\"><span role=\"text\">3. Hur s\u00e4kerst\u00e4ller maskinen sk\u00e4rprecision och stabilitet?<\/span><\/h3>\n<p data-start=\"872\" data-end=\"932\">HP-1201 garanterar h\u00f6g precision genom en kombination av:<\/p>\n<ul data-start=\"933\" data-end=\"1195\">\n<li data-section-id=\"333d9b\" data-start=\"933\" data-end=\"992\">Portalkonstruktion med h\u00f6g styvhet f\u00f6r stabil drift<\/li>\n<li data-section-id=\"933urv\" data-start=\"993\" data-end=\"1061\">Dubbelt mikroskopsystem f\u00f6r exakt uppriktning och inspektion<\/li>\n<li data-section-id=\"119muuq\" data-start=\"1062\" data-end=\"1129\">H\u00f6guppl\u00f6sande r\u00f6relsekontroll (upp till 0,0001 mm uppl\u00f6sning)<\/li>\n<li data-section-id=\"1kcuul9\" data-start=\"1130\" data-end=\"1195\">Dubbelspindelkonfiguration f\u00f6r balanserad och effektiv kapning<\/li>\n<\/ul>\n<p data-start=\"1197\" data-end=\"1334\">Dessa egenskaper samverkar f\u00f6r att ge j\u00e4mn kapkvalitet, minimal flisning och tillf\u00f6rlitlig prestanda i kr\u00e4vande applikationer.<\/p>","protected":false},"excerpt":{"rendered":"<p>HP-1201 Automatic Dicing Machine \u00e4r en h\u00f6gpresterande l\u00f6sning som \u00e4r speciellt framtagen f\u00f6r storformatsubstrat och sk\u00e4rning av flera delar. Systemet \u00e4r utformat f\u00f6r att uppfylla de nya kraven f\u00f6r avancerad halvledarf\u00f6rpackning och substratbearbetning och st\u00f6der b\u00e5de wafer-dicing (upp till 12 tum) och arbetsstycken med stor yta upp till 400 \u00d7 400 mm.<\/p>","protected":false},"featured_media":2151,"comment_status":"open","ping_status":"closed","template":"","meta":{"site-sidebar-layout":"default","site-content-layout":"","ast-site-content-layout":"default","site-content-style":"default","site-sidebar-style":"default","ast-global-header-display":"","ast-banner-title-visibility":"","ast-main-header-display":"","ast-hfb-above-header-display":"","ast-hfb-below-header-display":"","ast-hfb-mobile-header-display":"","site-post-title":"","ast-breadcrumbs-content":"","ast-featured-img":"","footer-sml-layout":"","ast-disable-related-posts":"","theme-transparent-header-meta":"default","adv-header-id-meta":"","stick-header-meta":"default","header-above-stick-meta":"","header-main-stick-meta":"","header-below-stick-meta":"","astra-migrate-meta-layouts":"set","ast-page-background-enabled":"default","ast-page-background-meta":{"desktop":{"background-color":"var(--ast-global-color-4)","background-image":"","background-repeat":"repeat","background-position":"center center","background-size":"auto","background-attachment":"scroll","background-type":"","background-media":"","overlay-type":"","overlay-color":"","overlay-opacity":"","overlay-gradient":""},"tablet":{"background-color":"","background-image":"","background-repeat":"repeat","background-position":"center center","background-size":"auto","background-attachment":"scroll","background-type":"","background-media":"","overlay-type":"","overlay-color":"","overlay-opacity":"","overlay-gradient":""},"mobile":{"background-color":"","background-image":"","background-repeat":"repeat","background-position":"center center","background-size":"auto","background-attachment":"scroll","background-type":"","background-media":"","overlay-type":"","overlay-color":"","overlay-opacity":"","overlay-gradient":""}},"ast-content-background-meta":{"desktop":{"background-color":"var(--ast-global-color-5)","background-image":"","background-repeat":"repeat","background-position":"center center","background-size":"auto","background-attachment":"scroll","background-type":"","background-media":"","overlay-type":"","overlay-color":"","overlay-opacity":"","overlay-gradient":""},"tablet":{"background-color":"var(--ast-global-color-5)","background-image":"","background-repeat":"repeat","background-position":"center center","background-size":"auto","background-attachment":"scroll","background-type":"","background-media":"","overlay-type":"","overlay-color":"","overlay-opacity":"","overlay-gradient":""},"mobile":{"background-color":"var(--ast-global-color-5)","background-image":"","background-repeat":"repeat","background-position":"center center","background-size":"auto","background-attachment":"scroll","background-type":"","background-media":"","overlay-type":"","overlay-color":"","overlay-opacity":"","overlay-gradient":""}}},"product_brand":[],"product_cat":[878],"product_tag":[897,898,891,896,895,894,893,694,475,890,892,889],"class_list":{"0":"post-2149","1":"product","2":"type-product","3":"status-publish","4":"has-post-thumbnail","6":"product_cat-dicing-equipment","7":"product_tag-ceramic-substrate-machining","8":"product_tag-dual-spindle-dicing","9":"product_tag-ic-chip-singulation","10":"product_tag-led-chip-processing","11":"product_tag-mems-fabrication","12":"product_tag-multi-strip-cutting","13":"product_tag-panel-level-packaging","14":"product_tag-precision-microfabrication","15":"product_tag-semiconductor-manufacturing","16":"product_tag-silicon-wafer-processing","17":"product_tag-substrate-cutting","18":"product_tag-wafer-dicing","19":"desktop-align-left","20":"tablet-align-left","21":"mobile-align-left","22":"ast-product-gallery-layout-horizontal-slider","23":"ast-product-gallery-with-no-image","24":"ast-product-tabs-layout-horizontal","26":"first","27":"instock","28":"shipping-taxable","29":"product-type-simple"},"_links":{"self":[{"href":"https:\/\/www.zmsh-semitech.com\/sv\/wp-json\/wp\/v2\/product\/2149","targetHints":{"allow":["GET"]}}],"collection":[{"href":"https:\/\/www.zmsh-semitech.com\/sv\/wp-json\/wp\/v2\/product"}],"about":[{"href":"https:\/\/www.zmsh-semitech.com\/sv\/wp-json\/wp\/v2\/types\/product"}],"replies":[{"embeddable":true,"href":"https:\/\/www.zmsh-semitech.com\/sv\/wp-json\/wp\/v2\/comments?post=2149"}],"version-history":[{"count":2,"href":"https:\/\/www.zmsh-semitech.com\/sv\/wp-json\/wp\/v2\/product\/2149\/revisions"}],"predecessor-version":[{"id":2153,"href":"https:\/\/www.zmsh-semitech.com\/sv\/wp-json\/wp\/v2\/product\/2149\/revisions\/2153"}],"wp:featuredmedia":[{"embeddable":true,"href":"https:\/\/www.zmsh-semitech.com\/sv\/wp-json\/wp\/v2\/media\/2151"}],"wp:attachment":[{"href":"https:\/\/www.zmsh-semitech.com\/sv\/wp-json\/wp\/v2\/media?parent=2149"}],"wp:term":[{"taxonomy":"product_brand","embeddable":true,"href":"https:\/\/www.zmsh-semitech.com\/sv\/wp-json\/wp\/v2\/product_brand?post=2149"},{"taxonomy":"product_cat","embeddable":true,"href":"https:\/\/www.zmsh-semitech.com\/sv\/wp-json\/wp\/v2\/product_cat?post=2149"},{"taxonomy":"product_tag","embeddable":true,"href":"https:\/\/www.zmsh-semitech.com\/sv\/wp-json\/wp\/v2\/product_tag?post=2149"}],"curies":[{"name":"wp","href":"https:\/\/api.w.org\/{rel}","templated":true}]}}