{"id":2143,"date":"2026-04-09T07:00:47","date_gmt":"2026-04-09T07:00:47","guid":{"rendered":"https:\/\/www.zmsh-semitech.com\/?post_type=product&#038;p=2143"},"modified":"2026-04-09T07:03:21","modified_gmt":"2026-04-09T07:03:21","slug":"high-precision-12-inch-wafer-dicing-solution-for-advanced-semiconductor-processing","status":"publish","type":"product","link":"https:\/\/www.zmsh-semitech.com\/sv\/product\/high-precision-12-inch-wafer-dicing-solution-for-advanced-semiconductor-processing\/","title":{"rendered":"H\u00f6gprecisionsl\u00f6sning f\u00f6r 12-tums wafers f\u00f6r avancerad halvledarbearbetning"},"content":{"rendered":"<p data-start=\"245\" data-end=\"627\"><img fetchpriority=\"high\" decoding=\"async\" class=\"size-medium wp-image-2144 alignright\" src=\"https:\/\/www.zmsh-semitech.com\/wp-content\/uploads\/2026\/04\/High-Precision-12-inch-Wafer-Dicing-Solution-for-Advanced-Semiconductor-Processing2-300x300.png\" alt=\"\" width=\"300\" height=\"300\" srcset=\"https:\/\/www.zmsh-semitech.com\/wp-content\/uploads\/2026\/04\/High-Precision-12-inch-Wafer-Dicing-Solution-for-Advanced-Semiconductor-Processing2-300x300.png 300w, https:\/\/www.zmsh-semitech.com\/wp-content\/uploads\/2026\/04\/High-Precision-12-inch-Wafer-Dicing-Solution-for-Advanced-Semiconductor-Processing2-150x150.png 150w, https:\/\/www.zmsh-semitech.com\/wp-content\/uploads\/2026\/04\/High-Precision-12-inch-Wafer-Dicing-Solution-for-Advanced-Semiconductor-Processing2-768x768.png 768w, https:\/\/www.zmsh-semitech.com\/wp-content\/uploads\/2026\/04\/High-Precision-12-inch-Wafer-Dicing-Solution-for-Advanced-Semiconductor-Processing2-12x12.png 12w, https:\/\/www.zmsh-semitech.com\/wp-content\/uploads\/2026\/04\/High-Precision-12-inch-Wafer-Dicing-Solution-for-Advanced-Semiconductor-Processing2-600x600.png 600w, https:\/\/www.zmsh-semitech.com\/wp-content\/uploads\/2026\/04\/High-Precision-12-inch-Wafer-Dicing-Solution-for-Advanced-Semiconductor-Processing2-100x100.png 100w, https:\/\/www.zmsh-semitech.com\/wp-content\/uploads\/2026\/04\/High-Precision-12-inch-Wafer-Dicing-Solution-for-Advanced-Semiconductor-Processing2.png 1000w\" sizes=\"(max-width: 300px) 100vw, 300px\" \/>HP-1221 Fully Automatic Wafer Dicing Machine \u00e4r en h\u00f6geffektiv, precisionskonstruerad l\u00f6sning som \u00e4r utformad f\u00f6r singuleringsprocesser f\u00f6r halvledarwafers. Systemet st\u00f6der wafers upp till 300 mm (12 tum) och integrerar avancerad automatisering, sk\u00e4rteknik med dubbla spindlar och intelligenta uppriktningssystem f\u00f6r att ge \u00f6verl\u00e4gsen sk\u00e4rnoggrannhet, genomstr\u00f6mning och konsekvens.<\/p>\n<p data-start=\"629\" data-end=\"943\">HP-1221 \u00e4r konstruerad f\u00f6r moderna tillverkningsmilj\u00f6er f\u00f6r halvledare och m\u00f6jligg\u00f6r ett helautomatiskt arbetsfl\u00f6de - fr\u00e5n laddning och inriktning av wafers till precisionssk\u00e4rning, f\u00f6ljt av integrerad reng\u00f6ring och torkning. Detta minskar avsev\u00e4rt manuella ingrepp, f\u00f6rb\u00e4ttrar utbytet och s\u00e4kerst\u00e4ller en repeterbar processtabilitet.<\/p>\n<p data-start=\"945\" data-end=\"1134\">Med sitt kompakta fotavtryck och robusta konstruktion \u00e4r HP-1221 l\u00e4mplig f\u00f6r b\u00e5de produktionslinjer med h\u00f6ga volymer och specialiserade applikationer som kr\u00e4ver h\u00f6g precision och tillf\u00f6rlitlighet.<\/p>\n<h2 data-section-id=\"1j5qwet\" data-start=\"1141\" data-end=\"1160\"><span role=\"text\">Viktiga funktioner<\/span><\/h2>\n<h3 data-section-id=\"9cqnah\" data-start=\"1162\" data-end=\"1223\"><span role=\"text\">1. Motst\u00e5ende struktur med dubbla spindlar f\u00f6r h\u00f6g effektivitet<\/span><\/h3>\n<p data-start=\"1224\" data-end=\"1549\">Maskinen har en avancerad konfiguration med tv\u00e5 motst\u00e5ende spindlar. Genom att minska avst\u00e5ndet mellan de tv\u00e5 spindlarna minimerar systemet tomg\u00e5ngsr\u00f6relser och f\u00f6rb\u00e4ttrar sk\u00e4rningseffektiviteten avsev\u00e4rt. Den h\u00e4r konstruktionen m\u00f6jligg\u00f6r kontinuerlig drift och minskar cykeltiden, vilket g\u00f6r den idealisk f\u00f6r produktionsmilj\u00f6er med h\u00f6g genomstr\u00f6mning.<\/p>\n<h3 data-section-id=\"eul68q\" data-start=\"1551\" data-end=\"1596\"><span role=\"text\">2. Helt automatiserad integrerad process<\/span><\/h3>\n<p data-start=\"1597\" data-end=\"1658\">HP-1221 st\u00f6der en komplett automatiserad process, inklusive:<\/p>\n<ul data-start=\"1659\" data-end=\"1796\">\n<li data-section-id=\"aswsbm\" data-start=\"1659\" data-end=\"1700\">Automatisk lastning och lossning av wafers<\/li>\n<li data-section-id=\"pbe6aq\" data-start=\"1701\" data-end=\"1729\">Uppriktning med h\u00f6g precision<\/li>\n<li data-section-id=\"1mrcdix\" data-start=\"1730\" data-end=\"1761\">Kontrollerad t\u00e4rningsoperation<\/li>\n<li data-section-id=\"n3oef2\" data-start=\"1762\" data-end=\"1796\">Integrerad reng\u00f6ring och torkning<\/li>\n<\/ul>\n<p data-start=\"1798\" data-end=\"1916\">Denna automatiseringsniv\u00e5 \u00f6kar inte bara produktiviteten utan minskar ocks\u00e5 operat\u00f6rsberoendet och de fel som orsakas av m\u00e4nniskor.<\/p>\n<h3 data-section-id=\"lxacqp\" data-start=\"1918\" data-end=\"1975\"><span role=\"text\">3. H\u00f6gprecisionssystem f\u00f6r uppriktning och inspektion<\/span><\/h3>\n<p data-start=\"1976\" data-end=\"2071\">Systemet \u00e4r utrustat med en konfiguration med dubbla mikroskop (h\u00f6g och l\u00e5g f\u00f6rstoring) och s\u00e4kerst\u00e4ller:<\/p>\n<ul data-start=\"2072\" data-end=\"2185\">\n<li data-section-id=\"9rivzh\" data-start=\"2072\" data-end=\"2109\">Snabb och exakt waferuppriktning<\/li>\n<li data-section-id=\"1dbri94\" data-start=\"2110\" data-end=\"2149\">Verifiering av sk\u00e4rbanan i realtid<\/li>\n<li data-section-id=\"pu471d\" data-start=\"2150\" data-end=\"2185\">Inspektion av kerf med h\u00f6g uppl\u00f6sning<\/li>\n<\/ul>\n<p data-start=\"2187\" data-end=\"2332\">Denna egenskap \u00e4r avg\u00f6rande f\u00f6r att bibeh\u00e5lla sn\u00e4va toleranser och s\u00e4kerst\u00e4lla en j\u00e4mn sk\u00e4rkvalitet, s\u00e4rskilt f\u00f6r avancerade halvledarkomponenter.<\/p>\n<h3 data-section-id=\"6vpx24\" data-start=\"2334\" data-end=\"2385\"><span role=\"text\">4. Sub-C\/T Funktion f\u00f6r assisterad bladavdressning<\/span><\/h3>\n<p data-start=\"2386\" data-end=\"2506\">Den integrerade Sub-C\/T-bladdressningsfunktionen hj\u00e4lper till att bibeh\u00e5lla optimal bladsk\u00e4rpa under drift. Detta resulterar i:<\/p>\n<ul data-start=\"2507\" data-end=\"2605\">\n<li data-section-id=\"sjm708\" data-start=\"2507\" data-end=\"2543\">F\u00f6rb\u00e4ttrad kvalitet p\u00e5 sk\u00e4rytan<\/li>\n<li data-section-id=\"1iinss9\" data-start=\"2544\" data-end=\"2581\">Minskad avflagning och mikrosprickor<\/li>\n<li data-section-id=\"yt2sjr\" data-start=\"2582\" data-end=\"2605\">F\u00f6rl\u00e4ngd livsl\u00e4ngd f\u00f6r bladet<\/li>\n<\/ul>\n<p data-start=\"2607\" data-end=\"2688\">I slut\u00e4ndan bidrar detta till l\u00e4gre driftskostnader och h\u00f6gre produktutbyte.<\/p>\n<h3 data-section-id=\"ga4x9p\" data-start=\"2690\" data-end=\"2735\"><span role=\"text\">5. Valfritt reng\u00f6ringsmunstycke f\u00f6r tv\u00e5 v\u00e4tskor<\/span><\/h3>\n<p data-start=\"2736\" data-end=\"2999\">Som tillval kan ett luft-vatten-munstycke med dubbla v\u00e4tskor installeras vid sk\u00e4romr\u00e5det f\u00f6r att f\u00f6rb\u00e4ttra reng\u00f6ringsprestandan efter sk\u00e4rningen. Detta s\u00e4kerst\u00e4ller effektiv borttagning av skr\u00e4p och partiklar, vilket f\u00f6rb\u00e4ttrar waferrenheten och minskar kontamineringsriskerna i nedstr\u00f6msprocesser.<\/p>\n<h2 data-section-id=\"id1bjs\" data-start=\"3006\" data-end=\"3037\"><span role=\"text\">Tekniska specifikationer<\/span><\/h2>\n<div class=\"TyagGW_tableContainer\">\n<div class=\"group TyagGW_tableWrapper flex flex-col-reverse w-fit\" tabindex=\"-1\">\n<table class=\"w-fit min-w-(--thread-content-width)\" data-start=\"3039\" data-end=\"3439\">\n<thead data-start=\"3039\" data-end=\"3076\">\n<tr data-start=\"3039\" data-end=\"3076\">\n<th class=\"\" data-start=\"3039\" data-end=\"3055\" data-col-size=\"sm\">Parameter<\/th>\n<th class=\"\" data-start=\"3055\" data-end=\"3076\" data-col-size=\"md\">Specifikation<\/th>\n<\/tr>\n<\/thead>\n<tbody data-start=\"3113\" data-end=\"3439\">\n<tr data-start=\"3113\" data-end=\"3183\">\n<td data-start=\"3113\" data-end=\"3137\" data-col-size=\"sm\">Spindeleffekt\/varvtal<\/td>\n<td data-col-size=\"md\" data-start=\"3137\" data-end=\"3183\">1,8 kW \/ 2,2 kW (tillval), 6000-60000 rpm<\/td>\n<\/tr>\n<tr data-start=\"3184\" data-end=\"3210\">\n<td data-start=\"3184\" data-end=\"3198\" data-col-size=\"sm\">Fl\u00e4nsstorlek<\/td>\n<td data-start=\"3198\" data-end=\"3210\" data-col-size=\"md\">2 tum<\/td>\n<\/tr>\n<tr data-start=\"3211\" data-end=\"3280\">\n<td data-start=\"3211\" data-end=\"3236\" data-col-size=\"sm\">Maximal storlek p\u00e5 arbetsstycket<\/td>\n<td data-col-size=\"md\" data-start=\"3236\" data-end=\"3280\">Rund: \u00d8300 mm \/ Fyrkantig: 254 mm \u00d7 254 mm<\/td>\n<\/tr>\n<tr data-start=\"3281\" data-end=\"3374\">\n<td data-start=\"3281\" data-end=\"3308\" data-col-size=\"sm\">Konfiguration av mikroskop<\/td>\n<td data-col-size=\"md\" data-start=\"3308\" data-end=\"3374\">H\u00f6g f\u00f6rstoring: 7,5\u00d7 \/ L\u00e5g f\u00f6rstoring: 0,75\u00d7 (tillval)<\/td>\n<\/tr>\n<tr data-start=\"3375\" data-end=\"3439\">\n<td data-start=\"3375\" data-end=\"3408\" data-col-size=\"sm\">Maskinens m\u00e5tt (B \u00d7 D \u00d7 H)<\/td>\n<td data-col-size=\"md\" data-start=\"3408\" data-end=\"3439\">1285 mm \u00d7 1590 mm \u00d7 1860 mm<\/td>\n<\/tr>\n<\/tbody>\n<\/table>\n<\/div>\n<\/div>\n<h2 data-section-id=\"k0zlak\" data-start=\"3446\" data-end=\"3465\"><span role=\"text\">Till\u00e4mpningar<\/span><\/h2>\n<p data-start=\"3467\" data-end=\"3597\">HP-1221 \u00e4r utformad f\u00f6r att uppfylla de kr\u00e4vande kraven i olika halvledar- och avancerade materialapplikationer, inklusive<\/p>\n<ul data-start=\"3599\" data-end=\"3832\">\n<li data-section-id=\"18mr094\" data-start=\"3599\" data-end=\"3653\">T\u00e4rning av kiselskivor f\u00f6r integrerade kretsar (IC)<\/li>\n<li data-section-id=\"dejbgx\" data-start=\"3654\" data-end=\"3704\">Bearbetning av wafer f\u00f6r kraftelektronik (t.ex. SiC, GaN)<\/li>\n<li data-section-id=\"haep52\" data-start=\"3705\" data-end=\"3732\">Tillverkning av MEMS-enheter<\/li>\n<li data-section-id=\"3caph5\" data-start=\"3733\" data-end=\"3773\">Sk\u00e4rning av LED och optoelektroniska wafers<\/li>\n<li data-section-id=\"d7piqk\" data-start=\"3774\" data-end=\"3832\">Avancerade f\u00f6rpacknings- och waferniv\u00e5processer<\/li>\n<\/ul>\n<p data-start=\"3834\" data-end=\"3945\">Dess kompatibilitet med wafers upp till 12 tum g\u00f6r den l\u00e4mplig f\u00f6r b\u00e5de mogna och avancerade tillverkningsnoder.<\/p>\n<p data-start=\"3834\" data-end=\"3945\"><img decoding=\"async\" class=\"wp-image-2146 size-large aligncenter\" src=\"https:\/\/www.zmsh-semitech.com\/wp-content\/uploads\/2026\/04\/applications-1024x683.png\" alt=\"\" width=\"1024\" height=\"683\" srcset=\"https:\/\/www.zmsh-semitech.com\/wp-content\/uploads\/2026\/04\/applications-1024x683.png 1024w, https:\/\/www.zmsh-semitech.com\/wp-content\/uploads\/2026\/04\/applications-300x200.png 300w, https:\/\/www.zmsh-semitech.com\/wp-content\/uploads\/2026\/04\/applications-768x512.png 768w, https:\/\/www.zmsh-semitech.com\/wp-content\/uploads\/2026\/04\/applications-18x12.png 18w, https:\/\/www.zmsh-semitech.com\/wp-content\/uploads\/2026\/04\/applications-600x400.png 600w, https:\/\/www.zmsh-semitech.com\/wp-content\/uploads\/2026\/04\/applications.png 1536w\" sizes=\"(max-width: 1024px) 100vw, 1024px\" \/><\/p>\n<h2 data-section-id=\"dfn86d\" data-start=\"3952\" data-end=\"3981\"><span role=\"text\">F\u00f6rdelar med prestanda<\/span><\/h2>\n<h3 data-section-id=\"4ffxha\" data-start=\"3983\" data-end=\"4021\"><span role=\"text\">F\u00f6rb\u00e4ttrad avkastning och tillf\u00f6rlitlighet<\/span><\/h3>\n<p data-start=\"4022\" data-end=\"4180\">Precisionsuppriktning och stabil spindelprestanda s\u00e4kerst\u00e4ller minimal kantsprickning och h\u00f6gkvalitativa snittytor, vilket direkt bidrar till f\u00f6rb\u00e4ttrat utbyte av enheten.<\/p>\n<h3 data-section-id=\"jjig1u\" data-start=\"4182\" data-end=\"4205\"><span role=\"text\">H\u00f6g genomstr\u00f6mning<\/span><\/h3>\n<p data-start=\"4206\" data-end=\"4360\">Den dubbelspindliga konstruktionen och den reducerade cykeltiden m\u00f6jligg\u00f6r snabbare bearbetning utan att kompromissa med noggrannheten, vilket g\u00f6r systemet idealiskt f\u00f6r storskalig produktion.<\/p>\n<h3 data-section-id=\"19co6zs\" data-start=\"4362\" data-end=\"4387\"><span role=\"text\">Processtabilitet<\/span><\/h3>\n<p data-start=\"4388\" data-end=\"4552\">Integrerad automation och intelligenta styrsystem s\u00e4kerst\u00e4ller konsekvent prestanda under l\u00e5nga produktionscykler, vilket minskar variabiliteten och f\u00f6rb\u00e4ttrar repeterbarheten.<\/p>\n<h3 data-section-id=\"kl9wyi\" data-start=\"4554\" data-end=\"4577\"><span role=\"text\">Kostnadseffektivitet<\/span><\/h3>\n<p data-start=\"4578\" data-end=\"4719\">Funktioner som bladdressning och effektiv reng\u00f6ring minskar f\u00f6rbrukningen av f\u00f6rbrukningsvaror och underh\u00e5llsfrekvensen, vilket s\u00e4nker de totala driftskostnaderna.<\/p>\n<h2 data-section-id=\"1a9ho2z\" data-start=\"4726\" data-end=\"4751\"><span role=\"text\">Varf\u00f6r v\u00e4lja HP-1221<\/span><\/h2>\n<p data-start=\"4753\" data-end=\"4851\">HP-1221 utm\u00e4rker sig som en p\u00e5litlig och skalbar wafer-dicing-l\u00f6sning f\u00f6r tillverkare som s\u00f6ker:<\/p>\n<ul data-start=\"4852\" data-end=\"5032\">\n<li data-section-id=\"1ti9b6v\" data-start=\"4852\" data-end=\"4891\">H\u00f6g precision vid singulering av wafers<\/li>\n<li data-section-id=\"1dl33s4\" data-start=\"4892\" data-end=\"4937\">Automatiserade, operat\u00f6rsoberoende processer<\/li>\n<li data-section-id=\"yvb4oy\" data-start=\"4938\" data-end=\"4979\">Kompatibilitet med avancerade material<\/li>\n<li data-section-id=\"w5xhf\" data-start=\"4980\" data-end=\"5032\">L\u00e5ngsiktig kostnadseffektivitet och stabil prestanda<\/li>\n<\/ul>\n<p data-start=\"5034\" data-end=\"5181\">Kombinationen av avancerad teknik, automation och anv\u00e4ndarorienterad design g\u00f6r den till ett v\u00e4rdefullt tillskott till alla tillverkningslinjer f\u00f6r halvledare.<\/p>\n<h2 data-section-id=\"1nqqsko\" data-start=\"72\" data-end=\"111\"><span role=\"text\"><strong data-start=\"75\" data-end=\"111\">VANLIGA FR\u00c5GOR<\/strong><\/span><\/h2>\n<h3 data-section-id=\"qm5bkh\" data-start=\"113\" data-end=\"171\"><span role=\"text\"><strong data-start=\"117\" data-end=\"169\">1. Vilka typer av wafers kan HP-1221 bearbeta?<\/strong><\/span><\/h3>\n<p data-start=\"172\" data-end=\"419\">HP-1221 \u00e4r utformad f\u00f6r att hantera ett brett spektrum av wafer-material som anv\u00e4nds vid tillverkning av halvledare och avancerad elektronik. Dessa inkluderar kisel (Si), kiselkarbid (SiC), galliumnitrid (GaN) och andra sammansatta halvledarmaterial.<\/p>\n<p data-start=\"421\" data-end=\"640\">Med sin h\u00f6ga spindelhastighet (upp till 60.000 varv\/min) och stabila sk\u00e4rprestanda kan systemet bearbeta b\u00e5de standardmaterial och h\u00e5rda, spr\u00f6da material med bibeh\u00e5llen utm\u00e4rkt kantkvalitet och minimal flisning.<\/p>\n<h3 data-section-id=\"ojbbsf\" data-start=\"647\" data-end=\"723\"><span role=\"text\"><strong data-start=\"651\" data-end=\"721\">2. Hur f\u00f6rb\u00e4ttrar dubbelspindelsystemet produktionseffektiviteten?<\/strong><\/span><\/h3>\n<p data-start=\"724\" data-end=\"950\">Den motsatta dubbelspindelstrukturen minskar avsev\u00e4rt de icke-produktiva r\u00f6relserna under drift. Genom att minimera avst\u00e5ndet mellan sk\u00e4raxlarna kan systemet utf\u00f6ra snabbare \u00f6verg\u00e5ngar och kontinuerliga sk\u00e4roperationer.<\/p>\n<p data-start=\"952\" data-end=\"968\">Detta resulterar i:<\/p>\n<ul data-start=\"969\" data-end=\"1049\">\n<li data-section-id=\"37o5kr\" data-start=\"969\" data-end=\"992\">Kortare cykeltider<\/li>\n<li data-section-id=\"r0gau3\" data-start=\"993\" data-end=\"1014\">H\u00f6gre genomstr\u00f6mning<\/li>\n<li data-section-id=\"38pfee\" data-start=\"1015\" data-end=\"1049\">F\u00f6rb\u00e4ttrat utnyttjande av utrustning<\/li>\n<\/ul>\n<p data-start=\"1051\" data-end=\"1174\">J\u00e4mf\u00f6rt med enspindliga system erbjuder HP-1221 en mer effektiv l\u00f6sning f\u00f6r h\u00f6gvolymsapplikationer inom wafer-dicing.<\/p>\n<h3 data-section-id=\"1t8g62q\" data-start=\"1181\" data-end=\"1251\"><span role=\"text\"><strong data-start=\"1185\" data-end=\"1249\">3. Hur s\u00e4kerst\u00e4ller maskinen sk\u00e4rprecision och kvalitet?<\/strong><\/span><\/h3>\n<p data-start=\"1252\" data-end=\"1343\">HP-1221 har flera funktioner f\u00f6r att garantera precision och konsekvens, bland annat<\/p>\n<ul data-start=\"1344\" data-end=\"1622\">\n<li data-section-id=\"1tq730p\" data-start=\"1344\" data-end=\"1418\">Dubbelt mikroskopsystem f\u00f6r exakt uppriktning och inspektion i realtid<\/li>\n<li data-section-id=\"ks50qq\" data-start=\"1419\" data-end=\"1475\">H\u00f6ghastighetsspindel med l\u00e5g vibration f\u00f6r stabil kapning<\/li>\n<li data-section-id=\"f0nbeh\" data-start=\"1476\" data-end=\"1539\">Sub-C\/T-bladdressningsfunktion f\u00f6r att bibeh\u00e5lla bladets sk\u00e4rpa<\/li>\n<li data-section-id=\"1yz5992\" data-start=\"1540\" data-end=\"1622\">Reng\u00f6ringssystem med dubbla v\u00e4tskor som tillval f\u00f6r att avl\u00e4gsna skr\u00e4p och f\u00f6rhindra kontaminering<\/li>\n<\/ul>\n<p data-start=\"1624\" data-end=\"1797\">Dessa kombinerade teknologier bidrar till att s\u00e4kerst\u00e4lla sn\u00e4va toleranser, rena snittlinjer och h\u00f6g repeterbarhet, vilket \u00e4r avg\u00f6rande f\u00f6r att bibeh\u00e5lla utbytet vid halvledartillverkning.<\/p>","protected":false},"excerpt":{"rendered":"<p>HP-1221 Fully Automatic Wafer Dicing Machine \u00e4r en h\u00f6geffektiv, precisionskonstruerad l\u00f6sning som \u00e4r utformad f\u00f6r singuleringsprocesser f\u00f6r halvledarwafers. Systemet st\u00f6der wafers upp till 300 mm (12 tum) och integrerar avancerad automatisering, sk\u00e4rteknik med dubbla spindlar och intelligenta uppriktningssystem f\u00f6r att ge \u00f6verl\u00e4gsen sk\u00e4rnoggrannhet, genomstr\u00f6mning och konsekvens.<\/p>","protected":false},"featured_media":2144,"comment_status":"open","ping_status":"closed","template":"","meta":{"site-sidebar-layout":"default","site-content-layout":"","ast-site-content-layout":"default","site-content-style":"default","site-sidebar-style":"default","ast-global-header-display":"","ast-banner-title-visibility":"","ast-main-header-display":"","ast-hfb-above-header-display":"","ast-hfb-below-header-display":"","ast-hfb-mobile-header-display":"","site-post-title":"","ast-breadcrumbs-content":"","ast-featured-img":"","footer-sml-layout":"","ast-disable-related-posts":"","theme-transparent-header-meta":"default","adv-header-id-meta":"","stick-header-meta":"default","header-above-stick-meta":"","header-main-stick-meta":"","header-below-stick-meta":"","astra-migrate-meta-layouts":"set","ast-page-background-enabled":"default","ast-page-background-meta":{"desktop":{"background-color":"var(--ast-global-color-4)","background-image":"","background-repeat":"repeat","background-position":"center center","background-size":"auto","background-attachment":"scroll","background-type":"","background-media":"","overlay-type":"","overlay-color":"","overlay-opacity":"","overlay-gradient":""},"tablet":{"background-color":"","background-image":"","background-repeat":"repeat","background-position":"center center","background-size":"auto","background-attachment":"scroll","background-type":"","background-media":"","overlay-type":"","overlay-color":"","overlay-opacity":"","overlay-gradient":""},"mobile":{"background-color":"","background-image":"","background-repeat":"repeat","background-position":"center center","background-size":"auto","background-attachment":"scroll","background-type":"","background-media":"","overlay-type":"","overlay-color":"","overlay-opacity":"","overlay-gradient":""}},"ast-content-background-meta":{"desktop":{"background-color":"var(--ast-global-color-5)","background-image":"","background-repeat":"repeat","background-position":"center center","background-size":"auto","background-attachment":"scroll","background-type":"","background-media":"","overlay-type":"","overlay-color":"","overlay-opacity":"","overlay-gradient":""},"tablet":{"background-color":"var(--ast-global-color-5)","background-image":"","background-repeat":"repeat","background-position":"center center","background-size":"auto","background-attachment":"scroll","background-type":"","background-media":"","overlay-type":"","overlay-color":"","overlay-opacity":"","overlay-gradient":""},"mobile":{"background-color":"var(--ast-global-color-5)","background-image":"","background-repeat":"repeat","background-position":"center center","background-size":"auto","background-attachment":"scroll","background-type":"","background-media":"","overlay-type":"","overlay-color":"","overlay-opacity":"","overlay-gradient":""}}},"product_brand":[],"product_cat":[878],"product_tag":[541,888,882,880,440,883,887,885,447,881,739,683,884,879,886],"class_list":{"0":"post-2143","1":"product","2":"type-product","3":"status-publish","4":"has-post-thumbnail","6":"product_cat-dicing-equipment","7":"product_tag-12-inch-wafer-cutting","8":"product_tag-blade-dicing-machine","9":"product_tag-dual-spindle-dicing-saw","10":"product_tag-fully-automatic-dicing-machine","11":"product_tag-gan-wafer-cutting","12":"product_tag-high-precision-wafer-dicing","13":"product_tag-ic-wafer-singulation","14":"product_tag-led-wafer-cutting","15":"product_tag-mems-wafer-dicing","16":"product_tag-semiconductor-dicing-equipment","17":"product_tag-semiconductor-manufacturing-equipment","18":"product_tag-sic-wafer-dicing","19":"product_tag-silicon-wafer-cutting","20":"product_tag-wafer-dicing-machine","21":"product_tag-wafer-level-packaging-dicing","22":"desktop-align-left","23":"tablet-align-left","24":"mobile-align-left","25":"ast-product-gallery-layout-horizontal-slider","26":"ast-product-tabs-layout-horizontal","28":"first","29":"instock","30":"shipping-taxable","31":"product-type-simple"},"_links":{"self":[{"href":"https:\/\/www.zmsh-semitech.com\/sv\/wp-json\/wp\/v2\/product\/2143","targetHints":{"allow":["GET"]}}],"collection":[{"href":"https:\/\/www.zmsh-semitech.com\/sv\/wp-json\/wp\/v2\/product"}],"about":[{"href":"https:\/\/www.zmsh-semitech.com\/sv\/wp-json\/wp\/v2\/types\/product"}],"replies":[{"embeddable":true,"href":"https:\/\/www.zmsh-semitech.com\/sv\/wp-json\/wp\/v2\/comments?post=2143"}],"version-history":[{"count":2,"href":"https:\/\/www.zmsh-semitech.com\/sv\/wp-json\/wp\/v2\/product\/2143\/revisions"}],"predecessor-version":[{"id":2148,"href":"https:\/\/www.zmsh-semitech.com\/sv\/wp-json\/wp\/v2\/product\/2143\/revisions\/2148"}],"wp:featuredmedia":[{"embeddable":true,"href":"https:\/\/www.zmsh-semitech.com\/sv\/wp-json\/wp\/v2\/media\/2144"}],"wp:attachment":[{"href":"https:\/\/www.zmsh-semitech.com\/sv\/wp-json\/wp\/v2\/media?parent=2143"}],"wp:term":[{"taxonomy":"product_brand","embeddable":true,"href":"https:\/\/www.zmsh-semitech.com\/sv\/wp-json\/wp\/v2\/product_brand?post=2143"},{"taxonomy":"product_cat","embeddable":true,"href":"https:\/\/www.zmsh-semitech.com\/sv\/wp-json\/wp\/v2\/product_cat?post=2143"},{"taxonomy":"product_tag","embeddable":true,"href":"https:\/\/www.zmsh-semitech.com\/sv\/wp-json\/wp\/v2\/product_tag?post=2143"}],"curies":[{"name":"wp","href":"https:\/\/api.w.org\/{rel}","templated":true}]}}