{"id":2061,"date":"2026-04-01T06:26:05","date_gmt":"2026-04-01T06:26:05","guid":{"rendered":"https:\/\/www.zmsh-semitech.com\/?post_type=product&#038;p=2061"},"modified":"2026-04-01T06:26:06","modified_gmt":"2026-04-01T06:26:06","slug":"high-precision-diamond-wire-single-line-cutting-machine-for-sic-sapphire-quartz-advanced-ceramics","status":"publish","type":"product","link":"https:\/\/www.zmsh-semitech.com\/sv\/product\/high-precision-diamond-wire-single-line-cutting-machine-for-sic-sapphire-quartz-advanced-ceramics\/","title":{"rendered":"Enlinjesk\u00e4rmaskin med h\u00f6g precision f\u00f6r diamanttr\u00e5d f\u00f6r SiC, safir, kvarts och avancerad keramik"},"content":{"rendered":"<p data-start=\"257\" data-end=\"534\"><img decoding=\"async\" class=\"size-medium wp-image-2065 alignright\" src=\"https:\/\/www.zmsh-semitech.com\/wp-content\/uploads\/2026\/04\/Diamond-Wire-Single-Line-Cutting-Machine99-300x145.png\" alt=\"\" width=\"300\" height=\"145\" srcset=\"https:\/\/www.zmsh-semitech.com\/wp-content\/uploads\/2026\/04\/Diamond-Wire-Single-Line-Cutting-Machine99-300x145.png 300w, https:\/\/www.zmsh-semitech.com\/wp-content\/uploads\/2026\/04\/Diamond-Wire-Single-Line-Cutting-Machine99-18x9.png 18w, https:\/\/www.zmsh-semitech.com\/wp-content\/uploads\/2026\/04\/Diamond-Wire-Single-Line-Cutting-Machine99-600x290.png 600w, https:\/\/www.zmsh-semitech.com\/wp-content\/uploads\/2026\/04\/Diamond-Wire-Single-Line-Cutting-Machine99.png 680w\" sizes=\"(max-width: 300px) 100vw, 300px\" \/>Diamond Wire Single-Line Cutting Machine \u00e4r en h\u00f6gpresterande l\u00f6sning f\u00f6r precisionssk\u00e4rning av h\u00e5rda och spr\u00f6da material. Med hj\u00e4lp av en diamantbelagd h\u00f6ghastighetsvajer m\u00f6jligg\u00f6r systemet effektiv kapning med l\u00e5g f\u00f6rlust genom en kontrollerad fram- och \u00e5terg\u00e5ende r\u00f6relse.<\/p>\n<p data-start=\"536\" data-end=\"769\">Den anv\u00e4nds ofta f\u00f6r bearbetning av material som kiselkarbid (SiC), safir, kvarts, glas, keramik och halvledarkristaller och st\u00f6der applikationer som besk\u00e4rning, avkortning, skivning och precisionssektionering.<\/p>\n<p data-start=\"771\" data-end=\"1031\">J\u00e4mf\u00f6rt med konventionell slipsk\u00e4rning och laserbearbetning erbjuder den h\u00e4r maskinen h\u00f6gre effektivitet, l\u00e4gre kerff\u00f6rlust och \u00f6verl\u00e4gsen ytkvalitet, vilket g\u00f6r den till ett idealiskt val f\u00f6r halvledar-, solcells-, optik- och avancerade materialindustrier.<\/p>\n<h1 data-section-id=\"jotpqu\" data-start=\"1038\" data-end=\"1058\"><span role=\"text\">Viktiga funktioner<\/span><\/h1>\n<h3 data-section-id=\"1rtdqca\" data-start=\"1060\" data-end=\"1108\"><span role=\"text\">1. H\u00f6g effektivitet och l\u00e5g materialf\u00f6rlust<\/span><\/h3>\n<ul data-start=\"1109\" data-end=\"1328\">\n<li data-section-id=\"11sgmis\" data-start=\"1109\" data-end=\"1185\">Tr\u00e5dhastighet upp till 1500 m\/min f\u00f6r snabb kapning av ultrah\u00e5rda material<\/li>\n<li data-section-id=\"1minw5g\" data-start=\"1186\" data-end=\"1258\">Skivtjocklek s\u00e5 l\u00e5g som 0,2 mm, vilket f\u00f6rb\u00e4ttrar materialutnyttjandet<\/li>\n<li data-section-id=\"5t3gyn\" data-start=\"1259\" data-end=\"1328\">Upp till 50% h\u00f6gre effektivitet \u00e4n traditionell abrasiv kapning<\/li>\n<\/ul>\n<h3 data-section-id=\"1oi3iek\" data-start=\"1330\" data-end=\"1377\"><span role=\"text\">2. Sk\u00e4rprestanda med h\u00f6g precision<\/span><\/h3>\n<ul data-start=\"1378\" data-end=\"1543\">\n<li data-section-id=\"1avlefc\" data-start=\"1378\" data-end=\"1422\">Sk\u00e4rprecision: &lt;3 \u03bcm (6-tums SiC)<\/li>\n<li data-section-id=\"1uy8t7k\" data-start=\"1423\" data-end=\"1489\">Stabil sp\u00e4nningskontroll (\u00b10,5 N) ger konsekventa resultat<\/li>\n<li data-section-id=\"1psvo4e\" data-start=\"1490\" data-end=\"1543\">Minskad kantavverkning och f\u00f6rb\u00e4ttrad ytfinhet<\/li>\n<\/ul>\n<h3 data-section-id=\"19526je\" data-start=\"1545\" data-end=\"1590\"><span role=\"text\">3. Intelligent och flexibel drift<\/span><\/h3>\n<ul data-start=\"1591\" data-end=\"1733\">\n<li data-section-id=\"1s7ha7z\" data-start=\"1591\" data-end=\"1630\">Anv\u00e4ndarv\u00e4nligt gr\u00e4nssnitt med peksk\u00e4rm<\/li>\n<li data-section-id=\"1490g7t\" data-start=\"1631\" data-end=\"1696\">Flera sk\u00e4rl\u00e4gen: rak, b\u00f6jd, sk\u00e4rning av flera delar<\/li>\n<li data-section-id=\"15z2aqc\" data-start=\"1697\" data-end=\"1733\">Snabb parameterinst\u00e4llning och lagring<\/li>\n<\/ul>\n<h3 data-section-id=\"x18z0o\" data-start=\"1735\" data-end=\"1775\"><span role=\"text\">4. Modul\u00e4r och utbyggbar design<\/span><\/h3>\n<ul data-start=\"1776\" data-end=\"1948\">\n<li data-section-id=\"1inpij0\" data-start=\"1776\" data-end=\"1840\">Valfritt roterande arbetsbord f\u00f6r vinkel- och cirkul\u00e4rkapning<\/li>\n<li data-section-id=\"1vitl51\" data-start=\"1841\" data-end=\"1889\">H\u00f6gsp\u00e4nningssystem f\u00f6r ultrah\u00e5rda material<\/li>\n<li data-section-id=\"lgqrrm\" data-start=\"1890\" data-end=\"1948\">St\u00f6djer automatisk uppriktning och precisionspositionering<\/li>\n<\/ul>\n<h3 data-section-id=\"ttlvza\" data-start=\"1950\" data-end=\"1991\"><span role=\"text\">5. H\u00e5llbar industriell struktur<\/span><\/h3>\n<ul data-start=\"1992\" data-end=\"2151\">\n<li data-section-id=\"5e6js5\" data-start=\"1992\" data-end=\"2044\">Kraftig maskinkropp f\u00f6r vibrationsmotst\u00e5nd<\/li>\n<li data-section-id=\"wugviy\" data-start=\"2045\" data-end=\"2104\">Nyckelkomponenter belagda med keramik\/tungstenskarbid<\/li>\n<li data-section-id=\"1h2l4tx\" data-start=\"2105\" data-end=\"2151\">L\u00e5ng livsl\u00e4ngd p\u00e5 \u00f6ver 5000 timmar<\/li>\n<\/ul>\n<h1 data-section-id=\"wo6xkr\" data-start=\"2158\" data-end=\"2190\"><span role=\"text\">Tekniska specifikationer<\/span><\/h1>\n<div class=\"TyagGW_tableContainer\">\n<div class=\"group TyagGW_tableWrapper flex flex-col-reverse w-fit\" tabindex=\"-1\">\n<table class=\"w-fit min-w-(--thread-content-width)\" data-start=\"2192\" data-end=\"2657\">\n<thead data-start=\"2192\" data-end=\"2212\">\n<tr data-start=\"2192\" data-end=\"2212\">\n<th class=\"\" data-start=\"2192\" data-end=\"2199\" data-col-size=\"sm\">F\u00f6rem\u00e5l<\/th>\n<th class=\"\" data-start=\"2199\" data-end=\"2212\" data-col-size=\"sm\">Parameter<\/th>\n<\/tr>\n<\/thead>\n<tbody data-start=\"2233\" data-end=\"2657\">\n<tr data-start=\"2233\" data-end=\"2269\">\n<td data-start=\"2233\" data-end=\"2253\" data-col-size=\"sm\">Maximal arbetsstorlek<\/td>\n<td data-start=\"2253\" data-end=\"2269\" data-col-size=\"sm\">600 \u00d7 500 mm<\/td>\n<\/tr>\n<tr data-start=\"2270\" data-end=\"2314\">\n<td data-start=\"2270\" data-end=\"2294\" data-col-size=\"sm\">Diamanttr\u00e5dens diameter<\/td>\n<td data-start=\"2294\" data-end=\"2314\" data-col-size=\"sm\">\u03c60,12 - \u03c60,45 mm<\/td>\n<\/tr>\n<tr data-start=\"2315\" data-end=\"2345\">\n<td data-start=\"2315\" data-end=\"2331\" data-col-size=\"sm\">K\u00f6rhastighet<\/td>\n<td data-start=\"2331\" data-end=\"2345\" data-col-size=\"sm\">1500 m\/min<\/td>\n<\/tr>\n<tr data-start=\"2346\" data-end=\"2387\">\n<td data-start=\"2346\" data-end=\"2365\" data-col-size=\"sm\">Sk\u00e4rningsnoggrannhet<\/td>\n<td data-start=\"2365\" data-end=\"2387\" data-col-size=\"sm\">&lt;3 \u03bcm (6-tums SiC)<\/td>\n<\/tr>\n<tr data-start=\"2388\" data-end=\"2416\">\n<td data-start=\"2388\" data-end=\"2402\" data-col-size=\"sm\">Sv\u00e4ngvinkel<\/td>\n<td data-start=\"2402\" data-end=\"2416\" data-col-size=\"sm\">0 ~ \u00b112.5\u00b0<\/td>\n<\/tr>\n<tr data-start=\"2417\" data-end=\"2441\">\n<td data-start=\"2417\" data-end=\"2431\" data-col-size=\"sm\">Lyftslag<\/td>\n<td data-start=\"2431\" data-end=\"2441\" data-col-size=\"sm\">650 mm<\/td>\n<\/tr>\n<tr data-start=\"2442\" data-end=\"2474\">\n<td data-start=\"2442\" data-end=\"2455\" data-col-size=\"sm\">Lyfthastighet<\/td>\n<td data-start=\"2455\" data-end=\"2474\" data-col-size=\"sm\">0 ~ 9,99 mm\/min<\/td>\n<\/tr>\n<tr data-start=\"2475\" data-end=\"2505\">\n<td data-start=\"2475\" data-end=\"2491\" data-col-size=\"sm\">Sp\u00e4nningsintervall<\/td>\n<td data-start=\"2491\" data-end=\"2505\" data-col-size=\"sm\">15 - 130 N<\/td>\n<\/tr>\n<tr data-start=\"2506\" data-end=\"2535\">\n<td data-start=\"2506\" data-end=\"2525\" data-col-size=\"sm\">Sp\u00e4nning Noggrannhet<\/td>\n<td data-start=\"2525\" data-end=\"2535\" data-col-size=\"sm\">\u00b10.5 N<\/td>\n<\/tr>\n<tr data-start=\"2536\" data-end=\"2567\">\n<td data-start=\"2536\" data-end=\"2556\" data-col-size=\"sm\">Str\u00f6mf\u00f6rbrukning<\/td>\n<td data-start=\"2556\" data-end=\"2567\" data-col-size=\"sm\">44,4 kW<\/td>\n<\/tr>\n<tr data-start=\"2568\" data-end=\"2608\">\n<td data-start=\"2568\" data-end=\"2583\" data-col-size=\"sm\">Maskinens storlek<\/td>\n<td data-start=\"2583\" data-end=\"2608\" data-col-size=\"sm\">2680 \u00d7 1500 \u00d7 2150 mm<\/td>\n<\/tr>\n<tr data-start=\"2609\" data-end=\"2629\">\n<td data-start=\"2609\" data-end=\"2618\" data-col-size=\"sm\">Vikt<\/td>\n<td data-start=\"2618\" data-end=\"2629\" data-col-size=\"sm\">3600 kg<\/td>\n<\/tr>\n<tr data-start=\"2630\" data-end=\"2657\">\n<td data-start=\"2630\" data-end=\"2644\" data-col-size=\"sm\">Bullerniv\u00e5<\/td>\n<td data-start=\"2644\" data-end=\"2657\" data-col-size=\"sm\">\u226475 dB(A)<\/td>\n<\/tr>\n<\/tbody>\n<\/table>\n<\/div>\n<\/div>\n<h1 data-section-id=\"1mql435\" data-start=\"2664\" data-end=\"2689\"><span role=\"text\">Arbetsprincip<\/span><\/h1>\n<p data-start=\"2691\" data-end=\"2879\">Maskinen arbetar med en diamantbelagd vajer som r\u00f6r sig med h\u00f6g hastighet \u00f6ver arbetsstycket. Sk\u00e4rprocessen uppn\u00e5s genom kontinuerlig abrasiv slipning med diamantpartiklar.<\/p>\n<p data-start=\"2881\" data-end=\"3078\">Ett servostyrt matningssystem s\u00e4kerst\u00e4ller exakt materialpositionering, medan ett kylv\u00e4tskesystem minskar v\u00e4rmen och avl\u00e4gsnar skr\u00e4p, vilket minimerar kantskador och f\u00f6rb\u00e4ttrar ytkvaliteten.<\/p>\n<p data-start=\"2881\" data-end=\"3078\"><img fetchpriority=\"high\" decoding=\"async\" class=\"wp-image-2066 size-full aligncenter\" src=\"https:\/\/www.zmsh-semitech.com\/wp-content\/uploads\/2026\/04\/Diamond-Wire-Single-Line-Cutting-Machine100.png\" alt=\"\" width=\"680\" height=\"121\" srcset=\"https:\/\/www.zmsh-semitech.com\/wp-content\/uploads\/2026\/04\/Diamond-Wire-Single-Line-Cutting-Machine100.png 680w, https:\/\/www.zmsh-semitech.com\/wp-content\/uploads\/2026\/04\/Diamond-Wire-Single-Line-Cutting-Machine100-300x53.png 300w, https:\/\/www.zmsh-semitech.com\/wp-content\/uploads\/2026\/04\/Diamond-Wire-Single-Line-Cutting-Machine100-18x3.png 18w, https:\/\/www.zmsh-semitech.com\/wp-content\/uploads\/2026\/04\/Diamond-Wire-Single-Line-Cutting-Machine100-600x107.png 600w\" sizes=\"(max-width: 680px) 100vw, 680px\" \/><\/p>\n<h1 data-section-id=\"fgk3yn\" data-start=\"3085\" data-end=\"3105\"><span role=\"text\">Till\u00e4mpningar<\/span><\/h1>\n<h3 data-section-id=\"17q599k\" data-start=\"3107\" data-end=\"3142\"><span role=\"text\">1. Halvledarindustrin<\/span><\/h3>\n<ul data-start=\"3143\" data-end=\"3242\">\n<li data-section-id=\"1nf22eo\" data-start=\"3143\" data-end=\"3182\">Skivning av SiC-g\u00f6t f\u00f6r kraftaggregat<\/li>\n<li data-section-id=\"13igyh1\" data-start=\"3183\" data-end=\"3242\">Sk\u00e4rning av safirskivor f\u00f6r LED och optiska applikationer<\/li>\n<\/ul>\n<h3 data-section-id=\"1vi8s5i\" data-start=\"3244\" data-end=\"3278\"><span role=\"text\">2. Fotovoltaisk industri<\/span><\/h3>\n<ul data-start=\"3279\" data-end=\"3366\">\n<li data-section-id=\"140am8z\" data-start=\"3279\" data-end=\"3320\">Kapning av kiselstavar och skivning av wafers<\/li>\n<li data-section-id=\"xnpw0v\" data-start=\"3321\" data-end=\"3366\">H\u00f6geffektiv bearbetning av solcellsmaterial<\/li>\n<\/ul>\n<h3 data-section-id=\"fxclnn\" data-start=\"3368\" data-end=\"3407\"><span role=\"text\">3. Precision Optics &amp; Smycken<\/span><\/h3>\n<ul data-start=\"3408\" data-end=\"3491\">\n<li data-section-id=\"10uj51p\" data-start=\"3408\" data-end=\"3432\">Sk\u00e4rning av kvartsglas<\/li>\n<li data-section-id=\"1gvn0wq\" data-start=\"3433\" data-end=\"3491\">Bearbetning av jade och \u00e4delstenar med h\u00f6g ytkvalitet<\/li>\n<\/ul>\n<h3 data-section-id=\"1qah645\" data-start=\"3493\" data-end=\"3529\"><span role=\"text\">4. Avancerad keramik &amp; FoU<\/span><\/h3>\n<ul data-start=\"3530\" data-end=\"3619\">\n<li data-section-id=\"1bpgmbu\" data-start=\"3530\" data-end=\"3573\">Aluminiumnitrid (AlN), zirkoniumdioxid (ZrO\u2082)<\/li>\n<li data-section-id=\"1xdca8d\" data-start=\"3574\" data-end=\"3619\">Komponenter f\u00f6r flyg- och rymdindustrin och f\u00f6r h\u00f6ga temperaturer<\/li>\n<\/ul>\n<h1 data-section-id=\"e8bo0\" data-start=\"3626\" data-end=\"3637\"><span role=\"text\"><img decoding=\"async\" class=\"size-medium wp-image-2063 alignright\" src=\"https:\/\/www.zmsh-semitech.com\/wp-content\/uploads\/2026\/04\/diamond_wire_single_line_cutting_machine_for_sic_sapphire_quartz_ceramic_material6-300x300.webp\" alt=\"\" width=\"300\" height=\"300\" srcset=\"https:\/\/www.zmsh-semitech.com\/wp-content\/uploads\/2026\/04\/diamond_wire_single_line_cutting_machine_for_sic_sapphire_quartz_ceramic_material6-300x300.webp 300w, https:\/\/www.zmsh-semitech.com\/wp-content\/uploads\/2026\/04\/diamond_wire_single_line_cutting_machine_for_sic_sapphire_quartz_ceramic_material6-150x150.webp 150w, https:\/\/www.zmsh-semitech.com\/wp-content\/uploads\/2026\/04\/diamond_wire_single_line_cutting_machine_for_sic_sapphire_quartz_ceramic_material6-12x12.webp 12w, https:\/\/www.zmsh-semitech.com\/wp-content\/uploads\/2026\/04\/diamond_wire_single_line_cutting_machine_for_sic_sapphire_quartz_ceramic_material6-600x600.webp 600w, https:\/\/www.zmsh-semitech.com\/wp-content\/uploads\/2026\/04\/diamond_wire_single_line_cutting_machine_for_sic_sapphire_quartz_ceramic_material6-100x100.webp 100w, https:\/\/www.zmsh-semitech.com\/wp-content\/uploads\/2026\/04\/diamond_wire_single_line_cutting_machine_for_sic_sapphire_quartz_ceramic_material6.webp 750w\" sizes=\"(max-width: 300px) 100vw, 300px\" \/>VANLIGA FR\u00c5GOR<\/span><\/h1>\n<p data-start=\"3639\" data-end=\"3870\">1. Vilka material kan denna maskin bearbeta?<br data-start=\"3686\" data-end=\"3689\" \/>Denna maskin \u00e4r konstruerad f\u00f6r h\u00e5rda och spr\u00f6da material som SiC, safir, kvarts, keramik, glas och halvledarkristaller, vilket garanterar h\u00f6g precision och minimala skador.<\/p>\n<p data-start=\"3872\" data-end=\"4144\">2. Vilka \u00e4r f\u00f6rdelarna med diamantvajerkapning j\u00e4mf\u00f6rt med traditionella metoder?<br data-start=\"3952\" data-end=\"3955\" \/>Diamanttr\u00e5dsk\u00e4rning ger h\u00f6gre effektivitet, l\u00e4gre materialf\u00f6rlust och b\u00e4ttre ytkvalitet, samtidigt som kantavkapningen minskar avsev\u00e4rt j\u00e4mf\u00f6rt med konventionell slipning.<\/p>\n<p data-start=\"4146\" data-end=\"4405\">3. \u00c4r maskinen l\u00e4mplig f\u00f6r storskalig industriell produktion?<br data-start=\"4215\" data-end=\"4218\" \/>Ja, det g\u00f6r den. Med sin h\u00f6ga stabilitet, automatiseringsf\u00f6rm\u00e5ga och l\u00e5nga livsl\u00e4ngd \u00e4r den v\u00e4l l\u00e4mpad f\u00f6r kontinuerlig industriell produktion inom halvledar- och avancerad materialbearbetning.<\/p>","protected":false},"excerpt":{"rendered":"<p>Diamond Wire Single-Line Cutting Machine \u00e4r en h\u00f6gpresterande l\u00f6sning f\u00f6r precisionssk\u00e4rning av h\u00e5rda och spr\u00f6da material. Med hj\u00e4lp av en diamantbelagd h\u00f6ghastighetsvajer m\u00f6jligg\u00f6r systemet effektiv kapning med l\u00e5g f\u00f6rlust genom en kontrollerad fram- och \u00e5terg\u00e5ende r\u00f6relse.<\/p>","protected":false},"featured_media":2062,"comment_status":"open","ping_status":"closed","template":"","meta":{"site-sidebar-layout":"default","site-content-layout":"","ast-site-content-layout":"default","site-content-style":"default","site-sidebar-style":"default","ast-global-header-display":"","ast-banner-title-visibility":"","ast-main-header-display":"","ast-hfb-above-header-display":"","ast-hfb-below-header-display":"","ast-hfb-mobile-header-display":"","site-post-title":"","ast-breadcrumbs-content":"","ast-featured-img":"","footer-sml-layout":"","ast-disable-related-posts":"","theme-transparent-header-meta":"default","adv-header-id-meta":"","stick-header-meta":"default","header-above-stick-meta":"","header-main-stick-meta":"","header-below-stick-meta":"","astra-migrate-meta-layouts":"set","ast-page-background-enabled":"default","ast-page-background-meta":{"desktop":{"background-color":"var(--ast-global-color-4)","background-image":"","background-repeat":"repeat","background-position":"center center","background-size":"auto","background-attachment":"scroll","background-type":"","background-media":"","overlay-type":"","overlay-color":"","overlay-opacity":"","overlay-gradient":""},"tablet":{"background-color":"","background-image":"","background-repeat":"repeat","background-position":"center center","background-size":"auto","background-attachment":"scroll","background-type":"","background-media":"","overlay-type":"","overlay-color":"","overlay-opacity":"","overlay-gradient":""},"mobile":{"background-color":"","background-image":"","background-repeat":"repeat","background-position":"center center","background-size":"auto","background-attachment":"scroll","background-type":"","background-media":"","overlay-type":"","overlay-color":"","overlay-opacity":"","overlay-gradient":""}},"ast-content-background-meta":{"desktop":{"background-color":"var(--ast-global-color-5)","background-image":"","background-repeat":"repeat","background-position":"center center","background-size":"auto","background-attachment":"scroll","background-type":"","background-media":"","overlay-type":"","overlay-color":"","overlay-opacity":"","overlay-gradient":""},"tablet":{"background-color":"var(--ast-global-color-5)","background-image":"","background-repeat":"repeat","background-position":"center center","background-size":"auto","background-attachment":"scroll","background-type":"","background-media":"","overlay-type":"","overlay-color":"","overlay-opacity":"","overlay-gradient":""},"mobile":{"background-color":"var(--ast-global-color-5)","background-image":"","background-repeat":"repeat","background-position":"center center","background-size":"auto","background-attachment":"scroll","background-type":"","background-media":"","overlay-type":"","overlay-color":"","overlay-opacity":"","overlay-gradient":""}}},"product_brand":[],"product_cat":[21],"product_tag":[701,446,695,415,698,702,703,444,700,443,697,441,422,420,699,696],"class_list":{"0":"post-2061","1":"product","2":"type-product","3":"status-publish","4":"has-post-thumbnail","6":"product_cat-laser-cutting","7":"product_tag-advanced-ceramics-machining","8":"product_tag-ceramic-cutting-machine","9":"product_tag-diamond-wire-cutting-machine","10":"product_tag-diamond-wire-saw","11":"product_tag-hard-brittle-material-processing","12":"product_tag-high-precision-cutting-machine","13":"product_tag-industrial-cutting-equipment","14":"product_tag-optical-material-cutting","15":"product_tag-photovoltaic-silicon-slicing","16":"product_tag-precision-cutting-equipment","17":"product_tag-quartz-cutting-equipment","18":"product_tag-sapphire-cutting-machine","19":"product_tag-semiconductor-wafer-slicing","20":"product_tag-sic-cutting","21":"product_tag-silicon-carbide-ingot-cutting","22":"product_tag-single-line-cutting-machine","23":"desktop-align-left","24":"tablet-align-left","25":"mobile-align-left","26":"ast-product-gallery-layout-horizontal-slider","27":"ast-product-tabs-layout-horizontal","29":"first","30":"instock","31":"shipping-taxable","32":"product-type-simple"},"_links":{"self":[{"href":"https:\/\/www.zmsh-semitech.com\/sv\/wp-json\/wp\/v2\/product\/2061","targetHints":{"allow":["GET"]}}],"collection":[{"href":"https:\/\/www.zmsh-semitech.com\/sv\/wp-json\/wp\/v2\/product"}],"about":[{"href":"https:\/\/www.zmsh-semitech.com\/sv\/wp-json\/wp\/v2\/types\/product"}],"replies":[{"embeddable":true,"href":"https:\/\/www.zmsh-semitech.com\/sv\/wp-json\/wp\/v2\/comments?post=2061"}],"version-history":[{"count":2,"href":"https:\/\/www.zmsh-semitech.com\/sv\/wp-json\/wp\/v2\/product\/2061\/revisions"}],"predecessor-version":[{"id":2068,"href":"https:\/\/www.zmsh-semitech.com\/sv\/wp-json\/wp\/v2\/product\/2061\/revisions\/2068"}],"wp:featuredmedia":[{"embeddable":true,"href":"https:\/\/www.zmsh-semitech.com\/sv\/wp-json\/wp\/v2\/media\/2062"}],"wp:attachment":[{"href":"https:\/\/www.zmsh-semitech.com\/sv\/wp-json\/wp\/v2\/media?parent=2061"}],"wp:term":[{"taxonomy":"product_brand","embeddable":true,"href":"https:\/\/www.zmsh-semitech.com\/sv\/wp-json\/wp\/v2\/product_brand?post=2061"},{"taxonomy":"product_cat","embeddable":true,"href":"https:\/\/www.zmsh-semitech.com\/sv\/wp-json\/wp\/v2\/product_cat?post=2061"},{"taxonomy":"product_tag","embeddable":true,"href":"https:\/\/www.zmsh-semitech.com\/sv\/wp-json\/wp\/v2\/product_tag?post=2061"}],"curies":[{"name":"wp","href":"https:\/\/api.w.org\/{rel}","templated":true}]}}