{"id":1981,"date":"2026-03-23T06:13:43","date_gmt":"2026-03-23T06:13:43","guid":{"rendered":"https:\/\/www.zmsh-semitech.com\/?post_type=product&#038;p=1981"},"modified":"2026-03-23T06:18:04","modified_gmt":"2026-03-23T06:18:04","slug":"sic-raw-material-synthesis-furnace","status":"publish","type":"product","link":"https:\/\/www.zmsh-semitech.com\/sv\/product\/sic-raw-material-synthesis-furnace\/","title":{"rendered":"50 kg SiC r\u00e5materialsyntesugn H\u00f6g renhet kiselkarbidkristallberedning"},"content":{"rendered":"<p data-start=\"240\" data-end=\"569\"><img fetchpriority=\"high\" decoding=\"async\" class=\"size-medium wp-image-1989 alignleft\" src=\"https:\/\/www.zmsh-semitech.com\/wp-content\/uploads\/2026\/03\/Sic-raw-material-synthesis-furnace5-300x220.jpg\" alt=\"\" width=\"300\" height=\"220\" srcset=\"https:\/\/www.zmsh-semitech.com\/wp-content\/uploads\/2026\/03\/Sic-raw-material-synthesis-furnace5-300x220.jpg 300w, https:\/\/www.zmsh-semitech.com\/wp-content\/uploads\/2026\/03\/Sic-raw-material-synthesis-furnace5-16x12.jpg 16w, https:\/\/www.zmsh-semitech.com\/wp-content\/uploads\/2026\/03\/Sic-raw-material-synthesis-furnace5-600x439.jpg 600w, https:\/\/www.zmsh-semitech.com\/wp-content\/uploads\/2026\/03\/Sic-raw-material-synthesis-furnace5.jpg 680w\" sizes=\"(max-width: 300px) 100vw, 300px\" \/>50 kg SiC Raw Material Synthesis Furnace \u00e4r en specialiserad h\u00f6gtemperaturugn utformad f\u00f6r att producera kiselkarbid (SiC) r\u00e5material med h\u00f6g renhet. Som ett kritiskt halvledar- och keramiskt material anv\u00e4nds SiC i stor utstr\u00e4ckning i<span style=\"font-size: 16px;\">n kraftelektronik, h\u00f6gtemperaturutrustning, slitstarka material och optiska komponenter.<\/span><\/p>\n<p data-start=\"571\" data-end=\"987\">Denna ugn omvandlar r\u00e5material av kisel (Si) och kol (C) till SiC genom en kontrollerad kemisk reaktion vid h\u00f6g temperatur, vilket g\u00f6r den till en viktig del av utrustningen i produktionskedjan f\u00f6r kiselkarbid. Dess design s\u00e4kerst\u00e4ller h\u00f6g renhet, stabil drift och konsekvent prestanda, vilket g\u00f6r det m\u00f6jligt f\u00f6r tillverkare att uppfylla de str\u00e4nga kraven f\u00f6r avancerade halvledare och h\u00f6gpresterande keramiska applikationer.<\/p>\n<h2 data-section-id=\"52xoay\" data-start=\"994\" data-end=\"1017\"><span role=\"text\"><strong data-start=\"997\" data-end=\"1015\">Viktiga f\u00f6rdelar<\/strong><\/span><\/h2>\n<ul data-start=\"1018\" data-end=\"1891\">\n<li data-section-id=\"wafd1l\" data-start=\"1018\" data-end=\"1134\"><strong data-start=\"1020\" data-end=\"1050\">Kapacitet f\u00f6r h\u00f6ga temperaturer:<\/strong> Ger ugnstemperaturer p\u00e5 upp till 2400\u00b0C, vilket \u00e4r l\u00e4mpligt f\u00f6r effektiv SiC-syntes.<\/li>\n<li data-section-id=\"qvgm69\" data-start=\"1135\" data-end=\"1250\"><strong data-start=\"1137\" data-end=\"1160\">H\u00f6g renhet Utg\u00e5ng:<\/strong> Utnyttjar r\u00e5material med h\u00f6g renhet och kontroll av inert atmosf\u00e4r f\u00f6r att producera ultrarent SiC.<\/li>\n<li data-section-id=\"11v9t45\" data-start=\"1251\" data-end=\"1360\"><strong data-start=\"1253\" data-end=\"1276\">Stabila prestanda:<\/strong> Den robusta konstruktionen ger tillf\u00f6rlitlig drift f\u00f6r l\u00e5ngvarig, kontinuerlig produktion.<\/li>\n<li data-section-id=\"caa80i\" data-start=\"1361\" data-end=\"1457\"><strong data-start=\"1363\" data-end=\"1385\">L\u00e5g kontaminering:<\/strong> Inert atmosf\u00e4r och rena material minimerar inkorporering av f\u00f6roreningar.<\/li>\n<li data-section-id=\"ka169f\" data-start=\"1458\" data-end=\"1599\"><strong data-start=\"1460\" data-end=\"1487\">Stor lastkapacitet:<\/strong> St\u00f6der upp till 50 kg r\u00e5material, vilket f\u00f6rb\u00e4ttrar produktiviteten och kompatibiliteten med flera kristallugnar.<\/li>\n<li data-section-id=\"1afhg2w\" data-start=\"1600\" data-end=\"1765\"><strong data-start=\"1602\" data-end=\"1624\">Precisionskontroll:<\/strong> Avancerad temperatur- och tryckreglering, med valfri dubbel temperaturm\u00e4tning och infrar\u00f6d \u00f6vervakning f\u00f6r processoptimering.<\/li>\n<li data-section-id=\"i89isr\" data-start=\"1766\" data-end=\"1891\"><strong data-start=\"1768\" data-end=\"1795\">Flexibel konfiguration:<\/strong> Modul\u00e4r design m\u00f6jligg\u00f6r installation sida vid sida f\u00f6r att spara utrymme och optimera anl\u00e4ggningsutnyttjandet.<\/li>\n<\/ul>\n<h2 data-section-id=\"10oaxfc\" data-start=\"1898\" data-end=\"1931\"><span role=\"text\"><strong data-start=\"1901\" data-end=\"1929\">Tekniska specifikationer<\/strong><\/span><\/h2>\n<div class=\"TyagGW_tableContainer\">\n<div class=\"group TyagGW_tableWrapper flex flex-col-reverse w-fit\" tabindex=\"-1\">\n<table class=\"w-fit min-w-(--thread-content-width)\" data-start=\"1933\" data-end=\"2723\">\n<thead data-start=\"1933\" data-end=\"1960\">\n<tr data-start=\"1933\" data-end=\"1960\">\n<th class=\"\" data-start=\"1933\" data-end=\"1943\" data-col-size=\"sm\">Funktion<\/th>\n<th class=\"\" data-start=\"1943\" data-end=\"1960\" data-col-size=\"md\">Specifikation<\/th>\n<\/tr>\n<\/thead>\n<tbody data-start=\"1989\" data-end=\"2723\">\n<tr data-start=\"1989\" data-end=\"2046\">\n<td data-start=\"1989\" data-end=\"2010\" data-col-size=\"sm\">M\u00e5tt (L\u00d7B\u00d7H)<\/td>\n<td data-col-size=\"md\" data-start=\"2010\" data-end=\"2046\">4000\u00d73400\u00d74300 mm (anpassningsbar)<\/td>\n<\/tr>\n<tr data-start=\"2047\" data-end=\"2085\">\n<td data-start=\"2047\" data-end=\"2074\" data-col-size=\"sm\">Diameter p\u00e5 ugnskammare<\/td>\n<td data-col-size=\"md\" data-start=\"2074\" data-end=\"2085\">1100 mm<\/td>\n<\/tr>\n<tr data-start=\"2086\" data-end=\"2114\">\n<td data-start=\"2086\" data-end=\"2105\" data-col-size=\"sm\">Lastkapacitet<\/td>\n<td data-col-size=\"md\" data-start=\"2105\" data-end=\"2114\">50 kg<\/td>\n<\/tr>\n<tr data-start=\"2115\" data-end=\"2183\">\n<td data-start=\"2115\" data-end=\"2133\" data-col-size=\"sm\">Ultimat vakuum<\/td>\n<td data-col-size=\"md\" data-start=\"2133\" data-end=\"2183\">10-\u00b2 Pa (2 timmar efter start av molekyl\u00e4r pump)<\/td>\n<\/tr>\n<tr data-start=\"2184\" data-end=\"2244\">\n<td data-start=\"2184\" data-end=\"2213\" data-col-size=\"sm\">Kammartryck Stighastighet<\/td>\n<td data-col-size=\"md\" data-start=\"2213\" data-end=\"2244\">\u226410 Pa\/h (efter kalcinering)<\/td>\n<\/tr>\n<tr data-start=\"2245\" data-end=\"2285\">\n<td data-start=\"2245\" data-end=\"2274\" data-col-size=\"sm\">Slag f\u00f6r nedre ugnsk\u00e5pa<\/td>\n<td data-col-size=\"md\" data-start=\"2274\" data-end=\"2285\">1500 mm<\/td>\n<\/tr>\n<tr data-start=\"2286\" data-end=\"2324\">\n<td data-start=\"2286\" data-end=\"2303\" data-col-size=\"sm\">Uppv\u00e4rmningsmetod<\/td>\n<td data-start=\"2303\" data-end=\"2324\" data-col-size=\"md\">Induktionsv\u00e4rme<\/td>\n<\/tr>\n<tr data-start=\"2325\" data-end=\"2357\">\n<td data-start=\"2325\" data-end=\"2347\" data-col-size=\"sm\">Maximal temperatur<\/td>\n<td data-start=\"2347\" data-end=\"2357\" data-col-size=\"md\">2400\u00b0C<\/td>\n<\/tr>\n<tr data-start=\"2358\" data-end=\"2392\">\n<td data-start=\"2358\" data-end=\"2381\" data-col-size=\"sm\">Str\u00f6mf\u00f6rs\u00f6rjning f\u00f6r uppv\u00e4rmning<\/td>\n<td data-start=\"2381\" data-end=\"2392\" data-col-size=\"md\">2\u00d740 kW<\/td>\n<\/tr>\n<tr data-start=\"2393\" data-end=\"2454\">\n<td data-start=\"2393\" data-end=\"2419\" data-col-size=\"sm\">Temperaturm\u00e4tning<\/td>\n<td data-col-size=\"md\" data-start=\"2419\" data-end=\"2454\">Infrar\u00f6d termometer med dubbla f\u00e4rger<\/td>\n<\/tr>\n<tr data-start=\"2455\" data-end=\"2489\">\n<td data-start=\"2455\" data-end=\"2475\" data-col-size=\"sm\">Temperaturomr\u00e5de<\/td>\n<td data-col-size=\"md\" data-start=\"2475\" data-end=\"2489\">900-3000\u00b0C<\/td>\n<\/tr>\n<tr data-start=\"2490\" data-end=\"2529\">\n<td data-start=\"2490\" data-end=\"2521\" data-col-size=\"sm\">Noggrannhet f\u00f6r temperaturreglering<\/td>\n<td data-col-size=\"md\" data-start=\"2521\" data-end=\"2529\">\u00b11\u00b0C<\/td>\n<\/tr>\n<tr data-start=\"2530\" data-end=\"2569\">\n<td data-start=\"2530\" data-end=\"2555\" data-col-size=\"sm\">Omr\u00e5de f\u00f6r tryckreglering<\/td>\n<td data-col-size=\"md\" data-start=\"2555\" data-end=\"2569\">1-700 mbar<\/td>\n<\/tr>\n<tr data-start=\"2570\" data-end=\"2631\">\n<td data-start=\"2570\" data-end=\"2598\" data-col-size=\"sm\">Noggrannhet f\u00f6r tryckreglering<\/td>\n<td data-col-size=\"md\" data-start=\"2598\" data-end=\"2631\">1-5 mbar (beroende p\u00e5 omr\u00e5de)<\/td>\n<\/tr>\n<tr data-start=\"2632\" data-end=\"2723\">\n<td data-start=\"2632\" data-end=\"2649\" data-col-size=\"sm\">Metod f\u00f6r lastning<\/td>\n<td data-col-size=\"md\" data-start=\"2649\" data-end=\"2723\">L\u00e4gre lastning; valfri avlastningsgaffeltruck och dubbla temperaturpunkter<\/td>\n<\/tr>\n<\/tbody>\n<\/table>\n<\/div>\n<\/div>\n<h2 data-section-id=\"13tlhcf\" data-start=\"2730\" data-end=\"2756\"><span role=\"text\"><strong data-start=\"2733\" data-end=\"2754\">F\u00f6rdelar med design<\/strong><\/span><\/h2>\n<ol data-start=\"2757\" data-end=\"3517\">\n<li data-section-id=\"7ymlfh\" data-start=\"2757\" data-end=\"2882\">H\u00f6gkapacitetsladdning g\u00f6r att en enda ugn kan f\u00f6rs\u00f6rja flera ugnar med l\u00e5nga kristaller, vilket f\u00f6rb\u00e4ttrar produktionseffektiviteten.<\/li>\n<li data-section-id=\"y3ubiu\" data-start=\"2883\" data-end=\"2982\">Dubbel str\u00f6mf\u00f6rs\u00f6rjning med identisk frekvens s\u00e4kerst\u00e4ller exakt axiell temperaturgradientkontroll.<\/li>\n<li data-section-id=\"7q7579\" data-start=\"2983\" data-end=\"3103\">Infrar\u00f6d temperaturm\u00e4tning upptill och nedtill underl\u00e4ttar temperatur\u00f6vervakning i realtid och fels\u00f6kning av processer.<\/li>\n<li data-section-id=\"3k74b3\" data-start=\"3104\" data-end=\"3219\">H\u00f6g precision i vakuum-, tryck- och temperaturkontroll s\u00e4kerst\u00e4ller syntesen av ultrarena SiC-r\u00e5varor.<\/li>\n<li data-section-id=\"1voekay\" data-start=\"3220\" data-end=\"3316\">S\u00e4kert och tillf\u00f6rlitligt system f\u00f6r lastning\/lossning, som tillval utrustat med en gaffeltruck f\u00f6r lossning.<\/li>\n<li data-section-id=\"p45f8k\" data-start=\"3317\" data-end=\"3417\">Vridspj\u00e4llsventiler med h\u00f6g precision och massfl\u00f6desregulatorer uppr\u00e4tth\u00e5ller en stabil processatmosf\u00e4r.<\/li>\n<li data-section-id=\"4p07o1\" data-start=\"3418\" data-end=\"3517\">Modul\u00e4r design m\u00f6jligg\u00f6r placering sida vid sida, vilket optimerar golvytan och utnyttjandet av anl\u00e4ggningen.<\/li>\n<\/ol>\n<p><img decoding=\"async\" class=\"wp-image-1991 size-full aligncenter\" src=\"https:\/\/www.zmsh-semitech.com\/wp-content\/uploads\/2026\/03\/Sic-raw-material-synthesis-furnace6.png\" alt=\"\" width=\"680\" height=\"352\" srcset=\"https:\/\/www.zmsh-semitech.com\/wp-content\/uploads\/2026\/03\/Sic-raw-material-synthesis-furnace6.png 680w, https:\/\/www.zmsh-semitech.com\/wp-content\/uploads\/2026\/03\/Sic-raw-material-synthesis-furnace6-300x155.png 300w, https:\/\/www.zmsh-semitech.com\/wp-content\/uploads\/2026\/03\/Sic-raw-material-synthesis-furnace6-18x9.png 18w, https:\/\/www.zmsh-semitech.com\/wp-content\/uploads\/2026\/03\/Sic-raw-material-synthesis-furnace6-600x311.png 600w\" sizes=\"(max-width: 680px) 100vw, 680px\" \/><\/p>\n<h2 data-section-id=\"1imsgo3\" data-start=\"3524\" data-end=\"3558\"><span role=\"text\"><strong data-start=\"3527\" data-end=\"3556\">Till\u00e4mpningar och f\u00f6rdelar<\/strong><\/span><\/h2>\n<p data-start=\"3559\" data-end=\"3737\">SiC Raw Material Synthesis Furnace producerar effektivt kiselkarbid med h\u00f6g renhet och uppn\u00e5r renheter p\u00e5 99,999% eller h\u00f6gre. Det syntetiserade SiC-r\u00e5materialet \u00e4r idealiskt f\u00f6r:<\/p>\n<ul data-start=\"3738\" data-end=\"4228\">\n<li data-section-id=\"1fodfy7\" data-start=\"3738\" data-end=\"3850\"><strong data-start=\"3740\" data-end=\"3766\">Enkelkristalltillv\u00e4xt:<\/strong> Tillverkar h\u00f6gkvalitativa SiC-kristaller f\u00f6r kraftkomponenter som MOSFETs och dioder.<\/li>\n<li data-section-id=\"be6ua8\" data-start=\"3851\" data-end=\"3955\"><strong data-start=\"3853\" data-end=\"3875\">Kraftelektronik:<\/strong> M\u00f6jligg\u00f6r enheter med h\u00f6g sp\u00e4nning, l\u00e5g f\u00f6rlust och h\u00f6gfrekvent prestanda.<\/li>\n<li data-section-id=\"2a320o\" data-start=\"3956\" data-end=\"4083\"><strong data-start=\"3958\" data-end=\"3994\">Fordon och f\u00f6rnybar energi:<\/strong> F\u00f6rb\u00e4ttrar elfordon, solcellsv\u00e4xelriktare och andra h\u00f6gpresterande applikationer.<\/li>\n<li data-section-id=\"1kgacmz\" data-start=\"4084\" data-end=\"4228\"><strong data-start=\"4086\" data-end=\"4128\">Avancerade keramer och optiska apparater:<\/strong> Ut\u00f6kade SiC-till\u00e4mpningar ut\u00f6ver halvledare till industrikeramik och optiska komponenter.<\/li>\n<\/ul>\n<h2 data-section-id=\"tdegxz\" data-start=\"4235\" data-end=\"4257\"><span role=\"text\"><strong data-start=\"4238\" data-end=\"4255\">ZMSH tj\u00e4nster<\/strong><\/span><\/h2>\n<p data-start=\"4258\" data-end=\"4725\">ZMSH tillhandah\u00e5ller komplett processupport fr\u00e5n ugnsdesign och tillverkning till eftermarknadsservice. Detta inkluderar anpassning av utrustning, processoptimering och teknisk utbildning. Med avancerad teknik och omfattande branscherfarenhet s\u00e4kerst\u00e4ller ZMSH h\u00f6geffektiv, stabil drift med l\u00e5g energif\u00f6rbrukning och erbjuder snabb teknisk support dygnet runt f\u00f6r att hj\u00e4lpa kunderna att uppn\u00e5 storskalig produktion av kiselkarbidr\u00e5varor med h\u00f6g renhet.<\/p>\n<h2 data-section-id=\"1uqg4yw\" data-start=\"4732\" data-end=\"4773\"><span role=\"text\"><strong data-start=\"4735\" data-end=\"4771\">Vanliga fr\u00e5gor och svar (FAQ)<\/strong><\/span><\/h2>\n<p data-start=\"4774\" data-end=\"5024\"><strong data-start=\"4774\" data-end=\"4842\">F1: Vad \u00e4r syftet med en SiC-r\u00e5materialsyntesugn?<\/strong><br data-start=\"4842\" data-end=\"4845\" \/>A: Den anv\u00e4nds f\u00f6r att producera kiselkarbid (SiC) r\u00e5material med h\u00f6g renhet via kemiska reaktioner vid h\u00f6g temperatur, vilket \u00e4r viktigt f\u00f6r halvledare, keramik och optiska komponenter.<\/p>\n<p data-start=\"5026\" data-end=\"5265\"><strong data-start=\"5026\" data-end=\"5104\">F2: Varf\u00f6r \u00e4r en SiC-syntesugn viktig f\u00f6r halvledarproduktion?<\/strong><br data-start=\"5104\" data-end=\"5107\" \/>A: Det m\u00f6jligg\u00f6r produktion av ultrarent SiC, vilket \u00e4r avg\u00f6rande f\u00f6r att odla h\u00f6gkvalitativa SiC-kristaller som anv\u00e4nds i kraftelektronik och h\u00f6gfrekventa enheter.<\/p>\n<p data-start=\"5267\" data-end=\"5449\"><strong data-start=\"5267\" data-end=\"5327\">F3: Vad \u00e4r ugnens maximala lastkapacitet?<\/strong><br data-start=\"5327\" data-end=\"5330\" \/>A: Standardlastkapaciteten \u00e4r 50 kg, vilket m\u00f6jligg\u00f6r storskalig produktion och matning av flera kristallugnar.<\/p>\n<p data-start=\"5451\" data-end=\"5708\"><strong data-start=\"5451\" data-end=\"5526\">Q4: Vilka \u00e4r preciseringarna f\u00f6r ugnens temperatur- och tryckreglering?<\/strong><br data-start=\"5526\" data-end=\"5529\" \/>A: Temperaturkontrollens noggrannhet \u00e4r \u00b11\u00b0C. Tryckkontrollens noggrannhet varierar fr\u00e5n \u00b10,1 mbar till \u00b10,5 mbar beroende p\u00e5 tryckomr\u00e5det, vilket s\u00e4kerst\u00e4ller stabil SiC-syntes med h\u00f6g renhet.<\/p>","protected":false},"excerpt":{"rendered":"<p>50 kg SiC Raw Material Synthesis Furnace \u00e4r en specialiserad h\u00f6gtemperaturugn utformad f\u00f6r att producera kiselkarbid (SiC) r\u00e5material med h\u00f6g renhet. Som ett kritiskt halvledar- och keramiskt material anv\u00e4nds SiC i stor utstr\u00e4ckning i kraftelektronik, h\u00f6gtemperaturanordningar, slitstarka material och optiska komponenter.<\/p>","protected":false},"featured_media":1984,"comment_status":"open","ping_status":"closed","template":"","meta":{"site-sidebar-layout":"default","site-content-layout":"","ast-site-content-layout":"default","site-content-style":"default","site-sidebar-style":"default","ast-global-header-display":"","ast-banner-title-visibility":"","ast-main-header-display":"","ast-hfb-above-header-display":"","ast-hfb-below-header-display":"","ast-hfb-mobile-header-display":"","site-post-title":"","ast-breadcrumbs-content":"","ast-featured-img":"","footer-sml-layout":"","ast-disable-related-posts":"","theme-transparent-header-meta":"default","adv-header-id-meta":"","stick-header-meta":"default","header-above-stick-meta":"","header-main-stick-meta":"","header-below-stick-meta":"","astra-migrate-meta-layouts":"set","ast-page-background-enabled":"default","ast-page-background-meta":{"desktop":{"background-color":"var(--ast-global-color-4)","background-image":"","background-repeat":"repeat","background-position":"center center","background-size":"auto","background-attachment":"scroll","background-type":"","background-media":"","overlay-type":"","overlay-color":"","overlay-opacity":"","overlay-gradient":""},"tablet":{"background-color":"","background-image":"","background-repeat":"repeat","background-position":"center center","background-size":"auto","background-attachment":"scroll","background-type":"","background-media":"","overlay-type":"","overlay-color":"","overlay-opacity":"","overlay-gradient":""},"mobile":{"background-color":"","background-image":"","background-repeat":"repeat","background-position":"center center","background-size":"auto","background-attachment":"scroll","background-type":"","background-media":"","overlay-type":"","overlay-color":"","overlay-opacity":"","overlay-gradient":""}},"ast-content-background-meta":{"desktop":{"background-color":"var(--ast-global-color-5)","background-image":"","background-repeat":"repeat","background-position":"center center","background-size":"auto","background-attachment":"scroll","background-type":"","background-media":"","overlay-type":"","overlay-color":"","overlay-opacity":"","overlay-gradient":""},"tablet":{"background-color":"var(--ast-global-color-5)","background-image":"","background-repeat":"repeat","background-position":"center center","background-size":"auto","background-attachment":"scroll","background-type":"","background-media":"","overlay-type":"","overlay-color":"","overlay-opacity":"","overlay-gradient":""},"mobile":{"background-color":"var(--ast-global-color-5)","background-image":"","background-repeat":"repeat","background-position":"center center","background-size":"auto","background-attachment":"scroll","background-type":"","background-media":"","overlay-type":"","overlay-color":"","overlay-opacity":"","overlay-gradient":""}}},"product_brand":[],"product_cat":[15],"product_tag":[489,504,506,492,496,500,499,505,498,495,507,494,493,501,490,503,491,486,502,497,508],"class_list":{"0":"post-1981","1":"product","2":"type-product","3":"status-publish","4":"has-post-thumbnail","6":"product_cat-crystal-growth-furnace","7":"product_tag-50kg-sic-raw-material-synthesis-furnace","8":"product_tag-crystal-growth","9":"product_tag-furnace-automation","10":"product_tag-high-purity-sic","11":"product_tag-high-temperature-devices","12":"product_tag-high-temperature-furnace","13":"product_tag-induction-heating-furnace","14":"product_tag-industrial-sic-production","15":"product_tag-optical-devices","16":"product_tag-power-electronics","17":"product_tag-pressure-control","18":"product_tag-semiconductor-materials","19":"product_tag-sic-crystal-preparation","20":"product_tag-sic-powder-production","21":"product_tag-sic-raw-material-furnace","22":"product_tag-sic-single-crystal","23":"product_tag-silicon-carbide-synthesis-furnace","24":"product_tag-temperature-control","25":"product_tag-ultra-pure-sic","26":"product_tag-wear-resistant-materials","27":"product_tag-zmsh-equipment","28":"desktop-align-left","29":"tablet-align-left","30":"mobile-align-left","31":"ast-product-gallery-layout-horizontal-slider","32":"ast-product-tabs-layout-horizontal","34":"first","35":"instock","36":"shipping-taxable","37":"product-type-simple"},"_links":{"self":[{"href":"https:\/\/www.zmsh-semitech.com\/sv\/wp-json\/wp\/v2\/product\/1981","targetHints":{"allow":["GET"]}}],"collection":[{"href":"https:\/\/www.zmsh-semitech.com\/sv\/wp-json\/wp\/v2\/product"}],"about":[{"href":"https:\/\/www.zmsh-semitech.com\/sv\/wp-json\/wp\/v2\/types\/product"}],"replies":[{"embeddable":true,"href":"https:\/\/www.zmsh-semitech.com\/sv\/wp-json\/wp\/v2\/comments?post=1981"}],"version-history":[{"count":3,"href":"https:\/\/www.zmsh-semitech.com\/sv\/wp-json\/wp\/v2\/product\/1981\/revisions"}],"predecessor-version":[{"id":1992,"href":"https:\/\/www.zmsh-semitech.com\/sv\/wp-json\/wp\/v2\/product\/1981\/revisions\/1992"}],"wp:featuredmedia":[{"embeddable":true,"href":"https:\/\/www.zmsh-semitech.com\/sv\/wp-json\/wp\/v2\/media\/1984"}],"wp:attachment":[{"href":"https:\/\/www.zmsh-semitech.com\/sv\/wp-json\/wp\/v2\/media?parent=1981"}],"wp:term":[{"taxonomy":"product_brand","embeddable":true,"href":"https:\/\/www.zmsh-semitech.com\/sv\/wp-json\/wp\/v2\/product_brand?post=1981"},{"taxonomy":"product_cat","embeddable":true,"href":"https:\/\/www.zmsh-semitech.com\/sv\/wp-json\/wp\/v2\/product_cat?post=1981"},{"taxonomy":"product_tag","embeddable":true,"href":"https:\/\/www.zmsh-semitech.com\/sv\/wp-json\/wp\/v2\/product_tag?post=1981"}],"curies":[{"name":"wp","href":"https:\/\/api.w.org\/{rel}","templated":true}]}}