{"id":1968,"date":"2026-03-23T06:01:20","date_gmt":"2026-03-23T06:01:20","guid":{"rendered":"https:\/\/www.zmsh-semitech.com\/?post_type=product&#038;p=1968"},"modified":"2026-03-23T06:03:52","modified_gmt":"2026-03-23T06:03:52","slug":"lpcvd-oxidation-furnace","status":"publish","type":"product","link":"https:\/\/www.zmsh-semitech.com\/sv\/product\/lpcvd-oxidation-furnace\/","title":{"rendered":"6\/8\/12-tums LPCVD-oxideringsugn f\u00f6r tunnfilmsdeponering med h\u00f6g enhetlighet f\u00f6r avancerad halvledartillverkning"},"content":{"rendered":"<p data-start=\"295\" data-end=\"716\">6\/8\/12-tums LPCVD-oxideringsugn \u00e4r ett toppmodernt verktyg f\u00f6r halvledartillverkning som \u00e4r utformat f\u00f6r exakt och enhetlig tunnfilmsdeponering. Den anv\u00e4nds ofta f\u00f6r att odla h\u00f6gkvalitativa polysilikon-, kiselnitrid- och kiseloxidskikt p\u00e5 wafers, vilket s\u00e4kerst\u00e4ller konsekvent prestanda f\u00f6r krafthalvledare, avancerade substrat och andra h\u00f6gprecisionsapplikationer.<\/p>\n<p data-start=\"718\" data-end=\"1176\">Utrustningen kombinerar avancerad l\u00e5gtrycksdeponeringsteknik, intelligent temperaturkontroll och en extremt ren processdesign f\u00f6r att uppn\u00e5 exceptionell tunnfilmslikformighet och h\u00f6g genomstr\u00f6mning. Den vertikala reaktorkonfigurationen m\u00f6jligg\u00f6r effektiv batchbearbetning, medan den termiska deponeringsprocessen undviker plasmainducerade skador, vilket g\u00f6r den idealisk f\u00f6r kritiska processer som bildning av gate-dielektrikum, sp\u00e4nningsbuffrande lager och skyddsoxider.<\/p>\n<p data-start=\"718\" data-end=\"1176\"><img fetchpriority=\"high\" decoding=\"async\" class=\"alignnone wp-image-1978 size-full aligncenter\" src=\"https:\/\/www.zmsh-semitech.com\/wp-content\/uploads\/2026\/03\/20250422163156_56112.png\" alt=\"\" width=\"680\" height=\"382\" srcset=\"https:\/\/www.zmsh-semitech.com\/wp-content\/uploads\/2026\/03\/20250422163156_56112.png 680w, https:\/\/www.zmsh-semitech.com\/wp-content\/uploads\/2026\/03\/20250422163156_56112-300x169.png 300w, https:\/\/www.zmsh-semitech.com\/wp-content\/uploads\/2026\/03\/20250422163156_56112-18x10.png 18w, https:\/\/www.zmsh-semitech.com\/wp-content\/uploads\/2026\/03\/20250422163156_56112-600x337.png 600w\" sizes=\"(max-width: 680px) 100vw, 680px\" \/><\/p>\n<p data-start=\"718\" data-end=\"1176\">\n<h2 data-section-id=\"52xoay\" data-start=\"1183\" data-end=\"1206\"><span role=\"text\"><strong data-start=\"1186\" data-end=\"1204\">Viktiga f\u00f6rdelar<\/strong><\/span><\/h2>\n<ul data-start=\"1207\" data-end=\"2119\">\n<li data-section-id=\"5aaqq\" data-start=\"1207\" data-end=\"1402\"><strong data-start=\"1209\" data-end=\"1250\">Tunnfilmsdeponering med h\u00f6g likformighet:<\/strong> L\u00e5gtrycksmilj\u00f6n (0,1-10 Torr) s\u00e4kerst\u00e4ller en enhetlighet mellan skivor och inom skivor p\u00e5 \u00b11,5%, vilket \u00e4r avg\u00f6rande f\u00f6r tillverkning av h\u00f6gpresterande enheter.<\/li>\n<li data-section-id=\"1gd7krr\" data-start=\"1403\" data-end=\"1564\"><strong data-start=\"1405\" data-end=\"1433\">Vertikal reaktorkonstruktion:<\/strong> Hanterar 150-200 wafers per batch, vilket f\u00f6rb\u00e4ttrar genomstr\u00f6mningen och produktionseffektiviteten f\u00f6r halvledartillverkning i industriell skala.<\/li>\n<li data-section-id=\"k1g5ie\" data-start=\"1565\" data-end=\"1716\"><strong data-start=\"1567\" data-end=\"1610\">Termisk deponeringsprocess (500-900\u00b0C):<\/strong> Ger skonsam, plasmafri deponering f\u00f6r att skydda k\u00e4nsliga substrat och bibeh\u00e5lla h\u00f6g filmkvalitet.<\/li>\n<li data-section-id=\"15vtswb\" data-start=\"1717\" data-end=\"1844\"><strong data-start=\"1719\" data-end=\"1755\">Intelligent temperaturkontroll:<\/strong> \u00d6vervakning och justering i realtid med \u00b11\u00b0C noggrannhet f\u00f6r stabila och repeterbara resultat.<\/li>\n<li data-section-id=\"5qswig\" data-start=\"1845\" data-end=\"1966\"><strong data-start=\"1847\" data-end=\"1879\">Ultrarent processkammare:<\/strong> Minimerar partikelkontaminering, vilket st\u00f6der SiC och andra avancerade wafer-material.<\/li>\n<li data-section-id=\"13dmie4\" data-start=\"1967\" data-end=\"2119\"><strong data-start=\"1969\" data-end=\"2000\">Anpassningsbar konfiguration:<\/strong> Flexibel design som klarar olika processkrav, inklusive torr eller v\u00e5t oxidation och olika waferstorlekar.<\/li>\n<\/ul>\n<h2 data-section-id=\"10oaxfc\" data-start=\"2126\" data-end=\"2159\"><span role=\"text\"><strong data-start=\"2129\" data-end=\"2157\">Tekniska specifikationer<\/strong><\/span><\/h2>\n<div class=\"TyagGW_tableContainer\">\n<div class=\"group TyagGW_tableWrapper flex flex-col-reverse w-fit\" tabindex=\"-1\">\n<table class=\"w-fit min-w-(--thread-content-width)\" data-start=\"2161\" data-end=\"2686\">\n<thead data-start=\"2161\" data-end=\"2188\">\n<tr data-start=\"2161\" data-end=\"2188\">\n<th class=\"\" data-start=\"2161\" data-end=\"2171\" data-col-size=\"sm\">Funktion<\/th>\n<th class=\"\" data-start=\"2171\" data-end=\"2188\" data-col-size=\"md\">Specifikation<\/th>\n<\/tr>\n<\/thead>\n<tbody data-start=\"2217\" data-end=\"2686\">\n<tr data-start=\"2217\" data-end=\"2245\">\n<td data-start=\"2217\" data-end=\"2230\" data-col-size=\"sm\">Wafer-storlek<\/td>\n<td data-col-size=\"md\" data-start=\"2230\" data-end=\"2245\">6\/8\/12 tum<\/td>\n<\/tr>\n<tr data-start=\"2246\" data-end=\"2316\">\n<td data-start=\"2246\" data-end=\"2269\" data-col-size=\"sm\">Kompatibla material<\/td>\n<td data-col-size=\"md\" data-start=\"2269\" data-end=\"2316\">Polysilikon, kiselnitrid, kiseloxid<\/td>\n<\/tr>\n<tr data-start=\"2317\" data-end=\"2372\">\n<td data-start=\"2317\" data-end=\"2334\" data-col-size=\"sm\">Oxideringstyp<\/td>\n<td data-col-size=\"md\" data-start=\"2334\" data-end=\"2372\">Torr syrgas \/ v\u00e5t syrgas (DCE, HCL)<\/td>\n<\/tr>\n<tr data-start=\"2373\" data-end=\"2416\">\n<td data-start=\"2373\" data-end=\"2401\" data-col-size=\"sm\">Omr\u00e5de f\u00f6r processtemperatur<\/td>\n<td data-col-size=\"md\" data-start=\"2401\" data-end=\"2416\">500\u00b0C-900\u00b0C<\/td>\n<\/tr>\n<tr data-start=\"2417\" data-end=\"2456\">\n<td data-start=\"2417\" data-end=\"2445\" data-col-size=\"sm\">Zon f\u00f6r konstant temperatur<\/td>\n<td data-col-size=\"md\" data-start=\"2445\" data-end=\"2456\">\u2265800 mm<\/td>\n<\/tr>\n<tr data-start=\"2457\" data-end=\"2496\">\n<td data-start=\"2457\" data-end=\"2488\" data-col-size=\"sm\">Noggrannhet f\u00f6r temperaturreglering<\/td>\n<td data-col-size=\"md\" data-start=\"2488\" data-end=\"2496\">\u00b11\u00b0C<\/td>\n<\/tr>\n<tr data-start=\"2497\" data-end=\"2573\">\n<td data-start=\"2497\" data-end=\"2516\" data-col-size=\"sm\">Partikelkontroll<\/td>\n<td data-col-size=\"md\" data-start=\"2516\" data-end=\"2573\">0,32 \u03bcm), 0,32 \u03bcm), 0,226 \u03bcm)<\/td>\n<\/tr>\n<tr data-start=\"2574\" data-end=\"2608\">\n<td data-start=\"2574\" data-end=\"2591\" data-col-size=\"sm\">Filmens tjocklek<\/td>\n<td data-col-size=\"md\" data-start=\"2591\" data-end=\"2608\">NIT1500 \u00b150 \u00c5<\/td>\n<\/tr>\n<tr data-start=\"2609\" data-end=\"2686\">\n<td data-start=\"2609\" data-end=\"2622\" data-col-size=\"sm\">Enhetlighet<\/td>\n<td data-start=\"2622\" data-end=\"2686\" data-col-size=\"md\">Inom wafer &lt;2,5%, wafer-till-wafer &lt;2,5%, batch-till-batch &lt;2%<\/td>\n<\/tr>\n<\/tbody>\n<\/table>\n<\/div>\n<\/div>\n<h2 data-section-id=\"5mln0p\" data-start=\"2693\" data-end=\"2718\"><span role=\"text\"><strong data-start=\"2696\" data-end=\"2716\">Produktfunktioner<\/strong><\/span><\/h2>\n<ul data-start=\"2719\" data-end=\"3240\">\n<li data-section-id=\"1npssef\" data-start=\"2719\" data-end=\"2795\">Automatiserad waferhantering garanterar h\u00f6g s\u00e4kerhet och driftseffektivitet.<\/li>\n<li data-section-id=\"1viv597\" data-start=\"2796\" data-end=\"2893\">Den ultrarena processkammaren minskar risken f\u00f6r kontaminering och bibeh\u00e5ller en j\u00e4mn filmkvalitet.<\/li>\n<li data-section-id=\"h2e7ah\" data-start=\"2894\" data-end=\"2970\">\u00d6verl\u00e4gsen j\u00e4mnhet i filmtjockleken st\u00f6der avancerad nodtillverkning.<\/li>\n<li data-section-id=\"i9qs80\" data-start=\"2971\" data-end=\"3065\">Intelligent temperatur- och tryckreglering i realtid m\u00f6jligg\u00f6r exakta processjusteringar.<\/li>\n<li data-section-id=\"1vojhz5\" data-start=\"3066\" data-end=\"3155\">SiC-skivans st\u00f6d minskar friktion och partikelgenerering, vilket f\u00f6rl\u00e4nger skivans livsl\u00e4ngd.<\/li>\n<li data-section-id=\"1efwava\" data-start=\"3156\" data-end=\"3240\">Modul\u00e4r design m\u00f6jligg\u00f6r anpassning till olika applikationer och processbehov.<\/li>\n<\/ul>\n<h2 data-section-id=\"1s7c0bk\" data-start=\"3247\" data-end=\"3284\"><span role=\"text\"><strong data-start=\"3250\" data-end=\"3282\">Princip f\u00f6r deponeringsprocess<img decoding=\"async\" class=\"size-medium wp-image-1972 alignleft\" src=\"https:\/\/www.zmsh-semitech.com\/wp-content\/uploads\/2026\/03\/LPCVD-deposition-principle-300x246.png\" alt=\"\" width=\"300\" height=\"246\" srcset=\"https:\/\/www.zmsh-semitech.com\/wp-content\/uploads\/2026\/03\/LPCVD-deposition-principle-300x246.png 300w, https:\/\/www.zmsh-semitech.com\/wp-content\/uploads\/2026\/03\/LPCVD-deposition-principle-15x12.png 15w, https:\/\/www.zmsh-semitech.com\/wp-content\/uploads\/2026\/03\/LPCVD-deposition-principle-600x492.png 600w, https:\/\/www.zmsh-semitech.com\/wp-content\/uploads\/2026\/03\/LPCVD-deposition-principle.png 680w\" sizes=\"(max-width: 300px) 100vw, 300px\" \/><\/strong><\/span><\/h2>\n<ol data-start=\"3285\" data-end=\"3910\">\n<li data-section-id=\"1jepk0v\" data-start=\"3285\" data-end=\"3400\"><strong data-start=\"3288\" data-end=\"3309\">Gas Introduktion:<\/strong> Reaktantgaserna f\u00f6rs in i r\u00f6ret under l\u00e5gt tryck (0,25-1 Torr).<\/li>\n<li data-section-id=\"bjphum\" data-start=\"3401\" data-end=\"3506\"><strong data-start=\"3404\" data-end=\"3426\">Ytdiffusion:<\/strong> Molekylerna diffunderar fritt \u00f6ver waferytan, vilket ger en enhetlig t\u00e4ckning.<\/li>\n<li data-section-id=\"yyrb2x\" data-start=\"3507\" data-end=\"3591\"><strong data-start=\"3510\" data-end=\"3525\">Adsorption:<\/strong> Reaktanter f\u00e4ster p\u00e5 waferytan f\u00f6re kemisk reaktion.<\/li>\n<li data-section-id=\"17r2njo\" data-start=\"3592\" data-end=\"3696\"><strong data-start=\"3595\" data-end=\"3617\">Kemisk reaktion:<\/strong> Termisk s\u00f6nderdelning bildar den \u00f6nskade tunna filmen direkt p\u00e5 substratet.<\/li>\n<li data-section-id=\"joswp0\" data-start=\"3697\" data-end=\"3802\"><strong data-start=\"3700\" data-end=\"3722\">Borttagning av biprodukter:<\/strong> Icke-reaktiva gaser evakueras f\u00f6r att bibeh\u00e5lla renheten och f\u00f6rhindra st\u00f6rningar.<\/li>\n<li data-section-id=\"1nf7uqd\" data-start=\"3803\" data-end=\"3910\"><strong data-start=\"3806\" data-end=\"3825\">Filmformation:<\/strong> Reaktionsprodukterna ackumuleras gradvis och bildar ett enhetligt, stabilt tunnfilmsskikt.<\/li>\n<\/ol>\n<h2 data-section-id=\"3f2aoc\" data-start=\"3917\" data-end=\"3938\"><span role=\"text\"><strong data-start=\"3920\" data-end=\"3936\">Till\u00e4mpningar<\/strong><\/span><\/h2>\n<ul data-start=\"3939\" data-end=\"4341\">\n<li data-section-id=\"88axke\" data-start=\"3939\" data-end=\"4064\"><strong data-start=\"3941\" data-end=\"3967\">Sk\u00e4rmande oxidskikt:<\/strong> Skyddar kiselskivor fr\u00e5n kontaminering och minskar jonkanalisering under dopningsprocesser.<\/li>\n<\/ul>\n<p><img decoding=\"async\" class=\"wp-image-1973 size-full aligncenter\" src=\"https:\/\/www.zmsh-semitech.com\/wp-content\/uploads\/2026\/03\/application-of-oxidation-process1.png\" alt=\"\" width=\"671\" height=\"273\" srcset=\"https:\/\/www.zmsh-semitech.com\/wp-content\/uploads\/2026\/03\/application-of-oxidation-process1.png 671w, https:\/\/www.zmsh-semitech.com\/wp-content\/uploads\/2026\/03\/application-of-oxidation-process1-300x122.png 300w, https:\/\/www.zmsh-semitech.com\/wp-content\/uploads\/2026\/03\/application-of-oxidation-process1-18x7.png 18w, https:\/\/www.zmsh-semitech.com\/wp-content\/uploads\/2026\/03\/application-of-oxidation-process1-600x244.png 600w\" sizes=\"(max-width: 671px) 100vw, 671px\" \/><\/p>\n<ul data-start=\"3939\" data-end=\"4341\">\n<li data-section-id=\"1o3mmvz\" data-start=\"4065\" data-end=\"4204\"><strong data-start=\"4067\" data-end=\"4087\">Pad Oxide Layer:<\/strong> Fungerar som en sp\u00e4nningsbuffert mellan kisel- och kiselnitridskikten, vilket f\u00f6rhindrar sprickbildning i skivan och f\u00f6rb\u00e4ttrar utbytet.<\/li>\n<\/ul>\n<p><img loading=\"lazy\" decoding=\"async\" class=\"wp-image-1974 size-full aligncenter\" src=\"https:\/\/www.zmsh-semitech.com\/wp-content\/uploads\/2026\/03\/application-of-oxidation-process2.png\" alt=\"\" width=\"602\" height=\"307\" srcset=\"https:\/\/www.zmsh-semitech.com\/wp-content\/uploads\/2026\/03\/application-of-oxidation-process2.png 602w, https:\/\/www.zmsh-semitech.com\/wp-content\/uploads\/2026\/03\/application-of-oxidation-process2-300x153.png 300w, https:\/\/www.zmsh-semitech.com\/wp-content\/uploads\/2026\/03\/application-of-oxidation-process2-18x9.png 18w, https:\/\/www.zmsh-semitech.com\/wp-content\/uploads\/2026\/03\/application-of-oxidation-process2-600x306.png 600w\" sizes=\"(max-width: 602px) 100vw, 602px\" \/><\/p>\n<ul data-start=\"3939\" data-end=\"4341\">\n<li data-section-id=\"10l973e\" data-start=\"4205\" data-end=\"4341\"><strong data-start=\"4207\" data-end=\"4228\">Gate Oxide Layer:<\/strong> Utg\u00f6r det dielektriska skiktet i MOS-strukturer, vilket s\u00e4kerst\u00e4ller exakt str\u00f6mledning och f\u00e4lteffektkontroll.<\/li>\n<\/ul>\n<p><img loading=\"lazy\" decoding=\"async\" class=\"wp-image-1975 size-full aligncenter\" src=\"https:\/\/www.zmsh-semitech.com\/wp-content\/uploads\/2026\/03\/application-of-oxidation-process3.png\" alt=\"\" width=\"680\" height=\"297\" srcset=\"https:\/\/www.zmsh-semitech.com\/wp-content\/uploads\/2026\/03\/application-of-oxidation-process3.png 680w, https:\/\/www.zmsh-semitech.com\/wp-content\/uploads\/2026\/03\/application-of-oxidation-process3-300x131.png 300w, https:\/\/www.zmsh-semitech.com\/wp-content\/uploads\/2026\/03\/application-of-oxidation-process3-18x8.png 18w, https:\/\/www.zmsh-semitech.com\/wp-content\/uploads\/2026\/03\/application-of-oxidation-process3-600x262.png 600w\" sizes=\"(max-width: 680px) 100vw, 680px\" \/><\/p>\n<h2 data-section-id=\"19sbner\" data-start=\"4348\" data-end=\"4378\"><span role=\"text\"><strong data-start=\"4351\" data-end=\"4376\">Systemkonfigurationer<\/strong><\/span><\/h2>\n<ul data-start=\"4379\" data-end=\"4685\">\n<li data-section-id=\"29z8e\" data-start=\"4379\" data-end=\"4496\"><strong data-start=\"4381\" data-end=\"4400\">Vertikal LPCVD:<\/strong> Processgaserna fl\u00f6dar fr\u00e5n topp till botten, vilket ger en j\u00e4mn deponering p\u00e5 alla wafrar i en batch.<\/li>\n<\/ul>\n<p><img loading=\"lazy\" decoding=\"async\" class=\"size-medium wp-image-1976 aligncenter\" src=\"https:\/\/www.zmsh-semitech.com\/wp-content\/uploads\/2026\/03\/Vertical-LPCVD-Systems-300x280.png\" alt=\"\" width=\"300\" height=\"280\" srcset=\"https:\/\/www.zmsh-semitech.com\/wp-content\/uploads\/2026\/03\/Vertical-LPCVD-Systems-300x280.png 300w, https:\/\/www.zmsh-semitech.com\/wp-content\/uploads\/2026\/03\/Vertical-LPCVD-Systems-13x12.png 13w, https:\/\/www.zmsh-semitech.com\/wp-content\/uploads\/2026\/03\/Vertical-LPCVD-Systems-600x560.png 600w, https:\/\/www.zmsh-semitech.com\/wp-content\/uploads\/2026\/03\/Vertical-LPCVD-Systems.png 680w\" sizes=\"(max-width: 300px) 100vw, 300px\" \/><\/p>\n<ul data-start=\"4379\" data-end=\"4685\">\n<li data-section-id=\"1dvx71j\" data-start=\"4497\" data-end=\"4685\"><strong data-start=\"4499\" data-end=\"4520\">Horisontell LPCVD:<\/strong> Gaser fl\u00f6dar l\u00e4ngs substraten, vilket \u00e4r l\u00e4mpligt f\u00f6r kontinuerlig produktion av stora volymer, \u00e4ven om deponeringstjockleken kan variera n\u00e5got n\u00e4ra inloppssidan.<\/li>\n<\/ul>\n<p><img loading=\"lazy\" decoding=\"async\" class=\"wp-image-1977 size-full aligncenter\" src=\"https:\/\/www.zmsh-semitech.com\/wp-content\/uploads\/2026\/03\/Horizontal-LPCVD-Systems.png\" alt=\"\" width=\"680\" height=\"361\" srcset=\"https:\/\/www.zmsh-semitech.com\/wp-content\/uploads\/2026\/03\/Horizontal-LPCVD-Systems.png 680w, https:\/\/www.zmsh-semitech.com\/wp-content\/uploads\/2026\/03\/Horizontal-LPCVD-Systems-300x159.png 300w, https:\/\/www.zmsh-semitech.com\/wp-content\/uploads\/2026\/03\/Horizontal-LPCVD-Systems-18x10.png 18w, https:\/\/www.zmsh-semitech.com\/wp-content\/uploads\/2026\/03\/Horizontal-LPCVD-Systems-600x319.png 600w\" sizes=\"(max-width: 680px) 100vw, 680px\" \/><\/p>\n<h2 data-section-id=\"4co5vj\" data-start=\"4692\" data-end=\"4727\"><span role=\"text\"><strong data-start=\"4695\" data-end=\"4725\">Vanliga fr\u00e5gor och svar<\/strong><\/span><\/h2>\n<p data-start=\"4728\" data-end=\"5009\"><strong data-start=\"4728\" data-end=\"4769\">Q1: Vad anv\u00e4nds LPCVD fr\u00e4mst till?<\/strong><br data-start=\"4769\" data-end=\"4772\" \/>A: LPCVD \u00e4r en tunnfilmsdeponeringsprocess med l\u00e5gt tryck som ofta anv\u00e4nds vid halvledartillverkning f\u00f6r polysilikon-, kiselnitrid- och kiseloxiddeponering, vilket m\u00f6jligg\u00f6r enhetliga och h\u00f6gkvalitativa filmer f\u00f6r avancerad tillverkning av enheter.<\/p>\n<p data-start=\"5011\" data-end=\"5252\"><strong data-start=\"5011\" data-end=\"5052\">Q2: Hur skiljer sig LPCVD fr\u00e5n PECVD?<\/strong><br data-start=\"5052\" data-end=\"5055\" \/>Svar: LPCVD bygger p\u00e5 termisk aktivering under l\u00e5gt tryck f\u00f6r att producera filmer med h\u00f6g renhet, medan PECVD anv\u00e4nder plasma vid l\u00e4gre temperaturer f\u00f6r snabbare deponering, ofta med n\u00e5got l\u00e4gre filmkvalitet.<\/p>\n<p data-start=\"50\" data-end=\"348\"><strong data-start=\"50\" data-end=\"138\">F3: Vilka skivstorlekar och material \u00e4r kompatibla med denna LPCVD-oxideringsugn?<\/strong><br data-start=\"138\" data-end=\"141\" \/>A: Denna ugn st\u00f6der 6-tums, 8-tums och 12-tums wafers och \u00e4r kompatibel med polysilikon, kiselnitrid, kiseloxid och SiC-wafers, vilket ger flexibilitet f\u00f6r olika halvledartill\u00e4mpningar.<\/p>\n<p data-start=\"350\" data-end=\"673\"><strong data-start=\"350\" data-end=\"427\">Q4: Kan LPCVD-oxideringsugnen anpassas f\u00f6r specifika processer?<\/strong><br data-start=\"427\" data-end=\"430\" \/>S: Ja, systemet har modul\u00e4ra konfigurationer, inklusive justerbara temperaturzoner, gasfl\u00f6deskontroll och oxidationsl\u00e4gen (torr eller v\u00e5t), vilket g\u00f6r att det kan uppfylla olika processkrav f\u00f6r b\u00e5de forskning och produktion i industriell skala.<\/p>","protected":false},"excerpt":{"rendered":"<p>Oxidationsugnen 6\/8\/12-tums LPCVD (Low Pressure Chemical Vapor Deposition) \u00e4r ett toppmodernt verktyg f\u00f6r halvledartillverkning som \u00e4r utformat f\u00f6r exakt och enhetlig tunnfilmsdeponering. Den anv\u00e4nds ofta f\u00f6r att odla h\u00f6gkvalitativa polysilikon-, kiselnitrid- och kiseloxidskikt p\u00e5 wafers, vilket s\u00e4kerst\u00e4ller konsekvent prestanda f\u00f6r krafthalvledare, avancerade substrat och andra h\u00f6gprecisionsapplikationer.<\/p>","protected":false},"featured_media":1969,"comment_status":"open","ping_status":"closed","template":"","meta":{"site-sidebar-layout":"default","site-content-layout":"","ast-site-content-layout":"default","site-content-style":"default","site-sidebar-style":"default","ast-global-header-display":"","ast-banner-title-visibility":"","ast-main-header-display":"","ast-hfb-above-header-display":"","ast-hfb-below-header-display":"","ast-hfb-mobile-header-display":"","site-post-title":"","ast-breadcrumbs-content":"","ast-featured-img":"","footer-sml-layout":"","ast-disable-related-posts":"","theme-transparent-header-meta":"default","adv-header-id-meta":"","stick-header-meta":"default","header-above-stick-meta":"","header-main-stick-meta":"","header-below-stick-meta":"","astra-migrate-meta-layouts":"set","ast-page-background-enabled":"default","ast-page-background-meta":{"desktop":{"background-color":"var(--ast-global-color-4)","background-image":"","background-repeat":"repeat","background-position":"center center","background-size":"auto","background-attachment":"scroll","background-type":"","background-media":"","overlay-type":"","overlay-color":"","overlay-opacity":"","overlay-gradient":""},"tablet":{"background-color":"","background-image":"","background-repeat":"repeat","background-position":"center center","background-size":"auto","background-attachment":"scroll","background-type":"","background-media":"","overlay-type":"","overlay-color":"","overlay-opacity":"","overlay-gradient":""},"mobile":{"background-color":"","background-image":"","background-repeat":"repeat","background-position":"center center","background-size":"auto","background-attachment":"scroll","background-type":"","background-media":"","overlay-type":"","overlay-color":"","overlay-opacity":"","overlay-gradient":""}},"ast-content-background-meta":{"desktop":{"background-color":"var(--ast-global-color-5)","background-image":"","background-repeat":"repeat","background-position":"center center","background-size":"auto","background-attachment":"scroll","background-type":"","background-media":"","overlay-type":"","overlay-color":"","overlay-opacity":"","overlay-gradient":""},"tablet":{"background-color":"var(--ast-global-color-5)","background-image":"","background-repeat":"repeat","background-position":"center center","background-size":"auto","background-attachment":"scroll","background-type":"","background-media":"","overlay-type":"","overlay-color":"","overlay-opacity":"","overlay-gradient":""},"mobile":{"background-color":"var(--ast-global-color-5)","background-image":"","background-repeat":"repeat","background-position":"center center","background-size":"auto","background-attachment":"scroll","background-type":"","background-media":"","overlay-type":"","overlay-color":"","overlay-opacity":"","overlay-gradient":""}}},"product_brand":[],"product_cat":[15],"product_tag":[468,485,488,480,484,479,476,469,477,470,481,472,110,475,482,102,473,474,486,471,487,478,483],"class_list":{"0":"post-1968","1":"product","2":"type-product","3":"status-publish","4":"has-post-thumbnail","6":"product_cat-crystal-growth-furnace","7":"product_tag-6-8-12-inch-lpcvd-oxidation-furnace","8":"product_tag-automated-wafer-handling","9":"product_tag-customizable-lpcvd","10":"product_tag-gate-oxide","11":"product_tag-high-uniformity-thin-film","12":"product_tag-horizontal-lpcvd","13":"product_tag-low-pressure-chemical-vapor-deposition","14":"product_tag-lpcvd","15":"product_tag-lpcvd-vs-pecvd","16":"product_tag-oxygen-furnace","17":"product_tag-pad-oxide","18":"product_tag-polysilicon","19":"product_tag-semiconductor-equipment","20":"product_tag-semiconductor-manufacturing","21":"product_tag-shielding-oxide","22":"product_tag-sic-wafer","23":"product_tag-silicon-nitride","24":"product_tag-silicon-oxide","25":"product_tag-temperature-control","26":"product_tag-thin-film-deposition","27":"product_tag-ultra-clean-chamber","28":"product_tag-vertical-lpcvd","29":"product_tag-wafer-processing","30":"desktop-align-left","31":"tablet-align-left","32":"mobile-align-left","33":"ast-product-gallery-layout-horizontal-slider","34":"ast-product-tabs-layout-horizontal","36":"first","37":"instock","38":"shipping-taxable","39":"product-type-simple"},"_links":{"self":[{"href":"https:\/\/www.zmsh-semitech.com\/sv\/wp-json\/wp\/v2\/product\/1968","targetHints":{"allow":["GET"]}}],"collection":[{"href":"https:\/\/www.zmsh-semitech.com\/sv\/wp-json\/wp\/v2\/product"}],"about":[{"href":"https:\/\/www.zmsh-semitech.com\/sv\/wp-json\/wp\/v2\/types\/product"}],"replies":[{"embeddable":true,"href":"https:\/\/www.zmsh-semitech.com\/sv\/wp-json\/wp\/v2\/comments?post=1968"}],"version-history":[{"count":3,"href":"https:\/\/www.zmsh-semitech.com\/sv\/wp-json\/wp\/v2\/product\/1968\/revisions"}],"predecessor-version":[{"id":1999,"href":"https:\/\/www.zmsh-semitech.com\/sv\/wp-json\/wp\/v2\/product\/1968\/revisions\/1999"}],"wp:featuredmedia":[{"embeddable":true,"href":"https:\/\/www.zmsh-semitech.com\/sv\/wp-json\/wp\/v2\/media\/1969"}],"wp:attachment":[{"href":"https:\/\/www.zmsh-semitech.com\/sv\/wp-json\/wp\/v2\/media?parent=1968"}],"wp:term":[{"taxonomy":"product_brand","embeddable":true,"href":"https:\/\/www.zmsh-semitech.com\/sv\/wp-json\/wp\/v2\/product_brand?post=1968"},{"taxonomy":"product_cat","embeddable":true,"href":"https:\/\/www.zmsh-semitech.com\/sv\/wp-json\/wp\/v2\/product_cat?post=1968"},{"taxonomy":"product_tag","embeddable":true,"href":"https:\/\/www.zmsh-semitech.com\/sv\/wp-json\/wp\/v2\/product_tag?post=1968"}],"curies":[{"name":"wp","href":"https:\/\/api.w.org\/{rel}","templated":true}]}}