{"id":1948,"date":"2026-03-17T07:21:48","date_gmt":"2026-03-17T07:21:48","guid":{"rendered":"https:\/\/www.zmsh-semitech.com\/?post_type=product&#038;p=1948"},"modified":"2026-03-20T07:22:42","modified_gmt":"2026-03-20T07:22:42","slug":"sic-crystal-growth-furnace-pvt-lpe-ht-cvd-for-high-quality-silicon-carbide-single-crystal-production","status":"publish","type":"product","link":"https:\/\/www.zmsh-semitech.com\/sv\/product\/sic-crystal-growth-furnace-pvt-lpe-ht-cvd-for-high-quality-silicon-carbide-single-crystal-production\/","title":{"rendered":"Tillv\u00e4xtugn f\u00f6r SiC-kristaller (PVT \/ LPE \/ HT-CVD) f\u00f6r h\u00f6gkvalitativ produktion av enstaka kristaller av kiselkarbid"},"content":{"rendered":"<p data-start=\"204\" data-end=\"416\"><img fetchpriority=\"high\" decoding=\"async\" class=\"size-medium wp-image-1950 alignright\" src=\"https:\/\/www.zmsh-semitech.com\/wp-content\/uploads\/2026\/03\/sic_crystal_growth_furnace_pvt_lpe_ht_cvd_high_quality_sic_single_crystal_growth_method-300x259.webp\" alt=\"\" width=\"300\" height=\"259\" srcset=\"https:\/\/www.zmsh-semitech.com\/wp-content\/uploads\/2026\/03\/sic_crystal_growth_furnace_pvt_lpe_ht_cvd_high_quality_sic_single_crystal_growth_method-300x259.webp 300w, https:\/\/www.zmsh-semitech.com\/wp-content\/uploads\/2026\/03\/sic_crystal_growth_furnace_pvt_lpe_ht_cvd_high_quality_sic_single_crystal_growth_method-14x12.webp 14w, https:\/\/www.zmsh-semitech.com\/wp-content\/uploads\/2026\/03\/sic_crystal_growth_furnace_pvt_lpe_ht_cvd_high_quality_sic_single_crystal_growth_method-600x518.webp 600w, https:\/\/www.zmsh-semitech.com\/wp-content\/uploads\/2026\/03\/sic_crystal_growth_furnace_pvt_lpe_ht_cvd_high_quality_sic_single_crystal_growth_method.webp 750w\" sizes=\"(max-width: 300px) 100vw, 300px\" \/>Tillv\u00e4xtugnen f\u00f6r SiC-kristaller \u00e4r en kritisk del av utrustningen f\u00f6r att producera h\u00f6gkvalitativa enkristaller av kiselkarbid (SiC) som anv\u00e4nds i kraftelektronik, RF-enheter och avancerade halvledarapplikationer.<\/p>\n<p data-start=\"418\" data-end=\"489\">V\u00e5ra system st\u00f6der flera vanliga tillv\u00e4xttekniker, bland annat<\/p>\n<ul data-start=\"491\" data-end=\"612\">\n<li data-section-id=\"12iy5p3\" data-start=\"491\" data-end=\"525\">\n<p data-start=\"493\" data-end=\"525\">Fysisk \u00e5ngtransport (PVT)<\/p>\n<\/li>\n<li data-section-id=\"yxgf5n\" data-start=\"526\" data-end=\"556\">\n<p data-start=\"528\" data-end=\"556\">Epitaxi i flytande fas (LPE)<\/p>\n<\/li>\n<li data-section-id=\"ch2v4w\" data-start=\"557\" data-end=\"612\">\n<p data-start=\"559\" data-end=\"612\">Kemisk f\u00f6r\u00e5ngningsdeposition vid h\u00f6g temperatur (HT-CVD)<\/p>\n<\/li>\n<\/ul>\n<p data-start=\"614\" data-end=\"833\">Med exakt kontroll av h\u00f6g temperatur, vakuum och gasfl\u00f6de m\u00f6jligg\u00f6r ugnen stabil produktion av SiC-kristaller med l\u00e5g defekthalt och h\u00f6g renhet i storlekar p\u00e5 4-6 tum, med m\u00f6jlighet till anpassning f\u00f6r st\u00f6rre diametrar.<\/p>\n<h2 data-section-id=\"z1sk7h\" data-start=\"840\" data-end=\"883\"><span role=\"text\">St\u00f6dda metoder f\u00f6r kristalltillv\u00e4xt av SiC<\/span><\/h2>\n<h3 data-section-id=\"kspzpi\" data-start=\"885\" data-end=\"926\"><span role=\"text\">1. Fysisk \u00e5ngtransport (PVT)<\/span><\/h3>\n<p data-start=\"928\" data-end=\"1108\">Processprincip:<br data-start=\"950\" data-end=\"953\" \/><img decoding=\"async\" class=\"size-medium wp-image-1953 alignright\" src=\"https:\/\/www.zmsh-semitech.com\/wp-content\/uploads\/2026\/03\/Sic-Crystal-Growth-Furnace-PVT-LPE-HT-CVD-High-Quality-Sic-Single-Crystal-Growth-Method5-300x130.jpg\" alt=\"\" width=\"300\" height=\"130\" srcset=\"https:\/\/www.zmsh-semitech.com\/wp-content\/uploads\/2026\/03\/Sic-Crystal-Growth-Furnace-PVT-LPE-HT-CVD-High-Quality-Sic-Single-Crystal-Growth-Method5-300x130.jpg 300w, https:\/\/www.zmsh-semitech.com\/wp-content\/uploads\/2026\/03\/Sic-Crystal-Growth-Furnace-PVT-LPE-HT-CVD-High-Quality-Sic-Single-Crystal-Growth-Method5-18x8.jpg 18w, https:\/\/www.zmsh-semitech.com\/wp-content\/uploads\/2026\/03\/Sic-Crystal-Growth-Furnace-PVT-LPE-HT-CVD-High-Quality-Sic-Single-Crystal-Growth-Method5-600x261.jpg 600w, https:\/\/www.zmsh-semitech.com\/wp-content\/uploads\/2026\/03\/Sic-Crystal-Growth-Furnace-PVT-LPE-HT-CVD-High-Quality-Sic-Single-Crystal-Growth-Method5.jpg 679w\" sizes=\"(max-width: 300px) 100vw, 300px\" \/>SiC-pulver sublimeras vid temperaturer \u00f6ver 2000\u00b0C. \u00c5ngorna transporteras l\u00e4ngs en temperaturgradient och omkristalliseras p\u00e5 en seed-kristall.<\/p>\n<p data-start=\"1110\" data-end=\"1127\">Viktiga egenskaper:<\/p>\n<ul data-start=\"1128\" data-end=\"1374\">\n<li data-section-id=\"1m5h759\" data-start=\"1128\" data-end=\"1177\">\n<p data-start=\"1130\" data-end=\"1177\">Degel och fr\u00f6h\u00e5llare i grafit med h\u00f6g renhet<\/p>\n<\/li>\n<li data-section-id=\"obcs2k\" data-start=\"1178\" data-end=\"1239\">\n<p data-start=\"1180\" data-end=\"1239\">Integrerad termoelement + infrar\u00f6d temperatur\u00f6vervakning<\/p>\n<\/li>\n<li data-section-id=\"1ahok9n\" data-start=\"1240\" data-end=\"1284\">\n<p data-start=\"1242\" data-end=\"1284\">Fl\u00f6deskontrollsystem f\u00f6r vakuum och inert gas<\/p>\n<\/li>\n<li data-section-id=\"ltafbu\" data-start=\"1285\" data-end=\"1324\">\n<p data-start=\"1287\" data-end=\"1324\">PLC-baserad automatisk processtyrning<\/p>\n<\/li>\n<li data-section-id=\"1ubyld1\" data-start=\"1325\" data-end=\"1374\">\n<p data-start=\"1327\" data-end=\"1374\">Integration av kylning och avgasrening<\/p>\n<\/li>\n<\/ul>\n<p data-start=\"1376\" data-end=\"1391\">F\u00f6rdelar:<\/p>\n<ul data-start=\"1392\" data-end=\"1507\">\n<li data-section-id=\"1skc6sa\" data-start=\"1392\" data-end=\"1432\">\n<p data-start=\"1394\" data-end=\"1432\">Mogen och allm\u00e4nt anv\u00e4nd teknik<\/p>\n<\/li>\n<li data-section-id=\"696hi4\" data-start=\"1433\" data-end=\"1466\">\n<p data-start=\"1435\" data-end=\"1466\">Relativt l\u00e5g utrustningskostnad<\/p>\n<\/li>\n<li data-section-id=\"4ihzdk\" data-start=\"1467\" data-end=\"1507\">\n<p data-start=\"1469\" data-end=\"1507\">L\u00e4mplig f\u00f6r kristalltillv\u00e4xt av SiC i bulk<\/p>\n<\/li>\n<\/ul>\n<p data-start=\"1509\" data-end=\"1526\">Applikationer:<\/p>\n<ul data-start=\"1527\" data-end=\"1590\">\n<li data-section-id=\"16plruj\" data-start=\"1527\" data-end=\"1590\">\n<p data-start=\"1529\" data-end=\"1590\">Produktion av semiisolerande och ledande SiC-substrat<\/p>\n<\/li>\n<\/ul>\n<h3 data-section-id=\"1lkfnea\" data-start=\"1597\" data-end=\"1659\"><span role=\"text\">2. Kemisk f\u00f6r\u00e5ngningsdeposition vid h\u00f6g temperatur (HT-CVD)<\/span><\/h3>\n<p data-start=\"1661\" data-end=\"1794\"><img decoding=\"async\" class=\"size-medium wp-image-1954 alignright\" src=\"https:\/\/www.zmsh-semitech.com\/wp-content\/uploads\/2026\/03\/Sic-Crystal-Growth-Furnace-PVT-LPE-HT-CVD-High-Quality-Sic-Single-Crystal-Growth-Method6-300x96.jpg\" alt=\"\" width=\"300\" height=\"96\" srcset=\"https:\/\/www.zmsh-semitech.com\/wp-content\/uploads\/2026\/03\/Sic-Crystal-Growth-Furnace-PVT-LPE-HT-CVD-High-Quality-Sic-Single-Crystal-Growth-Method6-300x96.jpg 300w, https:\/\/www.zmsh-semitech.com\/wp-content\/uploads\/2026\/03\/Sic-Crystal-Growth-Furnace-PVT-LPE-HT-CVD-High-Quality-Sic-Single-Crystal-Growth-Method6-18x6.jpg 18w, https:\/\/www.zmsh-semitech.com\/wp-content\/uploads\/2026\/03\/Sic-Crystal-Growth-Furnace-PVT-LPE-HT-CVD-High-Quality-Sic-Single-Crystal-Growth-Method6-600x192.jpg 600w, https:\/\/www.zmsh-semitech.com\/wp-content\/uploads\/2026\/03\/Sic-Crystal-Growth-Furnace-PVT-LPE-HT-CVD-High-Quality-Sic-Single-Crystal-Growth-Method6.jpg 669w\" sizes=\"(max-width: 300px) 100vw, 300px\" \/>Processprincip:<br data-start=\"1683\" data-end=\"1686\" \/>H\u00f6grena gaser (t.ex. SiH\u2084 + C\u2082H\u2084 \/ C\u2083H\u2088) s\u00f6nderdelas vid 1800-2300\u00b0C och deponerar SiC p\u00e5 seed-kristallen.<\/p>\n<p data-start=\"1796\" data-end=\"1813\">Viktiga egenskaper:<\/p>\n<ul data-start=\"1814\" data-end=\"2010\">\n<li data-section-id=\"136qfh6\" data-start=\"1814\" data-end=\"1864\">\n<p data-start=\"1816\" data-end=\"1864\">Induktionsv\u00e4rme via elektromagnetisk koppling<\/p>\n<\/li>\n<li data-section-id=\"a59yxr\" data-start=\"1865\" data-end=\"1919\">\n<p data-start=\"1867\" data-end=\"1919\">Stabilt gasleveranssystem (He \/ H\u2082-b\u00e4rgaser)<\/p>\n<\/li>\n<li data-section-id=\"1cbw0ya\" data-start=\"1920\" data-end=\"1980\">\n<p data-start=\"1922\" data-end=\"1980\">Kontrollerad temperaturgradient f\u00f6r kristallkondensation<\/p>\n<\/li>\n<li data-section-id=\"xx40zc\" data-start=\"1981\" data-end=\"2010\">\n<p data-start=\"1983\" data-end=\"2010\">Exakt dopningskapacitet<\/p>\n<\/li>\n<\/ul>\n<p data-start=\"2012\" data-end=\"2027\">F\u00f6rdelar:<\/p>\n<ul data-start=\"2028\" data-end=\"2102\">\n<li data-section-id=\"xejhn5\" data-start=\"2028\" data-end=\"2050\">\n<p data-start=\"2030\" data-end=\"2050\">L\u00e5g defektt\u00e4thet<\/p>\n<\/li>\n<li data-section-id=\"126pemv\" data-start=\"2051\" data-end=\"2074\">\n<p data-start=\"2053\" data-end=\"2074\">H\u00f6g kristallrenhet<\/p>\n<\/li>\n<li data-section-id=\"u0lupt\" data-start=\"2075\" data-end=\"2102\">\n<p data-start=\"2077\" data-end=\"2102\">Flexibel dopingkontroll<\/p>\n<\/li>\n<\/ul>\n<p data-start=\"2104\" data-end=\"2121\">Applikationer:<\/p>\n<ul data-start=\"2122\" data-end=\"2185\">\n<li data-section-id=\"1b8jolu\" data-start=\"2122\" data-end=\"2185\">\n<p data-start=\"2124\" data-end=\"2185\">H\u00f6gpresterande SiC-wafers f\u00f6r avancerade elektroniska enheter<\/p>\n<\/li>\n<\/ul>\n<h3 data-section-id=\"1gxz1d4\" data-start=\"2192\" data-end=\"2229\"><span role=\"text\">3. Epitaxi i flytande fas (LPE)<\/span><\/h3>\n<p data-start=\"2231\" data-end=\"2390\"><img loading=\"lazy\" decoding=\"async\" class=\"size-medium wp-image-1955 alignright\" src=\"https:\/\/www.zmsh-semitech.com\/wp-content\/uploads\/2026\/03\/Sic-Crystal-Growth-Furnace-PVT-LPE-HT-CVD-High-Quality-Sic-Single-Crystal-Growth-Method7-300x133.jpg\" alt=\"\" width=\"300\" height=\"133\" srcset=\"https:\/\/www.zmsh-semitech.com\/wp-content\/uploads\/2026\/03\/Sic-Crystal-Growth-Furnace-PVT-LPE-HT-CVD-High-Quality-Sic-Single-Crystal-Growth-Method7-300x133.jpg 300w, https:\/\/www.zmsh-semitech.com\/wp-content\/uploads\/2026\/03\/Sic-Crystal-Growth-Furnace-PVT-LPE-HT-CVD-High-Quality-Sic-Single-Crystal-Growth-Method7-18x8.jpg 18w, https:\/\/www.zmsh-semitech.com\/wp-content\/uploads\/2026\/03\/Sic-Crystal-Growth-Furnace-PVT-LPE-HT-CVD-High-Quality-Sic-Single-Crystal-Growth-Method7-600x266.jpg 600w, https:\/\/www.zmsh-semitech.com\/wp-content\/uploads\/2026\/03\/Sic-Crystal-Growth-Furnace-PVT-LPE-HT-CVD-High-Quality-Sic-Single-Crystal-Growth-Method7.jpg 680w\" sizes=\"(max-width: 300px) 100vw, 300px\" \/>Processprincip:<br data-start=\"2253\" data-end=\"2256\" \/>Si och C l\u00f6ses upp i en h\u00f6gtemperaturl\u00f6sning (~1800\u00b0C) och SiC kristalliserar fr\u00e5n en \u00f6verm\u00e4ttad sm\u00e4lta under kontrollerad kylning.<\/p>\n<p data-start=\"2392\" data-end=\"2409\">Viktiga egenskaper:<\/p>\n<ul data-start=\"2410\" data-end=\"2570\">\n<li data-section-id=\"1l354m9\" data-start=\"2410\" data-end=\"2449\">\n<p data-start=\"2412\" data-end=\"2449\">Epitaxial skikttillv\u00e4xt av h\u00f6g kvalitet<\/p>\n<\/li>\n<li data-section-id=\"1f5uz6v\" data-start=\"2450\" data-end=\"2488\">\n<p data-start=\"2452\" data-end=\"2488\">L\u00e5g defektt\u00e4thet och h\u00f6g renhet<\/p>\n<\/li>\n<li data-section-id=\"1da15oj\" data-start=\"2489\" data-end=\"2531\">\n<p data-start=\"2491\" data-end=\"2531\">Relativt l\u00e5ga krav p\u00e5 utrustning<\/p>\n<\/li>\n<li data-section-id=\"apgmow\" data-start=\"2532\" data-end=\"2570\">\n<p data-start=\"2534\" data-end=\"2570\">Skalbar f\u00f6r industriell produktion<\/p>\n<\/li>\n<\/ul>\n<p data-start=\"2572\" data-end=\"2587\">F\u00f6rdelar:<\/p>\n<ul data-start=\"2588\" data-end=\"2646\">\n<li data-section-id=\"1lh17wx\" data-start=\"2588\" data-end=\"2609\">\n<p data-start=\"2590\" data-end=\"2609\">L\u00e4gre tillv\u00e4xtkostnader<\/p>\n<\/li>\n<li data-section-id=\"7sa3sd\" data-start=\"2610\" data-end=\"2646\">\n<p data-start=\"2612\" data-end=\"2646\">F\u00f6rb\u00e4ttrad kvalitet p\u00e5 epitaxialskiktet<\/p>\n<\/li>\n<\/ul>\n<p data-start=\"2648\" data-end=\"2665\">Applikationer:<\/p>\n<ul data-start=\"2666\" data-end=\"2761\">\n<li data-section-id=\"u4ixfp\" data-start=\"2666\" data-end=\"2710\">\n<p data-start=\"2668\" data-end=\"2710\">Epitaxial skikttillv\u00e4xt p\u00e5 SiC-substrat<\/p>\n<\/li>\n<li data-section-id=\"5zhtvl\" data-start=\"2711\" data-end=\"2761\">\n<p data-start=\"2713\" data-end=\"2761\">Tillverkning av h\u00f6geffektiva kraftaggregat<\/p>\n<\/li>\n<\/ul>\n<h2 data-section-id=\"1ttn0lq\" data-start=\"2768\" data-end=\"2795\"><span role=\"text\">Tekniska f\u00f6rdelar<\/span><\/h2>\n<ul data-start=\"2797\" data-end=\"3035\">\n<li data-section-id=\"js25p8\" data-start=\"2797\" data-end=\"2837\">\n<p data-start=\"2799\" data-end=\"2837\">Drift vid h\u00f6ga temperaturer (&gt;2000\u00b0C)<\/p>\n<\/li>\n<li data-section-id=\"1jqlm2f\" data-start=\"2838\" data-end=\"2876\">\n<p data-start=\"2840\" data-end=\"2876\">Stabil vakuum- och gasfl\u00f6deskontroll<\/p>\n<\/li>\n<li data-section-id=\"gf25zn\" data-start=\"2877\" data-end=\"2911\">\n<p data-start=\"2879\" data-end=\"2911\">Avancerat PLC automationssystem<\/p>\n<\/li>\n<li data-section-id=\"1oe212f\" data-start=\"2912\" data-end=\"2974\">\n<p data-start=\"2914\" data-end=\"2974\">Anpassningsbar ugnsdesign (storlek, konfiguration, process)<\/p>\n<\/li>\n<li data-section-id=\"1qtodg6\" data-start=\"2975\" data-end=\"3035\">\n<p data-start=\"2977\" data-end=\"3035\">Kompatibel med 4-6 tums SiC-kristalltillv\u00e4xt (expanderbar)<\/p>\n<\/li>\n<\/ul>\n<h2 data-section-id=\"i1urdn\" data-start=\"3042\" data-end=\"3065\"><span role=\"text\">V\u00e5r kapacitet<\/span><\/h2>\n<h3 data-section-id=\"1euwnkw\" data-start=\"3067\" data-end=\"3094\"><span role=\"text\">1. Leverans av utrustning<\/span><\/h3>\n<p data-start=\"3095\" data-end=\"3164\">Vi tillhandah\u00e5ller helt konstruerade SiC-kristalltillv\u00e4xtugnar som \u00e4r utformade f\u00f6r:<\/p>\n<ul data-start=\"3165\" data-end=\"3275\">\n<li data-section-id=\"o9p6qu\" data-start=\"3165\" data-end=\"3200\">\n<p data-start=\"3167\" data-end=\"3200\">Semi-isolerande SiC med h\u00f6g renhet<\/p>\n<\/li>\n<li data-section-id=\"11vwiq6\" data-start=\"3201\" data-end=\"3238\">\n<p data-start=\"3203\" data-end=\"3238\">Produktion av ledande SiC-kristaller<\/p>\n<\/li>\n<li data-section-id=\"10vy7s\" data-start=\"3239\" data-end=\"3275\">\n<p data-start=\"3241\" data-end=\"3275\">Krav p\u00e5 tillverkning av partier<\/p>\n<\/li>\n<\/ul>\n<h3 data-section-id=\"phctqp\" data-start=\"3282\" data-end=\"3323\"><span role=\"text\">2. R\u00e5varor &amp; kristallf\u00f6rs\u00f6rjning<\/span><\/h3>\n<p data-start=\"3324\" data-end=\"3334\">Vi levererar:<\/p>\n<ul data-start=\"3335\" data-end=\"3401\">\n<li data-section-id=\"1ggi3jo\" data-start=\"3335\" data-end=\"3359\">\n<p data-start=\"3337\" data-end=\"3359\">SiC-k\u00e4llmaterial<\/p>\n<\/li>\n<li data-section-id=\"h3kpam\" data-start=\"3360\" data-end=\"3377\">\n<p data-start=\"3362\" data-end=\"3377\">Fr\u00f6kristaller<\/p>\n<\/li>\n<li data-section-id=\"1rb4g8j\" data-start=\"3378\" data-end=\"3401\">\n<p data-start=\"3380\" data-end=\"3401\">F\u00f6rbrukningsvaror f\u00f6r processer<\/p>\n<\/li>\n<\/ul>\n<p data-start=\"3403\" data-end=\"3479\">Alla material genomg\u00e5r strikt kvalitetskontroll f\u00f6r att s\u00e4kerst\u00e4lla processtabilitet.<\/p>\n<h3 data-section-id=\"lzu290\" data-start=\"3486\" data-end=\"3531\"><span role=\"text\">3. Processutveckling och optimering<\/span><\/h3>\n<p data-start=\"3532\" data-end=\"3562\">V\u00e5rt ingenj\u00f6rsteam st\u00f6der:<\/p>\n<ul data-start=\"3563\" data-end=\"3669\">\n<li data-section-id=\"1hou4gz\" data-start=\"3563\" data-end=\"3593\">\n<p data-start=\"3565\" data-end=\"3593\">Anpassad processutveckling<\/p>\n<\/li>\n<li data-section-id=\"1t2cez5\" data-start=\"3594\" data-end=\"3627\">\n<p data-start=\"3596\" data-end=\"3627\">Optimering av tillv\u00e4xtparametrar<\/p>\n<\/li>\n<li data-section-id=\"1bd6gqh\" data-start=\"3628\" data-end=\"3669\">\n<p data-start=\"3630\" data-end=\"3669\">F\u00f6rb\u00e4ttring av avkastning och kristallkvalitet<\/p>\n<\/li>\n<\/ul>\n<h3 data-section-id=\"sd0tuu\" data-start=\"3676\" data-end=\"3715\"><span role=\"text\">4. Utbildning och teknisk support<\/span><\/h3>\n<p data-start=\"3716\" data-end=\"3725\">Vi erbjuder:<\/p>\n<ul data-start=\"3726\" data-end=\"3832\">\n<li data-section-id=\"8xwlms\" data-start=\"3726\" data-end=\"3755\">\n<p data-start=\"3728\" data-end=\"3755\">Utbildning p\u00e5 plats eller p\u00e5 distans<\/p>\n<\/li>\n<li data-section-id=\"113ldb5\" data-start=\"3756\" data-end=\"3788\">\n<p data-start=\"3758\" data-end=\"3788\">V\u00e4gledning f\u00f6r drift av utrustning<\/p>\n<\/li>\n<li data-section-id=\"19iv12h\" data-start=\"3789\" data-end=\"3832\">\n<p data-start=\"3791\" data-end=\"3832\">St\u00f6d f\u00f6r underh\u00e5ll och fels\u00f6kning<\/p>\n<\/li>\n<\/ul>\n<h2 data-section-id=\"elc90z\" data-start=\"3839\" data-end=\"3849\"><span role=\"text\">VANLIGA FR\u00c5GOR<\/span><\/h2>\n<p data-start=\"3851\" data-end=\"4022\">F1: Vilka \u00e4r de viktigaste SiC-kristalltillv\u00e4xtmetoderna?<br data-start=\"3904\" data-end=\"3907\" \/>S: De prim\u00e4ra metoderna \u00e4r PVT, HT-CVD och LPE, som alla l\u00e4mpar sig f\u00f6r olika till\u00e4mpningar och produktionsm\u00e5l.<\/p>\n<p data-start=\"4024\" data-end=\"4230\">F2: Vad \u00e4r epitaxi i v\u00e4tskefas (LPE)?<br data-start=\"4067\" data-end=\"4070\" \/>S: LPE \u00e4r en l\u00f6sningsbaserad tillv\u00e4xtmetod d\u00e4r en m\u00e4ttad sm\u00e4lta l\u00e5ngsamt kyls f\u00f6r att driva kristalltillv\u00e4xt p\u00e5 ett substrat, vilket m\u00f6jligg\u00f6r epitaxiella lager av h\u00f6g kvalitet.<\/p>\n<h2 data-section-id=\"1wz3rnt\" data-start=\"4237\" data-end=\"4278\"><span role=\"text\">Varf\u00f6r v\u00e4lja v\u00e5r SiC-tillv\u00e4xtugn?<\/span><\/h2>\n<ul data-start=\"4280\" data-end=\"4496\">\n<li data-section-id=\"1nz5fyj\" data-start=\"4280\" data-end=\"4330\">\n<p data-start=\"4282\" data-end=\"4330\">Dokumenterad teknisk erfarenhet av SiC-utrustning<\/p>\n<\/li>\n<li data-section-id=\"dw2cfr\" data-start=\"4331\" data-end=\"4382\">\n<p data-start=\"4333\" data-end=\"4382\">Kompatibilitet med flera metoder (PVT \/ HT-CVD \/ LPE)<\/p>\n<\/li>\n<li data-section-id=\"xciqsn\" data-start=\"4383\" data-end=\"4435\">\n<p data-start=\"4385\" data-end=\"4435\">Anpassade l\u00f6sningar f\u00f6r olika produktionsskalor<\/p>\n<\/li>\n<li data-section-id=\"s3dika\" data-start=\"4436\" data-end=\"4496\">\n<p data-start=\"4438\" data-end=\"4496\">St\u00f6d f\u00f6r hela livscykeln (utrustning + material + process)<\/p>\n<\/li>\n<\/ul>","protected":false},"excerpt":{"rendered":"<p data-start=\"204\" data-end=\"416\">Tillv\u00e4xtugnen f\u00f6r SiC-kristaller \u00e4r en kritisk del av utrustningen f\u00f6r att producera h\u00f6gkvalitativa enkristaller av kiselkarbid (SiC) som anv\u00e4nds i kraftelektronik, RF-enheter och avancerade halvledarapplikationer.<\/p>\n<p data-start=\"418\" data-end=\"489\">V\u00e5ra system st\u00f6der flera vanliga tillv\u00e4xttekniker, bland annat<\/p>","protected":false},"featured_media":1949,"comment_status":"open","ping_status":"closed","template":"","meta":{"site-sidebar-layout":"default","site-content-layout":"","ast-site-content-layout":"default","site-content-style":"default","site-sidebar-style":"default","ast-global-header-display":"","ast-banner-title-visibility":"","ast-main-header-display":"","ast-hfb-above-header-display":"","ast-hfb-below-header-display":"","ast-hfb-mobile-header-display":"","site-post-title":"","ast-breadcrumbs-content":"","ast-featured-img":"","footer-sml-layout":"","ast-disable-related-posts":"","theme-transparent-header-meta":"default","adv-header-id-meta":"","stick-header-meta":"default","header-above-stick-meta":"","header-main-stick-meta":"","header-below-stick-meta":"","astra-migrate-meta-layouts":"set","ast-page-background-enabled":"default","ast-page-background-meta":{"desktop":{"background-color":"var(--ast-global-color-4)","background-image":"","background-repeat":"repeat","background-position":"center center","background-size":"auto","background-attachment":"scroll","background-type":"","background-media":"","overlay-type":"","overlay-color":"","overlay-opacity":"","overlay-gradient":""},"tablet":{"background-color":"","background-image":"","background-repeat":"repeat","background-position":"center center","background-size":"auto","background-attachment":"scroll","background-type":"","background-media":"","overlay-type":"","overlay-color":"","overlay-opacity":"","overlay-gradient":""},"mobile":{"background-color":"","background-image":"","background-repeat":"repeat","background-position":"center center","background-size":"auto","background-attachment":"scroll","background-type":"","background-media":"","overlay-type":"","overlay-color":"","overlay-opacity":"","overlay-gradient":""}},"ast-content-background-meta":{"desktop":{"background-color":"var(--ast-global-color-5)","background-image":"","background-repeat":"repeat","background-position":"center center","background-size":"auto","background-attachment":"scroll","background-type":"","background-media":"","overlay-type":"","overlay-color":"","overlay-opacity":"","overlay-gradient":""},"tablet":{"background-color":"var(--ast-global-color-5)","background-image":"","background-repeat":"repeat","background-position":"center center","background-size":"auto","background-attachment":"scroll","background-type":"","background-media":"","overlay-type":"","overlay-color":"","overlay-opacity":"","overlay-gradient":""},"mobile":{"background-color":"var(--ast-global-color-5)","background-image":"","background-repeat":"repeat","background-position":"center center","background-size":"auto","background-attachment":"scroll","background-type":"","background-media":"","overlay-type":"","overlay-color":"","overlay-opacity":"","overlay-gradient":""}}},"product_brand":[],"product_cat":[15],"product_tag":[454,455,453,110,451,459,457,456,452,458],"class_list":{"0":"post-1948","1":"product","2":"type-product","3":"status-publish","4":"has-post-thumbnail","6":"product_cat-crystal-growth-furnace","7":"product_tag-ht-cvd-sic","8":"product_tag-lpe-epitaxy-sic","9":"product_tag-pvt-sic-growth","10":"product_tag-semiconductor-equipment","11":"product_tag-sic-crystal-growth-furnace","12":"product_tag-sic-epitaxy-growth","13":"product_tag-sic-single-crystal-growth","14":"product_tag-sic-wafer-production","15":"product_tag-silicon-carbide-furnace","16":"product_tag-silicon-carbide-substrate","17":"desktop-align-left","18":"tablet-align-left","19":"mobile-align-left","20":"ast-product-gallery-layout-horizontal-slider","21":"ast-product-tabs-layout-horizontal","23":"first","24":"instock","25":"shipping-taxable","26":"product-type-simple"},"_links":{"self":[{"href":"https:\/\/www.zmsh-semitech.com\/sv\/wp-json\/wp\/v2\/product\/1948","targetHints":{"allow":["GET"]}}],"collection":[{"href":"https:\/\/www.zmsh-semitech.com\/sv\/wp-json\/wp\/v2\/product"}],"about":[{"href":"https:\/\/www.zmsh-semitech.com\/sv\/wp-json\/wp\/v2\/types\/product"}],"replies":[{"embeddable":true,"href":"https:\/\/www.zmsh-semitech.com\/sv\/wp-json\/wp\/v2\/comments?post=1948"}],"version-history":[{"count":2,"href":"https:\/\/www.zmsh-semitech.com\/sv\/wp-json\/wp\/v2\/product\/1948\/revisions"}],"predecessor-version":[{"id":1957,"href":"https:\/\/www.zmsh-semitech.com\/sv\/wp-json\/wp\/v2\/product\/1948\/revisions\/1957"}],"wp:featuredmedia":[{"embeddable":true,"href":"https:\/\/www.zmsh-semitech.com\/sv\/wp-json\/wp\/v2\/media\/1949"}],"wp:attachment":[{"href":"https:\/\/www.zmsh-semitech.com\/sv\/wp-json\/wp\/v2\/media?parent=1948"}],"wp:term":[{"taxonomy":"product_brand","embeddable":true,"href":"https:\/\/www.zmsh-semitech.com\/sv\/wp-json\/wp\/v2\/product_brand?post=1948"},{"taxonomy":"product_cat","embeddable":true,"href":"https:\/\/www.zmsh-semitech.com\/sv\/wp-json\/wp\/v2\/product_cat?post=1948"},{"taxonomy":"product_tag","embeddable":true,"href":"https:\/\/www.zmsh-semitech.com\/sv\/wp-json\/wp\/v2\/product_tag?post=1948"}],"curies":[{"name":"wp","href":"https:\/\/api.w.org\/{rel}","templated":true}]}}