{"id":1753,"date":"2026-01-23T02:18:28","date_gmt":"2026-01-23T02:18:28","guid":{"rendered":"https:\/\/www.zmsh-semitech.com\/?post_type=product&#038;p=1753"},"modified":"2026-01-23T02:18:28","modified_gmt":"2026-01-23T02:18:28","slug":"sapphire-crystal-growth-furnace-for-80-400-kg-crystals-using-the-kyropoulos-ky-method","status":"publish","type":"product","link":"https:\/\/www.zmsh-semitech.com\/sv\/product\/sapphire-crystal-growth-furnace-for-80-400-kg-crystals-using-the-kyropoulos-ky-method\/","title":{"rendered":"Tillv\u00e4xtugn f\u00f6r safirkristaller f\u00f6r 80-400 kg kristaller med Kyropoulos-metoden (KY)"},"content":{"rendered":"<h2 data-start=\"286\" data-end=\"309\">Produkt\u00f6versikt<img fetchpriority=\"high\" decoding=\"async\" class=\"size-medium wp-image-1757 alignright\" src=\"https:\/\/www.zmsh-semitech.com\/wp-content\/uploads\/2026\/01\/pl203679978-sapphire_crystal_growth_furnace_80_400kg_by_the_kyropoulos_method_ky5-300x300.jpg\" alt=\"\" width=\"300\" height=\"300\" srcset=\"https:\/\/www.zmsh-semitech.com\/wp-content\/uploads\/2026\/01\/pl203679978-sapphire_crystal_growth_furnace_80_400kg_by_the_kyropoulos_method_ky5-300x300.jpg 300w, https:\/\/www.zmsh-semitech.com\/wp-content\/uploads\/2026\/01\/pl203679978-sapphire_crystal_growth_furnace_80_400kg_by_the_kyropoulos_method_ky5-150x150.jpg 150w, https:\/\/www.zmsh-semitech.com\/wp-content\/uploads\/2026\/01\/pl203679978-sapphire_crystal_growth_furnace_80_400kg_by_the_kyropoulos_method_ky5-100x100.jpg 100w, https:\/\/www.zmsh-semitech.com\/wp-content\/uploads\/2026\/01\/pl203679978-sapphire_crystal_growth_furnace_80_400kg_by_the_kyropoulos_method_ky5.jpg 540w\" sizes=\"(max-width: 300px) 100vw, 300px\" \/><\/h2>\n<p data-start=\"311\" data-end=\"563\">ZMSH KY Sapphire Crystal Growth Furnace \u00e4r ett kristalltillv\u00e4xtsystem med h\u00f6g temperatur som \u00e4r utformat f\u00f6r produktion av safir-enkelkristaller i stora storlekar och st\u00f6der kristallvikter fr\u00e5n 80 kg till 400 kg med Kyropoulos (KY) tillv\u00e4xtmetod.<\/p>\n<p data-start=\"565\" data-end=\"963\">Ugnen \u00e4r optimerad f\u00f6r kontrollerad stelning av safir under f\u00f6rh\u00e5llanden med l\u00e5g termisk stress. Genom att kombinera stabil termisk f\u00e4ltdesign, exakt temperaturreglering och ultrah\u00f6gt vakuum och gasatmosf\u00e4rkontroll m\u00f6jligg\u00f6r systemet tillv\u00e4xt av h\u00f6gkvalitativa safir-enkelkristaller med l\u00e5g defekt som \u00e4r l\u00e4mpliga f\u00f6r halvledare, optiska och avancerade industriella applikationer.<\/p>\n<p data-start=\"965\" data-end=\"1187\">J\u00e4mf\u00f6rt med konventionella Czochralski (CZ)-tillv\u00e4xtsystem minskar KY-metoden avsev\u00e4rt den inre sp\u00e4nningen och dislokationst\u00e4theten, vilket g\u00f6r den mer l\u00e4mplig f\u00f6r produktion av safirkristaller med stor diameter och tjocklek.<\/p>\n<h2 data-start=\"1194\" data-end=\"1229\">Kyropoulos Tillv\u00e4xtteknik<\/h2>\n<p data-start=\"1231\" data-end=\"1402\">Kyropoulos-metoden g\u00f6r det m\u00f6jligt f\u00f6r safirkristaller att v\u00e4xa l\u00e5ngsamt i sm\u00e4ltan med minimal mekanisk dragning. Kristallen f\u00f6rblir till stor del st\u00f6dd av flytkraft, vilket m\u00f6jligg\u00f6r:<\/p>\n<ul data-start=\"1404\" data-end=\"1504\">\n<li data-start=\"1404\" data-end=\"1431\">\n<p data-start=\"1406\" data-end=\"1431\">L\u00e4gre v\u00e4rmegradienter<\/p>\n<\/li>\n<li data-start=\"1432\" data-end=\"1461\">\n<p data-start=\"1434\" data-end=\"1461\">Minskad mekanisk p\u00e5frestning<\/p>\n<\/li>\n<li data-start=\"1462\" data-end=\"1504\">\n<p data-start=\"1464\" data-end=\"1504\">F\u00f6rb\u00e4ttrad enhetlighet i kristallstrukturen<\/p>\n<\/li>\n<\/ul>\n<p data-start=\"1506\" data-end=\"1646\">Denna tillv\u00e4xtmetod \u00e4r s\u00e4rskilt effektiv f\u00f6r att producera stora, tjocka safirboules med stabila optiska och mekaniska egenskaper.<\/p>\n<h2 data-start=\"1653\" data-end=\"1685\">F\u00f6rm\u00e5ga till kristalltillv\u00e4xt<\/h2>\n<ul data-start=\"1687\" data-end=\"1836\">\n<li data-start=\"1687\" data-end=\"1724\">\n<p data-start=\"1689\" data-end=\"1724\">Viktintervall f\u00f6r kristall: 80-400 kg<\/p>\n<\/li>\n<li data-start=\"1725\" data-end=\"1758\">\n<p data-start=\"1727\" data-end=\"1758\">Kristallens diameter: 10-500 mm<\/p>\n<\/li>\n<li data-start=\"1759\" data-end=\"1793\">\n<p data-start=\"1761\" data-end=\"1793\">Kristallens tjocklek: 50-300 mm<\/p>\n<\/li>\n<li data-start=\"1794\" data-end=\"1836\">\n<p data-start=\"1796\" data-end=\"1836\">Tillv\u00e4xthastighet: 0,1-5 mm\/h (justerbar)<\/p>\n<\/li>\n<\/ul>\n<p data-start=\"1838\" data-end=\"1968\">Ugnskonfigurationen kan anpassas f\u00f6r att matcha specifika m\u00e5l f\u00f6r kristallstorlek och nedstr\u00f6ms wafer- eller komponentkrav.<\/p>\n<h2 data-start=\"1975\" data-end=\"2006\">Viktiga tekniska f\u00f6rdelar<\/h2>\n<h3 data-start=\"2008\" data-end=\"2044\">Stabil termisk f\u00e4ltkontroll<\/h3>\n<p data-start=\"2045\" data-end=\"2272\"><img decoding=\"async\" class=\"size-medium wp-image-1756 alignleft\" src=\"https:\/\/www.zmsh-semitech.com\/wp-content\/uploads\/2026\/01\/pl203679971-sapphire_crystal_growth_furnace_80_400kg_by_the_kyropoulos_method_ky4-300x300.jpg\" alt=\"\" width=\"300\" height=\"300\" srcset=\"https:\/\/www.zmsh-semitech.com\/wp-content\/uploads\/2026\/01\/pl203679971-sapphire_crystal_growth_furnace_80_400kg_by_the_kyropoulos_method_ky4-300x300.jpg 300w, https:\/\/www.zmsh-semitech.com\/wp-content\/uploads\/2026\/01\/pl203679971-sapphire_crystal_growth_furnace_80_400kg_by_the_kyropoulos_method_ky4-150x150.jpg 150w, https:\/\/www.zmsh-semitech.com\/wp-content\/uploads\/2026\/01\/pl203679971-sapphire_crystal_growth_furnace_80_400kg_by_the_kyropoulos_method_ky4-100x100.jpg 100w, https:\/\/www.zmsh-semitech.com\/wp-content\/uploads\/2026\/01\/pl203679971-sapphire_crystal_growth_furnace_80_400kg_by_the_kyropoulos_method_ky4.jpg 540w\" sizes=\"(max-width: 300px) 100vw, 300px\" \/>Ugnen har en v\u00e4lbalanserad design med termiskt f\u00e4lt och temperaturreglering med h\u00f6g precision. Temperaturstabiliteten inom tillv\u00e4xtzonen bidrar till att undertrycka termisk stress, minimera risken f\u00f6r sprickbildning och f\u00f6rb\u00e4ttra kristallutbytet.<\/p>\n<h3 data-start=\"2274\" data-end=\"2312\">Tillv\u00e4xtmilj\u00f6 med h\u00f6g renhet<\/h3>\n<p data-start=\"2313\" data-end=\"2505\">Drift under ultrah\u00f6gt vakuum (\u22641\u00d710-\u2076 Pa) och kontrollerad argon-\/v\u00e4tegasatmosf\u00e4r s\u00e4kerst\u00e4ller l\u00e5ga kontamineringsniv\u00e5er och stabila sm\u00e4ltf\u00f6rh\u00e5llanden under l\u00e5nga tillv\u00e4xtcykler.<\/p>\n<h3 data-start=\"2507\" data-end=\"2549\">Ber\u00f6ringsfri kristalltillv\u00e4xtprocess<\/h3>\n<p data-start=\"2550\" data-end=\"2700\">KY-metoden minimerar den mekaniska interaktionen mellan fr\u00f6kristallen och dragsystemet, vilket minskar risken f\u00f6r kontaminering och strukturella defekter.<\/p>\n<h3 data-start=\"2702\" data-end=\"2736\">Skalbar industriell design<\/h3>\n<p data-start=\"2737\" data-end=\"2900\">Systemet st\u00f6der b\u00e5de medel- och storskalig safirkristalltillv\u00e4xt och kan anpassas f\u00f6r olika kristallstorlekar genom modul\u00e4r ugnskonfiguration.<\/p>\n<h2 data-start=\"2907\" data-end=\"2934\">Typiska till\u00e4mpningar<\/h2>\n<ul data-start=\"2936\" data-end=\"3162\">\n<li data-start=\"2936\" data-end=\"2988\">\n<p data-start=\"2938\" data-end=\"2988\">Safirsubstrat f\u00f6r bearbetning av halvledare<\/p>\n<\/li>\n<li data-start=\"2989\" data-end=\"3029\">\n<p data-start=\"2991\" data-end=\"3029\">Optiska f\u00f6nster och laserkomponenter<\/p>\n<\/li>\n<li data-start=\"3030\" data-end=\"3066\">\n<p data-start=\"3032\" data-end=\"3066\">LED- och optoelektroniska material<\/p>\n<\/li>\n<li data-start=\"3067\" data-end=\"3116\">\n<p data-start=\"3069\" data-end=\"3116\">Optiska system f\u00f6r infrar\u00f6d och h\u00f6g temperatur<\/p>\n<\/li>\n<li data-start=\"3117\" data-end=\"3162\">\n<p data-start=\"3119\" data-end=\"3162\">Skyddsf\u00f6nster f\u00f6r tuffa milj\u00f6er<\/p>\n<\/li>\n<\/ul>\n<h2 data-start=\"3169\" data-end=\"3200\">Tekniska specifikationer<\/h2>\n<h3 data-start=\"3202\" data-end=\"3236\">Allm\u00e4nna parametrar f\u00f6r ugnen<\/h3>\n<div class=\"TyagGW_tableContainer\">\n<div class=\"group TyagGW_tableWrapper flex flex-col-reverse w-fit\" tabindex=\"-1\">\n<table class=\"w-fit min-w-(--thread-content-width)\" data-start=\"3238\" data-end=\"3788\">\n<thead data-start=\"3238\" data-end=\"3262\">\n<tr data-start=\"3238\" data-end=\"3262\">\n<th data-start=\"3238\" data-end=\"3245\" data-col-size=\"sm\">F\u00f6rem\u00e5l<\/th>\n<th data-start=\"3245\" data-end=\"3262\" data-col-size=\"sm\">Specifikation<\/th>\n<\/tr>\n<\/thead>\n<tbody data-start=\"3288\" data-end=\"3788\">\n<tr data-start=\"3288\" data-end=\"3323\">\n<td data-start=\"3288\" data-end=\"3304\" data-col-size=\"sm\">Tillv\u00e4xtmetod<\/td>\n<td data-start=\"3304\" data-end=\"3323\" data-col-size=\"sm\">Kyropoulos (KY)<\/td>\n<\/tr>\n<tr data-start=\"3324\" data-end=\"3360\">\n<td data-start=\"3324\" data-end=\"3347\" data-col-size=\"sm\">Viktintervall f\u00f6r kristaller<\/td>\n<td data-start=\"3347\" data-end=\"3360\" data-col-size=\"sm\">80-400 kg<\/td>\n<\/tr>\n<tr data-start=\"3361\" data-end=\"3399\">\n<td data-start=\"3361\" data-end=\"3386\" data-col-size=\"sm\">Intervall f\u00f6r kristalldiameter<\/td>\n<td data-start=\"3386\" data-end=\"3399\" data-col-size=\"sm\">10-500 mm<\/td>\n<\/tr>\n<tr data-start=\"3400\" data-end=\"3439\">\n<td data-start=\"3400\" data-end=\"3426\" data-col-size=\"sm\">Intervall f\u00f6r kristalltjocklek<\/td>\n<td data-start=\"3426\" data-end=\"3439\" data-col-size=\"sm\">50-300 mm<\/td>\n<\/tr>\n<tr data-start=\"3440\" data-end=\"3468\">\n<td data-start=\"3440\" data-end=\"3454\" data-col-size=\"sm\">Tillv\u00e4xttakt<\/td>\n<td data-start=\"3454\" data-end=\"3468\" data-col-size=\"sm\">0,1-5 mm\/h<\/td>\n<\/tr>\n<tr data-start=\"3469\" data-end=\"3512\">\n<td data-start=\"3469\" data-end=\"3497\" data-col-size=\"sm\">Temperaturomr\u00e5de f\u00f6r uppv\u00e4rmning<\/td>\n<td data-start=\"3497\" data-end=\"3512\" data-col-size=\"sm\">2000-2200\u00b0C<\/td>\n<\/tr>\n<tr data-start=\"3513\" data-end=\"3569\">\n<td data-start=\"3513\" data-end=\"3530\" data-col-size=\"sm\">V\u00e4rmesystem<\/td>\n<td data-start=\"3530\" data-end=\"3569\" data-col-size=\"sm\">Motst\u00e5ndsuppv\u00e4rmning vid h\u00f6g temperatur<\/td>\n<\/tr>\n<tr data-start=\"3570\" data-end=\"3605\">\n<td data-start=\"3570\" data-end=\"3586\" data-col-size=\"sm\">Typ av sm\u00e4ltdegel<\/td>\n<td data-start=\"3586\" data-end=\"3605\" data-col-size=\"sm\">Degel av kvarts<\/td>\n<\/tr>\n<tr data-start=\"3606\" data-end=\"3651\">\n<td data-start=\"3606\" data-end=\"3623\" data-col-size=\"sm\">Gasatmosf\u00e4r<\/td>\n<td data-start=\"3623\" data-end=\"3651\" data-col-size=\"sm\">Blandning av argon och v\u00e4te<\/td>\n<\/tr>\n<tr data-start=\"3652\" data-end=\"3683\">\n<td data-start=\"3652\" data-end=\"3667\" data-col-size=\"sm\">Vakuumniv\u00e5<\/td>\n<td data-start=\"3667\" data-end=\"3683\" data-col-size=\"sm\">\u22641 \u00d7 10-\u2076 Pa<\/td>\n<\/tr>\n<tr data-start=\"3684\" data-end=\"3737\">\n<td data-start=\"3684\" data-end=\"3705\" data-col-size=\"sm\">M\u00e5tt p\u00e5 ugnen<\/td>\n<td data-start=\"3705\" data-end=\"3737\" data-col-size=\"sm\">Cirka 1200 \u00d7 800 \u00d7 1500 mm<\/td>\n<\/tr>\n<tr data-start=\"3738\" data-end=\"3788\">\n<td data-start=\"3738\" data-end=\"3753\" data-col-size=\"sm\">Str\u00f6mf\u00f6rs\u00f6rjning<\/td>\n<td data-start=\"3753\" data-end=\"3788\" data-col-size=\"sm\">Industriellt h\u00f6geffekts AC-system<\/td>\n<\/tr>\n<\/tbody>\n<\/table>\n<\/div>\n<\/div>\n<h2 data-start=\"3795\" data-end=\"3842\">Kristallkvalitet och materialprestanda<\/h2>\n<p data-start=\"3844\" data-end=\"3906\">Safirkristallerna som odlats med ZMSH KY-ugnen uppvisar:<\/p>\n<ul data-start=\"3908\" data-end=\"4080\">\n<li data-start=\"3908\" data-end=\"3966\">\n<p data-start=\"3910\" data-end=\"3966\">H\u00f6g optisk transparens \u00f6ver ett brett spektralomr\u00e5de<\/p>\n<\/li>\n<li data-start=\"3967\" data-end=\"4024\">\n<p data-start=\"3969\" data-end=\"4024\">L\u00e5g dislokationst\u00e4thet och enhetlig kristallstruktur<\/p>\n<\/li>\n<li data-start=\"4025\" data-end=\"4080\">\n<p data-start=\"4027\" data-end=\"4080\">Utm\u00e4rkt termisk stabilitet och mekanisk h\u00e5llfasthet<\/p>\n<\/li>\n<\/ul>\n<p data-start=\"4082\" data-end=\"4215\">Dessa egenskaper g\u00f6r kristallerna l\u00e4mpliga f\u00f6r h\u00f6gpresterande optiska och elektroniska applikationer som kr\u00e4ver l\u00e5ngsiktig tillf\u00f6rlitlighet.<\/p>\n<h2 data-start=\"4222\" data-end=\"4251\">Industriell tillf\u00f6rlitlighet<\/h2>\n<p data-start=\"4253\" data-end=\"4502\">Ugnen \u00e4r konstruerad f\u00f6r l\u00e5ngvariga tillv\u00e4xtcykler och kontinuerlig industriell drift. Robust mekanisk struktur, stabila styrsystem och tillf\u00f6rlitlig vakuum- och gashantering s\u00e4kerst\u00e4ller konsekvent prestanda \u00f6ver flera produktionsk\u00f6rningar.<\/p>\n<h2 data-start=\"4509\" data-end=\"4541\">ZMSH Ingenj\u00f6rstj\u00e4nster<\/h2>\n<p data-start=\"4543\" data-end=\"4600\">ZMSH tillhandah\u00e5ller omfattande teknisk support, inklusive:<\/p>\n<ul data-start=\"4602\" data-end=\"4820\">\n<li data-start=\"4602\" data-end=\"4684\">\n<p data-start=\"4604\" data-end=\"4684\">Anpassad ugnskonfiguration baserad p\u00e5 kristallstorlek och produktionskapacitet<\/p>\n<\/li>\n<li data-start=\"4685\" data-end=\"4727\">\n<p data-start=\"4687\" data-end=\"4727\">Installation och drifts\u00e4ttning p\u00e5 plats<\/p>\n<\/li>\n<li data-start=\"4728\" data-end=\"4770\">\n<p data-start=\"4730\" data-end=\"4770\">Utbildning av operat\u00f6rer och processv\u00e4gledning<\/p>\n<\/li>\n<li data-start=\"4771\" data-end=\"4820\">\n<p data-start=\"4773\" data-end=\"4820\">L\u00e5ngsiktigt underh\u00e5ll och service efter f\u00f6rs\u00e4ljning<\/p>\n<\/li>\n<\/ul>\n<p data-start=\"4822\" data-end=\"4963\">V\u00e5rt ingenj\u00f6rsteam arbetar n\u00e4ra kunderna f\u00f6r att optimera safirtillv\u00e4xtprocesserna och s\u00e4kerst\u00e4lla stabila, repeterbara produktionsprestanda.<\/p>\n<h2 data-start=\"4970\" data-end=\"4980\">VANLIGA FR\u00c5GOR<img decoding=\"async\" class=\"size-medium wp-image-1755 alignright\" src=\"https:\/\/www.zmsh-semitech.com\/wp-content\/uploads\/2026\/01\/pl203679970-sapphire_crystal_growth_furnace_80_400kg_by_the_kyropoulos_method_ky-300x300.jpg\" alt=\"\" width=\"300\" height=\"300\" srcset=\"https:\/\/www.zmsh-semitech.com\/wp-content\/uploads\/2026\/01\/pl203679970-sapphire_crystal_growth_furnace_80_400kg_by_the_kyropoulos_method_ky-300x300.jpg 300w, https:\/\/www.zmsh-semitech.com\/wp-content\/uploads\/2026\/01\/pl203679970-sapphire_crystal_growth_furnace_80_400kg_by_the_kyropoulos_method_ky-150x150.jpg 150w, https:\/\/www.zmsh-semitech.com\/wp-content\/uploads\/2026\/01\/pl203679970-sapphire_crystal_growth_furnace_80_400kg_by_the_kyropoulos_method_ky-100x100.jpg 100w, https:\/\/www.zmsh-semitech.com\/wp-content\/uploads\/2026\/01\/pl203679970-sapphire_crystal_growth_furnace_80_400kg_by_the_kyropoulos_method_ky.jpg 540w\" sizes=\"(max-width: 300px) 100vw, 300px\" \/><\/h2>\n<p data-start=\"4982\" data-end=\"5259\">Q1: Vilka f\u00f6rdelar erbjuder KY-metoden j\u00e4mf\u00f6rt med CZ-metoden?<br data-start=\"5059\" data-end=\"5062\" \/>S: KY-metoden ger l\u00e4gre termisk sp\u00e4nning och minskad dislokationst\u00e4thet, vilket g\u00f6r den mer l\u00e4mplig f\u00f6r tillv\u00e4xt av safirkristaller med stor diameter och tjocklek j\u00e4mf\u00f6rt med konventionella CZ-processer.<\/p>\n<p data-start=\"5266\" data-end=\"5487\">F2: Vilka kristallstorlekar kan produceras med denna ugn?<br data-start=\"5327\" data-end=\"5330\" \/>A: Systemet st\u00f6der tillv\u00e4xt av safirkristaller fr\u00e5n 80 kg upp till 400 kg, med diametrar upp till 500 mm och tjocklekar upp till 300 mm, beroende p\u00e5 konfiguration.<\/p>\n<p data-start=\"5494\" data-end=\"5746\">F3: \u00c4r ugnen l\u00e4mplig f\u00f6r safirproduktion i industriell skala?<br data-start=\"5567\" data-end=\"5570\" \/>S: Ja, det \u00e4r den. Ugnen \u00e4r konstruerad f\u00f6r industriell drift med stabil v\u00e4rmekontroll, tillf\u00f6rlitliga vakuum- och gassystem och j\u00e4mn kristallkvalitet under l\u00e5nga tillv\u00e4xtcykler.<\/p>","protected":false},"excerpt":{"rendered":"<p>Tillv\u00e4xtugn f\u00f6r safirkristaller utformad f\u00f6r bouleproduktion med stor diameter och stabil termisk kontroll f\u00f6r optiska och LED-klassade safirkristaller.<\/p>","protected":false},"featured_media":1754,"comment_status":"open","ping_status":"closed","template":"","meta":{"site-sidebar-layout":"default","site-content-layout":"","ast-site-content-layout":"default","site-content-style":"default","site-sidebar-style":"default","ast-global-header-display":"","ast-banner-title-visibility":"","ast-main-header-display":"","ast-hfb-above-header-display":"","ast-hfb-below-header-display":"","ast-hfb-mobile-header-display":"","site-post-title":"","ast-breadcrumbs-content":"","ast-featured-img":"","footer-sml-layout":"","ast-disable-related-posts":"","theme-transparent-header-meta":"default","adv-header-id-meta":"","stick-header-meta":"default","header-above-stick-meta":"","header-main-stick-meta":"","header-below-stick-meta":"","astra-migrate-meta-layouts":"set","ast-page-background-enabled":"default","ast-page-background-meta":{"desktop":{"background-color":"var(--ast-global-color-4)","background-image":"","background-repeat":"repeat","background-position":"center center","background-size":"auto","background-attachment":"scroll","background-type":"","background-media":"","overlay-type":"","overlay-color":"","overlay-opacity":"","overlay-gradient":""},"tablet":{"background-color":"","background-image":"","background-repeat":"repeat","background-position":"center center","background-size":"auto","background-attachment":"scroll","background-type":"","background-media":"","overlay-type":"","overlay-color":"","overlay-opacity":"","overlay-gradient":""},"mobile":{"background-color":"","background-image":"","background-repeat":"repeat","background-position":"center center","background-size":"auto","background-attachment":"scroll","background-type":"","background-media":"","overlay-type":"","overlay-color":"","overlay-opacity":"","overlay-gradient":""}},"ast-content-background-meta":{"desktop":{"background-color":"var(--ast-global-color-5)","background-image":"","background-repeat":"repeat","background-position":"center center","background-size":"auto","background-attachment":"scroll","background-type":"","background-media":"","overlay-type":"","overlay-color":"","overlay-opacity":"","overlay-gradient":""},"tablet":{"background-color":"var(--ast-global-color-5)","background-image":"","background-repeat":"repeat","background-position":"center center","background-size":"auto","background-attachment":"scroll","background-type":"","background-media":"","overlay-type":"","overlay-color":"","overlay-opacity":"","overlay-gradient":""},"mobile":{"background-color":"var(--ast-global-color-5)","background-image":"","background-repeat":"repeat","background-position":"center center","background-size":"auto","background-attachment":"scroll","background-type":"","background-media":"","overlay-type":"","overlay-color":"","overlay-opacity":"","overlay-gradient":""}}},"product_brand":[],"product_cat":[15],"product_tag":[149,150,152,154,153,151],"class_list":{"0":"post-1753","1":"product","2":"type-product","3":"status-publish","4":"has-post-thumbnail","6":"product_cat-crystal-growth-furnace","7":"product_tag-ky-sapphire-growth-furnace","8":"product_tag-kyropoulos-sapphire-furnace","9":"product_tag-large-diameter-sapphire-crystal-furnace","10":"product_tag-optical-grade-sapphire-growth","11":"product_tag-sapphire-boule-growth-furnace","12":"product_tag-sapphire-crystal-growth-equipment","13":"desktop-align-left","14":"tablet-align-left","15":"mobile-align-left","16":"ast-product-gallery-layout-horizontal-slider","17":"ast-product-tabs-layout-horizontal","19":"first","20":"instock","21":"shipping-taxable","22":"product-type-simple"},"_links":{"self":[{"href":"https:\/\/www.zmsh-semitech.com\/sv\/wp-json\/wp\/v2\/product\/1753","targetHints":{"allow":["GET"]}}],"collection":[{"href":"https:\/\/www.zmsh-semitech.com\/sv\/wp-json\/wp\/v2\/product"}],"about":[{"href":"https:\/\/www.zmsh-semitech.com\/sv\/wp-json\/wp\/v2\/types\/product"}],"replies":[{"embeddable":true,"href":"https:\/\/www.zmsh-semitech.com\/sv\/wp-json\/wp\/v2\/comments?post=1753"}],"version-history":[{"count":2,"href":"https:\/\/www.zmsh-semitech.com\/sv\/wp-json\/wp\/v2\/product\/1753\/revisions"}],"predecessor-version":[{"id":1759,"href":"https:\/\/www.zmsh-semitech.com\/sv\/wp-json\/wp\/v2\/product\/1753\/revisions\/1759"}],"wp:featuredmedia":[{"embeddable":true,"href":"https:\/\/www.zmsh-semitech.com\/sv\/wp-json\/wp\/v2\/media\/1754"}],"wp:attachment":[{"href":"https:\/\/www.zmsh-semitech.com\/sv\/wp-json\/wp\/v2\/media?parent=1753"}],"wp:term":[{"taxonomy":"product_brand","embeddable":true,"href":"https:\/\/www.zmsh-semitech.com\/sv\/wp-json\/wp\/v2\/product_brand?post=1753"},{"taxonomy":"product_cat","embeddable":true,"href":"https:\/\/www.zmsh-semitech.com\/sv\/wp-json\/wp\/v2\/product_cat?post=1753"},{"taxonomy":"product_tag","embeddable":true,"href":"https:\/\/www.zmsh-semitech.com\/sv\/wp-json\/wp\/v2\/product_tag?post=1753"}],"curies":[{"name":"wp","href":"https:\/\/api.w.org\/{rel}","templated":true}]}}