{"id":1737,"date":"2026-01-23T01:45:47","date_gmt":"2026-01-23T01:45:47","guid":{"rendered":"https:\/\/www.zmsh-semitech.com\/?post_type=product&#038;p=1737"},"modified":"2026-01-23T01:47:36","modified_gmt":"2026-01-23T01:47:36","slug":"sic-single-crystal-resistance-heating-growth-furnace-for-6-inch-8-inch-and-12-inch-wafer-production-pvt-method","status":"publish","type":"product","link":"https:\/\/www.zmsh-semitech.com\/sv\/product\/sic-single-crystal-resistance-heating-growth-furnace-for-6-inch-8-inch-and-12-inch-wafer-production-pvt-method\/","title":{"rendered":"Tillv\u00e4xtugn f\u00f6r SiC-enkelkristall med motst\u00e5ndsuppv\u00e4rmning f\u00f6r produktion av 6-tums, 8-tums och 12-tums wafers (PVT-metod)"},"content":{"rendered":"<h2 data-start=\"477\" data-end=\"500\">Produkt\u00f6versikt<\/h2>\n<p>&nbsp;<\/p>\n<p data-start=\"502\" data-end=\"769\">ZMSH SiC Single Crystal Resistance Heating Growth Furnace \u00e4r ett kristalltillv\u00e4xtsystem med h\u00f6g temperatur som \u00e4r s\u00e4rskilt konstruerat f\u00f6r produktion av enkristallina kiselkarbidskivor med stor diameter och som st\u00f6der tillverkning av 6-tums, 8-tums och 12-tums SiC-wafers<\/p>\n<p><img fetchpriority=\"high\" decoding=\"async\" class=\"size-medium wp-image-1741 alignright\" src=\"https:\/\/www.zmsh-semitech.com\/wp-content\/uploads\/2026\/01\/pl204262693-sic_single_crystal_resistance_heating_crystal_growth_furnace_for_6inch_8inch_12inch_sic_wafers_manufacture-300x199.webp\" alt=\"\" width=\"300\" height=\"199\" srcset=\"https:\/\/www.zmsh-semitech.com\/wp-content\/uploads\/2026\/01\/pl204262693-sic_single_crystal_resistance_heating_crystal_growth_furnace_for_6inch_8inch_12inch_sic_wafers_manufacture-300x199.webp 300w, https:\/\/www.zmsh-semitech.com\/wp-content\/uploads\/2026\/01\/pl204262693-sic_single_crystal_resistance_heating_crystal_growth_furnace_for_6inch_8inch_12inch_sic_wafers_manufacture.webp 590w\" sizes=\"(max-width: 300px) 100vw, 300px\" \/><\/p>\n<p data-start=\"502\" data-end=\"769\">uring.<\/p>\n<p data-start=\"771\" data-end=\"1198\">Ugnen \u00e4r konstruerad enligt PVT-principen (Physical Vapor Transport) f\u00f6r kristalltillv\u00e4xt och integrerar exakt styrning av motst\u00e5ndsuppv\u00e4rmning, stabil f\u00f6rdelning av termiska f\u00e4lt, hantering av h\u00f6gvakuummilj\u00f6 och noggrann tryckreglering.<br data-start=\"1021\" data-end=\"1024\" \/>Denna konfiguration m\u00f6jligg\u00f6r tillv\u00e4xt av SiC-enkelkristaller med h\u00f6g renhet och l\u00e5g defektt\u00e4thet som l\u00e4mpar sig f\u00f6r avancerade till\u00e4mpningar inom krafthalvledare och elektroniska enheter.<\/p>\n<p data-start=\"1200\" data-end=\"1400\">Systemet \u00e4r utvecklat f\u00f6r att uppfylla industriella produktionskrav och s\u00e4kerst\u00e4lla processtabilitet, repeterbarhet och l\u00e5ngsiktig drifts\u00e4kerhet i storskaliga milj\u00f6er f\u00f6r tillv\u00e4xt av SiC-kristaller.<\/p>\n<p data-start=\"1200\" data-end=\"1400\">\n<h2 data-start=\"1407\" data-end=\"1441\">Tekniska k\u00e4rnkompetenser<\/h2>\n<p>&nbsp;<\/p>\n<h3 data-start=\"1443\" data-end=\"1491\">Motst\u00e5ndsv\u00e4rmesystem med h\u00f6g stabilitet<\/h3>\n<p data-start=\"1492\" data-end=\"1742\">Ugnen har en motst\u00e5ndsuppv\u00e4rmningsstruktur med flera zoner f\u00f6r att uppn\u00e5 en j\u00e4mn axiell och radiell temperaturf\u00f6rdelning. Detta minimerar termiska gradienter, minskar inre sp\u00e4nningar och f\u00f6rb\u00e4ttrar kristallens strukturella integritet under tillv\u00e4xtprocessen.<\/p>\n<h3 data-start=\"1744\" data-end=\"1790\">Precisionsstyrning av v\u00e4rme och tryck<\/h3>\n<ul data-start=\"1791\" data-end=\"1929\">\n<li data-start=\"1791\" data-end=\"1839\">\n<p data-start=\"1793\" data-end=\"1839\">Maximal driftstemperatur upp till 2500\u00b0C<\/p>\n<\/li>\n<li data-start=\"1840\" data-end=\"1880\">\n<p data-start=\"1842\" data-end=\"1880\">Temperaturkontrollens noggrannhet: \u00b11\u00b0C<\/p>\n<\/li>\n<li data-start=\"1881\" data-end=\"1929\">\n<p data-start=\"1883\" data-end=\"1929\">Brett tryckregleringsomr\u00e5de: 1-700 mbar<\/p>\n<\/li>\n<\/ul>\n<p data-start=\"1931\" data-end=\"2090\">Dessa parametrar ger en stabil termodynamisk milj\u00f6 som \u00e4r n\u00f6dv\u00e4ndig f\u00f6r kontrollerad sublimering, \u00e5ngtransport och omkristallisering av kristaller vid SiC-tillv\u00e4xt.<\/p>\n<h3 data-start=\"2092\" data-end=\"2138\">Tillv\u00e4xtkapacitet f\u00f6r kristaller med stor diameter<\/h3>\n<p data-start=\"2139\" data-end=\"2348\">Med en degeldiameter p\u00e5 900 mm st\u00f6der systemet tillv\u00e4xten av n\u00e4sta generations 8-tums och 12-tums SiC-g\u00f6t, vilket g\u00f6r det m\u00f6jligt f\u00f6r tillverkare att skala upp produktionen samtidigt som utbytet och waferkonsistensen f\u00f6rb\u00e4ttras.<\/p>\n<h3 data-start=\"2350\" data-end=\"2388\">Tillv\u00e4xtmilj\u00f6 med h\u00f6gt vakuum<\/h3>\n<p data-start=\"2389\" data-end=\"2551\">Ugnen uppr\u00e4tth\u00e5ller en tillv\u00e4xtkammare med l\u00e5gt l\u00e4ckage och h\u00f6gt vakuum, vilket s\u00e4kerst\u00e4ller minskad kontamineringsrisk, f\u00f6rb\u00e4ttrad kristallrenhet och stabil drift under l\u00e5ng tid.<\/p>\n<h2 data-start=\"2558\" data-end=\"2588\"><\/h2>\n<h2 data-start=\"2558\" data-end=\"2588\">Industriella till\u00e4mpningar<img decoding=\"async\" class=\"size-medium wp-image-1739 alignright\" src=\"https:\/\/www.zmsh-semitech.com\/wp-content\/uploads\/2026\/01\/pl204262670-sic_single_crystal_resistance_heating_crystal_growth_furnace_for_6inch_8inch_12inch_sic_wafers_manufacture-300x300.webp\" alt=\"\" width=\"300\" height=\"300\" srcset=\"https:\/\/www.zmsh-semitech.com\/wp-content\/uploads\/2026\/01\/pl204262670-sic_single_crystal_resistance_heating_crystal_growth_furnace_for_6inch_8inch_12inch_sic_wafers_manufacture-300x300.webp 300w, https:\/\/www.zmsh-semitech.com\/wp-content\/uploads\/2026\/01\/pl204262670-sic_single_crystal_resistance_heating_crystal_growth_furnace_for_6inch_8inch_12inch_sic_wafers_manufacture-150x150.webp 150w, https:\/\/www.zmsh-semitech.com\/wp-content\/uploads\/2026\/01\/pl204262670-sic_single_crystal_resistance_heating_crystal_growth_furnace_for_6inch_8inch_12inch_sic_wafers_manufacture-600x600.webp 600w, https:\/\/www.zmsh-semitech.com\/wp-content\/uploads\/2026\/01\/pl204262670-sic_single_crystal_resistance_heating_crystal_growth_furnace_for_6inch_8inch_12inch_sic_wafers_manufacture-100x100.webp 100w, https:\/\/www.zmsh-semitech.com\/wp-content\/uploads\/2026\/01\/pl204262670-sic_single_crystal_resistance_heating_crystal_growth_furnace_for_6inch_8inch_12inch_sic_wafers_manufacture.webp 607w\" sizes=\"(max-width: 300px) 100vw, 300px\" \/><\/h2>\n<p>&nbsp;<\/p>\n<ul data-start=\"2590\" data-end=\"2828\">\n<li data-start=\"2590\" data-end=\"2624\">\n<p data-start=\"2592\" data-end=\"2624\">Substrat f\u00f6r krafthalvledare<\/p>\n<\/li>\n<li data-start=\"2625\" data-end=\"2659\">\n<p data-start=\"2627\" data-end=\"2659\">Kraftmoduler f\u00f6r elfordon<\/p>\n<\/li>\n<li data-start=\"2660\" data-end=\"2701\">\n<p data-start=\"2662\" data-end=\"2701\">MOSFET- och diodkomponenter f\u00f6r h\u00f6gsp\u00e4nning<\/p>\n<\/li>\n<li data-start=\"2702\" data-end=\"2747\">\n<p data-start=\"2704\" data-end=\"2747\">System f\u00f6r omvandling av f\u00f6rnybar energi<\/p>\n<\/li>\n<li data-start=\"2748\" data-end=\"2795\">\n<p data-start=\"2750\" data-end=\"2795\">H\u00f6gfrekventa och RF-elektroniska komponenter<\/p>\n<\/li>\n<li data-start=\"2796\" data-end=\"2828\">\n<p data-start=\"2798\" data-end=\"2828\">Industriell kraftelektronik<\/p>\n<\/li>\n<\/ul>\n<p>&nbsp;<\/p>\n<h2 data-start=\"2835\" data-end=\"2866\">Tekniska specifikationer<\/h2>\n<p>&nbsp;<\/p>\n<div class=\"TyagGW_tableContainer\">\n<div class=\"group TyagGW_tableWrapper flex flex-col-reverse w-fit\" tabindex=\"-1\">\n<table class=\"w-fit min-w-(--thread-content-width)\" data-start=\"2868\" data-end=\"3773\">\n<thead data-start=\"2868\" data-end=\"2901\">\n<tr data-start=\"2868\" data-end=\"2901\">\n<th data-start=\"2868\" data-end=\"2874\" data-col-size=\"sm\">Nej, det g\u00f6r jag inte.<\/th>\n<th data-start=\"2874\" data-end=\"2890\" data-col-size=\"sm\">Specifikation<\/th>\n<th data-start=\"2890\" data-end=\"2901\" data-col-size=\"md\">Detaljer<\/th>\n<\/tr>\n<\/thead>\n<tbody data-start=\"2936\" data-end=\"3773\">\n<tr data-start=\"2936\" data-end=\"2961\">\n<td data-start=\"2936\" data-end=\"2940\" data-col-size=\"sm\">1<\/td>\n<td data-start=\"2940\" data-end=\"2948\" data-col-size=\"sm\">Modell<\/td>\n<td data-start=\"2948\" data-end=\"2961\" data-col-size=\"md\">PVT-RS-40<\/td>\n<\/tr>\n<tr data-start=\"2962\" data-end=\"3024\">\n<td data-start=\"2962\" data-end=\"2966\" data-col-size=\"sm\">2<\/td>\n<td data-start=\"2966\" data-end=\"2999\" data-col-size=\"sm\">M\u00e5tt p\u00e5 ugnen (L \u00d7 B \u00d7 H)<\/td>\n<td data-start=\"2999\" data-end=\"3024\" data-col-size=\"md\">2500 \u00d7 2400 \u00d7 3456 mm<\/td>\n<\/tr>\n<tr data-start=\"3025\" data-end=\"3059\">\n<td data-start=\"3025\" data-end=\"3029\" data-col-size=\"sm\">3<\/td>\n<td data-start=\"3029\" data-end=\"3049\" data-col-size=\"sm\">Diameter p\u00e5 sm\u00e4ltdegel<\/td>\n<td data-start=\"3049\" data-end=\"3059\" data-col-size=\"md\">900 mm<\/td>\n<\/tr>\n<tr data-start=\"3060\" data-end=\"3127\">\n<td data-start=\"3060\" data-end=\"3064\" data-col-size=\"sm\">4<\/td>\n<td data-start=\"3064\" data-end=\"3091\" data-col-size=\"sm\">Ultimat vakuumtryck<\/td>\n<td data-start=\"3091\" data-end=\"3127\" data-col-size=\"md\">6 \u00d7 10-\u2074 Pa (efter 1,5 h vakuum)<\/td>\n<\/tr>\n<tr data-start=\"3128\" data-end=\"3174\">\n<td data-start=\"3128\" data-end=\"3132\" data-col-size=\"sm\">5<\/td>\n<td data-start=\"3132\" data-end=\"3147\" data-col-size=\"sm\">L\u00e4ckagehastighet<\/td>\n<td data-start=\"3147\" data-end=\"3174\" data-col-size=\"md\">\u22645 Pa \/ 12 h (utbakning)<\/td>\n<\/tr>\n<tr data-start=\"3175\" data-end=\"3214\">\n<td data-start=\"3175\" data-end=\"3179\" data-col-size=\"sm\">6<\/td>\n<td data-start=\"3179\" data-end=\"3205\" data-col-size=\"sm\">Rotationsaxelns diameter<\/td>\n<td data-start=\"3205\" data-end=\"3214\" data-col-size=\"md\">50 mm<\/td>\n<\/tr>\n<tr data-start=\"3215\" data-end=\"3249\">\n<td data-start=\"3215\" data-end=\"3219\" data-col-size=\"sm\">7<\/td>\n<td data-start=\"3219\" data-end=\"3236\" data-col-size=\"sm\">Rotationshastighet<\/td>\n<td data-start=\"3236\" data-end=\"3249\" data-col-size=\"md\">0,5-5 varv\/min<\/td>\n<\/tr>\n<tr data-start=\"3250\" data-end=\"3302\">\n<td data-start=\"3250\" data-end=\"3254\" data-col-size=\"sm\">8<\/td>\n<td data-start=\"3254\" data-end=\"3271\" data-col-size=\"sm\">Uppv\u00e4rmningsmetod<\/td>\n<td data-start=\"3271\" data-end=\"3302\" data-col-size=\"md\">Elektrisk motst\u00e5ndsv\u00e4rme<\/td>\n<\/tr>\n<tr data-start=\"3303\" data-end=\"3347\">\n<td data-start=\"3303\" data-end=\"3307\" data-col-size=\"sm\">9<\/td>\n<td data-start=\"3307\" data-end=\"3337\" data-col-size=\"sm\">Maximal temperatur i ugnen<\/td>\n<td data-start=\"3337\" data-end=\"3347\" data-col-size=\"md\">2500\u00b0C<\/td>\n<\/tr>\n<tr data-start=\"3348\" data-end=\"3389\">\n<td data-start=\"3348\" data-end=\"3352\" data-col-size=\"sm\">10<\/td>\n<td data-start=\"3352\" data-end=\"3368\" data-col-size=\"sm\">Uppv\u00e4rmningseffekt<\/td>\n<td data-start=\"3368\" data-end=\"3389\" data-col-size=\"md\">40 kW \u00d7 2 + 20 kW<\/td>\n<\/tr>\n<tr data-start=\"3390\" data-end=\"3453\">\n<td data-start=\"3390\" data-end=\"3394\" data-col-size=\"sm\">11<\/td>\n<td data-start=\"3394\" data-end=\"3420\" data-col-size=\"sm\">Temperaturm\u00e4tning<\/td>\n<td data-start=\"3420\" data-end=\"3453\" data-col-size=\"md\">Infrar\u00f6d pyrometer med dubbla f\u00e4rger<\/td>\n<\/tr>\n<tr data-start=\"3454\" data-end=\"3492\">\n<td data-start=\"3454\" data-end=\"3458\" data-col-size=\"sm\">12<\/td>\n<td data-start=\"3458\" data-end=\"3478\" data-col-size=\"sm\">Temperaturomr\u00e5de<\/td>\n<td data-start=\"3478\" data-end=\"3492\" data-col-size=\"md\">900-3000\u00b0C<\/td>\n<\/tr>\n<tr data-start=\"3493\" data-end=\"3528\">\n<td data-start=\"3493\" data-end=\"3497\" data-col-size=\"sm\">13<\/td>\n<td data-start=\"3497\" data-end=\"3520\" data-col-size=\"sm\">Temperatur Noggrannhet<\/td>\n<td data-start=\"3520\" data-end=\"3528\" data-col-size=\"md\">\u00b11\u00b0C<\/td>\n<\/tr>\n<tr data-start=\"3529\" data-end=\"3564\">\n<td data-start=\"3529\" data-end=\"3533\" data-col-size=\"sm\">14<\/td>\n<td data-start=\"3533\" data-end=\"3550\" data-col-size=\"sm\">Tryckomr\u00e5de<\/td>\n<td data-start=\"3550\" data-end=\"3564\" data-col-size=\"md\">1-700 mbar<\/td>\n<\/tr>\n<tr data-start=\"3565\" data-end=\"3617\">\n<td data-start=\"3565\" data-end=\"3569\" data-col-size=\"sm\">15<\/td>\n<td data-start=\"3569\" data-end=\"3597\" data-col-size=\"sm\">Noggrannhet f\u00f6r tryckreglering<\/td>\n<td data-start=\"3597\" data-end=\"3617\" data-col-size=\"md\">\u00b10,5% full skala<\/td>\n<\/tr>\n<tr data-start=\"3618\" data-end=\"3691\">\n<td data-start=\"3618\" data-end=\"3622\" data-col-size=\"sm\">16<\/td>\n<td data-start=\"3622\" data-end=\"3639\" data-col-size=\"sm\">Typ av operation<\/td>\n<td data-start=\"3639\" data-end=\"3691\" data-col-size=\"md\">Bottenmatning, manuella eller automatiska s\u00e4kerhetsl\u00e4gen<\/td>\n<\/tr>\n<tr data-start=\"3692\" data-end=\"3773\">\n<td data-start=\"3692\" data-end=\"3696\" data-col-size=\"sm\">17<\/td>\n<td data-start=\"3696\" data-end=\"3722\" data-col-size=\"sm\">Valfria konfigurationer<\/td>\n<td data-start=\"3722\" data-end=\"3773\" data-col-size=\"md\">Multizonv\u00e4rme, dubbel temperatur\u00f6vervakning<\/td>\n<\/tr>\n<\/tbody>\n<\/table>\n<\/div>\n<\/div>\n<h2 data-start=\"3780\" data-end=\"3813\"><\/h2>\n<h2 data-start=\"3780\" data-end=\"3813\">Prestanda f\u00f6r kristalltillv\u00e4xt<\/h2>\n<p>&nbsp;<\/p>\n<p data-start=\"3815\" data-end=\"3894\">Systemet m\u00f6jligg\u00f6r produktion av h\u00f6gkvalitativa SiC-enkelkristaller med:<\/p>\n<ul data-start=\"3896\" data-end=\"4036\">\n<li data-start=\"3896\" data-end=\"3923\">\n<p data-start=\"3898\" data-end=\"3923\">L\u00e5g dislokationst\u00e4thet<\/p>\n<\/li>\n<li data-start=\"3924\" data-end=\"3954\">\n<p data-start=\"3926\" data-end=\"3954\">H\u00f6g strukturell enhetlighet<\/p>\n<\/li>\n<li data-start=\"3955\" data-end=\"3987\">\n<p data-start=\"3957\" data-end=\"3987\">Stabila elektriska egenskaper<\/p>\n<\/li>\n<li data-start=\"3988\" data-end=\"4036\">\n<p data-start=\"3990\" data-end=\"4036\">Utm\u00e4rkt termisk och mekanisk prestanda<\/p>\n<\/li>\n<\/ul>\n<p data-start=\"4038\" data-end=\"4178\">Dessa egenskaper \u00e4r kritiska f\u00f6r wafers av halvledarkvalitet som anv\u00e4nds vid tillverkning av h\u00f6geffekts-, h\u00f6gsp\u00e4nnings- och h\u00f6gfrekventa enheter.<\/p>\n<p data-start=\"4038\" data-end=\"4178\">\n<h2 data-start=\"4185\" data-end=\"4217\">ZMSH Ingenj\u00f6rstj\u00e4nster<\/h2>\n<p>&nbsp;<\/p>\n<h3 data-start=\"4219\" data-end=\"4254\">Anpassad systemkonfiguration<\/h3>\n<p data-start=\"4255\" data-end=\"4405\">Ugnsstruktur, v\u00e4rmezoner, styrsystem och kammardimensioner kan anpassas efter produktionsskala och krav p\u00e5 waferstorlek.<\/p>\n<h3 data-start=\"4407\" data-end=\"4445\">Installation och idrifttagning<\/h3>\n<p data-start=\"4446\" data-end=\"4564\">Installation, kalibrering och driftverifiering av systemet p\u00e5 plats utf\u00f6rs av professionella ingenj\u00f6rsteam.<\/p>\n<h3 data-start=\"4566\" data-end=\"4592\">Teknisk utbildning<\/h3>\n<p data-start=\"4593\" data-end=\"4699\">Utbildningsprogrammen f\u00f6r operat\u00f6rer omfattar drift av utrustning, processtyrning, underh\u00e5ll och fels\u00f6kning.<\/p>\n<h3 data-start=\"4701\" data-end=\"4726\">L\u00e5ngsiktigt st\u00f6d<\/h3>\n<p data-start=\"4727\" data-end=\"4835\">Teknisk support under hela livscykeln, underh\u00e5llstj\u00e4nster och reservdelsf\u00f6rs\u00f6rjning s\u00e4kerst\u00e4ller en stabil och l\u00e5ngsiktig drift.<\/p>\n<h2 data-start=\"4842\" data-end=\"4852\"><\/h2>\n<h2 data-start=\"4842\" data-end=\"4852\">VANLIGA FR\u00c5GOR<\/h2>\n<p>&nbsp;<\/p>\n<p data-start=\"4854\" data-end=\"5148\">F1: Vilken kristalltillv\u00e4xtmetod anv\u00e4nds i denna ugn?<br data-start=\"4911\" data-end=\"4914\" \/>A: Ugnen drivs enligt PVT-metoden (Physical Vapor Transport), som m\u00f6jligg\u00f6r kontrollerad sublimering och omkristallisering av kiselkarbid vid h\u00f6ga temperaturer, vilket g\u00f6r den l\u00e4mplig f\u00f6r h\u00f6gkvalitativ enkristalltillv\u00e4xt.<\/p>\n<p data-start=\"5150\" data-end=\"5371\">F2: Vilka waferstorlekar kan ugnen st\u00f6dja?<br data-start=\"5199\" data-end=\"5202\" \/>A: Systemet \u00e4r konstruerat f\u00f6r 6-tums, 8-tums och 12-tums enkristalltillv\u00e4xt av kiselkarbid och st\u00f6der nuvarande och n\u00e4sta generations krav f\u00f6r tillverkning av wafers.<\/p>\n<p data-start=\"5373\" data-end=\"5637\">Q3: \u00c4r ugnen l\u00e4mplig f\u00f6r produktion i industriell skala?<br data-start=\"5437\" data-end=\"5440\" \/>A: Ja, det st\u00e4mmer. Systemet \u00e4r konstruerat f\u00f6r kontinuerlig industriell drift och erbjuder h\u00f6g termisk stabilitet, processrepeterbarhet och l\u00e5ngsiktig tillf\u00f6rlitlighet f\u00f6r storskaliga produktionslinjer f\u00f6r SiC-kristaller.<\/p>","protected":false},"excerpt":{"rendered":"<p>Tillv\u00e4xtugn med h\u00f6g temperatur f\u00f6r SiC-enkelkristallmotst\u00e5ndsuppv\u00e4rmning f\u00f6r 6-tums, 8-tums och 12-tums wafertillverkning. Utformad f\u00f6r stabil PVT-kristalltillv\u00e4xt och industriell produktion.<\/p>","protected":false},"featured_media":1738,"comment_status":"open","ping_status":"closed","template":"","meta":{"site-sidebar-layout":"default","site-content-layout":"","ast-site-content-layout":"default","site-content-style":"default","site-sidebar-style":"default","ast-global-header-display":"","ast-banner-title-visibility":"","ast-main-header-display":"","ast-hfb-above-header-display":"","ast-hfb-below-header-display":"","ast-hfb-mobile-header-display":"","site-post-title":"","ast-breadcrumbs-content":"","ast-featured-img":"","footer-sml-layout":"","ast-disable-related-posts":"","theme-transparent-header-meta":"default","adv-header-id-meta":"","stick-header-meta":"default","header-above-stick-meta":"","header-main-stick-meta":"","header-below-stick-meta":"","astra-migrate-meta-layouts":"set","ast-page-background-enabled":"default","ast-page-background-meta":{"desktop":{"background-color":"var(--ast-global-color-4)","background-image":"","background-repeat":"repeat","background-position":"center center","background-size":"auto","background-attachment":"scroll","background-type":"","background-media":"","overlay-type":"","overlay-color":"","overlay-opacity":"","overlay-gradient":""},"tablet":{"background-color":"","background-image":"","background-repeat":"repeat","background-position":"center center","background-size":"auto","background-attachment":"scroll","background-type":"","background-media":"","overlay-type":"","overlay-color":"","overlay-opacity":"","overlay-gradient":""},"mobile":{"background-color":"","background-image":"","background-repeat":"repeat","background-position":"center center","background-size":"auto","background-attachment":"scroll","background-type":"","background-media":"","overlay-type":"","overlay-color":"","overlay-opacity":"","overlay-gradient":""}},"ast-content-background-meta":{"desktop":{"background-color":"var(--ast-global-color-5)","background-image":"","background-repeat":"repeat","background-position":"center center","background-size":"auto","background-attachment":"scroll","background-type":"","background-media":"","overlay-type":"","overlay-color":"","overlay-opacity":"","overlay-gradient":""},"tablet":{"background-color":"var(--ast-global-color-5)","background-image":"","background-repeat":"repeat","background-position":"center center","background-size":"auto","background-attachment":"scroll","background-type":"","background-media":"","overlay-type":"","overlay-color":"","overlay-opacity":"","overlay-gradient":""},"mobile":{"background-color":"var(--ast-global-color-5)","background-image":"","background-repeat":"repeat","background-position":"center center","background-size":"auto","background-attachment":"scroll","background-type":"","background-media":"","overlay-type":"","overlay-color":"","overlay-opacity":"","overlay-gradient":""}}},"product_brand":[],"product_cat":[15],"product_tag":[141,142,143,139,137,140,138],"class_list":{"0":"post-1737","1":"product","2":"type-product","3":"status-publish","4":"has-post-thumbnail","6":"product_cat-crystal-growth-furnace","7":"product_tag-12-inch-sic-growth-furnace","8":"product_tag-8-inch-sic-crystal-furnace","9":"product_tag-resistance-heating-crystal-growth-furnace","10":"product_tag-sic-pvt-growth-furnace","11":"product_tag-sic-single-crystal-growth-furnace","12":"product_tag-sic-wafer-manufacturing-equipment","13":"product_tag-silicon-carbide-crystal-growth-furnace","14":"desktop-align-left","15":"tablet-align-left","16":"mobile-align-left","17":"ast-product-gallery-layout-horizontal-slider","18":"ast-product-tabs-layout-horizontal","20":"first","21":"instock","22":"shipping-taxable","23":"product-type-simple"},"_links":{"self":[{"href":"https:\/\/www.zmsh-semitech.com\/sv\/wp-json\/wp\/v2\/product\/1737","targetHints":{"allow":["GET"]}}],"collection":[{"href":"https:\/\/www.zmsh-semitech.com\/sv\/wp-json\/wp\/v2\/product"}],"about":[{"href":"https:\/\/www.zmsh-semitech.com\/sv\/wp-json\/wp\/v2\/types\/product"}],"replies":[{"embeddable":true,"href":"https:\/\/www.zmsh-semitech.com\/sv\/wp-json\/wp\/v2\/comments?post=1737"}],"version-history":[{"count":3,"href":"https:\/\/www.zmsh-semitech.com\/sv\/wp-json\/wp\/v2\/product\/1737\/revisions"}],"predecessor-version":[{"id":1744,"href":"https:\/\/www.zmsh-semitech.com\/sv\/wp-json\/wp\/v2\/product\/1737\/revisions\/1744"}],"wp:featuredmedia":[{"embeddable":true,"href":"https:\/\/www.zmsh-semitech.com\/sv\/wp-json\/wp\/v2\/media\/1738"}],"wp:attachment":[{"href":"https:\/\/www.zmsh-semitech.com\/sv\/wp-json\/wp\/v2\/media?parent=1737"}],"wp:term":[{"taxonomy":"product_brand","embeddable":true,"href":"https:\/\/www.zmsh-semitech.com\/sv\/wp-json\/wp\/v2\/product_brand?post=1737"},{"taxonomy":"product_cat","embeddable":true,"href":"https:\/\/www.zmsh-semitech.com\/sv\/wp-json\/wp\/v2\/product_cat?post=1737"},{"taxonomy":"product_tag","embeddable":true,"href":"https:\/\/www.zmsh-semitech.com\/sv\/wp-json\/wp\/v2\/product_tag?post=1737"}],"curies":[{"name":"wp","href":"https:\/\/api.w.org\/{rel}","templated":true}]}}