{"id":1534,"date":"2025-12-26T05:59:04","date_gmt":"2025-12-26T05:59:04","guid":{"rendered":"https:\/\/www.zmsh-semitech.com\/?post_type=product&#038;p=1534"},"modified":"2025-12-26T06:11:05","modified_gmt":"2025-12-26T06:11:05","slug":"compact-high-precision-laser-micro-drilling-machine-for-ultra-fine-holes-and-multi-material-compatibility","status":"publish","type":"product","link":"https:\/\/www.zmsh-semitech.com\/sv\/product\/compact-high-precision-laser-micro-drilling-machine-for-ultra-fine-holes-and-multi-material-compatibility\/","title":{"rendered":"Kompakt mikroborrmaskin med laser och h\u00f6g precision f\u00f6r ultrafina h\u00e5l och kompatibilitet med flera material"},"content":{"rendered":"<p data-start=\"257\" data-end=\"610\">Den kompakta h\u00f6gprecisionsmikroborrmaskinen med laser \u00e4r konstruerad f\u00f6r milj\u00f6er med begr\u00e4nsat utrymme och ger exceptionell precision och anv\u00e4ndarv\u00e4nlig drift. Detta kompakta system \u00e4r idealiskt f\u00f6r ultrafin h\u00e5lborrning ned till 0,005 mm och ger tillf\u00f6rlitlig prestanda med minimal termisk p\u00e5verkan, vilket resulterar i rena h\u00e5lkanter och minskad oxidation.<\/p>\n<p data-start=\"612\" data-end=\"862\">Den h\u00e4r m\u00e5ngsidiga maskinen har st\u00f6d f\u00f6r utbytbara laserk\u00e4llor f\u00f6r olika material, vilket f\u00f6rb\u00e4ttrar kompatibiliteten och effektiviteten. Det intuitiva programvarugr\u00e4nssnittet g\u00f6r driften enkel f\u00f6r b\u00e5de erfarna operat\u00f6rer och nyb\u00f6rjare.<\/p>\n<p data-start=\"612\" data-end=\"862\"><img fetchpriority=\"high\" decoding=\"async\" class=\"wp-image-1536 aligncenter\" src=\"https:\/\/www.zmsh-semitech.com\/wp-content\/uploads\/2025\/12\/22.png\" alt=\"\" width=\"400\" height=\"581\" \/><\/p>\n<h3 data-start=\"869\" data-end=\"892\"><strong data-start=\"873\" data-end=\"890\">Viktiga egenskaper:<\/strong><\/h3>\n<ul data-start=\"893\" data-end=\"1260\">\n<li data-start=\"893\" data-end=\"974\">\n<p data-start=\"895\" data-end=\"974\"><strong data-start=\"895\" data-end=\"914\">Kompakt design:<\/strong> Perfekt f\u00f6r sm\u00e5 utrymmen utan att kompromissa med prestandan<\/p>\n<\/li>\n<li data-start=\"975\" data-end=\"1033\">\n<p data-start=\"977\" data-end=\"1033\"><strong data-start=\"977\" data-end=\"996\">H\u00f6g precision:<\/strong> Uppn\u00e5r h\u00e5l s\u00e5 sm\u00e5 som 0,005 mm<\/p>\n<\/li>\n<li data-start=\"1034\" data-end=\"1099\">\n<p data-start=\"1036\" data-end=\"1099\"><strong data-start=\"1036\" data-end=\"1052\">Anv\u00e4ndarv\u00e4nlighet:<\/strong> Anv\u00e4ndarv\u00e4nligt gr\u00e4nssnitt f\u00f6r enkel drift<\/p>\n<\/li>\n<li data-start=\"1100\" data-end=\"1189\">\n<p data-start=\"1102\" data-end=\"1189\"><strong data-start=\"1102\" data-end=\"1135\">Kompatibilitet med flera material:<\/strong> Utbytbara laserk\u00e4llor f\u00f6r olika material<\/p>\n<\/li>\n<li data-start=\"1190\" data-end=\"1260\">\n<p data-start=\"1192\" data-end=\"1260\"><strong data-start=\"1192\" data-end=\"1219\">Minimal termisk p\u00e5verkan:<\/strong> Minskad oxidation runt borrade h\u00e5l<\/p>\n<\/li>\n<\/ul>\n<h3 data-start=\"1267\" data-end=\"1298\"><strong data-start=\"1271\" data-end=\"1296\">Till\u00e4mpliga material:<\/strong><\/h3>\n<p data-start=\"1299\" data-end=\"1351\">L\u00e4mplig f\u00f6r ett stort antal olika material, t.ex:<\/p>\n<ul data-start=\"1352\" data-end=\"1487\">\n<li data-start=\"1352\" data-end=\"1412\">\n<p data-start=\"1354\" data-end=\"1412\">Metaller, t.ex. rostfritt st\u00e5l, kolst\u00e5l och legeringar<\/p>\n<\/li>\n<li data-start=\"1413\" data-end=\"1450\">\n<p data-start=\"1415\" data-end=\"1450\">Keramik och ultrah\u00e5rda material<\/p>\n<\/li>\n<li data-start=\"1451\" data-end=\"1487\">\n<p data-start=\"1453\" data-end=\"1487\">\u00c4delstenar s\u00e5som safir<\/p>\n<\/li>\n<\/ul>\n<h3 data-start=\"1494\" data-end=\"1525\"><strong data-start=\"1498\" data-end=\"1523\">Exempel p\u00e5 till\u00e4mpningar:<\/strong><\/h3>\n<ol data-start=\"1527\" data-end=\"2374\">\n<li data-start=\"1527\" data-end=\"1679\">\n<p data-start=\"1530\" data-end=\"1679\"><strong data-start=\"1530\" data-end=\"1563\">T301 Borrning i rostfritt st\u00e5l<\/strong><br data-start=\"1563\" data-end=\"1566\" \/>Precisionsborrade mikroh\u00e5l i komponenter av rostfritt st\u00e5l T301 f\u00f6r industriella och mekaniska till\u00e4mpningar.<\/p>\n<\/li>\n<li data-start=\"1681\" data-end=\"1817\">\n<p data-start=\"1684\" data-end=\"1817\"><strong data-start=\"1684\" data-end=\"1711\">Borrning av safirpl\u00e5t<\/strong><br data-start=\"1711\" data-end=\"1714\" \/>Ultrafin borrning p\u00e5 safirskivor, l\u00e4mplig f\u00f6r anv\u00e4ndning inom optik, elektronik och halvledare.<\/p>\n<\/li>\n<li data-start=\"1819\" data-end=\"1956\">\n<p data-start=\"1822\" data-end=\"1956\"><strong data-start=\"1822\" data-end=\"1852\">Dispensering Munstycke Borrning<\/strong><br data-start=\"1852\" data-end=\"1855\" \/>Mikroh\u00e5l med h\u00f6g precision f\u00f6r munstycken f\u00f6r lim- eller v\u00e4tskeutmatning, vilket s\u00e4kerst\u00e4ller noggrann fl\u00f6deskontroll.<\/p>\n<\/li>\n<li data-start=\"1958\" data-end=\"2092\">\n<p data-start=\"1961\" data-end=\"2092\"><strong data-start=\"1961\" data-end=\"1993\">Borrning av blindh\u00e5l i safir<\/strong><br data-start=\"1993\" data-end=\"1996\" \/>Blindh\u00e5lsborrning p\u00e5 safir, perfekt f\u00f6r precisionsdetaljer d\u00e4r djupkontrollen \u00e4r avg\u00f6rande.<\/p>\n<\/li>\n<li data-start=\"2094\" data-end=\"2247\">\n<p data-start=\"2097\" data-end=\"2247\"><strong data-start=\"2097\" data-end=\"2139\">T-formad h\u00e5lborrning i rostfritt st\u00e5l<\/strong><br data-start=\"2139\" data-end=\"2142\" \/>Specialiserad T-formad h\u00e5lborrning i rostfritt st\u00e5l f\u00f6r mekanisk montering och kundanpassade komponenter.<\/p>\n<\/li>\n<li data-start=\"2249\" data-end=\"2374\">\n<p data-start=\"2252\" data-end=\"2374\"><strong data-start=\"2252\" data-end=\"2276\">Sk\u00e4rning av kopparpl\u00e5t<\/strong><br data-start=\"2276\" data-end=\"2279\" \/>Precisionssk\u00e4rning av kopparpl\u00e5t f\u00f6r elektronik-, m\u00f6nsterkorts- och mikrokomponenttill\u00e4mpningar.<\/p>\n<\/li>\n<\/ol>\n<p><img decoding=\"async\" class=\"wp-image-1538 size-full aligncenter\" src=\"https:\/\/www.zmsh-semitech.com\/wp-content\/uploads\/2025\/12\/drilling-case3.png\" alt=\"\" width=\"800\" height=\"600\" srcset=\"https:\/\/www.zmsh-semitech.com\/wp-content\/uploads\/2025\/12\/drilling-case3.png 800w, https:\/\/www.zmsh-semitech.com\/wp-content\/uploads\/2025\/12\/drilling-case3-300x225.png 300w, https:\/\/www.zmsh-semitech.com\/wp-content\/uploads\/2025\/12\/drilling-case3-768x576.png 768w, https:\/\/www.zmsh-semitech.com\/wp-content\/uploads\/2025\/12\/drilling-case3-600x450.png 600w\" sizes=\"(max-width: 800px) 100vw, 800px\" \/><\/p>","protected":false},"excerpt":{"rendered":"<p>Den kompakta h\u00f6gprecisionsmikroborrmaskinen med laser \u00e4r konstruerad f\u00f6r milj\u00f6er med begr\u00e4nsat utrymme och ger exceptionell precision och anv\u00e4ndarv\u00e4nlig drift. Detta kompakta system \u00e4r idealiskt f\u00f6r ultrafin h\u00e5lborrning ned till 0,005 mm och ger tillf\u00f6rlitlig prestanda med minimal termisk p\u00e5verkan, vilket resulterar i rena h\u00e5lkanter och minskad oxidation.<\/p>","protected":false},"featured_media":1535,"comment_status":"open","ping_status":"closed","template":"","meta":{"site-sidebar-layout":"default","site-content-layout":"","ast-site-content-layout":"default","site-content-style":"default","site-sidebar-style":"default","ast-global-header-display":"","ast-banner-title-visibility":"","ast-main-header-display":"","ast-hfb-above-header-display":"","ast-hfb-below-header-display":"","ast-hfb-mobile-header-display":"","site-post-title":"","ast-breadcrumbs-content":"","ast-featured-img":"","footer-sml-layout":"","ast-disable-related-posts":"","theme-transparent-header-meta":"default","adv-header-id-meta":"","stick-header-meta":"default","header-above-stick-meta":"","header-main-stick-meta":"","header-below-stick-meta":"","astra-migrate-meta-layouts":"set","ast-page-background-enabled":"default","ast-page-background-meta":{"desktop":{"background-color":"var(--ast-global-color-4)","background-image":"","background-repeat":"repeat","background-position":"center center","background-size":"auto","background-attachment":"scroll","background-type":"","background-media":"","overlay-type":"","overlay-color":"","overlay-opacity":"","overlay-gradient":""},"tablet":{"background-color":"","background-image":"","background-repeat":"repeat","background-position":"center center","background-size":"auto","background-attachment":"scroll","background-type":"","background-media":"","overlay-type":"","overlay-color":"","overlay-opacity":"","overlay-gradient":""},"mobile":{"background-color":"","background-image":"","background-repeat":"repeat","background-position":"center center","background-size":"auto","background-attachment":"scroll","background-type":"","background-media":"","overlay-type":"","overlay-color":"","overlay-opacity":"","overlay-gradient":""}},"ast-content-background-meta":{"desktop":{"background-color":"var(--ast-global-color-5)","background-image":"","background-repeat":"repeat","background-position":"center center","background-size":"auto","background-attachment":"scroll","background-type":"","background-media":"","overlay-type":"","overlay-color":"","overlay-opacity":"","overlay-gradient":""},"tablet":{"background-color":"var(--ast-global-color-5)","background-image":"","background-repeat":"repeat","background-position":"center center","background-size":"auto","background-attachment":"scroll","background-type":"","background-media":"","overlay-type":"","overlay-color":"","overlay-opacity":"","overlay-gradient":""},"mobile":{"background-color":"var(--ast-global-color-5)","background-image":"","background-repeat":"repeat","background-position":"center center","background-size":"auto","background-attachment":"scroll","background-type":"","background-media":"","overlay-type":"","overlay-color":"","overlay-opacity":"","overlay-gradient":""}}},"product_brand":[],"product_cat":[20],"product_tag":[53,54,49,48,55,46,47,56],"class_list":{"0":"post-1534","1":"product","2":"type-product","3":"status-publish","4":"has-post-thumbnail","6":"product_cat-laser-drilling-machine","7":"product_tag-compact-design","8":"product_tag-high-precision","9":"product_tag-laser-cutting","10":"product_tag-laser-micro-drilling","11":"product_tag-multi-material-compatibility","12":"product_tag-picosecond-laser","13":"product_tag-precision-laser-drilling","14":"product_tag-sapphire-drilling","15":"desktop-align-left","16":"tablet-align-left","17":"mobile-align-left","18":"ast-product-gallery-layout-horizontal-slider","19":"ast-product-gallery-with-no-image","20":"ast-product-tabs-layout-horizontal","22":"first","23":"instock","24":"shipping-taxable","25":"product-type-simple"},"_links":{"self":[{"href":"https:\/\/www.zmsh-semitech.com\/sv\/wp-json\/wp\/v2\/product\/1534","targetHints":{"allow":["GET"]}}],"collection":[{"href":"https:\/\/www.zmsh-semitech.com\/sv\/wp-json\/wp\/v2\/product"}],"about":[{"href":"https:\/\/www.zmsh-semitech.com\/sv\/wp-json\/wp\/v2\/types\/product"}],"replies":[{"embeddable":true,"href":"https:\/\/www.zmsh-semitech.com\/sv\/wp-json\/wp\/v2\/comments?post=1534"}],"version-history":[{"count":1,"href":"https:\/\/www.zmsh-semitech.com\/sv\/wp-json\/wp\/v2\/product\/1534\/revisions"}],"predecessor-version":[{"id":1539,"href":"https:\/\/www.zmsh-semitech.com\/sv\/wp-json\/wp\/v2\/product\/1534\/revisions\/1539"}],"wp:featuredmedia":[{"embeddable":true,"href":"https:\/\/www.zmsh-semitech.com\/sv\/wp-json\/wp\/v2\/media\/1535"}],"wp:attachment":[{"href":"https:\/\/www.zmsh-semitech.com\/sv\/wp-json\/wp\/v2\/media?parent=1534"}],"wp:term":[{"taxonomy":"product_brand","embeddable":true,"href":"https:\/\/www.zmsh-semitech.com\/sv\/wp-json\/wp\/v2\/product_brand?post=1534"},{"taxonomy":"product_cat","embeddable":true,"href":"https:\/\/www.zmsh-semitech.com\/sv\/wp-json\/wp\/v2\/product_cat?post=1534"},{"taxonomy":"product_tag","embeddable":true,"href":"https:\/\/www.zmsh-semitech.com\/sv\/wp-json\/wp\/v2\/product_tag?post=1534"}],"curies":[{"name":"wp","href":"https:\/\/api.w.org\/{rel}","templated":true}]}}